{"id":12,"date":"2017-12-05T16:14:39","date_gmt":"2017-12-05T15:14:39","guid":{"rendered":"https:\/\/ils.simonemontanari.com\/de\/learning-holidays\/"},"modified":"2024-09-20T15:28:59","modified_gmt":"2024-09-20T13:28:59","slug":"urlaub","status":"publish","type":"page","link":"https:\/\/ils.simonemontanari.com\/de\/urlaub\/","title":{"rendered":"Sprachreisen in Italien"},"content":{"rendered":"<div class=\"row has-columns three-columns \">\n<div class=\"column\">\n<p>Urlaubszeit, sch\u00f6nste Zeit: Relaxen, Neues erleben und Zeit f\u00fcr sich.<br \/>\nAlltag und Probleme zu Hause lassen, jeden Moment intensiv genie\u00dfen und, warum nicht, <strong>neue Seiten an dir entdecken<\/strong>.<\/p>\n<p>Nur wenn du Italienisch verstehen und sprechen kannst, <strong>verstehst du die aussergew\u00f6hnliche italienische Kultur, die so ganz anders ist<\/strong>. Entdecke mit uns eine der sch\u00f6nsten St\u00e4dte der Welt!<\/p>\n<\/div>\n<div class=\"column\">\n        <div class=\"page-card italienischer-sprachurlaub-in-florenz-italien is-style-default\">\n                            <figure class=\"page-card_image\">\n                    <a href=\"https:\/\/ils.simonemontanari.com\/de\/kurse\/italienischer-sprachurlaub-in-florenz-italien\/\" title=\"Italienischer Sprachurlaub in Florenz, Italien\">\n                        <img loading=\"lazy\" decoding=\"async\" width=\"679\" height=\"480\" src=\"https:\/\/ils.simonemontanari.com\/de\/wp-content\/uploads\/sites\/2\/2023\/07\/italienisch_sprachurlaub_in_florenz.png\" class=\"attachment-full size-full wp-post-image\" alt=\"\" \/>                    <\/a>\n                <\/figure>\n            <h2 class=\"page-card_title\"><a href=\"https:\/\/ils.simonemontanari.com\/de\/kurse\/italienischer-sprachurlaub-in-florenz-italien\/\" title=\"Italienischer Sprachurlaub in Florenz, Italien\">Italienischer Sprachurlaub in Florenz, Italien<\/a><\/h2>            <p class=\"page-card_text\">Italienischunterricht am Morgen und Florenz entdecken am Nachmittag. Nimm dir eine Auszeit um Florenz und mehr zu entdecken!<\/p>\n                        <p class=\"page-card_cta\"><a href=\"https:\/\/ils.simonemontanari.com\/de\/kurse\/italienischer-sprachurlaub-in-florenz-italien\/\">Mehr entdecken<span class=\"icon\"><svg xmlns=\"http:\/\/www.w3.org\/2000\/svg\" aria-hidden=\"true\" focusable=\"false\" role=\"img\" viewBox=\"0 0 448 512\"><path fill=\"currentColor\" d=\"M443.7 266.8l-165.9 176C274.5 446.3 269.1 448 265.5 448c-3.986 0-7.988-1.375-11.16-4.156c-6.773-5.938-7.275-16.06-1.118-22.59L393.9 272H16.59c-9.171 0-16.59-7.155-16.59-15.1S7.421 240 16.59 240h377.3l-140.7-149.3c-6.157-6.531-5.655-16.66 1.118-22.59c6.789-5.906 17.27-5.469 23.45 1.094l165.9 176C449.4 251.3 449.4 260.7 443.7 266.8z\"\/><\/svg><\/span><\/a><\/p>\n                    <\/div>\n        \n<\/div>\n<div class=\"column\">\n        <div class=\"page-card italienisch-kochurlaub is-style-default\">\n                            <figure class=\"page-card_image\">\n                    <a href=\"https:\/\/ils.simonemontanari.com\/de\/kurse\/italienisch-kochurlaub\/\" title=\"Italienisch &amp; Kochurlaub\">\n                        <img loading=\"lazy\" decoding=\"async\" width=\"720\" height=\"480\" src=\"https:\/\/ils.simonemontanari.com\/de\/wp-content\/uploads\/sites\/2\/2023\/07\/italienisches_kochen_in_florenz.png\" class=\"attachment-full size-full wp-post-image\" alt=\"\" srcset=\"https:\/\/ils.simonemontanari.com\/de\/wp-content\/uploads\/sites\/2\/2023\/07\/italienisches_kochen_in_florenz.png 720w, https:\/\/ils.simonemontanari.com\/de\/wp-content\/uploads\/sites\/2\/2023\/07\/italienisches_kochen_in_florenz-376x250.png 376w\" sizes=\"auto, (max-width: 720px) 100vw, 720px\" \/>                    <\/a>\n                <\/figure>\n            <h2 class=\"page-card_title\"><a href=\"https:\/\/ils.simonemontanari.com\/de\/kurse\/italienisch-kochurlaub\/\" title=\"Italienisch &amp; Kochurlaub\">Italienisch &amp; Kochurlaub<\/a><\/h2>            <p class=\"page-card_text\">Tauche ein in die Welt der traditionellen italienischen K\u00fcche und verbessere gleichzeitig deine Sprachkenntnisse.<\/p>\n                        <p class=\"page-card_cta\"><a href=\"https:\/\/ils.simonemontanari.com\/de\/kurse\/italienisch-kochurlaub\/\">Mehr entdecken<span class=\"icon\"><svg xmlns=\"http:\/\/www.w3.org\/2000\/svg\" aria-hidden=\"true\" focusable=\"false\" role=\"img\" viewBox=\"0 0 448 512\"><path fill=\"currentColor\" d=\"M443.7 266.8l-165.9 176C274.5 446.3 269.1 448 265.5 448c-3.986 0-7.988-1.375-11.16-4.156c-6.773-5.938-7.275-16.06-1.118-22.59L393.9 272H16.59c-9.171 0-16.59-7.155-16.59-15.1S7.421 240 16.59 240h377.3l-140.7-149.3c-6.157-6.531-5.655-16.66 1.118-22.59c6.789-5.906 17.27-5.469 23.45 1.094l165.9 176C449.4 251.3 449.4 260.7 443.7 266.8z\"\/><\/svg><\/span><\/a><\/p>\n                    <\/div>\n        \n<\/div>\n<div class=\"column\">\n        <div class=\"page-card italienisch-kunsturlaub is-style-default\">\n                            <figure class=\"page-card_image\">\n                    <a href=\"https:\/\/ils.simonemontanari.com\/de\/kurse\/italienisch-kunsturlaub\/\" title=\"Italienisch &amp; Kunsturlaub\">\n                        <img loading=\"lazy\" decoding=\"async\" width=\"729\" height=\"480\" src=\"https:\/\/ils.simonemontanari.com\/de\/wp-content\/uploads\/sites\/2\/2023\/07\/italienische_malerei_in_florenz.png\" class=\"attachment-full size-full wp-post-image\" alt=\"\" \/>                    <\/a>\n                <\/figure>\n            <h2 class=\"page-card_title\"><a href=\"https:\/\/ils.simonemontanari.com\/de\/kurse\/italienisch-kunsturlaub\/\" title=\"Italienisch &amp; Kunsturlaub\">Italienisch &amp; Kunsturlaub<\/a><\/h2>            <p class=\"page-card_text\">Lerne Italienisch und werde kreativ in Florenz. Eine Stadt die in aller Welt f\u00fcr ihr Kunsterbe ber\u00fchmt ist.<\/p>\n                        <p class=\"page-card_cta\"><a href=\"https:\/\/ils.simonemontanari.com\/de\/kurse\/italienisch-kunsturlaub\/\">Mehr entdecken<span class=\"icon\"><svg xmlns=\"http:\/\/www.w3.org\/2000\/svg\" aria-hidden=\"true\" focusable=\"false\" role=\"img\" viewBox=\"0 0 448 512\"><path fill=\"currentColor\" d=\"M443.7 266.8l-165.9 176C274.5 446.3 269.1 448 265.5 448c-3.986 0-7.988-1.375-11.16-4.156c-6.773-5.938-7.275-16.06-1.118-22.59L393.9 272H16.59c-9.171 0-16.59-7.155-16.59-15.1S7.421 240 16.59 240h377.3l-140.7-149.3c-6.157-6.531-5.655-16.66 1.118-22.59c6.789-5.906 17.27-5.469 23.45 1.094l165.9 176C449.4 251.3 449.4 260.7 443.7 266.8z\"\/><\/svg><\/span><\/a><\/p>\n                    <\/div>\n        \n<\/div>\n<div class=\"column\">\n        <div class=\"page-card schuelersprachreise-fuer-jugendliche-in-florenz is-style-default\">\n                            <figure class=\"page-card_image\">\n                    <a href=\"https:\/\/ils.simonemontanari.com\/de\/kurse\/schuelersprachreise-fuer-jugendliche-in-florenz\/\" title=\"Sch\u00fclersprachreise f\u00fcr Jugendliche in Florenz\">\n                        <img loading=\"lazy\" decoding=\"async\" width=\"2000\" height=\"1414\" src=\"https:\/\/ils.simonemontanari.com\/de\/wp-content\/uploads\/sites\/2\/2023\/08\/Schuelersprachreise-fuer-Jugendliche-in-Florenz.png\" class=\"attachment-full size-full wp-post-image\" alt=\"\" srcset=\"https:\/\/ils.simonemontanari.com\/de\/wp-content\/uploads\/sites\/2\/2023\/08\/Schuelersprachreise-fuer-Jugendliche-in-Florenz.png 2000w, https:\/\/ils.simonemontanari.com\/de\/wp-content\/uploads\/sites\/2\/2023\/08\/Schuelersprachreise-fuer-Jugendliche-in-Florenz-752x532.png 752w, https:\/\/ils.simonemontanari.com\/de\/wp-content\/uploads\/sites\/2\/2023\/08\/Schuelersprachreise-fuer-Jugendliche-in-Florenz-1182x836.png 1182w, https:\/\/ils.simonemontanari.com\/de\/wp-content\/uploads\/sites\/2\/2023\/08\/Schuelersprachreise-fuer-Jugendliche-in-Florenz-768x543.png 768w, https:\/\/ils.simonemontanari.com\/de\/wp-content\/uploads\/sites\/2\/2023\/08\/Schuelersprachreise-fuer-Jugendliche-in-Florenz-1536x1086.png 1536w, https:\/\/ils.simonemontanari.com\/de\/wp-content\/uploads\/sites\/2\/2023\/08\/Schuelersprachreise-fuer-Jugendliche-in-Florenz-1040x735.png 1040w\" sizes=\"auto, (max-width: 2000px) 100vw, 2000px\" \/>                    <\/a>\n                <\/figure>\n            <h2 class=\"page-card_title\"><a href=\"https:\/\/ils.simonemontanari.com\/de\/kurse\/schuelersprachreise-fuer-jugendliche-in-florenz\/\" title=\"Sch\u00fclersprachreise f\u00fcr Jugendliche in Florenz\">Sch\u00fclersprachreise f\u00fcr Jugendliche in Florenz<\/a><\/h2>            <p class=\"page-card_text\">Die erste Auslandserfahrung f\u00fcr ihr Kind! Spa\u00df, Sonne und neue Freunde in einem sicheren Umfeld.<\/p>\n                        <p class=\"page-card_cta\"><a href=\"https:\/\/ils.simonemontanari.com\/de\/kurse\/schuelersprachreise-fuer-jugendliche-in-florenz\/\">Mehr entdecken<span class=\"icon\"><svg xmlns=\"http:\/\/www.w3.org\/2000\/svg\" aria-hidden=\"true\" focusable=\"false\" role=\"img\" viewBox=\"0 0 448 512\"><path fill=\"currentColor\" d=\"M443.7 266.8l-165.9 176C274.5 446.3 269.1 448 265.5 448c-3.986 0-7.988-1.375-11.16-4.156c-6.773-5.938-7.275-16.06-1.118-22.59L393.9 272H16.59c-9.171 0-16.59-7.155-16.59-15.1S7.421 240 16.59 240h377.3l-140.7-149.3c-6.157-6.531-5.655-16.66 1.118-22.59c6.789-5.906 17.27-5.469 23.45 1.094l165.9 176C449.4 251.3 449.4 260.7 443.7 266.8z\"\/><\/svg><\/span><\/a><\/p>\n                    <\/div>\n        \n<\/div>\n<div class=\"column\">\n<\/div>\n<\/div>\n<div class=\"row has-columns three-columns blue home-reviews\">\n<div class=\"column\">\n<div class=\"review-box\"><span class=\"icon\"><svg xmlns=\"http:\/\/www.w3.org\/2000\/svg\" aria-hidden=\"true\" focusable=\"false\" role=\"img\" viewBox=\"0 0 512 512\"><path fill=\"currentColor\" d=\"M448 224h-64v-24c0-30.9 25.1-56 56-56h16c22.1 0 40-17.9 40-40V72c0-22.1-17.9-40-40-40h-16c-92.6 0-168 75.4-168 168v216c0 35.3 28.7 64 64 64h112c35.3 0 64-28.7 64-64V288c0-35.3-28.7-64-64-64zm32 192c0 17.7-14.3 32-32 32H336c-17.7 0-32-14.3-32-32V200c0-75.1 60.9-136 136-136h16c4.4 0 8 3.6 8 8v32c0 4.4-3.6 8-8 8h-16c-48.6 0-88 39.4-88 88v56h96c17.7 0 32 14.3 32 32v128zM176 224h-64v-24c0-30.9 25.1-56 56-56h16c22.1 0 40-17.9 40-40V72c0-22.1-17.9-40-40-40h-16C75.4 32 0 107.4 0 200v216c0 35.3 28.7 64 64 64h112c35.3 0 64-28.7 64-64V288c0-35.3-28.7-64-64-64zm32 192c0 17.7-14.3 32-32 32H64c-17.7 0-32-14.3-32-32V200c0-75.1 60.9-136 136-136h16c4.4 0 8 3.6 8 8v32c0 4.4-3.6 8-8 8h-16c-48.6 0-88 39.4-88 88v56h96c17.7 0 32 14.3 32 32v128z\"\/><\/svg><\/span><span class=\"review-text\">Ich kann gar nicht genug Worte daf\u00fcr finden, um meine Dankbarkeit f\u00fcr die Aufnahme jedes Sch\u00fclers auszudr\u00fccken und die menschliche W\u00e4rme und die Professionalit\u00e4t der dort arbeitenden Lehrer zu w\u00fcrdigen. <\/span><span class=\"review-author\">\u2014 Maria C., Spanien<\/span><\/div>\n<\/div>\n<div class=\"column\">\n<div class=\"review-box\"><span class=\"icon\"><svg xmlns=\"http:\/\/www.w3.org\/2000\/svg\" aria-hidden=\"true\" focusable=\"false\" role=\"img\" viewBox=\"0 0 512 512\"><path fill=\"currentColor\" d=\"M448 224h-64v-24c0-30.9 25.1-56 56-56h16c22.1 0 40-17.9 40-40V72c0-22.1-17.9-40-40-40h-16c-92.6 0-168 75.4-168 168v216c0 35.3 28.7 64 64 64h112c35.3 0 64-28.7 64-64V288c0-35.3-28.7-64-64-64zm32 192c0 17.7-14.3 32-32 32H336c-17.7 0-32-14.3-32-32V200c0-75.1 60.9-136 136-136h16c4.4 0 8 3.6 8 8v32c0 4.4-3.6 8-8 8h-16c-48.6 0-88 39.4-88 88v56h96c17.7 0 32 14.3 32 32v128zM176 224h-64v-24c0-30.9 25.1-56 56-56h16c22.1 0 40-17.9 40-40V72c0-22.1-17.9-40-40-40h-16C75.4 32 0 107.4 0 200v216c0 35.3 28.7 64 64 64h112c35.3 0 64-28.7 64-64V288c0-35.3-28.7-64-64-64zm32 192c0 17.7-14.3 32-32 32H64c-17.7 0-32-14.3-32-32V200c0-75.1 60.9-136 136-136h16c4.4 0 8 3.6 8 8v32c0 4.4-3.6 8-8 8h-16c-48.6 0-88 39.4-88 88v56h96c17.7 0 32 14.3 32 32v128z\"\/><\/svg><\/span><span class=\"review-text\">Ich habe 11 Wochen lang Italienisch bei Europass gelernt und kann es nur w\u00e4rmstens empfehlen. Als ich in Florenz ankam, konnte ich nur sehr wenig Italienisch, aber ich erreichte ein gutes Niveau. Der Unterricht hat immer Spa\u00df gemacht und war ansprechend. <\/span><span class=\"review-author\">\u2014 Joe, England<\/span><\/div>\n<\/div>\n<div class=\"column\">\n<div class=\"review-box\"><span class=\"icon\"><svg xmlns=\"http:\/\/www.w3.org\/2000\/svg\" aria-hidden=\"true\" focusable=\"false\" role=\"img\" viewBox=\"0 0 512 512\"><path fill=\"currentColor\" d=\"M448 224h-64v-24c0-30.9 25.1-56 56-56h16c22.1 0 40-17.9 40-40V72c0-22.1-17.9-40-40-40h-16c-92.6 0-168 75.4-168 168v216c0 35.3 28.7 64 64 64h112c35.3 0 64-28.7 64-64V288c0-35.3-28.7-64-64-64zm32 192c0 17.7-14.3 32-32 32H336c-17.7 0-32-14.3-32-32V200c0-75.1 60.9-136 136-136h16c4.4 0 8 3.6 8 8v32c0 4.4-3.6 8-8 8h-16c-48.6 0-88 39.4-88 88v56h96c17.7 0 32 14.3 32 32v128zM176 224h-64v-24c0-30.9 25.1-56 56-56h16c22.1 0 40-17.9 40-40V72c0-22.1-17.9-40-40-40h-16C75.4 32 0 107.4 0 200v216c0 35.3 28.7 64 64 64h112c35.3 0 64-28.7 64-64V288c0-35.3-28.7-64-64-64zm32 192c0 17.7-14.3 32-32 32H64c-17.7 0-32-14.3-32-32V200c0-75.1 60.9-136 136-136h16c4.4 0 8 3.6 8 8v32c0 4.4-3.6 8-8 8h-16c-48.6 0-88 39.4-88 88v56h96c17.7 0 32 14.3 32 32v128z\"\/><\/svg><\/span><span class=\"review-text\">Ich hatte vorher nie Italienisch gelernt, aber nach einem Monat kann ich viele Dinge in t\u00e4glichen Gespr\u00e4chen auf Italienisch verstehen. Unser Professor unterrichtet und spricht mit uns nur Italienisch, was den Studenten hilft, sich an die Sprache zu gew\u00f6hnen.<\/span><span class=\"review-author\">\u2014 Amino, Japan<\/span><\/div>\n<\/div>\n<\/div>\n","protected":false},"excerpt":{"rendered":"","protected":false},"author":1788,"featured_media":7503,"parent":0,"menu_order":30,"comment_status":"closed","ping_status":"closed","template":"full-width.php","meta":{"_acf_changed":false,"footnotes":""},"class_list":["post-12","page","type-page","status-publish","has-post-thumbnail","hentry"],"acf":[],"_links":{"self":[{"href":"https:\/\/ils.simonemontanari.com\/de\/wp-json\/wp\/v2\/pages\/12","targetHints":{"allow":["GET"]}}],"collection":[{"href":"https:\/\/ils.simonemontanari.com\/de\/wp-json\/wp\/v2\/pages"}],"about":[{"href":"https:\/\/ils.simonemontanari.com\/de\/wp-json\/wp\/v2\/types\/page"}],"author":[{"embeddable":true,"href":"https:\/\/ils.simonemontanari.com\/de\/wp-json\/wp\/v2\/users\/1788"}],"replies":[{"embeddable":true,"href":"https:\/\/ils.simonemontanari.com\/de\/wp-json\/wp\/v2\/comments?post=12"}],"version-history":[{"count":0,"href":"https:\/\/ils.simonemontanari.com\/de\/wp-json\/wp\/v2\/pages\/12\/revisions"}],"wp:featuredmedia":[{"embeddable":true,"href":"https:\/\/ils.simonemontanari.com\/de\/wp-json\/wp\/v2\/media\/7503"}],"wp:attachment":[{"href":"https:\/\/ils.simonemontanari.com\/de\/wp-json\/wp\/v2\/media?parent=12"}],"curies":[{"name":"wp","href":"https:\/\/api.w.org\/{rel}","templated":true}]}}