{"id":1245,"date":"2018-10-05T11:27:23","date_gmt":"2018-10-05T10:27:23","guid":{"rendered":"https:\/\/ils.simonemontanari.com\/de\/?page_id=1245"},"modified":"2024-10-18T10:00:14","modified_gmt":"2024-10-18T08:00:14","slug":"sprachzertifikate","status":"publish","type":"page","link":"https:\/\/ils.simonemontanari.com\/de\/italienisch-lernen\/sprachzertifikate\/","title":{"rendered":"Zertifizierungen der Italienischen Sprache"},"content":{"rendered":"<p>Prozentsatz der italienischen Sprachsch\u00fcler pro Zertifikat:<\/p>\n<table>\n<tbody>\n<tr>\n<td style=\"text-align: left;\"><\/td>\n<td style=\"text-align: left;\"><strong>2019<\/strong><\/td>\n<td style=\"text-align: left;\"><strong>2021<\/strong><\/td>\n<td style=\"text-align: left;\"><strong>2022<\/strong><\/td>\n<td style=\"text-align: left;\"><strong>2023<\/strong><\/td>\n<\/tr>\n<tr>\n<td><strong>CILS\u00a0<\/strong><\/td>\n<td>65,3<\/td>\n<td>79,8<\/td>\n<td>81,5<\/td>\n<td>84,6<\/td>\n<\/tr>\n<tr>\n<td><strong>CELI<\/strong><\/td>\n<td>14,4<\/td>\n<td>14,6<\/td>\n<td>9,1<\/td>\n<td>7,9<\/td>\n<\/tr>\n<tr>\n<td><b>AIL<\/b><\/td>\n<td>10,6<\/td>\n<td>3,3<\/td>\n<td>5,5<\/td>\n<td>3,1<\/td>\n<\/tr>\n<tr>\n<td><strong>PLIDA<\/strong><\/td>\n<td>9,5<\/td>\n<td>2,2<\/td>\n<td>3,9<\/td>\n<td>4,4<\/td>\n<\/tr>\n<tr>\n<td><strong>Andere<\/strong><\/td>\n<td>0,2<\/td>\n<td>0,1<\/td>\n<td>0<\/td>\n<td>0,1<\/td>\n<\/tr>\n<\/tbody>\n<\/table>\n<p>Quelle: Asils<\/p>\n<h2>CILS<\/h2>\n<ul>\n<li><strong>Name der Zertifizierung:<\/strong>\u00a0CILS Zertifikat f\u00fcr Italienisch als Fremdsprache<\/li>\n<li><strong>Ausgestellt von:<\/strong>\u00a0<a href=\"https:\/\/cils.unistrasi.it\/\">Universit\u00e0 per Stranieri di Siena<\/a><\/li>\n<li><strong>Kosten:<\/strong> Von 50\u20ac bis zu 160\u20ac, h\u00e4ngt vom Niveaus<\/li>\n<li><strong>Daten:<\/strong> Zwei Mal pro Jahr (Juni und Dezember) mit zus\u00e4tzlichen Sitzungen f\u00fcr einige Niveaus. <a href=\"https:\/\/cils.unistrasi.it\/82\/364\/Le_date_degli_esami.htm\" target=\"_blank\" rel=\"noopener\">Vollst\u00e4ndige Liste<\/a><\/li>\n<li><strong>Niveaus:<\/strong> CILS A1 (A1), CILS A2 (A2), CILS UNO (B1), CILS UNO \u2013 B1 ADOLESCENTI, CILS UNO \u2013 B1 CITTADINANZA, CILS DUE (B2), CILS TRE (C1), CILS QUATTRO (C2)<\/li>\n<li><strong>Zentren:<\/strong> \u00dcber 800 Standorte weltweit, <a href=\"https:\/\/ils.simonemontanari.com\/de\/uber-uns\/\">unsere Schule<\/a> enthalten. <a href=\"https:\/\/cils.unistrasi.it\/84\/16\/Le_sedi_di_esami.htm\" target=\"_blank\" rel=\"noopener\">Vollst\u00e4ndige Liste<\/a><\/li>\n<li><strong>Korrekturzeit:<\/strong> Bis zu 12 Wochen<\/li>\n<li><strong>Bewertungen:<\/strong> Jeder Teil der Pr\u00fcfung wird unabh\u00e4ngig bewertet. Um die Pr\u00fcfung zu bestehen, muss man in jedem Abschnitt die erforderliche Bewertungsgrad erhalten haben. Wenn dies nicht der Fall ist, ist es m\u00f6glich, die notwendigen Abschnitte zu wiederholen<\/li>\n<li><strong>Weitere Details:<\/strong>\u00a0<a href=\"https:\/\/ils.simonemontanari.com\/language-exams\/cils-preparation\/\">CILS Pr\u00fcfung Handbuch<\/a><\/li>\n<\/ul>\n<p>Die von der Universit\u00e4t Siena geschaffene CILS-Zertifizierung ist die Referenzzertifizierung f\u00fcr Italienisch-Sprachsch\u00fcler: Mehr als die H\u00e4lfte der Studenten, die eine offizielle Italienischpr\u00fcfung ablegen, w\u00e4hlen die CILS-Pr\u00fcfung.<\/p>\n<p>Die Zertifizierung CILS gliedert sich in sechs Sprachniveaus, die immer weiter fortschreitenden Kompetenzstufen (<a href=\"https:\/\/ils.simonemontanari.com\/de\/blog\/ger-level\/\">Gemeinsamer europ\u00e4ischer Referenzrahmen f\u00fcr Sprachen<\/a>) und unterschiedlichen sozialen Umfeldern des Sprachgebrauchs entsprechen.<\/p>\n<p>Durch die Pr\u00fcfung werden die linguistisch-kommunikativen Kompetenzen und die vier Grundkompetenzen evaluiert. Die Pr\u00fcfung gliedert sich in vier Abschnitte (m\u00fcndliche, schriftliche, morphosyntaktische und lexikalische Kompetenz, Verst\u00e4ndnis der geschriebenen Texte, Verst\u00e4ndnis m\u00fcndlicher Texte). Die Pr\u00fcfung besteht aus Multiple-Choice-Fragen, Fragen zu den vorgestellten Texten und freie schriftliche Produktion.<\/p>\n<p>Sie hilft beim Einstieg ins Berufsleben und ins Studium, f\u00fcr den Italienischunterricht und f\u00fcr jeden anderen Verwendungsbereich, in dem ein bestimmtes Kompetenzniveau in der italienischen Sprache erforderlich ist. Das Au\u00dfenministerium erkennt die CILS A2-Zertifizierung als ein g\u00fcltiges Bef\u00e4higungszeugnis der italienischer Sprache an, um die EU-Aufenthaltsgenehmigung f\u00fcr langfristig Aufenthaltsberechtigte zu erhalten.<\/p>\n<h2>CELI<\/h2>\n<ul>\n<li><strong>Name der Zertifizierung:<\/strong> CELI Zertifizierung der Italienischen Sprache<\/li>\n<li><strong>Ausgestellt von: <\/strong><a href=\"https:\/\/www.unistrapg.it\/\" target=\"_blank\" rel=\"noopener\">Universit\u00e0 per Stranieri di Perugia<\/a><\/li>\n<li><strong>Kosten:<\/strong> Von 50\u20ac bis zu 130\u20ac, h\u00e4ngt vom Niveaus<\/li>\n<li><strong>Daten:<\/strong> 3 j\u00e4hrlichen Sitzungen (Fr\u00fchling, Sommer und Herbst)<\/li>\n<li><strong>Niveaus:<\/strong> CELI IMPATTO \u2013 A1, CELI 1 \u2013 A2, CELI \u2013 B1, CELI 3 \u2013 B2, CELI 4 \u2013 C1, CELI 5 \u2013 C2<\/li>\n<li><strong>Zentren:<\/strong> Verf\u00fcgbar in zahlreichen Zentren weltweit (<a href=\"https:\/\/ils.simonemontanari.com\/de\/uber-uns\/\">unsere Schule<\/a> enthalten)<\/li>\n<li><strong>Korrekturzeit:<\/strong> Bis zu 12 Wochen. Die Zertifikatslieferung kann bis zu weiteren 4 Monaten dauern<\/li>\n<li><strong>Noten: <\/strong>Neben den traditionellen CELI-Zertifizierungen gibt es auch die CELI Immigrati (Einwanderer) und CELI Adolescenti (Jugendliche). Das CELI Immigrati ist f\u00fcr ausl\u00e4ndische B\u00fcrger gedacht, die nach Italien eingewandert sind, es steht auch f\u00fcr Studenten mit sehr geringer Bildung zur Verf\u00fcgung. Das CELI Adolescenti richtet sich an Kinder zwischen 13 und 17 Jahren. Die Unterschiede zwischen diesen beiden Arten von Zertifizierungen sind verschiedene Textgenres und Aufgaben ohne \u00c4nderungen innerhalb der Pr\u00fcfung.<\/li>\n<li><strong>Weitere Details:<\/strong>\u00a0<a href=\"https:\/\/ils.simonemontanari.com\/de\/prufuengen-italienisch\/celi\/\">CELI Pr\u00fcfung Handbuch<\/a><\/li>\n<\/ul>\n<p>Das Ministerium f\u00fcr Bildung, Universit\u00e4t und Forschung (MIUR) erkennt das CELI 3 als ein g\u00fcltiges Zertifikat der italienischen Sprache f\u00fcr das Studium an der Universit\u00e4t in Italien an, w\u00e4hrend das CELI 4 und das CELI 5 eine gleichwertige Sprachkenntnis f\u00fcr italienische Studenten best\u00e4tigen.<\/p>\n<h2>PLIDA<\/h2>\n<ul>\n<li><strong>Name der Zertifizierung:<\/strong> Sprachprojekt Italienisch Dante Alighieri<\/li>\n<li><strong>Ausgestellt von:<\/strong> <a href=\"https:\/\/www.dante.global\/\" target=\"_blank\" rel=\"noopener\">Societ\u00e0 Dante Alighieri<\/a><\/li>\n<li><strong>Kosten:<\/strong> Von 65\u20ac bis zu 135\u20ac, h\u00e4ngt vom Niveaus<\/li>\n<li><strong>Daten:<\/strong> 6 j\u00e4hrlichen Sitzungen<\/li>\n<li><strong>Niveaus: <\/strong>Du kannst alle Ebenen unten sehen. PLIDA Juniors ist die italienische Zertifizierung f\u00fcr jugendliche Studenten (13-18 Jahre). Der Unterschied zwischen PLIDA und PLIDA Juniors liegt in der Wahl der Texte und dem Kontext ihrer Verwendung<\/li>\n<li><strong>Zentren:<\/strong> Verf\u00fcgbar in zahlreichen Zentren weltweit<\/li>\n<li><strong>Korrekturzeit:<\/strong> Bis zu 2 Monate<\/li>\n<\/ul>\n<p>Das PLIDA-Zertifikat best\u00e4tigt die Kompetenz in Italienisch als Fremdsprache und wird von der Dante Alighieri Society herausgegeben. PLIDA ist vom Ministerium f\u00fcr Ausw\u00e4rtige Angelegenheiten offiziell als Kompetenzzertifizierung in italienischer Sprache anerkannt und kann f\u00fcr die Einschreibung an Universit\u00e4ten oder f\u00fcr die Erteilung von langfristigen Aufenthaltserlaubnissen verwendet werden.<\/p>\n<p>Daher werden Texte, die nichts mit der allgemeinen Erfahrung dieser Altersgruppen zu tun haben, nicht verwendet. Die PLIDA-Pr\u00fcfung stimmt mit dem Gemeinsamen Europ\u00e4ischen Referenzrahmen \u00fcberein und ist in die bekannten sechs Ebenen unterteilt:<\/p>\n<h4>Anf\u00e4nger<\/h4>\n<p>Erster Sprachkontakt<\/p>\n<ul>\n<li>PLIDA A1 (Niveau A1 des GER)<\/li>\n<li>PLIDA JUNIORS A1<\/li>\n<\/ul>\n<p>\u00dcberlebensniveau<\/p>\n<ul>\n<li>PLIDA A2 (Niveau A2 des GER)<\/li>\n<li>PLIDA JUNIORS A2<\/li>\n<\/ul>\n<h4>Elementarstufe<\/h4>\n<p>begrenzte Sprachkenntnisse<\/p>\n<ul>\n<li>PLIDA B1 (Niveau B1 des GER)<\/li>\n<li>PLIDA JUNIORS B1<\/li>\n<\/ul>\n<p>Mittelstufe<\/p>\n<ul>\n<li>PLIDA B2 (Level B2 of the CEFR)<\/li>\n<li>PLIDA JUNIORS B2<\/li>\n<\/ul>\n<h4>Fortgeschrittene<\/h4>\n<p>Fortgeschrittene 1<\/p>\n<ul>\n<li>PLIDA C1 (Niveau C1 des GER)<\/li>\n<\/ul>\n<p>Fortgeschrittene 2<\/p>\n<ul>\n<li>PLIDA C2 (Level C2 of the CEFR)<\/li>\n<\/ul>\n<p>Die Pr\u00fcfung gliedert sich in vier Phasen, die vier Grundfertigkeiten (Zuh\u00f6ren, Lesen, Schreiben, Sprechen) entsprechen, anhand derer Sprachkenntnisse bewertet werden. Die Pr\u00fcfungen der ersten beiden Stufen basieren auf \u00dcbungen mit Bildern, die zum Verst\u00e4ndnis beitragen.<\/p>\n<p>Der H\u00f6rtest findet mit den Akteuren der ersten Ebene statt und f\u00fcr die anderen Ebenen wird ein spontaner Sprachauszug verwendet. Die PLIDA-Pr\u00fcfungen finden in den autorisierten Zentren (von der Zentralstelle genehmigt) statt, einschlie\u00dflich der Universit\u00e4t f\u00fcr Ausl\u00e4nder Dante Alighieri aus Kalabrien.<\/p>\n<h2>CERTIT<\/h2>\n<ul>\n<li><strong>Name der Zertifizierung:<\/strong> CertIt &#8211; Italienische Zertifizierung<\/li>\n<li><strong>Ausgestellt von: <\/strong><a href=\"https:\/\/www.uniroma3.it\/\" target=\"_blank\" rel=\"noopener\">Universit\u00e0 di Roma Tre<\/a><\/li>\n<li><strong>Kosten:<\/strong> Von 50\u20ac bis zu 110\u20ac, h\u00e4ngt vom Niveaus<\/li>\n<li><strong>Daten:<\/strong> Verschiedene Zeiten im Jahr, je nach Niveau und Verf\u00fcgbarkeit<\/li>\n<li><strong>Niveaus: <\/strong>A1, A2, B1, B2, C1, C2 (weitere Details unten)<\/li>\n<li><strong>Zentren:<\/strong> In zahlreichen Zentren verf\u00fcgbar. <a href=\"https:\/\/certificazioneitaliano.uniroma3.it\/gli-esami\/centri-desame\/\" target=\"_blank\" rel=\"noopener\">Vollst\u00e4ndige Liste<\/a><\/li>\n<li><strong>Korrekturzeit:<\/strong> Innerhalb eines Monats (abh\u00e4ngig vom Pr\u00fcfungszentrum)<\/li>\n<\/ul>\n<p>Das IT-Zertifikat ist ein Zertifikat der allgemeinen Kompetenz in der italienischen Fremdsprache, das von der Universit\u00e4t Roma Tre angeboten wird. Diese Zertifizierung wird von den Au\u00dfenministerien anerkannt und befasst sich mit der Durchf\u00fchrung, Verwaltung und Bewertung von Zertifizierungstests f\u00fcr Italienisch als Fremdsprache..<\/p>\n<p>Die IT-Pr\u00fcfung gliedert sich in f\u00fcnf Stufen, die dem Gemeinsamen Europ\u00e4ischen Referenzrahmen entsprechen :<\/p>\n<ul>\n<li>A1 &#8211; Zertifikat der Grundkompetenz Italienisch als Fremdsprache (drei Teile: H\u00f6ren, Lesen und Schreiben, Sprechen)<\/li>\n<li>A2 &#8211; Zertifikat der Grundkompetenz Italienisch als Fremdsprache (drei Teile: H\u00f6ren, Lesen und Schreiben, Sprechen)<\/li>\n<li>B1 &#8211; Zertifikat der elementaren Kompetenz in Italienisch als Fremdsprache (vier Teile: H\u00f6ren, Lesen und Schreiben, Gebrauch der italienischen Sprache, freies Sprechen)<\/li>\n<li>B2 &#8211; Zertifikat der intermedi\u00e4ren Kompetenz in Italienisch als Fremdsprache (H\u00f6ren, Lesen, Komposition, freies Sprechen)<\/li>\n<li>C1 &#8211; Zertifikat der fortgeschrittenen Kompetenz in Italienisch als Fremdsprache (H\u00f6ren, Lesen, Komposition,freies Sprechen)<\/li>\n<li>C2 &#8211; Zertifikat f\u00fcr Italienisch als Fremdsprache (f\u00fcnf Teile: H\u00f6ren, Lesen, Gebrauch und Formen des Italienischen, Sprechen)<\/li>\n<\/ul>\n<p>Die IT-Pr\u00fcfungen richten sich an Ausl\u00e4nder, die eine Aufenthaltsgenehmigung beantragen und diese Zertifizierung vorlegen m\u00fcssen (Niveau A2 ist ausreichend), an ausl\u00e4ndische Studenten, die an einer italienischen Universit\u00e4t (B2) studieren m\u00f6chten, Ausl\u00e4nder mit italienischer Herkunft und ausl\u00e4ndische Lehrer (Niveau C2 erforderlich). Die Pr\u00fcfungen finden mehrmals im Jahr an der Universit\u00e4t Roma Tre am Linguistischen Zentrum der Universit\u00e4t statt sowie n anderen angegliederten Einrichtungen. Es ist auch m\u00f6glich die Pr\u00fcfungen im Ausland in den Italienischen Kulturinstituten abzulegen.<\/p>\n<h2>AIL<\/h2>\n<ul>\n<li><strong>Name der Zertifizierung:<\/strong> AIL &#8211; Die Akademie der italienischen Sprache<\/li>\n<li><strong>Ausgestellt von:<\/strong> <a href=\"https:\/\/www.acad.it\/\" target=\"_blank\" rel=\"noopener\">Accademia Italiana di Lingua<\/a> (ein gemeinn\u00fctziger Verein von privaten und \u00f6ffentlichen Schulen, die im Bereich des Unterrichts von Italienisch als Zweitsprache arbeiten)<\/li>\n<li><strong>Kosten:<\/strong> Von 100\u20ac bis zu 200\u20ac, h\u00e4ngt vom Niveaus<\/li>\n<li><strong>Daten:<\/strong> 2 j\u00e4hrlichen Sitzungen<\/li>\n<li><strong>Niveaus:<\/strong> DELI (A2), DILI (B1, B2), DALI (C1, C2)<\/li>\n<li><strong>Zentren:<\/strong> Wenige Zentren in verschiedenen L\u00e4ndern<\/li>\n<li><strong>Korrekturzeit:<\/strong> Nicht spezifiziert<\/li>\n<li><strong>Noten: <\/strong>Diese Zertifizierung ist die einzige, die nicht Teil der CLIQ (Certification Italian Language Quality) ist und daher weniger anerkannt werden k\u00f6nnte als die andere<\/li>\n<\/ul>\n<p>Die AIL ist eine Vereinigung von Schulen, Institutionen sowie nationalen und internationalen Experten, die auf dem Gebiet des Italienischunterrichts f\u00fcr Ausl\u00e4nder und im Bereich der Zertifizierungen arbeiten. Die AIL-Zertifizierungen sind international anerkannt und richten sich an Personen, f\u00fcr die Italienisch eine Zweitsprache oder eine Fremdsprache ist.<\/p>\n<p>Die Italian Language Academy folgt der Differenzierung der vom Europ\u00e4ischen Rat festgelegten sprachlichen und kommunikativen Ebenen, bietet aber auch die M\u00f6glichkeit, Diplome in der Gesch\u00e4ftssprache zu erwerben.<\/p>\n<p>Die DILC B1-Pr\u00fcfung wird vom Bundesamt f\u00fcr Berufsbildung und Technologie an allen kaufm\u00e4nnischen Berufsschulen des Bundes anerkannt.<\/p>\n<p>Aufgrund des gro\u00dfen Interesses an der Erneuerung der Aufenthaltserlaubnis wurde die DELI A2 Integrationspr\u00fcfung erstellt. Das AIL privilegiert die Aspekte der praktischen Kommunikation im Alltag und im Gesch\u00e4ftsleben.<\/p>\n<p>Es gibt Zertifizierungen f\u00fcr die folgenden Ebenen:<\/p>\n<ul>\n<li>DELI A1 (Niveau A1 des GER) &#8211; Anf\u00e4nger<\/li>\n<li>DELI A2 (NiveauA2 des GER) &#8211; Elementar<\/li>\n<li>DELI A2 integration (Niveau A2C des GER) &#8211; Elementar<\/li>\n<li>DILI B1 (Niveau B1 des GER) &#8211; Mittelstufe 1 I<\/li>\n<li>DILC B1 (Niveau B1 des GER) \u2013 Mittelstufe f\u00fcr Beruf<\/li>\n<li>DILI B2 (Niveau B2 des GER) &#8211; Mittelstufe f\u00fcr Beruf I<\/li>\n<li>DALI C1 (Niveau C1 des GER) &#8211; Fortgeschrittene 1<\/li>\n<li>DALC C1 (Niveau C1 des GER) &#8211; Fortggeschrittene f\u00fcr Beruf<\/li>\n<li>DALI C2 (Niveau C2 des GER) &#8211; Fortgechrittene 2<\/li>\n<\/ul>\n<p>Die Pr\u00fcfungen finden vier Mal pro Jahr am selben Tag in den verschiedenen weltweit akkreditierten Standorten statt. Die Texte sind einzigartig und ihre Korrektur und abschlie\u00dfende Bewertung werden in den Florentiner Standorten durchgef\u00fchrt. Alle Standorte bieten Vorbereitungskurse f\u00fcr jede Pr\u00fcfungsebene an.<\/p>\n<h2>Zertifikate f\u00fcr Italienisch Lehrer<\/h2>\n<h3>DITALS<\/h3>\n<p><strong>(Zertifizierung von Fachwissen im Unterrichten von Italienisch f\u00fcr Ausl\u00e4nder)<\/strong><\/p>\n<p>Das Forschungs- und Dienstleistungszentrum von DITALS befasst sich mit der Konzeption, Entwicklung und Verwaltung der DITALS-Zertifizierung sowie mit deren F\u00f6rderung und Fortbildung auf Italienisch als Zweitsprache (L2). Sie sind durch eine Reihe von Dienstleistungen, Dokumentationsaktivit\u00e4ten zu Essays, Miscellanies, Zeitschriften zu den von der DITALS-Zertifizierung abgedeckten Disziplinen und Handb\u00fccher zum Unterrichten von Italienisch L2 integriert.<\/p>\n<p>Es gibt drei Arten von DITALS, mit denen die notwendigen F\u00e4higkeiten, um ein Professor in Italienisch f\u00fcr ausl\u00e4ndische Studierende zu werden attestiert sind.<\/p>\n<ul>\n<li>DITALS di BASE bescheinigt eine anf\u00e4ngliche Kompetenzen im Italienischunterricht f\u00fcr Ausl\u00e4nder und richtet sich an Lehrer, die keine italienische Muttersprachler sind.<\/li>\n<li>DITALS di I livello bescheinigt eine spezifische didaktische Kompetenz im Italienischunterricht f\u00fcr Ausl\u00e4nder, die auf bestimmte Empf\u00e4nger ausgerichtet sind (Kinder, Jugendliche, Erwachsene und \u00e4ltere Menschen, Einwanderer, Studenten, Lernende italienischer Herkunft, homogene Muttersprachler: Chinesisch, Arabisch, Japanisch, Russisch, Deutsch, Touristen, Studenten im Auslandsjahr)<\/li>\n<li>DITALS di II livello bescheinigt fortgeschrittene Kompetenz im Italienischunterricht f\u00fcr Ausl\u00e4nder und richtet sich an Lehrer, die in jedem Kontext des Unterrichts und mit einer Gruppe von Lernenden arbeiten.Die Pr\u00fcfungen der DITALS-Pr\u00fcfungen finden zweimal im Jahr zu den vom DITALS-Zertifizierungszentrum vorgesehenen Terminen statt. Sie k\u00f6nnen in Siena oder in einem mit dem Zentrum verbundenen Instituten in Italien und im Ausland durchgef\u00fchrt werden.<\/li>\n<\/ul>\n<h3>CEDILS<\/h3>\n<p><strong>(Zertifizierung in Didaktik der italienischen Sprache f\u00fcr Ausl\u00e4nder)<\/strong><\/p>\n<p>Die CEDILS-Zertifizierung ist eine Bescheinigung \u00fcber die Kompetenz im Unterrichten von Italienisch als Fremdsprache oder Zweitsprache. Sie wird vom Labor Itals der Ca &#8218;Foscari Universit\u00e4t von Venedig ausgestellt.<\/p>\n<p>Die CEDILS-Pr\u00fcfung ist in f\u00fcnf Tests unterteilt und dauert f\u00fcnf Stunden.<\/p>\n<p>Es gibt vier schriftliche Tests (Frageb\u00f6gen zu allgemeinen Themen des Sprachunterrichts, Unterricht von authentischem Material, kritischer Kommentar zu Unterrichtsmaterialien, Schematisierung eines grammatikalischen oder soziolinguistischen Aspekts des Italienischen) und eine m\u00fcndliche Pr\u00fcfung zu Themen wier italienischen Kultur und Zivilisation). Die CEDILS-Pr\u00fcfung findet zweimal j\u00e4hrlich in Venedig statt. Einmal pro Jahr wird sie auch von anderen autorisierten Sitzen in Italian durchgef\u00fchrt (mit unterschiedlichen Daten f\u00fcr jeden Standort). Es ist auch m\u00f6glich, die Pr\u00fcfung im Ausland zu absolvieren.<\/p>\n<p>Die Pr\u00fcfungen werden vom ITAL Laboratory der Universit\u00e4t von Venedig bewertet und direkt an die Kandidaten \u00fcbermittelt. Bei positivem Ergebnis erhalten die Kandidaten zus\u00e4tzlich das CEDILS-Zertifikat. Die Zertifizierungspr\u00fcfung ist auch f\u00fcr alle ohne Lehrerfahrung zug\u00e4nglich. CEDILS ist der k\u00fcrzeste und weniger aufw\u00e4ndige Weg, ein Lehrzertifikat zu erhalten.<\/p>\n<h3>DILS-PG<\/h3>\n<p><strong>(The Didactics of the Italian Foreign Language)<\/strong><\/p>\n<p>Die DILS-PG-Zertifizierung richtet sich an italienische oder ausl\u00e4ndische Lehrer und ist in zwei Stufen unterteilt:<\/p>\n<ul>\n<li>Level 1- DILS-PG Base<\/li>\n<li>Level 2- DILS-PG<\/li>\n<\/ul>\n<p><strong>DILS-PG Base (1. Level) <\/strong>richtet sich sowohl an Muttersprachler als auch an Nicht-Muttersprachler. Es handelt sich um Italienischlehrer, die Ausl\u00e4nder unterrichten und erst vor kurzem ihren Beruf begonnen haben oder eine begrenzte Erfahrung haben, haupts\u00e4chlich in den Stufen A1-B1 des Gemeinsamen Europ\u00e4ischen Referenzrahmens (GER).<br \/>\n<strong> DILS-PG (2. Level)<\/strong> richtet sich an ausl\u00e4ndische Italienischlehrer, Muttersprachler und Nicht-Muttersprachler mit spezifischer Ausbildung in der Branche oder einer konsolidierten Erfahrung auf allen Ebenen des Gemeinsamen Europ\u00e4ischen Referenzrahmens (GER ).<br \/>\n<strong>Die DILS-PG Zertifikation<\/strong> kann bei Auswahlverfahren und Vorstellungsgespr\u00e4chen in Italien und im Ausland borgestellt werden.<\/p>\n<p>Das DILS-PG ist als qualifizierender Titel f\u00fcr den Unterricht von Italienisch als Zweitsprache anerkannt und stellt eine Qualifikation dar, die in Wettbewerben f\u00fcr \u00f6ffentliche Schulen bewertet werden kann. Die Pr\u00fcfungen finden einmal j\u00e4hrlich in Pr\u00fcfungszentren wie die Universit\u00e4t f\u00fcr Ausl\u00e4nder in Perugia statt als auch in affilierten Institutionen im Ausland.<\/p>\n","protected":false},"excerpt":{"rendered":"<p>Prozentsatz der italienischen Sprachsch\u00fcler pro Zertifikat: 2019 2021 2022 2023 CILS\u00a0 65,3 79,8 81,5 84,6 CELI 14,4 14,6 9,1 7,9 AIL 10,6 3,3 5,5 3,1 PLIDA 9,5 2,2 3,9 4,4 Andere 0,2 0,1 0 0,1 Quelle: Asils CILS Name der Zertifizierung:\u00a0CILS Zertifikat f\u00fcr Italienisch als Fremdsprache Ausgestellt von:\u00a0Universit\u00e0 per Stranieri di Siena Kosten: Von 50\u20ac [&hellip;]<\/p>\n","protected":false},"author":1788,"featured_media":7628,"parent":30,"menu_order":0,"comment_status":"closed","ping_status":"closed","template":"course.php","meta":{"_acf_changed":false,"footnotes":""},"class_list":["post-1245","page","type-page","status-publish","has-post-thumbnail","hentry"],"acf":[],"_links":{"self":[{"href":"https:\/\/ils.simonemontanari.com\/de\/wp-json\/wp\/v2\/pages\/1245","targetHints":{"allow":["GET"]}}],"collection":[{"href":"https:\/\/ils.simonemontanari.com\/de\/wp-json\/wp\/v2\/pages"}],"about":[{"href":"https:\/\/ils.simonemontanari.com\/de\/wp-json\/wp\/v2\/types\/page"}],"author":[{"embeddable":true,"href":"https:\/\/ils.simonemontanari.com\/de\/wp-json\/wp\/v2\/users\/1788"}],"replies":[{"embeddable":true,"href":"https:\/\/ils.simonemontanari.com\/de\/wp-json\/wp\/v2\/comments?post=1245"}],"version-history":[{"count":0,"href":"https:\/\/ils.simonemontanari.com\/de\/wp-json\/wp\/v2\/pages\/1245\/revisions"}],"up":[{"embeddable":true,"href":"https:\/\/ils.simonemontanari.com\/de\/wp-json\/wp\/v2\/pages\/30"}],"wp:featuredmedia":[{"embeddable":true,"href":"https:\/\/ils.simonemontanari.com\/de\/wp-json\/wp\/v2\/media\/7628"}],"wp:attachment":[{"href":"https:\/\/ils.simonemontanari.com\/de\/wp-json\/wp\/v2\/media?parent=1245"}],"curies":[{"name":"wp","href":"https:\/\/api.w.org\/{rel}","templated":true}]}}