{"id":1248,"date":"2018-10-05T11:25:41","date_gmt":"2018-10-05T10:25:41","guid":{"rendered":"https:\/\/ils.simonemontanari.com\/de\/?page_id=1248"},"modified":"2024-08-23T12:31:39","modified_gmt":"2024-08-23T10:31:39","slug":"bucher","status":"publish","type":"page","link":"https:\/\/ils.simonemontanari.com\/de\/italienisch-lernen\/bucher\/","title":{"rendered":"Die besten B\u00fccher zum Italienisch lernen"},"content":{"rendered":"<h2>Bar Italia<\/h2>\n<p><a href=\"https:\/\/www.amazon.it\/Bar-Italia-Ciro-Massimo-Naddeo\/dp\/8886440332\" target=\"_blank\" rel=\"noopener\">Dieses Buch<\/a> enth\u00e4lt Artikel \u00fcber die italienische Gesellschaft, das Leben, die Kultur und Gewohnheiten der Italiener. Die Texte <strong>erm\u00f6glichen den Lernern, der Realit\u00e4t der italienischen Kultur n\u00e4her zu kommen<\/strong> und gleichzeitig ihre Sprachkenntnisse zu erweitern.<\/p>\n<p>Jeder Text stellt ein spezifisches Argument dar (z.Bsp ein italienischer Sonntag, die Tr\u00e4ume und Albtr\u00e4ume der Italiener, Italiener und Kaffee &#8230;). <strong>Die Artikel stammen aus der Tagespress<\/strong>e und sind in progressive Schwierigkeitsgrade eingeteilt, super f\u00fcr Sprachlerner jeden Niveaus.<\/p>\n<p>Es sind kommunikative und interaktive Aktivit\u00e4ten enthalten sowie <strong>Wortschatz\u00fcbungen, Morphologie und Syntax.<\/strong> Das Buch enth\u00e4lt einen L\u00f6sungsschl\u00fcssel und ist somit zum Selbststudium perfekt geeignet.<\/p>\n<h2>Una parola tira l\u2019altra<\/h2>\n<p>&#8222;<a href=\"https:\/\/www.amazon.it\/Una-parola-tira-laltra-vocabolario\/dp\/3125250706\/ref=sr_1_2?crid=4T3MXC02QRZC&amp;keywords=una+parola+tira+l%27altra+2&amp;qid=1707745946&amp;s=books&amp;sprefix=una+parola+tira+l%27altra+2%2Cstripbooks%2C101&amp;sr=1-2\" target=\"_blank\" rel=\"noopener\">Ein Wort f\u00fchrt zu einem anderen<\/a>&#8220; <strong>ist sehr f\u00fcr Sprachanf\u00e4nger geeignet und f\u00fcr diejenigen,<\/strong> die doch schon etwas in die Sprache geschnuppert haben.<\/p>\n<p>Hier findet man Grundvokabular f\u00fcr den Alltag und wichtige, oft genutzte Ausdr\u00fccke, die man in jeder Situation gebrauchen kann. Ausserdem werden hier authentische Situationen im Leben der Italiener dargestellt.<\/p>\n<p>Es besteht aus 22 Unterrichtseinheiten mit unterschiedlichen Themenbereichen:<\/p>\n<p>Begegnungen; in der Schule; Zeit vergeht; im Restaurant, der Charakter; <strong>die Emotionen und Empfindungen; die physische Beschreibung; Gesundheit;<\/strong> Familie; Zuhause; unsere t\u00e4glichen Aktivit\u00e4ten; Idiome wie &#8222;fare&#8220;; che tempo fa? (Wie ist das Wetter?); den Geschmack ausdr\u00fccken; Freizeit; Kommunikation; Essen und Einkaufen; Mahlzeiten und Kochen; Kleider; Sport; ein bisschen Geographie; die Stadt; Ferien.<\/p>\n<p>Das Buch ist voller <strong>ironischer und verspielter Bilder <\/strong>und erleichtert so das Lernen neuer Vokabeln. Auch hier ist ein L\u00f6sungsschl\u00fcssel enthalten.<\/p>\n<h2>Una parola tira l\u2019altra 2<\/h2>\n<p>Aus der selben Reihe wie das vorherige Buch, richtet sich diese Version an fortgeschrittene Italienischlerner. Es hilft den bereits vorhandenen <a href=\"https:\/\/www.amazon.it\/Una-parola-tira-laltra-vocabulario\/dp\/3125250005\/ref=sr_1_1?crid=4T3MXC02QRZC&amp;keywords=una+parola+tira+l%27altra+2&amp;qid=1707745946&amp;s=books&amp;sprefix=una+parola+tira+l%27altra+2%2Cstripbooks%2C101&amp;sr=1-1\" target=\"_blank\" rel=\"noopener\">Wortschatz zu erweitern<\/a>.<\/p>\n<p>Auch hier gibt es 18 Unterrichtseinheiten (mit L\u00f6sungsschl\u00fcssel):<\/p>\n<p>Wie ist das Wetter?; die Umgebung; Charakter und Pers\u00f6nlichkeit; Gef\u00fchle; unsere t\u00e4glichen Aktivit\u00e4ten; Zuhause; Haushaltsger\u00e4te; Arbeit und Berufe; das B\u00fcro und der Computer; beim Arzt; Telefongespr\u00e4che; in der Post und in der Bank; Essen und Kochen; Tiere; Sport; die Stadt: Urlaub; Kleidung und Mode.<\/p>\n<p><strong>Dar\u00fcberhinaus bietet das Lehrbuch Zeitungsartikel<\/strong> und Ausschnitte aus literarischen Texten an. Wie auch in der vorherigen Ausgabe wird auch hier die Methode Bild-Wort genutzt um das Lernen zu erleichtern.<\/p>\n<p>Jede Einheit <strong>enth\u00e4lt \u00dcbungen und Aktivit\u00e4ten, die unterschiedliche Kommunikationsf\u00e4higkeiten beinhalten<\/strong>: m\u00fcndliche und schriftliche Aufgaben, Rollenspiele, R\u00e4tsel und Kreuzwortr\u00e4tsel.<\/p>\n<h2>Nuova grammatica pratica della lingua italiana<\/h2>\n<p>Die &#8222;<a href=\"https:\/\/www.amazon.it\/Nuova-grammatica-pratica-lingua-italiana\/dp\/8861822479\" target=\"_blank\" rel=\"noopener\">Grammatik der Nocchi<\/a>&#8220; hat sich als <strong>eines der am meisten gesch\u00e4tzten<\/strong> Grammatikb\u00fccher f\u00fcr Italienischlerner auf Niveau A1 bis B2 best\u00e4tigt.<\/p>\n<p>Die Grammatik wird<strong> klar und \u00fcbersichtlich dargestellt<\/strong>. Die \u00dcbungen zu den Grammatikregeln helfen das Gelernte sofort umzusetzen, denn sie basierten sich auf den gebr\u00e4uchlichste Formen des gesprochenen Italienisch. Somit ist der Lerner f\u00e4hig Theorie sofort in die Praxis umzusetzen<br \/>\n<strong>Jede Grammatikeiheit endet mit \u00dcbungen und einem Test<\/strong>. So kann der Sch\u00fcler sein Wissen sofort testen. Das Buch enth\u00e4lt auch einen L\u00f6sungschl\u00fcssel.<\/p>\n<h2>Grammatica avanzata della lingua italiana<\/h2>\n<p>Wie der Titel schon sagt, ist dieses Buch f\u00fcr<strong> fortgeschrittene Lerner ab B1 bis C1 gedacht.<\/strong> Es hilft mit klaren Erkl\u00e4rung gezielt die Sprachkenntnisse zu erweitern und zu f\u00f6rdern.<\/p>\n<p>Das <a href=\"https:\/\/www.almaedizioni.it\/prodotto\/grammatica-avanzata-della-lingua-italiana\/\" target=\"_blank\" rel=\"noopener\">Grammatikbuch<\/a> pr\u00e4sentiert Sprachformen, Syntax und stilistische Elemente der mittleren und fortgeschrittenen Sprachlevels. Diese Elemente werden in der gesprochenen Sprache sehr oft genutzt, werden aber selten in Grammatikb\u00fcchern f\u00fcr Italienischlerner behandelt.<\/p>\n<p>Dar\u00fcber hinaus beinhaltet das Buch <strong>informative Insights \u00fcber die Italiener und ihre Kultur.<\/strong> Auch hier ist ein L\u00f6sungschl\u00fcssel enthalten und ist somit auch f\u00fcr Selbstlerner hervoragend geeignet.<\/p>\n<h2>I verbi italiani<\/h2>\n<p>Dieses Buch ist f\u00fcr Lerner allen Sprachniveaus gedacht. Hier <strong>geht es ausschlie\u00dflich um <a href=\"https:\/\/www.almaedizioni.it\/prodotto\/i-verbi-italiani-edizione-aggiornata\/\" target=\"_blank\" rel=\"noopener\">italienische Verben<\/a>.<\/strong> Wer schon einmal mit der italienischen Grammatik zu tun hatte, weiss das es nicht einfach ist das richtige <strong>Hilfsverb zu w\u00e4hlen oder wann man das Pr\u00e4teritum oder doch besser das Perfekt nutzen muss.<\/strong> Und die Kongiugation der regelm\u00e4\u00dfigen und unregelm\u00e4\u00dfgen Verben? Dieses Buch verr\u00e4t euch Tipps und Tricks um diese Schwierigkeiten zu \u00fcberwinden. Durch ausgekl\u00fcgelte \u00dcbungen lernt ihr ebenfalls alles \u00fcber den korrekten Gebrauch der verschiedenen Zeitformen.<\/p>\n<p>Die \u00dcbungen sind abwechslungsreich gestalltet. Ihr findet viele R\u00e4tsel, Kreuzwortr\u00e4tsel sowie ein paar Extrainfos \u00fcber Italien. Verbtabellen und L\u00f6sungen sind mit dabei.<\/p>\n<h2>L&#8217;italiano per la cucina<\/h2>\n<p>Hier ein Muss, das alle Multitask-Fans in ihrem B\u00fccherregal oder besser, in der K\u00fcche haben sollten. Warum? Mit &#8222;<a href=\"https:\/\/www.almaedizioni.it\/prodotto\/l-italiano-per-la-cucina\/\" target=\"_blank\" rel=\"noopener\">l&#8217;italiano per la cucina<\/a>&#8220; <strong>lernt ihr neue Vokabeln, \u00fcbt euch im das Leseverst\u00e4ndnis<\/strong> und lernt noch dazu typische italienische Rezepte zuzubereiten. Besser geht&#8217;s nicht!<\/p>\n<p>Lest 12 Kurzgeschichten, die jeweils ein Rezept beschreiben und zum Mitkochen einladen. Lernt Kurioses und <strong>Wissenswertes und \u00fcbt euch in der italienischen K\u00fcche.<\/strong> Das Buch ist super f\u00fcr Italienischlerner ab Level A2 bis B1.<\/p>\n<h2>L&#8217;italiano con i fumetti<\/h2>\n<p>Hier einmal was ganz Neues: ein Muss f\u00fcr Comicfans, f\u00fcr Sprachmuffel und f\u00fcr alle, die auf der Suche nach einem Italienischbuch der anderen Art sind! &#8222;<a href=\"https:\/\/www.almaedizioni.it\/catalogo\/materiale-complementare\/letture-di-italiano-facile\/litaliano-con-i-fumetti\/\" target=\"_blank\" rel=\"noopener\">L&#8217;italiano con i fumetti<\/a>&#8220; ist eine einzigartige B\u00fccherreihe, die das Lesevergn\u00fcgen mit der einfachen und direkten Comicsprache stimuliert.<\/p>\n<p>Die Reihe beinhaltet 5 B\u00fccher und jedes von ihnen bietet eine andere Comicstory: &#8222;Roma 2050 d.C.&#8220;, &#8222;Una storia italiana&#8220;, &#8222;Il mistero di Casanova&#8220;, &#8222;Rigoletto&#8220; und &#8222;Habemus Papam&#8220;.Sie beinhalten immer viele \u00dcbungen zu den Texten, die das Gelesene festigen sollen.<\/p>\n<p>Die ersten drei B\u00fccher sind an Lerner mit A1 und A2-Level gerichtet, die letzten beiden sind super f\u00fcr Lerner mit B1-Level.<\/p>\n<h2>Le parole italiane<\/h2>\n<p>Hier geht es um den Schwerpunkt &#8222;<a href=\"https:\/\/www.almaedizioni.it\/prodotto\/le-parole-italiane\/\" target=\"_blank\" rel=\"noopener\">Wortschatz<\/a>&#8222;. <strong>Durch gezielte \u00dcbungen und Spiele werden neue Vokabeln erlernt<\/strong> und deren aktive Nutzung trainiert.<\/p>\n<p>Das Buch ist in zwei Abschnitte unterteilt: Wortschatz &#8211; Grammatik<\/p>\n<p>Der Abschnitt &#8222;Wortschatz&#8220; behandelt Vokabeln in ihrem Gebrauch. Es werden Ausdr\u00fccke vorgestellt, <strong>typische, oft genutzte S\u00e4tze, die das jeweilige Wort enthalten<\/strong> und wie die Bedeutung des Wortes sich je nach Inhalt \u00e4ndern kann.<\/p>\n<p>Im zweiten Abschnitt geht es um grammatische Aspekte wie: Wortabstammung, Wortfolge, Unregelm\u00e4\u00dfigkeiten bei z.Bsp. <strong>Pluralformen, Synonyme, Prefix, Suffix, Adverbien und zusammengetzte W\u00f6rter.<\/strong> Das Buch ist f\u00fcr Sch\u00fcler aller Sprachniveaus geeignet und kann zum Selbststudium oder als Support f\u00fcr Lehrer in der Klasse genutzt werden.<\/p>\n<h2>Nuovo espresso<\/h2>\n<ul>\n<li><a href=\"https:\/\/www.amazon.it\/gp\/product\/8861823181\/ref=as_li_tl?ie=UTF8&amp;camp=3414&amp;creative=21718&amp;creativeASIN=8861823181&amp;linkCode=as2&amp;tag=europassitali-21&amp;linkId=3b21bdcf904067ba4d91397ba9a5c696\" target=\"_blank\" rel=\"noopener\">Level A1<\/a><\/li>\n<li><a href=\"https:\/\/www.amazon.it\/gp\/product\/8861826806\/ref=as_li_tl?ie=UTF8&amp;camp=3414&amp;creative=21718&amp;creativeASIN=8861826806&amp;linkCode=as2&amp;tag=europassitali-21&amp;linkId=df9e7f326d2530596bdd27ad1b13f332\" target=\"_blank\" rel=\"noopener\">Level A2<\/a><\/li>\n<li><a href=\"https:\/\/www.amazon.it\/gp\/product\/8861823394\/ref=as_li_tl?ie=UTF8&amp;camp=3414&amp;creative=21718&amp;creativeASIN=8861823394&amp;linkCode=as2&amp;tag=europassitali-21&amp;linkId=9b38a265658a8e19a72d9e2c371fc6ad\" target=\"_blank\" rel=\"noopener\">Level B1<\/a><\/li>\n<li><a href=\"https:\/\/www.amazon.it\/gp\/product\/8861825052\/ref=as_li_tl?ie=UTF8&amp;camp=3414&amp;creative=21718&amp;creativeASIN=8861825052&amp;linkCode=as2&amp;tag=europassitali-21&amp;linkId=76747a19403870f52a0aad220f26f848\" target=\"_blank\" rel=\"noopener\">Level B2<\/a><\/li>\n<li><a href=\"https:\/\/www.amazon.it\/gp\/product\/8861825060\/ref=as_li_tl?ie=UTF8&amp;camp=3414&amp;creative=21718&amp;creativeASIN=8861825060&amp;linkCode=as2&amp;tag=europassitali-21&amp;linkId=03c4dca8e89e82936e9375a069433cb3\" target=\"_blank\" rel=\"noopener\">Level C1<\/a><\/li>\n<li><a href=\"https:\/\/www.amazon.it\/gp\/product\/8861826105\/ref=as_li_tl?ie=UTF8&amp;camp=3414&amp;creative=21718&amp;creativeASIN=8861826105&amp;linkCode=as2&amp;tag=europassitali-21&amp;linkId=4090e48edbe46825a8fc4cf730ca130c\" target=\"_blank\" rel=\"noopener\">Level C2<\/a><\/li>\n<\/ul>\n<p>&#8222;Nuovo Espresso&#8220; ist eine B\u00fccherreihe f\u00fcr Italienischlerner. Jedes Volumen entspricht einem Sprachniveau gem\u00e4\u00df des GER.<\/p>\n<p>Die B\u00fccher sind sehr umfangreich und beinhalten Lesetexte \u00fcber die <strong>italienische Kultur, Audiotexte, vollst\u00e4ndige Grammatik, \u00dcbungen, Spiele und Wiederholungs\u00fcbungen.<\/strong>\u00a0L\u00f6sungen sind immer enthalten.<\/p>\n<p><strong>Die ersten 3 Volumen werden von einem Videokurs begleitet,<\/strong> der im Grunde eine Mini-Serie ist. die Hauptdarsteller sind 4 Freunde, die der Zuschauer in ihrem Alltag begleitet. Zwischen Arbeit, Urlaub, Liebesgeschichten und lustige Ereignisse, die den vieren passieren, bekommt der Zuschauer einen Rundumeinblick in die allt\u00e4gliche Sprache.<\/p>\n","protected":false},"excerpt":{"rendered":"<p>Bar Italia Dieses Buch enth\u00e4lt Artikel \u00fcber die italienische Gesellschaft, das Leben, die Kultur und Gewohnheiten der Italiener. Die Texte erm\u00f6glichen den Lernern, der Realit\u00e4t der italienischen Kultur n\u00e4her zu kommen und gleichzeitig ihre Sprachkenntnisse zu erweitern. Jeder Text stellt ein spezifisches Argument dar (z.Bsp ein italienischer Sonntag, die Tr\u00e4ume und Albtr\u00e4ume der Italiener, Italiener [&hellip;]<\/p>\n","protected":false},"author":1788,"featured_media":1285,"parent":30,"menu_order":0,"comment_status":"closed","ping_status":"closed","template":"","meta":{"_acf_changed":false,"footnotes":""},"class_list":["post-1248","page","type-page","status-publish","has-post-thumbnail","hentry"],"acf":[],"_links":{"self":[{"href":"https:\/\/ils.simonemontanari.com\/de\/wp-json\/wp\/v2\/pages\/1248","targetHints":{"allow":["GET"]}}],"collection":[{"href":"https:\/\/ils.simonemontanari.com\/de\/wp-json\/wp\/v2\/pages"}],"about":[{"href":"https:\/\/ils.simonemontanari.com\/de\/wp-json\/wp\/v2\/types\/page"}],"author":[{"embeddable":true,"href":"https:\/\/ils.simonemontanari.com\/de\/wp-json\/wp\/v2\/users\/1788"}],"replies":[{"embeddable":true,"href":"https:\/\/ils.simonemontanari.com\/de\/wp-json\/wp\/v2\/comments?post=1248"}],"version-history":[{"count":0,"href":"https:\/\/ils.simonemontanari.com\/de\/wp-json\/wp\/v2\/pages\/1248\/revisions"}],"up":[{"embeddable":true,"href":"https:\/\/ils.simonemontanari.com\/de\/wp-json\/wp\/v2\/pages\/30"}],"wp:featuredmedia":[{"embeddable":true,"href":"https:\/\/ils.simonemontanari.com\/de\/wp-json\/wp\/v2\/media\/1285"}],"wp:attachment":[{"href":"https:\/\/ils.simonemontanari.com\/de\/wp-json\/wp\/v2\/media?parent=1248"}],"curies":[{"name":"wp","href":"https:\/\/api.w.org\/{rel}","templated":true}]}}