{"id":1343,"date":"2018-12-07T11:18:19","date_gmt":"2018-12-07T10:18:19","guid":{"rendered":"https:\/\/ils.simonemontanari.com\/de\/?page_id=1343"},"modified":"2024-08-23T12:31:40","modified_gmt":"2024-08-23T10:31:40","slug":"fur-kinder","status":"publish","type":"page","link":"https:\/\/ils.simonemontanari.com\/de\/italienisch-lernen\/fur-kinder\/","title":{"rendered":"Italienisch Lernen f\u00fcr Kinder"},"content":{"rendered":"<p>Wenn sie Italienisch lernen, bekommen sie ein besseres Verst\u00e4ndnis von der Welt, lernen etwas \u00fcber verschiedene Kulturen und Lebensweisen und werden vielleicht sogar besser in ihrer eigenen Muttersprache. Italienisch als Kind zu lernen kann Spa\u00df machen. Es gibt <strong>Hunderte von verschiedenen Liedern, Spielen und Aktivit\u00e4ten<\/strong>, und wir hier im Europass haben <strong>einige der unserer Meinung nach besten Ressourcen<\/strong> gefunden, um Ihren Kindern Italienisch beizubringen.<\/p>\n<h2>Webseiten<\/h2>\n<h3>Muzzy BBC<\/h3>\n<p><a href=\"https:\/\/www.muzzybbc.com\/learn-italian-kids\/\" target=\"_blank\" rel=\"noopener noreferrer\">Muzzy BBC<\/a>\u00a0ist eine sehr gute Resource um mit Kindern allen Alters Italienisch zu lernen. <strong>Diese Webseit ist nebenbei gesagt die beliebteste unter Eltern und Lehrern<\/strong>. Es gibt 12 Lektionen. Jede beginnt mit einem kurzem Video mit Untertiteln. Darauf folgend Spiele und Aktivit\u00e4ten um die Grammatik und die Vokabeln, die voher im Video gezeigt worden sind, zu festigen. <strong>Die Kurzfilme sind passend f\u00fcr kleine Kinder<\/strong> da sie sehr einfach gemacht sind und die Kinder ihnen so gut folgen k\u00f6nnen.<strong> Die Videos abwechslungsreich. Sie stellen Formen, Farben und K\u00f6rperteile vor.<\/strong><\/p>\n<p>Ein Nachteil hier ist das die Anmeldung bei Muzzy teurer ist al bei anderen Webseiten. Eine Probewoche kostet \u20ac1,00, ein Monat kostet \u20ac 9,95, 6 Monate kosten \u20ac49,45. Eine ganz\u00e4hrige Anmeldung kostet \u20ac 89,95. Die Preise k\u00f6nnen es wert sein, wenn man ber\u00fccksichtig, das man Zugang zu allen Videos, 2 Filmen, 190 Vokalbelspielen und 20 Liedern hat.<\/p>\n<h3>Das Bilderw\u00f6rterbuch<\/h3>\n<p>Die Nutzung des &#8222;Bilderw\u00f6rterbuches&#8220; ist <strong>kostenlos.<\/strong> Zungang w\u00e4hlen die Spr\u00f6\u00dflinge eine der <a href=\"http:\/\/pdictionary.com\/italian\/\" target=\"_blank\" rel=\"noopener noreferrer\">15 Kategorien<\/a> aus. Dann werden Bilder mit der italienischen Bedeutung in alphabetischer Reihenfolge abgespielt. Dann k\u00f6nnen die Kinder zwischen 5 Spielen w\u00e4hlen. Sie alle helfen die vorher gezeigten Vokabeln zu festigen.<\/p>\n<p>Die Seite ist einfach gehaltet und scheint etwas altmodisch, ist aber trotzdem eine gute Unters\u00fctzung beim Vokabellernen.<\/p>\n<h3>The Italian Experiment<\/h3>\n<p>Bei <a href=\"https:\/\/www.theitalianexperiment.com\/stories\" target=\"_blank\" rel=\"noopener noreferrer\">The Italian experiment<\/a>\u00a0findet ihr M\u00e4rchen wie &#8222;<strong>Die drei kleinen Schweinchen&#8220;, &#8222;Rotk\u00e4pchen&#8220; und Goldl\u00f6ckchen&#8220;<\/strong>. Sie werden von einer Muttersprachlerin auf Italienisch gelesen und dauern ungef\u00e4hr 10 Minuten. Man kann die Geschichten auf der Webseite mitlesen und, wenn n\u00f6tig die englische \u00dcbersetzung f\u00fcr jeden Paragraph anklicken. Jedes M\u00e4rchen hat h\u00fcbsche Illustrationen, die das Mitlesen sch\u00f6ner machen.<\/p>\n<p><img loading=\"lazy\" decoding=\"async\" class=\"aligncenter size-full wp-image-1122\" src=\"https:\/\/ils.simonemontanari.com\/wp-content\/uploads\/2018\/02\/the-italian-experiment-screenshot.jpg\" alt=\"Classic italian fairytales from The Italian Experiment\" width=\"733\" height=\"638\" \/><\/p>\n<p>Hier ein Tipp wenn ein Kind noch nicht viel Italienisch versteht, geschweige denn mitlesen kann: Lasst die Geschichten im Hintergrund laufen w\u00e4hrend das Kind mit anderem besch\u00e4ftigt ist. Auch so pr\u00e4gen sich die W\u00f6rter und deren Laute bei ihm unbewusst ein.<\/p>\n<h3>Chillola<\/h3>\n<p>Eine n\u00fctzliche und kostenlose Webseite um Kindern Vokabeln beizubiegen. Anhand von Fotos und einfachen Spielen lernen die Kinder Neues aus verschiedenen\u00a0<a href=\"http:\/\/www.chillola.com\/at\/italian%20starter%20page.html\" target=\"_blank\" rel=\"noopener noreferrer\">Themen<\/a> wie Tiere, Essen und Farben.<\/p>\n<p><img loading=\"lazy\" decoding=\"async\" class=\"aligncenter size-full wp-image-1123\" src=\"https:\/\/ils.simonemontanari.com\/wp-content\/uploads\/2018\/02\/chillola-screenshot.jpg\" alt=\"Chillola Website Screenshot\" width=\"734\" height=\"559\" \/><\/p>\n<p>Die Seite enth\u00e4lt auch etwas komplexere Themen wie die italienische Geschichte und Kultur. Daher ist sie auch <strong>super f\u00fcr \u00e4ltere Kinder und solche die bereits gute Vorkenntnisse haben.<\/strong> Ein Pluspunkt ist das es<strong> viele Aktivit\u00e4ten zu jeder Lektion<\/strong> gibt (Ausmalen, W\u00f6rter einf\u00fcgen). Eltern k\u00f6nnen Malvorlagen und weiteres Material ausdrucken und so ihren Kindern helfen das zu festigen was sie gelernt haben.<\/p>\n<h2>Anwendungen<\/h2>\n<h3>Kids Garden<\/h3>\n<div id='gallery-1' class='gallery galleryid-1343 gallery-columns-2 gallery-size-medium'><figure class='gallery-item'>\n\t\t\t<div class='gallery-icon portrait'>\n\t\t\t\t<img loading=\"lazy\" decoding=\"async\" width=\"635\" height=\"1128\" src=\"https:\/\/ils.simonemontanari.com\/de\/wp-content\/uploads\/sites\/2\/2018\/11\/mindsnacks-2-635x1128.jpg\" class=\"attachment-medium size-medium\" alt=\"\" srcset=\"https:\/\/ils.simonemontanari.com\/de\/wp-content\/uploads\/sites\/2\/2018\/11\/mindsnacks-2-635x1128.jpg 635w, https:\/\/ils.simonemontanari.com\/de\/wp-content\/uploads\/sites\/2\/2018\/11\/mindsnacks-2.jpg 640w\" sizes=\"auto, (max-width: 635px) 100vw, 635px\" \/>\n\t\t\t<\/div><\/figure><figure class='gallery-item'>\n\t\t\t<div class='gallery-icon portrait'>\n\t\t\t\t<img loading=\"lazy\" decoding=\"async\" width=\"635\" height=\"1128\" src=\"https:\/\/ils.simonemontanari.com\/de\/wp-content\/uploads\/sites\/2\/2018\/11\/mindsnacks-3-635x1128.jpg\" class=\"attachment-medium size-medium\" alt=\"\" srcset=\"https:\/\/ils.simonemontanari.com\/de\/wp-content\/uploads\/sites\/2\/2018\/11\/mindsnacks-3-635x1128.jpg 635w, https:\/\/ils.simonemontanari.com\/de\/wp-content\/uploads\/sites\/2\/2018\/11\/mindsnacks-3.jpg 640w\" sizes=\"auto, (max-width: 635px) 100vw, 635px\" \/>\n\t\t\t<\/div><\/figure>\n\t\t<\/div>\n\n<p>&#8222;Kid&#8217;s garden&#8220; ist eine unterhaltsame App um Kindern die Grundlagen der italienischen Sprache zu vermitteln. Die Kids k\u00f6nnen sich durch <strong>Spiele und Puzzel Grundvokabular aus verschiedenen Themenbereichen aneignen. Folgende Breiche stehen zur Verf\u00fcgung: das ABC, Zahlen, Gem\u00fcse&amp;Obst, Tiere, Dinosaurier und Transport.\u00a0<\/strong>Die App ist kindgerecht da sie einfach zu nutzen ist und ein h\u00fcbsches Layout hat. Super ist auch, dass hier <strong>jedes Wort von einem Muttersprachler ausgesprochen<\/strong> wird. So k\u00f6nnen die Kinder wie kleine Papageie die W\u00f6rter wiederholen und spielerisch ihre Aussprache lernen.<\/p>\n<p>Die kostenlose Version gibt leider nicht zu allen Spielen Zugang und gibt das ABC auch nur zur H\u00e4lfte preis. Premiummitglieder dagegen k\u00f6nnen f\u00fcr \u20ac 3,50 von dem vollen Angebot profitieren. Kid\u2019s Garden gibt es f\u00fcr IOS im <a href=\"https:\/\/itunes.apple.com\/us\/app\/kids-garden-basic-skills\/id999797890?mt=8\" target=\"_blank\" rel=\"noopener noreferrer\">App Store<\/a> und f\u00fcr Android bei <a href=\"https:\/\/play.google.com\/store\/apps\/details?id=forqan.tech.shadow&amp;hl=de\" target=\"_blank\" rel=\"noopener noreferrer\">Google Play<\/a>.<\/p>\n<h3>Lerne Italienisch mit MindSnacks<\/h3>\n<div id='gallery-2' class='gallery galleryid-1343 gallery-columns-2 gallery-size-medium'><figure class='gallery-item'>\n\t\t\t<div class='gallery-icon portrait'>\n\t\t\t\t<img loading=\"lazy\" decoding=\"async\" width=\"635\" height=\"1128\" src=\"https:\/\/ils.simonemontanari.com\/de\/wp-content\/uploads\/sites\/2\/2018\/11\/kids-garden-2-635x1128.jpg\" class=\"attachment-medium size-medium\" alt=\"\" srcset=\"https:\/\/ils.simonemontanari.com\/de\/wp-content\/uploads\/sites\/2\/2018\/11\/kids-garden-2-635x1128.jpg 635w, https:\/\/ils.simonemontanari.com\/de\/wp-content\/uploads\/sites\/2\/2018\/11\/kids-garden-2.jpg 640w\" sizes=\"auto, (max-width: 635px) 100vw, 635px\" \/>\n\t\t\t<\/div><\/figure><figure class='gallery-item'>\n\t\t\t<div class='gallery-icon portrait'>\n\t\t\t\t<img loading=\"lazy\" decoding=\"async\" width=\"635\" height=\"1128\" src=\"https:\/\/ils.simonemontanari.com\/de\/wp-content\/uploads\/sites\/2\/2018\/11\/kids-garden-1-635x1128.jpg\" class=\"attachment-medium size-medium\" alt=\"\" srcset=\"https:\/\/ils.simonemontanari.com\/de\/wp-content\/uploads\/sites\/2\/2018\/11\/kids-garden-1-635x1128.jpg 635w, https:\/\/ils.simonemontanari.com\/de\/wp-content\/uploads\/sites\/2\/2018\/11\/kids-garden-1.jpg 640w\" sizes=\"auto, (max-width: 635px) 100vw, 635px\" \/>\n\t\t\t<\/div><\/figure>\n\t\t<\/div>\n\n<p>MindSnacks ist f\u00fcr <strong>\u00e4ltere Kinder, die schon Lesen und Schreiben k\u00f6nnen<\/strong>, eine gute Wahl. Noch besser wenn sie bereits eine winzigkleine Ahnung von Italienisch haben. Die Anwendung lehrt den Spr\u00f6\u00dflingen mit 9 lustigen Spielen \u00fcber 1000 Vokabeln und S\u00e4tze. Verglichen mit anderen Anwendungen hat MindSnacks zwei grundliegende Pluspunkte: korrektes Schreiben steht hier im Fokus und ihre Spiele erkennen automatisch schwierige W\u00f6rter und wiederholen diese \u00f6fter. Des weiteren werden gleich zu Beginn einige der grundliegenden Aspekte der italienischen Grammatik unterrichtet und die Kinder k\u00f6nnen ausserdem w\u00e4hlen was sie lernen m\u00f6chten.<\/p>\n<p>Was die App allerdings nicht von anderen unterscheidet ist, das die Gratisversion nur wenige Spiele freigibt. F\u00fcr alle Eltern, die ihren Kindern Zugang zum vollen Angebot geben m\u00f6chten, k\u00f6nnen das f\u00fcr \u20ac 4,99 tun. MindSnacks gibt es bis jetzt nur f\u00fcr IOS im <a href=\"https:\/\/itunes.apple.com\/us\/app\/learn-italian-by-mindsnacks\/id433199718?mt=8\" target=\"_blank\" rel=\"noopener noreferrer\">App Store<\/a>.<\/p>\n<h2>Videos<\/h2>\n<h3>Canzoni per bimbi.it<\/h3>\n<p>Musik macht neugierig und hilft neue W\u00f6rter zu lernen und besser zu merken. Daher stellen wir hier diesen <a href=\"https:\/\/www.youtube.com\/channel\/UCv1eHXj4h8gRX8DYfFz0Jxg\" target=\"_blank\" rel=\"noopener noreferrer\">YouTube-Kanal<\/a> vor, der <strong>viele sch\u00f6ne Kinderlieder vorstellt. Alle Lieder sind mit computeranimierten Videos versehen<\/strong>. Viele der Lieder sind Kindern in der einen oder anderen Sprache sicher schon bekannt, wie zum Beispiel &#8222;Old McDonald had a farm&#8220; oder &#8222;if you&#8217;re happy and you know it clap your hands&#8220;. Sicher finden sie es lustig diese Lieder mal auf Italienisch zu h\u00f6ren. <strong>Der Zugang zu den Videos ist kostenlos<\/strong> und es werden regelm\u00e4\u00dfg neue Lieder hochgeladen. Super f\u00fcr unterwegs: die Lieder gibt es auch als App hier:\u00a0<a href=\"https:\/\/itunes.apple.com\/it\/app\/canzoni-per-bimbi\/id1073346288?mt=8\" target=\"_blank\" rel=\"noopener noreferrer\">beim App Store<\/a> und <a href=\"https:\/\/play.google.com\/store\/apps\/details?id=com.canzoniperbimbi.it.app&amp;hl=en\" target=\"_blank\" rel=\"noopener noreferrer\">Google Play<\/a>.<\/p>\n<h3>Canzoni dello Zecchino d&#8217;Oro<\/h3>\n<p>Hier findet ihr eine Unmenge an italienischen Kinderliedern vom &#8222;Zecchino d&#8217;Oro&#8220; (Goldtaler). Sie sind alle vom Kinderchor Antoniano gesungen, was sie zu einem richtigen Ohrenschmaus macht und Kinder so andere Kinder italienisch sprechen bzw. singen h\u00f6ren. Alle Lieder werden von s\u00fc\u00dfen Trickfilmen begleitet. Reinschauen lohnt sich: <a href=\"https:\/\/www.youtube.com\/watch?v=uxV75UmuHLg&amp;index=2&amp;list=PLzd9nH2pNT6Rvs7ewHYRObbu4q8moK89W\" target=\"_blank\" rel=\"noopener noreferrer\">&#8222;lo Zecchino d&#8217;Oro&#8220;<\/a><\/p>\n<h3>Geschichten f\u00fcr Kinder auf Italienisch<\/h3>\n<p>Hier ist ein<a href=\"https:\/\/www.youtube.com\/channel\/UCgKvhlEKcFP7dAMEVMxjvNw\" target=\"_blank\" rel=\"noopener noreferrer\"> Youtube-kanal<\/a>, der eine Vielzahl an <strong>bekannten Geschichten und M\u00e4rchen enth\u00e4lt.<\/strong> Alle werden <strong>auf Italienisch<\/strong> von Muttersprachlern erz\u00e4hlt und sind mit englischem Untertitel versehen. Die Geschichten sind von niedlichen Trickfilmen begleitet. Die Laufzeit ist nicht zu lange (5 Minuten &#8211; 15 Minuten Laufzeit). So kann man sie gut als Gutenachtgeschichten nutzen oder morgens beim Fr\u00fchst\u00fcck laufen lassen.<\/p>\n<p>Alle vorgestetllten M\u00e4rchen sind sch\u00f6n. Welche uns jedoch am meisten gefallen haben sind: Die drei kleinen Schweinchen, Heidi und der Zauberer von Oz. Reinh\u00f6ren lohnt sich denn so wird das H\u00f6rverst\u00e4ndnis gef\u00f6rdert.<\/p>\n<h3>Lieder<\/h3>\n<p>Lieder <strong>helfen ungemein das H\u00f6rverst\u00e4ndnis zu schulen.<\/strong> Es gibt viele Kinderlieder, die in vielen L\u00e4ndern bekannt sind. Die Kinder werden bestimmt Freude beim Zuh\u00f6ren haben und sich sicher wundern wie anders ihnen bekannte Lieder auf Italienisch klingen. Und wer weiss, vielleicht bekommen sie richtig Lust etwas Italiensich zu lernen.<br \/>\n<span style=\"float: none; background-color: transparent; color: #333333; font-family: Georgia,'Times New Roman','Bitstream Charter',Times,serif; font-size: 16px; font-style: normal; font-variant: normal; font-weight: 400; letter-spacing: normal; line-height: 24px; text-align: left; text-decoration: none; text-indent: 0px;\">Hier einige Beispiele:<\/span><\/p>\n<p>&#8222;Kopf, Schultern, Knie und F\u00fc\u00dfe&#8220; &#8211; &#8222;Testa, spalle, ginocchia e piedi&#8220;<br \/>\n&#8222;Die R\u00e4der an dem Bus&#8220; &#8211; &#8222;Girano le ruote della corriera&#8220;<br \/>\n&#8222;Eine kleine Spinne&#8220; &#8211; &#8222;Whisky ragnetto&#8220;<\/p>\n<h4>Happy Birthday<\/h4>\n<p>Happy Birthday kann die ganze Familie lernen. Auch die Kleinsten lernen den einfachen Text schnell. Diese Version ist von einem s\u00fc\u00dfen Video mit <a href=\"https:\/\/www.youtube.com\/watch?v=dmh6bQ6ECRs\">Masha und B\u00e4r<\/a> begleitet. So macht das Lernen noch viel mehr Spass!<\/p>\n<h4>Alphabet<\/h4>\n<p>Das italienische ABC zu lernen ist ein guter Ausgangspunkt die Sprache zu lernen denn es lehrt Grundwissen der Aussprache.<\/p>\n","protected":false},"excerpt":{"rendered":"<p>Wenn sie Italienisch lernen, bekommen sie ein besseres Verst\u00e4ndnis von der Welt, lernen etwas \u00fcber verschiedene Kulturen und Lebensweisen und werden vielleicht sogar besser in ihrer eigenen Muttersprache. Italienisch als Kind zu lernen kann Spa\u00df machen. Es gibt Hunderte von verschiedenen Liedern, Spielen und Aktivit\u00e4ten, und wir hier im Europass haben einige der unserer Meinung [&hellip;]<\/p>\n","protected":false},"author":1788,"featured_media":1776,"parent":30,"menu_order":0,"comment_status":"closed","ping_status":"closed","template":"","meta":{"_acf_changed":false,"footnotes":""},"class_list":["post-1343","page","type-page","status-publish","has-post-thumbnail","hentry"],"acf":[],"_links":{"self":[{"href":"https:\/\/ils.simonemontanari.com\/de\/wp-json\/wp\/v2\/pages\/1343","targetHints":{"allow":["GET"]}}],"collection":[{"href":"https:\/\/ils.simonemontanari.com\/de\/wp-json\/wp\/v2\/pages"}],"about":[{"href":"https:\/\/ils.simonemontanari.com\/de\/wp-json\/wp\/v2\/types\/page"}],"author":[{"embeddable":true,"href":"https:\/\/ils.simonemontanari.com\/de\/wp-json\/wp\/v2\/users\/1788"}],"replies":[{"embeddable":true,"href":"https:\/\/ils.simonemontanari.com\/de\/wp-json\/wp\/v2\/comments?post=1343"}],"version-history":[{"count":0,"href":"https:\/\/ils.simonemontanari.com\/de\/wp-json\/wp\/v2\/pages\/1343\/revisions"}],"up":[{"embeddable":true,"href":"https:\/\/ils.simonemontanari.com\/de\/wp-json\/wp\/v2\/pages\/30"}],"wp:featuredmedia":[{"embeddable":true,"href":"https:\/\/ils.simonemontanari.com\/de\/wp-json\/wp\/v2\/media\/1776"}],"wp:attachment":[{"href":"https:\/\/ils.simonemontanari.com\/de\/wp-json\/wp\/v2\/media?parent=1343"}],"curies":[{"name":"wp","href":"https:\/\/api.w.org\/{rel}","templated":true}]}}