{"id":1632,"date":"2019-12-13T13:28:58","date_gmt":"2019-12-13T12:28:58","guid":{"rendered":"https:\/\/ils.simonemontanari.com\/de\/?page_id=1632"},"modified":"2024-12-05T12:29:48","modified_gmt":"2024-12-05T11:29:48","slug":"bildungsurlaub-florenz-italien","status":"publish","type":"page","link":"https:\/\/ils.simonemontanari.com\/de\/bildungsurlaub-florenz-italien\/","title":{"rendered":"Bildungsurlaub &#8211; Italienischkurse in Florenz"},"content":{"rendered":"<h2>Was genau ist Bildungsurlaub?<\/h2>\n<p>Bildungsurlaub ist eine besondere Form des Urlaubs, mit der der Staat die Initiative von Arbeitnehmern zum lebenslangen Lernen f\u00f6rdert.<\/p>\n<p>Je nach Bundesland und Arbeitsverh\u00e4ltnis stehen Arbeitnehmern und Auszubildenden <strong>5 oder 10 Tage pro Jahr<\/strong> zur beruflichen Fort- und Weiterbildung zur Verf\u00fcgung, ohne dass sie ihren Jahresurlaub in Anspruch nehmen m\u00fcssen.<\/p>\n<p>Um eine Sprachreise als Bildungsurlaub genehmigt zu bekommen, muss der Sprachkurs bestimmte Anforderungen erf\u00fcllen. Eine Anforderung, die fast alle Bundesl\u00e4nder gemeinsam haben ist, dass der Sprachkurs<b> 360 Minuten pro Tag<\/b> nicht unterschreiten sollte.<\/p>\n<p>Eine Ausnahme der Regel stellen hier die L\u00e4nder <strong>Hamburg und Berlin<\/strong> dar. Hier darf der Kurs <strong>300 Minuten pro Tag<\/strong> nicht unterschreiten.<\/p>\n<p>Unsere Sprachkurse<b> \u201cItalienisch Super Intensiv\u201d<\/b> und <strong>&#8222;Italienisch Intensiv&#8220;<\/strong> entsprechen genau diesen Anforderungen.<\/p>\n<h2>Bundesl\u00e4nder<\/h2>\n<p>in denen der<strong> \u201cItalienisch Super Intensiv\u201d <\/strong>Kurs anerkannt ist:<\/p>\n<ul>\n<li>Hessen<\/li>\n<li>Rheinland-Pfalz<\/li>\n<li>Saarland<\/li>\n<li>Schleswig-Holstein<\/li>\n<li>Niedersachsen (in Frage kommende Kurskombination auf Anfrage)<\/li>\n<li>Sachsen-Anhalt<\/li>\n<\/ul>\n<h2>Stundenplan und Preise<\/h2>\n<p><strong>T\u00e4glicher Unterricht, vor- und nachmittags.<\/strong><br \/>\n<div class=\"clear course-hours\"><i class=\"fal fa-calendar-alt fa-fw\"><\/i> Montag bis Freitag.<br \/>\n<i class=\"fal fa-clock fa-fw\"><\/i> Unterricht von 9:00 bis 12:40 Uhr und von 13:10 bis 15:40 Uhr. <\/div>\n<div class=\"row has-columns two-columns \">\n<div class=\"column\">\n<table class=\"price-table\">\n<tbody>\n<tr>\n<th>Wochen<\/th>\n<th>Preis<\/th>\n<\/tr>\n<tr>\n<td>1<\/td>\n<td>460 \u20ac<\/td>\n<\/tr>\n<tr>\n<td>2<\/td>\n<td>880 \u20ac<\/td>\n<\/tr>\n<\/tbody>\n<\/table>\n<\/div>\n<div class=\"column\">\n<div class=\"clear course-hours\">\n35 Unterrichtseinheiten pro Woche<br \/>\n7 Unterrichtseinheiten pro Tag<br \/>\n1 Unterrichtseinheit = 50 Minuten<br \/>\n<\/div>\n<\/div>\n<\/div>\n<h2>Bundesl\u00e4nder<\/h2>\n<p>in denen der <strong>\u201cItalienisch Intensiv\u201d <\/strong>Kurs anerkannt ist:<\/p>\n<ul>\n<li>Berlin<\/li>\n<li>Hamburg &#8211; 5 Tage<\/li>\n<li>Hamburg &#8211; 10 Tage<\/li>\n<li>Nordrhein-Westfalen (\u00fcbernimmt die Hamburger Anerkennung)<\/li>\n<\/ul>\n<h2>Stundenplan und Preise<\/h2>\n<p><strong>T\u00e4glicher Unterricht, vor- und nachmittags.<\/strong><br \/>\n<div class=\"clear course-hours\"><i class=\"fal fa-calendar-alt fa-fw\"><\/i> Montag bis Freitag.<br \/>\n<i class=\"fal fa-clock fa-fw\"><\/i> Unterricht von 9:00 bis 12:40 Uhr und von 13:10 bis 14:50 Uhr. <\/div>\n<div class=\"row has-columns two-columns \">\n<div class=\"column\">\n<table class=\"price-table\">\n<tbody>\n<tr>\n<th>Wochen<\/th>\n<th>Preis<\/th>\n<\/tr>\n<tr>\n<td>1<\/td>\n<td>400 \u20ac<\/td>\n<\/tr>\n<tr>\n<td>2<\/td>\n<td>740 \u20ac<\/td>\n<\/tr>\n<\/tbody>\n<\/table>\n<\/div>\n<div class=\"column\">\n30 Unterrichtseinheiten pro Woche<br \/>\n6 Unterrichtseinheiten pro Tag<br \/>\n1 Unterrichtseinheit = 50 Minuten<br \/>\n<\/div>\n<\/div>\n<p>Bildungsurlaub wird in der Regel f\u00fcr 5 oder 10 Tage genehmigt. Falls Du Deinen Aufenthalt mit eigenen Urlaubstagen verl\u00e4ngern m\u00f6chtest, kannst Du gerne zus\u00e4tzliche Kurswochen buchen.<\/p>\n<h2>Wie meldest Du Deinen Bildungsurlaub an<\/h2>\n<ul>\n<li>Du hast Dir schon einen Zeitraum ausgesucht? Schreibe uns, ob der Kurs verf\u00fcgbar ist und teile uns mit in welchem Bundesland Du arbeitest.<\/li>\n<li>Sprich mit Deinem Arbeitgeber und informiere ihn \u00fcber Deinen Wunsch nach Bildungsfreistellung.<\/li>\n<li>Sobald Du die vorl\u00e4ufige Genehmigung erhalten hast, kannst Du den Kurs zu Deinem Wunschtermin bei uns buchen.<\/li>\n<li>Wir werden Dir folgende Unterlagen zur Vorlage bei Deinem Arbeitgeber zusenden:\n<ul>\n<li>Buchungsbest\u00e4tigung<\/li>\n<li>Kopie der Bildungsurlaubs-Anerkennung Deines Bundeslandes<\/li>\n<li>Anmeldebescheinigung und, falls erforderlich, den Stundenplan (ist nur in einigen wenigen Bundesl\u00e4ndern n\u00f6tig)<\/li>\n<li>Teilnahmebest\u00e4tigung am Ende des Kurses<\/li>\n<\/ul>\n<\/li>\n<\/ul>\n<p>Sollte Dein Arbeitgeber Deine Bildungsurlaubsanmeldung nicht akzeptieren, kannst Du kostenlos von der Kursbuchung zur\u00fccktreten.<\/p>\n<p>Unser Tipp: Bildungsurlaub von der Steuer absetzen<br \/>\nUnter bestimmten Voraussetzungen sind die Kosten eines Sprachkurses steuerlich absetzbar.<\/p>\n<h2>Details<\/h2>\n<div class=\"icon-box\"><i class=\"fal fa-trophy-alt fa-fw fa-2x\"><\/i><span class=\"icon-box-text\">Keine Anmeldegeb\u00fchr<\/span><\/div>\n<div class=\"icon-box\"><i class=\"fal fa-calendar-check fa-fw fa-2x\"><\/i><span class=\"icon-box-text\">Kurse sind das ganze Jahr verf\u00fcgbar<\/span><\/div>\n<div class=\"icon-box\"><i class=\"fal fa-sliders-h fa-fw fa-2x\"><\/i><span class=\"icon-box-text\">Kurse sind f\u00fcr jedes Sprachniveau verf\u00fcgbar<\/span><\/div>\n<div class=\"icon-box\"><i class=\"fal fa-users fa-fw fa-2x\"><\/i><span class=\"icon-box-text\">Klassengr\u00f6\u00dfe: min. 3, max. 12 Sch\u00fcler<\/span><\/div>\n<div class=\"icon-box\"><i class=\"fal fa-futbol fa-fw fa-2x\"><\/i><span class=\"icon-box-text\">Kostenlose Stornierung (zwei Wochen im Voraus)<\/span><\/div>\n<div class=\"icon-box\"><i class=\"fal fa-hourglass-start fa-fw fa-2x\"><\/i><span class=\"icon-box-text\">Flexible Kursdauer<\/span><\/div>\n<h4>Starttermine 2024-2025<\/h4>\n<details class=\"accordion light\"><summary>Nicht-Anf\u00e4nger<span class=\"icon\"><svg xmlns=\"http:\/\/www.w3.org\/2000\/svg\" aria-hidden=\"true\" role=\"img\" viewBox=\"0 0 448 512\"><path fill=\"currentColor\" d=\"M421.1 244.2L224 426.2l-197.1-181.1C23.78 241.4 19.89 239.1 16 239.1c-4.312 0-8.609 1.719-11.75 5.156c-6 6.5-5.594 16.59 .8906 22.59l208 192c6.156 5.688 15.56 5.688 21.72 0l208-192c6.484-6 6.891-16.09 .8906-22.59C437.8 238.6 427.6 238.2 421.1 244.2zM213.1 267.8c6.156 5.688 15.56 5.688 21.72 0l208-192c6.484-6 6.891-16.09 .8906-22.59c-5.969-6.531-16.11-6.906-22.61-.9062L224 234.2L26.86 52.26C23.78 49.41 19.89 48.01 16 48.01c-4.312 0-8.609 1.719-11.75 5.156c-6 6.5-5.594 16.59 .8906 22.59L213.1 267.8z\"\/><\/svg><\/span><\/summary>\n<p>Jeden Montag<\/p>\n<p>F\u00fcr eine nicht angegebene Wochenanzahl und spezielle Anfragen <a href=\"#page-cta\">schreibe uns<\/a> und wir werden Dir gerne einen Kostenvoranschlag zusenden.<\/p>\n<\/details>\n<details class=\"accordion light\"><summary>Sprachanf\u00e4nger<span class=\"icon\"><svg xmlns=\"http:\/\/www.w3.org\/2000\/svg\" aria-hidden=\"true\" role=\"img\" viewBox=\"0 0 448 512\"><path fill=\"currentColor\" d=\"M421.1 244.2L224 426.2l-197.1-181.1C23.78 241.4 19.89 239.1 16 239.1c-4.312 0-8.609 1.719-11.75 5.156c-6 6.5-5.594 16.59 .8906 22.59l208 192c6.156 5.688 15.56 5.688 21.72 0l208-192c6.484-6 6.891-16.09 .8906-22.59C437.8 238.6 427.6 238.2 421.1 244.2zM213.1 267.8c6.156 5.688 15.56 5.688 21.72 0l208-192c6.484-6 6.891-16.09 .8906-22.59c-5.969-6.531-16.11-6.906-22.61-.9062L224 234.2L26.86 52.26C23.78 49.41 19.89 48.01 16 48.01c-4.312 0-8.609 1.719-11.75 5.156c-6 6.5-5.594 16.59 .8906 22.59L213.1 267.8z\"\/><\/svg><\/span><\/summary>\n<p>Alle zwei Wochen<br \/>\n<strong>2025:<\/strong> 07\/01, 20\/01, 03\/02, 17\/02, 03\/03, 17\/03, 31\/03, 14\/04, 05\/05, 19\/05, 03\/06, 16\/06, 30\/06, 14\/07, 28\/07, 11\/08, 01\/09, 15\/09, 29\/09, 13\/10, 27\/10, 10\/11, 24\/11, 09\/12.<br \/>\n<strong>2026:<\/strong> 05\/01, 12\/01, 02\/02, 09\/02, 02\/03, 09\/03, 06\/04, 13\/04, 04\/05, 11\/05, 01\/06, 08\/06, 06\/07, 13\/07, 03\/08, 10\/08, 07\/09, 14\/09, 05\/10, 12\/10, 02\/11, 09\/11, 07\/12, 14\/12.<\/p>\n<p>F\u00fcr eine nicht angegebene Wochenanzahl und spezielle Anfragen <a href=\"#page-cta\">schreibe uns<\/a> und wir werden Dir gerne einen Kostenvoranschlag zusenden.<\/p>\n<\/details>\n<details class=\"accordion light\"><summary>Weitere Informationen<span class=\"icon\"><svg xmlns=\"http:\/\/www.w3.org\/2000\/svg\" aria-hidden=\"true\" role=\"img\" viewBox=\"0 0 448 512\"><path fill=\"currentColor\" d=\"M421.1 244.2L224 426.2l-197.1-181.1C23.78 241.4 19.89 239.1 16 239.1c-4.312 0-8.609 1.719-11.75 5.156c-6 6.5-5.594 16.59 .8906 22.59l208 192c6.156 5.688 15.56 5.688 21.72 0l208-192c6.484-6 6.891-16.09 .8906-22.59C437.8 238.6 427.6 238.2 421.1 244.2zM213.1 267.8c6.156 5.688 15.56 5.688 21.72 0l208-192c6.484-6 6.891-16.09 .8906-22.59c-5.969-6.531-16.11-6.906-22.61-.9062L224 234.2L26.86 52.26C23.78 49.41 19.89 48.01 16 48.01c-4.312 0-8.609 1.719-11.75 5.156c-6 6.5-5.594 16.59 .8906 22.59L213.1 267.8z\"\/><\/svg><\/span><\/summary>\n<p><strong>Jeder Kurs beinhaltet<\/strong>: Bestimmung des Sprachniveaus, Kursmaterial, Teilnahmezertifikat, allgemeine Unterst\u00fctzung w\u00e4hrend des Aufenthaltes, W-LAN Nutzung, DVD &amp; Buchverleih.<\/p>\n<p><strong>Beinhaltet nicht<\/strong>: <a href=\"https:\/\/ils.simonemontanari.com\/de\/aufenthalt\/unterkuenfte\/\">Unterkunft<\/a>, weitere <a href=\"https:\/\/ils.simonemontanari.com\/de\/aufenthalt\/freizeitaktivitaeten\/\">Learning tours und Aktivit\u00e4ten<\/a> w\u00e4hrend der Woche und am Wochenende.<\/p>\n<p>Entdecke unsere <a href=\"https:\/\/ils.simonemontanari.com\/de\/urlaub\/\">Learning Holidays<\/a>, Urlaubspakete, die Kurse und verschiedene soziokulturelle Aktivit\u00e4ten bzw. Kochlektionen\/ Mal-\/Zeichenunterricht etc beinhalten.<\/p>\n<\/details>\n<p><span class=\"ui-provider bqe bqf bqg bqh bqi bqj bqk bql bqm bqn bqo bqp bqq bqr bqs bqt bqu bqv bqw bqx bqy bqz bra brb brc brd bre brf brg brh bri brj brk brl brm\" dir=\"ltr\"><span class=\"ep-cta-button\"><a class=\"button\" href=\"https:\/\/europass.surveysparrow.com\/s\/bildungsurlaub---italienischkurse-in-florenz\/tt-g3ksRr2J9KMakhCaTL9SuY\">Jetzt Buchen<span class=\"icon\"><svg xmlns=\"http:\/\/www.w3.org\/2000\/svg\" aria-hidden=\"true\" focusable=\"false\" role=\"img\" viewBox=\"0 0 448 512\"><path fill=\"currentColor\" d=\"M443.7 266.8l-165.9 176C274.5 446.3 269.1 448 265.5 448c-3.986 0-7.988-1.375-11.16-4.156c-6.773-5.938-7.275-16.06-1.118-22.59L393.9 272H16.59c-9.171 0-16.59-7.155-16.59-15.1S7.421 240 16.59 240h377.3l-140.7-149.3c-6.157-6.531-5.655-16.66 1.118-22.59c6.789-5.906 17.27-5.469 23.45 1.094l165.9 176C449.4 251.3 449.4 260.7 443.7 266.8z\"\/><\/svg><\/span> <\/a><\/span><\/span><\/p>\n","protected":false},"excerpt":{"rendered":"<p>Was genau ist Bildungsurlaub? Bildungsurlaub ist eine besondere Form des Urlaubs, mit der der Staat die Initiative von Arbeitnehmern zum lebenslangen Lernen f\u00f6rdert. Je nach Bundesland und Arbeitsverh\u00e4ltnis stehen Arbeitnehmern und Auszubildenden 5 oder 10 Tage pro Jahr zur beruflichen Fort- und Weiterbildung zur Verf\u00fcgung, ohne dass sie ihren Jahresurlaub in Anspruch nehmen m\u00fcssen. Um [&hellip;]<\/p>\n","protected":false},"author":1788,"featured_media":6931,"parent":0,"menu_order":0,"comment_status":"closed","ping_status":"closed","template":"","meta":{"_acf_changed":false,"footnotes":""},"class_list":["post-1632","page","type-page","status-publish","has-post-thumbnail","hentry"],"acf":[],"_links":{"self":[{"href":"https:\/\/ils.simonemontanari.com\/de\/wp-json\/wp\/v2\/pages\/1632","targetHints":{"allow":["GET"]}}],"collection":[{"href":"https:\/\/ils.simonemontanari.com\/de\/wp-json\/wp\/v2\/pages"}],"about":[{"href":"https:\/\/ils.simonemontanari.com\/de\/wp-json\/wp\/v2\/types\/page"}],"author":[{"embeddable":true,"href":"https:\/\/ils.simonemontanari.com\/de\/wp-json\/wp\/v2\/users\/1788"}],"replies":[{"embeddable":true,"href":"https:\/\/ils.simonemontanari.com\/de\/wp-json\/wp\/v2\/comments?post=1632"}],"version-history":[{"count":0,"href":"https:\/\/ils.simonemontanari.com\/de\/wp-json\/wp\/v2\/pages\/1632\/revisions"}],"wp:featuredmedia":[{"embeddable":true,"href":"https:\/\/ils.simonemontanari.com\/de\/wp-json\/wp\/v2\/media\/6931"}],"wp:attachment":[{"href":"https:\/\/ils.simonemontanari.com\/de\/wp-json\/wp\/v2\/media?parent=1632"}],"curies":[{"name":"wp","href":"https:\/\/api.w.org\/{rel}","templated":true}]}}