{"id":18,"date":"2017-12-05T16:15:25","date_gmt":"2017-12-05T15:15:25","guid":{"rendered":"https:\/\/ils.simonemontanari.com\/de\/stay-in-florence\/"},"modified":"2024-08-23T12:31:44","modified_gmt":"2024-08-23T10:31:44","slug":"aufenthalt","status":"publish","type":"page","link":"https:\/\/ils.simonemontanari.com\/de\/aufenthalt\/","title":{"rendered":"Dein Aufenthalt in Florenz"},"content":{"rendered":"<div class=\"row has-columns three-columns \">\n<div class=\"column\">\n<p>Mach dir keinen Stress mit der Reiseplanung.<\/p>\n<p>Wir m\u00f6chten, dass du dich sicher f\u00fchlst und entspannt deinem Sprachurlaub entgegen trittst. Frage uns nach Tips und Tricks um m\u00f6glichen H\u00fcrden vorzubeugen.<\/p>\n<p>Wir setzen alles daran, das dein Italienurlaub der allerbeste \u00fcberhaupt wird.<\/p>\n<\/div>\n<div class=\"column\">\n        <div class=\"page-card unterkuenfte is-style-default\">\n                            <figure class=\"page-card_image\">\n                    <a href=\"https:\/\/ils.simonemontanari.com\/de\/aufenthalt\/unterkuenfte\/\" title=\"Unterk\u00fcnfte\">\n                        <img loading=\"lazy\" decoding=\"async\" width=\"376\" height=\"250\" src=\"https:\/\/ils.simonemontanari.com\/de\/wp-content\/uploads\/sites\/2\/2024\/09\/Benvenuto-376x250.jpg\" class=\"attachment-thumbnail size-thumbnail wp-post-image\" alt=\"\" \/>                    <\/a>\n                <\/figure>\n            <h2 class=\"page-card_title\"><a href=\"https:\/\/ils.simonemontanari.com\/de\/aufenthalt\/unterkuenfte\/\" title=\"Unterk\u00fcnfte\">Unterk\u00fcnfte<\/a><\/h2>            <p class=\"page-card_text\">Wohl ausgew\u00e4hlte Unterk\u00fcnfte in Florenz, die jedermanns W\u00fcnsche zufrieden stellen.<\/p>\n                        <p class=\"page-card_cta\"><a href=\"https:\/\/ils.simonemontanari.com\/de\/aufenthalt\/unterkuenfte\/\">Mehr entdecken<span class=\"icon\"><svg xmlns=\"http:\/\/www.w3.org\/2000\/svg\" aria-hidden=\"true\" focusable=\"false\" role=\"img\" viewBox=\"0 0 448 512\"><path fill=\"currentColor\" d=\"M443.7 266.8l-165.9 176C274.5 446.3 269.1 448 265.5 448c-3.986 0-7.988-1.375-11.16-4.156c-6.773-5.938-7.275-16.06-1.118-22.59L393.9 272H16.59c-9.171 0-16.59-7.155-16.59-15.1S7.421 240 16.59 240h377.3l-140.7-149.3c-6.157-6.531-5.655-16.66 1.118-22.59c6.789-5.906 17.27-5.469 23.45 1.094l165.9 176C449.4 251.3 449.4 260.7 443.7 266.8z\"\/><\/svg><\/span><\/a><\/p>\n                    <\/div>\n        \n<\/div>\n<div class=\"column\">\n        <div class=\"page-card freizeitaktivitaeten is-style-default\">\n                            <figure class=\"page-card_image\">\n                    <a href=\"https:\/\/ils.simonemontanari.com\/de\/aufenthalt\/freizeitaktivitaeten\/\" title=\"Freizeitaktivit\u00e4ten\">\n                        <img loading=\"lazy\" decoding=\"async\" width=\"376\" height=\"250\" src=\"https:\/\/ils.simonemontanari.com\/de\/wp-content\/uploads\/sites\/2\/2020\/03\/Florenz-Aussicht-376x250.jpg\" class=\"attachment-thumbnail size-thumbnail wp-post-image\" alt=\"Jungs-Florenz-Panorama-Punkt\" \/>                    <\/a>\n                <\/figure>\n            <h2 class=\"page-card_title\"><a href=\"https:\/\/ils.simonemontanari.com\/de\/aufenthalt\/freizeitaktivitaeten\/\" title=\"Freizeitaktivit\u00e4ten\">Freizeitaktivit\u00e4ten<\/a><\/h2>            <p class=\"page-card_text\">Mit unserer gro\u00dfen Auswahl an Rundg\u00e4ngen und Besichtigungen entdeckst du Florenz bis in die kleinste Ecke!<\/p>\n                        <p class=\"page-card_cta\"><a href=\"https:\/\/ils.simonemontanari.com\/de\/aufenthalt\/freizeitaktivitaeten\/\">Mehr entdecken<span class=\"icon\"><svg xmlns=\"http:\/\/www.w3.org\/2000\/svg\" aria-hidden=\"true\" focusable=\"false\" role=\"img\" viewBox=\"0 0 448 512\"><path fill=\"currentColor\" d=\"M443.7 266.8l-165.9 176C274.5 446.3 269.1 448 265.5 448c-3.986 0-7.988-1.375-11.16-4.156c-6.773-5.938-7.275-16.06-1.118-22.59L393.9 272H16.59c-9.171 0-16.59-7.155-16.59-15.1S7.421 240 16.59 240h377.3l-140.7-149.3c-6.157-6.531-5.655-16.66 1.118-22.59c6.789-5.906 17.27-5.469 23.45 1.094l165.9 176C449.4 251.3 449.4 260.7 443.7 266.8z\"\/><\/svg><\/span><\/a><\/p>\n                    <\/div>\n        \n<\/div>\n<div class=\"column\">\n        <div class=\"page-card erreichen is-style-default\">\n                            <figure class=\"page-card_image\">\n                    <a href=\"https:\/\/ils.simonemontanari.com\/de\/aufenthalt\/erreichen\/\" title=\"Florenz Erreichen\">\n                        <img loading=\"lazy\" decoding=\"async\" width=\"376\" height=\"250\" src=\"https:\/\/ils.simonemontanari.com\/de\/wp-content\/uploads\/sites\/2\/2020\/03\/italienisches-Auto-376x250.jpg\" class=\"attachment-thumbnail size-thumbnail wp-post-image\" alt=\"Auto kommt nach Florenz\" \/>                    <\/a>\n                <\/figure>\n            <h2 class=\"page-card_title\"><a href=\"https:\/\/ils.simonemontanari.com\/de\/aufenthalt\/erreichen\/\" title=\"Florenz Erreichen\">Florenz Erreichen<\/a><\/h2>            <p class=\"page-card_text\">Alle Infos die du brauchst um Florenz zu erreichen. Egal woher du kommst.<\/p>\n                        <p class=\"page-card_cta\"><a href=\"https:\/\/ils.simonemontanari.com\/de\/aufenthalt\/erreichen\/\">Mehr entdecken<span class=\"icon\"><svg xmlns=\"http:\/\/www.w3.org\/2000\/svg\" aria-hidden=\"true\" focusable=\"false\" role=\"img\" viewBox=\"0 0 448 512\"><path fill=\"currentColor\" d=\"M443.7 266.8l-165.9 176C274.5 446.3 269.1 448 265.5 448c-3.986 0-7.988-1.375-11.16-4.156c-6.773-5.938-7.275-16.06-1.118-22.59L393.9 272H16.59c-9.171 0-16.59-7.155-16.59-15.1S7.421 240 16.59 240h377.3l-140.7-149.3c-6.157-6.531-5.655-16.66 1.118-22.59c6.789-5.906 17.27-5.469 23.45 1.094l165.9 176C449.4 251.3 449.4 260.7 443.7 266.8z\"\/><\/svg><\/span><\/a><\/p>\n                    <\/div>\n        \n<\/div>\n<div class=\"column\">\n        <div class=\"page-card faq is-style-default\">\n                            <figure class=\"page-card_image\">\n                    <a href=\"https:\/\/ils.simonemontanari.com\/de\/faq\/\" title=\"FAQ &#8211; H\u00e4ufig gestellte Fragen\">\n                        <img loading=\"lazy\" decoding=\"async\" width=\"376\" height=\"250\" src=\"https:\/\/ils.simonemontanari.com\/de\/wp-content\/uploads\/sites\/2\/2024\/10\/FAQs-376x250.jpg\" class=\"attachment-thumbnail size-thumbnail wp-post-image\" alt=\"\" \/>                    <\/a>\n                <\/figure>\n            <h2 class=\"page-card_title\"><a href=\"https:\/\/ils.simonemontanari.com\/de\/faq\/\" title=\"FAQ &#8211; H\u00e4ufig gestellte Fragen\">FAQ &#8211; H\u00e4ufig gestellte Fragen<\/a><\/h2>            <p class=\"page-card_text\">Hier findest du die Antworten auf deine wichtigsten Fragen!<\/p>\n                        <p class=\"page-card_cta\"><a href=\"https:\/\/ils.simonemontanari.com\/de\/faq\/\">Mehr entdecken<span class=\"icon\"><svg xmlns=\"http:\/\/www.w3.org\/2000\/svg\" aria-hidden=\"true\" focusable=\"false\" role=\"img\" viewBox=\"0 0 448 512\"><path fill=\"currentColor\" d=\"M443.7 266.8l-165.9 176C274.5 446.3 269.1 448 265.5 448c-3.986 0-7.988-1.375-11.16-4.156c-6.773-5.938-7.275-16.06-1.118-22.59L393.9 272H16.59c-9.171 0-16.59-7.155-16.59-15.1S7.421 240 16.59 240h377.3l-140.7-149.3c-6.157-6.531-5.655-16.66 1.118-22.59c6.789-5.906 17.27-5.469 23.45 1.094l165.9 176C449.4 251.3 449.4 260.7 443.7 266.8z\"\/><\/svg><\/span><\/a><\/p>\n                    <\/div>\n        \n<\/div>\n<div class=\"column\">\n        <div class=\"page-card tipps is-style-default\">\n                            <figure class=\"page-card_image\">\n                    <a href=\"https:\/\/ils.simonemontanari.com\/de\/aufenthalt\/tipps\/\" title=\"Europass Tipps f\u00fcr Florenz\">\n                        <img loading=\"lazy\" decoding=\"async\" width=\"376\" height=\"250\" src=\"https:\/\/ils.simonemontanari.com\/de\/wp-content\/uploads\/sites\/2\/2021\/09\/940044-376x250.jpg\" class=\"attachment-thumbnail size-thumbnail wp-post-image\" alt=\"\" \/>                    <\/a>\n                <\/figure>\n            <h2 class=\"page-card_title\"><a href=\"https:\/\/ils.simonemontanari.com\/de\/aufenthalt\/tipps\/\" title=\"Europass Tipps f\u00fcr Florenz\">Europass Tipps f\u00fcr Florenz<\/a><\/h2>            <p class=\"page-card_text\">Ein schneller und praktischer Stadtf\u00fchrer, um die faszinierende Florenz von ihrer besten Seite kennenzulernen.<\/p>\n                        <p class=\"page-card_cta\"><a href=\"https:\/\/ils.simonemontanari.com\/de\/aufenthalt\/tipps\/\">Mehr entdecken<span class=\"icon\"><svg xmlns=\"http:\/\/www.w3.org\/2000\/svg\" aria-hidden=\"true\" focusable=\"false\" role=\"img\" viewBox=\"0 0 448 512\"><path fill=\"currentColor\" d=\"M443.7 266.8l-165.9 176C274.5 446.3 269.1 448 265.5 448c-3.986 0-7.988-1.375-11.16-4.156c-6.773-5.938-7.275-16.06-1.118-22.59L393.9 272H16.59c-9.171 0-16.59-7.155-16.59-15.1S7.421 240 16.59 240h377.3l-140.7-149.3c-6.157-6.531-5.655-16.66 1.118-22.59c6.789-5.906 17.27-5.469 23.45 1.094l165.9 176C449.4 251.3 449.4 260.7 443.7 266.8z\"\/><\/svg><\/span><\/a><\/p>\n                    <\/div>\n        \n<\/div>\n<div class=\"column\">\n        <div class=\"page-card wie-du-dich-ohne-auto-in-florenz-bewegst is-style-default\">\n                            <figure class=\"page-card_image\">\n                    <a href=\"https:\/\/ils.simonemontanari.com\/de\/aufenthalt\/wie-du-dich-ohne-auto-in-florenz-bewegst\/\" title=\"Wie du dich ohne Auto in Florenz bewegst\">\n                        <img loading=\"lazy\" decoding=\"async\" width=\"376\" height=\"250\" src=\"https:\/\/ils.simonemontanari.com\/de\/wp-content\/uploads\/sites\/2\/2020\/04\/get-around-376x250.jpg\" class=\"attachment-thumbnail size-thumbnail wp-post-image\" alt=\"\" srcset=\"https:\/\/ils.simonemontanari.com\/de\/wp-content\/uploads\/sites\/2\/2020\/04\/get-around-376x250.jpg 376w, https:\/\/ils.simonemontanari.com\/de\/wp-content\/uploads\/sites\/2\/2020\/04\/get-around-752x498.jpg 752w, https:\/\/ils.simonemontanari.com\/de\/wp-content\/uploads\/sites\/2\/2020\/04\/get-around-768x509.jpg 768w, https:\/\/ils.simonemontanari.com\/de\/wp-content\/uploads\/sites\/2\/2020\/04\/get-around.jpg 1055w\" sizes=\"auto, (max-width: 376px) 100vw, 376px\" \/>                    <\/a>\n                <\/figure>\n            <h2 class=\"page-card_title\"><a href=\"https:\/\/ils.simonemontanari.com\/de\/aufenthalt\/wie-du-dich-ohne-auto-in-florenz-bewegst\/\" title=\"Wie du dich ohne Auto in Florenz bewegst\">Wie du dich ohne Auto in Florenz bewegst<\/a><\/h2>            <p class=\"page-card_text\">Vermeide es, Florenz mit dem Auto zu erkunden. Ein n\u00fctzlicher Leitfaden, um die Stadt mit dem Fahrrad oder mit \u00f6ffentlichen Verkehrsmitteln zu erkunden.<\/p>\n                        <p class=\"page-card_cta\"><a href=\"https:\/\/ils.simonemontanari.com\/de\/aufenthalt\/wie-du-dich-ohne-auto-in-florenz-bewegst\/\">Mehr entdecken<span class=\"icon\"><svg xmlns=\"http:\/\/www.w3.org\/2000\/svg\" aria-hidden=\"true\" focusable=\"false\" role=\"img\" viewBox=\"0 0 448 512\"><path fill=\"currentColor\" d=\"M443.7 266.8l-165.9 176C274.5 446.3 269.1 448 265.5 448c-3.986 0-7.988-1.375-11.16-4.156c-6.773-5.938-7.275-16.06-1.118-22.59L393.9 272H16.59c-9.171 0-16.59-7.155-16.59-15.1S7.421 240 16.59 240h377.3l-140.7-149.3c-6.157-6.531-5.655-16.66 1.118-22.59c6.789-5.906 17.27-5.469 23.45 1.094l165.9 176C449.4 251.3 449.4 260.7 443.7 266.8z\"\/><\/svg><\/span><\/a><\/p>\n                    <\/div>\n        \n<\/div>\n<div class=\"column\">\n<\/div>\n<div class=\"column\">\n<\/div>\n<\/div>\n","protected":false},"excerpt":{"rendered":"","protected":false},"author":1788,"featured_media":1754,"parent":0,"menu_order":50,"comment_status":"closed","ping_status":"closed","template":"full-width.php","meta":{"_acf_changed":false,"footnotes":""},"class_list":["post-18","page","type-page","status-publish","has-post-thumbnail","hentry"],"acf":[],"_links":{"self":[{"href":"https:\/\/ils.simonemontanari.com\/de\/wp-json\/wp\/v2\/pages\/18","targetHints":{"allow":["GET"]}}],"collection":[{"href":"https:\/\/ils.simonemontanari.com\/de\/wp-json\/wp\/v2\/pages"}],"about":[{"href":"https:\/\/ils.simonemontanari.com\/de\/wp-json\/wp\/v2\/types\/page"}],"author":[{"embeddable":true,"href":"https:\/\/ils.simonemontanari.com\/de\/wp-json\/wp\/v2\/users\/1788"}],"replies":[{"embeddable":true,"href":"https:\/\/ils.simonemontanari.com\/de\/wp-json\/wp\/v2\/comments?post=18"}],"version-history":[{"count":0,"href":"https:\/\/ils.simonemontanari.com\/de\/wp-json\/wp\/v2\/pages\/18\/revisions"}],"wp:featuredmedia":[{"embeddable":true,"href":"https:\/\/ils.simonemontanari.com\/de\/wp-json\/wp\/v2\/media\/1754"}],"wp:attachment":[{"href":"https:\/\/ils.simonemontanari.com\/de\/wp-json\/wp\/v2\/media?parent=18"}],"curies":[{"name":"wp","href":"https:\/\/api.w.org\/{rel}","templated":true}]}}