{"id":1890,"date":"2020-03-20T12:09:29","date_gmt":"2020-03-20T11:09:29","guid":{"rendered":"https:\/\/ils.simonemontanari.com\/de\/?page_id=1890"},"modified":"2024-09-23T11:14:27","modified_gmt":"2024-09-23T09:14:27","slug":"italienisch-online-lernen","status":"publish","type":"page","link":"https:\/\/ils.simonemontanari.com\/de\/italienisch-online-lernen\/","title":{"rendered":"Italienisch Online Lernen"},"content":{"rendered":"<p>Freue Dich auf <strong>flexiblen und interaktiven<\/strong> Online-Unterricht!<\/p>\n<article class=\"course-preview\"><h2><a href=\"https:\/\/ils.simonemontanari.com\/de\/kurse\/gruppen-online\/\">Live Italienisch Online-Gruppenkurse<\/a><\/h2><p class=\"course-meta\"><span><span class=\"icon\"><svg xmlns=\"http:\/\/www.w3.org\/2000\/svg\" aria-hidden=\"true\" focusable=\"false\" role=\"img\" viewBox=\"0 0 448 512\"><path fill=\"currentColor\" d=\"M0 80L0 229.5c0 17 6.7 33.3 18.7 45.3l176 176c25 25 65.5 25 90.5 0L418.7 317.3c25-25 25-65.5 0-90.5l-176-176c-12-12-28.3-18.7-45.3-18.7L48 32C21.5 32 0 53.5 0 80zm112 32a32 32 0 1 1 0 64 32 32 0 1 1 0-64z\"\/><\/svg><\/span>5-10\u20ac \/Stunde<\/span><span><span class=\"icon\"><svg xmlns=\"http:\/\/www.w3.org\/2000\/svg\" aria-hidden=\"true\" focusable=\"false\" role=\"img\" viewBox=\"0 0 448 512\"><path fill=\"currentColor\" d=\"M160 80c0-26.5 21.5-48 48-48l32 0c26.5 0 48 21.5 48 48l0 352c0 26.5-21.5 48-48 48l-32 0c-26.5 0-48-21.5-48-48l0-352zM0 272c0-26.5 21.5-48 48-48l32 0c26.5 0 48 21.5 48 48l0 160c0 26.5-21.5 48-48 48l-32 0c-26.5 0-48-21.5-48-48L0 272zM368 96l32 0c26.5 0 48 21.5 48 48l0 288c0 26.5-21.5 48-48 48l-32 0c-26.5 0-48-21.5-48-48l0-288c0-26.5 21.5-48 48-48z\"\/><\/svg><\/span>Jedes Niveau<\/span><\/p><figure><a href=\"https:\/\/ils.simonemontanari.com\/de\/kurse\/gruppen-online\/\"><img loading=\"lazy\" decoding=\"async\" width=\"630\" height=\"445\" src=\"https:\/\/ils.simonemontanari.com\/de\/wp-content\/uploads\/sites\/2\/2021\/04\/live_online_italienischkurse.png\" class=\"attachment-medium size-medium wp-post-image\" alt=\"\" \/><\/a><\/figure><p class=\"course-intro\">Staune wie schnell du mit regelm\u00e4\u00dfigem Unterricht und in einer kleinen Gruppe Fortschritte machen wirst!<\/p><ul class=\"course-highlights\"><li>Einstufungstest<\/li><li>Kleine Gruppen: max. 12 Teilnehmer<\/li><li>Min 2 Wochen, max 1 Jahr<\/li><li>\u00dcber 400 \u00dcbungen<\/li><li>Fortlaufender Kurs, Einstieg jederzeit m\u00f6glich<\/li><li>2 Unterrichtseinheiten pro Woche, eine UE= 100 Minuten<\/li><\/ul><p class=\"course-cta\"><a class=\"button\" href=\"https:\/\/ils.simonemontanari.com\/de\/kurse\/gruppen-online\/\">Discover more<span class=\"icon\"><svg xmlns=\"http:\/\/www.w3.org\/2000\/svg\" aria-hidden=\"true\" focusable=\"false\" role=\"img\" viewBox=\"0 0 448 512\"><path fill=\"currentColor\" d=\"M443.7 266.8l-165.9 176C274.5 446.3 269.1 448 265.5 448c-3.986 0-7.988-1.375-11.16-4.156c-6.773-5.938-7.275-16.06-1.118-22.59L393.9 272H16.59c-9.171 0-16.59-7.155-16.59-15.1S7.421 240 16.59 240h377.3l-140.7-149.3c-6.157-6.531-5.655-16.66 1.118-22.59c6.789-5.906 17.27-5.469 23.45 1.094l165.9 176C449.4 251.3 449.4 260.7 443.7 266.8z\"\/><\/svg><\/span><\/a><\/p><\/article>\n<article class=\"course-preview\"><h2><a href=\"https:\/\/ils.simonemontanari.com\/de\/kurse\/privater-online\/\">Privater Italienischunterricht Online<\/a><\/h2><p class=\"course-meta\"><span><span class=\"icon\"><svg xmlns=\"http:\/\/www.w3.org\/2000\/svg\" aria-hidden=\"true\" focusable=\"false\" role=\"img\" viewBox=\"0 0 448 512\"><path fill=\"currentColor\" d=\"M0 80L0 229.5c0 17 6.7 33.3 18.7 45.3l176 176c25 25 65.5 25 90.5 0L418.7 317.3c25-25 25-65.5 0-90.5l-176-176c-12-12-28.3-18.7-45.3-18.7L48 32C21.5 32 0 53.5 0 80zm112 32a32 32 0 1 1 0 64 32 32 0 1 1 0-64z\"\/><\/svg><\/span>27-35\u20ac \/Unterricht<\/span><span><span class=\"icon\"><svg xmlns=\"http:\/\/www.w3.org\/2000\/svg\" aria-hidden=\"true\" focusable=\"false\" role=\"img\" viewBox=\"0 0 448 512\"><path fill=\"currentColor\" d=\"M160 80c0-26.5 21.5-48 48-48l32 0c26.5 0 48 21.5 48 48l0 352c0 26.5-21.5 48-48 48l-32 0c-26.5 0-48-21.5-48-48l0-352zM0 272c0-26.5 21.5-48 48-48l32 0c26.5 0 48 21.5 48 48l0 160c0 26.5-21.5 48-48 48l-32 0c-26.5 0-48-21.5-48-48L0 272zM368 96l32 0c26.5 0 48 21.5 48 48l0 288c0 26.5-21.5 48-48 48l-32 0c-26.5 0-48-21.5-48-48l0-288c0-26.5 21.5-48 48-48z\"\/><\/svg><\/span>Jedes Niveau<\/span><\/p><figure><a href=\"https:\/\/ils.simonemontanari.com\/de\/kurse\/privater-online\/\"><img loading=\"lazy\" decoding=\"async\" width=\"650\" height=\"460\" src=\"https:\/\/ils.simonemontanari.com\/de\/wp-content\/uploads\/sites\/2\/2021\/04\/private_online_italienischunterricht.png\" class=\"attachment-medium size-medium wp-post-image\" alt=\"\" \/><\/a><\/figure><p class=\"course-intro\">Erziele schnelle Lernfortschritte dank ma\u00dfgeschneiderten Online lektionen.<\/p><ul class=\"course-highlights\"><li>Ma\u00dfgeschneiderter Lernplan und individuelles Lerntempo<\/li><li>Mon-Fre, 8:30 Uhr - 6:00 Uhr MEZ<\/li><li>\u00dcber 400 \u00dcbungen<\/li><li>20+ Hochqualifizierte Lehrer<\/li><\/ul><p class=\"course-cta\"><a class=\"button\" href=\"https:\/\/ils.simonemontanari.com\/de\/kurse\/privater-online\/\">Discover more<span class=\"icon\"><svg xmlns=\"http:\/\/www.w3.org\/2000\/svg\" aria-hidden=\"true\" focusable=\"false\" role=\"img\" viewBox=\"0 0 448 512\"><path fill=\"currentColor\" d=\"M443.7 266.8l-165.9 176C274.5 446.3 269.1 448 265.5 448c-3.986 0-7.988-1.375-11.16-4.156c-6.773-5.938-7.275-16.06-1.118-22.59L393.9 272H16.59c-9.171 0-16.59-7.155-16.59-15.1S7.421 240 16.59 240h377.3l-140.7-149.3c-6.157-6.531-5.655-16.66 1.118-22.59c6.789-5.906 17.27-5.469 23.45 1.094l165.9 176C449.4 251.3 449.4 260.7 443.7 266.8z\"\/><\/svg><\/span><\/a><\/p><\/article>\n<article class=\"course-preview\"><h2><a href=\"https:\/\/ils.simonemontanari.com\/de\/kurse\/online-vorbereitung-cils\/\">Online-Vorbereitung zur CILS B1-Sprachpr\u00fcfung <\/a><\/h2><p class=\"course-meta\"><span><span class=\"icon\"><svg xmlns=\"http:\/\/www.w3.org\/2000\/svg\" aria-hidden=\"true\" focusable=\"false\" role=\"img\" viewBox=\"0 0 448 512\"><path fill=\"currentColor\" d=\"M0 80L0 229.5c0 17 6.7 33.3 18.7 45.3l176 176c25 25 65.5 25 90.5 0L418.7 317.3c25-25 25-65.5 0-90.5l-176-176c-12-12-28.3-18.7-45.3-18.7L48 32C21.5 32 0 53.5 0 80zm112 32a32 32 0 1 1 0 64 32 32 0 1 1 0-64z\"\/><\/svg><\/span>500\u20ac \/Kurs<\/span><span><span class=\"icon\"><svg xmlns=\"http:\/\/www.w3.org\/2000\/svg\" aria-hidden=\"true\" focusable=\"false\" role=\"img\" viewBox=\"0 0 448 512\"><path fill=\"currentColor\" d=\"M160 80c0-26.5 21.5-48 48-48l32 0c26.5 0 48 21.5 48 48l0 352c0 26.5-21.5 48-48 48l-32 0c-26.5 0-48-21.5-48-48l0-352zM0 272c0-26.5 21.5-48 48-48l32 0c26.5 0 48 21.5 48 48l0 160c0 26.5-21.5 48-48 48l-32 0c-26.5 0-48-21.5-48-48L0 272zM368 96l32 0c26.5 0 48 21.5 48 48l0 288c0 26.5-21.5 48-48 48l-32 0c-26.5 0-48-21.5-48-48l0-288c0-26.5 21.5-48 48-48z\"\/><\/svg><\/span>Min. A2<\/span><\/p><figure><a href=\"https:\/\/ils.simonemontanari.com\/de\/kurse\/online-vorbereitung-cils\/\"><img loading=\"lazy\" decoding=\"async\" width=\"752\" height=\"532\" src=\"https:\/\/ils.simonemontanari.com\/de\/wp-content\/uploads\/sites\/2\/2024\/08\/Online-CILS-B1-Group-Course-DE-752x532.png\" class=\"attachment-medium size-medium wp-post-image\" alt=\"\" srcset=\"https:\/\/ils.simonemontanari.com\/de\/wp-content\/uploads\/sites\/2\/2024\/08\/Online-CILS-B1-Group-Course-DE-752x532.png 752w, https:\/\/ils.simonemontanari.com\/de\/wp-content\/uploads\/sites\/2\/2024\/08\/Online-CILS-B1-Group-Course-DE-768x543.png 768w, https:\/\/ils.simonemontanari.com\/de\/wp-content\/uploads\/sites\/2\/2024\/08\/Online-CILS-B1-Group-Course-DE.png 1000w\" sizes=\"auto, (max-width: 752px) 100vw, 752px\" \/><\/a><\/figure><p class=\"course-intro\">Bereite Dich in einer Gruppe mit anderen angehenden Pr\u00fcflingen auf die italienische Staatsangeh\u00f6rigkeitspr\u00fcfung vor, unter Einbeziehung von Pr\u00fcfungsaufgaben aus den Vorjahren.<\/p><ul class=\"course-highlights\"><li>2 Unterrichtseinheiten pro Woche, eine UE= 100 Minuten<\/li><li>Zweimal j\u00e4hrlich, ab September und M\u00e4rz<\/li><li>Montag\/Mittwoch, um 17 Uhr CET\/MEZ <\/li><li>Didaktisches Material und Pr\u00fcfungstests sind im Preis enthalten<\/li><li>Kleine Gruppen:  max. 12 Teilnehmer<\/li><li>Mindestniveau: A2<\/li><\/ul><p class=\"course-cta\"><a class=\"button\" href=\"https:\/\/ils.simonemontanari.com\/de\/kurse\/online-vorbereitung-cils\/\">Discover more<span class=\"icon\"><svg xmlns=\"http:\/\/www.w3.org\/2000\/svg\" aria-hidden=\"true\" focusable=\"false\" role=\"img\" viewBox=\"0 0 448 512\"><path fill=\"currentColor\" d=\"M443.7 266.8l-165.9 176C274.5 446.3 269.1 448 265.5 448c-3.986 0-7.988-1.375-11.16-4.156c-6.773-5.938-7.275-16.06-1.118-22.59L393.9 272H16.59c-9.171 0-16.59-7.155-16.59-15.1S7.421 240 16.59 240h377.3l-140.7-149.3c-6.157-6.531-5.655-16.66 1.118-22.59c6.789-5.906 17.27-5.469 23.45 1.094l165.9 176C449.4 251.3 449.4 260.7 443.7 266.8z\"\/><\/svg><\/span><\/a><\/p><\/article>\n<article class=\"course-preview\"><h2><a href=\"https:\/\/ils.simonemontanari.com\/de\/kurse\/seerepubliken\/\">Die St\u00e4dte der Seefahrer: Eine Reise zu den Seerepubliken<\/a><\/h2><p class=\"course-meta\"><span><span class=\"icon\"><svg xmlns=\"http:\/\/www.w3.org\/2000\/svg\" aria-hidden=\"true\" focusable=\"false\" role=\"img\" viewBox=\"0 0 448 512\"><path fill=\"currentColor\" d=\"M0 80L0 229.5c0 17 6.7 33.3 18.7 45.3l176 176c25 25 65.5 25 90.5 0L418.7 317.3c25-25 25-65.5 0-90.5l-176-176c-12-12-28.3-18.7-45.3-18.7L48 32C21.5 32 0 53.5 0 80zm112 32a32 32 0 1 1 0 64 32 32 0 1 1 0-64z\"\/><\/svg><\/span>90\u20ac \/Kurs <\/span><span><span class=\"icon\"><svg xmlns=\"http:\/\/www.w3.org\/2000\/svg\" aria-hidden=\"true\" focusable=\"false\" role=\"img\" viewBox=\"0 0 448 512\"><path fill=\"currentColor\" d=\"M160 80c0-26.5 21.5-48 48-48l32 0c26.5 0 48 21.5 48 48l0 352c0 26.5-21.5 48-48 48l-32 0c-26.5 0-48-21.5-48-48l0-352zM0 272c0-26.5 21.5-48 48-48l32 0c26.5 0 48 21.5 48 48l0 160c0 26.5-21.5 48-48 48l-32 0c-26.5 0-48-21.5-48-48L0 272zM368 96l32 0c26.5 0 48 21.5 48 48l0 288c0 26.5-21.5 48-48 48l-32 0c-26.5 0-48-21.5-48-48l0-288c0-26.5 21.5-48 48-48z\"\/><\/svg><\/span>Min. B1<\/span><\/p><figure><a href=\"https:\/\/ils.simonemontanari.com\/de\/kurse\/seerepubliken\/\"><img loading=\"lazy\" decoding=\"async\" width=\"752\" height=\"531\" src=\"https:\/\/ils.simonemontanari.com\/de\/wp-content\/uploads\/sites\/2\/2024\/06\/Die-Staedte-der-Seefahrer-752x531.png\" class=\"attachment-medium size-medium wp-post-image\" alt=\"\" srcset=\"https:\/\/ils.simonemontanari.com\/de\/wp-content\/uploads\/sites\/2\/2024\/06\/Die-Staedte-der-Seefahrer-752x531.png 752w, https:\/\/ils.simonemontanari.com\/de\/wp-content\/uploads\/sites\/2\/2024\/06\/Die-Staedte-der-Seefahrer-768x543.png 768w, https:\/\/ils.simonemontanari.com\/de\/wp-content\/uploads\/sites\/2\/2024\/06\/Die-Staedte-der-Seefahrer-1040x735.png 1040w, https:\/\/ils.simonemontanari.com\/de\/wp-content\/uploads\/sites\/2\/2024\/06\/Die-Staedte-der-Seefahrer.png 1060w\" sizes=\"auto, (max-width: 752px) 100vw, 752px\" \/><\/a><\/figure><p class=\"course-intro\">Verbessere Dein Italienisch und erkunde gleichzeitig die Geschichte der wichtigsten St\u00e4dte, die Italiens maritimes Erbe gepr\u00e4gt haben.<\/p><ul class=\"course-highlights\"><li>Jeden Montag um 18:00 Uhr<\/li><li>12 St\u00e4dte, 12 Unterrichten<\/li><li>Ab 25. November 2024<\/li><li>Mindestniveau: B1<\/li><\/ul><p class=\"course-cta\"><a class=\"button\" href=\"https:\/\/ils.simonemontanari.com\/de\/kurse\/seerepubliken\/\">Discover more<span class=\"icon\"><svg xmlns=\"http:\/\/www.w3.org\/2000\/svg\" aria-hidden=\"true\" focusable=\"false\" role=\"img\" viewBox=\"0 0 448 512\"><path fill=\"currentColor\" d=\"M443.7 266.8l-165.9 176C274.5 446.3 269.1 448 265.5 448c-3.986 0-7.988-1.375-11.16-4.156c-6.773-5.938-7.275-16.06-1.118-22.59L393.9 272H16.59c-9.171 0-16.59-7.155-16.59-15.1S7.421 240 16.59 240h377.3l-140.7-149.3c-6.157-6.531-5.655-16.66 1.118-22.59c6.789-5.906 17.27-5.469 23.45 1.094l165.9 176C449.4 251.3 449.4 260.7 443.7 266.8z\"\/><\/svg><\/span><\/a><\/p><\/article>\n<h2 style=\"text-align: center;\"><span style=\"color: #808080;\">Entdecke auch<\/span><\/h2>\n<div class=\"row has-columns three-columns \">\n<div class=\"column\">\n        <div class=\"page-card italienischkurse is-style-excerpt\">\n            <h3 class=\"page-card_title\"><a href=\"https:\/\/ils.simonemontanari.com\/de\/italienischkurse\/\" title=\"Italienisch Sprachkurse in Florenz\">Italienisch Lernen in Florenz<\/a><\/h3>            <p class=\"page-card_text\">Entdecke unser vielf\u00e4ltiges Angebot an Italienischkursen in Florenz, Italien. Wir organisieren ganzj\u00e4hrig Kurse auf verschiedenen Kenntnisstufen f\u00fcr alle Altersgruppen.<\/p>\n                        <p class=\"page-card_cta\"><a href=\"https:\/\/ils.simonemontanari.com\/de\/italienischkurse\/\">Mehr entdecken<span class=\"icon\"><svg xmlns=\"http:\/\/www.w3.org\/2000\/svg\" aria-hidden=\"true\" focusable=\"false\" role=\"img\" viewBox=\"0 0 448 512\"><path fill=\"currentColor\" d=\"M443.7 266.8l-165.9 176C274.5 446.3 269.1 448 265.5 448c-3.986 0-7.988-1.375-11.16-4.156c-6.773-5.938-7.275-16.06-1.118-22.59L393.9 272H16.59c-9.171 0-16.59-7.155-16.59-15.1S7.421 240 16.59 240h377.3l-140.7-149.3c-6.157-6.531-5.655-16.66 1.118-22.59c6.789-5.906 17.27-5.469 23.45 1.094l165.9 176C449.4 251.3 449.4 260.7 443.7 266.8z\"\/><\/svg><\/span><\/a><\/p>\n                    <\/div>\n        \n<\/div>\n<div class=\"column\">\n        <div class=\"page-card urlaub is-style-excerpt\">\n            <h3 class=\"page-card_title\"><a href=\"https:\/\/ils.simonemontanari.com\/de\/urlaub\/\" title=\"Sprachreisen in Italien\">Sprachreisen<\/a><\/h3>            <p class=\"page-card_text\">Italienischunterricht am Morgen und Florenz entdecken am Nachmittag. Nimm dir eine Auszeit um Florenz und mehr zu entdecken!<\/p>\n                        <p class=\"page-card_cta\"><a href=\"https:\/\/ils.simonemontanari.com\/de\/urlaub\/\">Mehr entdecken<span class=\"icon\"><svg xmlns=\"http:\/\/www.w3.org\/2000\/svg\" aria-hidden=\"true\" focusable=\"false\" role=\"img\" viewBox=\"0 0 448 512\"><path fill=\"currentColor\" d=\"M443.7 266.8l-165.9 176C274.5 446.3 269.1 448 265.5 448c-3.986 0-7.988-1.375-11.16-4.156c-6.773-5.938-7.275-16.06-1.118-22.59L393.9 272H16.59c-9.171 0-16.59-7.155-16.59-15.1S7.421 240 16.59 240h377.3l-140.7-149.3c-6.157-6.531-5.655-16.66 1.118-22.59c6.789-5.906 17.27-5.469 23.45 1.094l165.9 176C449.4 251.3 449.4 260.7 443.7 266.8z\"\/><\/svg><\/span><\/a><\/p>\n                    <\/div>\n        \n<\/div>\n<div class=\"column\">\n        <div class=\"page-card prufuengen-italienisch is-style-excerpt\">\n            <h3 class=\"page-card_title\"><a href=\"https:\/\/ils.simonemontanari.com\/de\/prufuengen-italienisch\/\" title=\"Pr\u00fcfungszentrum der italienischen Sprache\">Pr\u00fcfungszentrum Italienisch<\/a><\/h3>            <p class=\"page-card_text\">Bereite Dich auf international anerkannte italienische Sprachexamen vor (z. B. CELI und CILS), einschlie\u00dflich der Pr\u00fcfungen f\u00fcr die Staatsangeh\u00f6rigkeit und die Immatrikulation an einer italienischen Universit\u00e4t.<\/p>\n                        <p class=\"page-card_cta\"><a href=\"https:\/\/ils.simonemontanari.com\/de\/prufuengen-italienisch\/\">Mehr entdecken<span class=\"icon\"><svg xmlns=\"http:\/\/www.w3.org\/2000\/svg\" aria-hidden=\"true\" focusable=\"false\" role=\"img\" viewBox=\"0 0 448 512\"><path fill=\"currentColor\" d=\"M443.7 266.8l-165.9 176C274.5 446.3 269.1 448 265.5 448c-3.986 0-7.988-1.375-11.16-4.156c-6.773-5.938-7.275-16.06-1.118-22.59L393.9 272H16.59c-9.171 0-16.59-7.155-16.59-15.1S7.421 240 16.59 240h377.3l-140.7-149.3c-6.157-6.531-5.655-16.66 1.118-22.59c6.789-5.906 17.27-5.469 23.45 1.094l165.9 176C449.4 251.3 449.4 260.7 443.7 266.8z\"\/><\/svg><\/span><\/a><\/p>\n                    <\/div>\n        \n<\/div>\n<\/div>\n<div class=\"row single-column has-background has-light-background-color\">\n<div class=\"column max-width_720\">\n<h2 class=\"widget-title txt-center\">Sichere und flexible Zahlungsm\u00f6glichkeiten<\/h2>\t\t\t<div class=\"textwidget\"><ul class=\"is-style-accent\">\n<li><strong>Keine versteckten Geb\u00fchren<\/strong>: transparente Preisgestaltung ohne zus\u00e4tzliche Kosten<\/li>\n<li><strong>Einfache Stornierungen:<\/strong> problemlose Annullierungen, wenn sich Deine Pl\u00e4ne \u00e4ndern.<\/li>\n<li><strong>W\u00e4hrungsflexibilit\u00e4t:<\/strong> bezahle in Deiner bevorzugten W\u00e4hrung, als zus\u00e4tzliche Annehmlichkeit.<\/li>\n<li><strong>Verschiedene Zahlungsarten:<\/strong> w\u00e4hle aus einer Vielzahl von vertrauensw\u00fcrdigen Optionen.<\/li>\n<\/ul>\n<\/div>\n\t\t<div class=\"textwidget custom-html-widget\"><p class=\"payment-methods\" style=\"justify-content:center\"><img decoding=\"async\" loading=\"lazy\" src=\"https:\/\/ils.simonemontanari.com\/wp-content\/plugins\/europass-woo-currency-converter\/\/icons\/cc-amex.svg\" alt=\"American Express\" title=\"American Express\" width=\"36\"><img decoding=\"async\" loading=\"lazy\" src=\"https:\/\/ils.simonemontanari.com\/wp-content\/plugins\/europass-woo-currency-converter\/\/icons\/cc-mastercard.svg\" alt=\"Mastercard\" title=\"Mastercard\" width=\"36\"><img decoding=\"async\" loading=\"lazy\" src=\"https:\/\/ils.simonemontanari.com\/wp-content\/plugins\/europass-woo-currency-converter\/\/icons\/cc-visa.svg\" alt=\"Visa\" title=\"Visa\" width=\"36\"><img decoding=\"async\" loading=\"lazy\" src=\"https:\/\/ils.simonemontanari.com\/wp-content\/plugins\/europass-woo-currency-converter\/\/icons\/cc-paypal.svg\" alt=\"PayPal\" title=\"PayPal\" width=\"36\"><img decoding=\"async\" loading=\"lazy\" src=\"https:\/\/ils.simonemontanari.com\/wp-content\/plugins\/europass-woo-currency-converter\/\/icons\/apple-pay.svg\" alt=\"Apple Pay\" title=\"Apple Pay\" width=\"36\"><img decoding=\"async\" loading=\"lazy\" src=\"https:\/\/ils.simonemontanari.com\/wp-content\/plugins\/europass-woo-currency-converter\/\/icons\/google-pay.svg\" alt=\"Google Pay\" title=\"Google Pay\" width=\"36\"><img decoding=\"async\" loading=\"lazy\" src=\"https:\/\/ils.simonemontanari.com\/wp-content\/plugins\/europass-woo-currency-converter\/\/icons\/check.svg\" alt=\"Wire Transfer\" title=\"Wire Transfer\" width=\"36\"><\/p><\/div>\n<\/div>\n<\/div>\n","protected":false},"excerpt":{"rendered":"<p>Freue Dich auf flexiblen und interaktiven Online-Unterricht! Entdecke auch<\/p>\n","protected":false},"author":1788,"featured_media":7504,"parent":0,"menu_order":20,"comment_status":"closed","ping_status":"closed","template":"full-width.php","meta":{"_acf_changed":false,"footnotes":""},"class_list":["post-1890","page","type-page","status-publish","has-post-thumbnail","hentry"],"acf":[],"_links":{"self":[{"href":"https:\/\/ils.simonemontanari.com\/de\/wp-json\/wp\/v2\/pages\/1890","targetHints":{"allow":["GET"]}}],"collection":[{"href":"https:\/\/ils.simonemontanari.com\/de\/wp-json\/wp\/v2\/pages"}],"about":[{"href":"https:\/\/ils.simonemontanari.com\/de\/wp-json\/wp\/v2\/types\/page"}],"author":[{"embeddable":true,"href":"https:\/\/ils.simonemontanari.com\/de\/wp-json\/wp\/v2\/users\/1788"}],"replies":[{"embeddable":true,"href":"https:\/\/ils.simonemontanari.com\/de\/wp-json\/wp\/v2\/comments?post=1890"}],"version-history":[{"count":0,"href":"https:\/\/ils.simonemontanari.com\/de\/wp-json\/wp\/v2\/pages\/1890\/revisions"}],"wp:featuredmedia":[{"embeddable":true,"href":"https:\/\/ils.simonemontanari.com\/de\/wp-json\/wp\/v2\/media\/7504"}],"wp:attachment":[{"href":"https:\/\/ils.simonemontanari.com\/de\/wp-json\/wp\/v2\/media?parent=1890"}],"curies":[{"name":"wp","href":"https:\/\/api.w.org\/{rel}","templated":true}]}}