{"id":19,"date":"2017-12-06T15:22:40","date_gmt":"2017-12-06T14:22:40","guid":{"rendered":"https:\/\/ils.simonemontanari.com\/de\/stay-in-florence\/reaching-florence\/"},"modified":"2024-08-23T12:31:45","modified_gmt":"2024-08-23T10:31:45","slug":"erreichen","status":"publish","type":"page","link":"https:\/\/ils.simonemontanari.com\/de\/aufenthalt\/erreichen\/","title":{"rendered":"Florenz Erreichen"},"content":{"rendered":"<h2>Mit dem Zug<\/h2>\n<p><b>Dank der sehr guten Verbindung<\/b> mit anderen italienischen und europ\u00e4ischen Gro\u00dfst\u00e4dten ist <span style=\"float: none; background-color: transparent; color: #333333; font-family: Georgia,'Times New Roman','Bitstream Charter',Times,serif; font-size: 16px; font-style: normal; font-variant: normal; font-weight: bold; letter-spacing: normal; line-height: 24px; text-align: left; text-decoration: none; text-indent: 0px;\">Florenz sehr gut mit dem Zug erreichbar.<\/span><br \/>\nDie meisten Z\u00fcge verbinden Nord mit S\u00fcd und halten in Florenz. Schnellz\u00fcge (Freccia rossa, Freccia argento, Italo) von\/nach Mailand, Rom, Bologna, Venedig, Verona, Pisa, verkehren sehr oft und sind vor allem p\u00fcnktlich. Es gibt auch <strong>viele Zugverbindungen zu europ\u00e4ischen St\u00e4dten dank der Eurocity\u2019s und Euronachtz\u00fcge<\/strong>.<\/p>\n<p>Der Hauptbahnhof <a href=\"https:\/\/www.instazione.shop\/firenze-smaria-novella\" target=\"_blank\" rel=\"noopener\">Santa Maria Novella<\/a> (SMN) befindet sich direkt in der Altstadt, <strong>nur 15 Minuten Gehweg vom Dom und unserer Schule entfernt<\/strong>. Es gibt noch zwei weitere Bahnh\u00f6fe: Firenze Rifredi (im Nord-Osten der Stadt) und Firenze Campo di Marte (im S\u00fcden der Stadt).<br \/>\nUm die Abfahrtszeiten aller Z\u00fcge zu erfahren, um Fahrkarten online zu bestellen, k\u00f6nnt ihr die Webseite von <a href=\"http:\/\/www.trenitalia.com\/tcom-de\" target=\"_blank\" rel=\"noopener\">Trenitalia<\/a> besuchen.<\/p>\n<p>Falls ihr die \u201cItalo\u201d-Schnellz\u00fcge nehmen m\u00f6chtet, besucht <a href=\"https:\/\/www.italotreno.it\/en\" target=\"_blank\" rel=\"noopener\">Italo<\/a>.<\/p>\n<h2>Mit dem Flugzeug<\/h2>\n<p><strong>Der Flughafen in Florenz<\/strong> heisst <a href=\"http:\/\/www.aeroporto.firenze.it\/en\/\" target=\"_blank\" rel=\"noopener\">Amerigo Vespucci<\/a>(FLR) und <strong>befindet sich in Peretola<\/strong>, ungef\u00e4hr 7 km vom Stadtzentrum entfernt.<br \/>\nDer Flughafen ist relativ klein und beherbergt einige internationale und interkontinentale Fluggesellschaften. <strong>Vom Flughafen ist es sehr einfach in das Stadtzentrum zu gelangen<\/strong>: mit Taxen, Tramvia, Shuttlebus oder &#8211; falls du bereits ein Europass-Sch\u00fcler bist, mit unserem <a href=\"#pickup\">Abholservice<\/a>.<\/p>\n<p>Wie man Florenz am besten mit dem Flugzeug erreicht:<\/p>\n<h3>Pisa-San Giusto Flughafen (PSA)<\/h3>\n<p><strong>Hauptflughafen in Toskana<\/strong>. Er ist nicht viel gr\u00f6\u00dfer als der Flughafen in Florenz. Hat aber eine gr\u00f6\u00dfere Auswahl an Europa- und Low cost Fl\u00fcgen. Vom <a href=\"https:\/\/www.pisa-airport.com\/en\/\" target=\"_blank\" rel=\"noopener\">Pisa Flughafen<\/a> kann man <strong>Florenz sehr gut mit Bus und Bahn in ungef\u00e4hr einer Stunde erreichen<\/strong>.<\/p>\n<h3>Bologna-Borgo Panigale Flughafen (BLQ)<\/h3>\n<p>einer der effizientesten Flugh\u00e4fen in Italien, aber immer noch <strong>weitgehend europ\u00e4ischen und Low cost f\u00fcgen gewidmet<\/strong>. Um vom <a href=\"http:\/\/www.bologna-airport.it\/en\/travellers.aspx?idC=61676&amp;LN=en-US\" target=\"_blank\" rel=\"noopener\">Bologna Flughafen<\/a> nach Florenz zu kommen, kann man entweder den Bus oder einen Schnellzug (nur 37 Minuten Fahrzeit) nehmen<\/p>\n<h3>Flugh\u00e4fen in Mailand<\/h3>\n<p>Rund um Mailand gibt es drei Flugh\u00e4fen, zwei davon beherbergen <strong>interkontinentale Fluggesellschaften<\/strong>.<br \/>\n<a href=\"http:\/\/www.milanolinate-airport.com\/en\" target=\"_blank\" rel=\"noopener\">Milano-Linate Flughafen<\/a> (LIN), 7 km von Mailand entfernt<br \/>\n<a href=\"http:\/\/www.milanomalpensa-airport.com\/en\" target=\"_blank\" rel=\"noopener\">Milano-Malpensa Flughafen<\/a> (MXP), 48 km von Mailand entfernt<br \/>\n<a href=\"http:\/\/www.milanbergamoairport.it\/en\/\" target=\"_blank\" rel=\"noopener\">Bergamo-Orio al Serio<\/a> Flughafen (BGY), 50 km von Mailand entfernt und ist eher nationalen und Low Cost Fl\u00fcgen gewidmet.<br \/>\n<strong>Es gibt Schnellz\u00fcge, mit denen man Florenz in nur 1H40 erreichen kann<\/strong>.<\/p>\n<h3>Flugh\u00e4fen in Rom<\/h3>\n<p>Es gibt zwei Flugh\u00e4fen in Rom: der wichtigste is <a href=\"http:\/\/www.adr.it\/web\/aeroporti-di-roma-en-\" target=\"_blank\" rel=\"noopener\">Rom Fiumicino<\/a> (FCO), der alle m\u00f6glichen Fluggesellschaften beherbergt, der zweite ist <a href=\"http:\/\/www.adr.it\/web\/aeroporti-di-roma-en-\/pax-cia-ciampino\" target=\"_blank\" rel=\"noopener\">Rom Ciampino<\/a> (CIA), der sich ausschlie\u00dflich <strong>internationalen Low Cost und nationalen Fl\u00fcgen<\/strong> widmet.<br \/>\nRom ist eine gute M\u00f6glichkeit um Florenz zu erreichen, da man mit den <strong>Schnellz\u00fcgen in ungef\u00e4hr 1h22<\/strong> an Ort und Stelle ist.<\/p>\n<h3>Resources<\/h3>\n<p>Um den besten Weg von wo auch immer du herkommst zu finden, kannst du <a href=\"https:\/\/www.rome2rio.com\/fr\/\" target=\"_blank\" rel=\"noopener\">rome2rio<\/a> anschauen: Hier findest du <strong>die besten Routen von verschieden Flugh\u00e4fen, Bahnh\u00f6fen, Routen mit dem Bus und Car sharing<\/strong> M\u00f6glichkeiten.<\/p>\n<h2>Mit dem Auto<\/h2>\n<p>Florenz befindet sich im n\u00f6rdlich &#8211; zentralen Italian und ist durch das Autobahnnetz sehr gut mit anderen italienischen St\u00e4dten verbunden.<br \/>\nAlle die vom Norden Europas anreisen, k\u00f6nnen die Brennerautobahn E 45 (Brenner-Verona-Modena-Bologna), die Gotthardautobahn E 35 (Lugano-Mailand-Bologna) oder die E 43, als Anfahrtsweg in Betracht ziehen. Im Allgemeinen gibt es zwei Hauptautobahnen, die durch Florenz f\u00fchren &#8211; <strong>die A1<\/strong>, auch <a href=\"https:\/\/de.wikipedia.org\/wiki\/Autostrada_A1_(Italien)\" target=\"_blank\" rel=\"noopener\">autostrada del sole<\/a> genannt. Sie verbindet Mailand mit Neapel und f\u00fchrt durch Bologna, Florenz und Rom. <strong>Die A11 auch \u201cFirenze Mare\u201d, verbindet Florenz mit Pisa und anderen Orten an der K\u00fcste<\/strong>. Eine Alternative zur A11 ist die FI-PI-LI (Firenze Pisa Livorno). Das ist eine geb\u00fchrenfreie Schnellstrasse.<\/p>\n<p>Wenn du mit dem Auto anreist, achte auf die verschieden Autobahnausfahrten:<\/p>\n<ul>\n<li><strong>Wenn du aus Richtung Mailand kommst<\/strong> (oder aus dem Norden von Florenz auf der A1) fahre bei \u201cFirenze Nord\u201d raus<\/li>\n<li><strong>Wenn du aus Richtung Rom kommst<\/strong> (oder s\u00fcdlich von Florenz) fahre bei \u201cFirenze Sud\u201d raus<\/li>\n<\/ul>\n<p>Als Autofahrer in Italien denke immer daran, das die H\u00f6chstgeschwindigkeit von dem Stra\u00dfentyp abh\u00e4ngig ist :<\/p>\n<ul>\n<li><strong>Autobahnen<\/strong>: 130 Kmh h\u00f6chstens (es existieren keine Richtgeschwindigkeiten)<\/li>\n<li><strong>Schnellstra\u00dfen<\/strong>: 70\/90 Kmh h\u00f6chstens<\/li>\n<li><strong>in der Stadt<\/strong>: 50 Kmh h\u00f6chstens<\/li>\n<\/ul>\n<p>Weitere Informationen stehen <a href=\"http:\/\/www.autostrade.it\/en\/home\" target=\"_blank\" rel=\"noopener\">hier<\/a>.<\/p>\n<h2 id=\"pickup\">Europass Abholservice<\/h2>\n<p>Auf Wunsch organisieren wir f\u00fcr dich den <strong>Abholservice von Bahnh\u00f6fen und vom Flughafen Florenz. Einer unserer Mitarbeiter, oder jemand von deiner eventuellen Gastfamilie<\/strong> wird auf dich warten und dich zur Unterkunft begleiten. Auf Wunsch ist der Abholservice auch an deinem Abfahrtstag m\u00f6glich.<\/p>\n<p>Der Abholservice kann direkt bei Anmeldung gebucht werden.<\/p>\n<table class=\"holiday-prices-table\">\n<tbody>\n<tr>\n<th><\/th>\n<th>Eine Fahrt<\/th>\n<th>Hin-und R\u00fcckfahrt<\/th>\n<\/tr>\n<tr>\n<td>alle Bahnh\u00f6fe in Florenz<\/td>\n<td>40\u20ac<\/td>\n<td>75\u20ac<\/td>\n<\/tr>\n<tr>\n<td>Flughafen Florenz<\/td>\n<td>50\u20ac<\/td>\n<td>95\u20ac<\/td>\n<\/tr>\n<\/tbody>\n<\/table>\n<p>Zu diesen Preisen wird der Abholservice von 6 Uhr morgens bis 23 Uhr durchgef\u00fchrt. F\u00fcr einen Aufpreis von \u20ac 10,00 ist der Abholservice auch zwischen 23Uhr und 6 Uhr m\u00f6glich.<\/p>\n","protected":false},"excerpt":{"rendered":"<p>Mit dem Zug Dank der sehr guten Verbindung mit anderen italienischen und europ\u00e4ischen Gro\u00dfst\u00e4dten ist Florenz sehr gut mit dem Zug erreichbar. Die meisten Z\u00fcge verbinden Nord mit S\u00fcd und halten in Florenz. Schnellz\u00fcge (Freccia rossa, Freccia argento, Italo) von\/nach Mailand, Rom, Bologna, Venedig, Verona, Pisa, verkehren sehr oft und sind vor allem p\u00fcnktlich. Es [&hellip;]<\/p>\n","protected":false},"author":1788,"featured_media":1759,"parent":18,"menu_order":0,"comment_status":"closed","ping_status":"closed","template":"","meta":{"_acf_changed":false,"footnotes":""},"class_list":["post-19","page","type-page","status-publish","has-post-thumbnail","hentry"],"acf":[],"_links":{"self":[{"href":"https:\/\/ils.simonemontanari.com\/de\/wp-json\/wp\/v2\/pages\/19","targetHints":{"allow":["GET"]}}],"collection":[{"href":"https:\/\/ils.simonemontanari.com\/de\/wp-json\/wp\/v2\/pages"}],"about":[{"href":"https:\/\/ils.simonemontanari.com\/de\/wp-json\/wp\/v2\/types\/page"}],"author":[{"embeddable":true,"href":"https:\/\/ils.simonemontanari.com\/de\/wp-json\/wp\/v2\/users\/1788"}],"replies":[{"embeddable":true,"href":"https:\/\/ils.simonemontanari.com\/de\/wp-json\/wp\/v2\/comments?post=19"}],"version-history":[{"count":0,"href":"https:\/\/ils.simonemontanari.com\/de\/wp-json\/wp\/v2\/pages\/19\/revisions"}],"up":[{"embeddable":true,"href":"https:\/\/ils.simonemontanari.com\/de\/wp-json\/wp\/v2\/pages\/18"}],"wp:featuredmedia":[{"embeddable":true,"href":"https:\/\/ils.simonemontanari.com\/de\/wp-json\/wp\/v2\/media\/1759"}],"wp:attachment":[{"href":"https:\/\/ils.simonemontanari.com\/de\/wp-json\/wp\/v2\/media?parent=19"}],"curies":[{"name":"wp","href":"https:\/\/api.w.org\/{rel}","templated":true}]}}