{"id":2205,"date":"2020-04-24T18:19:27","date_gmt":"2020-04-24T17:19:27","guid":{"rendered":"https:\/\/ils.simonemontanari.com\/de\/?page_id=2205"},"modified":"2024-08-23T12:31:44","modified_gmt":"2024-08-23T10:31:44","slug":"warum","status":"publish","type":"page","link":"https:\/\/ils.simonemontanari.com\/de\/italienisch-lernen\/warum\/","title":{"rendered":"Warum lohnt es sich, die Italienische Sprache zu lernen"},"content":{"rendered":"<p>Es gibt <strong>zahlreiche Gr\u00fcnde<\/strong>, warum <strong>Italienisch eine perfekte Sprache<\/strong> ist, die man <strong>unbedingt lernen sollte<\/strong>. Daher versuchen wir dich davon zu \u00fcberzeugen, dich auf eine Entdeckungsreise der Sprache zu begeben.<\/p>\n<h2>1. Entdecke Italiens verborgene Sch\u00e4tze<\/h2>\n<p>Der erste Grund ist nat\u00fcrlich das Ursprungsland selbst. Italien ist eines der weltweit sch\u00f6nsten und historisch reichsten L\u00e4nder. Italien besitzt <a href=\"http:\/\/whc.unesco.org\/en\/list\/stat\" target=\"_blank\" rel=\"noopener noreferrer\">die meisten UNESCO-Welterbest\u00e4tten auf der Welt!<\/a><\/p>\n<p>Jeder tr\u00e4umt davon, in St\u00e4dte wie Florenz, Rom und Venedig zu reisen, deren Ruhm wohlbegr\u00fcndet ist. Italien ist aufgrund seiner Vergangenheit, die durch Teilungen und innere Grenzen gepr\u00e4gt war, ein \u00e4u\u00dferst vielf\u00e4ltiges Land. Vom Norden nach S\u00fcden, von den Badeorten bis zu den Berglandschaften, nur wenige Kilometer voneinander entfernt st\u00f6\u00dft du auf faszinierende \u00dcberraschungen.<\/p>\n<p>Unserer Meinung nach, gibt es jedoch <strong>nur eine einzige M\u00f6glichkeit, in die Atmosph\u00e4re<\/strong> dieser unglaublichen St\u00e4dte und Ortschaften einzutauchen, n\u00e4mlich <strong>wenn man \u00fcber italienische Sprachkenntnisse verf\u00fcgt<\/strong>, um mit den Einheimischen sprechen und Orte entdecken zu k\u00f6nnen, die diese kennen und lieben.<br \/>\nEs liegt auf der Hand, aber die <strong>italienische Sprache ist das wichtigste und effizienteste Mittel, um die Sch\u00f6nheiten Italiens zu entdecken, das noch immer ein traditionelles und mysteri\u00f6ses Land ist.<\/strong><\/p>\n<p>Wenn du die Sprache beherrschst oder \u00fcber Basiskenntnisse verf\u00fcgst, kannst du dich seinen Geheimnissen ann\u00e4hern.<br \/>\nEin Urlaub in Italien wird weitaus interessanter, da jeder Tipp von den Einheimischen zu neuen Entdeckungen fernab der Touristenrouten f\u00fchren kann.<\/p>\n<h2>2. Bewundere, erlebe und h\u00f6re das italienische Kulturerbe<\/h2>\n<p>Italienisch ist wahrscheinlich die Sprache, die am engsten mit der Welt der Kunst und Kultur verbunden ist: von der Malerei bis zur Architektur, von der Literatur bis zur Musik, vom Design zum Essen und Wein\u2026<\/p>\n<p>Italien war schon immer die Wiege (heute w\u00fcrden wir \u201eInkubator\u201c sagen) einer beeindruckenden Kreativit\u00e4t, einer gro\u00dfen Leidenschaft f\u00fcr das Leben und seine \u00e4sthetische Zelebration: die majest\u00e4tische Sch\u00f6nheit des alten Roms und von Florenz zu Zeiten von Dante, Michelangelo und Raffael, die Besonderheiten der Landschaften, die sich durch jahrhundertelange kollektive Arbeit herausgebildet und die k\u00f6stliche italienische K\u00fcche und den Wein hervorgebracht haben, die Geburt der Oper und der klassischen Musik, die kunstvolle Produktion von Designobjekten und Kunsthandwerk.<\/p>\n<p>Sprachkenntnisse sind elementar, um viele Aspekte des leidenschaftlichen italienischen Lebensstils zu verstehen. Stra\u00dfen auf der ganzen Welt sind voller italienischer Restaurants mit italienischen Namen. Wenn du jedoch Italienisch lernst, begreifst du den \u201eCharakter\u201c von dem, was du isst: Du wirst zu deiner \u00dcberraschung entdecken, was einige Namen bedeuten. Wenn du Farfalle isst, isst du Schmetterlinge. Spaghetti all\u2019arrabbiata bedeutet w\u00f6rtlich ver\u00e4rgerte Spaghetti.<\/p>\n<p>Du wirst feststellen, dass all die klassischen Pizzanamen und all die mit dem Kaffeemachen verbundenen W\u00f6rter auf der ganzen Welt immer noch auf Italienisch wiedergegeben werden. Auch die in der klassischen Musik verwendete Fachsprache (\u201esoprano\u201c, \u201evioloncello\u201c, \u201eadagio\u201c, \u201econcerto\u201c\u2026) ist Italienisch, da auf all diesen Gebieten Italienisch die Sprache war, die ihre W\u00f6rter ausformte.<\/p>\n<h2>3. Entdecke die Sch\u00f6nheit der Sprache<\/h2>\n<p>Die Besonderheit der italienischen Sprache liegt in ihrer Musikalit\u00e4t, ihrer melodischen und sanften Natur. Italienisch gilt als eine der beliebtesten Sprachen auf der ganzen Welt.<\/p>\n<p>Eine Reihe von Autoren zelebrierten die italienische Sprache:<\/p>\n<div class=\"review-box\"><span class=\"icon\"><svg xmlns=\"http:\/\/www.w3.org\/2000\/svg\" aria-hidden=\"true\" focusable=\"false\" role=\"img\" viewBox=\"0 0 512 512\"><path fill=\"currentColor\" d=\"M448 224h-64v-24c0-30.9 25.1-56 56-56h16c22.1 0 40-17.9 40-40V72c0-22.1-17.9-40-40-40h-16c-92.6 0-168 75.4-168 168v216c0 35.3 28.7 64 64 64h112c35.3 0 64-28.7 64-64V288c0-35.3-28.7-64-64-64zm32 192c0 17.7-14.3 32-32 32H336c-17.7 0-32-14.3-32-32V200c0-75.1 60.9-136 136-136h16c4.4 0 8 3.6 8 8v32c0 4.4-3.6 8-8 8h-16c-48.6 0-88 39.4-88 88v56h96c17.7 0 32 14.3 32 32v128zM176 224h-64v-24c0-30.9 25.1-56 56-56h16c22.1 0 40-17.9 40-40V72c0-22.1-17.9-40-40-40h-16C75.4 32 0 107.4 0 200v216c0 35.3 28.7 64 64 64h112c35.3 0 64-28.7 64-64V288c0-35.3-28.7-64-64-64zm32 192c0 17.7-14.3 32-32 32H64c-17.7 0-32-14.3-32-32V200c0-75.1 60.9-136 136-136h16c4.4 0 8 3.6 8 8v32c0 4.4-3.6 8-8 8h-16c-48.6 0-88 39.4-88 88v56h96c17.7 0 32 14.3 32 32v128z\"\/><\/svg><\/span><span class=\"review-text\">(Italienisch ist) die bestkomponierte Sprache, was ihren flie\u00dfenden Charakter und ihre Weichheit betrifft.<\/span><span class=\"review-author\">\u2014 James Howell, Historiker<\/span><\/div>\n<div class=\"review-box\"><span class=\"icon\"><svg xmlns=\"http:\/\/www.w3.org\/2000\/svg\" aria-hidden=\"true\" focusable=\"false\" role=\"img\" viewBox=\"0 0 512 512\"><path fill=\"currentColor\" d=\"M448 224h-64v-24c0-30.9 25.1-56 56-56h16c22.1 0 40-17.9 40-40V72c0-22.1-17.9-40-40-40h-16c-92.6 0-168 75.4-168 168v216c0 35.3 28.7 64 64 64h112c35.3 0 64-28.7 64-64V288c0-35.3-28.7-64-64-64zm32 192c0 17.7-14.3 32-32 32H336c-17.7 0-32-14.3-32-32V200c0-75.1 60.9-136 136-136h16c4.4 0 8 3.6 8 8v32c0 4.4-3.6 8-8 8h-16c-48.6 0-88 39.4-88 88v56h96c17.7 0 32 14.3 32 32v128zM176 224h-64v-24c0-30.9 25.1-56 56-56h16c22.1 0 40-17.9 40-40V72c0-22.1-17.9-40-40-40h-16C75.4 32 0 107.4 0 200v216c0 35.3 28.7 64 64 64h112c35.3 0 64-28.7 64-64V288c0-35.3-28.7-64-64-64zm32 192c0 17.7-14.3 32-32 32H64c-17.7 0-32-14.3-32-32V200c0-75.1 60.9-136 136-136h16c4.4 0 8 3.6 8 8v32c0 4.4-3.6 8-8 8h-16c-48.6 0-88 39.4-88 88v56h96c17.7 0 32 14.3 32 32v128z\"\/><\/svg><\/span><span class=\"review-text\">Ich bin ganz verliebt in diese herrliche Sprache, die sch\u00f6nste der Welt. Ich brauche nur den Mund zu \u00f6ffnen und automatisch wird er zur Quelle der ganzen Harmonie dieses himmlischen Idioms. Ja, lieber Herr, f\u00fcr mich <strong>gibt es keinen Zweifel, dass die Engel im Himmel Italienisch sprechen<\/strong>. Es ist nicht vorstellbar, dass die seligen Kreaturen sich einer weniger musikalischen Sprache bedienen.<\/span><span class=\"review-author\">\u2014 <\/span><\/div>\nThomas Mann brachte den Protagonisten seines Romans dazu, diese \u00c4u\u00dferung von sich zu geben: eine echte Liebeserkl\u00e4rung.<\/p>\n<div class=\"review-box\"><span class=\"icon\"><svg xmlns=\"http:\/\/www.w3.org\/2000\/svg\" aria-hidden=\"true\" focusable=\"false\" role=\"img\" viewBox=\"0 0 512 512\"><path fill=\"currentColor\" d=\"M448 224h-64v-24c0-30.9 25.1-56 56-56h16c22.1 0 40-17.9 40-40V72c0-22.1-17.9-40-40-40h-16c-92.6 0-168 75.4-168 168v216c0 35.3 28.7 64 64 64h112c35.3 0 64-28.7 64-64V288c0-35.3-28.7-64-64-64zm32 192c0 17.7-14.3 32-32 32H336c-17.7 0-32-14.3-32-32V200c0-75.1 60.9-136 136-136h16c4.4 0 8 3.6 8 8v32c0 4.4-3.6 8-8 8h-16c-48.6 0-88 39.4-88 88v56h96c17.7 0 32 14.3 32 32v128zM176 224h-64v-24c0-30.9 25.1-56 56-56h16c22.1 0 40-17.9 40-40V72c0-22.1-17.9-40-40-40h-16C75.4 32 0 107.4 0 200v216c0 35.3 28.7 64 64 64h112c35.3 0 64-28.7 64-64V288c0-35.3-28.7-64-64-64zm32 192c0 17.7-14.3 32-32 32H64c-17.7 0-32-14.3-32-32V200c0-75.1 60.9-136 136-136h16c4.4 0 8 3.6 8 8v32c0 4.4-3.6 8-8 8h-16c-48.6 0-88 39.4-88 88v56h96c17.7 0 32 14.3 32 32v128z\"\/><\/svg><\/span><span class=\"review-text\">Thomas Mann brachte den Protagonisten seines Romans dazu, diese \u00c4u\u00dferung von sich zu geben: eine echte Liebeserkl\u00e4rung.<br \/>\nWir alle m\u00f6chten Italienisch sprechen, da wir es lieben, wie uns diese Sprache f\u00fchlen l\u00e4sst. (...) Eine Russin erz\u00e4hlte mir einmal, dass sie sich selbst mit Italienischunterricht verw\u00f6hnt, weil \u201eIch glaube, etwas Sch\u00f6nes zu verdienen.\u201c (...) Keine europ\u00e4ische Sprache hat so edle Vorfahren (...) <strong>keine Sprache war so perfekt dazu bestimmt, menschliche Gef\u00fchle zum Ausdruck zu bringen.<\/strong><\/span><span class=\"review-author\">\u2014 \u201eEat, Pray, Love\u201c, von Elizabeth Gilbert, Schriftstellerin<\/span><\/div>\n<p>Italienisch l\u00e4sst sich viel leichter als andere Sprachen lernen. W\u00e4hrend es anfangs auch schwierig erscheinen mag, sich die Grundlagen zum Konjunktiv oder Imperfekt anzueignen, wirst du dir schnell neue W\u00f6rter und Redewendungen einpr\u00e4gen.<br \/>\nDer Klang der Sprache hilft einem dabei, die W\u00f6rter im Ged\u00e4chtnis zu behalten. Aufgrund der Tatsache, dass das Italienische st\u00e4rker als andere Sprache mit der lateinischen Sprache verbunden ist, bedeutet, dass viele W\u00f6rter \u00e4hnlich sind oder dieselben Wurzeln in anderen Sprachen haben. Auch wenn du nicht sofort in der Lage bist, Italienisch zu sprechen, kannst du zumindest verstehen, was dir ein Italiener zu sagen hat!<\/p>\n<h2>4. Verlasse deine Komfortzone<\/h2>\n<p>Das Erlernen der italienischen Sprache bietet dir dar\u00fcber hinaus die M\u00f6glichkeit, deine Komfortzone zu verlassen und etwas Neues auszuprobieren. Viele unserer Studenten stellen mit Freude fest, dass sie neue Seiten an sich selbst entdecken. Sie f\u00fchlen sich <strong>emotionaler, offener und sorgloser, da sie lernen, wie Italiener zu kommunizieren<\/strong>.<\/p>\n<p>Das Erlernen der italienischen Sprache ist ein wirksames Mittel, um aus deiner Komfortzone auszubrechen, da du in der Lage sein wirst, dich mit fremden Menschen zu unterhalten und mit diesen eine neue Kultur zu teilen. Du wirst bestimmt etwas finden, das dich interessiert, egal ob du dir ber\u00fchmte italienische Filme ansiehst, italienische Zeitungen liest oder italienische Musik anh\u00f6rst.<\/p>\n<p>Da du auch den congiuntivo, den imperfetto und das passato prossimo lernst, kannst du vielleicht auch besser verstehen, wie deine Muttersprache funktioniert, oder miterleben, wie sich dein eigener Wortschatz verbessert! Italien ist die Sprache, die eng mit dem Lateinischen verbunden ist, der Sprache, aus der sich so viele andere Sprachen W\u00f6rter und Redewendungen entleihen. Wenn du deinen eigenen italienischen Wortschatz entwickelst, lernst du folglich auch W\u00f6rter in deiner Muttersprache oder findest den Lernprozess einfacher.<\/p>\n<p>Durch das Erlernen der italienischen Sprache erh\u00e4ltst du die M\u00f6glichkeit, dich selbst weiterzuentwickeln, von deinen ersten W\u00f6rtern bis zum ersten Gespr\u00e4ch und dem Lesen deines ersten Buchs auf Italienisch. Am Schluss wirst du eine gro\u00dfe Genugtuung versp\u00fcren. <strong>Du bist nun in der Lage, eine andere Kultur zu begreifen und mit deiner eigenen zu vergleichen<\/strong>.<\/p>\n<h2>5. Berufliche Gr\u00fcnde<\/h2>\n<p>F\u00fcr einige <strong>professionelle Sektoren, in denen italienische Unternehmen Marktf\u00fchrer sind<\/strong>, erweist sich die italienische Sprache als n\u00fctzlich und ihr Erlernen f\u00f6rdert das professionelle Wachstum und die Karriereentwicklung.<br \/>\nF\u00fcr Branchen wie <strong>Mode, Design, Haute Cuisine, Kunst &amp; Kultur, Produktion und Distribution von Nahrungsmitteln und Getr\u00e4nken, Fu\u00dfball, Luxusautos und Maschinen im Allgemeinen<\/strong>\u2026oder f\u00fcr eine Karriere im Vatikan und f\u00fcr Fremdsprachenlehrer in Italien ist Italienisch die wichtigste Sprache.<br \/>\nMithilfe von Italienischkenntnissen werden T\u00fcren ge\u00f6ffnet und du wirst attraktiver f\u00fcr Arbeitgeber. Marken und Unternehmen wie Fiat, Ferrari, Lamborghini, Armani, Dolce und Gabbana und Versace suchen oft Mitarbeiter, die Italienisch sprechen k\u00f6nnen.<\/p>\n<p>Italienischkenntnisse sind nicht nur von Vorteil, wenn du f\u00fcr eine dieser ber\u00fchmten italienischen Gesch\u00e4ftsbranchen arbeiten m\u00f6chtest, sondern auch f\u00fcr andere Jobs. Heutzutage werden Gesch\u00e4fte auf globaler und internationaler Ebene abgewickelt. Unternehmen aus der ganzen Welt arbeiten zusammen und kommunizieren in verschiedenen Sprachen miteinander. Arbeitgeber suchen folglich Arbeitnehmer, die mehr als eine Sprache sprechen und verstehen. Personen, die Italienisch oder andere Fremdsprachen sprechen haben oft besser bezahlte und anspruchsvollere Jobs.<\/p>\n","protected":false},"excerpt":{"rendered":"<p>Es gibt zahlreiche Gr\u00fcnde, warum Italienisch eine perfekte Sprache ist, die man unbedingt lernen sollte. Daher versuchen wir dich davon zu \u00fcberzeugen, dich auf eine Entdeckungsreise der Sprache zu begeben. 1. Entdecke Italiens verborgene Sch\u00e4tze Der erste Grund ist nat\u00fcrlich das Ursprungsland selbst. Italien ist eines der weltweit sch\u00f6nsten und historisch reichsten L\u00e4nder. Italien besitzt [&hellip;]<\/p>\n","protected":false},"author":1788,"featured_media":2206,"parent":30,"menu_order":0,"comment_status":"closed","ping_status":"closed","template":"","meta":{"_acf_changed":false,"footnotes":""},"class_list":["post-2205","page","type-page","status-publish","has-post-thumbnail","hentry"],"acf":[],"_links":{"self":[{"href":"https:\/\/ils.simonemontanari.com\/de\/wp-json\/wp\/v2\/pages\/2205","targetHints":{"allow":["GET"]}}],"collection":[{"href":"https:\/\/ils.simonemontanari.com\/de\/wp-json\/wp\/v2\/pages"}],"about":[{"href":"https:\/\/ils.simonemontanari.com\/de\/wp-json\/wp\/v2\/types\/page"}],"author":[{"embeddable":true,"href":"https:\/\/ils.simonemontanari.com\/de\/wp-json\/wp\/v2\/users\/1788"}],"replies":[{"embeddable":true,"href":"https:\/\/ils.simonemontanari.com\/de\/wp-json\/wp\/v2\/comments?post=2205"}],"version-history":[{"count":0,"href":"https:\/\/ils.simonemontanari.com\/de\/wp-json\/wp\/v2\/pages\/2205\/revisions"}],"up":[{"embeddable":true,"href":"https:\/\/ils.simonemontanari.com\/de\/wp-json\/wp\/v2\/pages\/30"}],"wp:featuredmedia":[{"embeddable":true,"href":"https:\/\/ils.simonemontanari.com\/de\/wp-json\/wp\/v2\/media\/2206"}],"wp:attachment":[{"href":"https:\/\/ils.simonemontanari.com\/de\/wp-json\/wp\/v2\/media?parent=2205"}],"curies":[{"name":"wp","href":"https:\/\/api.w.org\/{rel}","templated":true}]}}