{"id":24,"date":"2017-12-06T15:22:14","date_gmt":"2017-12-06T14:22:14","guid":{"rendered":"https:\/\/ils.simonemontanari.com\/de\/stay-in-florence\/accommodations\/"},"modified":"2024-09-26T10:22:57","modified_gmt":"2024-09-26T08:22:57","slug":"unterkuenfte","status":"publish","type":"page","link":"https:\/\/ils.simonemontanari.com\/de\/aufenthalt\/unterkuenfte\/","title":{"rendered":"Unterk\u00fcnfte"},"content":{"rendered":"<p>Nat\u00fcrlich kannst du dich auch selbst um die Buchung deiner Unterkunft k\u00fcmmern. Andernfalls sind wir dir gerne mit der Reservierung behilflich. Wir haben eine <strong>gro\u00dfe Auswahl an verschieden Unterk\u00fcnften,<\/strong> die sorgf\u00e4ltig ausgew\u00e4hlt wurden und einen sehr guten Standard bieten.<\/p>\n<h2>Qualit\u00e4tsgarantie<\/h2>\n<p>Unsere Unterk\u00fcnfte werden <strong>regelm\u00e4\u00dfig kontrolliert<\/strong> und nach folgenden Kriterien <strong>bewertet<\/strong>:<\/p>\n<ul>\n<li>Allgemeiner <strong>Zustand der Wohnung<\/strong><\/li>\n<li><strong>Funktionalit\u00e4t<\/strong> der Wasserversorgung, Heizung, Stromversorgung,<\/li>\n<li><strong>Sauberkeit<\/strong> (allgemeine Sauberkeit, des Bettes, im Bad, der K\u00fcche und den gemeinsam genutzten R\u00e4umen)<\/li>\n<\/ul>\n<p>Die Gastfamilien betreffend, werden auch <strong>Freundlichkeit und Gastfreundschaft der Familienmitglieder sowie Vielfalt <\/strong>und Qualit\u00e4t der Gerichte bewertet.<\/p>\n<div id='gallery-1' class='gallery galleryid-24 gallery-columns-3 gallery-size-thumbnail'><figure class='gallery-item'>\n\t\t\t<div class='gallery-icon landscape'>\n\t\t\t\t<a href='https:\/\/ils.simonemontanari.com\/de\/wp-content\/uploads\/sites\/2\/2018\/02\/florence-city-center-accommodation-08.png'><img loading=\"lazy\" decoding=\"async\" width=\"376\" height=\"250\" src=\"https:\/\/ils.simonemontanari.com\/de\/wp-content\/uploads\/sites\/2\/2018\/02\/florence-city-center-accommodation-08-376x250.png\" class=\"attachment-thumbnail size-thumbnail\" alt=\"Wohnzimmer\" srcset=\"https:\/\/ils.simonemontanari.com\/de\/wp-content\/uploads\/sites\/2\/2018\/02\/florence-city-center-accommodation-08-376x250.png 376w, https:\/\/ils.simonemontanari.com\/de\/wp-content\/uploads\/sites\/2\/2018\/02\/florence-city-center-accommodation-08-752x501.png 752w, https:\/\/ils.simonemontanari.com\/de\/wp-content\/uploads\/sites\/2\/2018\/02\/florence-city-center-accommodation-08-768x512.png 768w, https:\/\/ils.simonemontanari.com\/de\/wp-content\/uploads\/sites\/2\/2018\/02\/florence-city-center-accommodation-08.png 914w\" sizes=\"auto, (max-width: 376px) 100vw, 376px\" \/><\/a>\n\t\t\t<\/div><\/figure><figure class='gallery-item'>\n\t\t\t<div class='gallery-icon landscape'>\n\t\t\t\t<a href='https:\/\/ils.simonemontanari.com\/de\/wp-content\/uploads\/sites\/2\/2018\/02\/host-family-apartment-florence-europass-03.jpg'><img loading=\"lazy\" decoding=\"async\" width=\"376\" height=\"250\" src=\"https:\/\/ils.simonemontanari.com\/de\/wp-content\/uploads\/sites\/2\/2018\/02\/host-family-apartment-florence-europass-03-376x250.jpg\" class=\"attachment-thumbnail size-thumbnail\" alt=\"Esszimmer\" \/><\/a>\n\t\t\t<\/div><\/figure><figure class='gallery-item'>\n\t\t\t<div class='gallery-icon landscape'>\n\t\t\t\t<a href='https:\/\/ils.simonemontanari.com\/de\/wp-content\/uploads\/sites\/2\/2018\/02\/apartment-florence-europass-04.jpg'><img loading=\"lazy\" decoding=\"async\" width=\"376\" height=\"250\" src=\"https:\/\/ils.simonemontanari.com\/de\/wp-content\/uploads\/sites\/2\/2018\/02\/apartment-florence-europass-04-376x250.jpg\" class=\"attachment-thumbnail size-thumbnail\" alt=\"Wohnung\" srcset=\"https:\/\/ils.simonemontanari.com\/de\/wp-content\/uploads\/sites\/2\/2018\/02\/apartment-florence-europass-04-376x250.jpg 376w, https:\/\/ils.simonemontanari.com\/de\/wp-content\/uploads\/sites\/2\/2018\/02\/apartment-florence-europass-04-752x501.jpg 752w, https:\/\/ils.simonemontanari.com\/de\/wp-content\/uploads\/sites\/2\/2018\/02\/apartment-florence-europass-04-768x512.jpg 768w, https:\/\/ils.simonemontanari.com\/de\/wp-content\/uploads\/sites\/2\/2018\/02\/apartment-florence-europass-04-1182x788.jpg 1182w, https:\/\/ils.simonemontanari.com\/de\/wp-content\/uploads\/sites\/2\/2018\/02\/apartment-florence-europass-04.jpg 1600w\" sizes=\"auto, (max-width: 376px) 100vw, 376px\" \/><\/a>\n\t\t\t<\/div><\/figure>\n\t\t<\/div>\n\n<p>Zwei Wochen vor Ankunft <strong>senden wir dir eine detaillierte Beschreibung<\/strong> deiner Unterkunft.<\/p>\n<p>Hier eine Liste aller verf\u00fcgbaren Unterkunftsm\u00f6glichkeiten. W\u00e4hle einfach den Unterbringungstyp aus, der deinen Bed\u00fcrfnissen am meisten entspricht:<\/p>\n<h2>Gastfamilie<\/h2>\n<p>Das ist die richtige Wahl wenn du gerne <strong>Freundschaft mit Italienern schlie\u00dfen<\/strong> und etwas <strong>mehr \u00fcber den italienischen Lebensstil erfahren<\/strong> m\u00f6chtest.<\/p>\n<div id='gallery-2' class='gallery galleryid-24 gallery-columns-3 gallery-size-thumbnail'><figure class='gallery-item'>\n\t\t\t<div class='gallery-icon portrait'>\n\t\t\t\t<a href='https:\/\/ils.simonemontanari.com\/de\/wp-content\/uploads\/sites\/2\/2018\/02\/host-family-apartment-florence-europass-02.jpg'><img loading=\"lazy\" decoding=\"async\" width=\"376\" height=\"250\" src=\"https:\/\/ils.simonemontanari.com\/de\/wp-content\/uploads\/sites\/2\/2018\/02\/host-family-apartment-florence-europass-02-376x250.jpg\" class=\"attachment-thumbnail size-thumbnail\" alt=\"Bett\" \/><\/a>\n\t\t\t<\/div><\/figure><figure class='gallery-item'>\n\t\t\t<div class='gallery-icon landscape'>\n\t\t\t\t<a href='https:\/\/ils.simonemontanari.com\/de\/wp-content\/uploads\/sites\/2\/2018\/02\/host-family-apartment-florence-europass-01.jpg'><img loading=\"lazy\" decoding=\"async\" width=\"376\" height=\"250\" src=\"https:\/\/ils.simonemontanari.com\/de\/wp-content\/uploads\/sites\/2\/2018\/02\/host-family-apartment-florence-europass-01-376x250.jpg\" class=\"attachment-thumbnail size-thumbnail\" alt=\"Schlafzimmer\" srcset=\"https:\/\/ils.simonemontanari.com\/de\/wp-content\/uploads\/sites\/2\/2018\/02\/host-family-apartment-florence-europass-01-376x250.jpg 376w, https:\/\/ils.simonemontanari.com\/de\/wp-content\/uploads\/sites\/2\/2018\/02\/host-family-apartment-florence-europass-01-752x501.jpg 752w, https:\/\/ils.simonemontanari.com\/de\/wp-content\/uploads\/sites\/2\/2018\/02\/host-family-apartment-florence-europass-01-768x512.jpg 768w, https:\/\/ils.simonemontanari.com\/de\/wp-content\/uploads\/sites\/2\/2018\/02\/host-family-apartment-florence-europass-01-1182x788.jpg 1182w, https:\/\/ils.simonemontanari.com\/de\/wp-content\/uploads\/sites\/2\/2018\/02\/host-family-apartment-florence-europass-01.jpg 1600w\" sizes=\"auto, (max-width: 376px) 100vw, 376px\" \/><\/a>\n\t\t\t<\/div><\/figure><figure class='gallery-item'>\n\t\t\t<div class='gallery-icon landscape'>\n\t\t\t\t<a href='https:\/\/ils.simonemontanari.com\/de\/wp-content\/uploads\/sites\/2\/2018\/02\/host-family-apartment-florence-europass-04.jpg'><img loading=\"lazy\" decoding=\"async\" width=\"376\" height=\"250\" src=\"https:\/\/ils.simonemontanari.com\/de\/wp-content\/uploads\/sites\/2\/2018\/02\/host-family-apartment-florence-europass-04-376x250.jpg\" class=\"attachment-thumbnail size-thumbnail\" alt=\"Wohnzimmer\" \/><\/a>\n\t\t\t<\/div><\/figure>\n\t\t<\/div>\n\n<p>Unsere Gastgeber\/-familien sind Paare oder Alleinstehende jeden Alters, mit und ohne Kinder. Oftmals werden die etwas betagteren Gastgeberinnen zu regelrechten italienischen Grossm\u00fcttern f\u00fcr unsere Sch\u00fcler!<\/p>\n<p>Du kommst in den Geschmack von <strong>hausgemachtem italienischen Essen<\/strong> und kannst gleichzeitig, ganz nebenbei, <strong>deine Sprachkenntnisse verbessern<\/strong>.<\/p>\n<p>Die Familien wohnen alle nahe dem Stadtzentrum und k\u00f6nnen leicht mit dem Bus (oder auch zu Fuss) erreicht werden.<br \/>\n<div class=\"row has-columns two-columns \">\n<div class=\"column\">\n<h3>Zimmer mit Fr\u00fchst\u00fcck<\/h3>\n<table class=\"holiday-prices-table\">\n<tbody>\n<tr>\n<th>N\u00e4chte<\/th>\n<th>EZ<\/th>\n<th>DZ<\/th>\n<\/tr>\n<tr>\n<td style=\"text-align: center;\"><strong>6<\/strong><\/td>\n<td>240\u20ac-270\u20ac<\/td>\n<td>210\u20ac-240\u20ac<\/td>\n<\/tr>\n<tr>\n<td style=\"text-align: center;\"><strong>13<\/strong><\/td>\n<td>455\u20ac-520\u20ac<\/td>\n<td>390\u20ac-455\u20ac<\/td>\n<\/tr>\n<tr>\n<td style=\"text-align: center;\"><strong>Zusatzwoche<br \/>\n(7 N\u00e4chte)<\/strong><\/td>\n<td>245\u20ac-280\u20ac<\/td>\n<td>210\u20ac-245\u20ac<\/td>\n<\/tr>\n<\/tbody>\n<\/table>\n<\/div>\n<div class=\"column\">\n<h3>Zimmer mit Halbpension<\/h3>\n<table class=\"holiday-prices-table\">\n<tbody>\n<tr>\n<th>N\u00e4chte<\/th>\n<th>EZ<\/th>\n<th>DZ<\/th>\n<\/tr>\n<tr>\n<td style=\"text-align: center;\"><strong>6<\/strong><\/td>\n<td>300\u20ac-330\u20ac<\/td>\n<td>270\u20ac-300\u20ac<\/td>\n<\/tr>\n<tr>\n<td style=\"text-align: center;\"><strong>13<\/strong><\/td>\n<td>585\u20ac-650\u20ac<\/td>\n<td>520\u20ac-585\u20ac<\/td>\n<\/tr>\n<tr>\n<td style=\"text-align: center;\"><strong>Zusatzwoche <\/strong><br \/>\n<strong>(7 N\u00e4chte)<\/strong><\/td>\n<td>315\u20ac-330\u20ac<\/td>\n<td>280\u20ac-315\u20ac<\/td>\n<\/tr>\n<\/tbody>\n<\/table>\n<\/div>\n<\/div>\n<h3>Einzelheiten<\/h3>\n<ul>\n<li><strong>Doppelzimmer (DZ) nur f\u00fcr zwei gemeinsam Reisende<\/strong> verf\u00fcgbar, die Preise der Doppelzimmer gelten pro Person<\/li>\n<li>Ankunft Sonntag, Abfahrt Samstag. Extran\u00e4chte auf Anfrage.<\/li>\n<li>\u00a0Keine K\u00fcchennutzung m\u00f6glich<\/li>\n<\/ul>\n<p><strong>Die Preise beinhalten<\/strong>: Nebenkosten (Strom, Wasser, Gas) \u2022 Reinigung vor Anreise und nach Abreise \u2022 Handt\u00fccher und Bettw\u00e4sche \u2022 Waschmaschine (eine Ladung pro Woche) \u2022 W-LAN-Nutzung \u2022 gebuchte Mahlzeiten<\/p>\n<h2>Wohngemeinschaft<\/h2>\n<p>Wenn du es lieber international magst und mit anderen Sch\u00fclern zusammen wohnen m\u00f6chtest , ist die Wohngemeinschaft die richtige Wahl. <strong>Perfekt um neue Leute kennenzulernen und doch Raum f\u00fcr sich zu haben<\/strong>.<\/p>\n<div id='gallery-3' class='gallery galleryid-24 gallery-columns-3 gallery-size-thumbnail'><figure class='gallery-item'>\n\t\t\t<div class='gallery-icon portrait'>\n\t\t\t\t<a href='https:\/\/ils.simonemontanari.com\/de\/wp-content\/uploads\/sites\/2\/2018\/02\/standard-accommodation-florence-europass-02.jpg'><img loading=\"lazy\" decoding=\"async\" width=\"376\" height=\"250\" src=\"https:\/\/ils.simonemontanari.com\/de\/wp-content\/uploads\/sites\/2\/2018\/02\/standard-accommodation-florence-europass-02-376x250.jpg\" class=\"attachment-thumbnail size-thumbnail\" alt=\"Doppelzimmer\" \/><\/a>\n\t\t\t<\/div><\/figure><figure class='gallery-item'>\n\t\t\t<div class='gallery-icon landscape'>\n\t\t\t\t<a href='https:\/\/ils.simonemontanari.com\/de\/wp-content\/uploads\/sites\/2\/2018\/02\/florence-city-center-accommodation-07.jpg'><img loading=\"lazy\" decoding=\"async\" width=\"376\" height=\"250\" src=\"https:\/\/ils.simonemontanari.com\/de\/wp-content\/uploads\/sites\/2\/2018\/02\/florence-city-center-accommodation-07-376x250.jpg\" class=\"attachment-thumbnail size-thumbnail\" alt=\"Einzelzimmer\" \/><\/a>\n\t\t\t<\/div><\/figure><figure class='gallery-item'>\n\t\t\t<div class='gallery-icon landscape'>\n\t\t\t\t<a href='https:\/\/ils.simonemontanari.com\/de\/wp-content\/uploads\/sites\/2\/2018\/02\/florence-city-center-accommodation-05.png'><img loading=\"lazy\" decoding=\"async\" width=\"376\" height=\"250\" src=\"https:\/\/ils.simonemontanari.com\/de\/wp-content\/uploads\/sites\/2\/2018\/02\/florence-city-center-accommodation-05-376x250.png\" class=\"attachment-thumbnail size-thumbnail\" alt=\"Bettzimmer\" srcset=\"https:\/\/ils.simonemontanari.com\/de\/wp-content\/uploads\/sites\/2\/2018\/02\/florence-city-center-accommodation-05-376x250.png 376w, https:\/\/ils.simonemontanari.com\/de\/wp-content\/uploads\/sites\/2\/2018\/02\/florence-city-center-accommodation-05-752x501.png 752w, https:\/\/ils.simonemontanari.com\/de\/wp-content\/uploads\/sites\/2\/2018\/02\/florence-city-center-accommodation-05-768x511.png 768w, https:\/\/ils.simonemontanari.com\/de\/wp-content\/uploads\/sites\/2\/2018\/02\/florence-city-center-accommodation-05.png 910w\" sizes=\"auto, (max-width: 376px) 100vw, 376px\" \/><\/a>\n\t\t\t<\/div><\/figure>\n\t\t<\/div>\n\n<p>In den Wohngemeinschaften <strong>gibt es meist 2 bis 4 Zimmer<\/strong>. Manchmal teilst du die Wohnung mit dem Besitzer (meist Studenten oder Berufst\u00e4tige).<\/p>\n<p>Du kannst zwischen folgenden Optionen w\u00e4hlen:<\/p>\n<ul>\n<li><strong>Einzelzimmer<\/strong><\/li>\n<li><strong>Doppelzimmer<\/strong> (nur f\u00fcr zwei gemeinsam Reisende buchbar)<\/li>\n<\/ul>\n<div class=\"row has-columns two-columns \">\n<div class=\"column\">\n<h3>WG<\/h3>\n<table class=\"holiday-prices-table\">\n<tbody>\n<tr>\n<th>N\u00e4chte<\/th>\n<th>EZ<\/th>\n<th>DZ<\/th>\n<\/tr>\n<tr>\n<td style=\"text-align: center;\"><strong>6<\/strong><\/td>\n<td>250\u20ac-300\u20ac<\/td>\n<td>150\u20ac-200\u20ac<\/td>\n<\/tr>\n<tr>\n<td style=\"text-align: center;\"><strong>13<\/strong><\/td>\n<td>350\u20ac-450\u20ac<\/td>\n<td>250\u20ac-350\u20ac<\/td>\n<\/tr>\n<tr>\n<td style=\"text-align: center;\"><strong>Zusatzwoche<\/strong><br \/>\n<strong>(7 N\u00e4chte)<\/strong><\/td>\n<td>130\u20ac-175\u20ac<\/td>\n<td>100\u20ac-150\u20ac<\/td>\n<\/tr>\n<\/tbody>\n<\/table>\n<\/div>\n<\/div>\n<h3>Einzelheiten<\/h3>\n<ul>\n<li><strong>Lage:<\/strong> Die Apartments befinden sich ca. 10 &#8211; 35\/40 Gehminutenvon der Schule entfernt<\/li>\n<li><strong>Doppelzimmer:\u00a0 sind nur f\u00fcr zwei gemeinsamReisende<\/strong> buchbar, die Preise der Doppelzimmer gelten pro Person<\/li>\n<li>Es handelt sich um <strong>gemischte Wohngemeinschaften<\/strong><\/li>\n<li><strong>Ankunft Sonntag, Abfahrt Samstag<\/strong><\/li>\n<li><strong>Extran\u00e4chte:<\/strong> auf Anfrage<\/li>\n<li><strong>Kaution:<\/strong> in einigen F\u00e4llen wird eine Kaution erhoben, zahlbar bei Anreise. Falls keine Sch\u00e4den entstanden sind, wird die Kaution bei Abfahrt voll zur\u00fcckerstattet<\/li>\n<li>\u00a0<strong>Touristensteuer:<\/strong> in manchen F\u00e4llen ist eine Touristensteuer f\u00e4llig. Sie betr\u00e4gt aktuell\u00a0 \u20ac4,00 pro Nacht\/ pro Person f\u00fcr die ersten sieben N\u00e4chte. Die Touristensteuer ist nicht im Mietpreis inbegriffen und sollte bei Ankunft dem Vermieter direkt gezahlt werden. Es wird eine Quittung daf\u00fcr ausgestellt<\/li>\n<\/ul>\n<p><strong>Die Preise beinhalten:<\/strong> Nebenkosten (Strom, Wasser, Gas) \u2022 Reinigung vor Anreise und nach Abreise \u2022 Handt\u00fccher und Bettw\u00e4sche \u2022 W-LAN-Nutzung \u2022 K\u00fcchennutzung<\/p>\n<h2>Private Ferienwohnung<\/h2>\n<p>Du liegst viel Wert auf <strong>Unabh\u00e4ngigkeit, Privatsph\u00e4re und Komfort? <\/strong>Dann ist eine private Ferienwohnung die beste L\u00f6sung f\u00fcr dich!<\/p>\n<div id='gallery-4' class='gallery galleryid-24 gallery-columns-3 gallery-size-thumbnail'><figure class='gallery-item'>\n\t\t\t<div class='gallery-icon landscape'>\n\t\t\t\t<a href='https:\/\/ils.simonemontanari.com\/de\/wp-content\/uploads\/sites\/2\/2018\/02\/apartment-florence-europass-03.png'><img loading=\"lazy\" decoding=\"async\" width=\"376\" height=\"250\" src=\"https:\/\/ils.simonemontanari.com\/de\/wp-content\/uploads\/sites\/2\/2018\/02\/apartment-florence-europass-03-376x250.png\" class=\"attachment-thumbnail size-thumbnail\" alt=\"K\u00fcche\" \/><\/a>\n\t\t\t<\/div><\/figure><figure class='gallery-item'>\n\t\t\t<div class='gallery-icon landscape'>\n\t\t\t\t<a href='https:\/\/ils.simonemontanari.com\/de\/wp-content\/uploads\/sites\/2\/2018\/02\/apartment-florence-europass-06.jpg'><img loading=\"lazy\" decoding=\"async\" width=\"376\" height=\"250\" src=\"https:\/\/ils.simonemontanari.com\/de\/wp-content\/uploads\/sites\/2\/2018\/02\/apartment-florence-europass-06-376x250.jpg\" class=\"attachment-thumbnail size-thumbnail\" alt=\"Wohnzimmer\" srcset=\"https:\/\/ils.simonemontanari.com\/de\/wp-content\/uploads\/sites\/2\/2018\/02\/apartment-florence-europass-06-376x250.jpg 376w, https:\/\/ils.simonemontanari.com\/de\/wp-content\/uploads\/sites\/2\/2018\/02\/apartment-florence-europass-06-752x501.jpg 752w, https:\/\/ils.simonemontanari.com\/de\/wp-content\/uploads\/sites\/2\/2018\/02\/apartment-florence-europass-06-768x512.jpg 768w, https:\/\/ils.simonemontanari.com\/de\/wp-content\/uploads\/sites\/2\/2018\/02\/apartment-florence-europass-06-1182x788.jpg 1182w, https:\/\/ils.simonemontanari.com\/de\/wp-content\/uploads\/sites\/2\/2018\/02\/apartment-florence-europass-06.jpg 1600w\" sizes=\"auto, (max-width: 376px) 100vw, 376px\" \/><\/a>\n\t\t\t<\/div><\/figure><figure class='gallery-item'>\n\t\t\t<div class='gallery-icon landscape'>\n\t\t\t\t<a href='https:\/\/ils.simonemontanari.com\/de\/wp-content\/uploads\/sites\/2\/2018\/02\/apartment-florence-europass-02.png'><img loading=\"lazy\" decoding=\"async\" width=\"376\" height=\"250\" src=\"https:\/\/ils.simonemontanari.com\/de\/wp-content\/uploads\/sites\/2\/2018\/02\/apartment-florence-europass-02-376x250.png\" class=\"attachment-thumbnail size-thumbnail\" alt=\"Doppelzimmer\" \/><\/a>\n\t\t\t<\/div><\/figure>\n\t\t<\/div>\n\n<p>Es handelt sich um Ein- oder Zweiraumwohnungen, die sich gr\u00f6sstenteils\u00a0<strong>im historischen Stadtzentrum\u00a0befinden<\/strong>. Sie sind komplett mit allem ausgestattet, was einen Aufenthalt komfortabel macht.<\/p>\n<p><strong>Zweiraumwohnungen<\/strong> bestehen aus einem Schlafzimmer (meist Doppelzimmer), Wohnzimmer mit Kochecke und Badezimmer.<\/p>\n<table class=\"holiday-prices-table\">\n<tbody>\n<tr>\n<td>Private Ferienwohnung<\/td>\n<td>\u00a0ab 70 &#8211; 80\u20ac pro Nacht<\/td>\n<\/tr>\n<\/tbody>\n<\/table>\n<h3>Einzelheiten<\/h3>\n<ul>\n<li style=\"list-style-type: none;\">\n<ul>\n<li>Ankunft Sonntag, Abfahrt Samstag<\/li>\n<li><strong>Extran\u00e4chte<\/strong>: auf Anfrage<\/li>\n<li><strong>Kaution<\/strong>: in einigen F\u00e4llen wird eine Kaution erhoben, zahlbar bei Ankunft. Falls keine Sch\u00e4den entstanden sind, wird die Kaution bei Abfahrt voll zur\u00fcckerstattet<\/li>\n<li><strong>Touristensteuer:<\/strong> in den meisten F\u00e4llen ist eine Touristensteuer f\u00e4llig. Sie betr\u00e4gt \u20ac4,00 pro Nacht\/ pro Person f\u00fcr die ersten sieben N\u00e4chte. Die Touristensteuer ist nicht im Mietpreis inbegriffen und sollte bei Ankunft dem Vermieter direkt gezahlt werden. Es wird eine Quittung daf\u00fcr ausgestellt<\/li>\n<\/ul>\n<\/li>\n<\/ul>\n<p><strong>Der Preis beinhaltet<\/strong>: Nebenkosten (Strom, Wasser, Gas) \u2022 Handt\u00fccher und Bettw\u00e4sche \u2022 W-LAN-Nutzung<\/p>\n","protected":false},"excerpt":{"rendered":"<p>Nat\u00fcrlich kannst du dich auch selbst um die Buchung deiner Unterkunft k\u00fcmmern. Andernfalls sind wir dir gerne mit der Reservierung behilflich. Wir haben eine gro\u00dfe Auswahl an verschieden Unterk\u00fcnften, die sorgf\u00e4ltig ausgew\u00e4hlt wurden und einen sehr guten Standard bieten. Qualit\u00e4tsgarantie Unsere Unterk\u00fcnfte werden regelm\u00e4\u00dfig kontrolliert und nach folgenden Kriterien bewertet: Allgemeiner Zustand der Wohnung Funktionalit\u00e4t [&hellip;]<\/p>\n","protected":false},"author":1788,"featured_media":7530,"parent":18,"menu_order":0,"comment_status":"closed","ping_status":"closed","template":"","meta":{"_acf_changed":false,"footnotes":""},"class_list":["post-24","page","type-page","status-publish","has-post-thumbnail","hentry"],"acf":[],"_links":{"self":[{"href":"https:\/\/ils.simonemontanari.com\/de\/wp-json\/wp\/v2\/pages\/24","targetHints":{"allow":["GET"]}}],"collection":[{"href":"https:\/\/ils.simonemontanari.com\/de\/wp-json\/wp\/v2\/pages"}],"about":[{"href":"https:\/\/ils.simonemontanari.com\/de\/wp-json\/wp\/v2\/types\/page"}],"author":[{"embeddable":true,"href":"https:\/\/ils.simonemontanari.com\/de\/wp-json\/wp\/v2\/users\/1788"}],"replies":[{"embeddable":true,"href":"https:\/\/ils.simonemontanari.com\/de\/wp-json\/wp\/v2\/comments?post=24"}],"version-history":[{"count":0,"href":"https:\/\/ils.simonemontanari.com\/de\/wp-json\/wp\/v2\/pages\/24\/revisions"}],"up":[{"embeddable":true,"href":"https:\/\/ils.simonemontanari.com\/de\/wp-json\/wp\/v2\/pages\/18"}],"wp:featuredmedia":[{"embeddable":true,"href":"https:\/\/ils.simonemontanari.com\/de\/wp-json\/wp\/v2\/media\/7530"}],"wp:attachment":[{"href":"https:\/\/ils.simonemontanari.com\/de\/wp-json\/wp\/v2\/media?parent=24"}],"curies":[{"name":"wp","href":"https:\/\/api.w.org\/{rel}","templated":true}]}}