{"id":2591,"date":"2020-10-28T18:39:43","date_gmt":"2020-10-28T17:39:43","guid":{"rendered":"https:\/\/ils.simonemontanari.com\/de\/?page_id=2591"},"modified":"2024-10-21T10:43:30","modified_gmt":"2024-10-21T08:43:30","slug":"celi","status":"publish","type":"page","link":"https:\/\/ils.simonemontanari.com\/de\/prufuengen-italienisch\/celi\/","title":{"rendered":"CELI-Pr\u00fcfungen (Universit\u00e4t von Perugia)"},"content":{"rendered":"<h2>CELI-Zertifizierung im \u00dcberblick<\/h2>\n<p>CELI ist ein offizieller Titel, der den Grad der kommunikativen Kompetenz in Italienisch als Fremdsprache angibt.<\/p>\n<p>Um eine <a href=\"https:\/\/ils.simonemontanari.com\/de\/prufuengen-italienisch\/b1-staatsbuergerschaft\/\">Aufenthaltserlaubnis<\/a> zu erhalten, ist es n\u00f6tig die CELI 1-Pr\u00fcfung abzulegen.<\/p>\n<p><strong>CELI-Niveau 2<\/strong> ist erforderlich, um die italienische Staatsb\u00fcrgerschaft zu erhalten <strong>Universit\u00e4t in Italien<\/strong>.<\/p>\n<p>Das Ministerium f\u00fcr Bildung, Universit\u00e4t und Forschung (MIUR) erkennt CELI 3 als Nachweis der Kenntnisse der italienischen Sprache an und ist f\u00fcr die Immatrikulation an einer <a href=\"https:\/\/ils.simonemontanari.com\/de\/prufuengen-italienisch\/b2-universitaet\/\">italienischen Universit\u00e4t in Italien g\u00fcltig<\/a>.<\/p>\n<p><strong>CELI 4 und CELI 5<\/strong> sind g\u00fcltige Qualifikationen, um die Beherrschung der italienischen Sprache zu gleichen Bedingungen wie muttersprachliche Italiener zu bescheinigen.<\/p>\n<h2>Was sind die CELI-Niveaus<\/h2>\n<p>CELI ist in 6 Kompetenzniveaus unterteilt, die auf dem Modell des <a href=\"https:\/\/ils.simonemontanari.com\/de\/blog\/ger-level\/\">Gemeinsamen Europ\u00e4ischen Referenzrahmens f\u00fcr Sprachen (GER)<\/a> basieren. Sie sind vom Ministerium f\u00fcr ausw\u00e4rtige Angelegenheiten anerkannt. Jedes Niveau bescheinigt eine bestimmte kommunikative F\u00e4higkeit, die in verschiedenen Situationen und Kontexten angewendet werden kann.<\/p>\n<p>Die CELI-Zertifizierung richtet sich an diejenigen, die Italienisch lernen und einfach nur ihre Kompetenz messen wollen, an diejenigen, die in die Arbeitswelt eintreten wollen, an nichteurop\u00e4ische Studenten, die sich f\u00fcr einen Universit\u00e4tskurs in Italien einschreiben wollen, und an Migranten, die eine langfristige Aufenthaltsgenehmigung beantragen wollen.<\/p>\n<h4>CELI IMPATTO<\/h4>\n<p><strong>CELI Impatto <\/strong>(CELI Impakt) ist das niedrigste Niveau der sechs CELI-Zertifikate. Es ist vergleichbar mit dem Niveau A1 des GERs.<\/p>\n<p>Die Pr\u00fcfung ist in drei Teile gegliedert:<\/p>\n<ul>\n<li>Leseverstehen 25%;<\/li>\n<li>Schriftliche Produktion und Interaktion 25%;<\/li>\n<li>H\u00f6rverstehen und -produktion; M\u00fcndliche Interaktion 50%.<\/li>\n<\/ul>\n<p>Die Dauer der CELI Impatto-Pr\u00fcfung betr\u00e4gt 1 Stunde und 15 Minuten f\u00fcr den Lese- und Schreibteil und 5-6 Minuten f\u00fcr den m\u00fcndlichen Teil.<\/p>\n<p><strong>\u00bb<\/strong> Pr\u00fcfen Sie Ihr Italienisch-Niveau mit unserem <a href=\"https:\/\/ils.simonemontanari.com\/de\/italienisch-test\/niveau-a1\/\">A1-Italienisch-Test<\/a><\/p>\n<h4>CELI 1<\/h4>\n<p>CELI 1 (Niveau A2 des GERs) bescheinigt ein elementares Niveau des Verst\u00e4ndnisses der italienischen Sprache und die M\u00f6glichkeit, einfache S\u00e4tze, aber keine vollst\u00e4ndige Rede, zu formulieren.<\/p>\n<p>Die Pr\u00fcfung besteht aus vier Teilen:<\/p>\n<ul>\n<li>Verstehen von schriftlichen Texten 25%;<\/li>\n<li>Produktion von schriftlichen Texten 15%;<\/li>\n<li>Verstehen von m\u00fcndlichen Texten 30%;<\/li>\n<li>M\u00fcndliche Produktion 15%.<\/li>\n<\/ul>\n<p>Die Dauer der CELI 1-Pr\u00fcfung betr\u00e4gt: 2 Stunden f\u00fcr den schriftlichen Teil, 20 Minuten f\u00fcr das Verstehen von m\u00fcndlichen Texten und 10 Minuten f\u00fcr die m\u00fcndliche Produktion.<\/p>\n<p><strong>\u00bb <\/strong>Pr\u00fcfen Sie Ihr Italienisch-Niveau, machen Sie unseren <a href=\"https:\/\/ils.simonemontanari.com\/de\/italienisch-test\/niveau-a2\/\">A2 Italienisch-Test<\/a><\/p>\n<h4>CELI 2<\/h4>\n<p><strong>CELI 2 <\/strong>(Niveau B1 des GERs) bezieht sich auf ein mittleres Niveau, das f\u00fcr die Staatsb\u00fcrgerschaft g\u00fcltig ist.<\/p>\n<p>Die Pr\u00fcfung besteht aus vier Teilen:<\/p>\n<ul>\n<li>Verstehen von schriftlichen Texten 25%;<\/li>\n<li>Produktion von schriftlichen Texten 25%;<\/li>\n<li>Verstehen von m\u00fcndlichen Texten 25%;<\/li>\n<li>M\u00fcndliche Produktion 25%.<\/li>\n<\/ul>\n<p>Die CELI 2 Pr\u00fcfung dauert 2 Stunden f\u00fcr den schriftlichen Teil, 20 Minuten f\u00fcr das Verstehen m\u00fcndlicher Texte und 15 Minuten f\u00fcr die m\u00fcndliche Produktion.<\/p>\n<p><strong>\u00bb <\/strong>Pr\u00fcfen Sie Ihr Italienisch-Niveau, machen Sie unseren <a href=\"https:\/\/ils.simonemontanari.com\/de\/italienisch-test\/niveau-b1\/\">B1 Italienisch-Test<\/a><\/p>\n<h4>CELI 3<\/h4>\n<p><strong>CELI 3 <\/strong>(Niveau B2 des GERs) wird auch als Niveau der oberen Mittelstufe bezeichnet und ist f\u00fcr die Zulassung zur italienischen Universit\u00e4t in Italien g\u00fcltig.<\/p>\n<p>In diesem Fall ist die Pr\u00fcfung in f\u00fcnf Teile unterteilt:<\/p>\n<ul>\n<li>Verstehen von schriftlichen Texten 20%;<\/li>\n<li>Produktion von schriftlichen Texten 20%;<\/li>\n<li>Sprachliche Kompetenz 10%;<\/li>\n<li>Verstehen von m\u00fcndlichen Texten 20%;<\/li>\n<li>M\u00fcndliche Produktion 30%.<\/li>\n<\/ul>\n<p>Die CELI 3-Pr\u00fcfung dauert mehr als 3 Stunden, davon 2 Stunden und 15 Minuten f\u00fcr den schriftlichen Teil, 1 Stunde und 10 Minuten f\u00fcr die sprachliche Kompetenz und das Verstehen von m\u00fcndlichen Texten und schlie\u00dflich 15 Minuten f\u00fcr die m\u00fcndliche Produktion.<\/p>\n<p><strong>\u00bb <\/strong>Pr\u00fcfen Sie Ihr Italienisch-Niveau, machen Sie unseren <a href=\"https:\/\/ils.simonemontanari.com\/de\/italienisch-test\/niveau-b2\/\">B2 Italienisch-Test<\/a><\/p>\n<h4>CELI 4<\/h4>\n<p><strong>CELI 4 <\/strong>(Niveau C1 des GERs) ist das erste der beiden fortgeschrittenen Niveaus und zeigt die F\u00e4higkeit an, lange und komplexe S\u00e4tze zu verstehen und zu bilden.<\/p>\n<p>Auch hier ist die Pr\u00fcfung in f\u00fcnf Teile gegliedert:<\/p>\n<ul>\n<li>Verstehen von schriftlichen Texten 20%;<\/li>\n<li>Produktion von schriftlichen Texten 30%;<\/li>\n<li>Sprachliche Kompetenz 10%;<\/li>\n<li>Verstehen von m\u00fcndlichen Texten 15%;<\/li>\n<li>M\u00fcndliche Produktion 25%.<\/li>\n<\/ul>\n<p>Die Dauer der CELI 4-Pr\u00fcfung betr\u00e4gt 2 Stunden und 45 Minuten f\u00fcr den schriftlichen Teil, 1 Stunde und 40 Minuten f\u00fcr die sprachliche Kompetenz und das Verstehen m\u00fcndlicher Texte und 20 Minuten f\u00fcr die m\u00fcndliche Produktion.<\/p>\n<p><strong>\u00bb <\/strong>Pr\u00fcfen Sie Ihr Italienisch-Niveau, machen Sie unseren <a href=\"https:\/\/ils.simonemontanari.com\/de\/italienisch-test\/niveau-c1\/\">C1 Italienisch-Test<\/a><\/p>\n<h4>CELI 5<\/h4>\n<p><strong>CELI 5 <\/strong>(Niveau C2 des GERs) ist das h\u00f6chste erreichbare Niveau und zeigt Sprachkenntnisse an, die mit denen eines Muttersprachlers vergleichbar oder fast vergleichbar sind.<\/p>\n<p>Die Pr\u00fcfung ist in folgende Teile gegliedert:<\/p>\n<ul>\n<li>Verstehen von schriftlichen Texten 20%;<\/li>\n<li>Produktion von schriftlichen Texten 30%;<\/li>\n<li>Sprachliche Kompetenz 10%;<\/li>\n<li>Verstehen von m\u00fcndlichen Texten 15%;<\/li>\n<li>M\u00fcndliche Produktion 25%.<\/li>\n<\/ul>\n<p>Die Dauer der CELI 5 Pr\u00fcfung ist fast f\u00fcnf Stunden: 2 Stunden und 45 Minuten f\u00fcr den schriftlichen Teil, 1 Stunde und 40 Minuten f\u00fcr sprachliche Kompetenz und Verstehen von m\u00fcndlichen Texten, und 20 Minuten f\u00fcr m\u00fcndliche Produktion.<\/p>\n<h3>Die Ergebnisse<\/h3>\n<p>Um die CELI-Pr\u00fcfung ablegen zu k\u00f6nnen, m\u00fcssen strenge Fristen eingehalten und lange Wartezeiten in Kauf genommen werden. Die Korrektur der Pr\u00fcfungen dauert bis zu 3 Monate und die Zusendung des Zertifikats kann bis zu 4 Monate dauern.<\/p>\n<p>Die CELI-Pr\u00fcfungen gelten nur dann als &#8222;bestanden&#8220;, wenn die erforderliche Mindestpunktzahl in beiden Teilen (m\u00fcndlich und schriftlich) erreicht wurde.<\/p>\n<p>Wenn einer der beiden Teile nicht ausreichend ist, kann das erzielte Teilergebnis ein Jahr lang angewandt werden (70 % der Gesamtgeb\u00fchr m\u00fcssen bei der zweiten Pr\u00fcfungssitzung bezahlt werden).<\/p>\n<p><strong>F\u00fcr die CELI Impatto und CELI 1 <\/strong>Niveaus, es gibt zwei m\u00f6gliche Ergebnisse (positiv oder negativ).<\/p>\n<p><strong>F\u00fcr alle anderen Niveaus<\/strong> gibt es f\u00fcnf Beurteilungsstufen:<\/p>\n<p><strong>Positiv:<\/strong><\/p>\n<p>A: ausgezeichnet;<br \/>\nB: gut;<br \/>\nC: ausreichend.<\/p>\n<p><strong>Negativ:<\/strong><\/p>\n<p>D: unzureichend;<br \/>\nE v\u00f6llig unzureichend.<\/p>\n<p><strong>HINWEIS:<\/strong> Die CELI-Zertifikate laufen nicht ab.<\/p>\n<h2>Kosten, Daten, und CELI-Zentrums<\/h2>\n<p>Die Anmeldungen m\u00fcssen mindestens einen Monat vor Beginn der Pr\u00fcfung erfolgen. Die CELI-Pr\u00fcfungssitzungen f\u00fcr allgemeines Italienisch finden das ganze Jahr \u00fcber statt:<\/p>\n<ul>\n<li>Fr\u00fchjahrssitzung im M\u00e4rz f\u00fcr die ersten 4 Stufen (A1-B2)<\/li>\n<li>Sommersitzung im Juni f\u00fcr alle 6 Stufen (A1-C2)<\/li>\n<li>Herbstsession im November f\u00fcr alle 6 Niveaustufen (A1-C2)<\/li>\n<\/ul>\n<p>Die genauen Daten der Pr\u00fcfungssessionen werden vom CVCL festgelegt und auf der Website der Universit\u00e4t <a href=\"https:\/\/www.unistrapg.it\/it\/certificati-di-conoscenza-della-lingua-italiana\/calendario-esami-celi-e-dils-pg\" target=\"_blank\" rel=\"noopener\">unistrapg.it<\/a> ver\u00f6ffentlicht.<\/p>\n<p>Die CELI-Pr\u00fcfung kann in einem <a href=\"https:\/\/www.unistrapg.it\/it\/certificati-di-conoscenza-della-lingua-italiana\/centri-d-esame-celi\" target=\"_blank\" rel=\"noopener\">Pr\u00fcfungszentrum in Ihrer N\u00e4he<\/a> abgelegt werden. <a href=\"https:\/\/ils.simonemontanari.com\/de\/kurse\/cils-celi-examen-in-florenz\/\">Unsere Schule in Florenz<\/a> ist eines der akkreditierten Zentren.<\/p>\n<p>Hier, bei Europass, kostet die Pr\u00fcfung 120 \u20ac.<\/p>\n<h2>CELI-Pr\u00fcfungsvorbereitung<\/h2>\n<p>Um die CELI-Pr\u00fcfungen zu bestehen, ist es nicht notwendig, einen bestimmten Kurs mit einem bestimmten Inhalt oder einer bestimmten Methode besucht zu haben, aber es ist wichtig, dass Sie sich gut auf das Niveau vorbereiten, das Sie sowohl im Schreiben als auch im Sprechen erreichen wollen.<\/p>\n<p>Da man in beiden Teilen gut abschneiden muss, um die Pr\u00fcfung zu bestehen, kann ein Training (oder einfach eine Wiederholung) notwendig sein, die sich auf einige Aspekte mehr konzentriert als auf andere.<\/p>\n<p>Aus diesem Grund bieten wir eine kostenlose <a href=\"https:\/\/ils.simonemontanari.com\/de\/gratis-kennenlern-meeting\/\">15-min\u00fctige Online-Beratung<\/a> an, in der Ihnen einer unserer Lehrer dabei helfen kann, den Lernweg zu w\u00e4hlen, der Ihren Bed\u00fcrfnissen bei der Vorbereitung auf die CELI-Pr\u00fcfung am besten entspricht.<\/p>\n<ul>\n<li><a href=\"https:\/\/ils.simonemontanari.com\/de\/kurse\/gruppen-online\/\">Online-Gruppenkurse Italienisch<\/a><br \/>\nNehmen Sie an 2 Live-Lektionen \u00e0 100 Minuten pro Woche mit Studenten Ihres Niveaus teil.<\/li>\n<li><a href=\"https:\/\/ils.simonemontanari.com\/de\/kurse\/privater-online\/\">Privater Italienischunterricht Online<\/a><br \/>\nLassen Sie sich von unseren erfahrenen Ausbildern bei der Vorbereitung auf die CELI-Pr\u00fcfung begleiten.<\/li>\n<li><a href=\"https:\/\/ils.simonemontanari.com\/de\/kurse\/standard-italienischkurse-in-florenz\/\">Standard Italienischkurse in Florenz<\/a><br \/>\nNehmen Sie t\u00e4glich an 4 Italienischstunden mit einer kleinen Gruppe von Mitsch\u00fclern teil.<\/li>\n<li><a href=\"https:\/\/ils.simonemontanari.com\/de\/kurse\/privater-italienischunterricht-in-florenz\/\">Privater Italienischunterricht in Florenz<\/a><br \/>\nBereiten Sie Ihre CELI-Pr\u00fcfung mit der Unterst\u00fctzung eines erfahrenen Trainers vor.<\/li>\n<\/ul>\n<p>W\u00e4hrend der Vorbereitung auf die CELI-Pr\u00fcfung k\u00f6nnen auch Pr\u00fcfungssitzungen simuliert werden, wobei <a href=\"https:\/\/www.unistrapg.it\/node\/3278\">alte CELI-Pr\u00fcfungsunterlagen<\/a> verwendet werden.<\/p>\n<p>Dies wird Ihnen helfen, sich daran zu gew\u00f6hnen, was Sie bei der Pr\u00fcfung erwartet, wie der Ablauf ist und wie viel Zeit Sie ben\u00f6tigen, um die Pr\u00fcfung zu bestehen. Au\u00dferdem k\u00f6nnen Sie Ihr erzieltes Ergebnis leicht \u00fcberpr\u00fcfen.<\/p>\n","protected":false},"excerpt":{"rendered":"<p>CELI-Zertifizierung im \u00dcberblick CELI ist ein offizieller Titel, der den Grad der kommunikativen Kompetenz in Italienisch als Fremdsprache angibt. Um eine Aufenthaltserlaubnis zu erhalten, ist es n\u00f6tig die CELI 1-Pr\u00fcfung abzulegen. CELI-Niveau 2 ist erforderlich, um die italienische Staatsb\u00fcrgerschaft zu erhalten Universit\u00e4t in Italien. Das Ministerium f\u00fcr Bildung, Universit\u00e4t und Forschung (MIUR) erkennt CELI 3 [&hellip;]<\/p>\n","protected":false},"author":1788,"featured_media":7641,"parent":2636,"menu_order":0,"comment_status":"closed","ping_status":"closed","template":"course.php","meta":{"_acf_changed":false,"footnotes":""},"class_list":["post-2591","page","type-page","status-publish","has-post-thumbnail","hentry"],"acf":[],"_links":{"self":[{"href":"https:\/\/ils.simonemontanari.com\/de\/wp-json\/wp\/v2\/pages\/2591","targetHints":{"allow":["GET"]}}],"collection":[{"href":"https:\/\/ils.simonemontanari.com\/de\/wp-json\/wp\/v2\/pages"}],"about":[{"href":"https:\/\/ils.simonemontanari.com\/de\/wp-json\/wp\/v2\/types\/page"}],"author":[{"embeddable":true,"href":"https:\/\/ils.simonemontanari.com\/de\/wp-json\/wp\/v2\/users\/1788"}],"replies":[{"embeddable":true,"href":"https:\/\/ils.simonemontanari.com\/de\/wp-json\/wp\/v2\/comments?post=2591"}],"version-history":[{"count":0,"href":"https:\/\/ils.simonemontanari.com\/de\/wp-json\/wp\/v2\/pages\/2591\/revisions"}],"up":[{"embeddable":true,"href":"https:\/\/ils.simonemontanari.com\/de\/wp-json\/wp\/v2\/pages\/2636"}],"wp:featuredmedia":[{"embeddable":true,"href":"https:\/\/ils.simonemontanari.com\/de\/wp-json\/wp\/v2\/media\/7641"}],"wp:attachment":[{"href":"https:\/\/ils.simonemontanari.com\/de\/wp-json\/wp\/v2\/media?parent=2591"}],"curies":[{"name":"wp","href":"https:\/\/api.w.org\/{rel}","templated":true}]}}