{"id":2594,"date":"2020-09-15T14:11:31","date_gmt":"2020-09-15T13:11:31","guid":{"rendered":"https:\/\/ils.simonemontanari.com\/de\/?page_id=2594"},"modified":"2024-10-18T10:05:03","modified_gmt":"2024-10-18T08:05:03","slug":"b2-universitaet","status":"publish","type":"page","link":"https:\/\/ils.simonemontanari.com\/de\/prufuengen-italienisch\/b2-universitaet\/","title":{"rendered":"B2-Pr\u00fcfung zur Aufnahme an italienische Universit\u00e4ten"},"content":{"rendered":"<h2>Welche Pr\u00fcfungen gelten f\u00fcr die Aufnahme an einer Universit\u00e4t?<\/h2>\n<p>Um an einer italienischen Universit\u00e4t aufgenommen zu werden, sollte eine offizielle Sprachzertifizierung des Levels B2 vorliegen.<\/p>\n<p>CELI und CILS, jeweils von der <a href=\"https:\/\/www.unistrapg.it\/en\"> Universit\u00e0 per stranieri di Perugia<\/a> und der <a href=\"https:\/\/www.unistrasi.it\/3\/527\/home_altre_lingue.htm\">Universit\u00e0 degli stranieri di Siena<\/a> gef\u00f6rdert, sind offizielle und vom Ministerium f\u00fcr auswertige Angelegenheiten anerkannte Sprachzertifizierungen.<\/p>\n<p>Sprachstufe B2 \u2013 Mittelstufe 2 \u2013 des <a href=\"https:\/\/ils.simonemontanari.com\/de\/blog\/ger-level\/\" target=\"_blank\" rel=\"noopener noreferrer\">Gemeinsamen europ\u00e4ischen Referenzrahmen f\u00fcr Sprachen<\/a> (GER) entspricht dem Sprachlevel CELI 3 sowie CILS B2.<\/p>\n<p><strong>Gleichwertigkeit der CELI und CILS Zertifizierungen nach dem Referenzrahmen f\u00fcr Sprachen<br \/>\n<\/strong><\/p>\n<table class=\"grammar-table\">\n<tbody>\n<tr>\n<td><strong>LEVEL<\/strong><\/td>\n<td><strong>CELI<\/strong><\/td>\n<td><strong>CILS<\/strong><\/td>\n<td><strong>Teste dein Italienisch<\/strong><\/td>\n<\/tr>\n<tr>\n<td>A1 &#8211; Base<\/td>\n<td>CELI IMPATTO<\/td>\n<td>CILS A1<\/td>\n<td><a href=\"https:\/\/ils.simonemontanari.com\/de\/italienisch-test\/niveau-a1\/\">Italienisch Test A1<\/a><\/td>\n<\/tr>\n<tr>\n<td>A2 &#8211; Grundstufe<\/td>\n<td>CELI 1<\/td>\n<td>CILS A2<\/td>\n<td><a href=\"https:\/\/ils.simonemontanari.com\/de\/italienisch-test\/niveau-a2\/\">Italienisch Test A2<\/a><\/td>\n<\/tr>\n<tr>\n<td>B1 &#8211; Mittelstufe 1<\/td>\n<td>CELI 2<\/td>\n<td>CILS B1 \/ CILS B1 cittadinanza<\/td>\n<td><a href=\"https:\/\/ils.simonemontanari.com\/de\/italienisch-test\/niveau-b1\/\">Italienisch Test B1<\/a><\/td>\n<\/tr>\n<tr>\n<td><span style=\"color: #ff0000;\">B2 &#8211; Mittelstufe 2<\/span><\/td>\n<td><span style=\"color: #ff0000;\">CELI 3<\/span><\/td>\n<td><span style=\"color: #ff0000;\">CILS B2<\/span><\/td>\n<td><a href=\"https:\/\/ils.simonemontanari.com\/de\/italienisch-test\/niveau-b2\/\">Italienisch Test B2<\/a><\/td>\n<\/tr>\n<tr>\n<td>C1 &#8211; Fortgeschrittene 1<\/td>\n<td>CELI 4<\/td>\n<td>CILS C1<\/td>\n<td><a href=\"https:\/\/ils.simonemontanari.com\/de\/italienisch-test\/niveau-c1\/\">Italienisch Test C1<\/a><\/td>\n<\/tr>\n<tr>\n<td>C2 &#8211; Fortegeschrittene 2<\/td>\n<td>CELI 5<\/td>\n<td>CILS C2<\/td>\n<td>\n<p class=\"page-title\"><a href=\"https:\/\/ils.simonemontanari.com\/de\/italienisch-test\/vollstaendiger\/\">Vollst\u00e4ndiger Italienisch Test<\/a><\/p>\n<\/td>\n<\/tr>\n<\/tbody>\n<\/table>\n<h2>CELI 3 und CILS B2<\/h2>\n<h3>CELI 3<\/h3>\n<p><strong>Pr\u00fcfungsstruktur: <\/strong><\/p>\n<ul>\n<li>Leseverst\u00e4ndnis 20%<\/li>\n<li>Textverfassung 20%<\/li>\n<li>Sprachkompetenz 10%<\/li>\n<li>H\u00f6rverst\u00e4ndnis 20%<\/li>\n<li>Freies Sprechen 15%<\/li>\n<\/ul>\n<p><strong>CELI 2 Dauer<\/strong>: 3 Stunden und 40 Minuten<\/p>\n<p><strong>Achtung:<\/strong> Wenn einer der beiden Teile, entweder schriftlich oder m\u00fcndlich, nicht bestanden wird, kannst du den nicht bestandenen Teil innerhalb eines Jahres nach deiner Pr\u00fcfung wiederholen. Zu zahlen ist nur 70 % des urspr\u00fcnglichen Preises.<\/p>\n<h3>CILS B2<\/h3>\n<p><strong>Pr\u00fcfungsstruktur: <\/strong><\/p>\n<ul>\n<li>H\u00f6rverst\u00e4ndnis 25%,<\/li>\n<li>Leseverst\u00e4ndnis und Grammatikanalyse 25%,<\/li>\n<li>Textverfassung 25%,<\/li>\n<li>Freies Sprechen 25%.<strong><br \/>\n<\/strong><\/li>\n<\/ul>\n<p><strong>CILS B2 Dauer:<\/strong> 3 Stunden und 40 Minuten<\/p>\n<p><strong>Achtung:<\/strong> Um die CILS-Zertifizierung zu erhalten, muss der Kandidat alle Pr\u00fcfungsteile bestehen. Der Kandidat hat das Recht, einen oder mehrere Teile der Pr\u00fcfung innerhalb von 18 Monaten nach dem urspr\u00fcnglichen Pr\u00fcfungstermin zu wiederholen, wobei er nur f\u00fcr den\/die zu wiederholenden Teil(e) zahlt.<\/p>\n<h2>Kosten, Daten, und CELI\/CILS Zentrum<\/h2>\n<h3>CELI<\/h3>\n<p>Drei Termine pro Jahr: M\u00e4rz, Juni und November. Du kannst die CELI-Pr\u00fcfung in einem der anerkannten <a href=\"https:\/\/www.unistrapg.it\/centri-esame-celi.pdf?v=1596630188\" target=\"_blank\" rel=\"noopener noreferrer\">anerkannten Zentren in deiner N\u00e4he<\/a> ablegen. <a href=\"https:\/\/ils.simonemontanari.com\/de\/uber-uns\/\">Unsere Schule<\/a> ist ein <strong>anerkanntes Pr\u00fcfungszentrum in Florenz<\/strong>.<\/p>\n<p><strong>Achtung:<\/strong> Auch hier sollte die Anmeldefrist eingehalten werden und der Kandidat sollte sich auf lange Wartezeiten einstellen. Die Korrektur der Pr\u00fcfung dauert bis zu 3 Monaten, der Versand des Zertifikats bis zu 4 Monaten.<\/p>\n<p>Hier bei Europass kostet es <strong>120 \u20ac<\/strong>.<\/p>\n<h3>CILS<\/h3>\n<p>Die CILS-Pr\u00fcfungen finden sehr vereinzelt im Jahr statt, die Daten sind f\u00fcr jedes Pr\u00fcfungszentrum in Italien und im Ausland gleich<\/p>\n<ul>\n<li>In Italien, finden sie in der \u2019Universit\u00e0 von Siena (nur eine Autofahrtstunde von Florenz entfernt) sowoie in anderen <a href=\"https:\/\/cils.unistrasi.it\/84\/68\/Italia.htm\">anerkannten Pr\u00fcfungszentren<\/a> statt. <a href=\"https:\/\/ils.simonemontanari.com\/de\/uber-uns\/\">Unsere Schule<\/a> ist ein <strong>anerkanntes Pr\u00fcfungszentrum in Florenz<\/strong>.<\/li>\n<li>Im Ausland finden die Pr\u00fcfungen in einigen anerkannten Zentren sowie in den Italienischen Kulturinstituten statt. Finde hier das Pr\u00fcfungszentrum <a href=\"https:\/\/cils.unistrasi.it\/1\/93\/Come_diventare_sede_di_esame.htm\" target=\"_blank\" rel=\"noopener noreferrer\">in deiner N\u00e4he<\/a>.<\/li>\n<\/ul>\n<p><strong>Achtung: <\/strong>Die Anmeldefrist von mindestens 45 Tage vor Pr\u00fcfungstermin sollte eingehalten werden um die CILS Pr\u00fcfung abzulegen.<\/p>\n<p>Es kostet <strong>105 \u20ac<\/strong>, in Italien und im Ausland.<br \/>\n<strong>Note:<\/strong> Es ist nicht m\u00f6glich, die CELI\/CILS Pr\u00fcfung online abzulegen.<\/p>\n<h2>CELI\/CILS Pr\u00fcfungsvorbereitung<\/h2>\n<p>Um die Sprachpr\u00fcfungen zu bestehen, musst du keinen bestimmten Kurs mit bestimmten Inhalten oder mit einer bestimmten Methodik absolviert haben. Um die Pr\u00fcfung erfolgreich zu bestehen, ist es jedoch wichtig, gute schriftliche und m\u00fcndliche Sprachkenntnise zu besitzen und entsprechend auf die Pr\u00fcfung vorbereitet zu sein.<\/p>\n<p>Da alle Teile erfolgreich abgeschlossen werden m\u00fcssen, um die Pr\u00fcfung zu bestehen, kann eine Schulung (oder einfach eine Wiederholung) notwendig sein, die sich auf bestimmte Aspekte mehr konzentriert als auf andere.<\/p>\n<p>Aus diesem Grund bieten wir eine kostenlose\u00a0<a href=\"https:\/\/ils.simonemontanari.com\/de\/gratis-kennenlern-meeting\/\">15-min\u00fctige Online-Beratung<\/a> an, in der Ihnen einer unserer Lehrer dabei helfen kann, den Lernweg zu w\u00e4hlen, der Ihren Bed\u00fcrfnissen bei der Vorbereitung auf die Pr\u00fcfung am besten entspricht.<\/p>\n<ul>\n<li><a href=\"https:\/\/ils.simonemontanari.com\/de\/kurse\/gruppen-online\/\">Online-Gruppenkurse Italienisch<\/a><br \/>\nNehmen Sie an 2 Live-Lektionen \u00e0 100 Minuten pro Woche mit Studenten Ihres Niveaus teil.<\/li>\n<li><a href=\"https:\/\/ils.simonemontanari.com\/de\/kurse\/privater-online\/\">Privater Italienischunterricht Online<\/a><br \/>\nLassen Sie sich von unseren erfahrenen Ausbildern bei der Vorbereitung auf die Pr\u00fcfung begleiten.<\/li>\n<li><a href=\"https:\/\/ils.simonemontanari.com\/de\/kurse\/standard-italienischkurse-in-florenz\/\">Standard Italienischkurse in Florenz<\/a><br \/>\nNehmen Sie t\u00e4glich an 4 Italienischstunden mit einer kleinen Gruppe von Mitsch\u00fclern teil.<\/li>\n<li><a href=\"https:\/\/ils.simonemontanari.com\/de\/kurse\/privater-italienischunterricht-in-florenz\/\">Privater Italienischunterricht in Florenz<\/a><br \/>\nBereiten Sie Ihre Pr\u00fcfung mit der Unterst\u00fctzung eines erfahrenen Trainers vor.<\/li>\n<\/ul>\n<p>W\u00e4hrend der Pr\u00fcfungsvorbereitung werden auch Pr\u00fcfungssitzungen simuliert, wobei alte Pr\u00fcfungsunterlagen verwendet werden.<\/p>\n<p>Durch das Ablegen von \u00dcbungspr\u00fcfungen gew\u00f6hnst du dich an die Pr\u00fcfungsstruktur und die daf\u00fcr vorgesehene Zeit. Au\u00dferdem kannst du durch das \u00dcben ganz einfach deine erwartete Punktzahl \u00fcberpr\u00fcfen.<\/p>\n[sp_testimonial id=&#8220;6215&#8243;]\n","protected":false},"excerpt":{"rendered":"<p>Welche Pr\u00fcfungen gelten f\u00fcr die Aufnahme an einer Universit\u00e4t? Um an einer italienischen Universit\u00e4t aufgenommen zu werden, sollte eine offizielle Sprachzertifizierung des Levels B2 vorliegen. CELI und CILS, jeweils von der Universit\u00e0 per stranieri di Perugia und der Universit\u00e0 degli stranieri di Siena gef\u00f6rdert, sind offizielle und vom Ministerium f\u00fcr auswertige Angelegenheiten anerkannte Sprachzertifizierungen. Sprachstufe [&hellip;]<\/p>\n","protected":false},"author":1788,"featured_media":7632,"parent":2636,"menu_order":0,"comment_status":"closed","ping_status":"closed","template":"course.php","meta":{"_acf_changed":false,"footnotes":""},"class_list":["post-2594","page","type-page","status-publish","has-post-thumbnail","hentry"],"acf":[],"_links":{"self":[{"href":"https:\/\/ils.simonemontanari.com\/de\/wp-json\/wp\/v2\/pages\/2594","targetHints":{"allow":["GET"]}}],"collection":[{"href":"https:\/\/ils.simonemontanari.com\/de\/wp-json\/wp\/v2\/pages"}],"about":[{"href":"https:\/\/ils.simonemontanari.com\/de\/wp-json\/wp\/v2\/types\/page"}],"author":[{"embeddable":true,"href":"https:\/\/ils.simonemontanari.com\/de\/wp-json\/wp\/v2\/users\/1788"}],"replies":[{"embeddable":true,"href":"https:\/\/ils.simonemontanari.com\/de\/wp-json\/wp\/v2\/comments?post=2594"}],"version-history":[{"count":0,"href":"https:\/\/ils.simonemontanari.com\/de\/wp-json\/wp\/v2\/pages\/2594\/revisions"}],"up":[{"embeddable":true,"href":"https:\/\/ils.simonemontanari.com\/de\/wp-json\/wp\/v2\/pages\/2636"}],"wp:featuredmedia":[{"embeddable":true,"href":"https:\/\/ils.simonemontanari.com\/de\/wp-json\/wp\/v2\/media\/7632"}],"wp:attachment":[{"href":"https:\/\/ils.simonemontanari.com\/de\/wp-json\/wp\/v2\/media?parent=2594"}],"curies":[{"name":"wp","href":"https:\/\/api.w.org\/{rel}","templated":true}]}}