{"id":2636,"date":"2020-10-28T17:52:59","date_gmt":"2020-10-28T16:52:59","guid":{"rendered":"https:\/\/ils.simonemontanari.com\/de\/?page_id=2636"},"modified":"2024-10-18T10:03:31","modified_gmt":"2024-10-18T08:03:31","slug":"prufuengen-italienisch","status":"publish","type":"page","link":"https:\/\/ils.simonemontanari.com\/de\/prufuengen-italienisch\/","title":{"rendered":"Pr\u00fcfungszentrum der italienischen Sprache"},"content":{"rendered":"<div class=\"row has-columns three-columns \">\n<div class=\"column\">\n<p>Hier findest Du Informationen zu den bekanntesten <strong>Pr\u00fcfungen f\u00fcr Italienisch als Fremdsprache<\/strong> sowie die entsprechenden offiziellen Zertifizierungen: <a href=\"https:\/\/ils.simonemontanari.com\/de\/prufuengen-italienisch\/cils\/\">CILS<\/a>\u00a0(8 von 10 Pr\u00fcflinge entscheiden sich f\u00fcr diese Zertifizierung), <a href=\"https:\/\/ils.simonemontanari.com\/de\/prufuengen-italienisch\/celi\/\">CELI<\/a>, und <a href=\"https:\/\/ils.simonemontanari.com\/de\/italienisch-lernen\/sprachzertifikate\/\">andere<\/a>.<\/p>\n<p>Die am h\u00e4ufigsten gew\u00e4hlten Examensstufen sind: <a href=\"https:\/\/ils.simonemontanari.com\/de\/prufuengen-italienisch\/b1-staatsbuergerschaft\/\">B1 fuer die Beantragung der italienischen Staatsangeh\u00f6rigkeit<\/a> und <a href=\"https:\/\/ils.simonemontanari.com\/de\/prufuengen-italienisch\/b2-universitaet\/\">B2 f\u00fcr die Zulassung an einer italienischen Universit\u00e4t<\/a>.<\/p>\n<\/div>\n<div class=\"column\">\n        <div class=\"page-card b1-staatsbuergerschaft is-style-default\">\n                            <figure class=\"page-card_image\">\n                    <a href=\"https:\/\/ils.simonemontanari.com\/de\/prufuengen-italienisch\/b1-staatsbuergerschaft\/\" title=\"B1-Pr\u00fcfung f\u00fcr die italienische Staatsb\u00fcrgerschaft\">\n                        <img loading=\"lazy\" decoding=\"async\" width=\"1000\" height=\"707\" src=\"https:\/\/ils.simonemontanari.com\/de\/wp-content\/uploads\/sites\/2\/2024\/10\/B1-DE.png\" class=\"attachment-full size-full wp-post-image\" alt=\"\" srcset=\"https:\/\/ils.simonemontanari.com\/de\/wp-content\/uploads\/sites\/2\/2024\/10\/B1-DE.png 1000w, https:\/\/ils.simonemontanari.com\/de\/wp-content\/uploads\/sites\/2\/2024\/10\/B1-DE-752x532.png 752w, https:\/\/ils.simonemontanari.com\/de\/wp-content\/uploads\/sites\/2\/2024\/10\/B1-DE-768x543.png 768w\" sizes=\"auto, (max-width: 1000px) 100vw, 1000px\" \/>                    <\/a>\n                <\/figure>\n            <h3 class=\"page-card_title\"><a href=\"https:\/\/ils.simonemontanari.com\/de\/prufuengen-italienisch\/b1-staatsbuergerschaft\/\" title=\"B1-Pr\u00fcfung f\u00fcr die italienische Staatsb\u00fcrgerschaft\">B1-Pr\u00fcfung f\u00fcr die italienische Staatsb\u00fcrgerschaft<\/a><\/h3>            <p class=\"page-card_text\">Die Sprachlevel CELI 2 und Staatsb\u00fcrgerschaft CILS B1 sind erforderlich um die italienische Staatsb\u00fcrgerschaft zu beantragen.<\/p>\n                        <p class=\"page-card_cta\"><a href=\"https:\/\/ils.simonemontanari.com\/de\/prufuengen-italienisch\/b1-staatsbuergerschaft\/\">Mehr entdecken<span class=\"icon\"><svg xmlns=\"http:\/\/www.w3.org\/2000\/svg\" aria-hidden=\"true\" focusable=\"false\" role=\"img\" viewBox=\"0 0 448 512\"><path fill=\"currentColor\" d=\"M443.7 266.8l-165.9 176C274.5 446.3 269.1 448 265.5 448c-3.986 0-7.988-1.375-11.16-4.156c-6.773-5.938-7.275-16.06-1.118-22.59L393.9 272H16.59c-9.171 0-16.59-7.155-16.59-15.1S7.421 240 16.59 240h377.3l-140.7-149.3c-6.157-6.531-5.655-16.66 1.118-22.59c6.789-5.906 17.27-5.469 23.45 1.094l165.9 176C449.4 251.3 449.4 260.7 443.7 266.8z\"\/><\/svg><\/span><\/a><\/p>\n                    <\/div>\n        \n<\/div>\n<div class=\"column\">\n        <div class=\"page-card b2-universitaet is-style-default\">\n                            <figure class=\"page-card_image\">\n                    <a href=\"https:\/\/ils.simonemontanari.com\/de\/prufuengen-italienisch\/b2-universitaet\/\" title=\"B2-Pr\u00fcfung zur Aufnahme an italienische Universit\u00e4ten\">\n                        <img loading=\"lazy\" decoding=\"async\" width=\"1000\" height=\"707\" src=\"https:\/\/ils.simonemontanari.com\/de\/wp-content\/uploads\/sites\/2\/2024\/10\/B2-Pruefungen.png\" class=\"attachment-full size-full wp-post-image\" alt=\"\" srcset=\"https:\/\/ils.simonemontanari.com\/de\/wp-content\/uploads\/sites\/2\/2024\/10\/B2-Pruefungen.png 1000w, https:\/\/ils.simonemontanari.com\/de\/wp-content\/uploads\/sites\/2\/2024\/10\/B2-Pruefungen-752x532.png 752w, https:\/\/ils.simonemontanari.com\/de\/wp-content\/uploads\/sites\/2\/2024\/10\/B2-Pruefungen-768x543.png 768w\" sizes=\"auto, (max-width: 1000px) 100vw, 1000px\" \/>                    <\/a>\n                <\/figure>\n            <h3 class=\"page-card_title\"><a href=\"https:\/\/ils.simonemontanari.com\/de\/prufuengen-italienisch\/b2-universitaet\/\" title=\"B2-Pr\u00fcfung zur Aufnahme an italienische Universit\u00e4ten\">B2-Pr\u00fcfungen zur Aufnahme an italienische Universit\u00e4ten<\/a><\/h3>            <p class=\"page-card_text\">Die Sprachlevel CELI 3 und CILS B2 sind erforderlich um an der italienischen Universit\u00e4t aufgenommen zu werden.<\/p>\n                        <p class=\"page-card_cta\"><a href=\"https:\/\/ils.simonemontanari.com\/de\/prufuengen-italienisch\/b2-universitaet\/\">Mehr entdecken<span class=\"icon\"><svg xmlns=\"http:\/\/www.w3.org\/2000\/svg\" aria-hidden=\"true\" focusable=\"false\" role=\"img\" viewBox=\"0 0 448 512\"><path fill=\"currentColor\" d=\"M443.7 266.8l-165.9 176C274.5 446.3 269.1 448 265.5 448c-3.986 0-7.988-1.375-11.16-4.156c-6.773-5.938-7.275-16.06-1.118-22.59L393.9 272H16.59c-9.171 0-16.59-7.155-16.59-15.1S7.421 240 16.59 240h377.3l-140.7-149.3c-6.157-6.531-5.655-16.66 1.118-22.59c6.789-5.906 17.27-5.469 23.45 1.094l165.9 176C449.4 251.3 449.4 260.7 443.7 266.8z\"\/><\/svg><\/span><\/a><\/p>\n                    <\/div>\n        \n<\/div>\n<div class=\"column\">\n        <div class=\"page-card cils is-style-default\">\n                            <figure class=\"page-card_image\">\n                    <a href=\"https:\/\/ils.simonemontanari.com\/de\/prufuengen-italienisch\/cils\/\" title=\"CILS-Pr\u00fcfungen (Universit\u00e4t von Siena)\">\n                        <img loading=\"lazy\" decoding=\"async\" width=\"2000\" height=\"1414\" src=\"https:\/\/ils.simonemontanari.com\/de\/wp-content\/uploads\/sites\/2\/2024\/10\/Das-CILS-Zertifikat.png\" class=\"attachment-full size-full wp-post-image\" alt=\"\" srcset=\"https:\/\/ils.simonemontanari.com\/de\/wp-content\/uploads\/sites\/2\/2024\/10\/Das-CILS-Zertifikat.png 2000w, https:\/\/ils.simonemontanari.com\/de\/wp-content\/uploads\/sites\/2\/2024\/10\/Das-CILS-Zertifikat-752x532.png 752w, https:\/\/ils.simonemontanari.com\/de\/wp-content\/uploads\/sites\/2\/2024\/10\/Das-CILS-Zertifikat-1182x836.png 1182w, https:\/\/ils.simonemontanari.com\/de\/wp-content\/uploads\/sites\/2\/2024\/10\/Das-CILS-Zertifikat-768x543.png 768w, https:\/\/ils.simonemontanari.com\/de\/wp-content\/uploads\/sites\/2\/2024\/10\/Das-CILS-Zertifikat-1536x1086.png 1536w, https:\/\/ils.simonemontanari.com\/de\/wp-content\/uploads\/sites\/2\/2024\/10\/Das-CILS-Zertifikat-1040x735.png 1040w\" sizes=\"auto, (max-width: 2000px) 100vw, 2000px\" \/>                    <\/a>\n                <\/figure>\n            <h3 class=\"page-card_title\"><a href=\"https:\/\/ils.simonemontanari.com\/de\/prufuengen-italienisch\/cils\/\" title=\"CILS-Pr\u00fcfungen (Universit\u00e4t von Siena)\">CILS Pr\u00fcfungsleitfaden<\/a><\/h3>            <p class=\"page-card_text\">Die Sprachzertifizierung CILS der Universit\u00e0 per Stranieri in Siena ist eine der gefragtesten von allen.<\/p>\n                        <p class=\"page-card_cta\"><a href=\"https:\/\/ils.simonemontanari.com\/de\/prufuengen-italienisch\/cils\/\">Mehr entdecken<span class=\"icon\"><svg xmlns=\"http:\/\/www.w3.org\/2000\/svg\" aria-hidden=\"true\" focusable=\"false\" role=\"img\" viewBox=\"0 0 448 512\"><path fill=\"currentColor\" d=\"M443.7 266.8l-165.9 176C274.5 446.3 269.1 448 265.5 448c-3.986 0-7.988-1.375-11.16-4.156c-6.773-5.938-7.275-16.06-1.118-22.59L393.9 272H16.59c-9.171 0-16.59-7.155-16.59-15.1S7.421 240 16.59 240h377.3l-140.7-149.3c-6.157-6.531-5.655-16.66 1.118-22.59c6.789-5.906 17.27-5.469 23.45 1.094l165.9 176C449.4 251.3 449.4 260.7 443.7 266.8z\"\/><\/svg><\/span><\/a><\/p>\n                    <\/div>\n        \n<\/div>\n<div class=\"column\">\n        <div class=\"page-card celi is-style-default\">\n                            <figure class=\"page-card_image\">\n                    <a href=\"https:\/\/ils.simonemontanari.com\/de\/prufuengen-italienisch\/celi\/\" title=\"CELI-Pr\u00fcfungen (Universit\u00e4t von Perugia)\">\n                        <img loading=\"lazy\" decoding=\"async\" width=\"2000\" height=\"1414\" src=\"https:\/\/ils.simonemontanari.com\/de\/wp-content\/uploads\/sites\/2\/2024\/10\/CELI-Pruefungen.png\" class=\"attachment-full size-full wp-post-image\" alt=\"\" srcset=\"https:\/\/ils.simonemontanari.com\/de\/wp-content\/uploads\/sites\/2\/2024\/10\/CELI-Pruefungen.png 2000w, https:\/\/ils.simonemontanari.com\/de\/wp-content\/uploads\/sites\/2\/2024\/10\/CELI-Pruefungen-752x532.png 752w, https:\/\/ils.simonemontanari.com\/de\/wp-content\/uploads\/sites\/2\/2024\/10\/CELI-Pruefungen-1182x836.png 1182w, https:\/\/ils.simonemontanari.com\/de\/wp-content\/uploads\/sites\/2\/2024\/10\/CELI-Pruefungen-768x543.png 768w, https:\/\/ils.simonemontanari.com\/de\/wp-content\/uploads\/sites\/2\/2024\/10\/CELI-Pruefungen-1536x1086.png 1536w, https:\/\/ils.simonemontanari.com\/de\/wp-content\/uploads\/sites\/2\/2024\/10\/CELI-Pruefungen-1040x735.png 1040w\" sizes=\"auto, (max-width: 2000px) 100vw, 2000px\" \/>                    <\/a>\n                <\/figure>\n            <h3 class=\"page-card_title\"><a href=\"https:\/\/ils.simonemontanari.com\/de\/prufuengen-italienisch\/celi\/\" title=\"CELI-Pr\u00fcfungen (Universit\u00e4t von Perugia)\">CELI Pr\u00fcfungsleitfaden<\/a><\/h3>            <p class=\"page-card_text\">Die Sprachzertifiziertungen der italienischen Sprache CELI werden von der \u2019Universit\u00e0 degli stranieri in Perugia angeboten und richten sich an Erwachsene mit Schulbildung<\/p>\n                        <p class=\"page-card_cta\"><a href=\"https:\/\/ils.simonemontanari.com\/de\/prufuengen-italienisch\/celi\/\">Mehr entdecken<span class=\"icon\"><svg xmlns=\"http:\/\/www.w3.org\/2000\/svg\" aria-hidden=\"true\" focusable=\"false\" role=\"img\" viewBox=\"0 0 448 512\"><path fill=\"currentColor\" d=\"M443.7 266.8l-165.9 176C274.5 446.3 269.1 448 265.5 448c-3.986 0-7.988-1.375-11.16-4.156c-6.773-5.938-7.275-16.06-1.118-22.59L393.9 272H16.59c-9.171 0-16.59-7.155-16.59-15.1S7.421 240 16.59 240h377.3l-140.7-149.3c-6.157-6.531-5.655-16.66 1.118-22.59c6.789-5.906 17.27-5.469 23.45 1.094l165.9 176C449.4 251.3 449.4 260.7 443.7 266.8z\"\/><\/svg><\/span><\/a><\/p>\n                    <\/div>\n        \n<\/div>\n<div class=\"column\">\n        <div class=\"page-card sprachzertifikate is-style-default\">\n                            <figure class=\"page-card_image\">\n                    <a href=\"https:\/\/ils.simonemontanari.com\/de\/italienisch-lernen\/sprachzertifikate\/\" title=\"Zertifizierungen der Italienischen Sprache\">\n                        <img loading=\"lazy\" decoding=\"async\" width=\"1000\" height=\"707\" src=\"https:\/\/ils.simonemontanari.com\/de\/wp-content\/uploads\/sites\/2\/2024\/10\/Certifications.png\" class=\"attachment-full size-full wp-post-image\" alt=\"\" srcset=\"https:\/\/ils.simonemontanari.com\/de\/wp-content\/uploads\/sites\/2\/2024\/10\/Certifications.png 1000w, https:\/\/ils.simonemontanari.com\/de\/wp-content\/uploads\/sites\/2\/2024\/10\/Certifications-752x532.png 752w, https:\/\/ils.simonemontanari.com\/de\/wp-content\/uploads\/sites\/2\/2024\/10\/Certifications-768x543.png 768w\" sizes=\"auto, (max-width: 1000px) 100vw, 1000px\" \/>                    <\/a>\n                <\/figure>\n            <h3 class=\"page-card_title\"><a href=\"https:\/\/ils.simonemontanari.com\/de\/italienisch-lernen\/sprachzertifikate\/\" title=\"Zertifizierungen der Italienischen Sprache\">Vollst\u00e4ndiger Leitfaden zu italienischen Zertifikaten<\/a><\/h3>            <p class=\"page-card_text\">Eine vollst\u00e4ndige Liste aller Sprachzertifizierungen der italienischen Sprache.<\/p>\n                        <p class=\"page-card_cta\"><a href=\"https:\/\/ils.simonemontanari.com\/de\/italienisch-lernen\/sprachzertifikate\/\">Mehr entdecken<span class=\"icon\"><svg xmlns=\"http:\/\/www.w3.org\/2000\/svg\" aria-hidden=\"true\" focusable=\"false\" role=\"img\" viewBox=\"0 0 448 512\"><path fill=\"currentColor\" d=\"M443.7 266.8l-165.9 176C274.5 446.3 269.1 448 265.5 448c-3.986 0-7.988-1.375-11.16-4.156c-6.773-5.938-7.275-16.06-1.118-22.59L393.9 272H16.59c-9.171 0-16.59-7.155-16.59-15.1S7.421 240 16.59 240h377.3l-140.7-149.3c-6.157-6.531-5.655-16.66 1.118-22.59c6.789-5.906 17.27-5.469 23.45 1.094l165.9 176C449.4 251.3 449.4 260.7 443.7 266.8z\"\/><\/svg><\/span><\/a><\/p>\n                    <\/div>\n        \n<\/div>\n<div class=\"column\">\n        <div class=\"page-card online-vorbereitung-cils is-style-default\">\n                            <figure class=\"page-card_image\">\n                    <a href=\"https:\/\/ils.simonemontanari.com\/de\/kurse\/online-vorbereitung-cils\/\" title=\"Online-Vorbereitung zur CILS B1-Sprachpr\u00fcfung (Gruppenkurs)\">\n                        <img loading=\"lazy\" decoding=\"async\" width=\"1000\" height=\"707\" src=\"https:\/\/ils.simonemontanari.com\/de\/wp-content\/uploads\/sites\/2\/2024\/08\/Online-CILS-B1-Group-Course-DE.png\" class=\"attachment-full size-full wp-post-image\" alt=\"\" srcset=\"https:\/\/ils.simonemontanari.com\/de\/wp-content\/uploads\/sites\/2\/2024\/08\/Online-CILS-B1-Group-Course-DE.png 1000w, https:\/\/ils.simonemontanari.com\/de\/wp-content\/uploads\/sites\/2\/2024\/08\/Online-CILS-B1-Group-Course-DE-752x532.png 752w, https:\/\/ils.simonemontanari.com\/de\/wp-content\/uploads\/sites\/2\/2024\/08\/Online-CILS-B1-Group-Course-DE-768x543.png 768w\" sizes=\"auto, (max-width: 1000px) 100vw, 1000px\" \/>                    <\/a>\n                <\/figure>\n            <h3 class=\"page-card_title\"><a href=\"https:\/\/ils.simonemontanari.com\/de\/kurse\/online-vorbereitung-cils\/\" title=\"Online-Vorbereitung zur CILS B1-Sprachpr\u00fcfung (Gruppenkurs)\">Online CILS B1 Gruppenkurs<\/a><\/h3>            <p class=\"page-card_text\">Entdecke unseren Online-Gruppenkurs, der speziell entwickelt wurde, um dich auf die italienische Staatsb\u00fcrgerschaftspr\u00fcfung vorzubereiten.<\/p>\n                        <p class=\"page-card_cta\"><a href=\"https:\/\/ils.simonemontanari.com\/de\/kurse\/online-vorbereitung-cils\/\">Mehr entdecken<span class=\"icon\"><svg xmlns=\"http:\/\/www.w3.org\/2000\/svg\" aria-hidden=\"true\" focusable=\"false\" role=\"img\" viewBox=\"0 0 448 512\"><path fill=\"currentColor\" d=\"M443.7 266.8l-165.9 176C274.5 446.3 269.1 448 265.5 448c-3.986 0-7.988-1.375-11.16-4.156c-6.773-5.938-7.275-16.06-1.118-22.59L393.9 272H16.59c-9.171 0-16.59-7.155-16.59-15.1S7.421 240 16.59 240h377.3l-140.7-149.3c-6.157-6.531-5.655-16.66 1.118-22.59c6.789-5.906 17.27-5.469 23.45 1.094l165.9 176C449.4 251.3 449.4 260.7 443.7 266.8z\"\/><\/svg><\/span><\/a><\/p>\n                    <\/div>\n        \n<\/div>\n<div class=\"column\">\n        <div class=\"page-card cils-celi-examen-in-florenz is-style-default\">\n                            <figure class=\"page-card_image\">\n                    <a href=\"https:\/\/ils.simonemontanari.com\/de\/kurse\/cils-celi-examen-in-florenz\/\" title=\"CILS und CELI-Examen in Florenz\">\n                        <img loading=\"lazy\" decoding=\"async\" width=\"1000\" height=\"707\" src=\"https:\/\/ils.simonemontanari.com\/de\/wp-content\/uploads\/sites\/2\/2024\/08\/CILS-CELI-Exams-Florence-DE.png\" class=\"attachment-full size-full wp-post-image\" alt=\"\" srcset=\"https:\/\/ils.simonemontanari.com\/de\/wp-content\/uploads\/sites\/2\/2024\/08\/CILS-CELI-Exams-Florence-DE.png 1000w, https:\/\/ils.simonemontanari.com\/de\/wp-content\/uploads\/sites\/2\/2024\/08\/CILS-CELI-Exams-Florence-DE-752x532.png 752w, https:\/\/ils.simonemontanari.com\/de\/wp-content\/uploads\/sites\/2\/2024\/08\/CILS-CELI-Exams-Florence-DE-768x543.png 768w\" sizes=\"auto, (max-width: 1000px) 100vw, 1000px\" \/>                    <\/a>\n                <\/figure>\n            <h3 class=\"page-card_title\"><a href=\"https:\/\/ils.simonemontanari.com\/de\/kurse\/cils-celi-examen-in-florenz\/\" title=\"CILS und CELI-Examen in Florenz\">CILS und CELI Pr\u00fcfungen in Florenz<\/a><\/h3>            <p class=\"page-card_text\">Buche eine Pr\u00fcfung in unserer Schule, einem offiziell anerkannten Zentrum f\u00fcr die beiden gefragtesten Zertifikate.<\/p>\n                        <p class=\"page-card_cta\"><a href=\"https:\/\/ils.simonemontanari.com\/de\/kurse\/cils-celi-examen-in-florenz\/\">Mehr entdecken<span class=\"icon\"><svg xmlns=\"http:\/\/www.w3.org\/2000\/svg\" aria-hidden=\"true\" focusable=\"false\" role=\"img\" viewBox=\"0 0 448 512\"><path fill=\"currentColor\" d=\"M443.7 266.8l-165.9 176C274.5 446.3 269.1 448 265.5 448c-3.986 0-7.988-1.375-11.16-4.156c-6.773-5.938-7.275-16.06-1.118-22.59L393.9 272H16.59c-9.171 0-16.59-7.155-16.59-15.1S7.421 240 16.59 240h377.3l-140.7-149.3c-6.157-6.531-5.655-16.66 1.118-22.59c6.789-5.906 17.27-5.469 23.45 1.094l165.9 176C449.4 251.3 449.4 260.7 443.7 266.8z\"\/><\/svg><\/span><\/a><\/p>\n                    <\/div>\n        \n<\/div>\n<\/div>\n<div class=\"row has-columns three-columns blue home-reviews\">\n<div class=\"column\">\n<div class=\"review-box\"><span class=\"icon\"><svg xmlns=\"http:\/\/www.w3.org\/2000\/svg\" aria-hidden=\"true\" focusable=\"false\" role=\"img\" viewBox=\"0 0 512 512\"><path fill=\"currentColor\" d=\"M448 224h-64v-24c0-30.9 25.1-56 56-56h16c22.1 0 40-17.9 40-40V72c0-22.1-17.9-40-40-40h-16c-92.6 0-168 75.4-168 168v216c0 35.3 28.7 64 64 64h112c35.3 0 64-28.7 64-64V288c0-35.3-28.7-64-64-64zm32 192c0 17.7-14.3 32-32 32H336c-17.7 0-32-14.3-32-32V200c0-75.1 60.9-136 136-136h16c4.4 0 8 3.6 8 8v32c0 4.4-3.6 8-8 8h-16c-48.6 0-88 39.4-88 88v56h96c17.7 0 32 14.3 32 32v128zM176 224h-64v-24c0-30.9 25.1-56 56-56h16c22.1 0 40-17.9 40-40V72c0-22.1-17.9-40-40-40h-16C75.4 32 0 107.4 0 200v216c0 35.3 28.7 64 64 64h112c35.3 0 64-28.7 64-64V288c0-35.3-28.7-64-64-64zm32 192c0 17.7-14.3 32-32 32H64c-17.7 0-32-14.3-32-32V200c0-75.1 60.9-136 136-136h16c4.4 0 8 3.6 8 8v32c0 4.4-3.6 8-8 8h-16c-48.6 0-88 39.4-88 88v56h96c17.7 0 32 14.3 32 32v128z\"\/><\/svg><\/span><span class=\"review-text\">Heute habe ich die Ergebnisse der CILS-Pr\u00fcfung erhalten und ich habe bestanden. Ohne Enzo w\u00e4re das nicht m\u00f6glich gewesen: Er hat das Unm\u00f6gliche m\u00f6glich gemacht, mir geholfen, Vertrauen in die Sprache zu gewinnen und mich sehr gut auf die Pr\u00fcfung vorbereitet.<\/span><span class=\"review-author\">\u2014 Karine<\/span><\/div>\n<\/div>\n<div class=\"column\">\n<div class=\"review-box\"><span class=\"icon\"><svg xmlns=\"http:\/\/www.w3.org\/2000\/svg\" aria-hidden=\"true\" focusable=\"false\" role=\"img\" viewBox=\"0 0 512 512\"><path fill=\"currentColor\" d=\"M448 224h-64v-24c0-30.9 25.1-56 56-56h16c22.1 0 40-17.9 40-40V72c0-22.1-17.9-40-40-40h-16c-92.6 0-168 75.4-168 168v216c0 35.3 28.7 64 64 64h112c35.3 0 64-28.7 64-64V288c0-35.3-28.7-64-64-64zm32 192c0 17.7-14.3 32-32 32H336c-17.7 0-32-14.3-32-32V200c0-75.1 60.9-136 136-136h16c4.4 0 8 3.6 8 8v32c0 4.4-3.6 8-8 8h-16c-48.6 0-88 39.4-88 88v56h96c17.7 0 32 14.3 32 32v128zM176 224h-64v-24c0-30.9 25.1-56 56-56h16c22.1 0 40-17.9 40-40V72c0-22.1-17.9-40-40-40h-16C75.4 32 0 107.4 0 200v216c0 35.3 28.7 64 64 64h112c35.3 0 64-28.7 64-64V288c0-35.3-28.7-64-64-64zm32 192c0 17.7-14.3 32-32 32H64c-17.7 0-32-14.3-32-32V200c0-75.1 60.9-136 136-136h16c4.4 0 8 3.6 8 8v32c0 4.4-3.6 8-8 8h-16c-48.6 0-88 39.4-88 88v56h96c17.7 0 32 14.3 32 32v128z\"\/><\/svg><\/span><span class=\"review-text\">Ich habe meine Erfahrungen bei Europass sehr genossen und w\u00fcrde es auf jeden Fall weiterempfehlen. Die Atmosph\u00e4re ist wirklich entspannend und macht die Teilnahme leicht, da alle so freundlich und hilfsbereit sind. Mein Italienisch hat sich definitiv verbessert, und ich f\u00fchle mich viel sicherer, wenn ich es in realen Situationen anwende - ein gro\u00dfes Dankesch\u00f6n von mir!!!<\/span><span class=\"review-author\">\u2014 Katie, England<\/span><\/div>\n<\/div>\n<div class=\"column\">\n<div class=\"review-box\"><span class=\"icon\"><svg xmlns=\"http:\/\/www.w3.org\/2000\/svg\" aria-hidden=\"true\" focusable=\"false\" role=\"img\" viewBox=\"0 0 512 512\"><path fill=\"currentColor\" d=\"M448 224h-64v-24c0-30.9 25.1-56 56-56h16c22.1 0 40-17.9 40-40V72c0-22.1-17.9-40-40-40h-16c-92.6 0-168 75.4-168 168v216c0 35.3 28.7 64 64 64h112c35.3 0 64-28.7 64-64V288c0-35.3-28.7-64-64-64zm32 192c0 17.7-14.3 32-32 32H336c-17.7 0-32-14.3-32-32V200c0-75.1 60.9-136 136-136h16c4.4 0 8 3.6 8 8v32c0 4.4-3.6 8-8 8h-16c-48.6 0-88 39.4-88 88v56h96c17.7 0 32 14.3 32 32v128zM176 224h-64v-24c0-30.9 25.1-56 56-56h16c22.1 0 40-17.9 40-40V72c0-22.1-17.9-40-40-40h-16C75.4 32 0 107.4 0 200v216c0 35.3 28.7 64 64 64h112c35.3 0 64-28.7 64-64V288c0-35.3-28.7-64-64-64zm32 192c0 17.7-14.3 32-32 32H64c-17.7 0-32-14.3-32-32V200c0-75.1 60.9-136 136-136h16c4.4 0 8 3.6 8 8v32c0 4.4-3.6 8-8 8h-16c-48.6 0-88 39.4-88 88v56h96c17.7 0 32 14.3 32 32v128z\"\/><\/svg><\/span><span class=\"review-text\">Ich hatte eine tolle Zeit bei Europass. Die Lehrer sind hervorragend, und im Laufe meiner Zeit dort konnte ich wirklich feststellen, dass sich mein Italienisch verbessert hat. Die Lektionen werden komplett auf Italienisch unterrichtet und sind daher sehr intensiv, aber man lernt wirklich schnell, und die Lehrer sind unglaublich hilfsbereit.<\/span><span class=\"review-author\">\u2014 Emma, England<\/span><\/div>\n<\/div>\n<\/div>\n","protected":false},"excerpt":{"rendered":"","protected":false},"author":1788,"featured_media":7502,"parent":0,"menu_order":20,"comment_status":"closed","ping_status":"closed","template":"full-width.php","meta":{"_acf_changed":false,"footnotes":""},"class_list":["post-2636","page","type-page","status-publish","has-post-thumbnail","hentry"],"acf":[],"_links":{"self":[{"href":"https:\/\/ils.simonemontanari.com\/de\/wp-json\/wp\/v2\/pages\/2636","targetHints":{"allow":["GET"]}}],"collection":[{"href":"https:\/\/ils.simonemontanari.com\/de\/wp-json\/wp\/v2\/pages"}],"about":[{"href":"https:\/\/ils.simonemontanari.com\/de\/wp-json\/wp\/v2\/types\/page"}],"author":[{"embeddable":true,"href":"https:\/\/ils.simonemontanari.com\/de\/wp-json\/wp\/v2\/users\/1788"}],"replies":[{"embeddable":true,"href":"https:\/\/ils.simonemontanari.com\/de\/wp-json\/wp\/v2\/comments?post=2636"}],"version-history":[{"count":0,"href":"https:\/\/ils.simonemontanari.com\/de\/wp-json\/wp\/v2\/pages\/2636\/revisions"}],"wp:featuredmedia":[{"embeddable":true,"href":"https:\/\/ils.simonemontanari.com\/de\/wp-json\/wp\/v2\/media\/7502"}],"wp:attachment":[{"href":"https:\/\/ils.simonemontanari.com\/de\/wp-json\/wp\/v2\/media?parent=2636"}],"curies":[{"name":"wp","href":"https:\/\/api.w.org\/{rel}","templated":true}]}}