{"id":28,"date":"2017-12-06T15:21:45","date_gmt":"2017-12-06T14:21:45","guid":{"rendered":"https:\/\/ils.simonemontanari.com\/de\/stay-in-florence\/europass-activities\/"},"modified":"2024-11-27T10:51:10","modified_gmt":"2024-11-27T09:51:10","slug":"freizeitaktivitaeten","status":"publish","type":"page","link":"https:\/\/ils.simonemontanari.com\/de\/aufenthalt\/freizeitaktivitaeten\/","title":{"rendered":"Freizeitaktivit\u00e4ten"},"content":{"rendered":"<p>Solche Aktivit\u00e4ten k\u00f6nnen Teil unserer <a href=\"https:\/\/ils.simonemontanari.com\/de\/urlaub\/sprachurlaub\/\">Learning Holidays<\/a> sein\u00a0oder k\u00f6nnen getrennt erstanden werden. All unsere Sch\u00fcler k\u00f6nnen mitmachen und sie k\u00f6nnen sogar Freunde einladen, egal ob diese an unserer Schule oder einer anderen lernen.<\/p>\n<p>W\u00e4hrend der Aktivit\u00e4ten sprechen wir haupts\u00e4chlich Italienisch. Wir m\u00f6chten nat\u00fcrlich, dass alle Teilnehmer alles verstehen und voll miteinbezogen werden. Auch die absoluten Sprachanf\u00e4nger. Daher ist es kein Problem ab und zu auch auf Englisch zu sprechen.<\/p>\n<h2>Kulturelle Aktivit\u00e4ten: 10<span id=\"learning-tours-10\"><span id=\"musei-e-mostre-20\">\u20ac<\/span><\/span><\/h2>\n<p>Mit unsere w\u00f6chentlichen Learning Tours entdeckt ihr vor allem Florenz: imposante Sehensw\u00fcrdigkeiten, <a href=\"https:\/\/theculturetrip.com\/europe\/italy\/articles\/the-coolest-neighbourhoods-in-florence-italy\/\" target=\"_blank\" rel=\"noopener\">die coolsten Stadtviertel<\/a>. Hier pulsiert das Leben! Entdecke jede Woche immer wieder neue Seiten der Stadt und das immer wieder mit anderen Augen.<\/p>\n<p>Wir haben das gro\u00dfe Gl\u00fcck einen einzigartigen Lehrer bei uns zu haben, der die Sch\u00fclern an seinem immensen Wissen \u00fcber die Stadt, gespickt mit vielen interessanten Anekdoten und all seinen liebenswerten Marotten teilhaben l\u00e4\u00dft. Maurizio sowie alle unsere Guides geben euch Einblick hinter die Kulissen. Sie nehmen euch mit auf Zeitreise und mit ihnen entdeckt ihr Orte abseits der \u00fcblichen Touristenpfade!<\/p>\n<p>Es folgt eine Aufz\u00e4hlung unserer gef\u00fchrten Spazierg\u00e4nge, geordnet nach H\u00e4ufigkeit:<\/p>\n<h4>Gef\u00fchrter Spaziergang durch die florentiner Altstadt, weit ab von den Touristenpfaden<\/h4>\n<p>Erkunde Florenz und lasse dich durch malerische Gassen f\u00fchren, w\u00e4hrend du den Anekdoten und Kuriosit\u00e4ten des Tourguide lauschst, die in keinem Reisef\u00fchrer zu finden sind.<\/p>\n<h4>Oltrarno<\/h4>\n<p>Authentisch und extrem florentinisch, dieser Spaziergang f\u00fchrt dich durch das quirlige Viertel Oltrarno. Erfahre mehr \u00fcber die einstigen Bewohner und gehe auf Entdeckungsreise. Lass dich vom Flair der charakteristischen Bars, Antiquariat- und Kunstl\u00e4dchen, Osterien, M\u00e4rkten und vergessener Kirchen einfangen.<\/p>\n<h4>Palazzo Vecchio<\/h4>\n<p>Eine Reise in das Herzst\u00fcck der Geschichte Florenz\u2019, die dich durch die S\u00e4le dieses majest\u00e4tischen Palazzos f\u00fchrt. Palazzo Vecchio: ein wahrhafter Zeitzeuge von zahlreichen Schicks\u00e4len der Stadt und seinen Bewohnern.<\/p>\n<h4>Das Viertel \u00a0Santa Maria Novella<\/h4>\n<p>Lerne das wahre Florenz kennen und spaziere durch die Stra\u00dfen und Gassen dieses charmanten Viertels, begleitet von authentischen Erz\u00e4hlungen unseres Guides.<\/p>\n<h4>Die Orte der Familie Medici<\/h4>\n<p>Entdecke die Orte, die die m\u00e4chtige Medici-Dynastie gepr\u00e4gt haben, ihre Wohnsitze, ihren Einfluss auf Florenz, alles begleitet von faszinierenden Kuriosit\u00e4ten und Erz\u00e4hlungen \u00fcber Intrigen der bekanntesten florentiner Familie.<\/p>\n<h4>\u201aSalons\u2018 von Florenz<\/h4>\n<p>Als Florentiner \u201cSalons\u201d werden Stra\u00dfen bezeichnet, die sich durch eine gro\u00dfe Anzahl an Pal\u00e4sten, Kirchen und sch\u00f6nen Gesch\u00e4ften auszeichnen. Dieser Spaziergang l\u00e4sst durch Anekdoten und Erz\u00e4hlungen die einstige Atmosph\u00e4re solcher Stra\u00dfen aufleben, wo sich Kunst, Kultur und die Gesellschaft im Laufe der Zeit miteinander verbunden haben.<\/p>\n<h4>Domplatz<\/h4>\n<p>Entdeckungsreise in das florentiner Herzst\u00fcck: erkunde den Domplatz mit seinen beeindruckenden Monumenten: Der Dom, der Glockenturm und weitere versteckte Sch\u00f6nheiten.<\/p>\n<h4>Turmh\u00e4user \u2013 eine Entdeckungsreise im mittelalterlichen Florenz<\/h4>\n<p>Entdeckungsreise der mittelalterlichen Turmh\u00e4user des alten Florenz und der Geschichten ihrer damaligen Besitzer.<\/p>\n<h4>Unbekanntes Florenz<\/h4>\n<p>Dieser Spaziergang f\u00fchrt dich durch einen sehr interessanten Teil der Geschichte Florenz. Es geht um den urbanistischen Umbau, durch den Florenz an die heranwachsende Bev\u00f6lkerung sowie an die Rolle als damalige Hauptstadt angepasst werden sollte.<\/p>\n<h4>Fiesole<\/h4>\n<p>Ausflug nach Fiesole, kleines etrusker (und sp\u00e4ter r\u00f6misches) St\u00e4dtchen, das sich inmitten W\u00e4lder und Olivenhainen hinter Florenz erhebt. Besuche das Amphitheater und genie\u00df die atemberaubende Aussicht auf Florenz.<\/p>\n<h4>Firenze zu Dantes Zeiten<\/h4>\n<p>Gef\u00fchrter Spaziergang zu den St\u00e4tten des gro\u00dfen florentinischen Dichters Dante.<\/p>\n<h4>Florentiner G\u00e4rten<\/h4>\n<p>Entspanne dich im Gr\u00fcnen und genie\u00dfe die Aussicht auf Florenz von den sch\u00f6nsten G\u00e4rten der Stadt.<\/p>\n<h4>Einblick in die florentiner Handwerksk\u00fcnste<\/h4>\n<p>Kunsthandwerkst\u00e4tten sind Teil der antiken florentiner Tradition, die noch im Alltagsleben Bestand hat. \u00a0Die Tour f\u00fchrt euch zu einigen der sch\u00f6nsten Handwerksst\u00e4tten, um diese antiken Aktivit\u00e4ten besser kennenzulernen.<\/p>\n<h4>Spaziergang entlang dem Fluss Arno<\/h4>\n<p>Ein Spaziergang entlang des Flusses, der die Stadt in zwei H\u00e4lften teilt, durch die wichtigsten Viertel an seinen Ufern, die Pl\u00e4tze und Kirchen, die die Geschichte der Stadt widerspiegeln.<\/p>\n<h4>Piazzale Michelangelo<\/h4>\n<p>Abseits der Touristenpfade gibt es einen Aussichtspunkt, dessen Besuch auf keiner Wunschliste fehlen darf. Von Piazzale Michelangelo geniesst du einen atemberaubenen Blick auf sch\u00f6nsten Sehensw\u00fcrdigkeiten von Florenz.<\/p>\n<h2>Gef\u00fchrte Besuche (Eintritt inklusive): 20<span id=\"learning-tours-10\"><span id=\"musei-e-mostre-20\">\u20ac<\/span><\/span><\/h2>\n<div id='gallery-1' class='gallery galleryid-28 gallery-columns-3 gallery-size-thumbnail'><figure class='gallery-item'>\n\t\t\t<div class='gallery-icon landscape'>\n\t\t\t\t<img loading=\"lazy\" decoding=\"async\" width=\"376\" height=\"250\" src=\"https:\/\/ils.simonemontanari.com\/de\/wp-content\/uploads\/sites\/2\/2021\/10\/santissima-annunziata-square-florence-3-376x250-1-376x250.jpg\" class=\"attachment-thumbnail size-thumbnail\" alt=\"\" \/>\n\t\t\t<\/div><\/figure><figure class='gallery-item'>\n\t\t\t<div class='gallery-icon landscape'>\n\t\t\t\t<img loading=\"lazy\" decoding=\"async\" width=\"376\" height=\"250\" src=\"https:\/\/ils.simonemontanari.com\/de\/wp-content\/uploads\/sites\/2\/2021\/10\/historical-fest-florence-376x250-1-376x250.jpg\" class=\"attachment-thumbnail size-thumbnail\" alt=\"\" \/>\n\t\t\t<\/div><\/figure><figure class='gallery-item'>\n\t\t\t<div class='gallery-icon landscape'>\n\t\t\t\t<img loading=\"lazy\" decoding=\"async\" width=\"376\" height=\"250\" src=\"https:\/\/ils.simonemontanari.com\/de\/wp-content\/uploads\/sites\/2\/2021\/10\/historic-houses-florence-6-376x250-1-376x250.jpg\" class=\"attachment-thumbnail size-thumbnail\" alt=\"\" \/>\n\t\t\t<\/div><\/figure>\n\t\t<\/div>\n\n<p>Wir organisieren jede Woche eine Tour, <strong>f\u00fcr die ein Eintrittsticket n\u00f6tig ist.<\/strong> Der Preis von \u20ac 20 beinhaltet also das Eintrittsticket sowie die gef\u00fchrte Besichtigung mit unserem Lehrer.<\/p>\n<p>Um dich sorgenfrei auf deinen Sprachurlaub zu konzentrieren, hast du bereits bei der Buchung die M\u00f6glichkeit bis zu 3 Aktivit\u00e4ten pro Woche zu deinem Kurs dazuzubuchen.<\/p>\n<p>Es folgt die Liste unserer gef\u00fchrten Besuche zu <strong>Kirchen, Museen und Ausstellungen<\/strong>, geordnet nach H\u00e4ufigkeit:<\/p>\n<h4>Kirche Santa Maria Novella<\/h4>\n<p>Entdecke die erste gro\u00dfe Basilika von Florenz und ihr Kloster, ein Museum mit gotischen Werken gro\u00dfer Florentiner K\u00fcnstler und die <a href=\"https:\/\/www.vologratis.org\/farmacia-santa-maria-novella\/\" target=\"_blank\" rel=\"noopener\">\u00e4lteste Apotheke<\/a> Europass.<\/p>\n<h4>Kirche Santa Croce<\/h4>\n<p>Eine der sch\u00f6nsten und reichsten Kirchen Italiens, das beste Beispiel der florentinischen Gotik und die Grabst\u00e4tte ber\u00fchmter Pers\u00f6nlichkeiten der italienischen Geschichte.<\/p>\n<h4>Basilika San Lorenzo<\/h4>\n<p>Sie wurde von Meistern wie Brunelleschi entworfen und blickt auf Jahrhunderte der Geschichte und Kunst zur\u00fcck. Erkunden Sie die verzierten Kapellen und entdecken Sie die Gr\u00e4ber der Adelsfamilien, die die Geschichte Florenz&#8216; gepr\u00e4gt haben.<\/p>\n<h4>Grabkapelle der Medici-Familie<\/h4>\n<p>\u00dcberw\u00e4ltigende und erdr\u00fcckende Sch\u00f6nheit! Sp\u00fcrbar, sobald man in die Grabkapelle tritt. Die Medicikapelle wurde von der namensgleichen Familie erbaut, um vor allem ihre Macht und Reichtum zu preisen.<\/p>\n<h4>Museo degli Innocenti<\/h4>\n<p>Lasse dich von den starken Gef\u00fchlen einholen, welche mit der Geschichte dieses Museums Eins sind. Dieser Ort erz\u00e4hlt von ergreifenden Begebenheiten verwaister Kinder und viel mehr.<\/p>\n<h4>Bargello<\/h4>\n<p>Entdecke den antiken Palazzo del Bargello, heute Museum, in dem du eine au\u00dfergew\u00f6hnliche Sammlung an Skulpturen, Kunstwerken aus dem Mittelalter und der Renaissance bestaunen kannst.<\/p>\n<h4>Palazzo Davanzati<\/h4>\n<p>Eine Renaissance-Wohnung im Herzen von Florenz wird dich in die Vergangenheit entf\u00fchren und dir zeigen, wie wohlhabende Florentiner Familien im 15. Gewohnt haben.<\/p>\n<h4>Museum Opera del Duomo<\/h4>\n<p>Ein einzigartiges Museum, das die zeitlose Pracht der ber\u00fchmtesten Monumente von Florenz beherbergt: das Baptisterium, der Dom, der Glockenturm und Meisterwerke, die von der florentinischen Di\u00f6zese aufbewahrt werden.<\/p>\n<h4>Bootausflug mit den Renaioli auf dem Fluss Arno<\/h4>\n<p>Betrachte die Stadt vom Wasser aus. Lasse dich von den Renaioli in ihren Originalbooten auf eine kleine Reise mitnehmen, die mit Geschichten und Anekdoten aus der Zeit als die Renaioli noch aktiv waren, herrlich bereichert wird.<\/p>\n<h4>Uffizien und Galleria dell\u2019Accademia<\/h4>\n<p>In diesen Museen erwarten dich au\u00dfergew\u00f6hnliche Sammlungen von Gem\u00e4lden und Skulpturen von Giotto, Piero della Francesca, Botticelli, Leonardo Da Vinci, Raffael, Michelangelo und Caravaggio aus dem 14. Jahrhundert und der Renaissance.<\/p>\n<h4>Ville Medicee<\/h4>\n<p>Die Landsitze der Familie Medici, waren Erholungs-und Lustorte f\u00fcr ihre m\u00e4chtigen Besitzer. Der Besuch und die F\u00fchrung geben einen Einblick hinter die Kulissen der einstigen Pracht und Gossip \u00fcber die reichste Familie Florenz\u2019, der so manchen schmunzeln l\u00e4sst. Dieser Ausflug f\u00fchrt dich zu den Villen in der unmittelbaren Umgebung von Florenz.<\/p>\n<h4>Certosa del Galluzzo<\/h4>\n<p>Dieses jahrhundertealte Kloster befindet sich ausserhalb Florenz, inmitten von Olivenhainen und ist ein origineller Ausflugsort. Die Besichtigung sieht einen gef\u00fchrten Rundgang in den Mauern des Klosters vor, welche von einem der Zisterzinsm\u00f6nche durchgef\u00fchrt wird.<\/p>\n<h4>Forte Belvedere<\/h4>\n<p>Diese historische Festung bietet ein einzigartiges Erlebnis, das Milit\u00e4rgeschichte mit einer wundersch\u00f6nen Aussicht verbindet. Tauche ein in die mittelalterliche Atmosph\u00e4re und genie\u00dfe den Panoramablick auf die Stadt.<\/p>\n<h4>Cappella Brancacci<\/h4>\n<p>Ein Besuch in der Brancacci-Kapelle ist eine Reise durch die Zeit und die Kunst. Hier kannst du einige der ber\u00fchmtesten Fresken der Welt, von K\u00fcnstlern wie Masaccio und Masolino, sowie wichtige biblische Szenen bestaunen.<\/p>\n<h2>Ausfl\u00fcge au\u00dferhalb von Florenz &#8211; 20%<\/h2>\n<p>Dank unserer Partnerschaft mit einem zuverl\u00e4ssigen Tour Operator, <strong>der eine gro\u00dfe Auswahl an Wochenendausfl\u00fcgen im Programm hat<\/strong>, hast Du buchst\u00e4blich die Qual der Wahl!<\/p>\n<p>Du wirst wundersch\u00f6ne Orte entdecken und w\u00e4hrend den interessanten F\u00fchrungen und kulinarischen Gen\u00fcssen gleichzeitig die Gelegenheit haben, in entspannter Atmosph\u00e4re zu plaudern und neue Freundschaften zu schlie\u00dfen.<\/p>\n<p>Die Ausfl\u00fcge k\u00f6nnen halb- oder ganzt\u00e4gig sein und werden oftmals nicht nur auf Italienisch und\/oder Englisch, sondern auch in anderen Sprachen angeboten.<\/p>\n<p>Hier einige Beispiele der beliebtesten Ausfl\u00fcge:<\/p>\n<ul>\n<li>Pisa (halbtags)<\/li>\n<li>Chianti-Tour (halbtags)<\/li>\n<li>Pisa und Lucca (ganztags)<\/li>\n<li>Venedig (ganztags)<\/li>\n<li>Siena und San Gimignano (ganztags)<\/li>\n<li>Montepulciano, Montalcino und Pienza (ganztags)<\/li>\n<li>Cinque Terre (ganztags)<\/li>\n<\/ul>\n<h2>&#8222;All inklusive&#8220; Kurse<\/h2>\n        <div class=\"page-card sprachurlaub is-style-default\">\n                            <figure class=\"page-card_image\">\n                    <a href=\"https:\/\/ils.simonemontanari.com\/de\/urlaub\/sprachurlaub\/\" title=\"Italienisch Sprachurlaub in Florenz\">\n                        <img loading=\"lazy\" decoding=\"async\" width=\"679\" height=\"480\" src=\"https:\/\/ils.simonemontanari.com\/de\/wp-content\/uploads\/sites\/2\/2023\/07\/italienisch_sprachurlaub_in_florenz.png\" class=\"attachment-full size-full wp-post-image\" alt=\"\" \/>                    <\/a>\n                <\/figure>\n            <h3 class=\"page-card_title\"><a href=\"https:\/\/ils.simonemontanari.com\/de\/urlaub\/sprachurlaub\/\" title=\"Italienisch Sprachurlaub in Florenz\">Italienisch Sprachurlaub in Florenz<\/a><\/h3>            <p class=\"page-card_text\">Italienischunterricht am Morgen und Florenz entdecken am Nachmittag. Nimm dir eine Auszeit um Florenz und mehr zu entdecken!<\/p>\n                        <p class=\"page-card_cta\"><a href=\"https:\/\/ils.simonemontanari.com\/de\/urlaub\/sprachurlaub\/\">Mehr entdecken<span class=\"icon\"><svg xmlns=\"http:\/\/www.w3.org\/2000\/svg\" aria-hidden=\"true\" focusable=\"false\" role=\"img\" viewBox=\"0 0 448 512\"><path fill=\"currentColor\" d=\"M443.7 266.8l-165.9 176C274.5 446.3 269.1 448 265.5 448c-3.986 0-7.988-1.375-11.16-4.156c-6.773-5.938-7.275-16.06-1.118-22.59L393.9 272H16.59c-9.171 0-16.59-7.155-16.59-15.1S7.421 240 16.59 240h377.3l-140.7-149.3c-6.157-6.531-5.655-16.66 1.118-22.59c6.789-5.906 17.27-5.469 23.45 1.094l165.9 176C449.4 251.3 449.4 260.7 443.7 266.8z\"\/><\/svg><\/span><\/a><\/p>\n                    <\/div>\n        \n        <div class=\"page-card kochurlaub is-style-default\">\n                            <figure class=\"page-card_image\">\n                    <a href=\"https:\/\/ils.simonemontanari.com\/de\/urlaub\/kochurlaub\/\" title=\"Italienisch und Kochen Lernen in Toskana, Italien\">\n                        <img loading=\"lazy\" decoding=\"async\" width=\"720\" height=\"480\" src=\"https:\/\/ils.simonemontanari.com\/de\/wp-content\/uploads\/sites\/2\/2023\/07\/italienisches_kochen_in_florenz.png\" class=\"attachment-full size-full wp-post-image\" alt=\"\" srcset=\"https:\/\/ils.simonemontanari.com\/de\/wp-content\/uploads\/sites\/2\/2023\/07\/italienisches_kochen_in_florenz.png 720w, https:\/\/ils.simonemontanari.com\/de\/wp-content\/uploads\/sites\/2\/2023\/07\/italienisches_kochen_in_florenz-376x250.png 376w\" sizes=\"auto, (max-width: 720px) 100vw, 720px\" \/>                    <\/a>\n                <\/figure>\n            <h3 class=\"page-card_title\"><a href=\"https:\/\/ils.simonemontanari.com\/de\/urlaub\/kochurlaub\/\" title=\"Italienisch und Kochen Lernen in Toskana, Italien\">Italienisch und Kochen Lernen in Toskana, Italien<\/a><\/h3>            <p class=\"page-card_text\">Endlich Italienisch kochen k\u00f6nnen! Das lernst du mit unseren Kochkursen f\u00fcr jedes Level und f\u00fcr jeden Zweck.<\/p>\n                        <p class=\"page-card_cta\"><a href=\"https:\/\/ils.simonemontanari.com\/de\/urlaub\/kochurlaub\/\">Mehr entdecken<span class=\"icon\"><svg xmlns=\"http:\/\/www.w3.org\/2000\/svg\" aria-hidden=\"true\" focusable=\"false\" role=\"img\" viewBox=\"0 0 448 512\"><path fill=\"currentColor\" d=\"M443.7 266.8l-165.9 176C274.5 446.3 269.1 448 265.5 448c-3.986 0-7.988-1.375-11.16-4.156c-6.773-5.938-7.275-16.06-1.118-22.59L393.9 272H16.59c-9.171 0-16.59-7.155-16.59-15.1S7.421 240 16.59 240h377.3l-140.7-149.3c-6.157-6.531-5.655-16.66 1.118-22.59c6.789-5.906 17.27-5.469 23.45 1.094l165.9 176C449.4 251.3 449.4 260.7 443.7 266.8z\"\/><\/svg><\/span><\/a><\/p>\n                    <\/div>\n        \n        <div class=\"page-card malenurlaub is-style-default\">\n                            <figure class=\"page-card_image\">\n                    <a href=\"https:\/\/ils.simonemontanari.com\/de\/urlaub\/malenurlaub\/\" title=\"Italienisch und Malkurse in Toskana, Italien\">\n                        <img loading=\"lazy\" decoding=\"async\" width=\"729\" height=\"480\" src=\"https:\/\/ils.simonemontanari.com\/de\/wp-content\/uploads\/sites\/2\/2023\/07\/italienische_malerei_in_florenz.png\" class=\"attachment-full size-full wp-post-image\" alt=\"\" \/>                    <\/a>\n                <\/figure>\n            <h3 class=\"page-card_title\"><a href=\"https:\/\/ils.simonemontanari.com\/de\/urlaub\/malenurlaub\/\" title=\"Italienisch und Malkurse in Toskana, Italien\">Italienisch und Malkurse in Toskana, Italien<\/a><\/h3>            <p class=\"page-card_text\">Lerne Italienisch und werde kreativ in Florenz. Eine Stadt die in aller Welt f\u00fcr ihr Kunsterbe ber\u00fchmt ist.<\/p>\n                        <p class=\"page-card_cta\"><a href=\"https:\/\/ils.simonemontanari.com\/de\/urlaub\/malenurlaub\/\">Mehr entdecken<span class=\"icon\"><svg xmlns=\"http:\/\/www.w3.org\/2000\/svg\" aria-hidden=\"true\" focusable=\"false\" role=\"img\" viewBox=\"0 0 448 512\"><path fill=\"currentColor\" d=\"M443.7 266.8l-165.9 176C274.5 446.3 269.1 448 265.5 448c-3.986 0-7.988-1.375-11.16-4.156c-6.773-5.938-7.275-16.06-1.118-22.59L393.9 272H16.59c-9.171 0-16.59-7.155-16.59-15.1S7.421 240 16.59 240h377.3l-140.7-149.3c-6.157-6.531-5.655-16.66 1.118-22.59c6.789-5.906 17.27-5.469 23.45 1.094l165.9 176C449.4 251.3 449.4 260.7 443.7 266.8z\"\/><\/svg><\/span><\/a><\/p>\n                    <\/div>\n        \n        <div class=\"page-card schuelersprachreise is-style-default\">\n                            <figure class=\"page-card_image\">\n                    <a href=\"https:\/\/ils.simonemontanari.com\/de\/urlaub\/schuelersprachreise\/\" title=\"Sch\u00fclersprachreise f\u00fcr Jugendliche in Florenz\">\n                        <img loading=\"lazy\" decoding=\"async\" width=\"640\" height=\"480\" src=\"https:\/\/ils.simonemontanari.com\/de\/wp-content\/uploads\/sites\/2\/2023\/07\/italienisch_sommerkurse.png\" class=\"attachment-full size-full wp-post-image\" alt=\"\" \/>                    <\/a>\n                <\/figure>\n            <h3 class=\"page-card_title\"><a href=\"https:\/\/ils.simonemontanari.com\/de\/urlaub\/schuelersprachreise\/\" title=\"Sch\u00fclersprachreise f\u00fcr Jugendliche in Florenz\">Sch\u00fclersprachreise f\u00fcr Jugendliche in Florenz<\/a><\/h3>            <p class=\"page-card_text\">Die erste Auslandserfahrung f\u00fcr ihr Kind! Spa\u00df, Sonne und neue Freunde in einem sicheren Umfeld.<\/p>\n                        <p class=\"page-card_cta\"><a href=\"https:\/\/ils.simonemontanari.com\/de\/urlaub\/schuelersprachreise\/\">Mehr entdecken<span class=\"icon\"><svg xmlns=\"http:\/\/www.w3.org\/2000\/svg\" aria-hidden=\"true\" focusable=\"false\" role=\"img\" viewBox=\"0 0 448 512\"><path fill=\"currentColor\" d=\"M443.7 266.8l-165.9 176C274.5 446.3 269.1 448 265.5 448c-3.986 0-7.988-1.375-11.16-4.156c-6.773-5.938-7.275-16.06-1.118-22.59L393.9 272H16.59c-9.171 0-16.59-7.155-16.59-15.1S7.421 240 16.59 240h377.3l-140.7-149.3c-6.157-6.531-5.655-16.66 1.118-22.59c6.789-5.906 17.27-5.469 23.45 1.094l165.9 176C449.4 251.3 449.4 260.7 443.7 266.8z\"\/><\/svg><\/span><\/a><\/p>\n                    <\/div>\n        \n","protected":false},"excerpt":{"rendered":"<p>Solche Aktivit\u00e4ten k\u00f6nnen Teil unserer Learning Holidays sein\u00a0oder k\u00f6nnen getrennt erstanden werden. All unsere Sch\u00fcler k\u00f6nnen mitmachen und sie k\u00f6nnen sogar Freunde einladen, egal ob diese an unserer Schule oder einer anderen lernen. W\u00e4hrend der Aktivit\u00e4ten sprechen wir haupts\u00e4chlich Italienisch. Wir m\u00f6chten nat\u00fcrlich, dass alle Teilnehmer alles verstehen und voll miteinbezogen werden. Auch die absoluten [&hellip;]<\/p>\n","protected":false},"author":1788,"featured_media":1756,"parent":18,"menu_order":0,"comment_status":"closed","ping_status":"closed","template":"","meta":{"_acf_changed":false,"footnotes":""},"class_list":["post-28","page","type-page","status-publish","has-post-thumbnail","hentry"],"acf":[],"_links":{"self":[{"href":"https:\/\/ils.simonemontanari.com\/de\/wp-json\/wp\/v2\/pages\/28","targetHints":{"allow":["GET"]}}],"collection":[{"href":"https:\/\/ils.simonemontanari.com\/de\/wp-json\/wp\/v2\/pages"}],"about":[{"href":"https:\/\/ils.simonemontanari.com\/de\/wp-json\/wp\/v2\/types\/page"}],"author":[{"embeddable":true,"href":"https:\/\/ils.simonemontanari.com\/de\/wp-json\/wp\/v2\/users\/1788"}],"replies":[{"embeddable":true,"href":"https:\/\/ils.simonemontanari.com\/de\/wp-json\/wp\/v2\/comments?post=28"}],"version-history":[{"count":0,"href":"https:\/\/ils.simonemontanari.com\/de\/wp-json\/wp\/v2\/pages\/28\/revisions"}],"up":[{"embeddable":true,"href":"https:\/\/ils.simonemontanari.com\/de\/wp-json\/wp\/v2\/pages\/18"}],"wp:featuredmedia":[{"embeddable":true,"href":"https:\/\/ils.simonemontanari.com\/de\/wp-json\/wp\/v2\/media\/1756"}],"wp:attachment":[{"href":"https:\/\/ils.simonemontanari.com\/de\/wp-json\/wp\/v2\/media?parent=28"}],"curies":[{"name":"wp","href":"https:\/\/api.w.org\/{rel}","templated":true}]}}