{"id":3077,"date":"2020-12-29T11:29:16","date_gmt":"2020-12-29T10:29:16","guid":{"rendered":"https:\/\/ils.simonemontanari.com\/de\/?page_id=3077"},"modified":"2024-08-23T12:30:54","modified_gmt":"2024-08-23T10:30:54","slug":"italienisch-test","status":"publish","type":"page","link":"https:\/\/ils.simonemontanari.com\/de\/italienisch-test\/","title":{"rendered":"Italienischtests"},"content":{"rendered":"<div class=\"row has-columns three-columns \">\n<div class=\"column\">\n<p>Das sind unsere <strong>Italienisch-Sprachleveltests<\/strong>, f\u00fcr alle, die an unseren Kursen teilnehmen m\u00f6chten.<\/p>\n<p>Es handelt sich um kurze Tests (au\u00dfer der letzte). Du ben\u00f6tigst ungef\u00e4hr <strong>2 bis 5 Minuten <\/strong>um einen davon auszuf\u00fcllen.<\/p>\n<p>Falls du bemerkst, dass der ausgew\u00e4hlte Test zu einfach oder zu kompliziert ist, versuche einfach einen anderen.<\/p>\n<p>Du bekommst das Testergebnis automatisch an <strong>deine E-mail Adresse geschickt<\/strong>.<br \/>\n<\/div>\n<div class=\"column\">\n        <div class=\"page-card niveau-a1 is-style-default\">\n                            <figure class=\"page-card_image\">\n                    <a href=\"https:\/\/ils.simonemontanari.com\/de\/italienisch-test\/niveau-a1\/\" title=\"Italienisch Test A1\">\n                        <img loading=\"lazy\" decoding=\"async\" width=\"631\" height=\"446\" src=\"https:\/\/ils.simonemontanari.com\/de\/wp-content\/uploads\/sites\/2\/2023\/12\/A1-DEU.png\" class=\"attachment-full size-full wp-post-image\" alt=\"\" \/>                    <\/a>\n                <\/figure>\n            <h2 class=\"page-card_title\"><a href=\"https:\/\/ils.simonemontanari.com\/de\/italienisch-test\/niveau-a1\/\" title=\"Italienisch Test A1\">Italienisch Test A1<\/a><\/h2>            <p class=\"page-card_text\">Das Sprachverst\u00e4ndnis A1-Lerner begrenzt sich auf wenige Grundlagen.<\/p>\n                        <p class=\"page-card_cta\"><a href=\"https:\/\/ils.simonemontanari.com\/de\/italienisch-test\/niveau-a1\/\">Mehr entdecken<span class=\"icon\"><svg xmlns=\"http:\/\/www.w3.org\/2000\/svg\" aria-hidden=\"true\" focusable=\"false\" role=\"img\" viewBox=\"0 0 448 512\"><path fill=\"currentColor\" d=\"M443.7 266.8l-165.9 176C274.5 446.3 269.1 448 265.5 448c-3.986 0-7.988-1.375-11.16-4.156c-6.773-5.938-7.275-16.06-1.118-22.59L393.9 272H16.59c-9.171 0-16.59-7.155-16.59-15.1S7.421 240 16.59 240h377.3l-140.7-149.3c-6.157-6.531-5.655-16.66 1.118-22.59c6.789-5.906 17.27-5.469 23.45 1.094l165.9 176C449.4 251.3 449.4 260.7 443.7 266.8z\"\/><\/svg><\/span><\/a><\/p>\n                    <\/div>\n        \n<\/div>\n<div class=\"column\">\n        <div class=\"page-card niveau-a2 is-style-default\">\n                            <figure class=\"page-card_image\">\n                    <a href=\"https:\/\/ils.simonemontanari.com\/de\/italienisch-test\/niveau-a2\/\" title=\"Italienisch Test A2\">\n                        <img loading=\"lazy\" decoding=\"async\" width=\"630\" height=\"446\" src=\"https:\/\/ils.simonemontanari.com\/de\/wp-content\/uploads\/sites\/2\/2023\/12\/A2-DEU.png\" class=\"attachment-full size-full wp-post-image\" alt=\"\" \/>                    <\/a>\n                <\/figure>\n            <h2 class=\"page-card_title\"><a href=\"https:\/\/ils.simonemontanari.com\/de\/italienisch-test\/niveau-a2\/\" title=\"Italienisch Test A2\">Italienisch Test A2<\/a><\/h2>            <p class=\"page-card_text\">A2-Lerner verstehen h\u00e4ufig verwendete Ausdr\u00fccke<\/p>\n                        <p class=\"page-card_cta\"><a href=\"https:\/\/ils.simonemontanari.com\/de\/italienisch-test\/niveau-a2\/\">Mehr entdecken<span class=\"icon\"><svg xmlns=\"http:\/\/www.w3.org\/2000\/svg\" aria-hidden=\"true\" focusable=\"false\" role=\"img\" viewBox=\"0 0 448 512\"><path fill=\"currentColor\" d=\"M443.7 266.8l-165.9 176C274.5 446.3 269.1 448 265.5 448c-3.986 0-7.988-1.375-11.16-4.156c-6.773-5.938-7.275-16.06-1.118-22.59L393.9 272H16.59c-9.171 0-16.59-7.155-16.59-15.1S7.421 240 16.59 240h377.3l-140.7-149.3c-6.157-6.531-5.655-16.66 1.118-22.59c6.789-5.906 17.27-5.469 23.45 1.094l165.9 176C449.4 251.3 449.4 260.7 443.7 266.8z\"\/><\/svg><\/span><\/a><\/p>\n                    <\/div>\n        \n<\/div>\n<div class=\"column\">\n        <div class=\"page-card niveau-b1 is-style-default\">\n                            <figure class=\"page-card_image\">\n                    <a href=\"https:\/\/ils.simonemontanari.com\/de\/italienisch-test\/niveau-b1\/\" title=\"Italienisch Test B1\">\n                        <img loading=\"lazy\" decoding=\"async\" width=\"631\" height=\"446\" src=\"https:\/\/ils.simonemontanari.com\/de\/wp-content\/uploads\/sites\/2\/2023\/12\/B1-DEU.png\" class=\"attachment-full size-full wp-post-image\" alt=\"\" \/>                    <\/a>\n                <\/figure>\n            <h2 class=\"page-card_title\"><a href=\"https:\/\/ils.simonemontanari.com\/de\/italienisch-test\/niveau-b1\/\" title=\"Italienisch Test B1\">Italienisch Test B1<\/a><\/h2>            <p class=\"page-card_text\">B1-Lerner k\u00f6nnen die wichtigsten Punkte aus einer deutlich gesprochenen Unterhaltung \u00fcber vertraute Themen herausfiltern.<\/p>\n                        <p class=\"page-card_cta\"><a href=\"https:\/\/ils.simonemontanari.com\/de\/italienisch-test\/niveau-b1\/\">Mehr entdecken<span class=\"icon\"><svg xmlns=\"http:\/\/www.w3.org\/2000\/svg\" aria-hidden=\"true\" focusable=\"false\" role=\"img\" viewBox=\"0 0 448 512\"><path fill=\"currentColor\" d=\"M443.7 266.8l-165.9 176C274.5 446.3 269.1 448 265.5 448c-3.986 0-7.988-1.375-11.16-4.156c-6.773-5.938-7.275-16.06-1.118-22.59L393.9 272H16.59c-9.171 0-16.59-7.155-16.59-15.1S7.421 240 16.59 240h377.3l-140.7-149.3c-6.157-6.531-5.655-16.66 1.118-22.59c6.789-5.906 17.27-5.469 23.45 1.094l165.9 176C449.4 251.3 449.4 260.7 443.7 266.8z\"\/><\/svg><\/span><\/a><\/p>\n                    <\/div>\n        \n<\/div>\n<div class=\"column\">\n        <div class=\"page-card niveau-b2 is-style-default\">\n                            <figure class=\"page-card_image\">\n                    <a href=\"https:\/\/ils.simonemontanari.com\/de\/italienisch-test\/niveau-b2\/\" title=\"Italienisch Test B2\">\n                        <img loading=\"lazy\" decoding=\"async\" width=\"631\" height=\"446\" src=\"https:\/\/ils.simonemontanari.com\/de\/wp-content\/uploads\/sites\/2\/2023\/12\/B2-DEU.png\" class=\"attachment-full size-full wp-post-image\" alt=\"\" \/>                    <\/a>\n                <\/figure>\n            <h2 class=\"page-card_title\"><a href=\"https:\/\/ils.simonemontanari.com\/de\/italienisch-test\/niveau-b2\/\" title=\"Italienisch Test B2\">Italienisch Test B2<\/a><\/h2>            <p class=\"page-card_text\">B2-Lerner k\u00f6nnen komplexere Sachverhalte verstehen und sich selbst\u00e4ndig ausdr\u00fccken.<\/p>\n                        <p class=\"page-card_cta\"><a href=\"https:\/\/ils.simonemontanari.com\/de\/italienisch-test\/niveau-b2\/\">Mehr entdecken<span class=\"icon\"><svg xmlns=\"http:\/\/www.w3.org\/2000\/svg\" aria-hidden=\"true\" focusable=\"false\" role=\"img\" viewBox=\"0 0 448 512\"><path fill=\"currentColor\" d=\"M443.7 266.8l-165.9 176C274.5 446.3 269.1 448 265.5 448c-3.986 0-7.988-1.375-11.16-4.156c-6.773-5.938-7.275-16.06-1.118-22.59L393.9 272H16.59c-9.171 0-16.59-7.155-16.59-15.1S7.421 240 16.59 240h377.3l-140.7-149.3c-6.157-6.531-5.655-16.66 1.118-22.59c6.789-5.906 17.27-5.469 23.45 1.094l165.9 176C449.4 251.3 449.4 260.7 443.7 266.8z\"\/><\/svg><\/span><\/a><\/p>\n                    <\/div>\n        \n<\/div>\n<div class=\"column\">\n        <div class=\"page-card niveau-c1 is-style-default\">\n                            <figure class=\"page-card_image\">\n                    <a href=\"https:\/\/ils.simonemontanari.com\/de\/italienisch-test\/niveau-c1\/\" title=\"Italienisch Test C1\">\n                        <img loading=\"lazy\" decoding=\"async\" width=\"631\" height=\"446\" src=\"https:\/\/ils.simonemontanari.com\/de\/wp-content\/uploads\/sites\/2\/2023\/12\/C1-DEU.png\" class=\"attachment-full size-full wp-post-image\" alt=\"\" \/>                    <\/a>\n                <\/figure>\n            <h2 class=\"page-card_title\"><a href=\"https:\/\/ils.simonemontanari.com\/de\/italienisch-test\/niveau-c1\/\" title=\"Italienisch Test C1\">Italienisch Test C1<\/a><\/h2>            <p class=\"page-card_text\">C1-Lerner k\u00f6nnenein breites Spektrum anspruchsvoller, l\u00e4ngerer Texte verstehen und auch implizite Bedeutungen erfassen.<\/p>\n                        <p class=\"page-card_cta\"><a href=\"https:\/\/ils.simonemontanari.com\/de\/italienisch-test\/niveau-c1\/\">Mehr entdecken<span class=\"icon\"><svg xmlns=\"http:\/\/www.w3.org\/2000\/svg\" aria-hidden=\"true\" focusable=\"false\" role=\"img\" viewBox=\"0 0 448 512\"><path fill=\"currentColor\" d=\"M443.7 266.8l-165.9 176C274.5 446.3 269.1 448 265.5 448c-3.986 0-7.988-1.375-11.16-4.156c-6.773-5.938-7.275-16.06-1.118-22.59L393.9 272H16.59c-9.171 0-16.59-7.155-16.59-15.1S7.421 240 16.59 240h377.3l-140.7-149.3c-6.157-6.531-5.655-16.66 1.118-22.59c6.789-5.906 17.27-5.469 23.45 1.094l165.9 176C449.4 251.3 449.4 260.7 443.7 266.8z\"\/><\/svg><\/span><\/a><\/p>\n                    <\/div>\n        \n<\/div>\n<div class=\"column\">\n        <div class=\"page-card vollstaendiger is-style-default\">\n                            <figure class=\"page-card_image\">\n                    <a href=\"https:\/\/ils.simonemontanari.com\/de\/italienisch-test\/vollstaendiger\/\" title=\"Vollst\u00e4ndiger Italienisch Test\">\n                        <img loading=\"lazy\" decoding=\"async\" width=\"631\" height=\"446\" src=\"https:\/\/ils.simonemontanari.com\/de\/wp-content\/uploads\/sites\/2\/2023\/12\/Test-Abschiessen.png\" class=\"attachment-full size-full wp-post-image\" alt=\"\" \/>                    <\/a>\n                <\/figure>\n            <h2 class=\"page-card_title\"><a href=\"https:\/\/ils.simonemontanari.com\/de\/italienisch-test\/vollstaendiger\/\" title=\"Vollst\u00e4ndiger Italienisch Test\">Vollst\u00e4ndiger Italienisch Test<\/a><\/h2>            <p class=\"page-card_text\">Wir haben auch einen Leveltest entwickelt, der alle Sprachlevel beinhaltet. Er dauert in etwa 40 bis 55 Minuten.<\/p>\n                        <p class=\"page-card_cta\"><a href=\"https:\/\/ils.simonemontanari.com\/de\/italienisch-test\/vollstaendiger\/\">Mehr entdecken<span class=\"icon\"><svg xmlns=\"http:\/\/www.w3.org\/2000\/svg\" aria-hidden=\"true\" focusable=\"false\" role=\"img\" viewBox=\"0 0 448 512\"><path fill=\"currentColor\" d=\"M443.7 266.8l-165.9 176C274.5 446.3 269.1 448 265.5 448c-3.986 0-7.988-1.375-11.16-4.156c-6.773-5.938-7.275-16.06-1.118-22.59L393.9 272H16.59c-9.171 0-16.59-7.155-16.59-15.1S7.421 240 16.59 240h377.3l-140.7-149.3c-6.157-6.531-5.655-16.66 1.118-22.59c6.789-5.906 17.27-5.469 23.45 1.094l165.9 176C449.4 251.3 449.4 260.7 443.7 266.8z\"\/><\/svg><\/span><\/a><\/p>\n                    <\/div>\n        \n<\/div>\n<\/div>\n","protected":false},"excerpt":{"rendered":"","protected":false},"author":1788,"featured_media":6701,"parent":0,"menu_order":0,"comment_status":"closed","ping_status":"closed","template":"full-width.php","meta":{"_acf_changed":false,"footnotes":""},"class_list":["post-3077","page","type-page","status-publish","has-post-thumbnail","hentry"],"acf":[],"_links":{"self":[{"href":"https:\/\/ils.simonemontanari.com\/de\/wp-json\/wp\/v2\/pages\/3077","targetHints":{"allow":["GET"]}}],"collection":[{"href":"https:\/\/ils.simonemontanari.com\/de\/wp-json\/wp\/v2\/pages"}],"about":[{"href":"https:\/\/ils.simonemontanari.com\/de\/wp-json\/wp\/v2\/types\/page"}],"author":[{"embeddable":true,"href":"https:\/\/ils.simonemontanari.com\/de\/wp-json\/wp\/v2\/users\/1788"}],"replies":[{"embeddable":true,"href":"https:\/\/ils.simonemontanari.com\/de\/wp-json\/wp\/v2\/comments?post=3077"}],"version-history":[{"count":0,"href":"https:\/\/ils.simonemontanari.com\/de\/wp-json\/wp\/v2\/pages\/3077\/revisions"}],"wp:featuredmedia":[{"embeddable":true,"href":"https:\/\/ils.simonemontanari.com\/de\/wp-json\/wp\/v2\/media\/6701"}],"wp:attachment":[{"href":"https:\/\/ils.simonemontanari.com\/de\/wp-json\/wp\/v2\/media?parent=3077"}],"curies":[{"name":"wp","href":"https:\/\/api.w.org\/{rel}","templated":true}]}}