{"id":42,"date":"2017-12-05T16:19:59","date_gmt":"2017-12-05T15:19:59","guid":{"rendered":"https:\/\/ils.simonemontanari.com\/de\/learning-holidays\/junior-summer-camp-italian-classes-for-high-school-students\/"},"modified":"2024-08-23T12:31:38","modified_gmt":"2024-08-23T10:31:38","slug":"schuelersprachreise","status":"publish","type":"page","link":"https:\/\/ils.simonemontanari.com\/de\/urlaub\/schuelersprachreise\/","title":{"rendered":"Sch\u00fclersprachreise f\u00fcr Jugendliche in Florenz"},"content":{"rendered":"<p>Dieses Ferienprogramm wurde eigens f\u00fcr <strong>Sch\u00fcler von 14 bis 17 Jahren<\/strong> entwickelt.<br \/>\nMit dem ausgefeilten Animationsprogramm werden sie <strong>sportlich aktiv und besichtigen die sch\u00f6nsten Sehensw\u00fcrdigkeiten<\/strong> der Stadt. Sie werden <strong>Italienisch zusammen mit anderen Sch\u00fclern von \u00fcberall her lernen<\/strong>. Die Programmteilnehmer werden in <a href=\"https:\/\/ils.simonemontanari.com\/de\/aufenthalt\/unterkuenfte\/#gastfamilie\">ausgew\u00e4hlten Gastfamilien<\/a> liebevoll betreut. Diese Familien besitzen bereits mehrj\u00e4hrige Erfahrungen im Hospitieren von Jugendlichen. Ein Grund mehr f\u00fcr die Eltern beruhigt zu sein.<\/p>\n<p>In den letzten Jahren hat unsere Sprachreise sich einen <strong>hervorragenden Ruf<\/strong> erarbeitet. Dank der gut organisierten Programme k\u00f6nnen selbst die besorgtesten Eltern sich entspannt zur\u00fccklehnen. Um jegliche Sorge aus dem Weg zu r\u00e4umen und um die Personen kennenzulernen, die sich um ihr Kind k\u00fcmmern werden, stehen wir\u00a0 gerne zu einem <strong>pers\u00f6nlichen Gespr\u00e4ch \u00fcber Skype und per Telefon\u00a0<\/strong> zur Verf\u00fcgung.<\/p>\n<h2>Programm und Zeitplan<\/h2>\n<h4>Italienischer Standardkurs<\/h4>\n<p>Die entspannte und interaktive Atmosph\u00e4re unterst\u00fctzt das Lernen von Anfang an. Im Unterricht finden wir Zeit nicht nur f\u00fcr Grammatik, Lesen und Schreiben sondern auch f\u00fcr <strong>am\u00fcsante Spiele, die Italienisch lernen leicht machen<\/strong>.<\/p>\n<h4>T\u00e4gliches Animationsprogramm<\/h4>\n<p><strong>Nach dem Unterricht am Morgen gibt es immer eine Menge zu tun<\/strong>, viele Gelegenheiten Freundschaft zu schlie\u00dfen und Italienisch zu sprechen.<\/p>\n<p>Florenz mit unseren <a href=\"https:\/\/ils.simonemontanari.com\/de\/aufenthalt\/freizeitaktivitaeten\/\">gef\u00fchrten Rundg\u00e4ngen<\/a> entdecken, Ausfl\u00fcge ans Meer an Wochenenden, Nachmittage im Zeichen des Sports (Fu\u00dfball, Volleyball und andere Spiele), Tagestouren zu anderen St\u00e4dten in der Toskana, Filmnachmittage, Foto-Marathon und Lernen wie man frische Nudeln macht. Die Liste geht noch weiter!<\/p>\n<h4>Aufenthalt bei einer Gastfamilie<\/h4>\n<p>Die Programmteilnehmer werden von Gastfamilien liebevoll betreut, die meist in der Altstadt wohnen oder in Stadtvierteln, die einfach mit dem Bus zu erreichen sind.<\/p>\n<p>Wir arbeiten mit unseren Gastfamilien schon seit langer Zeit. Es sind alle anst\u00e4ndige, zuverl\u00e4ssige und gastfreundliche Menschen, die es ihren jungen G\u00e4sten leicht machen, sich in den <strong>italienischen Alltag einzubinden<\/strong>.<br \/>\nDer Aufenthalt bei einer Gastfamilie stellt einen sehr guten Kompromiss f\u00fcr Ihre Kinder da: sie f\u00fchlen sich gesch\u00fctzt und doch frei genug um ihre Ferien individuell auszuleben.<\/p>\n<h4>Abholservice vom Flughafen \/ Bahnhof<\/h4>\n<p>Wir k\u00fcmmern uns um ihre Kinder ab Ankunft bis Abfahrt. <strong>Einer unserer Mitarbeiter oder die Gasteltern werden sie vom Flughafen\/Bahnhof abholen und am Tag der Abfahrt wieder dorthin begleiten<\/strong>.<\/p>\n<h2>Preise 2023<\/h2>\n<table class=\"price-table\" style=\"float: none\">\n<tbody>\n<tr>\n<th>Wochen<\/th>\n<th>Preise<\/th>\n<\/tr>\n<tr>\n<td>1<\/td>\n<td>910 \u20ac<\/td>\n<\/tr>\n<tr>\n<td>2<\/td>\n<td>1660 \u20ac<\/td>\n<\/tr>\n<tr>\n<td>zus\u00e4tzl. Woche<\/td>\n<td>710 \u20ac<\/td>\n<\/tr>\n<\/tbody>\n<\/table>\n<p><em>50\u20ac Aufpreis pro Woche f\u00fcr 2 weitere Konversationsnachmittage (je 2 Stunden)<\/em><br \/>\n<em>Aufpreis f\u00fcr Unterkunft im Einzelzimmer<\/em><br \/>\n<em>30\u20ac Aufpreis pro Woche f\u00fcr glutenfreie Di\u00e4t<\/em><br \/>\n<em>10\u20ac Aufpreis f\u00fcr den Abholservice ab 23Uhr bis 6Uhr (eine Fahrt)<\/em><\/p>\n    <section class=\"conditions-box\">\n        <div class=\"conditions-text\">\n        \n<h2>Details<\/h2>\n<div class=\"column\">\n<div class=\"icon-box\"><i class=\"fal fa-coins fa-fw fa-2x\"><\/i><span class=\"icon-box-text\">Keine Anmeldegeb\u00fchr<\/span><\/div>\n<div class=\"icon-box\"><i class=\"fal fa-undo fa-fw fa-2x\"><\/i><span class=\"icon-box-text\">Kostenlose Stornierung (vier Wochen im Voraus)<\/span><\/div>\n<div class=\"icon-box\"><i class=\"fal fa-book fa-fw fa-2x\"><\/i><span class=\"icon-box-text\">Kursmaterial im Preis enthalten<\/span><\/div>\n<div class=\"icon-box\"><i class=\"fal fa-calendar-check fa-fw fa-2x\"><\/i><span class=\"icon-box-text\">Das Programm l\u00e4uft von <strong>Juli bis August<\/strong><\/span><\/div>\n<div class=\"icon-box\"><i class=\"fal fa-mug-hot fa-fw fa-2x\"><\/i><span class=\"icon-box-text\">Kostenloser Kaffee, Tee und Snacks<\/span><\/div>\n<div class=\"icon-box\"><i class=\"fal fa-users fa-fw fa-2x\"><\/i><span class=\"icon-box-text\">Kleine Klassen: Min. 4 \u2013  Max. 12 Teilnehmer<\/span><\/div>\n<div class=\"icon-box\"><i class=\"fal fa-house fa-fw fa-2x\"><\/i><span class=\"icon-box-text\">Freier Service f\u00fcr Unterkunftsvermittlungs (falls gew\u00fcnscht)<\/span><\/div>\n<\/div>\n<div class=\"column\">\n<h4>Starttermine 2023<\/h4>\n<details class=\"accordion light\"><summary>Nicht-Anf\u00e4nger<span class=\"icon\"><svg xmlns=\"http:\/\/www.w3.org\/2000\/svg\" aria-hidden=\"true\" role=\"img\" viewBox=\"0 0 448 512\"><path fill=\"currentColor\" d=\"M421.1 244.2L224 426.2l-197.1-181.1C23.78 241.4 19.89 239.1 16 239.1c-4.312 0-8.609 1.719-11.75 5.156c-6 6.5-5.594 16.59 .8906 22.59l208 192c6.156 5.688 15.56 5.688 21.72 0l208-192c6.484-6 6.891-16.09 .8906-22.59C437.8 238.6 427.6 238.2 421.1 244.2zM213.1 267.8c6.156 5.688 15.56 5.688 21.72 0l208-192c6.484-6 6.891-16.09 .8906-22.59c-5.969-6.531-16.11-6.906-22.61-.9062L224 234.2L26.86 52.26C23.78 49.41 19.89 48.01 16 48.01c-4.312 0-8.609 1.719-11.75 5.156c-6 6.5-5.594 16.59 .8906 22.59L213.1 267.8z\"\/><\/svg><\/span><\/summary>\n<p>Jeden Montag von Anfang Juli bis Ende August<\/p>\n<p>F\u00fcr eine nicht angegebene Wochenanzahl und spezielle Anfragen <a href=\"#page-cta\">schreibt uns<\/a> und fragt nach einem Kostenvoranschlag.<\/p>\n<\/details>\n<details class=\"accordion light\"><summary>Sprachanf\u00e4nger<span class=\"icon\"><svg xmlns=\"http:\/\/www.w3.org\/2000\/svg\" aria-hidden=\"true\" role=\"img\" viewBox=\"0 0 448 512\"><path fill=\"currentColor\" d=\"M421.1 244.2L224 426.2l-197.1-181.1C23.78 241.4 19.89 239.1 16 239.1c-4.312 0-8.609 1.719-11.75 5.156c-6 6.5-5.594 16.59 .8906 22.59l208 192c6.156 5.688 15.56 5.688 21.72 0l208-192c6.484-6 6.891-16.09 .8906-22.59C437.8 238.6 427.6 238.2 421.1 244.2zM213.1 267.8c6.156 5.688 15.56 5.688 21.72 0l208-192c6.484-6 6.891-16.09 .8906-22.59c-5.969-6.531-16.11-6.906-22.61-.9062L224 234.2L26.86 52.26C23.78 49.41 19.89 48.01 16 48.01c-4.312 0-8.609 1.719-11.75 5.156c-6 6.5-5.594 16.59 .8906 22.59L213.1 267.8z\"\/><\/svg><\/span><\/summary>\n<p>5\/06, 19\/06, 3\/07, 17\/07, 31\/07, 14\/08, 4\/09, 18\/09.<\/p>\n<p>F\u00fcr eine nicht angegebene Wochenanzahl und spezielle Anfragen <a href=\"#page-cta\">schreibt uns<\/a> und fragt nach einem Kostenvoranschlag.<\/p>\n<\/details>\n<\/div>\n<details class=\"accordion standard\"><summary>Mehr Informationen<span class=\"icon\"><svg xmlns=\"http:\/\/www.w3.org\/2000\/svg\" aria-hidden=\"true\" role=\"img\" viewBox=\"0 0 448 512\"><path fill=\"currentColor\" d=\"M421.1 244.2L224 426.2l-197.1-181.1C23.78 241.4 19.89 239.1 16 239.1c-4.312 0-8.609 1.719-11.75 5.156c-6 6.5-5.594 16.59 .8906 22.59l208 192c6.156 5.688 15.56 5.688 21.72 0l208-192c6.484-6 6.891-16.09 .8906-22.59C437.8 238.6 427.6 238.2 421.1 244.2zM213.1 267.8c6.156 5.688 15.56 5.688 21.72 0l208-192c6.484-6 6.891-16.09 .8906-22.59c-5.969-6.531-16.11-6.906-22.61-.9062L224 234.2L26.86 52.26C23.78 49.41 19.89 48.01 16 48.01c-4.312 0-8.609 1.719-11.75 5.156c-6 6.5-5.594 16.59 .8906 22.59L213.1 267.8z\"\/><\/svg><\/span><\/summary>\n<h4>Italian language course<\/h4>\n<ul>\n<li>4 Unterrichtsstunden pro Tag, <strong>5 Tage die Woche<\/strong><\/li>\n<li>Eine Unterrichtsstunde dauert <strong>50 Minuten<\/strong><\/li>\n<li><strong>Klassengr\u00f6\u00dfe<\/strong>: min. 4, max. 12 Sch\u00fcler<\/li>\n<li><strong>Programmdauer<\/strong> \u2192 von 1 bis 8 Wochen<\/li>\n<\/ul>\n<p>Das Programm beinhaltet: Bestimmung des Sprachniveaus, Kursbuch, Teilnahmezertifikat, W-LAN Nutzung, DVD &amp; Buch Leihgabe<\/p>\n<h4>Aktivit\u00e4ten an Nachmittagen und Wochenenden<\/h4>\n<ul>\n<li>Teilnahme an <strong>verschiedenen sportlichen Aktivit\u00e4ten<\/strong> wie: Schwimmen, Volleyball und Fu\u00dfball<\/li>\n<li>Ausfl\u00fcge <strong>zu vielen toskanischen St\u00e4dten<\/strong> (Pisa, Lucca, Siena) und ans Meer<\/li>\n<li>Besuche der <strong>wichtigsten Museen<\/strong> und anderen Sehensw\u00fcrdigkeiten in Florenz<\/li>\n<li><strong>allgemeine Unterst\u00fctzung<\/strong> durch unser qualifiziertes Team<\/li>\n<li>Teilnahme an <strong>kulturellen Freizeitaktivit\u00e4ten<\/strong><\/li>\n<li>ein freier Nachmittag pro Woche<\/li>\n<\/ul>\n<h4>Unterkunft und Mahlzeiten<\/h4>\n<ul>\n<li><strong>Die Zimmer werden<\/strong> mit einem oder zwei Sch\u00fclern gleichen Alters und Geschlechts <strong>geteilt<\/strong><\/li>\n<li><strong>\u2019Halbpension\u2019 in der Gastfamilie:<\/strong> Fr\u00fchst\u00fcck und Abendessen werden von den Gasteltern zubereitet<\/li>\n<li><strong>Mittagessen wird von der Schule jeden Tag organisiert<\/strong>. Wir achten auch auf spezielle Ern\u00e4hrungen (Allergien und glutenfreie Ern\u00e4hrung).<\/li>\n<\/ul>\n<h4>Abholservice von Flughafen und Bahnhof<\/h4>\n<ul>\n<li>Abholservice m\u00f6glich vom Flughafen Peretola in Florenz und von den Hauptbahnh\u00f6fen der Stadt (Firenze Santa Maria Novella, Firenze Rifredi, Firenze Campo di Marte).<\/li>\n<li>Dieser Service <strong>ist inklusiv und wird von 6Uhr morgens bis 23Uhr durchgef\u00fchrt<\/strong>. F\u00fcr einen Aufpreis von \u20ac 10,00 pro Fahrt ist der Abholservice auch zwischen 23Uhr und 6 Uhr m\u00f6glich.<\/li>\n<\/ul>\n<p>*Sollte die Mindestanzahl der Teilnehmer (3) nicht erreicht werden, behalten wir uns das Recht vor den Gruppenkurs in eine reduzierte Anzahl von Einzel- bzw. Halb-Einzelstunden umzuwandeln (<a href=\"https:\/\/ils.simonemontanari.com\/de\/anmeldebedingungen\/#reduzierungen-und-verschiebungen\">mehr erfahren<\/a>).<\/p>\n<\/details>\n        <\/div>\n        <div class=\"conditions-cta\">\n            <i class=\"fal fa-rocket\"><\/i>            <span class=\"cta-text\">Noch Fragen?<br>Wir helfen gerne.<\/span><a class=\"button\" href=\"#page-cta\">Schreib uns  <span class=\"icon\"><svg xmlns=\"http:\/\/www.w3.org\/2000\/svg\" aria-hidden=\"true\" focusable=\"false\" role=\"img\" viewBox=\"0 0 448 512\"><path fill=\"currentColor\" d=\"M443.7 266.8l-165.9 176C274.5 446.3 269.1 448 265.5 448c-3.986 0-7.988-1.375-11.16-4.156c-6.773-5.938-7.275-16.06-1.118-22.59L393.9 272H16.59c-9.171 0-16.59-7.155-16.59-15.1S7.421 240 16.59 240h377.3l-140.7-149.3c-6.157-6.531-5.655-16.66 1.118-22.59c6.789-5.906 17.27-5.469 23.45 1.094l165.9 176C449.4 251.3 449.4 260.7 443.7 266.8z\"\/><\/svg><\/span><\/a>\n        <\/div>\n    <\/section>\n    \n[sp_testimonial id=&#8220;6211&#8243;]\n","protected":false},"excerpt":{"rendered":"<p>Dieses Ferienprogramm wurde eigens f\u00fcr Sch\u00fcler von 14 bis 17 Jahren entwickelt. Mit dem ausgefeilten Animationsprogramm werden sie sportlich aktiv und besichtigen die sch\u00f6nsten Sehensw\u00fcrdigkeiten der Stadt. Sie werden Italienisch zusammen mit anderen Sch\u00fclern von \u00fcberall her lernen. Die Programmteilnehmer werden in ausgew\u00e4hlten Gastfamilien liebevoll betreut. Diese Familien besitzen bereits mehrj\u00e4hrige Erfahrungen im Hospitieren von [&hellip;]<\/p>\n","protected":false},"author":1788,"featured_media":5644,"parent":12,"menu_order":0,"comment_status":"closed","ping_status":"closed","template":"course.php","meta":{"_acf_changed":false,"footnotes":""},"class_list":["post-42","page","type-page","status-publish","has-post-thumbnail","hentry"],"acf":[],"_links":{"self":[{"href":"https:\/\/ils.simonemontanari.com\/de\/wp-json\/wp\/v2\/pages\/42","targetHints":{"allow":["GET"]}}],"collection":[{"href":"https:\/\/ils.simonemontanari.com\/de\/wp-json\/wp\/v2\/pages"}],"about":[{"href":"https:\/\/ils.simonemontanari.com\/de\/wp-json\/wp\/v2\/types\/page"}],"author":[{"embeddable":true,"href":"https:\/\/ils.simonemontanari.com\/de\/wp-json\/wp\/v2\/users\/1788"}],"replies":[{"embeddable":true,"href":"https:\/\/ils.simonemontanari.com\/de\/wp-json\/wp\/v2\/comments?post=42"}],"version-history":[{"count":0,"href":"https:\/\/ils.simonemontanari.com\/de\/wp-json\/wp\/v2\/pages\/42\/revisions"}],"up":[{"embeddable":true,"href":"https:\/\/ils.simonemontanari.com\/de\/wp-json\/wp\/v2\/pages\/12"}],"wp:featuredmedia":[{"embeddable":true,"href":"https:\/\/ils.simonemontanari.com\/de\/wp-json\/wp\/v2\/media\/5644"}],"wp:attachment":[{"href":"https:\/\/ils.simonemontanari.com\/de\/wp-json\/wp\/v2\/media?parent=42"}],"curies":[{"name":"wp","href":"https:\/\/api.w.org\/{rel}","templated":true}]}}