{"id":44,"date":"2017-12-05T16:19:49","date_gmt":"2017-12-05T15:19:49","guid":{"rendered":"https:\/\/ils.simonemontanari.com\/de\/learning-holidays\/italian-language-painting-holidays\/"},"modified":"2024-08-23T12:31:37","modified_gmt":"2024-08-23T10:31:37","slug":"malenurlaub","status":"publish","type":"page","link":"https:\/\/ils.simonemontanari.com\/de\/urlaub\/malenurlaub\/","title":{"rendered":"Italienisch und Malkurse in Toskana, Italien"},"content":{"rendered":"<p>Der erste Schritt, um die allgegenw\u00e4rtige Kunst zu begreifen, ist auf jeden Fall die Sprache zu lernen und dann Malunterricht bei talentierten Kunstlehrern zu nehmen.<\/p>\n<p>In diesem Urlaubspaket dreht sich alles um Malen und Zeichnen. W\u00e4hle eine der vielen Techniken aus, wie zum Beispiel Malerei mit Wasserfarben oder \u00d6lfarben, und entdecke deinen ganz pers\u00f6nlichen Stil. Dank <strong>unserer hochqualifizierten Lehrer<\/strong> reicht unser Kreativangebot weit \u00fcber Malerei hinaus. Es sind auch <a href=\"https:\/\/ils.simonemontanari.com\/de\/urlaub\/individueller\/\">Skulptur-, T\u00f6pfer- und Freskenkurse<\/a> buchbar.<\/p>\n<p>Wenn du an diesem Programm teilnimmst, schl\u00e4gst du gleich zwei Fliegen mit einer Klappe: <strong>Kreativ in der Heimat der Kunst<\/strong> zu wirken und mit netten Gleichgesinnten k\u00fcnstlerisch aktiv zu sein. Zusammen erlebt ihr einen Urlaub ganz anderer Art.<\/p>\n<p><span style=\"font-weight: 400\">Folgende Pakete stehen zur Wahl:<\/span><\/p>\n<h2>Standard<\/h2>\n    <div class=\"introbox clear\">\n        <div class=\"introbox-info\">\n            <p>Italienischunterricht am Morgen und Mal-oder Zeichenunterricht an drei Nachmittagen pro Woche<br><a href=\"#page-cta\" class=\"button\">Schreib uns <span class=\"icon\"><svg xmlns=\"http:\/\/www.w3.org\/2000\/svg\" aria-hidden=\"true\" focusable=\"false\" role=\"img\" viewBox=\"0 0 448 512\"><path fill=\"currentColor\" d=\"M443.7 266.8l-165.9 176C274.5 446.3 269.1 448 265.5 448c-3.986 0-7.988-1.375-11.16-4.156c-6.773-5.938-7.275-16.06-1.118-22.59L393.9 272H16.59c-9.171 0-16.59-7.155-16.59-15.1S7.421 240 16.59 240h377.3l-140.7-149.3c-6.157-6.531-5.655-16.66 1.118-22.59c6.789-5.906 17.27-5.469 23.45 1.094l165.9 176C449.4 251.3 449.4 260.7 443.7 266.8z\"\/><\/svg><\/span><\/a><\/p>\n        <\/div>\n        <div class=\"introbox-img\">\n            <figure class=\"crop\"><img loading=\"lazy\" decoding=\"async\" width=\"1443\" height=\"950\" src=\"https:\/\/ils.simonemontanari.com\/de\/wp-content\/uploads\/sites\/2\/2020\/03\/Malklasse.jpg\" class=\"attachment-full size-full\" alt=\"M\u00e4dchen malen in Florenz\" srcset=\"https:\/\/ils.simonemontanari.com\/de\/wp-content\/uploads\/sites\/2\/2020\/03\/Malklasse.jpg 1443w, https:\/\/ils.simonemontanari.com\/de\/wp-content\/uploads\/sites\/2\/2020\/03\/Malklasse-752x495.jpg 752w, https:\/\/ils.simonemontanari.com\/de\/wp-content\/uploads\/sites\/2\/2020\/03\/Malklasse-1182x778.jpg 1182w, https:\/\/ils.simonemontanari.com\/de\/wp-content\/uploads\/sites\/2\/2020\/03\/Malklasse-768x506.jpg 768w\" sizes=\"auto, (max-width: 1443px) 100vw, 1443px\" \/><\/figure>\n        <\/div>\n    <\/div>\n    \n<h3>Programm und Zeitplan<\/h3>\n<h4>Italienisch Standardkurs<\/h4>\n<div class=\"icon-box\"><i class=\"fal fa-pencil-alt fa-lg fa-fw\"><\/i><span class=\"icon-box-text\">Jeden Morgen Unterricht.<\/span><\/div>\n<div class=\"icon-box\"><i class=\"fal fa-calendar-alt fa-lg fa-fw\"><\/i><span class=\"icon-box-text\">From von Montag bis Freitag, von 9Uhr bis 12.40Uhr.<\/span><\/div>\n<div class=\"icon-box\"><i class=\"fal fa-alarm-clock fa-lg fa-fw\"><\/i><span class=\"icon-box-text\">Jede Unterrichtsstunde dauert 50 Minuten, <strong>4 Unterrichtsstunden pro Tag<\/strong>, und 20 pro Woche.<\/span><\/div>\n<h4>Mal-oder Zeichenunterricht<\/h4>\n<div class=\"icon-box\"><i class=\"fal fa-paint-brush fa-lg fa-fw\"><\/i><span class=\"icon-box-text\"><strong>Dreimal pro Woche<\/strong>, mit flexiblen Stundenplan. Jede Lektion dauert 2 Stunden, somit hast du 6 Stunden pro Woche.<\/span><\/div>\n<h3 class=\"h2\">Preise<\/h3>\n<p>Jede Kombination beinhaltet: Standard Italian Group Course und Standard Painting Course.<\/p>\n<table class=\"holiday-prices-table\">\n<tbody>\n<tr>\n<th style=\"text-align: left\">Wochen<\/th>\n<th style=\"text-align: left\">Italienisch und Malkurse<\/th>\n<\/tr>\n<tr>\n<td style=\"text-align: left\">2<\/td>\n<td style=\"text-align: left\">930 \u20ac<\/td>\n<\/tr>\n<tr>\n<td style=\"text-align: left\">3<\/td>\n<td>1220 \u20ac<\/td>\n<\/tr>\n<tr>\n<td style=\"text-align: left\">4<\/td>\n<td style=\"text-align: left\">1470 \u20ac<\/td>\n<\/tr>\n<\/tbody>\n<\/table>\n<h2>Intensiv<\/h2>\n    <div class=\"introbox clear\">\n        <div class=\"introbox-info\">\n            <p>Italienischunterricht am Morgen und Mal-oder Zeichenunterricht an f\u00fcnf Nachmittagen pro Woche.<br><a href=\"#page-cta\" class=\"button\">Schreib uns <span class=\"icon\"><svg xmlns=\"http:\/\/www.w3.org\/2000\/svg\" aria-hidden=\"true\" focusable=\"false\" role=\"img\" viewBox=\"0 0 448 512\"><path fill=\"currentColor\" d=\"M443.7 266.8l-165.9 176C274.5 446.3 269.1 448 265.5 448c-3.986 0-7.988-1.375-11.16-4.156c-6.773-5.938-7.275-16.06-1.118-22.59L393.9 272H16.59c-9.171 0-16.59-7.155-16.59-15.1S7.421 240 16.59 240h377.3l-140.7-149.3c-6.157-6.531-5.655-16.66 1.118-22.59c6.789-5.906 17.27-5.469 23.45 1.094l165.9 176C449.4 251.3 449.4 260.7 443.7 266.8z\"\/><\/svg><\/span><\/a><\/p>\n        <\/div>\n        <div class=\"introbox-img\">\n            <figure class=\"crop\"><img loading=\"lazy\" decoding=\"async\" width=\"1280\" height=\"853\" src=\"https:\/\/ils.simonemontanari.com\/de\/wp-content\/uploads\/sites\/2\/2020\/03\/Mann-malen.jpg\" class=\"attachment-full size-full\" alt=\"\" srcset=\"https:\/\/ils.simonemontanari.com\/de\/wp-content\/uploads\/sites\/2\/2020\/03\/Mann-malen.jpg 1280w, https:\/\/ils.simonemontanari.com\/de\/wp-content\/uploads\/sites\/2\/2020\/03\/Mann-malen-752x501.jpg 752w, https:\/\/ils.simonemontanari.com\/de\/wp-content\/uploads\/sites\/2\/2020\/03\/Mann-malen-1182x788.jpg 1182w, https:\/\/ils.simonemontanari.com\/de\/wp-content\/uploads\/sites\/2\/2020\/03\/Mann-malen-376x250.jpg 376w, https:\/\/ils.simonemontanari.com\/de\/wp-content\/uploads\/sites\/2\/2020\/03\/Mann-malen-768x512.jpg 768w\" sizes=\"auto, (max-width: 1280px) 100vw, 1280px\" \/><\/figure>\n        <\/div>\n    <\/div>\n    \n<h3>Programm und Zeitplan<\/h3>\n<h4>Italienisch Standardkurs<\/h4>\n<div class=\"icon-box\"><i class=\"fal fa-pencil-alt fa-lg fa-fw\"><\/i><span class=\"icon-box-text\">Jeden Morgen Unterricht.<\/span><\/div>\n<div class=\"icon-box\"><i class=\"fal fa-calendar-alt fa-lg fa-fw\"><\/i><span class=\"icon-box-text\">Von Montag bis Freitag, von 9Uhr bis 12.40Uhr.<\/span><\/div>\n<div class=\"icon-box\"><i class=\"fal fa-alarm-clock fa-lg fa-fw\"><\/i><span class=\"icon-box-text\">Jede Unterrichtsstunde dauert 50 Minuten, <strong>4 Unterrichtsstunden pro Tag<\/strong>, und 20 pro Woche.<\/span><\/div>\n<h4>Mal-oder Zeichenunterricht<\/h4>\n<div class=\"icon-box\"><i class=\"fal fa-paint-brush fa-lg fa-fw\"><\/i><span class=\"icon-box-text\"><strong>F\u00fcnfmal pro Woche<\/strong>, mit flexiblen Stundenplan. Jede Lektion dauert 2 Stunden, somit hast du 10 Stunden pro Woche.<\/span><\/div>\n<h3 class=\"h2\">Preise<\/h3>\n<p>Jede Kombination beinhaltet: Standard Italian Group Course und Intensiv Painting Course.<\/p>\n<table class=\"holiday-prices-table\">\n<tbody>\n<tr>\n<th style=\"text-align: left\">Wochen<\/th>\n<th style=\"text-align: left\">Italienisch und Malkurse<\/th>\n<\/tr>\n<tr>\n<td style=\"text-align: left\">2<\/td>\n<td style=\"text-align: left\">1080 \u20ac<\/td>\n<\/tr>\n<tr>\n<td style=\"text-align: left\">3<\/td>\n<td>1415 \u20ac<\/td>\n<\/tr>\n<tr>\n<td style=\"text-align: left\">4<\/td>\n<td style=\"text-align: left\">1715 \u20ac<\/td>\n<\/tr>\n<\/tbody>\n<\/table>\n    <section class=\"conditions-box\">\n        <div class=\"conditions-text\">\n        \n<h2>Details<\/h2>\n<div class=\"column\">\n<div class=\"icon-box\"><i class=\"fal fa-coins fa-fw fa-2x\"><\/i><span class=\"icon-box-text\">Keine Anmeldegeb\u00fchr<\/span><\/div>\n<div class=\"icon-box\"><i class=\"fal fa-undo fa-fw fa-2x\"><\/i><span class=\"icon-box-text\">Kostenlose Stornierung (vier Wochen im Voraus)<\/span><\/div>\n<div class=\"icon-box\"><i class=\"fal fa-book fa-fw fa-2x\"><\/i><span class=\"icon-box-text\">Kursmaterial im Preis enthalten<\/span><\/div>\n<div class=\"icon-box\"><i class=\"fal fa-mug-hot fa-fw fa-2x\"><\/i><span class=\"icon-box-text\">Kostenloser Kaffee, Tee und Snacks<\/span><\/div>\n<div class=\"icon-box\"><i class=\"fal fa-users fa-fw fa-2x\"><\/i><span class=\"icon-box-text\">Kleine Klassen: Min. 4 \u2013  Max. 12 Teilnehmer<\/span><\/div>\n<div class=\"icon-box\"><i class=\"fal fa-house fa-fw fa-2x\"><\/i><span class=\"icon-box-text\">Freier Service f\u00fcr Unterkunftsvermittlungs (falls gew\u00fcnscht)<\/span><\/div>\n<\/div>\n<div class=\"column\">\n<h4>Starttermine 2023<\/h4>\n<details class=\"accordion light\"><summary>Nicht-Anf\u00e4nger<span class=\"icon\"><svg xmlns=\"http:\/\/www.w3.org\/2000\/svg\" aria-hidden=\"true\" role=\"img\" viewBox=\"0 0 448 512\"><path fill=\"currentColor\" d=\"M421.1 244.2L224 426.2l-197.1-181.1C23.78 241.4 19.89 239.1 16 239.1c-4.312 0-8.609 1.719-11.75 5.156c-6 6.5-5.594 16.59 .8906 22.59l208 192c6.156 5.688 15.56 5.688 21.72 0l208-192c6.484-6 6.891-16.09 .8906-22.59C437.8 238.6 427.6 238.2 421.1 244.2zM213.1 267.8c6.156 5.688 15.56 5.688 21.72 0l208-192c6.484-6 6.891-16.09 .8906-22.59c-5.969-6.531-16.11-6.906-22.61-.9062L224 234.2L26.86 52.26C23.78 49.41 19.89 48.01 16 48.01c-4.312 0-8.609 1.719-11.75 5.156c-6 6.5-5.594 16.59 .8906 22.59L213.1 267.8z\"\/><\/svg><\/span><\/summary>\n<p>Jeden Montag<\/p>\n<p>F\u00fcr eine nicht angegebene Wochenanzahl und spezielle Anfragen <a href=\"#page-cta\">schreibt uns<\/a> und fragt nach einem Kostenvoranschlag.<\/p>\n<\/details>\n<details class=\"accordion light\"><summary>Sprachanf\u00e4nger<span class=\"icon\"><svg xmlns=\"http:\/\/www.w3.org\/2000\/svg\" aria-hidden=\"true\" role=\"img\" viewBox=\"0 0 448 512\"><path fill=\"currentColor\" d=\"M421.1 244.2L224 426.2l-197.1-181.1C23.78 241.4 19.89 239.1 16 239.1c-4.312 0-8.609 1.719-11.75 5.156c-6 6.5-5.594 16.59 .8906 22.59l208 192c6.156 5.688 15.56 5.688 21.72 0l208-192c6.484-6 6.891-16.09 .8906-22.59C437.8 238.6 427.6 238.2 421.1 244.2zM213.1 267.8c6.156 5.688 15.56 5.688 21.72 0l208-192c6.484-6 6.891-16.09 .8906-22.59c-5.969-6.531-16.11-6.906-22.61-.9062L224 234.2L26.86 52.26C23.78 49.41 19.89 48.01 16 48.01c-4.312 0-8.609 1.719-11.75 5.156c-6 6.5-5.594 16.59 .8906 22.59L213.1 267.8z\"\/><\/svg><\/span><\/summary>\n<p>9\/01, 23\/01, 6\/02, 20\/02, 6\/03, 20\/03, 3\/04, 17\/04, 2\/05, 15\/05, 5\/06, 19\/06, 3\/07, 17\/07, 31\/07, 14\/08, 4\/09, 18\/09, 2\/10, 16\/10, 6\/11, 20\/11, 4\/12.<\/p>\n<p>F\u00fcr eine nicht angegebene Wochenanzahl und spezielle Anfragen <a href=\"#page-cta\">schreibt uns<\/a> und fragt nach einem Kostenvoranschlag.<\/p>\n<\/details>\n<\/div>\n<details class=\"accordion standard\"><summary>Mehr Informationen<span class=\"icon\"><svg xmlns=\"http:\/\/www.w3.org\/2000\/svg\" aria-hidden=\"true\" role=\"img\" viewBox=\"0 0 448 512\"><path fill=\"currentColor\" d=\"M421.1 244.2L224 426.2l-197.1-181.1C23.78 241.4 19.89 239.1 16 239.1c-4.312 0-8.609 1.719-11.75 5.156c-6 6.5-5.594 16.59 .8906 22.59l208 192c6.156 5.688 15.56 5.688 21.72 0l208-192c6.484-6 6.891-16.09 .8906-22.59C437.8 238.6 427.6 238.2 421.1 244.2zM213.1 267.8c6.156 5.688 15.56 5.688 21.72 0l208-192c6.484-6 6.891-16.09 .8906-22.59c-5.969-6.531-16.11-6.906-22.61-.9062L224 234.2L26.86 52.26C23.78 49.41 19.89 48.01 16 48.01c-4.312 0-8.609 1.719-11.75 5.156c-6 6.5-5.594 16.59 .8906 22.59L213.1 267.8z\"\/><\/svg><\/span><\/summary>\n<h4>Italienischkursdetails<\/h4>\n<p><strong>Jeder Kurs beinhaltet<\/strong>: Bestimmung des Sprachniveaus, Kursbuch, Teilnahmezertifikat, allgemeiner Service w\u00e4hrend des Aufenthaltes, W-LAN-nutzung.<\/p>\n<h4>Lernen Tours und der anderen Aktivit\u00e4ten<\/h4>\n<p>Gef\u00fchrte Rundg\u00e4nge zu den wichtigsten Stadtviertel, &#8211; F\u00fchrungen um das k\u00fcnstlerisch historische Erbe der Stadt zu entdecken, Touren nach Fiesole und zu anderen St\u00e4dtchen rund um Florenz.<\/p>\n<h4>Einzelheiten \u00fcber den Malunterricht<\/h4>\n<ul>\n<li>Jede Lektion dauert <strong>2 Stunden<\/strong><\/li>\n<li>Kurse sind <strong>das ganze Jahr und f\u00fcr jedes Sprachniveau<\/strong> verf\u00fcgbar<\/li>\n<li>Mindestdauer 2 Wochen<\/li>\n<li>Unterricht auf Italienisch oder auf Englisch<\/li>\n<li><strong>Teilnahmezertifikat<\/strong> am Ende des Kurses<\/li>\n<\/ul>\n<p><strong>Kurspreis beinhaltet nicht<\/strong>: Materialien zum Malen und Zeichnen<\/p>\n<p>*Sollte die Mindestanzahl der Teilnehmer (3) nicht erreicht werden, behalten wir uns das Recht vor den Gruppenkurs in eine reduzierte Anzahl von Einzel- bzw. Halb-Einzelstunden umzuwandeln (<a href=\"https:\/\/ils.simonemontanari.com\/de\/anmeldebedingungen\/#reduzierungen-und-verschiebungen\">mehr erfahren<\/a>).<\/p>\n<\/details>\n        <\/div>\n        <div class=\"conditions-cta\">\n            <i class=\"fal fa-rocket\"><\/i>            <span class=\"cta-text\">Noch Fragen?<br>Wir helfen gerne.<\/span><a class=\"button\" href=\"#page-cta\">Schreib uns  <span class=\"icon\"><svg xmlns=\"http:\/\/www.w3.org\/2000\/svg\" aria-hidden=\"true\" focusable=\"false\" role=\"img\" viewBox=\"0 0 448 512\"><path fill=\"currentColor\" d=\"M443.7 266.8l-165.9 176C274.5 446.3 269.1 448 265.5 448c-3.986 0-7.988-1.375-11.16-4.156c-6.773-5.938-7.275-16.06-1.118-22.59L393.9 272H16.59c-9.171 0-16.59-7.155-16.59-15.1S7.421 240 16.59 240h377.3l-140.7-149.3c-6.157-6.531-5.655-16.66 1.118-22.59c6.789-5.906 17.27-5.469 23.45 1.094l165.9 176C449.4 251.3 449.4 260.7 443.7 266.8z\"\/><\/svg><\/span><\/a>\n        <\/div>\n    <\/section>\n    \n[sp_testimonial id=&#8220;6205&#8243;]\n","protected":false},"excerpt":{"rendered":"<p>Der erste Schritt, um die allgegenw\u00e4rtige Kunst zu begreifen, ist auf jeden Fall die Sprache zu lernen und dann Malunterricht bei talentierten Kunstlehrern zu nehmen. In diesem Urlaubspaket dreht sich alles um Malen und Zeichnen. W\u00e4hle eine der vielen Techniken aus, wie zum Beispiel Malerei mit Wasserfarben oder \u00d6lfarben, und entdecke deinen ganz pers\u00f6nlichen Stil. [&hellip;]<\/p>\n","protected":false},"author":1788,"featured_media":5639,"parent":12,"menu_order":0,"comment_status":"closed","ping_status":"closed","template":"course.php","meta":{"_acf_changed":false,"footnotes":""},"class_list":["post-44","page","type-page","status-publish","has-post-thumbnail","hentry"],"acf":[],"_links":{"self":[{"href":"https:\/\/ils.simonemontanari.com\/de\/wp-json\/wp\/v2\/pages\/44","targetHints":{"allow":["GET"]}}],"collection":[{"href":"https:\/\/ils.simonemontanari.com\/de\/wp-json\/wp\/v2\/pages"}],"about":[{"href":"https:\/\/ils.simonemontanari.com\/de\/wp-json\/wp\/v2\/types\/page"}],"author":[{"embeddable":true,"href":"https:\/\/ils.simonemontanari.com\/de\/wp-json\/wp\/v2\/users\/1788"}],"replies":[{"embeddable":true,"href":"https:\/\/ils.simonemontanari.com\/de\/wp-json\/wp\/v2\/comments?post=44"}],"version-history":[{"count":0,"href":"https:\/\/ils.simonemontanari.com\/de\/wp-json\/wp\/v2\/pages\/44\/revisions"}],"up":[{"embeddable":true,"href":"https:\/\/ils.simonemontanari.com\/de\/wp-json\/wp\/v2\/pages\/12"}],"wp:featuredmedia":[{"embeddable":true,"href":"https:\/\/ils.simonemontanari.com\/de\/wp-json\/wp\/v2\/media\/5639"}],"wp:attachment":[{"href":"https:\/\/ils.simonemontanari.com\/de\/wp-json\/wp\/v2\/media?parent=44"}],"curies":[{"name":"wp","href":"https:\/\/api.w.org\/{rel}","templated":true}]}}