{"id":48,"date":"2017-12-05T16:19:23","date_gmt":"2017-12-05T15:19:23","guid":{"rendered":"https:\/\/ils.simonemontanari.com\/de\/learning-holidays\/language-cooking-holidays-in-italy\/"},"modified":"2024-08-23T12:31:37","modified_gmt":"2024-08-23T10:31:37","slug":"kochurlaub","status":"publish","type":"page","link":"https:\/\/ils.simonemontanari.com\/de\/urlaub\/kochurlaub\/","title":{"rendered":"Italienisch und Kochen Lernen in Toskana, Italien"},"content":{"rendered":"<p><strong>Rund um den Essenstisch kehrt Ruhe ein<\/strong>, die Hektik bleibt drau\u00dfen und man geniesst das Zusammensein, bis zum Schluss. Wer da vorzeitig die Teller abr\u00e4umt, wird schief angeschaut ;).<\/p>\n<div class=\"review-box\"><span class=\"icon\"><svg xmlns=\"http:\/\/www.w3.org\/2000\/svg\" aria-hidden=\"true\" focusable=\"false\" role=\"img\" viewBox=\"0 0 512 512\"><path fill=\"currentColor\" d=\"M448 224h-64v-24c0-30.9 25.1-56 56-56h16c22.1 0 40-17.9 40-40V72c0-22.1-17.9-40-40-40h-16c-92.6 0-168 75.4-168 168v216c0 35.3 28.7 64 64 64h112c35.3 0 64-28.7 64-64V288c0-35.3-28.7-64-64-64zm32 192c0 17.7-14.3 32-32 32H336c-17.7 0-32-14.3-32-32V200c0-75.1 60.9-136 136-136h16c4.4 0 8 3.6 8 8v32c0 4.4-3.6 8-8 8h-16c-48.6 0-88 39.4-88 88v56h96c17.7 0 32 14.3 32 32v128zM176 224h-64v-24c0-30.9 25.1-56 56-56h16c22.1 0 40-17.9 40-40V72c0-22.1-17.9-40-40-40h-16C75.4 32 0 107.4 0 200v216c0 35.3 28.7 64 64 64h112c35.3 0 64-28.7 64-64V288c0-35.3-28.7-64-64-64zm32 192c0 17.7-14.3 32-32 32H64c-17.7 0-32-14.3-32-32V200c0-75.1 60.9-136 136-136h16c4.4 0 8 3.6 8 8v32c0 4.4-3.6 8-8 8h-16c-48.6 0-88 39.4-88 88v56h96c17.7 0 32 14.3 32 32v128z\"\/><\/svg><\/span><span class=\"review-text\">Der Unterricht war gut strukturiert und die Lerninhalte wurden gut vermittelt. Elisabetta, Tatiana und Maurizio sind exzellente lehrer und sehr motiviert, die italienische Sprache und Kultur zu vermitteln.<\/span><span class=\"review-author\">\u2014 Florian, 32 Jahre, Deutschland<\/span><\/div>\n<p>Dieses Urlaubspaket <strong>verbindet<\/strong> <a href=\"https:\/\/ils.simonemontanari.com\/de\/italienischkurse\/erwachsene\/\">Italienischunterricht<\/a> <strong>mit Kochworkshops f\u00fcr jedes Level<\/strong>. Du musst kein Kochexperte sein um hier mitzumachen. Neugier und Willenskraft reichen aus!<\/p>\n<p>Schon nach wenigen Wochen Italienisch und Kochkurs in Florenz wirst du sehen welch gro\u00dfe Fortschritte du gemacht hast! Fr\u00f6hlich auf Italienisch plaudernd zauberst du frische Gnocchi und Tiramisu wie noch nie! Solche F\u00e4higkeiten erstaunen nicht nur deine Lieben zu Hause sondern auch deine neuen florentiner Freunde!<\/p>\n<p>Damit nicht genug! <strong>In Zusammenhang zu diesem Urlaub bieten wir viele Aktivit\u00e4ten, Learning Tours und<\/strong> <a href=\"https:\/\/ils.simonemontanari.com\/de\/aufenthalt\/freizeitaktivitaeten\/\">Wochenendtrips<\/a> an, die deinen Aufenthalt noch intensiver machen werden!<\/p>\n<h2>Italienisch &amp; &#8222;Cooking with friends&#8220; Koch lab<\/h2>\n    <div class=\"introbox clear\">\n        <div class=\"introbox-info\">\n            <p>Mit Lust und Laune italienische Spezialit\u00e4ten kochen, zusammen mit neuen Freunden.<br><a href=\"#page-cta\" class=\"button\">Schreib uns <span class=\"icon\"><svg xmlns=\"http:\/\/www.w3.org\/2000\/svg\" aria-hidden=\"true\" focusable=\"false\" role=\"img\" viewBox=\"0 0 448 512\"><path fill=\"currentColor\" d=\"M443.7 266.8l-165.9 176C274.5 446.3 269.1 448 265.5 448c-3.986 0-7.988-1.375-11.16-4.156c-6.773-5.938-7.275-16.06-1.118-22.59L393.9 272H16.59c-9.171 0-16.59-7.155-16.59-15.1S7.421 240 16.59 240h377.3l-140.7-149.3c-6.157-6.531-5.655-16.66 1.118-22.59c6.789-5.906 17.27-5.469 23.45 1.094l165.9 176C449.4 251.3 449.4 260.7 443.7 266.8z\"\/><\/svg><\/span><\/a><\/p>\n        <\/div>\n        <div class=\"introbox-img\">\n            <figure class=\"crop\"><img loading=\"lazy\" decoding=\"async\" width=\"1600\" height=\"900\" src=\"https:\/\/ils.simonemontanari.com\/de\/wp-content\/uploads\/sites\/2\/2019\/01\/cooking-1600x900.jpg\" class=\"attachment-full size-full\" alt=\"Italienischer Lebensmittelmarkt Florenz\" srcset=\"https:\/\/ils.simonemontanari.com\/de\/wp-content\/uploads\/sites\/2\/2019\/01\/cooking-1600x900.jpg 1600w, https:\/\/ils.simonemontanari.com\/de\/wp-content\/uploads\/sites\/2\/2019\/01\/cooking-1600x900-752x423.jpg 752w, https:\/\/ils.simonemontanari.com\/de\/wp-content\/uploads\/sites\/2\/2019\/01\/cooking-1600x900-768x432.jpg 768w, https:\/\/ils.simonemontanari.com\/de\/wp-content\/uploads\/sites\/2\/2019\/01\/cooking-1600x900-1182x665.jpg 1182w\" sizes=\"auto, (max-width: 1600px) 100vw, 1600px\" \/><\/figure>\n        <\/div>\n    <\/div>\n    \n<h3>Programm und Zeitplan<\/h3>\n<h4>Italienisch Standardkurs<\/h4>\n<div class=\"icon-box\"><i class=\"fal fa-pencil-alt fa-lg fa-fw\"><\/i><span class=\"icon-box-text\">Jeden Morgen Unterricht<\/span><\/div>\n<div class=\"icon-box\"><i class=\"fal fa-calendar-alt fa-lg fa-fw\"><\/i><span class=\"icon-box-text\">Von Montag bis Freitag, von 9:00 Uhr bis 12:40 Uhr.<\/span><\/div>\n<div class=\"icon-box\"><i class=\"fal fa-alarm-clock fa-lg fa-fw\"><\/i><span class=\"icon-box-text\">Jede Unterrichtsstunde dauert 50 Minuten, <strong> Unterrichtsstunden pro Tag<\/strong> und 20 pro Woche.<\/span><\/div>\n<h4>\u201cCooking with friends\u201d Koch Lab<\/h4>\n<div class=\"icon-box\"><i class=\"fal fa-calendar-alt fa-lg fa-fw\"><\/i><span class=\"icon-box-text\"><strong>2 Kochkurse<\/strong> pro Woche.<\/span><\/div>\n<div class=\"icon-box\"><i class=\"fal fa-hourglass-start fa-lg fa-fw\"><\/i><span class=\"icon-box-text\">Dauer dieser Kochkurse ist vom 3 bis zu 5 Stunden (je nach Kursart), h\u00f6chstens 12 Teilnehmer<\/span><\/div>\n<div class=\"icon-box\"><i class=\"fal fa-utensils fa-lg fa-fw\"><\/i><span class=\"icon-box-text\">Folgende Kochkurse stehen abwechselnd zur Wahl:<br \/>\nkomplettes Men\u00f9 \/ Easy Dinner \/ hausgemachte Nudeln \/ Pizza und Eis<\/span><\/div>\n<h4>Learning Tours und Aktivit\u00e4ten<\/h4>\n<div class=\"icon-box\"><i class=\"fal fa-camera-retro fa-lg fa-fw\"><\/i><span class=\"icon-box-text\"><strong>1 gef\u00fchrter Rundgang<\/strong> oder eine andere Aktivit\u00e4t nach Wahl pro Woche.<\/span><\/div>\n<h3 class=\"h2\">Preise<\/h3>\n<p>Jede Kombination beinhaltet: Standard Italienischkurs, &#8222;Cooking with friends&#8220; Koch lab und Learning Tours.<\/p>\n<table class=\"holiday-prices-table\">\n<tbody>\n<tr>\n<th>Wochen<\/th>\n<th style=\"text-align: left\">Italienisch + Kochlab<\/th>\n<\/tr>\n<tr>\n<td style=\"text-align: center\">1<\/td>\n<td>450 \u20ac<\/td>\n<\/tr>\n<tr>\n<td style=\"text-align: center\">2<\/td>\n<td>860 \u20ac<\/td>\n<\/tr>\n<tr>\n<td style=\"text-align: center\">Extrawoche<\/td>\n<td>370 \u20ac<\/td>\n<\/tr>\n<\/tbody>\n<\/table>\n<h2>Italienisch &amp; Cooking Masterclass<\/h2>\n    <div class=\"introbox clear\">\n        <div class=\"introbox-info\">\n            <p>Der Kurs f\u00fcr diejenigen, die die Techniken f\u00fcr die Zubereitung der grundlegenden italienischen Gerichte mit einem professionellen Koch in einer kleineren Gruppe vertiefen m\u00f6chten.<br><a href=\"#page-cta\" class=\"button\">Schreib uns <span class=\"icon\"><svg xmlns=\"http:\/\/www.w3.org\/2000\/svg\" aria-hidden=\"true\" focusable=\"false\" role=\"img\" viewBox=\"0 0 448 512\"><path fill=\"currentColor\" d=\"M443.7 266.8l-165.9 176C274.5 446.3 269.1 448 265.5 448c-3.986 0-7.988-1.375-11.16-4.156c-6.773-5.938-7.275-16.06-1.118-22.59L393.9 272H16.59c-9.171 0-16.59-7.155-16.59-15.1S7.421 240 16.59 240h377.3l-140.7-149.3c-6.157-6.531-5.655-16.66 1.118-22.59c6.789-5.906 17.27-5.469 23.45 1.094l165.9 176C449.4 251.3 449.4 260.7 443.7 266.8z\"\/><\/svg><\/span><\/a><\/p>\n        <\/div>\n        <div class=\"introbox-img\">\n            <figure class=\"crop\"><img loading=\"lazy\" decoding=\"async\" width=\"2200\" height=\"1461\" src=\"https:\/\/ils.simonemontanari.com\/de\/wp-content\/uploads\/sites\/2\/2017\/12\/fresh-vegetables-italian-market-4.jpg\" class=\"attachment-full size-full\" alt=\"Zucchini flower fresh from the market\" srcset=\"https:\/\/ils.simonemontanari.com\/de\/wp-content\/uploads\/sites\/2\/2017\/12\/fresh-vegetables-italian-market-4.jpg 2200w, https:\/\/ils.simonemontanari.com\/de\/wp-content\/uploads\/sites\/2\/2017\/12\/fresh-vegetables-italian-market-4-376x250.jpg 376w, https:\/\/ils.simonemontanari.com\/de\/wp-content\/uploads\/sites\/2\/2017\/12\/fresh-vegetables-italian-market-4-752x499.jpg 752w, https:\/\/ils.simonemontanari.com\/de\/wp-content\/uploads\/sites\/2\/2017\/12\/fresh-vegetables-italian-market-4-768x510.jpg 768w, https:\/\/ils.simonemontanari.com\/de\/wp-content\/uploads\/sites\/2\/2017\/12\/fresh-vegetables-italian-market-4-1182x785.jpg 1182w, https:\/\/ils.simonemontanari.com\/de\/wp-content\/uploads\/sites\/2\/2017\/12\/fresh-vegetables-italian-market-4-300x199.jpg 300w, https:\/\/ils.simonemontanari.com\/de\/wp-content\/uploads\/sites\/2\/2017\/12\/fresh-vegetables-italian-market-4-1024x680.jpg 1024w\" sizes=\"auto, (max-width: 2200px) 100vw, 2200px\" \/><\/figure>\n        <\/div>\n    <\/div>\n    \n<h3>Programm und Zeitplan<\/h3>\n<h4>Italienisch Standardkurs<\/h4>\n<div class=\"icon-box\"><i class=\"fal fa-pencil-alt fa-lg fa-fw\"><\/i><span class=\"icon-box-text\">Jeden Morgen Unterricht<\/span><\/div>\n<div class=\"icon-box\"><i class=\"fal fa-calendar-alt fa-lg fa-fw\"><\/i><span class=\"icon-box-text\">Von Montag bis Freitag, von 9:00 Uhr bis 12:40Uhr.<\/span><\/div>\n<div class=\"icon-box\"><i class=\"fal fa-alarm-clock fa-lg fa-fw\"><\/i><span class=\"icon-box-text\">Jede Unterrichtsstunde dauert 50 Minuten, <strong>4 Unterrichtsstunden pro Tag<\/strong> und 20 pro Woche.<\/span><\/div>\n<h4>\u201cCooking Masterclass\u201d Kochunterricht<\/h4>\n<div class=\"icon-box\"><i class=\"fal fa-calendar-alt fa-lg fa-fw\"><\/i><span class=\"icon-box-text\"><strong>2 Masterclasses<\/strong> pro Woche.<\/span><\/div>\n<div class=\"icon-box\"><i class=\"fal fa-hourglass-start fa-lg fa-fw\"><\/i><span class=\"icon-box-text\">Eine Masterclass dauert circa 2,5 Stunden, h\u00f6chstens 5 Teilnehmer.<\/span><\/div>\n<div class=\"icon-box\"><i class=\"fal fa-utensils fa-lg fa-fw\"><\/i><span class=\"icon-box-text\">Folgende Kochthemen stehen zur Wahl: Toskanische K\u00fcche \/frische Nudeln \/Fleisch \/ Fisch \/ Desserts \/ Eiscreme\/ Brot, Pizza und Focaccia<\/span><\/div>\n<div class=\"icon-box\"><i class=\"fal fa-book fa-lg fa-fw\"><\/i><span class=\"icon-box-text\"><strong>Rezepte inklusiv<\/strong><\/span><\/div>\n<h4>Learning Tours und Aktivit\u00e4ten<\/h4>\n<div class=\"icon-box\"><i class=\"fal fa-camera-retro fa-lg fa-fw\"><\/i><span class=\"icon-box-text\"><strong>1 gef\u00fchrter Rundgang<\/strong> oder eine andere Aktivit\u00e4t nach Wahl pro Woche.<\/span><\/div>\n<h3 class=\"h2\">Preise<\/h3>\n<p>Jede Kombination beinhaltet: Standard Italienischkurs, Cooking Masterclass Kochkurse und Learning Tours.<\/p>\n<table class=\"holiday-prices-table\">\n<tbody>\n<tr>\n<th>Wochen<\/th>\n<th style=\"text-align: left\">Italienisch + Masterclass<\/th>\n<\/tr>\n<tr>\n<td style=\"text-align: center\">1<\/td>\n<td>570 \u20ac<\/td>\n<\/tr>\n<tr>\n<td style=\"text-align: center\">2<\/td>\n<td>1100 \u20ac<\/td>\n<\/tr>\n<tr>\n<td style=\"text-align: center\">Extrawoche<\/td>\n<td>490 \u20ac<\/td>\n<\/tr>\n<\/tbody>\n<\/table>\n    <section class=\"conditions-box\">\n        <div class=\"conditions-text\">\n        \n<h2>Details<\/h2>\n<div class=\"column\">\n<div class=\"icon-box\"><i class=\"fal fa-coins fa-fw fa-2x\"><\/i><span class=\"icon-box-text\">Keine Anmeldegeb\u00fchr<\/span><\/div>\n<div class=\"icon-box\"><i class=\"fal fa-undo fa-fw fa-2x\"><\/i><span class=\"icon-box-text\">Kostenlose Stornierung (vier Wochen im Voraus)<\/span><\/div>\n<div class=\"icon-box\"><i class=\"fal fa-book fa-fw fa-2x\"><\/i><span class=\"icon-box-text\">Kursmaterial im Preis enthalten<\/span><\/div>\n<div class=\"icon-box\"><i class=\"fal fa-mug-hot fa-fw fa-2x\"><\/i><span class=\"icon-box-text\">Kostenloser Kaffee, Tee und Snacks<\/span><\/div>\n<div class=\"icon-box\"><i class=\"fal fa-users fa-fw fa-2x\"><\/i><span class=\"icon-box-text\">Kleine Klassen: Min. 4 \u2013  Max. 12 Teilnehmer<\/span><\/div>\n<div class=\"icon-box\"><i class=\"fal fa-house fa-fw fa-2x\"><\/i><span class=\"icon-box-text\">Freier Service f\u00fcr Unterkunftsvermittlungs (falls gew\u00fcnscht)<\/span><\/div>\n<\/div>\n<div class=\"column\">\n<h4>Starttermine 2023<\/h4>\n<details class=\"accordion light\"><summary>Nicht-Anf\u00e4nger<span class=\"icon\"><svg xmlns=\"http:\/\/www.w3.org\/2000\/svg\" aria-hidden=\"true\" role=\"img\" viewBox=\"0 0 448 512\"><path fill=\"currentColor\" d=\"M421.1 244.2L224 426.2l-197.1-181.1C23.78 241.4 19.89 239.1 16 239.1c-4.312 0-8.609 1.719-11.75 5.156c-6 6.5-5.594 16.59 .8906 22.59l208 192c6.156 5.688 15.56 5.688 21.72 0l208-192c6.484-6 6.891-16.09 .8906-22.59C437.8 238.6 427.6 238.2 421.1 244.2zM213.1 267.8c6.156 5.688 15.56 5.688 21.72 0l208-192c6.484-6 6.891-16.09 .8906-22.59c-5.969-6.531-16.11-6.906-22.61-.9062L224 234.2L26.86 52.26C23.78 49.41 19.89 48.01 16 48.01c-4.312 0-8.609 1.719-11.75 5.156c-6 6.5-5.594 16.59 .8906 22.59L213.1 267.8z\"\/><\/svg><\/span><\/summary>\n<p>Jeden Montag<\/p>\n<p>F\u00fcr eine nicht angegebene Wochenanzahl und spezielle Anfragen <a href=\"#page-cta\">schreibt uns<\/a> und fragt nach einem Kostenvoranschlag.<\/p>\n<\/details>\n<details class=\"accordion light\"><summary>Sprachanf\u00e4nger<span class=\"icon\"><svg xmlns=\"http:\/\/www.w3.org\/2000\/svg\" aria-hidden=\"true\" role=\"img\" viewBox=\"0 0 448 512\"><path fill=\"currentColor\" d=\"M421.1 244.2L224 426.2l-197.1-181.1C23.78 241.4 19.89 239.1 16 239.1c-4.312 0-8.609 1.719-11.75 5.156c-6 6.5-5.594 16.59 .8906 22.59l208 192c6.156 5.688 15.56 5.688 21.72 0l208-192c6.484-6 6.891-16.09 .8906-22.59C437.8 238.6 427.6 238.2 421.1 244.2zM213.1 267.8c6.156 5.688 15.56 5.688 21.72 0l208-192c6.484-6 6.891-16.09 .8906-22.59c-5.969-6.531-16.11-6.906-22.61-.9062L224 234.2L26.86 52.26C23.78 49.41 19.89 48.01 16 48.01c-4.312 0-8.609 1.719-11.75 5.156c-6 6.5-5.594 16.59 .8906 22.59L213.1 267.8z\"\/><\/svg><\/span><\/summary>\n<p>9\/01, 23\/01, 6\/02, 20\/02, 6\/03, 20\/03, 3\/04, 17\/04, 2\/05, 15\/05, 5\/06, 19\/06, 3\/07, 17\/07, 31\/07, 14\/08, 4\/09, 18\/09, 2\/10, 16\/10, 6\/11, 20\/11, 4\/12.<\/p>\n<p>F\u00fcr eine nicht angegebene Wochenanzahl und spezielle Anfragen <a href=\"#page-cta\">schreibt uns<\/a> und fragt nach einem Kostenvoranschlag.<\/p>\n<\/details>\n<\/div>\n<details class=\"accordion standard\"><summary>Mehr Informationen<span class=\"icon\"><svg xmlns=\"http:\/\/www.w3.org\/2000\/svg\" aria-hidden=\"true\" role=\"img\" viewBox=\"0 0 448 512\"><path fill=\"currentColor\" d=\"M421.1 244.2L224 426.2l-197.1-181.1C23.78 241.4 19.89 239.1 16 239.1c-4.312 0-8.609 1.719-11.75 5.156c-6 6.5-5.594 16.59 .8906 22.59l208 192c6.156 5.688 15.56 5.688 21.72 0l208-192c6.484-6 6.891-16.09 .8906-22.59C437.8 238.6 427.6 238.2 421.1 244.2zM213.1 267.8c6.156 5.688 15.56 5.688 21.72 0l208-192c6.484-6 6.891-16.09 .8906-22.59c-5.969-6.531-16.11-6.906-22.61-.9062L224 234.2L26.86 52.26C23.78 49.41 19.89 48.01 16 48.01c-4.312 0-8.609 1.719-11.75 5.156c-6 6.5-5.594 16.59 .8906 22.59L213.1 267.8z\"\/><\/svg><\/span><\/summary>\n<h4>Italienischkursdetails<\/h4>\n<p><strong>Jeder Kurs beinhaltet <\/strong>: Bestimmung des Sprachniveaus, Geschenk- Coupon f\u00fcr eine unserer Learning tours Kursbuch, Yoga in der Schule, Teilnahmezertifikat, allgemeiner Service w\u00e4hrend des Aufenthaltes, W-LAN-nutzung.<\/p>\n<h4>Learning Tours und andere Aktivit\u00e4ten<\/h4>\n<p>Gef\u00fchrte Rundg\u00e4nge zu den wichtigsten Stadtviertel, Guided walks around the main Florentine neighbourhoods &#8211; F\u00fchrungen um das k\u00fcnstlerisch historische Erbe der Stadt zu entdecken, Touren nach Fiesole und zu anderen St\u00e4dtchen rund um Florenz.<\/p>\n<p>*Sollte die Mindestanzahl der Teilnehmer (3) nicht erreicht werden, behalten wir uns das Recht vor den Gruppenkurs in eine reduzierte Anzahl von Einzel- bzw. Halb-Einzelstunden umzuwandeln (<a href=\"https:\/\/ils.simonemontanari.com\/de\/anmeldebedingungen\/#reduzierungen-und-verschiebungen\">mehr erfahren<\/a>).<\/p>\n<\/details>\n        <\/div>\n        <div class=\"conditions-cta\">\n            <i class=\"fal fa-rocket\"><\/i>            <span class=\"cta-text\">Noch Fragen?<br>Wir helfen gerne.<\/span><a class=\"button\" href=\"#page-cta\">Schreib uns  <span class=\"icon\"><svg xmlns=\"http:\/\/www.w3.org\/2000\/svg\" aria-hidden=\"true\" focusable=\"false\" role=\"img\" viewBox=\"0 0 448 512\"><path fill=\"currentColor\" d=\"M443.7 266.8l-165.9 176C274.5 446.3 269.1 448 265.5 448c-3.986 0-7.988-1.375-11.16-4.156c-6.773-5.938-7.275-16.06-1.118-22.59L393.9 272H16.59c-9.171 0-16.59-7.155-16.59-15.1S7.421 240 16.59 240h377.3l-140.7-149.3c-6.157-6.531-5.655-16.66 1.118-22.59c6.789-5.906 17.27-5.469 23.45 1.094l165.9 176C449.4 251.3 449.4 260.7 443.7 266.8z\"\/><\/svg><\/span><\/a>\n        <\/div>\n    <\/section>\n    \n[sp_testimonial id=&#8220;6203&#8243;]\n","protected":false},"excerpt":{"rendered":"<p>Rund um den Essenstisch kehrt Ruhe ein, die Hektik bleibt drau\u00dfen und man geniesst das Zusammensein, bis zum Schluss. Wer da vorzeitig die Teller abr\u00e4umt, wird schief angeschaut ;). Dieses Urlaubspaket verbindet Italienischunterricht mit Kochworkshops f\u00fcr jedes Level. Du musst kein Kochexperte sein um hier mitzumachen. Neugier und Willenskraft reichen aus! Schon nach wenigen Wochen [&hellip;]<\/p>\n","protected":false},"author":1788,"featured_media":5640,"parent":12,"menu_order":0,"comment_status":"closed","ping_status":"closed","template":"course.php","meta":{"_acf_changed":false,"footnotes":""},"class_list":["post-48","page","type-page","status-publish","has-post-thumbnail","hentry"],"acf":[],"_links":{"self":[{"href":"https:\/\/ils.simonemontanari.com\/de\/wp-json\/wp\/v2\/pages\/48","targetHints":{"allow":["GET"]}}],"collection":[{"href":"https:\/\/ils.simonemontanari.com\/de\/wp-json\/wp\/v2\/pages"}],"about":[{"href":"https:\/\/ils.simonemontanari.com\/de\/wp-json\/wp\/v2\/types\/page"}],"author":[{"embeddable":true,"href":"https:\/\/ils.simonemontanari.com\/de\/wp-json\/wp\/v2\/users\/1788"}],"replies":[{"embeddable":true,"href":"https:\/\/ils.simonemontanari.com\/de\/wp-json\/wp\/v2\/comments?post=48"}],"version-history":[{"count":0,"href":"https:\/\/ils.simonemontanari.com\/de\/wp-json\/wp\/v2\/pages\/48\/revisions"}],"up":[{"embeddable":true,"href":"https:\/\/ils.simonemontanari.com\/de\/wp-json\/wp\/v2\/pages\/12"}],"wp:featuredmedia":[{"embeddable":true,"href":"https:\/\/ils.simonemontanari.com\/de\/wp-json\/wp\/v2\/media\/5640"}],"wp:attachment":[{"href":"https:\/\/ils.simonemontanari.com\/de\/wp-json\/wp\/v2\/media?parent=48"}],"curies":[{"name":"wp","href":"https:\/\/api.w.org\/{rel}","templated":true}]}}