{"id":5507,"date":"2023-05-31T17:34:35","date_gmt":"2023-05-31T15:34:35","guid":{"rendered":"https:\/\/ils.simonemontanari.com\/de\/?page_id=5507"},"modified":"2024-08-23T12:30:52","modified_gmt":"2024-08-23T10:30:52","slug":"informationen-ueber-die-verwendung-von-cookies","status":"publish","type":"page","link":"https:\/\/ils.simonemontanari.com\/de\/informationen-ueber-die-verwendung-von-cookies\/","title":{"rendered":"Informationen \u00fcber die Verwendung von Cookies"},"content":{"rendered":"<p>Um das ordnungsgem\u00e4\u00dfe Funktionieren der Verfahren zu gew\u00e4hrleisten und die Nutzererfahrung zu verbessern, werden auf dieser Website technische Cookies und Cookies von \u00abDritten\u00bb verwendet.<\/p>\n<h2>Definition und Laufzeit von Cookies<\/h2>\n<p>Cookies sind kleine Informationsmengen, die in einer Textdatei gespeichert werden und die von den vom Nutzer besuchten Websites an ihre Endger\u00e4te, im Allgemeinen an den Browser, gesendet werden, um bei der n\u00e4chsten Browsing-Sitzung desselben Nutzers auf derselben Website erneut \u00fcbertragen zu werden. Cookies k\u00f6nnen n\u00e4mlich nur von der Website gelesen werden, die sie erstellt hat. Sie dienen dazu, die vom Nutzer ge\u00e4u\u00dferten Pr\u00e4ferenzen zu verfolgen und das Surfen zu erleichtern.<\/p>\n<p>Die Funktion eines Cookies besteht also darin, der Website zu helfen, einen Nutzer w\u00e4hrend einer Browsersitzung zu identifizieren. Es gibt also <strong>tempor\u00e4re Cookies<\/strong>, die sich auf die aktuelle Browsersitzung beziehen und nur so lange aktiv bleiben, bis der Browser geschlossen oder ein Abmeldebefehl ausgef\u00fchrt wird, oder <strong>permanente Cookies<\/strong>, die auch bei sp\u00e4teren Browsersitzungen verf\u00fcgbar bleiben. Die Dauer der letztgenannten Cookies wird vom Server bei ihrer Erstellung festgelegt: In einigen F\u00e4llen wird ein Ablaufdatum festgelegt, in anderen ist die Dauer unbegrenzt.<\/p>\n<h2>Manifestation der Zustimmung<\/h2>\n<p>Diese Website verwendet einen Cookie-Banner, d. h. einen Pop-up-Hinweis, der jedem Nutzer beim ersten Einloggen von jedem Ger\u00e4t aus angezeigt wird. Dieses Banner weist ausdr\u00fccklich auf die Verwendung von Cookies durch die Website hin und bittet um Zustimmung zu deren Installation. Es enth\u00e4lt auch Links zu den vollst\u00e4ndigen <a href=\"https:\/\/ils.simonemontanari.com\/de\/datenschutzerklaerung\/\" target=\"_blank\" rel=\"noopener\">Datenschutzbestimmungen<\/a>.<\/p>\n<p>In \u00dcbereinstimmung mit der GDPR wird die eingeholte Einwilligung vollst\u00e4ndig dokumentiert. Dazu geh\u00f6ren neben den Diensten und Dienstgruppen, in die der Besucher eingewilligt hat, alle Cookie-Banner-Einstellungen zum Zeitpunkt der Einwilligung sowie die technischen Umst\u00e4nde (z. B. Gr\u00f6\u00dfe des zum Zeitpunkt der Einwilligung angezeigten Bereichs) und Nutzerinteraktionen (z. B. Schaltfl\u00e4chenklicks), die zur Einwilligung gef\u00fchrt haben. Die Einwilligung wird einmal pro Sprache erhoben.<\/p>\n<p>Der Nutzer hat jederzeit die M\u00f6glichkeit, seine Zustimmung oder Ablehnung zu \u00e4ussern.<\/p>\n<h2>Arten von Cookies<\/h2>\n<p>Je nach den Merkmalen und der Verwendung von Cookies k\u00f6nnen verschiedene Arten unterschieden werden:<\/p>\n<p><strong>Technische Cookies:<\/strong> Sie sind f\u00fcr den normalen Betrieb der Website erforderlich und werden ausschlie\u00dflich zu dem Zweck verwendet, \u00abdie \u00dcbertragung einer Nachricht \u00fcber ein elektronisches Kommunikationsnetz durchzuf\u00fchren, oder in dem Umfang, der f\u00fcr den Anbieter eines Dienstes der Informationsgesellschaft, der vom Abonnenten oder Nutzer ausdr\u00fccklich angefordert wird, unbedingt erforderlich ist, um diesen Dienst bereitzustellen\u00bb. Sie werden f\u00fcr keine weiteren Zwecke verwendet und normalerweise direkt vom Eigent\u00fcmer oder Betreiber der Website installiert.<\/p>\n<p>Sie k\u00f6nnen unterteilt werden in: <strong>Browsing- oder Sitzungs-Cookies<\/strong>, die das normale Surfen und die Nutzung der Website gew\u00e4hrleisten; <strong>Analyse-Cookies<\/strong>, die den technischen Cookies gleichgestellt sind, wenn sie direkt vom Betreiber der Website verwendet werden, um in aggregierter Form Informationen \u00fcber die Anzahl der Nutzer und \u00fcber die Art und Weise, wie sie die Website besuchen, zu sammeln; <strong>Funktionalit\u00e4ts-Cookies<\/strong>, die es dem Nutzer erm\u00f6glichen, nach einer Reihe ausgew\u00e4hlter Kriterien zu navigieren, um den ihm gebotenen Service zu verbessern.<\/p>\n<p>Die vorherige Zustimmung der Nutzer ist f\u00fcr die Installation solcher Cookies nicht erforderlich, w\u00e4hrend die Verpflichtung zur Bereitstellung von Informationen gem\u00e4\u00df Artikel 13 der Verordnung (EU) 2016\/679 unber\u00fchrt bleibt, die der Betreiber der Website, wenn er nur solche Ger\u00e4te verwendet, in der Art und Weise bereitstellen kann, die er f\u00fcr am besten geeignet h\u00e4lt.<\/p>\n<p><strong>Profiling-Cookies<\/strong>: Sie dienen der Erstellung von Nutzerprofilen und werden verwendet, um Werbebotschaften entsprechend den vom Nutzer beim Surfen im Internet ge\u00e4u\u00dferten Pr\u00e4ferenzen zu versenden. Aufgrund des besonderen Eingriffs, den solche Ger\u00e4te in die Privatsph\u00e4re der Nutzer haben k\u00f6nnen, sieht die europ\u00e4ische und italienische Gesetzgebung vor, dass der Nutzer angemessen \u00fcber die Verwendung solcher Ger\u00e4te informiert werden muss und somit seine g\u00fcltige Zustimmung geben muss.<\/p>\n<p>Es ist vorgesehen, dass \u00abdie Speicherung von Informationen im Endger\u00e4t einer Vertragspartei oder eines Nutzers oder der Zugriff auf bereits gespeicherte Informationen nur unter der Bedingung zul\u00e4ssig ist, dass die Vertragspartei oder der Nutzer ihre Zustimmung erteilt hat, nachdem sie\/er in der vereinfachten Weise gem\u00e4\u00df Artikel 13 der Verordnung (EU) 2016\/679 informiert wurde.<\/p>\n<p>Diese Website verwendet keine Profiling-Cookies.<\/p>\n<h2>Cookies von \u00abDritten\u00bb<\/h2>\n<p>Wenn Sie diese Website besuchen, erhalten Sie m\u00f6glicherweise Cookies von Websites, die von anderen Organisationen (\u00abDritte\u00bb) betrieben werden. Ein Beispiel ist das Vorhandensein von &#8222;Social Plug-ins&#8220; f\u00fcr Facebook, Twitter, Google+ oder LinkedIn oder von integrierten Medienanzeigesystemen wie zum Beispiel YouTube.<\/p>\n<p>Dabei handelt es sich um Teile, die direkt von den oben genannten Websites erzeugt und in die Webseite der besuchten Host-Site integriert werden. Das Vorhandensein dieser Plugins beinhaltet die \u00dcbertragung von Cookies zu und von allen Websites, die von Dritten betrieben werden. Die Verwaltung der von &#8222;Dritten&#8220; gesammelten Informationen wird durch die entsprechenden Richtlinien geregelt.<\/p>\n<p>Die Deaktivierung von \u00abDrittanbieter\u00bb-Cookies hat keinerlei Auswirkungen auf die Navigation.<\/p>\n<p>Die Einstellung kann speziell f\u00fcr verschiedene Websites und Webanwendungen festgelegt werden. Dar\u00fcber hinaus erlauben die Browser unterschiedliche Einstellungen f\u00fcr \u00abeigene\u00bb und \u00abfremde\u00bb Cookies. Eine Dokumentation \u00fcber die Einstellung der Cookie-Verwaltungsregeln f\u00fcr Ihren Browser ist im Internet leicht zug\u00e4nglich.<\/p>\n<h2>Von der Website verwendete Cookies<\/h2>\n<p>Im Interesse einer gr\u00f6\u00dferen Transparenz sind die von uns verwendeten Tracking-Technologien und die Webadressen der verschiedenen Offenlegungs- und Cookie-Verwaltungsmethoden nachstehend aufgef\u00fchrt:<\/p>\n<p>Technische (oder notwendige) Cookies sind Tracking-Tools, die f\u00fcr das Funktionieren und die Bereitstellung des angeforderten Dienstes unbedingt erforderlich sind und daher keine Zustimmung erfordern.<\/p>\n<ul>\n<li><strong>Google reCAPTCHA<\/strong>: L\u00f6sung zur Erkennung von Bots und zur Vermeidung von Spam bei der Eingabe von Daten in Website-Formulare. Cookies werden verwendet, um den Nutzer als Nutzer innerhalb der Google bekannten Daten zu identifizieren und die B\u00f6sartigkeit des Nutzers einzusch\u00e4tzen. Diese gesammelten Daten k\u00f6nnen mit Daten von Nutzern verkn\u00fcpft werden, die sich in ihren Google-Konten auf google.com oder einer lokalisierten Version von Google angemeldet haben.<\/li>\n<\/ul>\n<p>Weitere Informationen finden Sie unter: <a href=\"https:\/\/policies.google.com\/privacy\" target=\"_blank\" rel=\"noopener\">https:\/\/policies.google.com\/privacy<\/a><\/p>\n<ul>\n<li><strong>WordPress<\/strong>: Das Content-Management-System bietet die M\u00f6glichkeit, Kommentare zu Blogartikeln und anderen Inhalten zu schreiben. Der Cookie speichert den Namen, die E-Mail-Adresse und die Website eines Kommentators, um sie wieder anzuzeigen, wenn der Kommentator einen weiteren Kommentar auf dieser Website schreiben m\u00f6chte.<\/li>\n<\/ul>\n<p>F\u00fcr weitere Informationen siehe: <a href=\"https:\/\/ils.simonemontanari.com\/de\/datenschutzerklaerung\/\" target=\"_blank\" rel=\"noopener\">https:\/\/ils.simonemontanari.com\/privacy-policy\/<\/a><\/p>\n<ul>\n<li><strong>WooCommerce<\/strong>: E-Commerce-Software, mit der Sie auf dieser Website Kurse und andere Dienstleistungen erwerben k\u00f6nnen. Cookies werden verwendet, um Artikel in einem Warenkorb zu sammeln, den Warenkorb des Nutzers in der Datenbank der Website zu speichern, k\u00fcrzlich angesehene Produkte zu speichern und wieder anzuzeigen und es den Nutzern zu erm\u00f6glichen, Benachrichtigungen im Online-Shop zu ignorieren.<\/li>\n<\/ul>\n<p>F\u00fcr weitere Informationen siehe: <a href=\"https:\/\/ils.simonemontanari.com\/de\/datenschutzerklaerung\/\" target=\"_blank\" rel=\"noopener\">https:\/\/ils.simonemontanari.com\/privacy-policy\/<\/a><\/p>\n<p><strong>Funktionale Cookies<\/strong> sind Tracking-Tools, die ein individuelles Nutzererlebnis erm\u00f6glichen, indem sie die Verwaltung der Einstellungen verbessern und die Interaktion mit externen Netzen und Plattformen erm\u00f6glichen.<\/p>\n<ul>\n<li><strong>Instagram<\/strong>: Erm\u00f6glicht die direkte Einbettung von auf instagram.com geposteten Inhalten in Websites. Cookies werden verwendet, um die besuchten Websites und detaillierte Statistiken \u00fcber das Nutzerverhalten zu sammeln. Diese Daten k\u00f6nnen mit den Daten der registrierten Nutzer auf youtube.com und google.com oder lokalisierten Versionen dieser Dienste verkn\u00fcpft werden.<\/li>\n<\/ul>\n<p>F\u00fcr weitere Informationen siehe: <a href=\"https:\/\/help.instagram.com\/519522125107875\" target=\"_blank\" rel=\"noopener\">https:\/\/help.instagram.com\/519522125107875<\/a><\/p>\n<ul>\n<li><strong>YouTube<\/strong> erm\u00f6glicht es, auf youtube.com ver\u00f6ffentlichte Inhalte direkt in Websites einzubetten. Cookies werden verwendet, um die besuchten Websites und detaillierte Statistiken \u00fcber das Nutzerverhalten zu erfassen. Diese Daten k\u00f6nnen mit den Daten der registrierten Nutzer auf youtube.com und google.com oder lokalisierten Versionen dieser Dienste verkn\u00fcpft werden.<\/li>\n<\/ul>\n<p>F\u00fcr weitere Informationen siehe: <a href=\"https:\/\/policies.google.com\/privacy\" target=\"_blank\" rel=\"noopener\">https:\/\/policies.google.com\/privacy<\/a><\/p>\n<ul>\n<li><strong>Google Maps<\/strong> zeigt Karten auf der Website als Iframe oder \u00fcber JavaScript an, das direkt in die Website eingebettet ist. Auf dem Client des Nutzers werden keine Cookies im technischen Sinne gesetzt, jedoch werden technische und personenbezogene Daten wie die IP-Adresse vom Client an den Server des Dienstanbieters \u00fcbermittelt, um die Nutzung des Dienstes zu erm\u00f6glichen.<\/li>\n<\/ul>\n<p>Weitere Informationen finden Sie unter: <a href=\"https:\/\/policies.google.com\/privacy\" target=\"_blank\" rel=\"noopener\">https:\/\/policies.google.com\/privacy<\/a><\/p>\n<p><strong>Statistische Cookies<\/strong> sind Tracking-Tools, die es erm\u00f6glichen, den Datenverkehr zu messen und das Nutzerverhalten zu analysieren, um den Service zu verbessern.<\/p>\n<ul>\n<li><strong>Google Analytics (GA4)<\/strong> ist ein Dienst zur Erstellung detaillierter Statistiken \u00fcber das Nutzerverhalten auf der Website. Cookies werden zur Unterscheidung von Nutzern, zur Speicherung von Kampagneninformationen f\u00fcr und durch den Nutzer und zur Verkn\u00fcpfung von Daten aus mehreren Seitenaufrufen verwendet.<\/li>\n<\/ul>\n<p>Weitere Informationen finden Sie unter: <a href=\"https:\/\/policies.google.com\/privacy\" target=\"_blank\" rel=\"noopener\">https:\/\/policies.google.com\/privacy<\/a><\/p>\n<ul>\n<li><strong>Google Analytics<\/strong> ist ein Dienst zur Erstellung detaillierter Statistiken \u00fcber das Verhalten der Nutzer einer Website. Cookies werden verwendet, um Nutzer zu unterscheiden, die H\u00e4ufigkeit von Anfragen zu begrenzen, die Client-ID mit der AMP-Client-ID des Nutzers zu verkn\u00fcpfen, Kampagneninformationen f\u00fcr und von dem Nutzer zu speichern und Daten von mehreren Seitenaufrufen zu verkn\u00fcpfen.<\/li>\n<\/ul>\n<p>F\u00fcr weitere Informationen siehe: <a href=\"https:\/\/policies.google.com\/privacy\" target=\"_blank\" rel=\"noopener\">https:\/\/policies.google.com\/privacy<\/a><\/p>\n<p><strong>Marketing-Cookies<\/strong> sind Tracking-Tools, die die Nutzung kommerzieller Inhalte erm\u00f6glichen, die entsprechend dem Verhalten des jeweiligen Nutzers personalisiert sind, und die es erm\u00f6glichen, Werbung zu verwalten, zu liefern und zu verfolgen.<\/p>\n<ul>\n<li><strong>Facebook Page Plugin<\/strong> zeigt Informationen \u00fcber unsere Facebook-Fanpage an. Es werden Cookies verwendet, um die Likes sowie die besuchten Webseiten zu sammeln. Diese Daten k\u00f6nnen mit den Daten von Nutzern verkn\u00fcpft werden, die auf facebook.com mit ihrem Facebook-Konto registriert sind.<\/li>\n<\/ul>\n<p>F\u00fcr weitere Informationen siehe: <a href=\"https:\/\/www.facebook.com\/about\/privacy\" target=\"_blank\" rel=\"noopener\">https:\/\/www.facebook.com\/about\/privacy<\/a><\/p>\n<ul>\n<li><strong>Facebook-Pixel<\/strong> hilft bei der Bestimmung der Zielgruppe f\u00fcr die Pr\u00e4sentation von Werbeanzeigen innerhalb des Facebook-Werbenetzwerks. Das Facebook-Pixel erm\u00f6glicht es au\u00dferdem, die Wirksamkeit von Facebook-Werbeanzeigen zu \u00fcberwachen. Mit der Zusatzfunktion &#8222;erweiterter Abgleich&#8220; werden Informationen, die in pers\u00f6nlichen Facebook-Konten gespeichert sind, wie E-Mail-Adressen oder Facebook-IDs von Nutzern, in verschl\u00fcsselter Form verwendet, um die Zielgruppe zu erreichen. Es werden Cookies verwendet, um Nutzer zu unterscheiden und ihr Verhalten auf der Website detailliert aufzuzeichnen und diese Daten mit Werbedaten aus dem Facebook-Werbenetzwerk zu verkn\u00fcpfen. Diese Daten k\u00f6nnen mit den Daten von Nutzern, die auf facebook.com mit ihrem Facebook-Konto registriert sind, verkn\u00fcpft werden.<\/li>\n<\/ul>\n<p>Weitere Informationen finden Sie unter: <a href=\"https:\/\/www.facebook.com\/about\/privacy\" target=\"_blank\" rel=\"noopener\">https:\/\/www.facebook.com\/about\/privacy<\/a><\/p>\n<ul>\n<li><strong>Hotjar<\/strong> ist ein Dienst zur Analyse des Nutzerverhaltens und zum Sammeln von Nutzerfeedback. Er erstellt Heatmaps und Sitzungsprotokolle der Website-Nutzer und f\u00fchrt Umfragen durch. Cookies werden verwendet, um den Benutzer \u00fcber mehrere Unterseiten hinweg zu identifizieren, den Status von Umfragen zu speichern, die Wiedergabe von Anzeigen zu steuern und die bei Sitzungsaufzeichnungen gesammelten Daten zu verkn\u00fcpfen.<\/li>\n<\/ul>\n<p>F\u00fcr weitere Informationen siehe: <a href=\"https:\/\/www.hotjar.com\/legal\/policies\/privacy\/de\/\" target=\"_blank\" rel=\"noopener\">https:\/\/www.hotjar.com\/legal\/policies\/privacy\/de\/<\/a><\/p>\n<h2>Verwaltung von Cookies<\/h2>\n<p>Sie k\u00f6nnen \u00fcber die Einstellungen Ihres Browsers entscheiden, ob Sie Cookies akzeptieren wollen oder nicht.<\/p>\n<p>Die vollst\u00e4ndige oder teilweise Deaktivierung von technischen Cookies kann die optimale Nutzung der Website beeintr\u00e4chtigen. Die Deaktivierung von \u00abDrittanbieter\u00bb-Cookies beeintr\u00e4chtigt dagegen in keiner Weise die Navigationsm\u00f6glichkeiten.<\/p>\n<p>Die Einstellung kann f\u00fcr verschiedene Websites und Webanwendungen spezifisch festgelegt werden. Dar\u00fcber hinaus lassen sich bei den Browsern unterschiedliche Einstellungen f\u00fcr \u00abeigene\u00bb und \u00abfremde\u00bb Cookies vornehmen.<\/p>\n<p>Nachfolgend finden Sie Links zu den am h\u00e4ufigsten verwendeten Browsern, damit Sie die Regeln f\u00fcr die Cookie-Verwaltung nach Ihren W\u00fcnschen einstellen k\u00f6nnen:<\/p>\n<ul>\n<li><a href=\"https:\/\/support.google.com\/chrome\/answer\/95647?hl=it\" target=\"_blank\" rel=\"noopener\">Chrome<\/a><\/li>\n<li><a href=\"https:\/\/support.mozilla.org\/it\/kb\/Gestione%20dei%20cookie\" target=\"_blank\" rel=\"noopener\">FireFox<\/a><\/li>\n<li><a href=\"http:\/\/help.opera.com\/Windows\/10.00\/it\/cookies.html\" target=\"_blank\" rel=\"noopener\">Opera<\/a><\/li>\n<li><a href=\"http:\/\/support.apple.com\/kb\/HT1677?viewlocale=it_IT\" target=\"_blank\" rel=\"noopener\">Safari<\/a><\/li>\n<li><a href=\"https:\/\/support.microsoft.com\/it-it\/microsoft-edge\/eliminare-i-cookie-in-microsoft-edge-63947406-40ac-c3b8-57b9-2a946a29ae09#:~:text=Apri%20Microsoft%20Edge%20and%20seleziona,del%20sito%2C%20quindi%20Cancella%20ora.\" target=\"_blank\" rel=\"noopener\">Edge<\/a><\/li>\n<\/ul>\n","protected":false},"excerpt":{"rendered":"<p>Um das ordnungsgem\u00e4\u00dfe Funktionieren der Verfahren zu gew\u00e4hrleisten und die Nutzererfahrung zu verbessern, werden auf dieser Website technische Cookies und Cookies von \u00abDritten\u00bb verwendet. Definition und Laufzeit von Cookies Cookies sind kleine Informationsmengen, die in einer Textdatei gespeichert werden und die von den vom Nutzer besuchten Websites an ihre Endger\u00e4te, im Allgemeinen an den Browser, [&hellip;]<\/p>\n","protected":false},"author":1788,"featured_media":0,"parent":0,"menu_order":0,"comment_status":"closed","ping_status":"closed","template":"","meta":{"_acf_changed":false,"footnotes":""},"class_list":["post-5507","page","type-page","status-publish","hentry"],"acf":[],"_links":{"self":[{"href":"https:\/\/ils.simonemontanari.com\/de\/wp-json\/wp\/v2\/pages\/5507","targetHints":{"allow":["GET"]}}],"collection":[{"href":"https:\/\/ils.simonemontanari.com\/de\/wp-json\/wp\/v2\/pages"}],"about":[{"href":"https:\/\/ils.simonemontanari.com\/de\/wp-json\/wp\/v2\/types\/page"}],"author":[{"embeddable":true,"href":"https:\/\/ils.simonemontanari.com\/de\/wp-json\/wp\/v2\/users\/1788"}],"replies":[{"embeddable":true,"href":"https:\/\/ils.simonemontanari.com\/de\/wp-json\/wp\/v2\/comments?post=5507"}],"version-history":[{"count":0,"href":"https:\/\/ils.simonemontanari.com\/de\/wp-json\/wp\/v2\/pages\/5507\/revisions"}],"wp:attachment":[{"href":"https:\/\/ils.simonemontanari.com\/de\/wp-json\/wp\/v2\/media?parent=5507"}],"curies":[{"name":"wp","href":"https:\/\/api.w.org\/{rel}","templated":true}]}}