{"id":6620,"date":"2023-10-26T12:27:33","date_gmt":"2023-10-26T10:27:33","guid":{"rendered":"https:\/\/ils.simonemontanari.com\/de\/?page_id=6620"},"modified":"2024-08-23T12:30:51","modified_gmt":"2024-08-23T10:30:51","slug":"rezensionen","status":"publish","type":"page","link":"https:\/\/ils.simonemontanari.com\/de\/rezensionen\/","title":{"rendered":"Europass Italian Language School Rezensionen"},"content":{"rendered":"<h2>Gepr\u00fcfte Kursbewertungen*<\/h2>\n<p><img decoding=\"async\" src=\"https:\/\/www.teacheracademy.eu\/wp-content\/uploads\/2023\/10\/image.png\" \/><\/p>\n<table class=\"holiday-prices-table\">\n<tbody>\n<tr>\n<th style=\"text-align: left;\">Kurs<\/th>\n<th style=\"text-align: left;\">Anzahl<\/th>\n<th style=\"text-align: left;\">Bewertung (\/10)<\/th>\n<\/tr>\n<tr>\n<td><a href=\"https:\/\/ils.simonemontanari.com\/de\/kurse\/gruppen-online\/\">Online Gruppenkurse<\/a><\/td>\n<td>107<\/td>\n<td>9.57<\/td>\n<\/tr>\n<tr>\n<td><a href=\"https:\/\/ils.simonemontanari.com\/de\/italienischkurse\/\">Kurse in Florenz<\/a><\/td>\n<td>303<\/td>\n<td>9.41<\/td>\n<\/tr>\n<\/tbody>\n<\/table>\n<p>Letztes update 12-05-2024 \u2013 basiert sich auf die Bewertungen des vorherigen Jahres<\/p>\n<h3>GoAbroad Rezensionen<\/h3>\n<p><a href=\"https:\/\/www.goabroad.com\/providers\/europass-italian-language-school\">9.7 (30 Rezensionen)<\/a> \u2b50\u2b50\u2b50\u2b50\u2b50<\/p>\n<h3>LanguageBookings Rezensionen<\/h3>\n<p><a href=\"https:\/\/it.languagebookings.com\/corso-italiano\/italia\/firenze\/comments\/europass.html\">9.5 (37 Rezensionen)<\/a> \u2b50\u2b50\u2b50\u2b50\u2b50<\/p>\n<h2>Andere, nicht gepr\u00fcfte Bewertungen*<\/h2>\n<h3>Google Rezensionen<\/h3>\n<p><a href=\"https:\/\/maps.app.goo.gl\/2eoYJgRB67vQaVVM8\">4.8 (120 Rezensionen)<\/a> \u2b50\u2b50\u2b50\u2b50\u2b50<\/p>\n<h3>Facebook Rezensionen<\/h3>\n<p><a href=\"https:\/\/www.facebook.com\/EuropassItalianLanguageSchool\/reviews\/\">4.8 (193 Rezensionen)<\/a> \u2b50\u2b50\u2b50\u2b50\u2b50<\/p>\n<p>*Kursbewertungen auf Google Maps und Facebook werden nicht \u00fcberpr\u00fcft. Kursbewertungen, die am letzten Tag des Kurses auf GoAbroad und LanguageBookings abgegeben werden, werden von ETA SRL und den Eigent\u00fcmern der Websites \u00fcberpr\u00fcft und von <a href=\"https:\/\/surveysparrow.com\/\">surveysparrow<\/a> unterst\u00fctzt. In der am letzten Tag des Kurses eingereichten Umfrage werden verschiedene Aspekte bewertet. Die in der obigen Tabelle angegebene Bewertung stellt die Antwort auf die letzte Frage der Umfrage dar: &#8222;Wie w\u00fcrden Sie Ihren Kurs bei uns insgesamt bewerten?&#8220;<\/p>\n","protected":false},"excerpt":{"rendered":"<p>Gepr\u00fcfte Kursbewertungen* Kurs Anzahl Bewertung (\/10) Online Gruppenkurse 107 9.57 Kurse in Florenz 303 9.41 Letztes update 12-05-2024 \u2013 basiert sich auf die Bewertungen des vorherigen Jahres GoAbroad Rezensionen 9.7 (30 Rezensionen) \u2b50\u2b50\u2b50\u2b50\u2b50 LanguageBookings Rezensionen 9.5 (37 Rezensionen) \u2b50\u2b50\u2b50\u2b50\u2b50 Andere, nicht gepr\u00fcfte Bewertungen* Google Rezensionen 4.8 (120 Rezensionen) \u2b50\u2b50\u2b50\u2b50\u2b50 Facebook Rezensionen 4.8 (193 Rezensionen) \u2b50\u2b50\u2b50\u2b50\u2b50 [&hellip;]<\/p>\n","protected":false},"author":1788,"featured_media":0,"parent":0,"menu_order":0,"comment_status":"closed","ping_status":"closed","template":"","meta":{"_acf_changed":false,"footnotes":""},"class_list":["post-6620","page","type-page","status-publish","hentry"],"acf":[],"_links":{"self":[{"href":"https:\/\/ils.simonemontanari.com\/de\/wp-json\/wp\/v2\/pages\/6620","targetHints":{"allow":["GET"]}}],"collection":[{"href":"https:\/\/ils.simonemontanari.com\/de\/wp-json\/wp\/v2\/pages"}],"about":[{"href":"https:\/\/ils.simonemontanari.com\/de\/wp-json\/wp\/v2\/types\/page"}],"author":[{"embeddable":true,"href":"https:\/\/ils.simonemontanari.com\/de\/wp-json\/wp\/v2\/users\/1788"}],"replies":[{"embeddable":true,"href":"https:\/\/ils.simonemontanari.com\/de\/wp-json\/wp\/v2\/comments?post=6620"}],"version-history":[{"count":0,"href":"https:\/\/ils.simonemontanari.com\/de\/wp-json\/wp\/v2\/pages\/6620\/revisions"}],"wp:attachment":[{"href":"https:\/\/ils.simonemontanari.com\/de\/wp-json\/wp\/v2\/media?parent=6620"}],"curies":[{"name":"wp","href":"https:\/\/api.w.org\/{rel}","templated":true}]}}