{"id":6681,"date":"2023-11-28T12:43:09","date_gmt":"2023-11-28T11:43:09","guid":{"rendered":"https:\/\/ils.simonemontanari.com\/de\/?page_id=6681"},"modified":"2024-08-23T12:30:59","modified_gmt":"2024-08-23T10:30:59","slug":"berufliche-weiterbildung","status":"publish","type":"page","link":"https:\/\/ils.simonemontanari.com\/de\/uber-uns\/berufliche-weiterbildung\/","title":{"rendered":"Berufliche Weiterbildung"},"content":{"rendered":"<p>Dank der Teilnahme an mehreren Erasmus-Projekten, konnten Europass-Lehrer ihre beruflichen F\u00e4higkeiten in einer Vielzahl von Bereichen verbessern:<\/p>\n<p>Unsere Erasmus+-Akkreditierung im Jahr 2021 (2021-1-IT02-KA121-ADU-000006818) hat es vielen Lehrkr\u00e4ften erm\u00f6glicht, im Rahmen der individuellen Mobilit\u00e4t an Weiterbildungskursen teilzunehmen oder Hospitationen in Partnerschulen zu absolvieren.<\/p>\n<p>Erasmus-KA1-Mittel wurden au\u00dferdem verwendet, um erfahrene Ausbilder aus dem Ausland einzuladen, die Seminare f\u00fcr Lehrer der Schule Europass gegeben haben.<\/p>\n<div id='gallery-1' class='gallery galleryid-6681 gallery-columns-3 gallery-size-thumbnail'><figure class='gallery-item'>\n\t\t\t<div class='gallery-icon portrait'>\n\t\t\t\t<a href='https:\/\/ils.simonemontanari.com\/de\/uber-uns\/berufliche-weiterbildung\/corso-formazione-2\/'><img loading=\"lazy\" decoding=\"async\" width=\"376\" height=\"250\" src=\"https:\/\/ils.simonemontanari.com\/de\/wp-content\/uploads\/sites\/2\/2023\/11\/Corso-formazione-2-376x250.jpg\" class=\"attachment-thumbnail size-thumbnail\" alt=\"\" \/><\/a>\n\t\t\t<\/div><\/figure><figure class='gallery-item'>\n\t\t\t<div class='gallery-icon portrait'>\n\t\t\t\t<a href='https:\/\/ils.simonemontanari.com\/de\/uber-uns\/berufliche-weiterbildung\/corso-formazione-3\/'><img loading=\"lazy\" decoding=\"async\" width=\"376\" height=\"250\" src=\"https:\/\/ils.simonemontanari.com\/de\/wp-content\/uploads\/sites\/2\/2023\/11\/Corso-formazione-3-376x250.jpg\" class=\"attachment-thumbnail size-thumbnail\" alt=\"\" \/><\/a>\n\t\t\t<\/div><\/figure><figure class='gallery-item'>\n\t\t\t<div class='gallery-icon landscape'>\n\t\t\t\t<a href='https:\/\/ils.simonemontanari.com\/de\/uber-uns\/berufliche-weiterbildung\/corso-formazione\/'><img loading=\"lazy\" decoding=\"async\" width=\"376\" height=\"250\" src=\"https:\/\/ils.simonemontanari.com\/de\/wp-content\/uploads\/sites\/2\/2023\/11\/Corso-formazione-376x250.jpg\" class=\"attachment-thumbnail size-thumbnail\" alt=\"\" \/><\/a>\n\t\t\t<\/div><\/figure><figure class='gallery-item'>\n\t\t\t<div class='gallery-icon landscape'>\n\t\t\t\t<a href='https:\/\/ils.simonemontanari.com\/de\/uber-uns\/berufliche-weiterbildung\/corso-formazione-1\/'><img loading=\"lazy\" decoding=\"async\" width=\"376\" height=\"250\" src=\"https:\/\/ils.simonemontanari.com\/de\/wp-content\/uploads\/sites\/2\/2023\/11\/Corso-formazione-1-376x250.jpg\" class=\"attachment-thumbnail size-thumbnail\" alt=\"\" \/><\/a>\n\t\t\t<\/div><\/figure><figure class='gallery-item'>\n\t\t\t<div class='gallery-icon landscape'>\n\t\t\t\t<a href='https:\/\/ils.simonemontanari.com\/de\/uber-uns\/berufliche-weiterbildung\/corso-formazione-4\/'><img loading=\"lazy\" decoding=\"async\" width=\"376\" height=\"250\" src=\"https:\/\/ils.simonemontanari.com\/de\/wp-content\/uploads\/sites\/2\/2023\/11\/Corso-formazione-4-376x250.jpg\" class=\"attachment-thumbnail size-thumbnail\" alt=\"\" \/><\/a>\n\t\t\t<\/div><\/figure><figure class='gallery-item'>\n\t\t\t<div class='gallery-icon landscape'>\n\t\t\t\t<a href='https:\/\/ils.simonemontanari.com\/de\/uber-uns\/berufliche-weiterbildung\/corso-formazione-5\/'><img loading=\"lazy\" decoding=\"async\" width=\"376\" height=\"250\" src=\"https:\/\/ils.simonemontanari.com\/de\/wp-content\/uploads\/sites\/2\/2023\/11\/Corso-formazione-5-376x250.jpg\" class=\"attachment-thumbnail size-thumbnail\" alt=\"\" \/><\/a>\n\t\t\t<\/div><\/figure>\n\t\t<\/div>\n\n<p>Nachfolgend eine Auflistung von Schulungen der letzten beiden Jahre:<\/p>\n<h2>Schulungen 2022<\/h2>\n<p><strong>Educational Coaching Tools<\/strong><br \/>\n7-11\/02\/2022, Schulung in Malaga\/Spanien<\/p>\n<p><strong>CLIL-Methode<\/strong><br \/>\n7-12\/02\/2022, Fortbildung in Dublin\/ Irland<\/p>\n<p><strong>Storytelling, Unterricht unter Einbeziehung von Humor und Improvisationstechniken sowie Stand-up-Comedy<\/strong><br \/>\n8-10\/03\/2022, eingeladener Experte <a href=\"https:\/\/www.teacheracademy.eu\/team\/carmine-rodi-falanga\/\" target=\"_blank\" rel=\"noopener\">Carmine Rodi Falanga<\/a><\/p>\n<p><strong>Interkulturelle Unterrichtsgestaltung<\/strong><br \/>\n21-25\/03\/2022, Fortbildung in Malaga\/ Spanien<\/p>\n<p><strong>Emotionales Lernen und p\u00e4dagogische Neurowissenschaften im Unterricht<\/strong><br \/>\n6-9\/06\/2022 Eingeladene Expertin <a href=\"https:\/\/www.teacheracademy.eu\/team\/veerle-ponnet\/\" target=\"_blank\" rel=\"noopener\">Veerle Ponnet<\/a><\/p>\n<p><strong><a href=\"https:\/\/www.teacheracademy.eu\/course\/team-building-in-schools\/\" target=\"_blank\" rel=\"noopener\">Team Building for School: Play and Fun, Building Educators\u2019 Communities<\/a><\/strong><br \/>\n27\/06- 02\/07\/2022, Fortbildung in Teneriffa\/ Spanien<\/p>\n<p><strong>Digitale Hilfsmittel f\u00fcr den Unterricht<\/strong><br \/>\n13-17\/11\/2022, Fortbildung in Istanbul\/T\u00fcrkei<\/p>\n<p><a href=\"https:\/\/www.alternativeways.eu\/\" target=\"_blank\" rel=\"noopener\"><strong>Alternative Ways<\/strong><\/a><br \/>\n23-25\/11\/2022, eingeladene Experten: Els Streefkerk und Arjen Barel, Schulung zum Sprachunterricht f\u00fcr Ausl\u00e4nder mit geringer Alphabetisierung durch Spiele und Aktivit\u00e4ten, die die St\u00e4rkung des Selbstvertrauens beim Erlernen einer Sprache zum Ziel haben.<\/p>\n<h2>Schulungen 2023<\/h2>\n<p><strong>Hospitation\/Job Shadowing<\/strong><br \/>\n30\/01 &#8211; 3\/02\/2023 in der Grundschule Vorbasse\/ D\u00e4nemark<\/p>\n<p><strong>F\u00fchrungsstrategien, Kommunikation und Classroom-Management<\/strong><br \/>\n31\/01 &#8211; 02\/02\/2023, Training mit dem eingeladenen Experten Thomas Frick<\/p>\n<p><strong>4Cs: Communication, Collaboration, Creativity and Critical Thinking<\/strong><br \/>\n13-17\/02\/2023, Schulung in Sevilla\/ Spanien<\/p>\n<p><strong>Sprachunterricht unter Einsatz der italienischen Kunst und Kultur<\/strong><br \/>\n15-17\/02\/2023, eingeladener Experte:Gianluca Olcese<\/p>\n<p><strong>Digital Classroom<\/strong><br \/>\n20-24\/02\/2023, Fortbildung in Sevilla\/ Spanien<\/p>\n<p><strong>Facing Behavioral Challenges<\/strong><br \/>\n11-16\/03\/2023, Schulung in Limassol\/ Zypern<\/p>\n<p><strong>Digital Storytelling<\/strong><br \/>\n27\/03- 01\/04\/2023, Schulung in Prag\/ Tschechische Republik<\/p>\n<p><strong>Einsatz der Stimme im Klassenzimmer<\/strong><br \/>\n2-4\/05\/2023, eingeladener Experte <a href=\"https:\/\/www.teacheracademy.eu\/team\/jarek-sacharski\/\" target=\"_blank\" rel=\"noopener\">Jarek Sacharski<\/a><\/p>\n<p><strong><a href=\"https:\/\/www.teacheracademy.eu\/course\/environmental-stewardship\/\" target=\"_blank\" rel=\"noopener\">Environmental Stewardship: How to Reconnect with Nature<\/a><\/strong><br \/>\n26-30\/06\/2023, Schulung in Nizza\/ Frankreich<\/p>\n<p><strong><a href=\"https:\/\/www.teacheracademy.eu\/course\/democratic-life-eu\/\" target=\"_blank\" rel=\"noopener\">The Democratic Life in the EU<\/a><\/strong><br \/>\n23-28\/10\/2023, Schulung in Dublin\/ Irland<\/p>\n<p><strong><a href=\"https:\/\/www.teacheracademy.eu\/course\/resilience-and-wellbeing\/\" target=\"_blank\" rel=\"noopener\">Resilience and Well-being Strengths<\/a><\/strong><br \/>\n30\/10- 04\/11\/2023, Schulung in Teneriffa\/ Spanien<\/p>\n<p><strong>The best digital tools for language teachers<br \/>\n<\/strong>20-25\/11\/2023, Schulung in Amsterdam, Niederlande<\/p>\n<h2>Schulungen 2024<\/h2>\n<p><strong>AI for Education: Exploring the Frontiers of ICT<\/strong><br \/>\n15-20\/01\/2024, Schulung in Dublin<\/p>\n<p><strong>Hospitation\/ Job-shadowing<\/strong><br \/>\n8-13\/04\/2024, in einer englischen Schule in Dublin<\/p>\n<p><strong>Artificial Intelligence and ICT for language learning<\/strong><br \/>\n19-21\/03\/2024, Schulung in Florenz, Italian, eingeladener Experte <a href=\"https:\/\/www.teacheracademy.eu\/team\/alenka-miljevic\/\" target=\"_blank\" rel=\"noopener\">Alenka Miljevi\u0107<\/a><\/p>\n<p><iframe loading=\"lazy\" src=\"https:\/\/www.youtube.com\/embed\/e9-wKjr7RSE?si=BSiMMZ8vjXK9BnAV\" width=\"560\" height=\"315\" frameborder=\"0\" allowfullscreen=\"allowfullscreen\"><span data-mce-type=\"bookmark\" style=\"width: 0px;overflow: hidden;line-height: 0\" class=\"mce_SELRES_start\">\ufeff<\/span><span data-mce-type=\"bookmark\" style=\"width: 0px;overflow: hidden;line-height: 0\" class=\"mce_SELRES_start\">\ufeff<\/span><\/iframe><\/p>\n<p><strong>Positive education and motivation in multicultural classrooms<\/strong><br \/>\n7-9\/05\/2024,Schulung in Florenz, Italian, eingeladener Experte <a href=\"https:\/\/www.teacheracademy.eu\/team\/marta-mandolini\/\" target=\"_blank\" rel=\"noopener\">Marta Mandolini<\/a><\/p>\n<p><a href=\"https:\/\/www.teacheracademy.eu\/course\/art-music-and-dance-for-inclusion\/\"><strong>Art, music and dance therapy for an inclusive classroom<\/strong><\/a><br \/>\n17\/06 &#8211; 21\/06\/2024, Schulung in Barcelona\/ Spanien<\/p>\n<p><strong>Hospitation\/ Job-shadowing<\/strong><br \/>\n15\/07 &#8211; 20\/07\/2024, in einer Spanisch-Sprachschule in Barcelona\/ Spanien<\/p>\n<h2>Andere Erasmus Projekte<\/h2>\n<p>Dank des <a href=\"https:\/\/digitiseproject.eu\/\" target=\"_blank\" rel=\"noopener\">Erasmus+ Digitise \u2013 Toolkit for 50+<\/a> (2021-1-RO01-KA220-000034802) konnten unsere Lehrkr\u00e4fte ihre digitalen F\u00e4higkeiten zur Gestaltung eines interaktiven und effektiven Unterrichts ausbauen, indem sie an Schulungen zu digitalen Hilfsmitteln in Berlin, Cluj-Napoca und Thessaloniki teilgenommen haben.<\/p>\n<p>Das Erasmus+-Projekts &#8222;Kreativit\u00e4t f\u00fcr Innovation&#8220; hat unseren Lehrern innovative und kreative Methoden f\u00fcr den Fremdsprachenunterricht f\u00fcr Erwachsene vermittelt.<br \/>\nIm Besonderen wurden zwei Lehrer in der \u201eCallan-Methode\u201c in Zagreb\/ Kroatien sowie im \u201eStorytelling in Amsterdam\/ Niederlande geschult.<\/p>\n<p>Das Erasmus+-Projekt <a href=\"https:\/\/lolearningoutloud.com\/\" target=\"_blank\" rel=\"noopener\">Learning Out Loud (LOL)<\/a> erm\u00f6glichte es unseren Lehrern, noch ansprechendere und effektivere Aktivit\u00e4ten zur Unterst\u00fctzung unserer Sch\u00fcler auf ihrem Lernweg zu entwickeln, indem Elemente des Stand-up, Improvisationstheaters und der positiven Psychologie in unseren Sprachunterricht integriert wurden.<\/p>\n<p>Das Jean-Monnet-Projekt <a href=\"https:\/\/euteam.teacheracademy.eu\/\" target=\"_blank\" rel=\"noopener\">EUTEAM<\/a> gab unserer Schule die M\u00f6glichkeit, Lehrerfortbildungskurse \u00fcber die EU zu organisieren, sowohl online als auch pers\u00f6nlich, was unserer Gemeinschaft erm\u00f6glichte, aktive B\u00fcrgerschaft und die gemeinsamen Werte der EU zu f\u00f6rdern.<\/p>\n","protected":false},"excerpt":{"rendered":"<p>Dank der Teilnahme an mehreren Erasmus-Projekten, konnten Europass-Lehrer ihre beruflichen F\u00e4higkeiten in einer Vielzahl von Bereichen verbessern: Unsere Erasmus+-Akkreditierung im Jahr 2021 (2021-1-IT02-KA121-ADU-000006818) hat es vielen Lehrkr\u00e4ften erm\u00f6glicht, im Rahmen der individuellen Mobilit\u00e4t an Weiterbildungskursen teilzunehmen oder Hospitationen in Partnerschulen zu absolvieren. Erasmus-KA1-Mittel wurden au\u00dferdem verwendet, um erfahrene Ausbilder aus dem Ausland einzuladen, die Seminare [&hellip;]<\/p>\n","protected":false},"author":1788,"featured_media":6683,"parent":67,"menu_order":0,"comment_status":"closed","ping_status":"closed","template":"","meta":{"_acf_changed":false,"footnotes":""},"class_list":["post-6681","page","type-page","status-publish","has-post-thumbnail","hentry"],"acf":[],"_links":{"self":[{"href":"https:\/\/ils.simonemontanari.com\/de\/wp-json\/wp\/v2\/pages\/6681","targetHints":{"allow":["GET"]}}],"collection":[{"href":"https:\/\/ils.simonemontanari.com\/de\/wp-json\/wp\/v2\/pages"}],"about":[{"href":"https:\/\/ils.simonemontanari.com\/de\/wp-json\/wp\/v2\/types\/page"}],"author":[{"embeddable":true,"href":"https:\/\/ils.simonemontanari.com\/de\/wp-json\/wp\/v2\/users\/1788"}],"replies":[{"embeddable":true,"href":"https:\/\/ils.simonemontanari.com\/de\/wp-json\/wp\/v2\/comments?post=6681"}],"version-history":[{"count":0,"href":"https:\/\/ils.simonemontanari.com\/de\/wp-json\/wp\/v2\/pages\/6681\/revisions"}],"up":[{"embeddable":true,"href":"https:\/\/ils.simonemontanari.com\/de\/wp-json\/wp\/v2\/pages\/67"}],"wp:featuredmedia":[{"embeddable":true,"href":"https:\/\/ils.simonemontanari.com\/de\/wp-json\/wp\/v2\/media\/6683"}],"wp:attachment":[{"href":"https:\/\/ils.simonemontanari.com\/de\/wp-json\/wp\/v2\/media?parent=6681"}],"curies":[{"name":"wp","href":"https:\/\/api.w.org\/{rel}","templated":true}]}}