{"id":6755,"date":"2024-01-03T13:01:02","date_gmt":"2024-01-03T12:01:02","guid":{"rendered":"https:\/\/ils.simonemontanari.com\/de\/?page_id=6755"},"modified":"2024-10-18T11:48:40","modified_gmt":"2024-10-18T09:48:40","slug":"filmfestival-venedig","status":"publish","type":"page","link":"https:\/\/ils.simonemontanari.com\/de\/podcast-italien\/staffel-1\/filmfestival-venedig\/","title":{"rendered":"1.5 Das Filmfestival von Venedig"},"content":{"rendered":"<h4>1.5 Il Festival di Venezia<\/h4>\n<div class=\"row has-columns two-columns podcast\">\n<div class=\"column\">\n<p><iframe style=\"border-radius:12px\" src=\"https:\/\/open.spotify.com\/embed\/episode\/7heW4yWm9hsQrBsPx1fqhn?utm_source=generator\" width=\"100%\" height=\"352\" frameBorder=\"0\" allowfullscreen=\"\" allow=\"autoplay; clipboard-write; encrypted-media; fullscreen; picture-in-picture\" loading=\"lazy\"><\/iframe><\/p>\n<p>Auch verf\u00fcgbar auf: <a class=\"podcast-meta-itunes\" title=\"Audible\" href=\"https:\/\/music.amazon.it\/podcasts\/ef3c35df-76e7-4ef0-acc9-34c0cb4d82ae\/italia-360\" target=\"_blank\" rel=\"noopener\">Audible<\/a>\u00a0|\u00a0<a class=\"podcast-meta-itunes\" title=\"Apple Podcasts\" href=\"https:\/\/podcasts.apple.com\/us\/podcast\/italia-360%C2%B0\/id1700640883\" target=\"_blank\" rel=\"noopener\">Apple Podcasts<\/a><\/p>\n<\/div>\n<div class=\"column\">\n<p><span class=\"TextRun SCXW50808151 BCX0\" lang=\"IT-IT\" xml:lang=\"IT-IT\" data-contrast=\"auto\"><span class=\"NormalTextRun SpellingErrorV2Themed SCXW50808151 BCX0\">Das<\/span> <span class=\"NormalTextRun SpellingErrorV2Themed SCXW50808151 BCX0\">\u00e4lteste<\/span> <span class=\"NormalTextRun SpellingErrorV2Themed SCXW50808151 BCX0\">Filmfestival<\/span> <span class=\"NormalTextRun SpellingErrorV2Themed SCXW50808151 BCX0\">Europas<\/span><span class=\"NormalTextRun SCXW50808151 BCX0\">, <\/span><span class=\"NormalTextRun SpellingErrorV2Themed SCXW50808151 BCX0\">das<\/span><span class=\"NormalTextRun SCXW50808151 BCX0\"> 1932 <\/span><span class=\"NormalTextRun SpellingErrorV2Themed SCXW50808151 BCX0\">mit<\/span> <span class=\"NormalTextRun SpellingErrorV2Themed SCXW50808151 BCX0\">Unterst\u00fctzung<\/span> <span class=\"NormalTextRun SpellingErrorV2Themed SCXW50808151 BCX0\">des<\/span> <span class=\"NormalTextRun SpellingErrorV2Themed SCXW50808151 BCX0\">faschistischen<\/span> <span class=\"NormalTextRun SpellingErrorV2Themed SCXW50808151 BCX0\">Regimes<\/span> <span class=\"NormalTextRun SpellingErrorV2Themed SCXW50808151 BCX0\">gegr\u00fcndet<\/span> <span class=\"NormalTextRun SpellingErrorV2Themed SCXW50808151 BCX0\">wurde<\/span><span class=\"NormalTextRun SCXW50808151 BCX0\">, <\/span><span class=\"NormalTextRun SpellingErrorV2Themed SCXW50808151 BCX0\">wurde<\/span> <span class=\"NormalTextRun SpellingErrorV2Themed SCXW50808151 BCX0\">zu<\/span> <span class=\"NormalTextRun SpellingErrorV2Themed SCXW50808151 BCX0\">einem<\/span> <span class=\"NormalTextRun SpellingErrorV2Themed SCXW50808151 BCX0\">Schaufenster<\/span> <span class=\"NormalTextRun SpellingErrorV2Themed SCXW50808151 BCX0\">f\u00fcr<\/span> <span class=\"NormalTextRun SpellingErrorV2Themed SCXW50808151 BCX0\">Weltl\u00e4ufigkeit<\/span><span class=\"NormalTextRun SCXW50808151 BCX0\"> und <\/span><span class=\"NormalTextRun SpellingErrorV2Themed SCXW50808151 BCX0\">politische<\/span><span class=\"NormalTextRun SCXW50808151 BCX0\"> Propaganda. <\/span><\/span><\/p>\n<p><span class=\"TextRun SCXW50808151 BCX0\" lang=\"IT-IT\" xml:lang=\"IT-IT\" data-contrast=\"auto\"><span class=\"NormalTextRun SCXW50808151 BCX0\">Im <\/span><span class=\"NormalTextRun SpellingErrorV2Themed SCXW50808151 BCX0\">Laufe<\/span> <span class=\"NormalTextRun SpellingErrorV2Themed SCXW50808151 BCX0\">der<\/span> <span class=\"NormalTextRun SpellingErrorV2Themed SCXW50808151 BCX0\">Jahre<\/span> <span class=\"NormalTextRun SpellingErrorV2Themed SCXW50808151 BCX0\">entwickelte<\/span><span class=\"NormalTextRun SCXW50808151 BCX0\"> es <\/span><span class=\"NormalTextRun SpellingErrorV2Themed SCXW50808151 BCX0\">sich<\/span> <span class=\"NormalTextRun SpellingErrorV2Themed SCXW50808151 BCX0\">zu<\/span> <span class=\"NormalTextRun SpellingErrorV2Themed SCXW50808151 BCX0\">einem<\/span> <span class=\"NormalTextRun SpellingErrorV2Themed SCXW50808151 BCX0\">internationalen<\/span> <span class=\"NormalTextRun SpellingErrorV2Themed SCXW50808151 BCX0\">Wettbewerb<\/span><span class=\"NormalTextRun SCXW50808151 BCX0\">, bei dem <\/span><span class=\"NormalTextRun SpellingErrorV2Themed SCXW50808151 BCX0\">weltber\u00fchmte<\/span> <span class=\"NormalTextRun SpellingErrorV2Themed SCXW50808151 BCX0\">Regisseure<\/span><span class=\"NormalTextRun SCXW50808151 BCX0\"> und <\/span><span class=\"NormalTextRun SpellingErrorV2Themed SCXW50808151 BCX0\">Schauspieler<\/span> <span class=\"NormalTextRun SpellingErrorV2Themed SCXW50808151 BCX0\">ausgezeichnet<\/span> <span class=\"NormalTextRun SpellingErrorV2Themed SCXW50808151 BCX0\">wurden<\/span><span class=\"NormalTextRun SCXW50808151 BCX0\">. <\/span><\/span><\/p>\n<p><span class=\"TextRun SCXW50808151 BCX0\" lang=\"IT-IT\" xml:lang=\"IT-IT\" data-contrast=\"auto\"><span class=\"NormalTextRun SCXW50808151 BCX0\">Ab den 1960er <\/span><span class=\"NormalTextRun SpellingErrorV2Themed SCXW50808151 BCX0\">Jahren<\/span> <span class=\"NormalTextRun SpellingErrorV2Themed SCXW50808151 BCX0\">\u00f6ffnete<\/span><span class=\"NormalTextRun SCXW50808151 BCX0\"> es <\/span><span class=\"NormalTextRun SpellingErrorV2Themed SCXW50808151 BCX0\">sich<\/span> <span class=\"NormalTextRun SpellingErrorV2Themed SCXW50808151 BCX0\">f\u00fcr<\/span> <span class=\"NormalTextRun SpellingErrorV2Themed SCXW50808151 BCX0\">Experimente<\/span><span class=\"NormalTextRun SCXW50808151 BCX0\"> und innovative <\/span><span class=\"NormalTextRun SpellingErrorV2Themed SCXW50808151 BCX0\">Filmemacher<\/span><span class=\"NormalTextRun SCXW50808151 BCX0\">, bis <\/span><span class=\"NormalTextRun ContextualSpellingAndGrammarErrorV2Themed SCXW50808151 BCX0\">es<\/span><span class=\"NormalTextRun SCXW50808151 BCX0\"> in den 1970er <\/span><span class=\"NormalTextRun SpellingErrorV2Themed SCXW50808151 BCX0\">Jahren<\/span> <span class=\"NormalTextRun SpellingErrorV2Themed SCXW50808151 BCX0\">politischen<\/span><span class=\"NormalTextRun SCXW50808151 BCX0\"> und <\/span><span class=\"NormalTextRun SCXW50808151 BCX0\">ideologischen<\/span> <span class=\"NormalTextRun SpellingErrorV2Themed SCXW50808151 BCX0\">Einfl\u00fcssen<\/span> <span class=\"NormalTextRun SpellingErrorV2Themed SCXW50808151 BCX0\">unterworfen<\/span> <span class=\"NormalTextRun SpellingErrorV2Themed SCXW50808151 BCX0\">wurde<\/span><span class=\"NormalTextRun SCXW50808151 BCX0\">.<\/span><\/span><span class=\"EOP SCXW50808151 BCX0\" data-ccp-props=\"{&quot;201341983&quot;:0,&quot;335559739&quot;:160,&quot;335559740&quot;:259}\">\u00a0<\/span><\/p>\n<\/div>\n<\/div>\n<h2>Script &#8211; Il Festival di Venezia<\/h2>\n<p>Benvenuti a una nuova puntata di Italia 360\u00b0 di Europass.<\/p>\n<p>Abbiamo gi\u00e0 parlato dei tanti premi Oscar che sono stati vinti dal cinema italiano, il pi\u00f9 alto numero dopo il cinema americano. Ma oggi vorrei parlarvi del pi\u00f9 antico festival del cinema europeo e il pi\u00f9 antico al mondo dopo quello dell&#8217;Academy Award di Los Angeles, la Mostra internazionale di arte cinematografica o pi\u00f9 semplicemente Mostra del cinema di Venezia.<\/p>\n<p>La Mostra del cinema di Venezia \u00e8, insieme al Festival del Cinema di Cannes e al Festival del Cinema di Berlino, il pi\u00f9 importante festival cinematografico d&#8217;Europa. Il premio principale di Venezia \u00e8 il Leone d&#8217;oro, ispirato direttamente al Leone di San Marco, simbolo della citt\u00e0.<\/p>\n<p>Come vi ho gi\u00e0 detto in un&#8217;altra puntata, la Mostra del cinema di Venezia nasce nel 1932. Siamo in piena epoca fascista e, infatti, il regime, che da sempre aveva favorito la produzione nazionale di film, appoggia favorevolmente la creazione di questo festival che avrebbe portato l&#8217;Italia all&#8217;attenzione internazionale e avrebbe dato al paese la possibilit\u00e0 di mettere in mostra la sua migliore produzione cinematografica.<\/p>\n<p>Inoltre, poteva essere anche una vetrina per esporre film di propaganda politica. La mostra di Venezia era in un primo tempo realizzata ogni due anni perch\u00e9 faceva parte dell&#8217;organizzazione della Biennale D&#8217;arte di Venezia e come la Biennale D&#8217;arte veniva fatta ogni due anni. Non a caso il primo nome del festival era mostra di arte cinematografica, ma gi\u00e0 dal 1935 il festival diventa annuale.<\/p>\n<p>Da subito la mostra del cinema \u00e8 un&#8217;occasione di mondanit\u00e0 di rilievo internazionale.<\/p>\n<p>La bellezza e il prestigio di Venezia attirano moltissime star del cinema mondiale che utilizzano la citt\u00e0 lagunare e la mostra per darsi una grande visibilit\u00e0, soprattutto in Europa. Gi\u00e0 alla prima edizione del 1932 erano presenti i maggiori divi internazionali dell&#8217;epoca come Greta Garbo, Care Gable, John Crawford e il grande Boris Karloff, passato alla storia per il suo ruolo del mostro nel primo Frankenstein.<\/p>\n<p>Infatti, anche i titoli che partecipano erano film diventati dei classici del cinema, come &#8222;Frankenstein&#8220; con Boris Karlov, &#8222;Grand Hotel&#8220; con Greta Garbo, &#8222;A me libert\u00e0&#8220; di Ren\u00e9 Claire e &#8222;Gli uomini che mascalzoni&#8220; che portava sul grande schermo l&#8217;attore Vittorio De Sica, destinato a diventare una delle future icone assolute del cinema italiano, sia come attore che regista.<\/p>\n<p>Se la mostra del cinema nasce solo come una sorta di esposizione cinematografica, gi\u00e0 dalla seconda edizione del 1934 diventa un concorso dove si premiano il miglior regista, il miglior attore, il miglior film italiano e quello straniero. \u00c8 il primo vero concorso cinematografico in Europa e il successo \u00e8 subito evidente. Infatti, gi\u00e0 nel 1934, i paesi concorrenti sono diciannove, con pi\u00f9 di trecento giornalisti e quasi trentamila spettatori che partecipano alla rassegna.<\/p>\n<p>La mostra del cinema diventa subito un luogo di mondanit\u00e0. Tutto il festival e le proiezioni del film si svolgono all&#8217;Hotel Excelsior al Lido di Venezia, una delle localit\u00e0 pi\u00f9 alla moda dell&#8217;Italia del tempo, in uno degli alberghi pi\u00f9 lussuosi della citt\u00e0. Una location perfetta per accogliere il jet set internazionale che accorreva a Venezia durante la Mostra del cinema.<\/p>\n<p>Naturalmente, insieme alla mondanit\u00e0, nascevano i pettegolezzi, i gossip e gli scandali.<\/p>\n<p>Il primo scandalo della mostra di cinema risale al 1934 quando l&#8217;attrice austriaca Hedy Lamarr appare nel film &#8222;Ecstasy&#8220; del cieco Gustav Machat\u00fd completamente nuda, scandalizzando la societ\u00e0 italiana piuttosto perbenista, anche in virt\u00f9 della politica conservatrice del fascismo.<\/p>\n<p>La conferma della forte influenza del fascismo sulla mostra del cinema arriva con l&#8217;istituzione, sempre nel 1934, della Coppa Mussolini per il miglior film italiano e quello straniero. Questo premio era di fatto il pi\u00f9 prestigioso del festival e veniva regolarmente assegnato a film italiani fortemente influenzati dalle ideologie fasciste e, nel caso di film stranieri, a quelli della Germania nazista, alleata dell&#8217;Italia.<\/p>\n<p>La forte influenza ideologica e politica sulla scelta e sulla censura dei film internazionali che partecipavano alla Mostra del cinema fu la causa della nascita, nel 1939, del Festival del Cinema di Cannes. I cineasti francesi, stanchi di essere scartati troppo spesso dal concorso di Venezia per motivi ideologici, decisero di creare un festival proprio.<\/p>\n<p>Nel 1936, nasce la prima giuria internazionale per giudicare i film in concorso, e arrivano a Venezia altri personaggi straordinari della storia del cinema, come i registi Frank Capra, John Ford, Ren\u00e9 Clair e Josef von Sternberg.<\/p>\n<p>Nel 1937, viene inaugurato il Palazzo del Cinema, sempre al Lido di Venezia, costruito in stile modernista e realizzato rapidamente per dimostrare al mondo l&#8217;efficienza e la modernit\u00e0 del regime. Nel nuovo palazzo, arrivano attori come Jean Gabin, Marlene Dietrich e Matt Davis, quest&#8217;ultimo vincitore del premio come migliore attrice.<\/p>\n<p>Nel 1938, la mostra \u00e8 ricordata per le forti pressioni politiche e ideologiche che portano alla vittoria come miglior film straniero &#8222;Olympia&#8220; di Leni Riefenstahl e, per il cinema italiano, al film &#8222;Luciano Serra pilota&#8220;, entrambi espliciti film di propaganda nazifascista.<\/p>\n<p>Nello stesso anno, anche il film di animazione &#8222;Biancaneve e i sette nani&#8220; di Walt Disney vince un premio importante. Tuttavia, da quell&#8217;anno gli Stati Uniti smettono di partecipare alla mostra del cinema, proprio in polemica con la politica ideologica che condizionava il festival.<\/p>\n<p>Dal 1946, con la fine della guerra e la liberazione dell&#8217;Italia, la Mostra del Cinema rinasce con un nuovo slancio e una nuova visione del cinema. Non esiste pi\u00f9 la Coppa Mussolini, ma nasce il Premio del Leone d&#8217;Oro, ispirato appunto al Leone di San Marco, simbolo della citt\u00e0 di Venezia.<\/p>\n<p>Sono anni di rinnovamento per il cinema italiano ed europeo. A caratterizzare questo nuovo percorso saranno i film del Neorealismo, uno dei momenti pi\u00f9 significativi nella storia del cinema italiano, con pellicole come &#8222;Pais\u00e0&#8220; di Roberto Rossellini e &#8222;La terra trema&#8220; di Luchino Visconti.<\/p>\n<p>Bisogna dire per\u00f2 che, nonostante il loro indiscusso valore e il grande successo di pubblico, le opere non ottengono il meritato riconoscimento della critica cinematografica, che in un primo momento non apprezzer\u00e0 questo genere cinematografico.<\/p>\n<p>Con il ritorno alla normalit\u00e0, tornano a Venezia anche le grandi icone del cinema mondiale, come i registi internazionali Orson Welles, Laurence Olivier, Fritz Lang, John Huston, Jean Cocteau, Jean Renoir e Marcel Carn\u00e9. Tra gli attori, spiccano la super Diva Rita Hayworth e Olivia de Havilland.<\/p>\n<p>Un&#8217;altra grande protagonista del cinema italiano sar\u00e0 l&#8217;attrice romana Anna Magnani, spesso premiata come migliore attrice per le sue straordinarie interpretazioni e che in Italia sar\u00e0 una vera diva.<\/p>\n<p>Con gli anni cinquanta, la Mostra del Cinema diventa una straordinaria vetrina del cinema internazionale, ma soprattutto italiano. Sugli schermi del Festival arrivano due tra i pi\u00f9 grandi ed amati registi italiani del dopoguerra, Federico Fellini e Michelangelo Antonioni, che vengono consacrati proprio dalla loro presenza al Lido.<\/p>\n<p>Contemporaneamente ai grandi maestri, si affaccia una serie di giovani emergenti, promettenti volti nuovi di un panorama nazionale in grande ascesa, quantitativa e soprattutto qualitativa. Questo periodo dar\u00e0 vita al periodo forse pi\u00f9 brillante del cinema italiano sul piano internazionale, grazie a giovani registi come Francesco Rosi, Ermanno Olmi, Mario Monicelli, oltre agli ormai celebri Luchino Visconti e Roberto Rossellini.<\/p>\n<p>Gli anni cinquanta sono quelli in cui emergono i pi\u00f9 famosi attori della storia del cinema italiano, che la Mostra del cinema di Venezia fa diventare dei veri divi: Sophia Loren, Gina Lollobrigida, Alberto Sordi, Vittorio Gassman, Marcello Mastroianni.<\/p>\n<p>Finalmente, a Venezia ritorna anche il cinema americano con i nuovi registi Elia Kazan, Billy Wilder, Robert Aldrich. Sono veramente la Golden Age, l&#8217;et\u00e0 dell&#8217;oro della Mostra del Cinema di Venezia e del cinema italiano.<\/p>\n<p>Con gli anni sessanta, la Mostra del Cinema di Venezia si apre a film pi\u00f9 sperimentali e a registi innovativi.<\/p>\n<p>Ci sar\u00e0 un grande interesse per il cinema orientale, come quello giapponese e indiano. Alcuni giovani registi italiani si affacciarono per la prima volta davanti al pubblico, come il discusso Pier Paolo Pasolini per i suoi film provocatori e sperimentali, Bernardo Bertolucci, Paolo e Vittorio Taviani, Marco Ferreri, Marco Bellotti, registi innovativi e a volte anche contestati, che diventeranno dei maestri del cinema italiano negli anni successivi.<\/p>\n<p>Gli anni settanta, sull&#8217;onda della contestazione giovanile legata ai movimenti del &#8217;68, stravolgono completamente la Mostra del Cinema di Venezia. Verr\u00e0 abolita la competizione e quindi il relativo conferimento dei premi. Le dieci edizioni tra il 1969 e il 1979 furono dunque non competitive, in nome di una democratica uguaglianza che voleva abolire il concetto stesso di competizione, in nome di una paritetica possibilit\u00e0 di espressione da parte di tutti.<\/p>\n<p>In questo periodo, la Mostra del cinema subisce una nuova politicizzazione verso ideologie comuniste. Non a caso, nel 1971 viene proiettato un film di propaganda della rivoluzione culturale cinese, il controverso &#8222;Il distaccamento femminile in rosso&#8220;, e si dar\u00e0 sempre pi\u00f9 spazio al cinema dell&#8217;est europeo, quello del cosiddetto blocco comunista sovietico, sempre in un&#8217;ottica di dissenso culturale rispetto alla narrazione politica dominante in quel momento in Italia.<\/p>\n<p>Ma dagli anni ottanta e con l&#8217;arrivo di Carlo Lizzani come direttore della rassegna, La Mostra del Cinema di Venezia ritorna ad essere un festival competitivo, aperto al cinema di ricerca sperimentale e culto, ma anche alle grandi produzioni internazionali come Indiana Jones, Guerre Stellari, E.T., Blade Runner. La Mostra di Venezia far\u00e0 conoscere in Italia e nel mondo registi come il tedesco Rainer Werner Fassbinder, l&#8217;inglese Peter Greenaway e il provocatorio regista spagnolo Pedro Almod\u00f3var.<\/p>\n<p>Grande attenzione anche per Woody Allen e l&#8217;italiano Nanni Moretti, che diventer\u00e0 una delle icone del cinema italiano degli anni successivi.<\/p>\n<p>Con gli anni duemila, la Mostra del cinema di Venezia si globalizza ancora di pi\u00f9 con film sempre pi\u00f9 internazionali, grandi produzioni, ma anche film di nicchia. Tuttavia, forse si banalizza e si omologa agli altri festival del cinema mondiale. L&#8217;Oscar americano, la Palma d&#8217;oro del Festival di Cannes, l&#8217;Orso d&#8217;oro del Festival di Berlino e il Leone d&#8217;oro di Venezia sono premi famosi e riconosciuti in tutto il mondo, ma forse ad ognuno di loro manca un po&#8216; di quel carattere esclusivo che li rendeva diversi l&#8217;uno dall&#8217;altro nel passato.<\/p>\n<p>Il cinema pi\u00f9 commerciale per gli Oscar, quello pi\u00f9 trasgressivo per l&#8217;Orso d&#8217;oro, pi\u00f9 sperimentale il Leone di Venezia, pi\u00f9 intellettuale quello di Cannes. Oggi sembra difficile vedere una differenza fra i vari festival internazionali del cinema, ma anche questo \u00e8 un segno dei tempi che il cinema non smette mai di registrare e di mostrare.<\/p>\n<p>Vi ringrazio per essere stati con noi e con Italia 360\u00b0 di Europass. Un caro saluto a tutti.<\/p>\n<p><img loading=\"lazy\" decoding=\"async\" class=\"alignnone wp-image-6732\" src=\"https:\/\/ils.simonemontanari.com\/de\/wp-content\/uploads\/sites\/2\/2024\/01\/Kofinanzierung-von-der-EU-752x158.jpg\" alt=\"\" width=\"395\" height=\"83\" srcset=\"https:\/\/ils.simonemontanari.com\/de\/wp-content\/uploads\/sites\/2\/2024\/01\/Kofinanzierung-von-der-EU-752x158.jpg 752w, https:\/\/ils.simonemontanari.com\/de\/wp-content\/uploads\/sites\/2\/2024\/01\/Kofinanzierung-von-der-EU-1182x248.jpg 1182w, https:\/\/ils.simonemontanari.com\/de\/wp-content\/uploads\/sites\/2\/2024\/01\/Kofinanzierung-von-der-EU-768x161.jpg 768w, https:\/\/ils.simonemontanari.com\/de\/wp-content\/uploads\/sites\/2\/2024\/01\/Kofinanzierung-von-der-EU-1536x322.jpg 1536w, https:\/\/ils.simonemontanari.com\/de\/wp-content\/uploads\/sites\/2\/2024\/01\/Kofinanzierung-von-der-EU-2048x430.jpg 2048w, https:\/\/ils.simonemontanari.com\/de\/wp-content\/uploads\/sites\/2\/2024\/01\/Kofinanzierung-von-der-EU-1040x218.jpg 1040w\" sizes=\"auto, (max-width: 395px) 100vw, 395px\" \/><\/p>\n","protected":false},"excerpt":{"rendered":"<p>1.5 Il Festival di Venezia Script &#8211; Il Festival di Venezia Benvenuti a una nuova puntata di Italia 360\u00b0 di Europass. Abbiamo gi\u00e0 parlato dei tanti premi Oscar che sono stati vinti dal cinema italiano, il pi\u00f9 alto numero dopo il cinema americano. Ma oggi vorrei parlarvi del pi\u00f9 antico festival del cinema europeo e [&hellip;]<\/p>\n","protected":false},"author":1788,"featured_media":6816,"parent":6735,"menu_order":0,"comment_status":"open","ping_status":"closed","template":"full-width.php","meta":{"_acf_changed":false,"footnotes":""},"class_list":["post-6755","page","type-page","status-publish","has-post-thumbnail","hentry"],"acf":[],"_links":{"self":[{"href":"https:\/\/ils.simonemontanari.com\/de\/wp-json\/wp\/v2\/pages\/6755","targetHints":{"allow":["GET"]}}],"collection":[{"href":"https:\/\/ils.simonemontanari.com\/de\/wp-json\/wp\/v2\/pages"}],"about":[{"href":"https:\/\/ils.simonemontanari.com\/de\/wp-json\/wp\/v2\/types\/page"}],"author":[{"embeddable":true,"href":"https:\/\/ils.simonemontanari.com\/de\/wp-json\/wp\/v2\/users\/1788"}],"replies":[{"embeddable":true,"href":"https:\/\/ils.simonemontanari.com\/de\/wp-json\/wp\/v2\/comments?post=6755"}],"version-history":[{"count":0,"href":"https:\/\/ils.simonemontanari.com\/de\/wp-json\/wp\/v2\/pages\/6755\/revisions"}],"up":[{"embeddable":true,"href":"https:\/\/ils.simonemontanari.com\/de\/wp-json\/wp\/v2\/pages\/6735"}],"wp:featuredmedia":[{"embeddable":true,"href":"https:\/\/ils.simonemontanari.com\/de\/wp-json\/wp\/v2\/media\/6816"}],"wp:attachment":[{"href":"https:\/\/ils.simonemontanari.com\/de\/wp-json\/wp\/v2\/media?parent=6755"}],"curies":[{"name":"wp","href":"https:\/\/api.w.org\/{rel}","templated":true}]}}