{"id":860,"date":"2018-01-22T11:27:44","date_gmt":"2018-01-22T10:27:44","guid":{"rendered":"https:\/\/ils.simonemontanari.com\/de\/?page_id=860"},"modified":"2024-08-23T12:30:49","modified_gmt":"2024-08-23T10:30:49","slug":"anmeldebedingungen","status":"publish","type":"page","link":"https:\/\/ils.simonemontanari.com\/de\/anmeldebedingungen\/","title":{"rendered":"Allgemeine Bedingungen"},"content":{"rendered":"<p>Kontakt:<br \/>\nEuropass SRL, Via Sant\u2019Egidio 12, 50122 Florenz<br \/>\nEmail: europass@europass.it<br \/>\n\u00d6ffnungszeiten des Schulsekretariats: Montag &#8211; Freitag, 8.30-17.15 Uhr<br \/>\nTelefon: +39 055 247 9995<\/p>\n<h2>Kursangebot:<\/h2>\n<h3>Online Kurse<\/h3>\n<p><strong><a href=\"https:\/\/ils.simonemontanari.com\/de\/kurse\/gruppen-online\/\">Online-Kurse Gruppen-Italienischkurse online<\/a>:<\/strong> Unterricht per Videokonferenz mit einem Lehrer und anderen Kursteilnehmern. Mindestdauer zwei Wochen, zwei Unterrichtseinheiten pro Woche \u00e0 100 Minuten.<\/p>\n<p><strong><a href=\"https:\/\/ils.simonemontanari.com\/de\/kurse\/e-learning-plattform-agile\/\">Europass Agile Plattform<\/a>:<\/strong> Kurse zum Selbststudium mit etwa 50 Stunden \u00dcbungen und Aktivit\u00e4ten auf unserer E-Learning Moodle-Plattform.<\/p>\n<p><a href=\"https:\/\/ils.simonemontanari.com\/de\/kurse\/privater-online\/\"><strong>Online Italienisch Privatunterricht<\/strong><\/a>: 1 Privatlektion hat eine Dauer von 50 Minuten. Lektionen werden per Videokonferenz durchgef\u00fchrt. Die Unterrichtszeiten werden im voraus vereinbart.<\/p>\n<h3>Kurse in Florenz<\/h3>\n<p><strong><a href=\"https:\/\/ils.simonemontanari.com\/de\/kurse\/standard-italienischkurse-in-florenz\/\">Italienisch Standardkurse<\/a>:<\/strong> Gruppenunterricht mit einem Lehrer und anderen Kursteilnehmern. 4 Lektionen \u00e0 50 Minuten pro Tag, in Pr\u00e4senz, von Montag bis Freitag, normalerweise von 9.00 bis 12.40Uhr. Es kann vorkommen, dass der Unterricht, nach Ermessen der Schule, auch zu anderen Uhrzeiten durchgef\u00fchrt wird.<\/p>\n<p><strong><a href=\"https:\/\/ils.simonemontanari.com\/de\/kurse\/intensiv-italienischkurse-in-florenz\/\">Intensiv Italienischkurse<\/a><\/strong>: Gruppenunterricht mit einem Lehrer und anderen Kursteilnehmern. 6 Lektionen \u00e0 50 Minuten pro Tag, in Pr\u00e4senz, von Montag bis Freitag, normalerweise von 9.00\u00a0 bis 12.40Uhr und von 13.10 bis 14.50Uhr. Es kann vorkommen, dass der Unterricht, nach Ermessen der Schule, auch zu anderen Uhrzeiten durchgef\u00fchrt wird.<\/p>\n<p><strong><a href=\"https:\/\/ils.simonemontanari.com\/de\/kurse\/privater-italienischunterricht-in-florenz\/\">Privater Italienischunterricht in Florenz<\/a>:<\/strong> Privatunterricht, jede Lektion hat eine Dauer von 50 Minuten. Die Unterrichtszeiten werden im voraus vereinbart.<\/p>\n<p><strong><a href=\"https:\/\/ils.simonemontanari.com\/de\/kurse\/italienischer-sprachurlaub-in-florenz-italien\/\">Sprachurlaub in Florenz<\/a><\/strong>: Italienisch Gruppenunterricht (4 Lektionen \u00e0 50 Minuten pro Tag) von Montag bis Freitag und 3 kulturelle Aktivit\u00e4ten (gef\u00fchrte Spazierg\u00e4nge und gef\u00fchrte Besichtigungen) pro Woche. Thema und Tag\/Uhrzeit der Aktivit\u00e4ten werden von der Schule festgelegt.<\/p>\n<p><strong><a href=\"https:\/\/ils.simonemontanari.com\/de\/kurse\/italienisch-kochurlaub\/\">Italienisch &amp; Kochurlaub in Florenz<\/a>:<\/strong> Italienisch Gruppenunterricht (4 Lektionen \u00e0 50 Minuten pro Tag) von Montag bis Freitag sowie Kochlektionen, die von einer Partnerkochschule durchgef\u00fchrt werden. Die Bezahlung der Kochlektionen erfolgt direkt an die Kochschule. Weitere Anleitungen dazu werden nach der Buchung des Kurses erteilt.<\/p>\n<p><strong><a href=\"https:\/\/ils.simonemontanari.com\/de\/kurse\/italienisch-kunsturlaub\/\">Italienisch &amp; Kunsturlaub in Florenz<\/a>:<\/strong> Italienisch Gruppenunterricht (4 Lektionen \u00e0 50 Minuten pro Tag) von Montag bis Freitag sowie Kunstunterricht, der von einer Partnerkunstschule durchgef\u00fchrt wird. Die Bezahlung des Kunstunterrichts erfolgt direkt mit der Kunstschule. Weitere Anleitungen dazu werden nach der Kursbuchung erteilt.<\/p>\n<p><strong><a href=\"https:\/\/ils.simonemontanari.com\/de\/kurse\/schuelersprachreise-fuer-jugendliche-in-florenz\/\">Sch\u00fclersprachreise in Florenz<\/a>:<\/strong> Italienisch Gruppenunterricht (4 Lektionen \u00e0 50 Minuten pro Tag) von Montag bis Freitag, Animationsprogramm mit 4 Aktivit\u00e4ten verschiedener Art pro Woche, einer Aktivit\u00e4t am Wochenende, 5 Mittagessen pro Woche, ein Lunchpaket f\u00fcr die Aktivit\u00e4t am Wochenende, Unterkunft bei Gastfamilie (Doppelzimmer + Halbpension).<\/p>\n<h3>Weiteres<\/h3>\n<p>Allgemeinen Bedingungen f\u00fcr Unterkuenfte, Kochkurse, Kunstkurse und au\u00dferschulische Aktivit\u00e4ten, die am Wochenende stattfinden, werden auf dieser Seite nicht behandelt, da sie Europass SRL nicht direkt betreffen.<\/p>\n<h2>Preise und Bezahlungen:<\/h2>\n<h3>Preise<\/h3>\n<p>Die Preise variieren je nach Kursdauer, Anzahl der Unterrichtseinheiten und Kursdaten und beinhalten die Mehrwertsteuer. Es wird keine Einschreibegeb\u00fchr erhoben. Das Kursmaterial der Italienischkurse ist im Preis inbegriffen.<\/p>\n<h3>Bezahlung<\/h3>\n<p>Die Bezahlung des Gesamtbetrages des Kurses ist bei der Buchung faellig. Diese kann \u00fcber Paypal, Google Pay, Apple Pay, Bankueberweisung, Kredit\/Debitkarte Mastercard, Visa, American Express und Bank\u00fcberweisung erfolgen.<\/p>\n<p>Der Restbetrag ist bis zu 2 Wochen vor Kursbeginn zu begleichen.<\/p>\n<p>Unsere Bankverbindung im Falle einer \u00dcberweisung:<br \/>\nKontoinhaber: EUROPASS SRL. Bank: Banca Nazionale di Lavoro, Agency 4, Via Verdi 16, 50122 Firenze<br \/>\nIBAN IT05P0100502970000000002034, Kontonummer: 2034<br \/>\nBIC\/Swift: BNLIITRR FIX<\/p>\n<h2>Stornierungen und R\u00fcckerstattungen:<\/h2>\n<p>Im Falle einer Stornierung durch den Teilnehmer bietet EUROPASS SRL einen Rabattcode \u00fcber den vollen Preis an, der f\u00fcr die Belegung anderer Kurse\u00a0 genutzt werden kann. Alternativ erstattet EUROPASS SRL die Kursgeb\u00fchr, abz\u00fcglich 30 % des Gesamtbetrags. R\u00fcckerstattungen f\u00fcr nicht besuchte Kurs sind nicht vorgesehen, auch nicht bei Langzeitkursen.<\/p>\n<p>Im Falle einer Stornierung seitens der Schule kann der Teilnehmer neue Daten (f\u00fcr den Kurs oder dieLektion) vereinbaren oder es wird, alternativ, eine R\u00fcckerstattung angeboten.<\/p>\n<h3>Nationale Feiertage<\/h3>\n<p>An nationalen Feiertagen findet kein Unterricht statt. In solchen F\u00e4llen erh\u00e4lt der Teilnehmer einen Coupon im Wert von \u20ac40. Es werden wede R\u00fcckerstattungen gew\u00e4hrt noch wird der Unterricht nachgeholt. Im Falle des Sch\u00fclerprogrammes: sollte der 15.8. (Feiertag) auf einen Wochentag fallen, wird anstelle des Unterrichts eine Aktivit\u00e4t durchgef\u00fchrt.<\/p>\n<h3>Abwesenheit<\/h3>\n<ul>\n<li>Nichtteilnahme am Unterricht aus pers\u00f6nlichen Gr\u00fcnden, vorzeitige Abreise oder versp\u00e4tete Ankunft, berechtigen nicht f\u00fcr das Nachholen des Unterrichts oder eine (Teil)r\u00fcckerstattung.<\/li>\n<li>Um eine private Unterrichtsstunde zu verschieben, ist die Schule mindestens 24 Stunden vor dem vereinbarten Termin zu informieren. Andernfalls, kann die Lektion weder verlegt noch erstattet werden. Ausnahmen liegen im Ermessen der Direktion.<\/li>\n<\/ul>\n<h3>Mindestteilnehmerzahl<\/h3>\n<p>Sollte die Mindestteilnehmerzahl (3) einer bestimmten Klasse nicht erreicht werden, wird der Unterricht bei 2 Teilnehmern um 50% reduziert. Bleibt ein Teilnehmer allein, wird der Kurs in eine reduzierte Anzahl an Einzelstunden (30 % der urspr\u00fcnglichen Stundenanzahl) und in betreutes Lernen (20 % der urspr\u00fcnglichen Stundenanzahl) umgewandelt.<\/p>\n<h3>Aktivit\u00e4ten<\/h3>\n<p>Sollte ein Kursteilnehmer mehr Aktivit\u00e4ten buchen, als von der Schule angegeben, wird ein Rabattcode als R\u00fcckerstattung ausgestellt.<\/p>\n<h2>Weiteres<\/h2>\n<h3>Mindestalter<\/h3>\n<p>Das Mindestalter, um an den generellen Italienischkursen teilzunehmen, ist 16 Jahre. Das Sch\u00fclerprogramm ist f\u00fcr Teilnehmer von 14 bis 17 Jahren buchbar. Die Kursteilnahme Minderj\u00e4hriger ist nur mit schriftlicher Erlaubnis der Eltern oder Erziehungsberechtigten m\u00f6glich\u00a0 Auch fuer die Benutzung \u00f6ffentlicher Verkehrsmittel und die Teilnahme an allen au\u00dferschulischen Aktivit\u00e4ten, die nicht vom Schulpersonal betreut \/ begleitet werden, ist eine vorherige Autorisierung erforderlich.<\/p>\n<h3>Studienvisum<\/h3>\n<p>Die f\u00fcr das Studienvisum erforderlichen Dokumente werden per E-Mail oder auf Anfrage per Post zugestellt. Im Falle einer Ablehnung des Visums, wird nach Vorlage des Ablehnungsschreibens die gesamte Bezahlung, abzueglich \u20ac 150 Verwaltunggebuehr rueckerstattet.<\/p>\n<h3>Fotos und Video<\/h3>\n<p>Die Schule beh\u00e4lt sich das Recht vor, Fotos und Videoaufnahmen, die von Teilnehmern oder Dritten w\u00e4hrend des Kurses oder der Freizeitaktivit\u00e4ten gemacht wurden, zur Veranschaulichung ihres Angebots zu verwenden. Falls ein Kursteilnehmer die Ver\u00f6ffentlichung dieses Materials nicht erlaubt, muss er die Schule innerhalb eines Monats nach Abschluss des Kurses oder der Ver\u00f6ffentlichung des Fotos oder Videos schriftlich \u00fcber seine Entscheidung informieren.<\/p>\n<p>Sollte die Schule beschlie\u00dfen, dieses Material f\u00fcr Werbezwecke oder Videoproduktionen zu verwenden, werden die Sch\u00fcler gebeten, eine spezielle Einverst\u00e4ndniserkl\u00e4rung zu unterzeichnen.<\/p>\n<h3>Versicherungen<\/h3>\n<p>Die Kursteilnehmer sind f\u00fcr alle Sch\u00e4den an der Einrichtung verantwortlich. Wir empfehlen vor Kursantritt eine Versicherung gegen Diebstahl, Verlust, Unfall oder Krankheit abzuschliessen.<\/p>\n<h3>Akzeptierung der Bedingungen<\/h3>\n<p>Die Anmeldung setzt die Akzeptierung der Anmeldebedingungen der Schule voraus.<\/p>\n","protected":false},"excerpt":{"rendered":"<p>Kontakt: Europass SRL, Via Sant\u2019Egidio 12, 50122 Florenz Email: europass@europass.it \u00d6ffnungszeiten des Schulsekretariats: Montag &#8211; Freitag, 8.30-17.15 Uhr Telefon: +39 055 247 9995 Kursangebot: Online Kurse Online-Kurse Gruppen-Italienischkurse online: Unterricht per Videokonferenz mit einem Lehrer und anderen Kursteilnehmern. Mindestdauer zwei Wochen, zwei Unterrichtseinheiten pro Woche \u00e0 100 Minuten. Europass Agile Plattform: Kurse zum Selbststudium mit [&hellip;]<\/p>\n","protected":false},"author":1788,"featured_media":3933,"parent":0,"menu_order":0,"comment_status":"closed","ping_status":"closed","template":"","meta":{"_acf_changed":false,"footnotes":""},"class_list":["post-860","page","type-page","status-publish","has-post-thumbnail","hentry"],"acf":[],"_links":{"self":[{"href":"https:\/\/ils.simonemontanari.com\/de\/wp-json\/wp\/v2\/pages\/860","targetHints":{"allow":["GET"]}}],"collection":[{"href":"https:\/\/ils.simonemontanari.com\/de\/wp-json\/wp\/v2\/pages"}],"about":[{"href":"https:\/\/ils.simonemontanari.com\/de\/wp-json\/wp\/v2\/types\/page"}],"author":[{"embeddable":true,"href":"https:\/\/ils.simonemontanari.com\/de\/wp-json\/wp\/v2\/users\/1788"}],"replies":[{"embeddable":true,"href":"https:\/\/ils.simonemontanari.com\/de\/wp-json\/wp\/v2\/comments?post=860"}],"version-history":[{"count":0,"href":"https:\/\/ils.simonemontanari.com\/de\/wp-json\/wp\/v2\/pages\/860\/revisions"}],"wp:featuredmedia":[{"embeddable":true,"href":"https:\/\/ils.simonemontanari.com\/de\/wp-json\/wp\/v2\/media\/3933"}],"wp:attachment":[{"href":"https:\/\/ils.simonemontanari.com\/de\/wp-json\/wp\/v2\/media?parent=860"}],"curies":[{"name":"wp","href":"https:\/\/api.w.org\/{rel}","templated":true}]}}