{"id":882,"date":"2018-02-11T12:06:26","date_gmt":"2018-02-11T11:06:26","guid":{"rendered":"https:\/\/ils.simonemontanari.com\/de\/?page_id=882"},"modified":"2024-08-23T12:31:00","modified_gmt":"2024-08-23T10:31:00","slug":"standard","status":"publish","type":"page","link":"https:\/\/ils.simonemontanari.com\/de\/italienischkurse\/standard\/","title":{"rendered":"Classic Europass: Standard Italienischkurse in Florenz"},"content":{"rendered":"<p><strong>4 Unterrichtsstunden am Morgen<\/strong>, f\u00fcnf Tage die Woche. Die vier Unterrichtsstunden sind in Grammatik und Konversation aufgeteilt. Es wird sehr viel Wert auf Konversation in reellen Situation gelegt. Mit dieser Kombination lernst du auf nat\u00fcrliche Weise und ohne Angst Fehler zu machen.<\/p>\n<p>Unsere Lehrer sind richtig klasse! Und das nicht nur wenn es ums Unterrichten geht. Sie schaffen eine <strong>angenehme Atmosph\u00e4re im Klassenraum<\/strong> und stellen sicher, dass sich jeder Sch\u00fcler wohl f\u00fchlt.<\/p>\n<p>W\u00e4hrend des Unterrichts entstehen neue Freundschaften. Und w\u00e4hrend unserer <a href=\"https:\/\/ils.simonemontanari.com\/de\/aufenthalt\/freizeitaktivitaeten\/\">Aktivit\u00e4ten<\/a>, die wir jede Woche anbieten, von interessanten Rundg\u00e4ngen bis hin zu aufregenden Wochenendausfl\u00fcgen, bekommen diese Freundschaften noch einen Input mehr.<\/p>\n<h2>Stundenplan und Preise<\/h2>\n<p><strong>T\u00e4glicher Unterricht, morgens oder nachmittags.<\/strong><br \/>\n<div class=\"clear course-hours\"><i class=\"fal fa-calendar-alt fa-fw\"><\/i> Von Montags bis Freitags.<br \/>\n<i class=\"fal fa-clock fa-fw\"><\/i> Unterricht morgens von 9:00 Uhr bis\u00a012:40 Uhr.<br \/>\n<i class=\"fal fa-clock fa-fw\"><\/i> Unterricht nachmittags von 13:10 Uhr bis 16:50 Uhr <\/div>\n<div class=\"clear table-and-text\">\n    <div class=\"course-details shortcode\">\n        <div class=\"lessons-per-week\"><span class=\"number\">20<\/span>Unterricht pro Woche<\/div>\n        <div class=\"lessons-per-day\"><span class=\"number\">4<\/span>Unterricht pro Tag<\/div>\n        <div class=\"lesson-duration\"><span class=\"number\">50<\/span>minuten jede Unterricht<\/div>\n    <\/div>\n    \n<table class=\"price-table\">\n<tbody>\n<tr>\n<th>Wochen<\/th>\n<th>Preise<\/th>\n<\/tr>\n<tr>\n<td>1<\/td>\n<td>280 \u20ac<\/td>\n<\/tr>\n<tr>\n<td>2<\/td>\n<td>520 \u20ac<\/td>\n<\/tr>\n<tr>\n<td>3<\/td>\n<td>680 \u20ac<\/td>\n<\/tr>\n<tr>\n<td>4<\/td>\n<td>840 \u20ac<\/td>\n<\/tr>\n<tr>\n<td>+1<\/td>\n<td>120 \u20ac<\/td>\n<\/tr>\n<\/tbody>\n<\/table>\n<\/div>\n    <section class=\"conditions-box\">\n        <div class=\"conditions-text\">\n        \n<h2>Details<\/h2>\n<div class=\"column\">\n<div class=\"icon-box\"><i class=\"fal fa-coins fa-fw fa-2x\"><\/i><span class=\"icon-box-text\">Keine Anmeldegeb\u00fchr<\/span><\/div>\n<div class=\"icon-box\"><i class=\"fal fa-undo fa-fw fa-2x\"><\/i><span class=\"icon-box-text\">Kostenlose Stornierung (vier Wochen im Voraus)<\/span><\/div>\n<div class=\"icon-box\"><i class=\"fal fa-book fa-fw fa-2x\"><\/i><span class=\"icon-box-text\">Kursmaterial im Preis enthalten<\/span><\/div>\n<div class=\"icon-box\"><i class=\"fal fa-mug-hot fa-fw fa-2x\"><\/i><span class=\"icon-box-text\">Kostenloser Kaffee, Tee und Snacks<\/span><\/div>\n<div class=\"icon-box\"><i class=\"fal fa-users fa-fw fa-2x\"><\/i><span class=\"icon-box-text\">Kleine Klassen: Min. 4 \u2013  Max. 12 Teilnehmer<\/span><\/div>\n<div class=\"icon-box\"><i class=\"fal fa-house fa-fw fa-2x\"><\/i><span class=\"icon-box-text\">Freier Service f\u00fcr Unterkunftsvermittlungs (falls gew\u00fcnscht)<\/span><\/div>\n<\/div>\n<div class=\"column\">\n<h4>Starttermine 2023<\/h4>\n<details class=\"accordion light\"><summary>Nicht-Anf\u00e4nger<span class=\"icon\"><svg xmlns=\"http:\/\/www.w3.org\/2000\/svg\" aria-hidden=\"true\" role=\"img\" viewBox=\"0 0 448 512\"><path fill=\"currentColor\" d=\"M421.1 244.2L224 426.2l-197.1-181.1C23.78 241.4 19.89 239.1 16 239.1c-4.312 0-8.609 1.719-11.75 5.156c-6 6.5-5.594 16.59 .8906 22.59l208 192c6.156 5.688 15.56 5.688 21.72 0l208-192c6.484-6 6.891-16.09 .8906-22.59C437.8 238.6 427.6 238.2 421.1 244.2zM213.1 267.8c6.156 5.688 15.56 5.688 21.72 0l208-192c6.484-6 6.891-16.09 .8906-22.59c-5.969-6.531-16.11-6.906-22.61-.9062L224 234.2L26.86 52.26C23.78 49.41 19.89 48.01 16 48.01c-4.312 0-8.609 1.719-11.75 5.156c-6 6.5-5.594 16.59 .8906 22.59L213.1 267.8z\"\/><\/svg><\/span><\/summary>\n<p>Jeden Montag<\/p>\n<p>F\u00fcr eine nicht angegebene Wochenanzahl und spezielle Anfragen <a href=\"#page-cta\">schreibt uns<\/a> und fragt nach einem Kostenvoranschlag.<\/p>\n<\/details>\n<details class=\"accordion light\"><summary>Sprachanf\u00e4nger<span class=\"icon\"><svg xmlns=\"http:\/\/www.w3.org\/2000\/svg\" aria-hidden=\"true\" role=\"img\" viewBox=\"0 0 448 512\"><path fill=\"currentColor\" d=\"M421.1 244.2L224 426.2l-197.1-181.1C23.78 241.4 19.89 239.1 16 239.1c-4.312 0-8.609 1.719-11.75 5.156c-6 6.5-5.594 16.59 .8906 22.59l208 192c6.156 5.688 15.56 5.688 21.72 0l208-192c6.484-6 6.891-16.09 .8906-22.59C437.8 238.6 427.6 238.2 421.1 244.2zM213.1 267.8c6.156 5.688 15.56 5.688 21.72 0l208-192c6.484-6 6.891-16.09 .8906-22.59c-5.969-6.531-16.11-6.906-22.61-.9062L224 234.2L26.86 52.26C23.78 49.41 19.89 48.01 16 48.01c-4.312 0-8.609 1.719-11.75 5.156c-6 6.5-5.594 16.59 .8906 22.59L213.1 267.8z\"\/><\/svg><\/span><\/summary>\n<p>9\/01, 23\/01, 6\/02, 20\/02, 6\/03, 20\/03, 3\/04, 17\/04, 2\/05, 15\/05, 5\/06, 19\/06, 3\/07, 17\/07, 31\/07, 14\/08, 4\/09, 18\/09, 2\/10, 16\/10, 6\/11, 20\/11, 4\/12.<\/p>\n<p>F\u00fcr eine nicht angegebene Wochenanzahl und spezielle Anfragen <a href=\"#page-cta\">schreibt uns<\/a> und fragt nach einem Kostenvoranschlag.<\/p>\n<\/details>\n<\/div>\n<details class=\"accordion standard\"><summary>Mehr Informationen<span class=\"icon\"><svg xmlns=\"http:\/\/www.w3.org\/2000\/svg\" aria-hidden=\"true\" role=\"img\" viewBox=\"0 0 448 512\"><path fill=\"currentColor\" d=\"M421.1 244.2L224 426.2l-197.1-181.1C23.78 241.4 19.89 239.1 16 239.1c-4.312 0-8.609 1.719-11.75 5.156c-6 6.5-5.594 16.59 .8906 22.59l208 192c6.156 5.688 15.56 5.688 21.72 0l208-192c6.484-6 6.891-16.09 .8906-22.59C437.8 238.6 427.6 238.2 421.1 244.2zM213.1 267.8c6.156 5.688 15.56 5.688 21.72 0l208-192c6.484-6 6.891-16.09 .8906-22.59c-5.969-6.531-16.11-6.906-22.61-.9062L224 234.2L26.86 52.26C23.78 49.41 19.89 48.01 16 48.01c-4.312 0-8.609 1.719-11.75 5.156c-6 6.5-5.594 16.59 .8906 22.59L213.1 267.8z\"\/><\/svg><\/span><\/summary>\n<p>*Sollte die Mindestanzahl der Teilnehmer (3) nicht erreicht werden, behalten wir uns das Recht vor den Gruppenkurs in eine reduzierte Anzahl von Einzel- bzw. Halb-Einzelstunden umzuwandeln (<a href=\"https:\/\/ils.simonemontanari.com\/de\/anmeldebedingungen\/#reduzierungen-und-verschiebungen\">mehr erfahren<\/a>).<\/p>\n<p><strong>Jeder Kurs beinhaltet<\/strong>: Bestimmung des Sprachniveaus, Kursbuch, Teilnahmezertifikat, Yoga zweimal die Woche in der Schule, ein Coupon f\u00fcr eine unserer Learning tours, allgemeine Unterst\u00fctzung w\u00e4hrend des Aufenthaltes, W-LAN Nutzung, DVD &amp; Buch-leihgabe.<\/p>\n<p><strong>Beinhaltet nicht<\/strong>: <a href=\"https:\/\/ils.simonemontanari.com\/de\/aufenthalt\/unterkuenfte\/\">Unterkunft<\/a>, weitere <a href=\"https:\/\/ils.simonemontanari.com\/de\/aufenthalt\/freizeitaktivitaeten\/\">Learning tours und Aktivit\u00e4ten<\/a> in der Woche und am Wochenende.<\/p>\n<p>Entdecke unsere <a href=\"https:\/\/ils.simonemontanari.com\/de\/urlaub\/\">Learning Holidays<\/a>, Urlaubspakete mit Kursen, Besichtigungen, Ausfl\u00fcgen!<\/p>\n<\/details>\n        <\/div>\n        <div class=\"conditions-cta\">\n            <i class=\"fal fa-rocket\"><\/i>            <span class=\"cta-text\">Noch Fragen?<br>Wir helfen gerne.<\/span><a class=\"button\" href=\"#page-cta\">Schreib uns  <span class=\"icon\"><svg xmlns=\"http:\/\/www.w3.org\/2000\/svg\" aria-hidden=\"true\" focusable=\"false\" role=\"img\" viewBox=\"0 0 448 512\"><path fill=\"currentColor\" d=\"M443.7 266.8l-165.9 176C274.5 446.3 269.1 448 265.5 448c-3.986 0-7.988-1.375-11.16-4.156c-6.773-5.938-7.275-16.06-1.118-22.59L393.9 272H16.59c-9.171 0-16.59-7.155-16.59-15.1S7.421 240 16.59 240h377.3l-140.7-149.3c-6.157-6.531-5.655-16.66 1.118-22.59c6.789-5.906 17.27-5.469 23.45 1.094l165.9 176C449.4 251.3 449.4 260.7 443.7 266.8z\"\/><\/svg><\/span><\/a>\n        <\/div>\n    <\/section>\n    \n[sp_testimonial id=&#8220;6207&#8243;]\n","protected":false},"excerpt":{"rendered":"<p>4 Unterrichtsstunden am Morgen, f\u00fcnf Tage die Woche. Die vier Unterrichtsstunden sind in Grammatik und Konversation aufgeteilt. Es wird sehr viel Wert auf Konversation in reellen Situation gelegt. Mit dieser Kombination lernst du auf nat\u00fcrliche Weise und ohne Angst Fehler zu machen. Unsere Lehrer sind richtig klasse! Und das nicht nur wenn es ums Unterrichten [&hellip;]<\/p>\n","protected":false},"author":1788,"featured_media":0,"parent":52,"menu_order":0,"comment_status":"closed","ping_status":"closed","template":"course.php","meta":{"_acf_changed":false,"footnotes":""},"class_list":["post-882","page","type-page","status-publish","hentry"],"acf":[],"_links":{"self":[{"href":"https:\/\/ils.simonemontanari.com\/de\/wp-json\/wp\/v2\/pages\/882","targetHints":{"allow":["GET"]}}],"collection":[{"href":"https:\/\/ils.simonemontanari.com\/de\/wp-json\/wp\/v2\/pages"}],"about":[{"href":"https:\/\/ils.simonemontanari.com\/de\/wp-json\/wp\/v2\/types\/page"}],"author":[{"embeddable":true,"href":"https:\/\/ils.simonemontanari.com\/de\/wp-json\/wp\/v2\/users\/1788"}],"replies":[{"embeddable":true,"href":"https:\/\/ils.simonemontanari.com\/de\/wp-json\/wp\/v2\/comments?post=882"}],"version-history":[{"count":0,"href":"https:\/\/ils.simonemontanari.com\/de\/wp-json\/wp\/v2\/pages\/882\/revisions"}],"up":[{"embeddable":true,"href":"https:\/\/ils.simonemontanari.com\/de\/wp-json\/wp\/v2\/pages\/52"}],"wp:attachment":[{"href":"https:\/\/ils.simonemontanari.com\/de\/wp-json\/wp\/v2\/media?parent=882"}],"curies":[{"name":"wp","href":"https:\/\/api.w.org\/{rel}","templated":true}]}}