{"id":3411,"date":"2021-04-08T09:55:05","date_gmt":"2021-04-08T08:55:05","guid":{"rendered":"https:\/\/ils.simonemontanari.com\/de\/?post_type=product&#038;p=3411"},"modified":"2024-12-03T10:15:57","modified_gmt":"2024-12-03T09:15:57","slug":"privater-online","status":"publish","type":"product","link":"https:\/\/ils.simonemontanari.com\/de\/kurse\/privater-online\/","title":{"rendered":"Privater Italienischunterricht Online"},"content":{"rendered":"<h2>Kursbeschreibung<\/h2>\n<p>Online-Privatunterricht\u00a0 ist die beste Wahl wenn du einen Kurs suchst, der sich <strong>deinen pers\u00f6nlichen Lernbed\u00fcrfnissen anpasst<\/strong>.<\/p>\n<p>Dank unseren Lehrern, welche alle hochqualifizierte Muttersprachler sind, wirst du <strong>deine Sprachf\u00e4higkeiten in k\u00fcrzester Zeit verbessern<\/strong>. Und das durch gezieltes Lernen nach deinen W\u00fcnschen und Lernrythmus.<\/p>\n<p>Auf unserer E-Learning-Plattform, die speziell f\u00fcr unsere Italienischkurse entwickelt wurde, <strong>findest du mehr als 400 \u00dcbungen<\/strong>, die du unter der Anleitung deines Lehrer oder im Alleingang\u00a0 zwischen den Lektionen, bearbeiten kannst.<\/p>\n<p>Um deine Anmeldung so reibungslos und schnell wie m\u00f6glich zu gestalten, bitten wir dich, in den Anmerkungen Folgendes anzugeben:<\/p>\n<ul>\n<li>Dein aktuelles Italienischsprachlevel (solltest du hier unsicher sein, kannst du unsere <a href=\"https:\/\/ils.simonemontanari.com\/de\/italienisch-test\/\">Leveltests<\/a>\u00a0ausprobieren);<\/li>\n<li>Welches dein Lernziel oder spezielle W\u00fcnsche sind;<\/li>\n<li>Bevorzugte Tage\/Uhrzeit f\u00fcr deine Lektionen.<\/li>\n<\/ul>\n<p>Wir kontaktieren dich gleich nach Erhalt deiner Buchung um deine Lektionen zu planen. Unsere Lehrer sind von Montag bis Freitag, ab 8:30Uhr bis 18:00Uhr verf\u00fcgbar.<\/p>\n<p>Buche jetzt deinen Privatunterricht!<\/p>\n<h2>Was ist inbegriffen<\/h2>\n<div class=\"icon-box\"><i class=\"fal fa-chalkboard-teacher fa-fw fa-2x\"><\/i><span class=\"icon-box-text\">Hochqualifizierte Lehrer<\/span><\/div>\n<div class=\"icon-box\"><i class=\"fal fa-book fa-fw fa-2x\"><\/i><span class=\"icon-box-text\">Lernmaterial: 400 \u00dcbungen und Lernaktivit\u00e4ten<\/span><\/div>\n<div class=\"icon-box\"><i class=\"fal fa-cassette-tape fa-fw fa-2x\"><\/i><span class=\"icon-box-text\">Aufnahme der Lektionen (auf Anfrage)<\/span><\/div>\n<div class=\"icon-box\"><i class=\"fal fa-file-certificate fa-fw fa-2x\"><\/i><span class=\"icon-box-text\">Teilnahmezertifikat<\/span><\/div>\n<h2>Unsere Italienischlehrer<\/h2>\n<div class=\"images-carousel\"><div class=\"images-carousel_wrapper\"><figure class=\"image-carousel\"><img loading=\"lazy\" decoding=\"async\" width=\"752\" height=\"849\" src=\"https:\/\/ils.simonemontanari.com\/de\/wp-content\/uploads\/sites\/2\/2024\/11\/Sofia-G-752x849.jpg\" class=\"attachment-medium size-medium\" alt=\"\" srcset=\"https:\/\/ils.simonemontanari.com\/de\/wp-content\/uploads\/sites\/2\/2024\/11\/Sofia-G-752x849.jpg 752w, https:\/\/ils.simonemontanari.com\/de\/wp-content\/uploads\/sites\/2\/2024\/11\/Sofia-G-1182x1335.jpg 1182w, https:\/\/ils.simonemontanari.com\/de\/wp-content\/uploads\/sites\/2\/2024\/11\/Sofia-G-768x868.jpg 768w, https:\/\/ils.simonemontanari.com\/de\/wp-content\/uploads\/sites\/2\/2024\/11\/Sofia-G-1360x1536.jpg 1360w, https:\/\/ils.simonemontanari.com\/de\/wp-content\/uploads\/sites\/2\/2024\/11\/Sofia-G-1040x1175.jpg 1040w, https:\/\/ils.simonemontanari.com\/de\/wp-content\/uploads\/sites\/2\/2024\/11\/Sofia-G.jpg 1728w\" sizes=\"auto, (max-width: 752px) 100vw, 752px\" \/><figcaption>Sofia<\/figcaption><\/figure><figure class=\"image-carousel\"><img loading=\"lazy\" decoding=\"async\" width=\"752\" height=\"849\" src=\"https:\/\/ils.simonemontanari.com\/de\/wp-content\/uploads\/sites\/2\/2024\/11\/Maurizio-F-752x849.jpg\" class=\"attachment-medium size-medium\" alt=\"\" srcset=\"https:\/\/ils.simonemontanari.com\/de\/wp-content\/uploads\/sites\/2\/2024\/11\/Maurizio-F-752x849.jpg 752w, https:\/\/ils.simonemontanari.com\/de\/wp-content\/uploads\/sites\/2\/2024\/11\/Maurizio-F-1182x1335.jpg 1182w, https:\/\/ils.simonemontanari.com\/de\/wp-content\/uploads\/sites\/2\/2024\/11\/Maurizio-F-768x868.jpg 768w, https:\/\/ils.simonemontanari.com\/de\/wp-content\/uploads\/sites\/2\/2024\/11\/Maurizio-F-1360x1536.jpg 1360w, https:\/\/ils.simonemontanari.com\/de\/wp-content\/uploads\/sites\/2\/2024\/11\/Maurizio-F-1040x1175.jpg 1040w, https:\/\/ils.simonemontanari.com\/de\/wp-content\/uploads\/sites\/2\/2024\/11\/Maurizio-F.jpg 1728w\" sizes=\"auto, (max-width: 752px) 100vw, 752px\" \/><figcaption>Maurizio<\/figcaption><\/figure><figure class=\"image-carousel\"><img loading=\"lazy\" decoding=\"async\" width=\"752\" height=\"849\" src=\"https:\/\/ils.simonemontanari.com\/de\/wp-content\/uploads\/sites\/2\/2021\/11\/enzo-insegnante-italiano-752x849.jpg\" class=\"attachment-medium size-medium\" alt=\"\" srcset=\"https:\/\/ils.simonemontanari.com\/de\/wp-content\/uploads\/sites\/2\/2021\/11\/enzo-insegnante-italiano-752x849.jpg 752w, https:\/\/ils.simonemontanari.com\/de\/wp-content\/uploads\/sites\/2\/2021\/11\/enzo-insegnante-italiano-768x868.jpg 768w, https:\/\/ils.simonemontanari.com\/de\/wp-content\/uploads\/sites\/2\/2021\/11\/enzo-insegnante-italiano-1040x1175.jpg 1040w, https:\/\/ils.simonemontanari.com\/de\/wp-content\/uploads\/sites\/2\/2021\/11\/enzo-insegnante-italiano.jpg 1080w\" sizes=\"auto, (max-width: 752px) 100vw, 752px\" \/><figcaption>Enzo <\/figcaption><\/figure><figure class=\"image-carousel\"><img loading=\"lazy\" decoding=\"async\" width=\"752\" height=\"849\" src=\"https:\/\/ils.simonemontanari.com\/de\/wp-content\/uploads\/sites\/2\/2024\/11\/Francesca-R-752x849.jpg\" class=\"attachment-medium size-medium\" alt=\"\" srcset=\"https:\/\/ils.simonemontanari.com\/de\/wp-content\/uploads\/sites\/2\/2024\/11\/Francesca-R-752x849.jpg 752w, https:\/\/ils.simonemontanari.com\/de\/wp-content\/uploads\/sites\/2\/2024\/11\/Francesca-R-1182x1335.jpg 1182w, https:\/\/ils.simonemontanari.com\/de\/wp-content\/uploads\/sites\/2\/2024\/11\/Francesca-R-768x868.jpg 768w, https:\/\/ils.simonemontanari.com\/de\/wp-content\/uploads\/sites\/2\/2024\/11\/Francesca-R-1360x1536.jpg 1360w, https:\/\/ils.simonemontanari.com\/de\/wp-content\/uploads\/sites\/2\/2024\/11\/Francesca-R-1040x1175.jpg 1040w, https:\/\/ils.simonemontanari.com\/de\/wp-content\/uploads\/sites\/2\/2024\/11\/Francesca-R.jpg 1728w\" sizes=\"auto, (max-width: 752px) 100vw, 752px\" \/><figcaption>Francesca<\/figcaption><\/figure><figure class=\"image-carousel\"><img loading=\"lazy\" decoding=\"async\" width=\"752\" height=\"849\" src=\"https:\/\/ils.simonemontanari.com\/de\/wp-content\/uploads\/sites\/2\/2024\/11\/Giulia-L-752x849.jpg\" class=\"attachment-medium size-medium\" alt=\"\" srcset=\"https:\/\/ils.simonemontanari.com\/de\/wp-content\/uploads\/sites\/2\/2024\/11\/Giulia-L-752x849.jpg 752w, https:\/\/ils.simonemontanari.com\/de\/wp-content\/uploads\/sites\/2\/2024\/11\/Giulia-L-1182x1335.jpg 1182w, https:\/\/ils.simonemontanari.com\/de\/wp-content\/uploads\/sites\/2\/2024\/11\/Giulia-L-768x868.jpg 768w, https:\/\/ils.simonemontanari.com\/de\/wp-content\/uploads\/sites\/2\/2024\/11\/Giulia-L-1360x1536.jpg 1360w, https:\/\/ils.simonemontanari.com\/de\/wp-content\/uploads\/sites\/2\/2024\/11\/Giulia-L-1040x1175.jpg 1040w, https:\/\/ils.simonemontanari.com\/de\/wp-content\/uploads\/sites\/2\/2024\/11\/Giulia-L.jpg 1728w\" sizes=\"auto, (max-width: 752px) 100vw, 752px\" \/><figcaption>Giulia<\/figcaption><\/figure><figure class=\"image-carousel\"><img loading=\"lazy\" decoding=\"async\" width=\"752\" height=\"849\" src=\"https:\/\/ils.simonemontanari.com\/de\/wp-content\/uploads\/sites\/2\/2022\/07\/Michela-Silla-752x849.jpg\" class=\"attachment-medium size-medium\" alt=\"\" srcset=\"https:\/\/ils.simonemontanari.com\/de\/wp-content\/uploads\/sites\/2\/2022\/07\/Michela-Silla-752x849.jpg 752w, https:\/\/ils.simonemontanari.com\/de\/wp-content\/uploads\/sites\/2\/2022\/07\/Michela-Silla-1182x1335.jpg 1182w, https:\/\/ils.simonemontanari.com\/de\/wp-content\/uploads\/sites\/2\/2022\/07\/Michela-Silla-768x868.jpg 768w, https:\/\/ils.simonemontanari.com\/de\/wp-content\/uploads\/sites\/2\/2022\/07\/Michela-Silla-1360x1536.jpg 1360w, https:\/\/ils.simonemontanari.com\/de\/wp-content\/uploads\/sites\/2\/2022\/07\/Michela-Silla-1813x2048.jpg 1813w, https:\/\/ils.simonemontanari.com\/de\/wp-content\/uploads\/sites\/2\/2022\/07\/Michela-Silla-1040x1175.jpg 1040w\" sizes=\"auto, (max-width: 752px) 100vw, 752px\" \/><figcaption>Michela<\/figcaption><\/figure><figure class=\"image-carousel\"><img loading=\"lazy\" decoding=\"async\" width=\"752\" height=\"849\" src=\"https:\/\/ils.simonemontanari.com\/de\/wp-content\/uploads\/sites\/2\/2022\/11\/francesca_puglisi-752x849.jpg\" class=\"attachment-medium size-medium\" alt=\"\" srcset=\"https:\/\/ils.simonemontanari.com\/de\/wp-content\/uploads\/sites\/2\/2022\/11\/francesca_puglisi-752x849.jpg 752w, https:\/\/ils.simonemontanari.com\/de\/wp-content\/uploads\/sites\/2\/2022\/11\/francesca_puglisi-768x868.jpg 768w, https:\/\/ils.simonemontanari.com\/de\/wp-content\/uploads\/sites\/2\/2022\/11\/francesca_puglisi-1040x1175.jpg 1040w, https:\/\/ils.simonemontanari.com\/de\/wp-content\/uploads\/sites\/2\/2022\/11\/francesca_puglisi.jpg 1080w\" sizes=\"auto, (max-width: 752px) 100vw, 752px\" \/><figcaption>Francesca<\/figcaption><\/figure><figure class=\"image-carousel\"><img loading=\"lazy\" decoding=\"async\" width=\"752\" height=\"849\" src=\"https:\/\/ils.simonemontanari.com\/de\/wp-content\/uploads\/sites\/2\/2024\/11\/Filippo-Mulinacci-752x849.jpg\" class=\"attachment-medium size-medium\" alt=\"\" srcset=\"https:\/\/ils.simonemontanari.com\/de\/wp-content\/uploads\/sites\/2\/2024\/11\/Filippo-Mulinacci-752x849.jpg 752w, https:\/\/ils.simonemontanari.com\/de\/wp-content\/uploads\/sites\/2\/2024\/11\/Filippo-Mulinacci.jpg 756w\" sizes=\"auto, (max-width: 752px) 100vw, 752px\" \/><figcaption>Filippo<\/figcaption><\/figure><figure class=\"image-carousel\"><img loading=\"lazy\" decoding=\"async\" width=\"752\" height=\"849\" src=\"https:\/\/ils.simonemontanari.com\/de\/wp-content\/uploads\/sites\/2\/2024\/04\/Leonardo-Benozzi-752x849.png\" class=\"attachment-medium size-medium\" alt=\"\" srcset=\"https:\/\/ils.simonemontanari.com\/de\/wp-content\/uploads\/sites\/2\/2024\/04\/Leonardo-Benozzi-752x849.png 752w, https:\/\/ils.simonemontanari.com\/de\/wp-content\/uploads\/sites\/2\/2024\/04\/Leonardo-Benozzi-768x868.png 768w, https:\/\/ils.simonemontanari.com\/de\/wp-content\/uploads\/sites\/2\/2024\/04\/Leonardo-Benozzi-1040x1175.png 1040w, https:\/\/ils.simonemontanari.com\/de\/wp-content\/uploads\/sites\/2\/2024\/04\/Leonardo-Benozzi.png 1080w\" sizes=\"auto, (max-width: 752px) 100vw, 752px\" \/><figcaption>Leonardo<\/figcaption><\/figure><figure class=\"image-carousel\"><img loading=\"lazy\" decoding=\"async\" width=\"752\" height=\"849\" src=\"https:\/\/ils.simonemontanari.com\/de\/wp-content\/uploads\/sites\/2\/2024\/01\/Esposito-Lilli-752x849.png\" class=\"attachment-medium size-medium\" alt=\"\" srcset=\"https:\/\/ils.simonemontanari.com\/de\/wp-content\/uploads\/sites\/2\/2024\/01\/Esposito-Lilli-752x849.png 752w, https:\/\/ils.simonemontanari.com\/de\/wp-content\/uploads\/sites\/2\/2024\/01\/Esposito-Lilli-768x868.png 768w, https:\/\/ils.simonemontanari.com\/de\/wp-content\/uploads\/sites\/2\/2024\/01\/Esposito-Lilli.png 810w\" sizes=\"auto, (max-width: 752px) 100vw, 752px\" \/><figcaption>Lilli<\/figcaption><\/figure><figure class=\"image-carousel\"><img loading=\"lazy\" decoding=\"async\" width=\"752\" height=\"849\" src=\"https:\/\/ils.simonemontanari.com\/de\/wp-content\/uploads\/sites\/2\/2022\/07\/Bianca-Lami-752x849.jpg\" class=\"attachment-medium size-medium\" alt=\"\" srcset=\"https:\/\/ils.simonemontanari.com\/de\/wp-content\/uploads\/sites\/2\/2022\/07\/Bianca-Lami-752x849.jpg 752w, https:\/\/ils.simonemontanari.com\/de\/wp-content\/uploads\/sites\/2\/2022\/07\/Bianca-Lami-768x868.jpg 768w, https:\/\/ils.simonemontanari.com\/de\/wp-content\/uploads\/sites\/2\/2022\/07\/Bianca-Lami-1040x1175.jpg 1040w, https:\/\/ils.simonemontanari.com\/de\/wp-content\/uploads\/sites\/2\/2022\/07\/Bianca-Lami.jpg 1080w\" sizes=\"auto, (max-width: 752px) 100vw, 752px\" \/><figcaption>Bianca<\/figcaption><\/figure><figure class=\"image-carousel\"><img loading=\"lazy\" decoding=\"async\" width=\"752\" height=\"849\" src=\"https:\/\/ils.simonemontanari.com\/de\/wp-content\/uploads\/sites\/2\/2023\/12\/Federico-di-Leo-752x849.png\" class=\"attachment-medium size-medium\" alt=\"\" srcset=\"https:\/\/ils.simonemontanari.com\/de\/wp-content\/uploads\/sites\/2\/2023\/12\/Federico-di-Leo-752x849.png 752w, https:\/\/ils.simonemontanari.com\/de\/wp-content\/uploads\/sites\/2\/2023\/12\/Federico-di-Leo-768x868.png 768w, https:\/\/ils.simonemontanari.com\/de\/wp-content\/uploads\/sites\/2\/2023\/12\/Federico-di-Leo-1040x1175.png 1040w, https:\/\/ils.simonemontanari.com\/de\/wp-content\/uploads\/sites\/2\/2023\/12\/Federico-di-Leo.png 1080w\" sizes=\"auto, (max-width: 752px) 100vw, 752px\" \/><figcaption>Federico<\/figcaption><\/figure><figure class=\"image-carousel\"><img loading=\"lazy\" decoding=\"async\" width=\"752\" height=\"849\" src=\"https:\/\/ils.simonemontanari.com\/de\/wp-content\/uploads\/sites\/2\/2023\/03\/Donatella-Paolini-752x849.jpg\" class=\"attachment-medium size-medium\" alt=\"\" srcset=\"https:\/\/ils.simonemontanari.com\/de\/wp-content\/uploads\/sites\/2\/2023\/03\/Donatella-Paolini-752x849.jpg 752w, https:\/\/ils.simonemontanari.com\/de\/wp-content\/uploads\/sites\/2\/2023\/03\/Donatella-Paolini-768x868.jpg 768w, https:\/\/ils.simonemontanari.com\/de\/wp-content\/uploads\/sites\/2\/2023\/03\/Donatella-Paolini-1040x1175.jpg 1040w, https:\/\/ils.simonemontanari.com\/de\/wp-content\/uploads\/sites\/2\/2023\/03\/Donatella-Paolini.jpg 1080w\" sizes=\"auto, (max-width: 752px) 100vw, 752px\" \/><figcaption>Donatella<\/figcaption><\/figure><figure class=\"image-carousel\"><img loading=\"lazy\" decoding=\"async\" width=\"752\" height=\"849\" src=\"https:\/\/ils.simonemontanari.com\/de\/wp-content\/uploads\/sites\/2\/2022\/11\/domenica_di_biase-752x849.jpg\" class=\"attachment-medium size-medium\" alt=\"\" srcset=\"https:\/\/ils.simonemontanari.com\/de\/wp-content\/uploads\/sites\/2\/2022\/11\/domenica_di_biase-752x849.jpg 752w, https:\/\/ils.simonemontanari.com\/de\/wp-content\/uploads\/sites\/2\/2022\/11\/domenica_di_biase-768x868.jpg 768w, https:\/\/ils.simonemontanari.com\/de\/wp-content\/uploads\/sites\/2\/2022\/11\/domenica_di_biase-1040x1175.jpg 1040w, https:\/\/ils.simonemontanari.com\/de\/wp-content\/uploads\/sites\/2\/2022\/11\/domenica_di_biase.jpg 1080w\" sizes=\"auto, (max-width: 752px) 100vw, 752px\" \/><figcaption>Domenica<\/figcaption><\/figure><figure class=\"image-carousel\"><img loading=\"lazy\" decoding=\"async\" width=\"752\" height=\"849\" src=\"https:\/\/ils.simonemontanari.com\/de\/wp-content\/uploads\/sites\/2\/2021\/11\/enzo-insegnante-italiano-752x849.jpg\" class=\"attachment-medium size-medium\" alt=\"\" srcset=\"https:\/\/ils.simonemontanari.com\/de\/wp-content\/uploads\/sites\/2\/2021\/11\/enzo-insegnante-italiano-752x849.jpg 752w, https:\/\/ils.simonemontanari.com\/de\/wp-content\/uploads\/sites\/2\/2021\/11\/enzo-insegnante-italiano-768x868.jpg 768w, https:\/\/ils.simonemontanari.com\/de\/wp-content\/uploads\/sites\/2\/2021\/11\/enzo-insegnante-italiano-1040x1175.jpg 1040w, https:\/\/ils.simonemontanari.com\/de\/wp-content\/uploads\/sites\/2\/2021\/11\/enzo-insegnante-italiano.jpg 1080w\" sizes=\"auto, (max-width: 752px) 100vw, 752px\" \/><figcaption>Enzo <\/figcaption><\/figure><figure class=\"image-carousel\"><img loading=\"lazy\" decoding=\"async\" width=\"752\" height=\"849\" src=\"https:\/\/ils.simonemontanari.com\/de\/wp-content\/uploads\/sites\/2\/2021\/11\/layla-insegnante-italiano-752x849.jpg\" class=\"attachment-medium size-medium\" alt=\"\" srcset=\"https:\/\/ils.simonemontanari.com\/de\/wp-content\/uploads\/sites\/2\/2021\/11\/layla-insegnante-italiano-752x849.jpg 752w, https:\/\/ils.simonemontanari.com\/de\/wp-content\/uploads\/sites\/2\/2021\/11\/layla-insegnante-italiano-768x868.jpg 768w, https:\/\/ils.simonemontanari.com\/de\/wp-content\/uploads\/sites\/2\/2021\/11\/layla-insegnante-italiano-1040x1175.jpg 1040w, https:\/\/ils.simonemontanari.com\/de\/wp-content\/uploads\/sites\/2\/2021\/11\/layla-insegnante-italiano.jpg 1080w\" sizes=\"auto, (max-width: 752px) 100vw, 752px\" \/><figcaption>Layla <\/figcaption><\/figure><figure class=\"image-carousel\"><img loading=\"lazy\" decoding=\"async\" width=\"752\" height=\"849\" src=\"https:\/\/ils.simonemontanari.com\/de\/wp-content\/uploads\/sites\/2\/2021\/11\/riccardo-insegnante-italiano-752x849.jpg\" class=\"attachment-medium size-medium\" alt=\"\" srcset=\"https:\/\/ils.simonemontanari.com\/de\/wp-content\/uploads\/sites\/2\/2021\/11\/riccardo-insegnante-italiano-752x849.jpg 752w, https:\/\/ils.simonemontanari.com\/de\/wp-content\/uploads\/sites\/2\/2021\/11\/riccardo-insegnante-italiano-768x868.jpg 768w, https:\/\/ils.simonemontanari.com\/de\/wp-content\/uploads\/sites\/2\/2021\/11\/riccardo-insegnante-italiano-1040x1175.jpg 1040w, https:\/\/ils.simonemontanari.com\/de\/wp-content\/uploads\/sites\/2\/2021\/11\/riccardo-insegnante-italiano.jpg 1080w\" sizes=\"auto, (max-width: 752px) 100vw, 752px\" \/><figcaption>Riccardo<\/figcaption><\/figure><figure class=\"image-carousel\"><img loading=\"lazy\" decoding=\"async\" width=\"752\" height=\"849\" src=\"https:\/\/ils.simonemontanari.com\/de\/wp-content\/uploads\/sites\/2\/2021\/11\/xenia-insegnante-italiano-752x849.jpg\" class=\"attachment-medium size-medium\" alt=\"\" srcset=\"https:\/\/ils.simonemontanari.com\/de\/wp-content\/uploads\/sites\/2\/2021\/11\/xenia-insegnante-italiano-752x849.jpg 752w, https:\/\/ils.simonemontanari.com\/de\/wp-content\/uploads\/sites\/2\/2021\/11\/xenia-insegnante-italiano-768x868.jpg 768w, https:\/\/ils.simonemontanari.com\/de\/wp-content\/uploads\/sites\/2\/2021\/11\/xenia-insegnante-italiano-1040x1175.jpg 1040w, https:\/\/ils.simonemontanari.com\/de\/wp-content\/uploads\/sites\/2\/2021\/11\/xenia-insegnante-italiano.jpg 1080w\" sizes=\"auto, (max-width: 752px) 100vw, 752px\" \/><figcaption>Xenia <\/figcaption><\/figure><\/div><div class=\"carousel-navigation\"><button id=\"prev\" disabled=\"true\">Previous<\/button><button id=\"next\">Next<\/button><\/div><\/div>\n<h2>Stundenplan<\/h2>\n<div class=\"icon-box\"><i class=\"fal fa-alarm-clock fa-fw fa-2x\"><\/i><span class=\"icon-box-text\">Eine Unterrichtseinheit = 50 Minuten<\/span><\/div>\n<div class=\"icon-box\"><i class=\"fal fa-calendar-check fa-fw fa-2x\"><\/i><span class=\"icon-box-text\">Unterricht von Montag bis Freitag, 8:30Uhr - 18:00Uhr<\/span><\/div>\n<h2>Preise<\/h2>\n<div class=\"icon-box\"><i class=\"fal fa-coins fa-fw fa-2x\"><\/i><span class=\"icon-box-text\">Keine Anmeldegeb\u00fchr<\/span><\/div>\n<div class=\"icon-box\"><i class=\"fal fa-percentage fa-fw fa-2x\"><\/i><span class=\"icon-box-text\">Rabatte bis zu 20% f\u00fcr Long-terms<\/span><\/div>\n","protected":false},"excerpt":{"rendered":"<p>Suchst du nach einem Privatlehrer, mit dem du \u00fcber ausgew\u00e4hlte Themen sprechen kannst und der deine Zweifel beseitigt?<\/p>\n<p>Du m\u00f6chtest<strong> fliessend Italienisch sprechen lernen<\/strong> und das am besten mit einem Muttersprachler?<\/p>\n<p>Unsere Privatkurse sind die richtige L\u00f6sung f\u00fcr dich!<\/p>\n","protected":false},"featured_media":5578,"comment_status":"open","ping_status":"closed","template":"","meta":{"_acf_changed":false},"product_brand":[],"product_cat":[25,75],"product_tag":[],"class_list":{"0":"post-3411","1":"product","2":"type-product","3":"status-publish","4":"has-post-thumbnail","6":"product_cat-kurse","7":"product_cat-privater","9":"first","10":"instock","11":"downloadable","12":"virtual","13":"purchasable","14":"product-type-simple"},"group_of_quantity":0,"min_quantity":5,"max_quantity":"","exclude_order_quantity_value_rules":"no","exclude_category_quantity_rules":"no","combine_variations":"no","exclude_global_add_ons":false,"addons":[{"name":"Stundenplan","type":"heading","position":0,"required":false,"title_format":"label","default":"","description_enable":false,"description":"","placeholder_enable":false,"placeholder":"","display":"select","restrictions_type":"any_text","adjust_price":false,"price":"","price_type":"flat_fee","restrictions":false,"min":"0","max":"0","options":[],"id":1691601264},{"name":"Wie viele Lektionen pro Woche?","type":"input_multiplier","position":1,"required":true,"title_format":"label","default":"","description_enable":false,"description":"","placeholder_enable":false,"placeholder":"","display":"select","restrictions_type":"any_text","adjust_price":false,"price":"","price_type":"flat_fee","restrictions":false,"min":"0","max":"0","options":[],"id":1691601265},{"name":"Bevorzugte Tage","type":"checkbox","position":2,"required":true,"title_format":"label","default":"","description_enable":false,"description":"","placeholder_enable":false,"placeholder":"","display":"select","restrictions_type":"any_text","adjust_price":false,"price":"","price_type":"flat_fee","restrictions":false,"min":"0","max":"0","options":[{"label":"Montag","price":"","price_type":"flat_fee","image":0,"visibility":true},{"label":"Dienstag","price":"","price_type":"flat_fee","image":0,"visibility":true},{"label":"Mittwoch","price":"","price_type":"flat_fee","image":0,"visibility":true},{"label":"Donnerstag","price":"","price_type":"flat_fee","image":0,"visibility":true},{"label":"Freitag","price":"","price_type":"flat_fee","image":0,"visibility":true}],"id":1691601266},{"name":"Bevorzugte Tageszeit (CET)","type":"checkbox","position":3,"required":true,"title_format":"label","default":"","description_enable":false,"description":"","placeholder_enable":false,"placeholder":"","display":"select","restrictions_type":"any_text","adjust_price":false,"price":"","price_type":"flat_fee","restrictions":false,"min":"0","max":"0","options":[{"label":"Fr\u00fcher Morgen","price":"","price_type":"flat_fee","image":0,"visibility":true},{"label":"Sp\u00e4ter Vormittag","price":"","price_type":"flat_fee","image":0,"visibility":true},{"label":"Fr\u00fcher Nachmittag","price":"","price_type":"flat_fee","image":0,"visibility":true},{"label":"Sp\u00e4ter Nachmittag","price":"","price_type":"flat_fee","image":0,"visibility":true}],"id":1691601267},{"name":"Notes","type":"custom_textarea","position":4,"required":false,"title_format":"label","default":"","description_enable":false,"description":"","placeholder_enable":false,"placeholder":"","display":"select","restrictions_type":"any_text","adjust_price":false,"price":"","price_type":"flat_fee","restrictions":false,"min":"0","max":"0","options":[],"id":1691601268}],"acf":[],"_links":{"self":[{"href":"https:\/\/ils.simonemontanari.com\/de\/wp-json\/wp\/v2\/product\/3411","targetHints":{"allow":["GET"]}}],"collection":[{"href":"https:\/\/ils.simonemontanari.com\/de\/wp-json\/wp\/v2\/product"}],"about":[{"href":"https:\/\/ils.simonemontanari.com\/de\/wp-json\/wp\/v2\/types\/product"}],"replies":[{"embeddable":true,"href":"https:\/\/ils.simonemontanari.com\/de\/wp-json\/wp\/v2\/comments?post=3411"}],"wp:featuredmedia":[{"embeddable":true,"href":"https:\/\/ils.simonemontanari.com\/de\/wp-json\/wp\/v2\/media\/5578"}],"wp:attachment":[{"href":"https:\/\/ils.simonemontanari.com\/de\/wp-json\/wp\/v2\/media?parent=3411"}],"wp:term":[{"taxonomy":"product_brand","embeddable":true,"href":"https:\/\/ils.simonemontanari.com\/de\/wp-json\/wp\/v2\/product_brand?post=3411"},{"taxonomy":"product_cat","embeddable":true,"href":"https:\/\/ils.simonemontanari.com\/de\/wp-json\/wp\/v2\/product_cat?post=3411"},{"taxonomy":"product_tag","embeddable":true,"href":"https:\/\/ils.simonemontanari.com\/de\/wp-json\/wp\/v2\/product_tag?post=3411"}],"curies":[{"name":"wp","href":"https:\/\/api.w.org\/{rel}","templated":true}]}}