{"id":3488,"date":"2021-04-29T11:10:04","date_gmt":"2021-04-29T09:10:04","guid":{"rendered":"https:\/\/ils.simonemontanari.com\/de\/?post_type=product&#038;p=3488"},"modified":"2023-10-03T09:59:37","modified_gmt":"2023-10-03T07:59:37","slug":"gruppen-online-old","status":"publish","type":"product","link":"https:\/\/ils.simonemontanari.com\/de\/kurse\/gruppen-online-old\/","title":{"rendered":"Live Italienisch Online-Gruppenkurse"},"content":{"rendered":"<h2>Kursbeschreibung<\/h2>\n<p>Dieselbe <strong>angenehm entspannte und famili\u00e4re Atmosph\u00e4re<\/strong>, die unsere Kurse in Florenz auszeichnet, findest du auch in unseren Online-Gruppenkursen wieder.<\/p>\n<p>\u00dcber 1000 Kursteilnehmer pro Jahr w\u00e4hlen unsere Online Italienischkurse. Somit ist die Verf\u00fcgbarkeit der Gruppen f\u00fcr jedes Sprachlevel garantiert!<\/p>\n<p><span lang=\"en-US\">Gleich nach deiner Buchung, erh\u00e4lst du Zugang zu unserern E-learning Plattform mit <strong>Lernresourcen und Tools, <\/strong>die aus deinem Italienischkurs eine wundervolle Lernerfahrung machen.<\/span><\/p>\n<p>Auf der Plattform erwarten dich \u00fcber <strong>400 \u00dcbungen <\/strong>und Erkl\u00e4rungen, die du w\u00e4hrend des Unterrichts oder auch im Alleingang bearbeiten kannst.<\/p>\n<p><span lang=\"en-US\">Unsere Lehrer gestalten den Unterricht interaktiv und unterhaltsam mit Aktivit\u00e4ten, Pr\u00e4sentationen und Videos, die sie mit den Teilnehmern teilen.<\/span><\/p>\n<p><span lang=\"en-US\"><strong>Jede Lektion wird aufgezeichnet und kann jederzeit aufgerufen werden. <\/strong>Das ist sehr praktisch, solltest du verhindert sein, am Unterricht live teilzunehmen<strong>.\u00a0<\/strong><\/span><\/p>\n<p>Melde dich jetzt an und bringe deine Italienischkenntnisse auf das n\u00e4chste Level!<\/p>\n<h2>Stundenplan<\/h2>\n<div class=\"icon-box\"><i class=\"fal fa-pencil-alt fa-fw fa-2x\"><\/i><span class=\"icon-box-text\">2 Unterrichtseinheiten pro Woche, eine UE= 100 Minuten<\/span><\/div>\n<div class=\"icon-box\"><i class=\"fal fa-calendar-check fa-fw fa-2x\"><\/i><span class=\"icon-box-text\">Kurse das ganze Jahr verf\u00fcgbar<\/span><\/div>\n<div class=\"icon-box\"><i class=\"fal fa-alarm-clock fa-fw fa-2x\"><\/i><span class=\"icon-box-text\">Mo\/Mi oder Di\/Do um 17Uhr CET*<\/span><\/div>\n<p>*Je nach Verf\u00fcgbarkeit der Schule werden die Kurse gelegentlich auch am Vormittag angeboten. F\u00fcr die Best\u00e4tigung des Stundenplans Deiner Kursstufe oder falls Du Alternativen am Vormittag erkunden m\u00f6chtest, setze Dich gerne mit uns in Verbindung, bevor Du buchst.<\/p>\n<h2>Preise<\/h2>\n<div class=\"icon-box\"><i class=\"fal fa-coins fa-fw fa-2x\"><\/i><span class=\"icon-box-text\">Keine Anmeldegeb\u00fchr<\/span><\/div>\n<div class=\"icon-box\"><i class=\"fal fa-percentage fa-fw fa-2x\"><\/i><span class=\"icon-box-text\">Bis zu 30% Rabatt auf Long-term-Anmeldungen <\/span><\/div>\n<h2>Was ist inbegriffen<\/h2>\n<div class=\"icon-box\"><i class=\"fal fa-book fa-fw fa-2x\"><\/i><span class=\"icon-box-text\">Unterrichtsmaterial<\/span><\/div>\n<div class=\"icon-box\"><i class=\"fal fa-users fa-fw fa-2x\"><\/i><span class=\"icon-box-text\">Kleine Gruppen: min. 3, max. 12 Teilnehmer<\/span><\/div>\n<div class=\"icon-box\"><i class=\"fal fa-chalkboard-teacher fa-fw fa-2x\"><\/i><span class=\"icon-box-text\">Hochqualifizierte Lehrer<\/span><\/div>\n<div class=\"icon-box\"><i class=\"fal fa-cassette-tape fa-fw fa-2x\"><\/i><span class=\"icon-box-text\">Aufnahme der Lektionen<\/span><\/div>\n<div class=\"icon-box\"><i class=\"fal fa-file-certificate fa-fw fa-2x\"><\/i><span class=\"icon-box-text\">Teilnahmezertifikat<\/span><\/div>\n","protected":false},"excerpt":{"rendered":"<p>M\u00f6chtest du <strong>Italienisch online<\/strong> in einer virtuellen Klasse lernen und das mit einem Muttersprachler?<\/p>\n<p>Dann melde dich bei unseren <strong>Italienisch Online-Gruppenkursen<\/strong> an! Es startet schon bald ein Kurs mit deinem Sprachlevel!<\/p>\n","protected":false},"featured_media":5579,"comment_status":"open","ping_status":"closed","template":"","meta":{"_acf_changed":false},"product_brand":[],"product_cat":[25],"product_tag":[],"class_list":{"0":"post-3488","1":"product","2":"type-product","3":"status-publish","4":"has-post-thumbnail","6":"product_cat-kurse","8":"first","9":"instock","10":"sold-individually","11":"shipping-taxable","12":"purchasable","13":"product-type-variable"},"group_of_quantity":0,"min_quantity":0,"max_quantity":"","exclude_order_quantity_value_rules":"no","exclude_category_quantity_rules":"no","combine_variations":"no","exclude_global_add_ons":[],"addons":[],"acf":[],"_links":{"self":[{"href":"https:\/\/ils.simonemontanari.com\/de\/wp-json\/wp\/v2\/product\/3488","targetHints":{"allow":["GET"]}}],"collection":[{"href":"https:\/\/ils.simonemontanari.com\/de\/wp-json\/wp\/v2\/product"}],"about":[{"href":"https:\/\/ils.simonemontanari.com\/de\/wp-json\/wp\/v2\/types\/product"}],"replies":[{"embeddable":true,"href":"https:\/\/ils.simonemontanari.com\/de\/wp-json\/wp\/v2\/comments?post=3488"}],"wp:featuredmedia":[{"embeddable":true,"href":"https:\/\/ils.simonemontanari.com\/de\/wp-json\/wp\/v2\/media\/5579"}],"wp:attachment":[{"href":"https:\/\/ils.simonemontanari.com\/de\/wp-json\/wp\/v2\/media?parent=3488"}],"wp:term":[{"taxonomy":"product_brand","embeddable":true,"href":"https:\/\/ils.simonemontanari.com\/de\/wp-json\/wp\/v2\/product_brand?post=3488"},{"taxonomy":"product_cat","embeddable":true,"href":"https:\/\/ils.simonemontanari.com\/de\/wp-json\/wp\/v2\/product_cat?post=3488"},{"taxonomy":"product_tag","embeddable":true,"href":"https:\/\/ils.simonemontanari.com\/de\/wp-json\/wp\/v2\/product_tag?post=3488"}],"curies":[{"name":"wp","href":"https:\/\/api.w.org\/{rel}","templated":true}]}}