{"id":6281,"date":"2023-08-09T14:13:55","date_gmt":"2023-08-09T12:13:55","guid":{"rendered":"https:\/\/ils.simonemontanari.com\/de\/?post_type=product&#038;p=6281"},"modified":"2024-04-19T16:41:10","modified_gmt":"2024-04-19T14:41:10","slug":"stadte-kunst-italien","status":"publish","type":"product","link":"https:\/\/ils.simonemontanari.com\/de\/kurse\/stadte-kunst-italien\/","title":{"rendered":"Kleine und gro\u00dfe Kunstst\u00e4dte in Italien"},"content":{"rendered":"<p>In dieser Reihe von Videolektionen werden wir uns mit der Geschichte und Kunst anderer kleiner und gro\u00dfer St\u00e4dte in Nord-, Mittel- und S\u00fcditalien befassen.<\/p>\n<h2>Trailer<\/h2>\n<blockquote class=\"instagram-media\" style=\"background: #FFF; border: 0; border-radius: 3px; box-shadow: 0 0 1px 0 rgba(0,0,0,0.5),0 1px 10px 0 rgba(0,0,0,0.15); margin: 1px; max-width: 540px; min-width: 326px; padding: 0; width: calc(100% - 2px);\" data-instgrm-captioned=\"\" data-instgrm-permalink=\"https:\/\/www.instagram.com\/reel\/CzbGHZzLHNx\/?utm_source=ig_embed&amp;utm_campaign=loading\" data-instgrm-version=\"14\">\n<div style=\"padding: 16px;\">\n<p>&nbsp;<\/p>\n<div style=\"display: flex; flex-direction: row; align-items: center;\">\n<div style=\"background-color: #f4f4f4; border-radius: 50%; flex-grow: 0; height: 40px; margin-right: 14px; width: 40px;\"><\/div>\n<div style=\"display: flex; flex-direction: column; flex-grow: 1; justify-content: center;\">\n<div style=\"background-color: #f4f4f4; border-radius: 4px; flex-grow: 0; height: 14px; margin-bottom: 6px; width: 100px;\"><\/div>\n<div style=\"background-color: #f4f4f4; border-radius: 4px; flex-grow: 0; height: 14px; width: 60px;\"><\/div>\n<\/div>\n<\/div>\n<div style=\"padding: 19% 0;\"><\/div>\n<div style=\"display: block; height: 50px; margin: 0 auto 12px; width: 50px;\"><\/div>\n<div style=\"padding-top: 8px;\">\n<div style=\"color: #3897f0; font-family: Arial,sans-serif; font-size: 14px; font-style: normal; font-weight: 550; line-height: 18px;\">Visualizza questo post su Instagram<\/div>\n<\/div>\n<div style=\"padding: 12.5% 0;\"><\/div>\n<div style=\"display: flex; flex-direction: row; margin-bottom: 14px; align-items: center;\">\n<div>\n<div style=\"background-color: #f4f4f4; border-radius: 50%; height: 12.5px; width: 12.5px; transform: translateX(0px) translateY(7px);\"><\/div>\n<div style=\"background-color: #f4f4f4; height: 12.5px; transform: rotate(-45deg) translateX(3px) translateY(1px); width: 12.5px; flex-grow: 0; margin-right: 14px; margin-left: 2px;\"><\/div>\n<div style=\"background-color: #f4f4f4; border-radius: 50%; height: 12.5px; width: 12.5px; transform: translateX(9px) translateY(-18px);\"><\/div>\n<\/div>\n<div style=\"margin-left: 8px;\">\n<div style=\"background-color: #f4f4f4; border-radius: 50%; flex-grow: 0; height: 20px; width: 20px;\"><\/div>\n<div style=\"width: 0; height: 0; border-top: 2px solid transparent; border-left: 6px solid #f4f4f4; border-bottom: 2px solid transparent; transform: translateX(16px) translateY(-4px) rotate(30deg);\"><\/div>\n<\/div>\n<div style=\"margin-left: auto;\">\n<div style=\"width: 0px; border-top: 8px solid #F4F4F4; border-right: 8px solid transparent; transform: translateY(16px);\"><\/div>\n<div style=\"background-color: #f4f4f4; flex-grow: 0; height: 12px; width: 16px; transform: translateY(-4px);\"><\/div>\n<div style=\"width: 0; height: 0; border-top: 8px solid #F4F4F4; border-left: 8px solid transparent; transform: translateY(-4px) translateX(8px);\"><\/div>\n<\/div>\n<\/div>\n<div style=\"display: flex; flex-direction: column; flex-grow: 1; justify-content: center; margin-bottom: 24px;\">\n<div style=\"background-color: #f4f4f4; border-radius: 4px; flex-grow: 0; height: 14px; margin-bottom: 6px; width: 224px;\"><\/div>\n<div style=\"background-color: #f4f4f4; border-radius: 4px; flex-grow: 0; height: 14px; width: 144px;\"><\/div>\n<\/div>\n<p>&nbsp;<\/p>\n<p style=\"color: #c9c8cd; font-family: Arial,sans-serif; font-size: 14px; line-height: 17px; margin-bottom: 0; margin-top: 8px; overflow: hidden; padding: 8px 0 7px; text-align: center; text-overflow: ellipsis; white-space: nowrap;\"><a style=\"color: #c9c8cd; font-family: Arial,sans-serif; font-size: 14px; font-style: normal; font-weight: normal; line-height: 17px; text-decoration: none;\" href=\"https:\/\/www.instagram.com\/reel\/CzbGHZzLHNx\/?utm_source=ig_embed&amp;utm_campaign=loading\" target=\"_blank\" rel=\"noopener\">Un post condiviso da Italian Language School (@europassitalian)<\/a><\/p>\n<\/div>\n<\/blockquote>\n<p><script async src=\"\/\/www.instagram.com\/embed.js\"><\/script><\/p>\n<h2>Programm<\/h2>\n<h3>Die Kunstst\u00e4dte Norditaliens<\/h3>\n<p><img loading=\"lazy\" decoding=\"async\" class=\"alignnone size-medium wp-image-8522\" src=\"https:\/\/ils.simonemontanari.com\/it\/wp-content\/uploads\/sites\/4\/2023\/07\/Nord-Italia-752x482.png\" alt=\"\" width=\"752\" height=\"482\" \/><\/p>\n<p><strong>Ravenna &#8211; Emilia-Romagna:<\/strong><br \/>\nWo Dante seine letzten Lebensjahre verbrachte. Sie ist bekannt f\u00fcr ihre herrlichen byzantinischen Mosaike und Denkm\u00e4ler aus der kaiserlichen und byzantinisch-gotischen Zeit.<\/p>\n<p><strong>Padua &#8211; Venetien:<\/strong><br \/>\nIst ber\u00fchmt f\u00fcr die Scrovegni-Kapelle mit den Fresken von Giotto, die als eines der Meisterwerke der abendl\u00e4ndischen Kunst gelten!<\/p>\n<p><strong>Mantua &#8211; Lombardei:<br \/>\n<\/strong>Die Stadt, in der Romeo nach seiner Flucht aus Verona Zuflucht fand, ist reich an Schl\u00f6ssern und majest\u00e4tischen Pal\u00e4sten, wie dem Herzogspalast, in dem sich das ber\u00fchmte Brautgemach befindet.<\/p>\n<p><strong>Parma &#8211; Emilia-Romagna:<br \/>\n<\/strong>Die Stadt ist in ganz Italien f\u00fcr ihre K\u00fcche und ihre typischen Produkte bekannt. Hier befindet sich auch eines der \u00e4ltesten Theater der Welt im italienischen Stil, das Teatro Farnese.<\/p>\n<p><strong>Bergamo &#8211; Lombardei:<br \/>\n<\/strong>Eine Stadt, die in zwei Teile geteilt ist: die Citt\u00e0 Alta, der alte Teil der Stadt, in dem die mittelalterlichen Mauern erhalten sind, und die Citt\u00e0 Bassa, der moderne Teil, der in der Ebene darunter liegt.<\/p>\n<p><strong>Ferrara &#8211; Emilia-Romagna:<\/strong><br \/>\nHier befindet sich das imposante Castello Estense, eine Festung mit einem gro\u00dfen Wassergraben und vier eckigen T\u00fcrmen.<\/p>\n<h3>Die Kunstst\u00e4dte Mittelitaliens<\/h3>\n<p><img loading=\"lazy\" decoding=\"async\" class=\"alignnone size-medium wp-image-8521\" src=\"https:\/\/ils.simonemontanari.com\/it\/wp-content\/uploads\/sites\/4\/2023\/07\/Centro-Italia-752x482.png\" alt=\"\" width=\"752\" height=\"482\" \/><\/p>\n<p><strong>Lucca &#8211; Toskana:<br \/>\n<\/strong>Die Stadt der hundert Kirchen ist ber\u00fchmt f\u00fcr ihre mittelalterliche Stadtmauer, die das gesamte historische Zentrum umschlie\u00dft. Eines der Symbole von Lucca ist der Guinigi-Turm, der im Mittelalter erbaut wurde.<\/p>\n<p><strong>Urbino &#8211; Marke:<br \/>\n<\/strong>Die Stadt ist der Geburtsort von Raphael Sanzio und verf\u00fcgt \u00fcber ein bedeutendes k\u00fcnstlerisches und kulturelles Erbe, ein Symbol f\u00fcr den \u00dcbergang vom Mittelalter zur Renaissance.<\/p>\n<p><strong>Orvieto &#8211; Umbrien:<br \/>\n<\/strong>Die Stadt ist auf einem gro\u00dfen Vulkanfelsen erbaut. Es gibt ein komplexes System von H\u00f6hlen und unterirdischen G\u00e4ngen. Der Dom von Orvieto ist ein Meisterwerk der gotischen Architektur.<\/p>\n<p><strong>Viterbo &#8211; Latium:<\/strong><br \/>\nIst das Herz der historischen Region Tuscia und bekannt f\u00fcr seine nat\u00fcrlichen Thermalb\u00e4der, die Terme dei Papi. Das historische Stadtzentrum ist ein Labyrinth aus engen, gewundenen Gassen.<\/p>\n<p><strong>L&#8217;Aquila &#8211; Abruzzen:<br \/>\n<\/strong>Mittelalterliche und Renaissance-Architektur schm\u00fccken die Stadt, deren wichtigste Bauwerke das Spanische Schloss und die Basilika Santa Maria di Collemaggio sind.<\/p>\n<p><strong>Assisi &#8211; Umbrien<\/strong>:<br \/>\nIst ein wichtiges Pilgerzentrum und bietet einen herrlichen Blick auf die H\u00fcgel der Region. Die Basilika San Francesco ist eine der Hauptattraktionen der Stadt.<\/p>\n<h3>Die Kunstst\u00e4dte in S\u00fcditalien<\/h3>\n<p><img loading=\"lazy\" decoding=\"async\" class=\"alignnone size-medium wp-image-8523\" src=\"https:\/\/ils.simonemontanari.com\/it\/wp-content\/uploads\/sites\/4\/2023\/07\/Sud-Italia-752x482.png\" alt=\"\" width=\"752\" height=\"482\" \/><\/p>\n<p><strong>Syrakus &#8211; Sizilien:<br \/>\n<\/strong>Eine der \u00e4ltesten St\u00e4dte Siziliens, deren historischer Kern, die Insel Ortigia, ein charmantes Viertel mit engen Gassen, malerischen Pl\u00e4tzen und bedeutenden Bauwerken wie der Kathedrale ist.<\/p>\n<p><strong>Lecce &#8211; Apulien:<br \/>\n<\/strong>Bekannt als das &#8222;Florenz des S\u00fcdens&#8220; ist die Stadt f\u00fcr ihre eleganten Barockbauten aus Pietra Leccese, einem Kalkstein, der bei Sonnenuntergang eine goldene Farbe annimmt.<\/p>\n<p><strong>Matera &#8211; Basilikata:<\/strong><br \/>\nDie Stadt ist ber\u00fchmt f\u00fcr ihre &#8222;Sassi di Matera&#8220;, antike, in den Fels gehauene Behausungen, die eine der \u00e4ltesten kontinuierlich bewohnten menschlichen Siedlungen der Welt darstellen.<\/p>\n<p><strong>Catania &#8211; Sizilien:<br \/>\n<\/strong>Catania liegt an der Ostk\u00fcste Siziliens und wird vom \u00c4tna, dem h\u00f6chsten aktiven Vulkan Europas, beherrscht. Die Kathedrale von Catania ist eine imposante Barockkathedrale.<\/p>\n<p><strong>Caserta &#8211; Kampanien:<br \/>\n<\/strong>Hier befindet sich die ber\u00fchmte Reggia di Caserta, einer der gr\u00f6\u00dften K\u00f6nigspal\u00e4ste der Welt mit einem gro\u00dfen Park mit wundersch\u00f6nen italienischen G\u00e4rten.<\/p>\n<p><strong>Val di Noto &#8211; Sizilien:<br \/>\n<\/strong>Dazu geh\u00f6ren Noto, Ragusa, Modica und andere. Diese St\u00e4dte sind pr\u00e4chtige Beispiele barocker Architektur mit Kirchen, Pal\u00e4sten und Pl\u00e4tzen von au\u00dfergew\u00f6hnlicher Eleganz<\/p>\n<h2>Kursdetails<\/h2>\n<div class=\"icon-box\"><i class=\"fal fa-alarm-clock fa-fw fa-2x\"><\/i><span class=\"icon-box-text\">60 Minuten ive f\u00fcr jede Stadt<\/span><\/div>\n<div class=\"icon-box\"><i class=\"fal fa-calendar fa-fw fa-2x\"><\/i><span class=\"icon-box-text\">Jeden Montag um 18:00 Uhr<\/span><\/div>\n<div class=\"icon-box\"><i class=\"fal fa-hourglass-start fa-fw fa-2x\"><\/i><span class=\"icon-box-text\">Ab 27. November 2023<\/span><\/div>\n<div class=\"icon-box\"><i class=\"fal fa-cassette-tape fa-fw fa-2x\"><\/i><span class=\"icon-box-text\">Jede Videolektion wird aufgenommen<\/span><\/div>\n<div class=\"icon-box\"><i class=\"fal fa-chalkboard-teacher fa-fw fa-2x\"><\/i><span class=\"icon-box-text\">Mit <a href=\"https:\/\/ils.simonemontanari.com\/maurizio-faggi\/\">Maurizio Faggi<\/a><\/span><\/div>\n","protected":false},"excerpt":{"rendered":"<p>Zwischen 1600 und 1700 unternahmen in Europa Aristokraten, Liebhaber der sch\u00f6nen K\u00fcnste und Kultur, eine Reise nach Italien, fasziniert von den k\u00fcnstlerischen und kulturellen Wundern des sch\u00f6nen Landes: die Grand Tour.<\/p>\n<p>Auch wir werden diese Reise mit euch unternehmen, um die sch\u00f6nsten italienischen Kunstst\u00e4dte zu entdecken, zu denen nicht nur Venedig, Florenz und Rom geh\u00f6ren.<\/p>\n","protected":false},"featured_media":6325,"comment_status":"open","ping_status":"closed","template":"","meta":{"_acf_changed":false},"product_brand":[],"product_cat":[25],"product_tag":[],"class_list":{"0":"post-6281","1":"product","2":"type-product","3":"status-publish","4":"has-post-thumbnail","6":"product_cat-kurse","8":"first","9":"instock","10":"sale","11":"sold-individually","12":"shipping-taxable","13":"purchasable","14":"product-type-variable"},"group_of_quantity":0,"min_quantity":0,"max_quantity":"","exclude_order_quantity_value_rules":"no","exclude_category_quantity_rules":"no","combine_variations":"no","exclude_global_add_ons":[],"addons":[],"acf":[],"_links":{"self":[{"href":"https:\/\/ils.simonemontanari.com\/de\/wp-json\/wp\/v2\/product\/6281","targetHints":{"allow":["GET"]}}],"collection":[{"href":"https:\/\/ils.simonemontanari.com\/de\/wp-json\/wp\/v2\/product"}],"about":[{"href":"https:\/\/ils.simonemontanari.com\/de\/wp-json\/wp\/v2\/types\/product"}],"replies":[{"embeddable":true,"href":"https:\/\/ils.simonemontanari.com\/de\/wp-json\/wp\/v2\/comments?post=6281"}],"wp:featuredmedia":[{"embeddable":true,"href":"https:\/\/ils.simonemontanari.com\/de\/wp-json\/wp\/v2\/media\/6325"}],"wp:attachment":[{"href":"https:\/\/ils.simonemontanari.com\/de\/wp-json\/wp\/v2\/media?parent=6281"}],"wp:term":[{"taxonomy":"product_brand","embeddable":true,"href":"https:\/\/ils.simonemontanari.com\/de\/wp-json\/wp\/v2\/product_brand?post=6281"},{"taxonomy":"product_cat","embeddable":true,"href":"https:\/\/ils.simonemontanari.com\/de\/wp-json\/wp\/v2\/product_cat?post=6281"},{"taxonomy":"product_tag","embeddable":true,"href":"https:\/\/ils.simonemontanari.com\/de\/wp-json\/wp\/v2\/product_tag?post=6281"}],"curies":[{"name":"wp","href":"https:\/\/api.w.org\/{rel}","templated":true}]}}