{"id":6302,"date":"2023-08-09T16:29:02","date_gmt":"2023-08-09T14:29:02","guid":{"rendered":"https:\/\/ils.simonemontanari.com\/de\/kurse\/italienischer-sprachurlaub-in-florenz-italien\/"},"modified":"2024-11-21T16:23:25","modified_gmt":"2024-11-21T15:23:25","slug":"italienischer-sprachurlaub-in-florenz-italien","status":"publish","type":"product","link":"https:\/\/ils.simonemontanari.com\/de\/kurse\/italienischer-sprachurlaub-in-florenz-italien\/","title":{"rendered":"Italienischer Sprachurlaub in Florenz, Italien"},"content":{"rendered":"<h2>Programmbeschreibung<\/h2>\n<p>Florenz ist eine atemberaubene Stadt, die es zu erkunden gilt. Unglaublichen Architektur, pr\u00e4chtige Denkm\u00e4ler und atemberaubende Aussicht werden deinen Urlaub unvergesslich machen. In Florenz zu spazieren, f\u00fchlt sich an, wie in einem <strong>Freilichtmuseum<\/strong> zu sein.<\/p>\n<p>Die wundersch\u00f6ne H\u00fcgellandschaft, welche Florenz umgibt, l\u00e4dt zu entspannten Spazierg\u00e4ngen ein, um die zahlreichen malerischen Stra\u00dfen, zu erkunden.<\/p>\n<p>Wenn du also die italienische Kultur in der Wiege der italienischen Sprache kennen lernen und gleichzeitig einen fantastischen Urlaub genie\u00dfen m\u00f6chtest, ist der italienische Sprachurlaub die richtige Wahl:<\/p>\n<p>Das Programm beinhaltet einen <strong>Italienisch Gruppenkurs hoher Qualit\u00e4t am Vormittag<\/strong> und<strong> kulturelle Aktivit\u00e4ten am Nachmittag<\/strong>.<\/p>\n<p>Der Unterricht findet jeden Tag von 9\u00a0 bis 12.40 Uhr statt. Die Klassen sind klein, und wenn m\u00f6glich werden die Teilnehmer den verschiedenen Klassen nicht nur entsprechend ihren Italienisch-Vorkenntnissen, sondern auch nach Altersgruppen zugeordnet.<\/p>\n<p><strong>Lass Sorgen und Probleme zu Hause und geniesse deinen Urlaub!<\/strong> Wir k\u00fcmmern uns um den Rest!<\/p>\n<h2>Was ist im Kurspreis enthalten<\/h2>\n<div class=\"icon-box\"><i class=\"fal fa-house fa-fw fa-2x\"><\/i><span class=\"icon-box-text\">Kostenlose Hilfe bei der Unterkunftssuche<\/span><\/div>\n<div class=\"icon-box\"><i class=\"fal fa-calendar-alt fa-fw fa-2x\"><\/i><span class=\"icon-box-text\">Italienischkurs, von 9Uhr bis 12.40Uhr.<\/span><\/div>\n<div class=\"icon-box\"><i class=\"fal fa-camera-retro fa-fw fa-2x\"><\/i><span class=\"icon-box-text\">3 kulturelle Aktivit\u00e4ten pro Woche<\/span><\/div>\n<div class=\"icon-box\"><i class=\"fal fa-file-lines fa-fw fa-2x\"><\/i><span class=\"icon-box-text\">Einstufungstest<\/span><\/div>\n<div class=\"icon-box\"><i class=\"fal fa-book fa-fw fa-2x\"><\/i><span class=\"icon-box-text\">Lernmaterial und Willkommenspaket<\/span><\/div>\n<div class=\"icon-box\"><i class=\"fal fa-mug-hot fa-fw fa-2x\"><\/i><span class=\"icon-box-text\">Kaffee, Tee und Snacks<\/span><\/div>\n<div class=\"icon-box\"><i class=\"fal fa-file-certificate fa-fw fa-2x\"><\/i><span class=\"icon-box-text\">Teilnahmezerifikat<\/span><\/div>\n<div class=\"icon-box\"><i class=\"fal fa-ellipsis-h fa-fw fa-2x\"><\/i><span class=\"icon-box-text\">Wi-Fi, Klimaanlage, B\u00fccherverleih<\/span><\/div>\n<h4>Was inkludiert werden kann: Zus\u00e4tzliche Aktivit\u00e4ten<\/h4>\n<p>Im Moment Deiner Kurseinschreibung, erh\u00e4ltst Du au\u00dferdem einen Preisnachlass von 20 % f\u00fcr Buchungen bei unserem Partner-Tour Veranstalter, der \u00fcber 100 Wochenendausfl\u00fcge in die attraktivsten italienischen St\u00e4dte organisiert.<\/p>\n<p><a href=\"https:\/\/ils.simonemontanari.com\/de\/aufenthalt\/freizeitaktivitaeten\/\">Entdecke mehr \u00fcber unsere Aktivit\u00e4ten<\/a><\/p>\n<h2>Unsere Italienischlehrer<\/h2>\n<div class=\"images-carousel\"><div class=\"images-carousel_wrapper\"><figure class=\"image-carousel\"><img loading=\"lazy\" decoding=\"async\" width=\"752\" height=\"849\" src=\"https:\/\/ils.simonemontanari.com\/de\/wp-content\/uploads\/sites\/2\/2024\/11\/Maurizio-F-752x849.jpg\" class=\"attachment-medium size-medium\" alt=\"\" srcset=\"https:\/\/ils.simonemontanari.com\/de\/wp-content\/uploads\/sites\/2\/2024\/11\/Maurizio-F-752x849.jpg 752w, https:\/\/ils.simonemontanari.com\/de\/wp-content\/uploads\/sites\/2\/2024\/11\/Maurizio-F-1182x1335.jpg 1182w, https:\/\/ils.simonemontanari.com\/de\/wp-content\/uploads\/sites\/2\/2024\/11\/Maurizio-F-768x868.jpg 768w, https:\/\/ils.simonemontanari.com\/de\/wp-content\/uploads\/sites\/2\/2024\/11\/Maurizio-F-1360x1536.jpg 1360w, https:\/\/ils.simonemontanari.com\/de\/wp-content\/uploads\/sites\/2\/2024\/11\/Maurizio-F-1040x1175.jpg 1040w, https:\/\/ils.simonemontanari.com\/de\/wp-content\/uploads\/sites\/2\/2024\/11\/Maurizio-F.jpg 1728w\" sizes=\"auto, (max-width: 752px) 100vw, 752px\" \/><figcaption>Maurizio<\/figcaption><\/figure><figure class=\"image-carousel\"><img loading=\"lazy\" decoding=\"async\" width=\"752\" height=\"849\" src=\"https:\/\/ils.simonemontanari.com\/de\/wp-content\/uploads\/sites\/2\/2024\/11\/Francesca-R-752x849.jpg\" class=\"attachment-medium size-medium\" alt=\"\" srcset=\"https:\/\/ils.simonemontanari.com\/de\/wp-content\/uploads\/sites\/2\/2024\/11\/Francesca-R-752x849.jpg 752w, https:\/\/ils.simonemontanari.com\/de\/wp-content\/uploads\/sites\/2\/2024\/11\/Francesca-R-1182x1335.jpg 1182w, https:\/\/ils.simonemontanari.com\/de\/wp-content\/uploads\/sites\/2\/2024\/11\/Francesca-R-768x868.jpg 768w, https:\/\/ils.simonemontanari.com\/de\/wp-content\/uploads\/sites\/2\/2024\/11\/Francesca-R-1360x1536.jpg 1360w, https:\/\/ils.simonemontanari.com\/de\/wp-content\/uploads\/sites\/2\/2024\/11\/Francesca-R-1040x1175.jpg 1040w, https:\/\/ils.simonemontanari.com\/de\/wp-content\/uploads\/sites\/2\/2024\/11\/Francesca-R.jpg 1728w\" sizes=\"auto, (max-width: 752px) 100vw, 752px\" \/><figcaption>Francesca<\/figcaption><\/figure><figure class=\"image-carousel\"><img loading=\"lazy\" decoding=\"async\" width=\"752\" height=\"849\" src=\"https:\/\/ils.simonemontanari.com\/de\/wp-content\/uploads\/sites\/2\/2024\/11\/Giulia-L-752x849.jpg\" class=\"attachment-medium size-medium\" alt=\"\" srcset=\"https:\/\/ils.simonemontanari.com\/de\/wp-content\/uploads\/sites\/2\/2024\/11\/Giulia-L-752x849.jpg 752w, https:\/\/ils.simonemontanari.com\/de\/wp-content\/uploads\/sites\/2\/2024\/11\/Giulia-L-1182x1335.jpg 1182w, https:\/\/ils.simonemontanari.com\/de\/wp-content\/uploads\/sites\/2\/2024\/11\/Giulia-L-768x868.jpg 768w, https:\/\/ils.simonemontanari.com\/de\/wp-content\/uploads\/sites\/2\/2024\/11\/Giulia-L-1360x1536.jpg 1360w, https:\/\/ils.simonemontanari.com\/de\/wp-content\/uploads\/sites\/2\/2024\/11\/Giulia-L-1040x1175.jpg 1040w, https:\/\/ils.simonemontanari.com\/de\/wp-content\/uploads\/sites\/2\/2024\/11\/Giulia-L.jpg 1728w\" sizes=\"auto, (max-width: 752px) 100vw, 752px\" \/><figcaption>Giulia<\/figcaption><\/figure><figure class=\"image-carousel\"><img loading=\"lazy\" decoding=\"async\" width=\"752\" height=\"849\" src=\"https:\/\/ils.simonemontanari.com\/de\/wp-content\/uploads\/sites\/2\/2022\/11\/francesca_puglisi-752x849.jpg\" class=\"attachment-medium size-medium\" alt=\"\" srcset=\"https:\/\/ils.simonemontanari.com\/de\/wp-content\/uploads\/sites\/2\/2022\/11\/francesca_puglisi-752x849.jpg 752w, https:\/\/ils.simonemontanari.com\/de\/wp-content\/uploads\/sites\/2\/2022\/11\/francesca_puglisi-768x868.jpg 768w, https:\/\/ils.simonemontanari.com\/de\/wp-content\/uploads\/sites\/2\/2022\/11\/francesca_puglisi-1040x1175.jpg 1040w, https:\/\/ils.simonemontanari.com\/de\/wp-content\/uploads\/sites\/2\/2022\/11\/francesca_puglisi.jpg 1080w\" sizes=\"auto, (max-width: 752px) 100vw, 752px\" \/><figcaption>Francesca<\/figcaption><\/figure><figure class=\"image-carousel\"><img loading=\"lazy\" decoding=\"async\" width=\"752\" height=\"849\" src=\"https:\/\/ils.simonemontanari.com\/de\/wp-content\/uploads\/sites\/2\/2024\/11\/Filippo-Mulinacci-752x849.jpg\" class=\"attachment-medium size-medium\" alt=\"\" srcset=\"https:\/\/ils.simonemontanari.com\/de\/wp-content\/uploads\/sites\/2\/2024\/11\/Filippo-Mulinacci-752x849.jpg 752w, https:\/\/ils.simonemontanari.com\/de\/wp-content\/uploads\/sites\/2\/2024\/11\/Filippo-Mulinacci.jpg 756w\" sizes=\"auto, (max-width: 752px) 100vw, 752px\" \/><figcaption>Filippo<\/figcaption><\/figure><figure class=\"image-carousel\"><img loading=\"lazy\" decoding=\"async\" width=\"752\" height=\"849\" src=\"https:\/\/ils.simonemontanari.com\/de\/wp-content\/uploads\/sites\/2\/2024\/04\/Leonardo-Benozzi-752x849.png\" class=\"attachment-medium size-medium\" alt=\"\" srcset=\"https:\/\/ils.simonemontanari.com\/de\/wp-content\/uploads\/sites\/2\/2024\/04\/Leonardo-Benozzi-752x849.png 752w, https:\/\/ils.simonemontanari.com\/de\/wp-content\/uploads\/sites\/2\/2024\/04\/Leonardo-Benozzi-768x868.png 768w, https:\/\/ils.simonemontanari.com\/de\/wp-content\/uploads\/sites\/2\/2024\/04\/Leonardo-Benozzi-1040x1175.png 1040w, https:\/\/ils.simonemontanari.com\/de\/wp-content\/uploads\/sites\/2\/2024\/04\/Leonardo-Benozzi.png 1080w\" sizes=\"auto, (max-width: 752px) 100vw, 752px\" \/><figcaption>Leonardo<\/figcaption><\/figure><figure class=\"image-carousel\"><img loading=\"lazy\" decoding=\"async\" width=\"752\" height=\"849\" src=\"https:\/\/ils.simonemontanari.com\/de\/wp-content\/uploads\/sites\/2\/2024\/01\/Esposito-Lilli-752x849.png\" class=\"attachment-medium size-medium\" alt=\"\" srcset=\"https:\/\/ils.simonemontanari.com\/de\/wp-content\/uploads\/sites\/2\/2024\/01\/Esposito-Lilli-752x849.png 752w, https:\/\/ils.simonemontanari.com\/de\/wp-content\/uploads\/sites\/2\/2024\/01\/Esposito-Lilli-768x868.png 768w, https:\/\/ils.simonemontanari.com\/de\/wp-content\/uploads\/sites\/2\/2024\/01\/Esposito-Lilli.png 810w\" sizes=\"auto, (max-width: 752px) 100vw, 752px\" \/><figcaption>Lilli<\/figcaption><\/figure><figure class=\"image-carousel\"><img loading=\"lazy\" decoding=\"async\" width=\"752\" height=\"849\" src=\"https:\/\/ils.simonemontanari.com\/de\/wp-content\/uploads\/sites\/2\/2022\/07\/Bianca-Lami-752x849.jpg\" class=\"attachment-medium size-medium\" alt=\"\" srcset=\"https:\/\/ils.simonemontanari.com\/de\/wp-content\/uploads\/sites\/2\/2022\/07\/Bianca-Lami-752x849.jpg 752w, https:\/\/ils.simonemontanari.com\/de\/wp-content\/uploads\/sites\/2\/2022\/07\/Bianca-Lami-768x868.jpg 768w, https:\/\/ils.simonemontanari.com\/de\/wp-content\/uploads\/sites\/2\/2022\/07\/Bianca-Lami-1040x1175.jpg 1040w, https:\/\/ils.simonemontanari.com\/de\/wp-content\/uploads\/sites\/2\/2022\/07\/Bianca-Lami.jpg 1080w\" sizes=\"auto, (max-width: 752px) 100vw, 752px\" \/><figcaption>Bianca<\/figcaption><\/figure><figure class=\"image-carousel\"><img loading=\"lazy\" decoding=\"async\" width=\"752\" height=\"849\" src=\"https:\/\/ils.simonemontanari.com\/de\/wp-content\/uploads\/sites\/2\/2023\/12\/Federico-di-Leo-752x849.png\" class=\"attachment-medium size-medium\" alt=\"\" srcset=\"https:\/\/ils.simonemontanari.com\/de\/wp-content\/uploads\/sites\/2\/2023\/12\/Federico-di-Leo-752x849.png 752w, https:\/\/ils.simonemontanari.com\/de\/wp-content\/uploads\/sites\/2\/2023\/12\/Federico-di-Leo-768x868.png 768w, https:\/\/ils.simonemontanari.com\/de\/wp-content\/uploads\/sites\/2\/2023\/12\/Federico-di-Leo-1040x1175.png 1040w, https:\/\/ils.simonemontanari.com\/de\/wp-content\/uploads\/sites\/2\/2023\/12\/Federico-di-Leo.png 1080w\" sizes=\"auto, (max-width: 752px) 100vw, 752px\" \/><figcaption>Federico<\/figcaption><\/figure><figure class=\"image-carousel\"><img loading=\"lazy\" decoding=\"async\" width=\"752\" height=\"849\" src=\"https:\/\/ils.simonemontanari.com\/de\/wp-content\/uploads\/sites\/2\/2023\/03\/Donatella-Paolini-752x849.jpg\" class=\"attachment-medium size-medium\" alt=\"\" srcset=\"https:\/\/ils.simonemontanari.com\/de\/wp-content\/uploads\/sites\/2\/2023\/03\/Donatella-Paolini-752x849.jpg 752w, https:\/\/ils.simonemontanari.com\/de\/wp-content\/uploads\/sites\/2\/2023\/03\/Donatella-Paolini-768x868.jpg 768w, https:\/\/ils.simonemontanari.com\/de\/wp-content\/uploads\/sites\/2\/2023\/03\/Donatella-Paolini-1040x1175.jpg 1040w, https:\/\/ils.simonemontanari.com\/de\/wp-content\/uploads\/sites\/2\/2023\/03\/Donatella-Paolini.jpg 1080w\" sizes=\"auto, (max-width: 752px) 100vw, 752px\" \/><figcaption>Donatella<\/figcaption><\/figure><figure class=\"image-carousel\"><img loading=\"lazy\" decoding=\"async\" width=\"752\" height=\"849\" src=\"https:\/\/ils.simonemontanari.com\/de\/wp-content\/uploads\/sites\/2\/2022\/11\/domenica_di_biase-752x849.jpg\" class=\"attachment-medium size-medium\" alt=\"\" srcset=\"https:\/\/ils.simonemontanari.com\/de\/wp-content\/uploads\/sites\/2\/2022\/11\/domenica_di_biase-752x849.jpg 752w, https:\/\/ils.simonemontanari.com\/de\/wp-content\/uploads\/sites\/2\/2022\/11\/domenica_di_biase-768x868.jpg 768w, https:\/\/ils.simonemontanari.com\/de\/wp-content\/uploads\/sites\/2\/2022\/11\/domenica_di_biase-1040x1175.jpg 1040w, https:\/\/ils.simonemontanari.com\/de\/wp-content\/uploads\/sites\/2\/2022\/11\/domenica_di_biase.jpg 1080w\" sizes=\"auto, (max-width: 752px) 100vw, 752px\" \/><figcaption>Domenica<\/figcaption><\/figure><figure class=\"image-carousel\"><img loading=\"lazy\" decoding=\"async\" width=\"752\" height=\"849\" src=\"https:\/\/ils.simonemontanari.com\/de\/wp-content\/uploads\/sites\/2\/2021\/11\/enzo-insegnante-italiano-752x849.jpg\" class=\"attachment-medium size-medium\" alt=\"\" srcset=\"https:\/\/ils.simonemontanari.com\/de\/wp-content\/uploads\/sites\/2\/2021\/11\/enzo-insegnante-italiano-752x849.jpg 752w, https:\/\/ils.simonemontanari.com\/de\/wp-content\/uploads\/sites\/2\/2021\/11\/enzo-insegnante-italiano-768x868.jpg 768w, https:\/\/ils.simonemontanari.com\/de\/wp-content\/uploads\/sites\/2\/2021\/11\/enzo-insegnante-italiano-1040x1175.jpg 1040w, https:\/\/ils.simonemontanari.com\/de\/wp-content\/uploads\/sites\/2\/2021\/11\/enzo-insegnante-italiano.jpg 1080w\" sizes=\"auto, (max-width: 752px) 100vw, 752px\" \/><figcaption>Enzo <\/figcaption><\/figure><figure class=\"image-carousel\"><img loading=\"lazy\" decoding=\"async\" width=\"752\" height=\"849\" src=\"https:\/\/ils.simonemontanari.com\/de\/wp-content\/uploads\/sites\/2\/2021\/11\/layla-insegnante-italiano-752x849.jpg\" class=\"attachment-medium size-medium\" alt=\"\" srcset=\"https:\/\/ils.simonemontanari.com\/de\/wp-content\/uploads\/sites\/2\/2021\/11\/layla-insegnante-italiano-752x849.jpg 752w, https:\/\/ils.simonemontanari.com\/de\/wp-content\/uploads\/sites\/2\/2021\/11\/layla-insegnante-italiano-768x868.jpg 768w, https:\/\/ils.simonemontanari.com\/de\/wp-content\/uploads\/sites\/2\/2021\/11\/layla-insegnante-italiano-1040x1175.jpg 1040w, https:\/\/ils.simonemontanari.com\/de\/wp-content\/uploads\/sites\/2\/2021\/11\/layla-insegnante-italiano.jpg 1080w\" sizes=\"auto, (max-width: 752px) 100vw, 752px\" \/><figcaption>Layla <\/figcaption><\/figure><figure class=\"image-carousel\"><img loading=\"lazy\" decoding=\"async\" width=\"752\" height=\"849\" src=\"https:\/\/ils.simonemontanari.com\/de\/wp-content\/uploads\/sites\/2\/2021\/11\/riccardo-insegnante-italiano-752x849.jpg\" class=\"attachment-medium size-medium\" alt=\"\" srcset=\"https:\/\/ils.simonemontanari.com\/de\/wp-content\/uploads\/sites\/2\/2021\/11\/riccardo-insegnante-italiano-752x849.jpg 752w, https:\/\/ils.simonemontanari.com\/de\/wp-content\/uploads\/sites\/2\/2021\/11\/riccardo-insegnante-italiano-768x868.jpg 768w, https:\/\/ils.simonemontanari.com\/de\/wp-content\/uploads\/sites\/2\/2021\/11\/riccardo-insegnante-italiano-1040x1175.jpg 1040w, https:\/\/ils.simonemontanari.com\/de\/wp-content\/uploads\/sites\/2\/2021\/11\/riccardo-insegnante-italiano.jpg 1080w\" sizes=\"auto, (max-width: 752px) 100vw, 752px\" \/><figcaption>Riccardo<\/figcaption><\/figure><figure class=\"image-carousel\"><img loading=\"lazy\" decoding=\"async\" width=\"752\" height=\"849\" src=\"https:\/\/ils.simonemontanari.com\/de\/wp-content\/uploads\/sites\/2\/2021\/11\/xenia-insegnante-italiano-752x849.jpg\" class=\"attachment-medium size-medium\" alt=\"\" srcset=\"https:\/\/ils.simonemontanari.com\/de\/wp-content\/uploads\/sites\/2\/2021\/11\/xenia-insegnante-italiano-752x849.jpg 752w, https:\/\/ils.simonemontanari.com\/de\/wp-content\/uploads\/sites\/2\/2021\/11\/xenia-insegnante-italiano-768x868.jpg 768w, https:\/\/ils.simonemontanari.com\/de\/wp-content\/uploads\/sites\/2\/2021\/11\/xenia-insegnante-italiano-1040x1175.jpg 1040w, https:\/\/ils.simonemontanari.com\/de\/wp-content\/uploads\/sites\/2\/2021\/11\/xenia-insegnante-italiano.jpg 1080w\" sizes=\"auto, (max-width: 752px) 100vw, 752px\" \/><figcaption>Xenia <\/figcaption><\/figure><\/div><div class=\"carousel-navigation\"><button id=\"prev\" disabled=\"true\">Previous<\/button><button id=\"next\">Next<\/button><\/div><\/div>\n<h2>Starttermine<\/h2>\n<div class=\"icon-box\"><i class=\"fal fa-calendar-check fa-fw fa-2x\"><\/i><span class=\"icon-box-text\">Das ganze Jahr verf\u00fcgbar<\/span><\/div>\n<div class=\"icon-box\"><i class=\"fal fa-hourglass-start fa-fw fa-2x\"><\/i><span class=\"icon-box-text\">Flexible Kursdauer<\/span><\/div>\n<div class=\"icon-box\"><i class=\"fal fa-sliders-h fa-fw fa-2x\"><\/i><span class=\"icon-box-text\">Alle Kenntnisstufen verf\u00fcgbar<\/span><\/div>\n<h2>Preise<\/h2>\n<div class=\"icon-box\"><i class=\"fal fa-coins fa-fw fa-2x\"><\/i><span class=\"icon-box-text\">Keine Anmeldegeb\u00fchr<\/span><\/div>\n<div class=\"icon-box\"><i class=\"fal fa-undo fa-fw fa-2x\"><\/i><span class=\"icon-box-text\"> Kostenlose Stornierung oder Umbuchung<\/span><\/div>\n<p>F\u00fclle das Formular am Ende der Seite aus, um den Preis des\u00a0 Kurses zu berechnen.<\/p>\n<h2>Unterk\u00fcnfte<\/h2>\n<p>Die Unterkunft wird direkt an den Gastgeber\/Vermieter gezahlt.<\/p>\n<table class=\"holiday-prices-table\">\n<tbody>\n<tr>\n<th style=\"text-align: left\">Gastfamilie<\/th>\n<th style=\"text-align: left\">Einzelzimmer<\/th>\n<th style=\"text-align: left\">Doppelzimmer<\/th>\n<\/tr>\n<tr>\n<td><strong>6 N\u00e4chte<\/strong><\/td>\n<td>210-240 \u20ac<\/td>\n<td>180-210 \u20ac<\/td>\n<\/tr>\n<tr>\n<td><strong>2 Wochen<\/strong><\/td>\n<td>390-455 \u20ac<\/td>\n<td>325-390 \u20ac<\/td>\n<\/tr>\n<tr>\n<td><b>Extrawoche\u00a0<\/b><\/td>\n<td>210-245 \u20ac<\/td>\n<td>175-210 \u20ac<\/td>\n<\/tr>\n<\/tbody>\n<\/table>\n<p>Alle oben genannten Preise beinhalten Fr\u00fchst\u00fcck.<br \/>\nMit Abendessen: zus\u00e4tzliche \u20ac 10\/ Tag<\/p>\n<table class=\"holiday-prices-table\">\n<tbody>\n<tr>\n<th style=\"text-align: left\">Wohngemeinschaft<\/th>\n<th style=\"text-align: left\">Einzelzimmer<\/th>\n<th style=\"text-align: left\">Doppelzimmer<\/th>\n<\/tr>\n<tr>\n<td><strong>6 N\u00e4chte<\/strong><\/td>\n<td>220-300 \u20ac<\/td>\n<td>150-200 \u20ac<\/td>\n<\/tr>\n<tr>\n<td><strong>2 Wochen<\/strong><\/td>\n<td>350-450 \u20ac<\/td>\n<td>250-350 \u20ac<\/td>\n<\/tr>\n<tr>\n<td><b>Extrawoche\u00a0<\/b><\/td>\n<td>120-175 \u20ac<\/td>\n<td>100-150 \u20ac<\/td>\n<\/tr>\n<\/tbody>\n<\/table>\n<table class=\"holiday-prices-table\">\n<tbody>\n<tr>\n<th style=\"text-align: left\" colspan=\"3\">Private Ferienwohnung<\/th>\n<\/tr>\n<tr>\n<td><b>6 <strong>N\u00e4chte<\/strong><\/b><\/td>\n<td>100 \u20ac pro Tag<\/td>\n<\/tr>\n<tr>\n<td><b>L\u00e4ngere Aufenthalte<\/b><\/td>\n<td>70-80\u20ac pro Tag<\/td>\n<\/tr>\n<\/tbody>\n<\/table>\n<h2>Unsere Schule<\/h2>\n<p>Finde uns im Herzen von Florenz, im <a href=\"https:\/\/ils.simonemontanari.com\/de\/blog\/schule-in-florenz\/\">Palazzo Galletti<\/a>, einem sch\u00f6nen neoklassischen Geb\u00e4ude.<\/p>\n<p>In vielen Klassenzimmern sind heute noch die Deckenfresken zu bewundern, und jedes Klassenzimmer ist klimatisiert und verf\u00fcgt \u00fcber einen Smart-TV sowie eine Wand- und\/oder digitale Tafel.<\/p>\n<p>Genie\u00dfe die Gemeinschaftsbereiche mit kostenlosen Snacks und Getr\u00e4nken, nur wenige Schritte vom Duomo und den Hauptattraktionen Florenz&#8216; entfernt.<br \/>\n<section class=\"europass-map-container\">\n    <div class=\"europass-map\">\n        <div class=\"textwidget custom-html-widget\"><iframe loading=\"lazy\" src=\"https:\/\/www.google.com\/maps\/embed?pb=!1m18!1m12!1m3!1d2881.021820451547!2d11.258914015501611!3d43.772405879117414!2m3!1f0!2f0!3f0!3m2!1i1024!2i768!4f13.1!3m3!1m2!1s0x132a5405d2f331ef%3A0xff657f9bdbdc9677!2sEuropass%20Italian%20Language%20School!5e0!3m2!1sde!2sde!4v1576514706003!5m2!1sde!2sde\" width=\"600\" height=\"450\" frameborder=\"0\" style=\"border:0;\" allowfullscreen=\"\"><\/iframe><\/div>    <\/div>\n<\/section>\n\n","protected":false},"excerpt":{"rendered":"<p>Lerne<strong> Italienisch<\/strong> in Florenz, dort wo die Sprache ihren <strong>Ursprung hat.\u00a0<\/strong><\/p>\n<p>Verbessere deine Sprachkenntnisse und erlebe unsere faszinierende Kultur hautnah.<\/p>\n<p><strong>Ein wahrer Sprachurlaub, <\/strong>inmitten der Renaissance-Stadt Florenz und ihrer malerischen Umgebung.<\/p>\n","protected":false},"featured_media":5638,"comment_status":"open","ping_status":"closed","template":"","meta":{"_acf_changed":false},"product_brand":[],"product_cat":[79,74],"product_tag":[],"class_list":{"0":"post-6302","1":"product","2":"type-product","3":"status-publish","4":"has-post-thumbnail","6":"product_cat-sprachreisen","7":"product_cat-unterkuenfte","9":"first","10":"instock","11":"virtual","12":"sold-individually","13":"purchasable","14":"product-type-booking"},"group_of_quantity":0,"min_quantity":0,"max_quantity":"","exclude_order_quantity_value_rules":"no","exclude_category_quantity_rules":"no","combine_variations":"no","exclude_global_add_ons":false,"addons":[{"name":"W\u00e4hle Deine Unterkunft","type":"heading","position":0,"required":false,"title_format":"label","default":"","description_enable":false,"description":"","placeholder_enable":false,"placeholder":"","display":"select","restrictions_type":"any_text","adjust_price":false,"price":"","price_type":"flat_fee","restrictions":false,"min":"0","max":"0","options":[],"id":1691600958},{"name":"Unterkunfte","type":"multiple_choice","position":1,"required":true,"title_format":"hide","default":"","description_enable":true,"description":"Die Unterkunft wird direkt an den Gastgeber\/Vermieter gezahlt.\r\n<p><strong>Eine Unterkunft unten ausw\u00e4hlen<\/strong><\/p>","placeholder_enable":false,"placeholder":"","display":"select","restrictions_type":"any_text","adjust_price":false,"price":"","price_type":"flat_fee","restrictions":false,"min":"0","max":"0","options":[{"label":"Keine Unterkunft","price":"-60","price_type":"flat_fee","image":0,"visibility":true},{"label":"Gastfamilie - Fr\u00fchst\u00fcck - Einzelzimmer","price":"","price_type":"flat_fee","image":0,"visibility":true},{"label":"Gastfamilie - Fr\u00fchst\u00fcck - Doppelzimmer","price":"","price_type":"flat_fee","image":0,"visibility":true},{"label":"Gastfamilie - Halbpension - Einzelzimmer","price":"","price_type":"flat_fee","image":0,"visibility":true},{"label":"Gastfamilie - Halbpension - Doppelzimmer","price":"","price_type":"flat_fee","image":0,"visibility":true},{"label":"Wohngemeinschaft - Einzelzimmer","price":"","price_type":"flat_fee","image":0,"visibility":true},{"label":"Wohngemeinschaft - Doppelzimmer","price":"","price_type":"flat_fee","image":0,"visibility":true},{"label":"Private Ferienwohnung","price":"","price_type":"flat_fee","image":0,"visibility":true}],"id":1691600959},{"name":"Notes","type":"custom_textarea","position":2,"required":false,"title_format":"label","default":"","description_enable":false,"description":"","placeholder_enable":false,"placeholder":"","display":"select","restrictions_type":"any_text","adjust_price":false,"price":"","price_type":"flat_fee","restrictions":false,"min":"0","max":"0","options":[],"id":1691600960},{"name":"W\u00e4hle Deine kulturelle Aktivit\u00e4ten","type":"heading","position":0,"required":false,"title_format":"label","default":"","description_enable":false,"description":"","placeholder_enable":false,"placeholder":"","display":"select","restrictions_type":"any_text","adjust_price":false,"price":"","price_type":"flat_fee","restrictions":false,"min":"0","max":"0","options":[],"id":1691601222},{"name":"Im Preis enthaltene Aktivit\u00e4ten","type":"multiple_choice","position":1,"required":true,"title_format":"label","default":"","description_enable":true,"description":"Die Aktivit\u00e4ten k\u00f6nnen sich je nach Verf\u00fcgbarkeit der Schule \u00e4ndern.","placeholder_enable":false,"placeholder":"","display":"select","restrictions_type":"any_text","adjust_price":false,"price":"","price_type":"flat_fee","restrictions":false,"min":"0","max":"0","options":[{"label":"3 pro Woche","price":"","price_type":"flat_fee","image":0,"visibility":true}],"id":1691601223}],"acf":[],"_links":{"self":[{"href":"https:\/\/ils.simonemontanari.com\/de\/wp-json\/wp\/v2\/product\/6302","targetHints":{"allow":["GET"]}}],"collection":[{"href":"https:\/\/ils.simonemontanari.com\/de\/wp-json\/wp\/v2\/product"}],"about":[{"href":"https:\/\/ils.simonemontanari.com\/de\/wp-json\/wp\/v2\/types\/product"}],"replies":[{"embeddable":true,"href":"https:\/\/ils.simonemontanari.com\/de\/wp-json\/wp\/v2\/comments?post=6302"}],"wp:featuredmedia":[{"embeddable":true,"href":"https:\/\/ils.simonemontanari.com\/de\/wp-json\/wp\/v2\/media\/5638"}],"wp:attachment":[{"href":"https:\/\/ils.simonemontanari.com\/de\/wp-json\/wp\/v2\/media?parent=6302"}],"wp:term":[{"taxonomy":"product_brand","embeddable":true,"href":"https:\/\/ils.simonemontanari.com\/de\/wp-json\/wp\/v2\/product_brand?post=6302"},{"taxonomy":"product_cat","embeddable":true,"href":"https:\/\/ils.simonemontanari.com\/de\/wp-json\/wp\/v2\/product_cat?post=6302"},{"taxonomy":"product_tag","embeddable":true,"href":"https:\/\/ils.simonemontanari.com\/de\/wp-json\/wp\/v2\/product_tag?post=6302"}],"curies":[{"name":"wp","href":"https:\/\/api.w.org\/{rel}","templated":true}]}}