{"id":7299,"date":"2024-08-08T13:47:58","date_gmt":"2024-08-08T11:47:58","guid":{"rendered":"https:\/\/ils.simonemontanari.com\/de\/?post_type=product&#038;p=7299"},"modified":"2024-11-21T12:00:23","modified_gmt":"2024-11-21T11:00:23","slug":"online-vorbereitung-cils","status":"publish","type":"product","link":"https:\/\/ils.simonemontanari.com\/de\/kurse\/online-vorbereitung-cils\/","title":{"rendered":"Online-Vorbereitung zur CILS B1-Sprachpr\u00fcfung (Gruppenkurs)"},"content":{"rendered":"<h2>Kursstruktur<\/h2>\n<p>Das Programm deckt alle wesentlichen Bestandteile der <strong>CILS B1-Pr\u00fcfung<\/strong> ab, um eine umfassende Vorbereitung zu gew\u00e4hrleisten.<\/p>\n<p>W\u00e4hrend des Kurses sind au\u00dferdem Pr\u00fcfungssimulationen unter Verwendung von Examensmaterial der Vorjahre vorgesehen.<\/p>\n<p>Dieses spezifische Training hat zum Ziel, Dich mit der Pr\u00fcfungsstruktur und der daf\u00fcr vorgesehenen Zeit vertraut zu machen. Au\u00dferdem erm\u00f6glichen die Simulationen, Dein zu erwartendes Pr\u00fcfungsergebnis zu \u00fcberpr\u00fcfen und ggf. bestimmte Aspekte zu vertiefen.<\/p>\n<p>Beachte auch, dass zur Erlangung der <strong>CILS B1-Zertifizierung f\u00fcr die Beantragung der Staatsangeh\u00f6rigkeit<\/strong> alle Teile der Pr\u00fcfung bestanden werden m\u00fcssen. Bei Nichtbestehen eines Teils ist die gesamte Pr\u00fcfung zu wiederholen.<\/p>\n<p>Die CILS B1-Pr\u00fcfung ist folgenderma\u00dfen strukturiert: H\u00f6rverst\u00e4ndnis (25 %), Leseverst\u00e4ndnis (25 %), schriftlicher Ausdruck (25 %), m\u00fcndlicher Ausdruck (25 %). Gesamtdauer: 2 Stunden und 5 Minuten.<\/p>\n<h3>Kurs- und Pr\u00fcfungstermine<\/h3>\n<p>Die Examensvorbereitung findet <strong>zweimal pro Jahr<\/strong> statt. Der von Anfang September bis Ende November durchgef\u00fchrte Kurs ist f\u00fcr die Dezember-Pr\u00fcfung gedacht, w\u00e4hrend jener von Anfang M\u00e4rz bis Ende Mai zeitlich ideal ist, wenn Sie sich auf die Pr\u00fcfung im Juni vorbereiten m\u00f6chten.<\/p>\n<p>2 Unterrichtseinheiten zu jeweils 100 Minuten pro Woche, montags und mittwochs, um 17.00 Uhr MEZ.<\/p>\n<h3>Zulassung zum Kurs<\/h3>\n<p><strong>Mindestvorkenntnisse: A2<\/strong>. Alle Teilnehmer werden vor Kursbeginn einem entsprechenden Sprachtest unterzogen. Bei Nichtbestehen des Tests kannst Du zwischen folgenden Alternativen w\u00e4hlen: R\u00fcckerstattung der Kursgeb\u00fchr, Umwandlung des Guthabens in 15 Einzelstunden oder Kursverschiebung. Wir empfehlen, bereits vor der Kursanmeldung unseren <a href=\"https:\/\/ils.simonemontanari.com\/de\/italienisch-test\/niveau-a2\/\">Italienisch-A2-Test<\/a> zu komplettieren. Dauer: ca. 5 Minuten.<\/p>\n<h3>Pr\u00fcfungszentren und Kosten<\/h3>\n<p>Du kannst die Pr\u00fcfung an <a href=\"https:\/\/ils.simonemontanari.com\/de\/uber-uns\/\">unserer Schule in Florenz<\/a>, an der \u201aUniversit\u00e0 per Stranieri di Siena\u2018 selbst oder an einem beliebig anderen akkreditierten Pr\u00fcfungszentrum ablegen.<\/p>\n<p>Eine vollst\u00e4ndige Liste der Pr\u00fcfungszentren in Italien findest Du <a href=\"https:\/\/cils.unistrasi.it\/84\/68\/Italia.htm\" target=\"_blank\" rel=\"noopener\">hier<\/a>. Im Ausland k\u00f6nnen die Pr\u00fcfungen an <a href=\"https:\/\/cils.unistrasi.it\/1\/93\/Come_diventare_sede_di_esame.htm\" target=\"_blank\" rel=\"noopener\">diesen Zentren<\/a> abgelegt werden.<\/p>\n<p>Die Pr\u00fcfungsgeb\u00fchr betr\u00e4gt \u20ac 100, sowohl in Italien als auch im Ausland.<\/p>\n<p><strong>Bitte beachte:<\/strong> CILS-Pr\u00fcfungen k\u00f6nnen nicht online abgelegt werden.<\/p>\n<h3>Kostenlose Beratung<\/h3>\n<p>Solltest Du weitere Fragen haben, bieten wir Dir gerne ein <strong>15-min\u00fctiges kostenloses Beratungsgespr\u00e4ch<\/strong> an.<br \/>\n-&gt; <a href=\"https:\/\/ils.simonemontanari.com\/de\/gratis-kennenlern-meeting\/\"><span id=\"plane-dein-meeting\"><span id=\"2-plane-dein-meeting\">Plane dein Meeting<\/span><\/span><\/a><\/p>\n<h2><span id=\"stundenplan\">Stundenplan<\/span><\/h2>\n<div class=\"icon-box\"><i class=\"fal fa-calendar-check fa-fw fa-2x\"><\/i><span class=\"icon-box-text\">Ab dem ersten Montag im September<\/span><\/div>\n<div class=\"icon-box\"><i class=\"fal fa-calendar-check fa-fw fa-2x\"><\/i><span class=\"icon-box-text\">Ab dem ersten Montag im M\u00e4rz<\/span><\/div>\n<div class=\"icon-box\"><i class=\"fal fa-hourglass-start fa-fw fa-2x\"><\/i><span class=\"icon-box-text\">Zweimal pro Woche, f\u00fcr 12 Wochen <\/span><\/div>\n<div class=\"icon-box\"><i class=\"fal fa-alarm-clock fa-fw fa-2x\"><\/i><span class=\"icon-box-text\">Unterrichtseinheiten: eine UE= 100 Minuten<\/span><\/div>\n<div class=\"icon-box\"><i class=\"fal fa-alarm-clock fa-fw fa-2x\"><\/i><span class=\"icon-box-text\">Montag\/Mittwoch, um 17 Uhr CET\/MEZ<\/span><\/div>\n<h2>Was ist inbegriffen<\/h2>\n<div class=\"icon-box\"><i class=\"fal fa-book fa-fw fa-2x\"><\/i><span class=\"icon-box-text\">Unterrichtsmaterial<\/span><\/div>\n<div class=\"icon-box\"><i class=\"fal fa-users fa-fw fa-2x\"><\/i><span class=\"icon-box-text\">Kleine Gruppen: min. 3, max. 12 Teilnehmer<\/span><\/div>\n<div class=\"icon-box\"><i class=\"fal fa-chalkboard-teacher fa-fw fa-2x\"><\/i><span class=\"icon-box-text\">Mit <a href=\"https:\/\/ils.simonemontanari.com\/sofia-guzzon\/\">Sofia Guzzon<\/a><\/span><\/div>\n<div class=\"icon-box\"><i class=\"fal fa-cassette-tape fa-fw fa-2x\"><\/i><span class=\"icon-box-text\">Aufzeichnung der Lektionen<\/span><\/div>\n<div class=\"icon-box\"><i class=\"fal fa-file-certificate fa-fw fa-2x\"><\/i><span class=\"icon-box-text\">Teilnahmezertifikat<\/span><\/div>\n","protected":false},"excerpt":{"rendered":"<p>Ben\u00f6tigst Du Hilfe und Unterst\u00fctzung bei der Vorbereitung auf Deine <strong>CILS B1-Pr\u00fcfung<\/strong>?<\/p>\n<p>Unser neuer Online-Gruppenkurs ist speziell darauf ausgerichtet, Dich optimal auf die Sprachpr\u00fcfung zur Erlangung der <strong>italienischen Staatsangeh\u00f6rigkeit<\/strong> vorzubereiten.<\/p>\n","protected":false},"featured_media":7629,"comment_status":"closed","ping_status":"closed","template":"","meta":{"_acf_changed":false},"product_brand":[],"product_cat":[25],"product_tag":[],"class_list":{"0":"post-7299","1":"product","2":"type-product","3":"status-publish","4":"has-post-thumbnail","6":"product_cat-kurse","8":"first","9":"instock","10":"shipping-taxable","11":"purchasable","12":"product-type-variable"},"group_of_quantity":0,"min_quantity":0,"max_quantity":"","exclude_order_quantity_value_rules":"no","exclude_category_quantity_rules":"no","combine_variations":"no","exclude_global_add_ons":[],"addons":[],"acf":[],"_links":{"self":[{"href":"https:\/\/ils.simonemontanari.com\/de\/wp-json\/wp\/v2\/product\/7299","targetHints":{"allow":["GET"]}}],"collection":[{"href":"https:\/\/ils.simonemontanari.com\/de\/wp-json\/wp\/v2\/product"}],"about":[{"href":"https:\/\/ils.simonemontanari.com\/de\/wp-json\/wp\/v2\/types\/product"}],"replies":[{"embeddable":true,"href":"https:\/\/ils.simonemontanari.com\/de\/wp-json\/wp\/v2\/comments?post=7299"}],"wp:featuredmedia":[{"embeddable":true,"href":"https:\/\/ils.simonemontanari.com\/de\/wp-json\/wp\/v2\/media\/7629"}],"wp:attachment":[{"href":"https:\/\/ils.simonemontanari.com\/de\/wp-json\/wp\/v2\/media?parent=7299"}],"wp:term":[{"taxonomy":"product_brand","embeddable":true,"href":"https:\/\/ils.simonemontanari.com\/de\/wp-json\/wp\/v2\/product_brand?post=7299"},{"taxonomy":"product_cat","embeddable":true,"href":"https:\/\/ils.simonemontanari.com\/de\/wp-json\/wp\/v2\/product_cat?post=7299"},{"taxonomy":"product_tag","embeddable":true,"href":"https:\/\/ils.simonemontanari.com\/de\/wp-json\/wp\/v2\/product_tag?post=7299"}],"curies":[{"name":"wp","href":"https:\/\/api.w.org\/{rel}","templated":true}]}}