{"id":11,"date":"2017-12-05T16:14:39","date_gmt":"2017-12-05T15:14:39","guid":{"rendered":"https:\/\/ils.simonemontanari.com\/es\/learning-holidays\/"},"modified":"2024-09-20T15:35:45","modified_gmt":"2024-09-20T13:35:45","slug":"vacaciones","status":"publish","type":"page","link":"https:\/\/ils.simonemontanari.com\/es\/vacaciones\/","title":{"rendered":"Vacaciones de Estudios a Italia"},"content":{"rendered":"<div class=\"row has-columns three-columns \">\n<div class=\"column\">\n<p>Las vacaciones son el momento m\u00e1s esperado y emocionante del a\u00f1o: t\u00f3mate tiempo para vivir nuevas experiencias que te alejen de la rutina diaria.<\/p>\n<p>Sin preocupaciones, <strong>puedes disfrutar de tus nuevas experiencias<\/strong>, vivir el momento presente y descubrir una nueva faceta de ti mismo.<\/p>\n<p>Entender y hablar la lengua italiana te permitir\u00e1 <strong>explorar nuestra cultura, admirar las maravillas que esconde nuestro pa\u00eds<\/strong> y descubrir el verdadero coraz\u00f3n de una de las ciudades m\u00e1s hermosas del mundo.<\/p>\n<\/div>\n<div class=\"column\">\n        <div class=\"page-card vacaciones-lengua-florencia is-style-default\">\n                            <figure class=\"page-card_image\">\n                    <a href=\"https:\/\/ils.simonemontanari.com\/es\/producto\/vacaciones-lengua-florencia\/\" title=\"Vacaciones de Italiano en Florencia\">\n                        <img loading=\"lazy\" decoding=\"async\" width=\"679\" height=\"480\" src=\"https:\/\/ils.simonemontanari.com\/es\/wp-content\/uploads\/sites\/3\/2023\/08\/curso_de_italiano.png\" class=\"attachment-full size-full wp-post-image\" alt=\"\" \/>                    <\/a>\n                <\/figure>\n            <h2 class=\"page-card_title\"><a href=\"https:\/\/ils.simonemontanari.com\/es\/producto\/vacaciones-lengua-florencia\/\" title=\"Vacaciones de Italiano en Florencia\">Vacaciones de Italiano en Florencia<\/a><\/h2>            <p class=\"page-card_text\">Clases de italiano por la ma\u00f1ana, visitas guiadas por la ciudad y sus alrededores por la tarde. Qu\u00e9date m\u00e1s tiempo y podr\u00e1s experimentar el estilo de vida florentino y la m\u00e1gica atm\u00f3sfera de la ciudad.<\/p>\n                        <p class=\"page-card_cta\"><a href=\"https:\/\/ils.simonemontanari.com\/es\/producto\/vacaciones-lengua-florencia\/\">Descubre m\u00e1s<span class=\"icon\"><svg xmlns=\"http:\/\/www.w3.org\/2000\/svg\" aria-hidden=\"true\" focusable=\"false\" role=\"img\" viewBox=\"0 0 448 512\"><path fill=\"currentColor\" d=\"M443.7 266.8l-165.9 176C274.5 446.3 269.1 448 265.5 448c-3.986 0-7.988-1.375-11.16-4.156c-6.773-5.938-7.275-16.06-1.118-22.59L393.9 272H16.59c-9.171 0-16.59-7.155-16.59-15.1S7.421 240 16.59 240h377.3l-140.7-149.3c-6.157-6.531-5.655-16.66 1.118-22.59c6.789-5.906 17.27-5.469 23.45 1.094l165.9 176C449.4 251.3 449.4 260.7 443.7 266.8z\"\/><\/svg><\/span><\/a><\/p>\n                    <\/div>\n        \n<\/div>\n<div class=\"column\">\n        <div class=\"page-card vacaciones-cocina-florencia is-style-default\">\n                            <figure class=\"page-card_image\">\n                    <a href=\"https:\/\/ils.simonemontanari.com\/es\/producto\/vacaciones-cocina-florencia\/\" title=\"Vacaciones de Lengua y Cocina Italiana en Florencia\">\n                        <img loading=\"lazy\" decoding=\"async\" width=\"720\" height=\"480\" src=\"https:\/\/ils.simonemontanari.com\/es\/wp-content\/uploads\/sites\/3\/2023\/08\/cocina_italiana_en_florencia.png\" class=\"attachment-full size-full wp-post-image\" alt=\"\" srcset=\"https:\/\/ils.simonemontanari.com\/es\/wp-content\/uploads\/sites\/3\/2023\/08\/cocina_italiana_en_florencia.png 720w, https:\/\/ils.simonemontanari.com\/es\/wp-content\/uploads\/sites\/3\/2023\/08\/cocina_italiana_en_florencia-376x250.png 376w\" sizes=\"auto, (max-width: 720px) 100vw, 720px\" \/>                    <\/a>\n                <\/figure>\n            <h2 class=\"page-card_title\"><a href=\"https:\/\/ils.simonemontanari.com\/es\/producto\/vacaciones-cocina-florencia\/\" title=\"Vacaciones de Lengua y Cocina Italiana en Florencia\">Vacaciones de Lengua y Cocina Italiana en Florencia<\/a><\/h2>            <p class=\"page-card_text\">Sum\u00e9rgete en el mundo de la cocina tradicional italiana y mejora tus habilidades ling\u00fc\u00edsticas al mismo tiempo.<\/p>\n                        <p class=\"page-card_cta\"><a href=\"https:\/\/ils.simonemontanari.com\/es\/producto\/vacaciones-cocina-florencia\/\">Descubre m\u00e1s<span class=\"icon\"><svg xmlns=\"http:\/\/www.w3.org\/2000\/svg\" aria-hidden=\"true\" focusable=\"false\" role=\"img\" viewBox=\"0 0 448 512\"><path fill=\"currentColor\" d=\"M443.7 266.8l-165.9 176C274.5 446.3 269.1 448 265.5 448c-3.986 0-7.988-1.375-11.16-4.156c-6.773-5.938-7.275-16.06-1.118-22.59L393.9 272H16.59c-9.171 0-16.59-7.155-16.59-15.1S7.421 240 16.59 240h377.3l-140.7-149.3c-6.157-6.531-5.655-16.66 1.118-22.59c6.789-5.906 17.27-5.469 23.45 1.094l165.9 176C449.4 251.3 449.4 260.7 443.7 266.8z\"\/><\/svg><\/span><\/a><\/p>\n                    <\/div>\n        \n<\/div>\n<div class=\"column\">\n        <div class=\"page-card vacaciones-lengua-arte-florencia is-style-default\">\n                            <figure class=\"page-card_image\">\n                    <a href=\"https:\/\/ils.simonemontanari.com\/es\/producto\/vacaciones-lengua-arte-florencia\/\" title=\"Vacaciones de Lengua Italiana y Arte en Florencia\">\n                        <img loading=\"lazy\" decoding=\"async\" width=\"729\" height=\"480\" src=\"https:\/\/ils.simonemontanari.com\/es\/wp-content\/uploads\/sites\/3\/2023\/08\/pintura_italiana_en_florencia.png\" class=\"attachment-full size-full wp-post-image\" alt=\"\" \/>                    <\/a>\n                <\/figure>\n            <h2 class=\"page-card_title\"><a href=\"https:\/\/ils.simonemontanari.com\/es\/producto\/vacaciones-lengua-arte-florencia\/\" title=\"Vacaciones de Lengua Italiana y Arte en Florencia\">Vacaciones de Lengua Italiana y Arte en Florencia<\/a><\/h2>            <p class=\"page-card_text\">Aprende el idioma italiano, las t\u00e9cnicas y estilos art\u00edsticos del lugar donde se celebra la belleza m\u00e1s que en cualquier otro sitio. Florencia es todav\u00eda cuna de las bellas artes, de la pintura y escultura.<\/p>\n                        <p class=\"page-card_cta\"><a href=\"https:\/\/ils.simonemontanari.com\/es\/producto\/vacaciones-lengua-arte-florencia\/\">Descubre m\u00e1s<span class=\"icon\"><svg xmlns=\"http:\/\/www.w3.org\/2000\/svg\" aria-hidden=\"true\" focusable=\"false\" role=\"img\" viewBox=\"0 0 448 512\"><path fill=\"currentColor\" d=\"M443.7 266.8l-165.9 176C274.5 446.3 269.1 448 265.5 448c-3.986 0-7.988-1.375-11.16-4.156c-6.773-5.938-7.275-16.06-1.118-22.59L393.9 272H16.59c-9.171 0-16.59-7.155-16.59-15.1S7.421 240 16.59 240h377.3l-140.7-149.3c-6.157-6.531-5.655-16.66 1.118-22.59c6.789-5.906 17.27-5.469 23.45 1.094l165.9 176C449.4 251.3 449.4 260.7 443.7 266.8z\"\/><\/svg><\/span><\/a><\/p>\n                    <\/div>\n        \n<\/div>\n<div class=\"column\">\n        <div class=\"page-card campamento-verano-jovenes-florencia is-style-default\">\n                            <figure class=\"page-card_image\">\n                    <a href=\"https:\/\/ils.simonemontanari.com\/es\/producto\/campamento-verano-jovenes-florencia\/\" title=\"Campamento de Verano en Florencia &#8211; Clases de Italiano para Estudiantes de Secundaria\">\n                        <img loading=\"lazy\" decoding=\"async\" width=\"2000\" height=\"1414\" src=\"https:\/\/ils.simonemontanari.com\/es\/wp-content\/uploads\/sites\/3\/2023\/08\/Campamento-de-verano-en-Florencia.png\" class=\"attachment-full size-full wp-post-image\" alt=\"\" srcset=\"https:\/\/ils.simonemontanari.com\/es\/wp-content\/uploads\/sites\/3\/2023\/08\/Campamento-de-verano-en-Florencia.png 2000w, https:\/\/ils.simonemontanari.com\/es\/wp-content\/uploads\/sites\/3\/2023\/08\/Campamento-de-verano-en-Florencia-752x532.png 752w, https:\/\/ils.simonemontanari.com\/es\/wp-content\/uploads\/sites\/3\/2023\/08\/Campamento-de-verano-en-Florencia-1182x836.png 1182w, https:\/\/ils.simonemontanari.com\/es\/wp-content\/uploads\/sites\/3\/2023\/08\/Campamento-de-verano-en-Florencia-768x543.png 768w, https:\/\/ils.simonemontanari.com\/es\/wp-content\/uploads\/sites\/3\/2023\/08\/Campamento-de-verano-en-Florencia-1536x1086.png 1536w, https:\/\/ils.simonemontanari.com\/es\/wp-content\/uploads\/sites\/3\/2023\/08\/Campamento-de-verano-en-Florencia-1040x735.png 1040w\" sizes=\"auto, (max-width: 2000px) 100vw, 2000px\" \/>                    <\/a>\n                <\/figure>\n            <h2 class=\"page-card_title\"><a href=\"https:\/\/ils.simonemontanari.com\/es\/producto\/campamento-verano-jovenes-florencia\/\" title=\"Campamento de Verano en Florencia &#8211; Clases de Italiano para Estudiantes de Secundaria\">Campamento de Verano en Florencia &#8211; Clases de Italiano para Estudiantes de Secundaria<\/a><\/h2>            <p class=\"page-card_text\">\u00a1La primera experiencia en el extranjero para tus hijos! Diversi\u00f3n y amigos en un ambiente seguro en la espl\u00e9ndida Florencia.<\/p>\n                        <p class=\"page-card_cta\"><a href=\"https:\/\/ils.simonemontanari.com\/es\/producto\/campamento-verano-jovenes-florencia\/\">Descubre m\u00e1s<span class=\"icon\"><svg xmlns=\"http:\/\/www.w3.org\/2000\/svg\" aria-hidden=\"true\" focusable=\"false\" role=\"img\" viewBox=\"0 0 448 512\"><path fill=\"currentColor\" d=\"M443.7 266.8l-165.9 176C274.5 446.3 269.1 448 265.5 448c-3.986 0-7.988-1.375-11.16-4.156c-6.773-5.938-7.275-16.06-1.118-22.59L393.9 272H16.59c-9.171 0-16.59-7.155-16.59-15.1S7.421 240 16.59 240h377.3l-140.7-149.3c-6.157-6.531-5.655-16.66 1.118-22.59c6.789-5.906 17.27-5.469 23.45 1.094l165.9 176C449.4 251.3 449.4 260.7 443.7 266.8z\"\/><\/svg><\/span><\/a><\/p>\n                    <\/div>\n        \n<\/div>\n<div class=\"column\">\n<\/div>\n<\/div>\n<div class=\"row has-columns three-columns blue home-reviews\">\n<div class=\"column\">\n<div class=\"review-box\"><span class=\"icon\"><svg xmlns=\"http:\/\/www.w3.org\/2000\/svg\" aria-hidden=\"true\" focusable=\"false\" role=\"img\" viewBox=\"0 0 512 512\"><path fill=\"currentColor\" d=\"M448 224h-64v-24c0-30.9 25.1-56 56-56h16c22.1 0 40-17.9 40-40V72c0-22.1-17.9-40-40-40h-16c-92.6 0-168 75.4-168 168v216c0 35.3 28.7 64 64 64h112c35.3 0 64-28.7 64-64V288c0-35.3-28.7-64-64-64zm32 192c0 17.7-14.3 32-32 32H336c-17.7 0-32-14.3-32-32V200c0-75.1 60.9-136 136-136h16c4.4 0 8 3.6 8 8v32c0 4.4-3.6 8-8 8h-16c-48.6 0-88 39.4-88 88v56h96c17.7 0 32 14.3 32 32v128zM176 224h-64v-24c0-30.9 25.1-56 56-56h16c22.1 0 40-17.9 40-40V72c0-22.1-17.9-40-40-40h-16C75.4 32 0 107.4 0 200v216c0 35.3 28.7 64 64 64h112c35.3 0 64-28.7 64-64V288c0-35.3-28.7-64-64-64zm32 192c0 17.7-14.3 32-32 32H64c-17.7 0-32-14.3-32-32V200c0-75.1 60.9-136 136-136h16c4.4 0 8 3.6 8 8v32c0 4.4-3.6 8-8 8h-16c-48.6 0-88 39.4-88 88v56h96c17.7 0 32 14.3 32 32v128z\"\/><\/svg><\/span><span class=\"review-text\">No tengo palabras suficientes para expresar mi gratitud por la bienvenida que le reservan a cada alumno, por la humanidad y la profesionalidad de los profesores que ense\u00f1an all\u00ec.<\/span><span class=\"review-author\">\u2014 Maria C., Espa\u00f1a<\/span><\/div>\n<\/div>\n<div class=\"column\">\n<div class=\"review-box\"><span class=\"icon\"><svg xmlns=\"http:\/\/www.w3.org\/2000\/svg\" aria-hidden=\"true\" focusable=\"false\" role=\"img\" viewBox=\"0 0 512 512\"><path fill=\"currentColor\" d=\"M448 224h-64v-24c0-30.9 25.1-56 56-56h16c22.1 0 40-17.9 40-40V72c0-22.1-17.9-40-40-40h-16c-92.6 0-168 75.4-168 168v216c0 35.3 28.7 64 64 64h112c35.3 0 64-28.7 64-64V288c0-35.3-28.7-64-64-64zm32 192c0 17.7-14.3 32-32 32H336c-17.7 0-32-14.3-32-32V200c0-75.1 60.9-136 136-136h16c4.4 0 8 3.6 8 8v32c0 4.4-3.6 8-8 8h-16c-48.6 0-88 39.4-88 88v56h96c17.7 0 32 14.3 32 32v128zM176 224h-64v-24c0-30.9 25.1-56 56-56h16c22.1 0 40-17.9 40-40V72c0-22.1-17.9-40-40-40h-16C75.4 32 0 107.4 0 200v216c0 35.3 28.7 64 64 64h112c35.3 0 64-28.7 64-64V288c0-35.3-28.7-64-64-64zm32 192c0 17.7-14.3 32-32 32H64c-17.7 0-32-14.3-32-32V200c0-75.1 60.9-136 136-136h16c4.4 0 8 3.6 8 8v32c0 4.4-3.6 8-8 8h-16c-48.6 0-88 39.4-88 88v56h96c17.7 0 32 14.3 32 32v128z\"\/><\/svg><\/span><span class=\"review-text\">Estudi\u00e9 italiano en Europass durante once semanas y lo recomiendo mucho. Cuando llegu\u00e9 a Florencia sab\u00eda muy poco de italiano, pero despues pod\u00eda comunicarme h\u00e1bilmente con los italianos. Las lecciones siempre fueron divertidas y atractivas.<\/span><span class=\"review-author\">\u2014 Joe, Gran Breta\u00f1a<\/span><\/div>\n<\/div>\n<div class=\"column\">\n<div class=\"review-box\"><span class=\"icon\"><svg xmlns=\"http:\/\/www.w3.org\/2000\/svg\" aria-hidden=\"true\" focusable=\"false\" role=\"img\" viewBox=\"0 0 512 512\"><path fill=\"currentColor\" d=\"M448 224h-64v-24c0-30.9 25.1-56 56-56h16c22.1 0 40-17.9 40-40V72c0-22.1-17.9-40-40-40h-16c-92.6 0-168 75.4-168 168v216c0 35.3 28.7 64 64 64h112c35.3 0 64-28.7 64-64V288c0-35.3-28.7-64-64-64zm32 192c0 17.7-14.3 32-32 32H336c-17.7 0-32-14.3-32-32V200c0-75.1 60.9-136 136-136h16c4.4 0 8 3.6 8 8v32c0 4.4-3.6 8-8 8h-16c-48.6 0-88 39.4-88 88v56h96c17.7 0 32 14.3 32 32v128zM176 224h-64v-24c0-30.9 25.1-56 56-56h16c22.1 0 40-17.9 40-40V72c0-22.1-17.9-40-40-40h-16C75.4 32 0 107.4 0 200v216c0 35.3 28.7 64 64 64h112c35.3 0 64-28.7 64-64V288c0-35.3-28.7-64-64-64zm32 192c0 17.7-14.3 32-32 32H64c-17.7 0-32-14.3-32-32V200c0-75.1 60.9-136 136-136h16c4.4 0 8 3.6 8 8v32c0 4.4-3.6 8-8 8h-16c-48.6 0-88 39.4-88 88v56h96c17.7 0 32 14.3 32 32v128z\"\/><\/svg><\/span><span class=\"review-text\">Nunca hab\u00eda aprendido el idioma italiano antes, pero despu\u00e9s de un mes puedo entender muchas cosas en las conversaciones de todos los d\u00edas. Nuestro profesor ense\u00f1\u00f3 en italiano para ayudar a los estudiantes a acostumbrarse al idioma.<\/span><span class=\"review-author\">\u2014 Amino, Japan<\/span><\/div>\n<\/div>\n<\/div>\n","protected":false},"excerpt":{"rendered":"","protected":false},"author":1788,"featured_media":7982,"parent":0,"menu_order":30,"comment_status":"closed","ping_status":"closed","template":"full-width.php","meta":{"_acf_changed":false,"footnotes":""},"class_list":["post-11","page","type-page","status-publish","has-post-thumbnail","hentry"],"acf":[],"_links":{"self":[{"href":"https:\/\/ils.simonemontanari.com\/es\/wp-json\/wp\/v2\/pages\/11","targetHints":{"allow":["GET"]}}],"collection":[{"href":"https:\/\/ils.simonemontanari.com\/es\/wp-json\/wp\/v2\/pages"}],"about":[{"href":"https:\/\/ils.simonemontanari.com\/es\/wp-json\/wp\/v2\/types\/page"}],"author":[{"embeddable":true,"href":"https:\/\/ils.simonemontanari.com\/es\/wp-json\/wp\/v2\/users\/1788"}],"replies":[{"embeddable":true,"href":"https:\/\/ils.simonemontanari.com\/es\/wp-json\/wp\/v2\/comments?post=11"}],"version-history":[{"count":0,"href":"https:\/\/ils.simonemontanari.com\/es\/wp-json\/wp\/v2\/pages\/11\/revisions"}],"wp:featuredmedia":[{"embeddable":true,"href":"https:\/\/ils.simonemontanari.com\/es\/wp-json\/wp\/v2\/media\/7982"}],"wp:attachment":[{"href":"https:\/\/ils.simonemontanari.com\/es\/wp-json\/wp\/v2\/media?parent=11"}],"curies":[{"name":"wp","href":"https:\/\/api.w.org\/{rel}","templated":true}]}}