{"id":1128,"date":"2018-03-19T18:13:08","date_gmt":"2018-03-19T17:13:08","guid":{"rendered":"https:\/\/ils.simonemontanari.com\/es\/?page_id=1128"},"modified":"2024-08-23T12:37:40","modified_gmt":"2024-08-23T10:37:40","slug":"libros","status":"publish","type":"page","link":"https:\/\/ils.simonemontanari.com\/es\/aprender-italiano\/libros\/","title":{"rendered":"Los Mejores Libros para Aprender Italiano"},"content":{"rendered":"<h2>\u201cBar Italia\u201d<\/h2>\n<p><a href=\"https:\/\/www.amazon.it\/Bar-Italia-Ciro-Massimo-Naddeo\/dp\/8886440332\" target=\"_blank\" rel=\"noopener\">Este libro<\/a> ofrece art\u00edculos sobre la cultura, los h\u00e1bitos y las costumbres de la vida italiana. <strong>Permite profundizar en el aprendizaje de la lengua y tener un conocimiento m\u00e1s completo de la realidad italiana<\/strong>.<\/p>\n<p>Cada texto trata un tema espec\u00edfico (un domingo italiano, los sue\u00f1os y pesadillas de los italianos, el caf\u00e9 y los italianos\u2026). <strong>Los art\u00edculos son extra\u00eddos de la prensa diaria<\/strong> y est\u00e1n organizados por nivel de dificultad, desde el nivel A1 hasta C1.<\/p>\n<p>Tambi\u00e9n cuenta con <strong>actividades interactivas, ejercicios de vocabulario, morfolog\u00eda y sintaxis<\/strong>. Vienen incluidas sus soluciones.<\/p>\n<h2>\u201cUna parola tira l\u2019altra\u201d<\/h2>\n<p>\u201c<a href=\"https:\/\/www.amazon.it\/Una-parola-tira-laltra-vocabolario\/dp\/3125250706\/ref=sr_1_2?crid=4T3MXC02QRZC&amp;keywords=una+parola+tira+l%27altra+2&amp;qid=1707745946&amp;s=books&amp;sprefix=una+parola+tira+l%27altra+2%2Cstripbooks%2C101&amp;sr=1-2\" target=\"_blank\" rel=\"noopener\">Una palabra lleva a otra<\/a>\u201d es un libro <strong>dirigido a principiantes y estudiantes con un conocimiento m\u00ednimo de italiano<\/strong>.<\/p>\n<p>El libro ofrece vocabulario necesario para el d\u00eda a d\u00eda y frases b\u00e1sicas para comunicarse.<\/p>\n<p>Est\u00e1 formado por 22 unidades entre las que se incluyen distintas tem\u00e1ticas: las experiencias, la escuela, el tiempo libre, en el restaurante, la personalidad, las emociones y sensaciones, la descripci\u00f3n f\u00edsica, la salud, la familia, la casa, las actividades diarias, expresiones con \u201cfare\u201d, \u201cche tempo fa?\u201d (\u00bfqu\u00e9 tiempo hace?), la comunicaci\u00f3n, la comida, las compras, la ropa, los deportes, un poco de geograf\u00eda, la ciudad y las vacaciones.<\/p>\n<p>El libro contiene <strong>im\u00e1genes\u00a0<\/strong><strong>l\u00fadicas e ir\u00f3nicas <\/strong>que ayudan a memorizar f\u00e1cilmente el vocabulario.<\/p>\n<p>Todos los temas est\u00e1n contextualizados con situaciones reales de la vida y cultura italiana. El libro incluye las soluciones al final.<\/p>\n<h2>\u201cUna parola tira l\u2019altra 2\u201d<\/h2>\n<p>Este libro permite a los estudiantes extranjeros <a href=\"https:\/\/www.amazon.it\/Una-parola-tira-laltra-vocabulario\/dp\/3125250005\/ref=sr_1_1?crid=4T3MXC02QRZC&amp;keywords=una+parola+tira+l%27altra+2&amp;qid=1707745946&amp;s=books&amp;sprefix=una+parola+tira+l%27altra+2%2Cstripbooks%2C101&amp;sr=1-1\" target=\"_blank\" rel=\"noopener\">aumentar y profundizar su vocabulario<\/a>.<\/p>\n<p>Est\u00e1 dividido en 18 unidades:<\/p>\n<p>El tiempo, el medio ambiente, el car\u00e1cter y la personalidad, las emociones y sentimientos, actividades diarias, la casa, aparatos electrodom\u00e9sticos, actividades diarias, el trabajo y las profesiones, los m\u00e9dicos, las conversaciones telef\u00f3nicas, oficinas de correo y bancarias, la cocina y las comidas, animales, deportes, la ciudad, vacaciones, ropa y moda.<\/p>\n<p>Tambi\u00e9n ofrece <strong>art\u00edculos de prensa y p\u00e1rrafos literarios<\/strong>. Como en la edici\u00f3n previa, el vocabulario viene acompa\u00f1ado de im\u00e1genes para una mejor comprensi\u00f3n.<\/p>\n<p>Cada unidad <strong>incluye ejercicios y actividades relacionados con la comprensi\u00f3n oral y escrita<\/strong> como juegos de rol y crucigramas.<\/p>\n<p>En esta edici\u00f3n tambi\u00e9n est\u00e1n disponibles las soluciones al final del libro.<\/p>\n<h2>\u201cNuova grammatica pratica della lingua italiana\u201d<\/h2>\n<p>La <a href=\"https:\/\/www.amazon.it\/Nuova-grammatica-pratica-lingua-italiana\/dp\/8861822479\" target=\"_blank\" rel=\"noopener\">gram\u00e1tica de Susanna Nocchi<\/a> es una de las <strong>m\u00e1s prestigiosas y recomendadas para estudiantes extranjeros<\/strong> de nivel A2 a B2.<\/p>\n<p>Presenta las normas de una <strong>manera clara, concisa y efectiva<\/strong> y hay disponibles paneles muy \u00fatiles sobre las formas ling\u00fc\u00edsticas m\u00e1s usadas.<\/p>\n<p><strong>En cada unidad gramatical hay ejercicios y ex\u00e1menes<\/strong> para que los estudiantes eval\u00faen su progreso. Las soluciones est\u00e1n al final del libro.<\/p>\n<h2>\u201cGrammatica avanzata della lingua italiana\u201d<\/h2>\n<p><a href=\"https:\/\/www.almaedizioni.it\/it\/catalogo\/scheda\/grammatica-avanzata-della-lingua-italiana\/\" target=\"_blank\" rel=\"noopener\">Este libro<\/a> es adecuado para estudiantes con nivel de italiano avanzado (B1 a C1) que quieren perfeccionar sus aptitudes.<\/p>\n<p>Incluye normas gramaticales que normalmente no se encuentran en \u00a0libros para extranjeros. Todos los puntos est\u00e1n estructurados de una manera clara y los ejercicios y actividades tratan temas de la sociedad italiana y su cultura. Adem\u00e1s, se incluyen cajas de texto con consejos \u00fatiles. Para los alumnos autodidactas est\u00e1n disponibles las soluciones.<\/p>\n<h2>\u201cI verbi italiani\u201d<\/h2>\n<p>Est\u00e1 dedicado en su totalidad a los <a href=\"https:\/\/www.almaedizioni.it\/prodotto\/i-verbi-italiani-edizione-aggiornata\/\" target=\"_blank\" rel=\"noopener\"><strong>tiempos y modos verbales<\/strong><\/a>. Proporciona estrategias \u00fatiles para aquellos estudiantes extranjeros que consideran esta parte una de las m\u00e1s dif\u00edciles. Est\u00e1 dirigido a todos los estudiantes, desde el nivel A1 hasta el C1.<\/p>\n<p><strong>Los temas se ordenan por orden de dificultad y vienen con las soluciones<\/strong>. Las fichas en las que se presentan los diferentes tiempos verbales incluyen un an\u00e1lisis morfol\u00f3gico y sint\u00e1ctico.<\/p>\n<p>El libro comienza con la explicaci\u00f3n de las formas regulares e irregulares del presente de indicativo y con el uso de los tiempos pret\u00e9ritos. Seguidamente, da consejos sobre el uso correcto de los auxiliares y sobre el subjuntivo. Tambi\u00e9n incorpora temas relacionados con la concordancia.<\/p>\n<h2>Ricette per parlare<\/h2>\n<p>Es uno de los cl\u00e1sicos de ALMA edizioni. Contiene actividades, \u00a0juegos y explicaciones para el desarrollo de la expresi\u00f3n oral. Sin duda es una manera divertida y diferente respecto a los dem\u00e1s m\u00e9todos. \u201c<a href=\"https:\/\/www.almaedizioni.it\/prodotto\/l-italiano-per-la-cucina\/\" target=\"_blank\" rel=\"noopener\">Recetas para hablar<\/a>\u201d incluye tambi\u00e9n actividades interactivas en grupo y ejercicios orales desde el nivel principiante (A1) hasta el m\u00e1s avanzado (C1).<\/p>\n<p>A su vez ofrece distintos m\u00e9todos de aprendizaje como entrevistas, cuestionarios y juegos de mesa.<\/p>\n<h2>\u201cL&#8217;italiano con i fumetti\u201d<\/h2>\n<p>Aqu\u00ed tenemos una nueva forma de disfrutar la lectura en italiano, \u00a1ideal tambi\u00e9n para los entusiastas del c\u00f3mic! \u00ab<a href=\"https:\/\/www.almaedizioni.it\/catalogo\/materiale-complementare\/letture-di-italiano-facile\/litaliano-con-i-fumetti\/\" target=\"_blank\" rel=\"noopener\">L&#8217;italiano con i fumetti<\/a>\u00bb es un nuevo tipo de libro italiano que incluye 5 vol\u00famenes. Cada volumen es una historia de c\u00f3mic diferente: \u00abRoma 2050 d.C.\u00bb, \u00abUna storia italiana\u00bb, \u00abIl mistero di Casanova\u00bb, \u00abRigoletto\u00bb y \u00abHabemus Papam\u00bb.<\/p>\n<p>Incluyen muchas actividades y ejercicios relacionados con las historias.<\/p>\n<p>Los primeros 3 libros son geniales para estudiantes desde el nivel A1 hasta el A2 y los otros dos son perfectos para aprendices intermedios.<\/p>\n<h2>\u201cLe parole italiane\u201d<\/h2>\n<p><a href=\"https:\/\/www.almaedizioni.it\/prodotto\/le-parole-italiane\/\" target=\"_blank\" rel=\"noopener\">Este libro<\/a> presenta una selecci\u00f3n de ejercicios y juegos que ayudan a memorizar el vocabulario. Incluye dos partes: una l\u00e9xica y otra gramatical.<\/p>\n<p>La primera parte, que incluye expresiones italianas, estudia las palabras desde un punto de vista l\u00e9xico. La segunda est\u00e1 dedicada a la gram\u00e1tica y trata temas como la formaci\u00f3n de las palabras y su orden, los derivados, palabras irregulares, sin\u00f3nimos y ant\u00f3nimos, prefijos y sufijos, adverbios y palabras compuestas. Es apto para estudiantes de nivel A1 hasta C1 y puede ser usado con o sin profesor.<\/p>\n<h2>Nuovo espresso<\/h2>\n<ul>\n<li><a href=\"https:\/\/www.amazon.it\/gp\/product\/8861823181\/ref=as_li_tl?ie=UTF8&amp;camp=3414&amp;creative=21718&amp;creativeASIN=8861823181&amp;linkCode=as2&amp;tag=europassitali-21&amp;linkId=82a39b41495d0e633b0f671a3a0d7f74\" target=\"_blank\" rel=\"noopener\">Libro de estudiante y libro de ejercicios A1<\/a><\/li>\n<li><a href=\"https:\/\/www.amazon.it\/gp\/product\/8861826806\/ref=as_li_tl?ie=UTF8&amp;camp=3414&amp;creative=21718&amp;creativeASIN=8861826806&amp;linkCode=as2&amp;tag=europassitali-21&amp;linkId=2f148417f8b427d0c266e0fa23273e47\" target=\"_blank\" rel=\"noopener\">Libro de estudiante + ebook interactivo A2<\/a><\/li>\n<li><a href=\"https:\/\/www.amazon.it\/gp\/product\/8861823394\/ref=as_li_tl?ie=UTF8&amp;camp=3414&amp;creative=21718&amp;creativeASIN=8861823394&amp;linkCode=as2&amp;tag=europassitali-21&amp;linkId=bccb4ceb31248235254aadc28a62b6dc\" target=\"_blank\" rel=\"noopener\">Libro de estudiante y libro de ejercicios B1<\/a><\/li>\n<li><a href=\"https:\/\/www.amazon.it\/gp\/product\/8861825052\/ref=as_li_tl?ie=UTF8&amp;camp=3414&amp;creative=21718&amp;creativeASIN=8861825052&amp;linkCode=as2&amp;tag=europassitali-21&amp;linkId=239cb3c95f390cab170f0080694a71cd\" target=\"_blank\" rel=\"noopener\">Libro de estudiante y libro de ejercicios B2<\/a><\/li>\n<li><a href=\"https:\/\/www.amazon.it\/gp\/product\/8861825060\/ref=as_li_tl?ie=UTF8&amp;camp=3414&amp;creative=21718&amp;creativeASIN=8861825060&amp;linkCode=as2&amp;tag=europassitali-21&amp;linkId=77b21d0745db5664c8f2ff1a19eb74ff\" target=\"_blank\" rel=\"noopener\">Libro de estudiante y libro de ejercicios C1<\/a><\/li>\n<li><a href=\"https:\/\/www.amazon.it\/gp\/product\/8861826105\/ref=as_li_tl?ie=UTF8&amp;camp=3414&amp;creative=21718&amp;creativeASIN=8861826105&amp;linkCode=as2&amp;tag=europassitali-21&amp;linkId=f20b907b5dc36c899f78dc2cfa85354a\" target=\"_blank\" rel=\"noopener\">Libro de estudiante y libro de ejercicios C2<\/a><\/li>\n<\/ul>\n<p>El \u201cNuovo Espresso\u201d es una colecci\u00f3n de n\u00fameros dirigidos a estudiantes extranjeros. Est\u00e1n divididos en 6 niveles de nivel A1 a C2, previstos en la normativa del marco europeo.<\/p>\n<p>Los textos incluyen lecturas sobre la cultura italiana, ejercicios, audios, gram\u00e1tica, juegos y autoevaluaciones.<\/p>\n<p>En los tres primeros n\u00fameros, se incluyen v\u00eddeos que cuentan la historia y el d\u00eda a d\u00eda de cuatro amigos (est\u00e1n disponibles con subt\u00edtulos y en streaming en ALMA.it). Tambi\u00e9n se incluye un v\u00eddeo adicional donde se desarrollan cuestiones gramaticales.<\/p>\n","protected":false},"excerpt":{"rendered":"<p>\u201cBar Italia\u201d Este libro ofrece art\u00edculos sobre la cultura, los h\u00e1bitos y las costumbres de la vida italiana. Permite profundizar en el aprendizaje de la lengua y tener un conocimiento m\u00e1s completo de la realidad italiana. Cada texto trata un tema espec\u00edfico (un domingo italiano, los sue\u00f1os y pesadillas de los italianos, el caf\u00e9 y [&hellip;]<\/p>\n","protected":false},"author":1788,"featured_media":1130,"parent":29,"menu_order":0,"comment_status":"closed","ping_status":"closed","template":"","meta":{"_acf_changed":false,"footnotes":""},"class_list":["post-1128","page","type-page","status-publish","has-post-thumbnail","hentry"],"acf":[],"_links":{"self":[{"href":"https:\/\/ils.simonemontanari.com\/es\/wp-json\/wp\/v2\/pages\/1128","targetHints":{"allow":["GET"]}}],"collection":[{"href":"https:\/\/ils.simonemontanari.com\/es\/wp-json\/wp\/v2\/pages"}],"about":[{"href":"https:\/\/ils.simonemontanari.com\/es\/wp-json\/wp\/v2\/types\/page"}],"author":[{"embeddable":true,"href":"https:\/\/ils.simonemontanari.com\/es\/wp-json\/wp\/v2\/users\/1788"}],"replies":[{"embeddable":true,"href":"https:\/\/ils.simonemontanari.com\/es\/wp-json\/wp\/v2\/comments?post=1128"}],"version-history":[{"count":0,"href":"https:\/\/ils.simonemontanari.com\/es\/wp-json\/wp\/v2\/pages\/1128\/revisions"}],"up":[{"embeddable":true,"href":"https:\/\/ils.simonemontanari.com\/es\/wp-json\/wp\/v2\/pages\/29"}],"wp:featuredmedia":[{"embeddable":true,"href":"https:\/\/ils.simonemontanari.com\/es\/wp-json\/wp\/v2\/media\/1130"}],"wp:attachment":[{"href":"https:\/\/ils.simonemontanari.com\/es\/wp-json\/wp\/v2\/media?parent=1128"}],"curies":[{"name":"wp","href":"https:\/\/api.w.org\/{rel}","templated":true}]}}