{"id":1136,"date":"2018-03-19T18:13:08","date_gmt":"2018-03-19T17:13:08","guid":{"rendered":"https:\/\/ils.simonemontanari.com\/es\/?page_id=1136"},"modified":"2024-10-18T10:08:36","modified_gmt":"2024-10-18T08:08:36","slug":"certificados-oficiales","status":"publish","type":"page","link":"https:\/\/ils.simonemontanari.com\/es\/aprender-italiano\/certificados-oficiales\/","title":{"rendered":"Certificados Oficiales de Italiano"},"content":{"rendered":"<p>Porcentaje de estudiantes de Italiano por Certificaci\u00f3n:<\/p>\n<table>\n<tbody>\n<tr>\n<td style=\"text-align: left;\"><\/td>\n<td style=\"text-align: left;\"><\/td>\n<td style=\"text-align: left;\"><strong>2021<\/strong><\/td>\n<td style=\"text-align: left;\"><strong>2022<\/strong><\/td>\n<td style=\"text-align: left;\"><strong>2023<\/strong><\/td>\n<\/tr>\n<tr>\n<td><strong>CILS\u00a0<\/strong><\/td>\n<td>65,3<\/td>\n<td>79,8<\/td>\n<td>81,5<\/td>\n<td>84,6<\/td>\n<\/tr>\n<tr>\n<td><strong>CELI<\/strong><\/td>\n<td>14,4<\/td>\n<td>14,6<\/td>\n<td>9,1<\/td>\n<td>7,9<\/td>\n<\/tr>\n<tr>\n<td><b>AIL<\/b><\/td>\n<td>10,6<\/td>\n<td>3,3<\/td>\n<td>5,5<\/td>\n<td>3,1<\/td>\n<\/tr>\n<tr>\n<td><strong>PLIDA<\/strong><\/td>\n<td>9,5<\/td>\n<td>2,2<\/td>\n<td>3,9<\/td>\n<td>4,4<\/td>\n<\/tr>\n<tr>\n<td><strong>Otras<\/strong><\/td>\n<td>0,2<\/td>\n<td>0,1<\/td>\n<td>0<\/td>\n<td>0,1<\/td>\n<\/tr>\n<\/tbody>\n<\/table>\n<p>Fuente: Asils<\/p>\n<h2>CILS<\/h2>\n<ul>\n<li><strong>Nombre Certificaci\u00f3n<\/strong><strong>:<\/strong> CILS Certificaci\u00f3n de italiano como idioma extranjero<\/li>\n<li><b>Promotor: <\/b><a href=\"https:\/\/cils.unistrasi.it\/\" target=\"_blank\" rel=\"noopener\">Universit\u00e0 per Stranieri di Siena<\/a><\/li>\n<li><strong>Cuesto:<\/strong> Desde 50\u20ac hasta 160\u20ac, dependiente del nivel<\/li>\n<li><strong>Fechas:\u00a0<\/strong>2 sesiones principales por a\u00f1o (junio y diciembre), con sesiones adicionales para algunos niveles. <a href=\"https:\/\/cils.unistrasi.it\/82\/364\/Le_date_degli_esami.htm\" target=\"_blank\" rel=\"noopener\">Lista completa<\/a><\/li>\n<li><strong>Niveles: <\/strong>CILS A1 (A1), CILS A2 (A2), CILS UNO (B1), CILS UNO \u2013 B1 ADOLESCENTI, CILS UNO \u2013 B1 CITTADINANZA, CILS DUE (B2), CILS TRE (C1), CILS QUATTRO (C2)<\/li>\n<li><strong>Centros: <\/strong>M\u00e1s de 800 centros en todo el mundo, <a href=\"https:\/\/ils.simonemontanari.com\/es\/quien-somos\/\">nuestra escuela<\/a> incluida. <a href=\"https:\/\/cils.unistrasi.it\/84\/16\/Le_sedi_di_esami.htm\" target=\"_blank\" rel=\"noopener\">Lista completa<\/a><\/li>\n<li><strong>Tiempo de correci\u00f3n: <\/strong>Hasta 12 semanas<\/li>\n<li><strong>Notas: <\/strong>Cada parte del examen se eval\u00faa independientemente, por lo que debe haber obtenido la calificaci\u00f3n necesaria en cada secci\u00f3n para aprobar el examen. Si este no es el caso, entonces es posible volver a tomar las secciones necesarias<\/li>\n<li><strong>M\u00e1s detailles:<\/strong> <a href=\"https:\/\/ils.simonemontanari.com\/es\/examenes-de-italiano\/curso-preparacion-cils\/\">CILS exam gu\u00eda<\/a><\/li>\n<\/ul>\n<p>El CILS, creado por la Universidad de Siena, es la certificaci\u00f3n de referencia para los estudiantes de lengua italiana: m\u00e1s de la mitad de los estudiantes que toman un examen oficial de italiano eligen el examen CILS.<\/p>\n<p>La certificaci\u00f3n CILS es la primera certificaci\u00f3n de lengua italiana que ha aplicado seis niveles de competencia ling\u00fc\u00edstica-comunicativa del <a href=\"https:\/\/ils.simonemontanari.com\/es\/blog\/niveles-mcer\/\">Marco Com\u00fan Europeo de Referencia<\/a> y que ha ofrecido certificaciones espec\u00edficas para los trabajadores extranjeros en Italia.<\/p>\n<p>El examen est\u00e1 dividido en cuatro partes que eval\u00faan las habilidades fundamentales \u00a0(expresi\u00f3n oral, expresi\u00f3n escrita y competencias l\u00e9xicas y morfosint\u00e1cticas, comprensi\u00f3n lectora y comprensi\u00f3n oral).<\/p>\n<p>Est\u00e1 compuesto por preguntas cerradas ( preguntas de respuestas m\u00faltiple), semiestructuradas (reelaboraci\u00f3n de textos a partir de datos) y abiertas (desarrollo libre de un tema). Cada parte del examen se eval\u00faa por separado y para aprobar es necesario superar cada parte. En caso de no aprobarlo, es posible repetir, en el mismo a\u00f1o, las partes que no han sido superadas.<\/p>\n<p>Las certificaciones CILS son reconocidas tanto en el \u00e1mbito laboral como en el educativo y universitario. El Ministero degli Affari Esteri (Ministerio de Asuntos Exteriores) establece la certificaci\u00f3n CILS A2 m\u00f3dulo integraci\u00f3n como el certificado de conocimiento de la lengua italiana v\u00e1lido para obtener el Permiso de Residencia de Larga Duraci\u00f3n C.E.<\/p>\n<h2>CELI<\/h2>\n<ul>\n<li><strong>Nombre Certificaci\u00f3n:<\/strong> CELI Certificaci\u00f3n de italiano<\/li>\n<li><b>Promotor:<\/b> <a href=\"https:\/\/www.unistrapg.it\/\" target=\"_blank\" rel=\"noopener\">Universit\u00e0 per Stranieri di Perugia<\/a><\/li>\n<li><strong>Cuesto:<\/strong> Desde 50\u20ac hasta 130\u20ac, dependiente del nivel<\/li>\n<li><strong>Fechas:\u00a0<\/strong>2 sesiones principales por a\u00f1o (primavera, verano, oto\u00f1o)<\/li>\n<li><strong>Niveles: <\/strong>CELI IMPATTO \u2013 A1, CELI 1 \u2013 A2, CELI \u2013 B1, CELI 3 \u2013 B2, CELI 4 \u2013 C1, CELI 5 \u2013 C2<\/li>\n<li><strong>Centros: <\/strong>Disponible en numerosos centros de todo el mundo (<a href=\"https:\/\/ils.simonemontanari.com\/es\/quien-somos\/\">nuestra escuela<\/a> incluida)<\/li>\n<li><strong>Tiempo de correci\u00f3n: <\/strong>Hasta 12 semanas. La entrega del certificado puede tardar hasta 4 meses m\u00e1s<\/li>\n<li><strong>Notas: <\/strong>El certificado CELI Immigrati est\u00e1 destinado a las personas inmigrantes en Italia que no han tenido acceso a una amplia educaci\u00f3n. En cambio, el CELI Adolescenti se dirige a j\u00f3venes de 13 a 17 a\u00f1os. La diferencia entre ellos reside en la tipolog\u00eda de los textos y actividades<\/li>\n<li><strong>M\u00e1s detailles:<\/strong> <a href=\"https:\/\/ils.simonemontanari.com\/es\/examenes-de-italiano\/curso-preparacion-celi\/\">CELI exam gu\u00eda<\/a><\/li>\n<\/ul>\n<p>El Ministerio de la Instrucci\u00f3n, la Universidad y la Investigaci\u00f3n de Italia (MIUR) establece la certificaci\u00f3n CELI 3 \u00a0para estudiar en la universidad. Los certificados CELI 4 y CELI 5 demuestran los conocimientos del idioma italiano en igualdad de condiciones con los estudiantes italianos, aunque cada facultad puede reclamar su propia prueba de admisi\u00f3n.<\/p>\n<h2>PLIDA<\/h2>\n<ul>\n<li><strong>Nombre Certificaci\u00f3n:<\/strong> Proyecto Lengua Italiana Dante Alighieri<\/li>\n<li><b>Promotor:\u00a0<\/b><a href=\"https:\/\/www.dante.global\/\" target=\"_blank\" rel=\"noopener\">Societ\u00e0 Dante Alighieri<\/a><\/li>\n<li><strong>Cuesto:<\/strong> Desde 65\u20ac hasta 135\u20ac, dependiente del nivel<\/li>\n<li><strong>Fechas:\u00a0<\/strong>6 sesiones principales por a\u00f1o<\/li>\n<li><strong>Niveles: <\/strong>Puedes ver todos los niveles a continuaci\u00f3n. El PLIDA Juniores es la certificaci\u00f3n de lengua italiana para estudiantes adolescentes (13 a 18 a\u00f1os). El examen PLIDA Y PLIDA Juniores difieren en la selecci\u00f3n de temas<\/li>\n<li><strong>Centros: <\/strong>Disponible en numerosos centros de todo el mundo<\/li>\n<li><strong>Tiempo de correci\u00f3n: <\/strong>M\u00e1s de dos meses<\/li>\n<\/ul>\n<p>El certificado PLIDA, emitido por la Sociedad Dante Alighieri, certifica las competencias en lengua italiana como segundo idioma. Est\u00e1 reconocido oficialmente por el Ministerio de Asuntos Exteriores y puede servir para la matr\u00edcula universitaria de estudiantes extranjeros y para obtener el permiso de residencia.<\/p>\n<p>De hecho, no se utilizan textos o temas que no se asocien a esta franja de edad. El examen PLIDA se enmarca dentro de las propuestas del Marco Com\u00fan Europeo de Referencia para las Lenguas y est\u00e1 estructurado en 6 niveles:<\/p>\n<h4>Italiano b\u00e1sico<\/h4>\n<p>Nivel de iniciaci\u00f3n<\/p>\n<ul>\n<li>PLIDA A1(Nivel \u00a0A1 del MCER)<\/li>\n<li>PLIDA JUNIORS A1<\/li>\n<\/ul>\n<p>Nivel de supervivencia (conceptos m\u00ednimos para el d\u00eda a d\u00eda)<\/p>\n<ul>\n<li>PLIDA A2 (Nivel A2 del MCER)<\/li>\n<li>PLIDA JUNIORS A2<\/li>\n<\/ul>\n<h4>Italiano fundamental<\/h4>\n<p>Nivel Umbral<\/p>\n<ul>\n<li>PLIDA B1 (Nivel B1 del MCER)<\/li>\n<li>PLIDA JUNIORS B1<\/li>\n<\/ul>\n<p>Nivel avanzado:<\/p>\n<ul>\n<li>PLIDA B2 (Nivel B2 del MCER)<\/li>\n<li>PLIDA JUNIORS B2<\/li>\n<\/ul>\n<h4>Italiano profesional<\/h4>\n<p>Nivel alto<\/p>\n<ul>\n<li>PLIDA C1 (Nivel C1 del MCER)<\/li>\n<\/ul>\n<p>Dominio del idioma<\/p>\n<ul>\n<li>PLIDA C2 (Nivel C2 del MCER)<\/li>\n<\/ul>\n<p>El examen se divide en cuatro partes que se corresponden con las habilidades b\u00e1sicas (escucha, lectura, escritura y expresi\u00f3n escrita) mediante las cuales se eval\u00faan las capacidades ling\u00fc\u00edsticas. Los ex\u00e1menes correspondientes a los dos primeros niveles incluyen ejercicios con im\u00e1genes para una mejor comprensi\u00f3n.<\/p>\n<p>En este primer nivel,\u00a0la comprensi\u00f3n oral est\u00e1 grabada por actores mientras que en los niveles m\u00e1s altos se usa un extracto de una conversaci\u00f3n espont\u00e1nea. Los ex\u00e1menes PLIDA se realizan en los centros autorizados como la Universidad para Extranjeros Dante Alighieri de Reggio Calabria.<\/p>\n<h2>CERTIT<\/h2>\n<ul>\n<li><strong>Nombre Certificaci\u00f3n:<\/strong> CertIt &#8211; Certificaci\u00f3n italiana<\/li>\n<li><b>Promotor: <\/b><a href=\"https:\/\/www.uniroma3.it\/\" target=\"_blank\" rel=\"noopener\">Universit\u00e0 di Roma Tre<\/a><\/li>\n<li><strong>Cuesto:<\/strong> Desde 50\u20ac hasta 110\u20ac, dependiente del nivel<\/li>\n<li><strong>Fechas: <\/strong>Varias fechas a lo largo del a\u00f1o, dependiendo del nivel y disponibilidad<\/li>\n<li><strong>Niveles: <\/strong>A1, A2, B1, B2, C1, C2 (m\u00e1s detalles a continuaci\u00f3n)<\/li>\n<li><strong>Centros: <\/strong>Disponible en numerosos centros. <a href=\"https:\/\/certificazioneitaliano.uniroma3.it\/gli-esami\/centri-desame\/\" target=\"_blank\" rel=\"noopener\">Lista completa<\/a><\/li>\n<li><strong>Tiempo de correci\u00f3n: <\/strong>Dentro de un mes (dependiendo del centro de examen)<\/li>\n<\/ul>\n<p>IT es un certificado de lengua italiana como segundo idioma propuesto por la Universidad de Roma Tres. Esta universidad es organismo certificador reconocido por el Ministerio de Asuntos Exteriores y Cooperaci\u00f3n Internacional y se ocupa de realizaci\u00f3n, administraci\u00f3n y evaluaci\u00f3n de las pruebas de certificaci\u00f3n de italiano como segundo idioma. El examen est\u00e1 dividido en cinco niveles enmarcados dentro del Marco Com\u00fan Europeo:<\/p>\n<ul>\n<li>A1 (Nivel A1 del MCER) \u2013 certificado de competencias b\u00e1sicas en italiano como segundo idioma (contiene tres partes: comprensi\u00f3n oral, comprensi\u00f3n y expresi\u00f3n escrita y expresi\u00f3n oral)<\/li>\n<li>A2 (Nivel A2 del MCER) &#8211; certificado de competencias b\u00e1sicas en \u00a0italiano como segundo idioma (contiene tres partes: comprensi\u00f3n oral, comprensi\u00f3n y expresi\u00f3n escrita \u00a0y expresi\u00f3n oral)<\/li>\n<li>B1 (nivel B1 del MCER) &#8211; certificado de competencias elementales \u00a0en italiano como segundo idioma (contiene cuatro partes: comprensi\u00f3n oral, comprensi\u00f3n y expresi\u00f3n escrita, usos del italiano y conversaci\u00f3n)<\/li>\n<li>B2 (Livello B2 del MCER) &#8211; certificado \u00a0de competencia intermedia en italiano como segundo idioma (comprensi\u00f3n oral, comprensi\u00f3n escrita, expresi\u00f3n escrita y conversaci\u00f3n)<\/li>\n<li>C2 (Nivel C2 del MCER) \u2013 certificado de italiano como segundo idioma \u00a0(contiene cinco partes : comprensi\u00f3n oral, comprensi\u00f3n escrita, usos y formas del italiano, expresi\u00f3n escrita y expresi\u00f3n oral)<\/li>\n<\/ul>\n<p>Los ex\u00e1menes IT est\u00e1n destinados a estudiantes extranjeros que deben adjuntar el certificado para obtener el permiso de residencia (A2), estudiantes que desean estudiar en una universidad italiana (B2) y extranjeros que trabajan en \u00e1mbitos italianos o como profesores de italiano (C2). Los ex\u00e1menes se hacen varias veces al a\u00f1o en el Centro Ling\u00fc\u00edstico de Ateneo de la Universidad de Roma Tres y en otras instituciones oficiales. En el extranjero se llevan a cabo en los Institutos de Cultura Italiana.<\/p>\n<p>\u00bb <a href=\"https:\/\/ils.simonemontanari.com\/es\/cursos\/particulares-online\/\">Descubre nuestras Clases Particulares de Italiano Online<\/a><\/p>\n<h2>AIL<\/h2>\n<ul>\n<li><strong>Nombre Certificaci\u00f3n:<\/strong> AIL &#8211; Academia de la lengua italiana<\/li>\n<li><b>Promotor: <\/b><a href=\"https:\/\/www.acad.it\/\" target=\"_blank\" rel=\"noopener\">Accademia Italiana di Lingua<\/a> (asociaci\u00f3n sin \u00e1nimo de lucro de escuelas privadas y p\u00fablicas que trabajan en el \u00e1mbito de la ense\u00f1anza del italiano como segunda lengua)<\/li>\n<li><strong>Cuesto:<\/strong> Desde 100\u20ac hasta 200\u20ac, dependiente del nivel<\/li>\n<li><strong>Fechas: <\/strong>Dos sesiones por a\u00f1o<\/li>\n<li><strong>Niveles: <\/strong>DELI (A2), DILI (B1, B2), DALI (C1, C2)<\/li>\n<li><strong>Centros:\u00a0<\/strong>Pocos centros en diferentes pa\u00edses<\/li>\n<li><strong>Tiempo de correci\u00f3n: <\/strong>No especificado<\/li>\n<li><strong>Nota:\u00a0<\/strong>Esta certificaci\u00f3n es la \u00fanica mencionada que no forma parte del CLIQ (Certification Italian Language Quality) y por lo tanto podr\u00eda ser menos reconocida que la otra<\/li>\n<\/ul>\n<p>AIL es una asociaci\u00f3n de escuelas, instituciones y expertos nacionales e internacionales que trabajan en el campo de las certificaciones y en la ense\u00f1anza de la lengua italiana para extranjeros. \u00a0Las certificaciones de AIL son reconocidas a nivel internacional y est\u00e1n dirigidas a las personas que tienen el italiano como segundo idioma. La Academia de la Lengua Italiana sigue la clasificaci\u00f3n de niveles de competencias ling\u00fc\u00edstico-comunicativas establecidas por el Consejo Europeo, aunque tambi\u00e9n da la posibilidad de obtener el reconocimiento de lengua comercial.<\/p>\n<p>El examen DILC BI est\u00e1 reconocido por el Instituto Federal Suizo de Educaci\u00f3n y Formaci\u00f3n Profesional como examen final de italiano de segundo idioma nacional en todas las escuelas de formaci\u00f3n profesional de la Confederaci\u00f3n Helv\u00e9tica. Debido a la gran demanda para renovar el Permiso de Residencia, han creado el examen DELI A2 Integraci\u00f3n. AIL da prioridad a los aspectos de la comunicaci\u00f3n pr\u00e1ctica de la vida cotidiana y comercial. Por lo tanto, se encuentran los siguientes niveles:<\/p>\n<ul>\n<li>DELI A1 (Nivel A1 del MCER) \u2013 nivel base<\/li>\n<li>DELI A2 (Nivel A2 del MCER) \u2013 nivel umbral<\/li>\n<li>DELI A2 Integrazione- Integraci\u00f3n (nivel A2 del MCER) &#8211; nivel umbral<\/li>\n<\/ul>\n<ul>\n<li>DILI B1 (Nivel B1 del MCER) &#8211; nivel intermedio I<\/li>\n<li>DILC B1 (Nivel B1 del MCER) \u2013 nivel intermedio comercial<\/li>\n<li>DILI B2 (Nivel B2 del MCER) \u2013 nivel intermedio comercial<\/li>\n<\/ul>\n<ul>\n<li>DALI C1 (Nivel C1 del MCER) \u2013 nivel avanzado I<\/li>\n<li>DALC C1 ( Nivel C1 del MCER) &#8211; nivel avanzado comercial<\/li>\n<li>DALI C2 (Livello C2 del MCER) &#8211; nivel avanzado II<\/li>\n<\/ul>\n<p>Los ex\u00e1menes se hacen en el mismo d\u00eda cuatro veces al a\u00f1o en las diferentes sedes acreditadas de todo el mundo. Los textos son originales y la correcci\u00f3n se lleva a cabo en la sede central en Florencia para asegurar la uniformidad del jurado. Estas sedes tambi\u00e9n ofrecen cursos de preparaci\u00f3n para cada tipo de examen.<\/p>\n<p>\u00bb <a href=\"https:\/\/ils.simonemontanari.com\/es\/cursos\/grupales-online\/\">Descubre nuestros cursos grupales de Italiano Online<\/a><\/p>\n<h2>Certificaci\u00f3n para ense\u00f1antes de italiano<\/h2>\n<h3>DITALS<\/h3>\n<p><strong>(Certificazione in Didattica dell\u2019Italiano come Lingua Straniera &#8211; Certificaci\u00f3n de ense\u00f1anza de italiano como idioma extranjero)<\/strong><\/p>\n<p>El Centro de Investigaci\u00f3n y Servicios para las lenguas extranjeras DITALS se ocupa de la elaboraci\u00f3n y administraci\u00f3n de la Certificaci\u00f3n DITALS \u00a0y de las actividades de promoci\u00f3n y formaci\u00f3n en el campo de la lengua italiana como segundo idioma (L2). Las actividades est\u00e1n integradas en una serie de servicios dirigidos a trabajadores de este sector que se encargan de documentar ensayos y revistas sobre las disciplinas de la Certificaci\u00f3n DITALS y de crear manuales de ense\u00f1anza de italiano como segundo idioma. Existen tres tipos de DITALS que permiten obtener los conocimientos te\u00f3ricos y pr\u00e1cticos necesarios para ejercer como profesor de italiano en el extranjero:<\/p>\n<p>DITALS di BASE (Nivel b\u00e1sico) certifica un dominio inicial en la ense\u00f1anza de italiano a extranjeros. Est\u00e1 dirigido a profesores que no sean nativos italianos.<\/p>\n<ul>\n<li>DITALS de I nivel certifica una competencia did\u00e1ctica espec\u00edfica en la ense\u00f1anza de italiano a extranjeros. Est\u00e1 dirigido a destinatarios espec\u00edficos (ni\u00f1os, adolescentes, adultos y ancianos, inmigrantes, estudiantes universitarios, aprendices de italiano y aprendices nativos de otro idioma: chino, \u00e1rabe, japon\u00e9s, ruso, alem\u00e1n, operadores tur\u00edsticos, cat\u00f3licos religiosos y estudiantes de USA &#8211; University Study Abroad)<\/li>\n<\/ul>\n<ul>\n<li>DITALS de II nivel certifica una competencia avanzada en la ense\u00f1anza de italiano a extranjeros y est\u00e1 dirigido principalmente a trabajadores que operan en cualquier contexto de ense\u00f1anza o con cualquier grupo de aprendices.<\/li>\n<\/ul>\n<p>Los ex\u00e1menes DITALS se realizan dos veces al a\u00f1o en las fechas dadas por el Centro de Certificaci\u00f3n DITALS. Normalmente tienen lugar en Siena o en alguna de las sedes italianas o extranjeras asociadas al Centro.<\/p>\n<h3>CEDILS<\/h3>\n<p><strong>(Certificazione in Didattica dell\u2019Italiano a Stranieri &#8211; Certificaci\u00f3n de ense\u00f1anza de la lengua italiana a extranjeros)<\/strong><\/p>\n<p>La Certificaci\u00f3n CEDILS otorga las competencias necesarias para la ense\u00f1anza de italiano como segundo idioma. \u00a0Es emitida por el Laboratorio Itals de la Universidad Ca\u2019 Foscari de Venecia.<\/p>\n<p>El examen est\u00e1 dividido en cinco pruebas, con una duraci\u00f3n de cinco horas. Hay cuatro partes escritas (un cuestionario sobre temas de la metodolog\u00eda glotodid\u00e1ctica, ense\u00f1anza de material, comentario personal y un esquema de los aspectos gram\u00e1ticos y socioling\u00fc\u00edsticos del italiano) y una parte oral (3\/4 minutos de audios sobre argumentos de la cultura y la vida italiana). El examen CEDILS tiene lugar dos veces al a\u00f1o en Venecia y una vez al a\u00f1o en las diferentes sedes italianas asociadas (con fechas diferentes para cada uno).<\/p>\n<p>Tambi\u00e9n es posible realizar el examen en el extranjero a petici\u00f3n de escuelas, institutos de cultura italianos o grupos de profesores. Los ex\u00e1menes son corregidos por el Laboratorio ITALS de la Universidad de Venecia y se transmiten directamente a los candidatos. En caso de un resultado positivo, los candidatos reciben la certificaci\u00f3n CEDILS. Se puede tambi\u00e9n acceder al examen de certificaci\u00f3n con un t\u00edtulo universitario e incluso sin tener experiencia previa en la \u00a0ense\u00f1anza de italiano a estudiantes extranjeros. Lo que distingue a CEDILS del resto de certificaciones es que carece del doble nivel de certificaci\u00f3n (supone una ruta m\u00e1s corta).<\/p>\n<p>La certificaci\u00f3n CEDILS es \u00fatil para graduados sin experiencia en la ense\u00f1anza de italiano como segundo idioma.<\/p>\n<h3>DILS-PG<\/h3>\n<p><strong>(Didattica dell\u2019Italiano Lingua Straniera &#8211; Ense\u00f1anza de italiano como idioma extranjero)<\/strong><\/p>\n<p>La certificaci\u00f3n DILS-PG es una certificaci\u00f3n para la evaluaci\u00f3n de los conocimientos y habilidades de la ense\u00f1anza, esenciales para ejercer la profesi\u00f3n de profesor de italiano para extranjeros. \u00a0Est\u00e1 destinada a docentes italianos y extranjeros y se divide en dos niveles:<\/p>\n<ul>\n<li>\u00a0\u00a0\u00a0\u00a0\u00a0\u00a0\u00a0\u00a0I nivel &#8211; DILS-PG b\u00e1sico<\/li>\n<li>\u00a0\u00a0\u00a0\u00a0\u00a0\u00a0\u00a0\u00a0II nivel \u2013 DILS-PG<\/li>\n<\/ul>\n<p>La certificaci\u00f3n DILS-PG de nivel b\u00e1sico (I nivel) est\u00e1 dirigida a profesores de lengua materna italiana y no italiana, es decir, a docentes de italiano para extranjeros que han comenzado recientemente la profesi\u00f3n o que tienen una experiencia limitada mayormente en los niveles A1-B1 del Marco Com\u00fan Europeo de Referencia para las Lenguas (MCER) desarrollada tanto en Italia como en empresas, instituciones o asociaciones que trabajan en un contexto migratorio.<\/p>\n<p>En cambio, la certificaci\u00f3n DILS-PG de nivel II se dirige a profesores de italiano para extranjeros (nativos y no nativos) que tienen una amplia experiencia o una formaci\u00f3n espec\u00edfica en todos los niveles del Marco Com\u00fan Europeo de Referencia para las Lenguas (MCER).<\/p>\n<p>Esta certificaci\u00f3n es reconocida en concursos p\u00fablicos y en entrevistas de trabajo tanto en Italia como en el extranjero. Constituye un t\u00edtulo evaluable para la asignaci\u00f3n de tareas relacionadas con la ense\u00f1anza de la lengua italiana como segundo idioma y tambi\u00e9n es v\u00e1lido para la escuela p\u00fablica. Los ex\u00e1menes tienen lugar una vez al a\u00f1o en sus sedes oficiales de todo el mundo. En Italia se desarrollan en la Universidad para Extranjeros de Perugia.<\/p>\n","protected":false},"excerpt":{"rendered":"<p>Porcentaje de estudiantes de Italiano por Certificaci\u00f3n: 2021 2022 2023 CILS\u00a0 65,3 79,8 81,5 84,6 CELI 14,4 14,6 9,1 7,9 AIL 10,6 3,3 5,5 3,1 PLIDA 9,5 2,2 3,9 4,4 Otras 0,2 0,1 0 0,1 Fuente: Asils CILS Nombre Certificaci\u00f3n: CILS Certificaci\u00f3n de italiano como idioma extranjero Promotor: Universit\u00e0 per Stranieri di Siena Cuesto: Desde [&hellip;]<\/p>\n","protected":false},"author":1788,"featured_media":8157,"parent":29,"menu_order":0,"comment_status":"closed","ping_status":"closed","template":"course.php","meta":{"_acf_changed":false,"footnotes":""},"class_list":["post-1136","page","type-page","status-publish","has-post-thumbnail","hentry"],"acf":[],"_links":{"self":[{"href":"https:\/\/ils.simonemontanari.com\/es\/wp-json\/wp\/v2\/pages\/1136","targetHints":{"allow":["GET"]}}],"collection":[{"href":"https:\/\/ils.simonemontanari.com\/es\/wp-json\/wp\/v2\/pages"}],"about":[{"href":"https:\/\/ils.simonemontanari.com\/es\/wp-json\/wp\/v2\/types\/page"}],"author":[{"embeddable":true,"href":"https:\/\/ils.simonemontanari.com\/es\/wp-json\/wp\/v2\/users\/1788"}],"replies":[{"embeddable":true,"href":"https:\/\/ils.simonemontanari.com\/es\/wp-json\/wp\/v2\/comments?post=1136"}],"version-history":[{"count":0,"href":"https:\/\/ils.simonemontanari.com\/es\/wp-json\/wp\/v2\/pages\/1136\/revisions"}],"up":[{"embeddable":true,"href":"https:\/\/ils.simonemontanari.com\/es\/wp-json\/wp\/v2\/pages\/29"}],"wp:featuredmedia":[{"embeddable":true,"href":"https:\/\/ils.simonemontanari.com\/es\/wp-json\/wp\/v2\/media\/8157"}],"wp:attachment":[{"href":"https:\/\/ils.simonemontanari.com\/es\/wp-json\/wp\/v2\/media?parent=1136"}],"curies":[{"name":"wp","href":"https:\/\/api.w.org\/{rel}","templated":true}]}}