{"id":1139,"date":"2018-03-30T10:59:56","date_gmt":"2018-03-30T09:59:56","guid":{"rendered":"https:\/\/ils.simonemontanari.com\/es\/?page_id=1139"},"modified":"2024-08-23T12:37:41","modified_gmt":"2024-08-23T10:37:41","slug":"moverse-por-florencia-sin-coche","status":"publish","type":"page","link":"https:\/\/ils.simonemontanari.com\/es\/estancia\/moverse-por-florencia-sin-coche\/","title":{"rendered":"C\u00f3mo Moverse por Florencia Sin Coche"},"content":{"rendered":"<h2><strong>Zona de tr\u00e1fico limitado (ZTL)<\/strong><\/h2>\n<p>Algunas partes del centro hist\u00f3rico son peatonales y otras son las denominadas \u201c<a href=\"https:\/\/www.visitflorence.com\/tourist-info\/driving-in-florence-ztl-zone.html\" target=\"_blank\" rel=\"noopener noreferrer\">zonas de tr\u00e1fico limitado<\/a>\u201d, <strong>reservadas a ciudadanos que tienen un permiso especial<\/strong>.<\/p>\n<p><img loading=\"lazy\" decoding=\"async\" class=\"alignnone wp-image-1230 size-thumbnail\" src=\"https:\/\/ils.simonemontanari.com\/es\/wp-content\/uploads\/sites\/3\/2018\/05\/ztl-florencia-376x250.jpg\" alt=\"zona-tr\u00e0fico-limitado-ztl-florencia-art\u00ecculo-c\u00f2mo-moverse-por-florencia-sin-coche-europass-italian-language-school\" width=\"376\" height=\"250\" \/><br \/>\nSi la luz est\u00e1 roja significa que no se puede entrar en este \u00e1rea.<br \/>\nSi por el contrario est\u00e1 verde se permite el acceso a todos los veh\u00edculos, independientemente de los permisos.<\/p>\n<p>En estas zonas hay c\u00e1maras de seguridad que realizan fotos a los coches y a las matr\u00edculas.<br \/>\nLa <strong>multa<\/strong> por circular en una de estas zonas es bastante cara, ya que tiene un coste de 100 euros.<\/p>\n<p>Por otro lado, en toda Florencia tambi\u00e9n hay <strong>carriles reservados<\/strong> para los taxis, los autobuses, las ambulancias y los coches de polic\u00eda.<br \/>\nPor todos estos motivos podemos decir que moverse por Florencia en coche <strong>no es el m\u00e9todo m\u00e1s pr\u00e1ctico y recomendado<\/strong>.<\/p>\n<h2>Recorrido a pie<\/h2>\n<p>Seguramente el m\u00e9todo m\u00e1s agradable para descubrir Florencia sea caminando: <strong>su centro hist\u00f3rico es<\/strong> <strong>peque\u00f1o, accesible y en gran parte peatonal<\/strong>.<\/p>\n<p><strong>De la Estaci\u00f3n Santa Maria Novella al Duomo<\/strong> solo hay <strong>10 minutos<\/strong> y desde esta parte se llega en cinco minutos a la Galer\u00eda Uffizi \u00a1(Muy cerca del Ponte Vecchio)!<\/p>\n<p>Todas sus calles est\u00e1n repletas de historia, de <strong>monumentos fascinantes, iglesias y pasajes secretos<\/strong> que sin duda se pueden apreciar m\u00e1s si se realiza el recorrido a pie con <strong>paseos tranquilos<\/strong>.<\/p>\n<p><img loading=\"lazy\" decoding=\"async\" class=\"alignnone wp-image-1231 size-thumbnail\" src=\"https:\/\/ils.simonemontanari.com\/es\/wp-content\/uploads\/sites\/3\/2018\/05\/discovering-florence-by-feet-376x250.jpg\" alt=\"descubrir-florencia-andando-art\u00ecculo-c\u00f2mo-moverse-por-florencia-sin-coche-europass-italian-language-school\" width=\"376\" height=\"250\" \/><\/p>\n<p>Los monumentos m\u00e1s importantes est\u00e1n cerca uno de los otros y a la <a href=\"http:\/\/www.globalblue.com\/destinations\/italy\/best-shopping-streets-in-florence\/\" target=\"_blank\" rel=\"noopener noreferrer\">zona m\u00e1s popular para hacer compras<\/a> se accede tambi\u00e9n a pie (Borgo Ognissanti, Via della Vigna Nuova, Via Tornabuoni, Via Calzaiuoli, el Ponte Vecchio y Via Panzani).<\/p>\n<p>Tambi\u00e9n hay otras posibilidades de moverse por Florencia.<\/p>\n<h2>En bicicleta<\/h2>\n<h3>Alquilar una bicicleta<\/h3>\n<p>Alquilar una bicicleta en Florencia es <strong>bastante econ\u00f3mico<\/strong>: 2 euros una hora y 10 euros todo el d\u00eda.<br \/>\nSe encuentran disponibles en los stands distribuidos por la ciudad, en la Estaci\u00f3n de trenes Santa Maria Novella, en Piazza Ghiberti etc.<\/p>\n<p>El servicio de alquiler de bicicletas m\u00e1s popular es <a href=\"http:\/\/www.florencebybike.it\/en\/\" target=\"_blank\" rel=\"noopener noreferrer\">Florence by bike<\/a>, ubicado en Via San Zanobi.<br \/>\nOfrece una amplia selecci\u00f3n de bicicletas y accesorios para cada necesidad (asiento para ni\u00f1os, cesto\u2026).<\/p>\n<p>En toda la ciudad tambi\u00e9n puedes encontrar otros <strong>establecimientos de alquiler de bicicletas<\/strong> como <a href=\"https:\/\/www.tuscanycycle.com\" target=\"_blank\" rel=\"noopener noreferrer\">Tuscany Cycle<\/a> y <a href=\"http:\/\/www.rentbikeflorence.com\" target=\"_blank\" rel=\"noopener noreferrer\">Giramondo by bike<\/a>, ambos situados en Via Ghibellina, o <a href=\"http:\/\/www.noleggiobiciclettefirenze.it\/en\/\" target=\"_blank\" rel=\"noopener noreferrer\">Flo Rent<\/a> que est\u00e1 situado en Via della Mosca.<br \/>\nSi en cambio prefieres las bicicletas el\u00e9ctricas, puedes alquilarlas en <a href=\"https:\/\/www.e-bikesflorence.com\" target=\"_blank\" rel=\"noopener noreferrer\">E-Bikes Florence<\/a>, situado en Via Santa Reparata.<\/p>\n<h3>Compartir bicicletas<\/h3>\n<p>En lugar de alquilar una bicicleta, puedes usar el <strong>sistema comunitario para compartir bicicletas<\/strong>.<\/p>\n<p>Debes descargarte la aplicaci\u00f3n de m\u00f3vil <strong>Mobike<\/strong> (disponible en <a href=\"https:\/\/itunes.apple.com\/it\/app\/mobike-smart-bike-sharing\/id1044535426?mt=8\" target=\"_blank\" rel=\"noopener noreferrer\">IOS<\/a> y en <a href=\"https:\/\/play.google.com\/store\/apps\/details?id=com.ridemovi.app&amp;hl=es\" target=\"_blank\" rel=\"noopener noreferrer\">Android<\/a>).<br \/>\nSe trata de un sistema con el que no debes ir a ning\u00fan establecimiento para alquilar una bicicleta.<br \/>\nLas bicicletas <strong>se encuentran por toda la ciudad<\/strong> <strong>y puedes cogerlas sin problemas<\/strong>.<\/p>\n<p><img loading=\"lazy\" decoding=\"async\" class=\"wp-image-1232 size-thumbnail\" src=\"https:\/\/ils.simonemontanari.com\/es\/wp-content\/uploads\/sites\/3\/2018\/05\/mobike-compartir-bicicletas-florencia-376x250.jpg\" alt=\"mobike-compartir-bicicletas-florencia-art\u00ecculo-c\u00f2mo-moverse-por-florencia-sin-coche-eurpass-italian-language-school\" width=\"376\" height=\"250\" srcset=\"https:\/\/ils.simonemontanari.com\/es\/wp-content\/uploads\/sites\/3\/2018\/05\/mobike-compartir-bicicletas-florencia-376x250.jpg 376w, https:\/\/ils.simonemontanari.com\/es\/wp-content\/uploads\/sites\/3\/2018\/05\/mobike-compartir-bicicletas-florencia-752x502.jpg 752w, https:\/\/ils.simonemontanari.com\/es\/wp-content\/uploads\/sites\/3\/2018\/05\/mobike-compartir-bicicletas-florencia-768x512.jpg 768w, https:\/\/ils.simonemontanari.com\/es\/wp-content\/uploads\/sites\/3\/2018\/05\/mobike-compartir-bicicletas-florencia.jpg 850w\" sizes=\"auto, (max-width: 376px) 100vw, 376px\" \/><\/p>\n<p><strong>Aseg\u00farate de atarlas bien<\/strong> cuando hayas acabado de usarla: \u00a1Si no lo haces te cobrar\u00e1n el tiempo extra!<\/p>\n<p>Si te mueves por Florencia en bicicleta debes estar atento a los numerosos agujeros que hay en las calles ya que las motos intentan siempre adelantarte.<br \/>\nSi permaneces en el centro este aspecto no deber\u00eda ser un problema ya que la mayor\u00eda de sus calles son peatonales.<br \/>\nEso s\u00ed, \u00a1deber\u00e1s luchar contra una multitud de turistas!<\/p>\n<h2>En autob\u00fas o en tram<\/h2>\n<p><a href=\"http:\/\/www.ataf.net\/en\/ataf.aspx?idC=2&amp;LN=en-US\" target=\"_blank\" rel=\"noopener noreferrer\">ATAF<\/a> es la principal compa\u00f1\u00eda de autobuses de Florencia (los autobuses son naranjas, lilas, p\u00farpuras, blancos y azules).<\/p>\n<p>Puedes encontrar las rutas y los horarios en su <a href=\"http:\/\/www.ataf.net\/en\/timetables-and-routes\/timetables-and-routes\/route-list.aspx?idC=180&amp;LN=en-US\" target=\"_blank\" rel=\"noopener noreferrer\">p\u00e1gina web<\/a> o en <a href=\"https:\/\/www.google.com\/maps\/@43.7618249,11.2183892,15z\" target=\"_blank\" rel=\"noopener noreferrer\">Google Maps<\/a>.<\/p>\n<h3>Billetes<\/h3>\n<p>Puedes comprar los billetes, que <strong>cuestan 1,50\u20ac<\/strong>, en las cafeter\u00edas, estancos o quioscos.<br \/>\nTambi\u00e9n lo puedes comprar directamente en el autob\u00fas pero se agotan r\u00e1pidamente y es m\u00e1s caro.<br \/>\nEl billete es <strong>v\u00e1lido durante 90 minutos<\/strong> por lo que puedes usar el mismo (tambi\u00e9n si cambias de autob\u00fas).<br \/>\n<strong>Comprar el billete en el autob\u00fas es un poco m\u00e1s caro (2,00\u20ac).<\/strong><br \/>\nTambi\u00e9n puedes decidir comprar un billete de dos viajes por 2,40\u20ac o un billete de 4 viajes por 4,70\u20ac.<\/p>\n<p>Otra opci\u00f3n \u00fatil es comprar la denominada <strong>Carta Agile<\/strong>, una tarjeta electr\u00f3nica v\u00e1lida para 10, 20 0 30 viajes (cuestan respectivamente 10, 20 y 30\u20ac).<br \/>\nDentro del autob\u00fas para validar la tarjeta solamente tienes que pasarla en el lector digital. El sonido significa \u201cbillete validado\u201d.<br \/>\nRecuerda que no puedes compartir la Carta Agile con otras personas: \u00a1Cada persona debe tener una!<\/p>\n<p>Como \u00faltima opci\u00f3n puedes enviar un <strong>mensaje desde tu tel\u00e9fono con la palabra ATAF<\/strong> al n\u00famero 4880105 con un coste de 1,50\u20ac.<\/p>\n<p>Tambi\u00e9n hay disponibles <strong>billetes para varios d\u00edas<\/strong> (24 horas, 3 d\u00edas, 7 d\u00edas).<br \/>\nToda esta informaci\u00f3n la puedes encontrar en este <a href=\"http:\/\/www.ataf.net\/en\/fares\/tickets.aspx?idC=82&amp;LN=en-US\" target=\"_blank\" rel=\"noopener noreferrer\">link<\/a>.<\/p>\n<p>Si compras la denominada <a href=\"http:\/\/firenzecard.it\/es?lang=en\" target=\"_blank\" rel=\"noopener noreferrer\">Firenze Card<\/a> para entrar a los museos tendr\u00e1s acceso ilimitado a los autobuses.<\/p>\n<p><strong>Aseg\u00farate de validar el billete<\/strong> ya que normalmente hay revisores (la multa m\u00ednima es de 40\u20ac).<\/p>\n<h3>Tranv\u00eda<\/h3>\n<p>Tambi\u00e9n puedes comprar los billetes de autob\u00fas en <strong>las l\u00edneas del tram<\/strong>.<br \/>\nEl tranv\u00eda ha sido el \u00faltimo medio de transporte en llegar a Florencia: ha revolucionado las condiciones de movilidad.<br \/>\nEs <strong>c\u00f3modo, puntual y ecol\u00f3gico<\/strong>. Ahora hay 3 l\u00edneas activas (se est\u00e1n haciendo otras 2).<br \/>\nPuedes controlar las rutas de las diferentes l\u00edneas <a href=\"http:\/\/en.comune.fi.it\/administration\/tramway\/system.html\" target=\"_blank\" rel=\"noopener noreferrer\">aqu\u00ed<\/a>.<\/p>\n<h3>Autob\u00fas Hop on Hop off<\/h3>\n<p>Otra opci\u00f3n es el autob\u00fas tur\u00edstico <a href=\"https:\/\/www.hop-on-hop-off-bus.com\/es\/autobus-turistico-florencia\" target=\"_blank\" rel=\"noopener noreferrer\">Florence Bus Tour<\/a> que permite <strong>visitar los sitios y monumentos principales<\/strong>.<br \/>\nA veces puede haber mucho tr\u00e1fico por lo que con esta opci\u00f3n quiz\u00e1s tardas m\u00e1s que a pie.<br \/>\nSi no tienes pensado quedarte en Florencia por mucho tiempo este m\u00e9todo es quiz\u00e1s de los m\u00e1s adecuados ya que te permite realizar un tour general de la ciudad en autobuses abiertos de dos pisos.<\/p>\n<h2>En taxi<\/h2>\n<p>Coger un taxi puede ser una buena opci\u00f3n si lo necesitas <strong>por la noche<\/strong> o si vas a cenar en un restaurante que se encuentre en la otra parte de la ciudad.<br \/>\nEn italia, al contrario de lo que sucede en la mayor\u00eda de sitios, no se puede parar un taxi en la calle.<br \/>\nEst\u00e1n estacionados en las <strong>paradas de taxi<\/strong>, que se encuentran normalmente en las plazas principales, en las estaciones de tren y en los aeropuertos.<br \/>\nIr al centro desde el aeropuerto tiene un coste de aproximadamente 20 euros.<\/p>\n<p><img loading=\"lazy\" decoding=\"async\" class=\"alignnone wp-image-1233 size-thumbnail\" src=\"https:\/\/ils.simonemontanari.com\/es\/wp-content\/uploads\/sites\/3\/2018\/05\/taxi-in-florence-376x250.jpg\" alt=\"taxi-in-florencia-art\u00ecculo-c\u00f2mo-moverse-por-florencia-sin-coche-europass-italian-language-school\" width=\"376\" height=\"250\" srcset=\"https:\/\/ils.simonemontanari.com\/es\/wp-content\/uploads\/sites\/3\/2018\/05\/taxi-in-florence-376x250.jpg 376w, https:\/\/ils.simonemontanari.com\/es\/wp-content\/uploads\/sites\/3\/2018\/05\/taxi-in-florence.jpg 730w\" sizes=\"auto, (max-width: 376px) 100vw, 376px\" \/><br \/>\nLos <strong>n\u00fameros para llamar un taxi<\/strong> en Florencia son los siguientes:\u00a0055.4242 \/ 055.4390 \/ 055.4798 \/ 055.4499.<\/p>\n<h2>Coche compartido<\/h2>\n<p dir=\"ltr\">Si realmente necesitas utilizar el coche, una buena opci\u00f3n es el <strong>servicio de coche compartido<\/strong>.<\/p>\n<p dir=\"ltr\">Puedes acceder a este servicio de una manera muy f\u00e1cil: solo tienes que <strong>descargarte una app<\/strong> y con ella podr\u00e1s usar el coche todo el tiempo que necesites, <strong>acceder al \u00e1rea ZTL<\/strong> y <strong>aparcar en los espacios reservados para residentes<\/strong>.<\/p>\n<p dir=\"ltr\">Podr\u00e1s coger el coche que tengas m\u00e1s cerca ya que los coches compartidos est\u00e1n repartidos por toda la ciudad.<\/p>\n<p dir=\"ltr\">Actualmente los servicios de coche compartido activos en la ciudad son tres:<\/p>\n<ul>\n<li dir=\"ltr\"><a href=\"https:\/\/www.car2go.com\/IT\/en\/florence\/\" target=\"_blank\" rel=\"noopener noreferrer\" data-saferedirecturl=\"https:\/\/www.google.com\/url?hl=it&amp;q=https:\/\/www.car2go.com\/IT\/en\/florence\/&amp;source=gmail&amp;ust=1527842333243000&amp;usg=AFQjCNH4Rse5pzjrIvNcVKMaOg3SwXi8_A\">Car2go<\/a><\/li>\n<li dir=\"ltr\"><a href=\"https:\/\/enjoy.eni.com\/en\/firenze\/home\" target=\"_blank\" rel=\"noopener noreferrer\" data-saferedirecturl=\"https:\/\/www.google.com\/url?hl=it&amp;q=https:\/\/enjoy.eni.com\/en\/firenze\/home&amp;source=gmail&amp;ust=1527842333244000&amp;usg=AFQjCNGsLpyp2msybl6NvLBJQMWV8ywJ6g\">Enjoy<\/a><\/li>\n<li dir=\"ltr\"><a href=\"https:\/\/www.addumacar.it\/EN\/index.html\" target=\"_blank\" rel=\"noopener noreferrer\" data-saferedirecturl=\"https:\/\/www.google.com\/url?hl=it&amp;q=https:\/\/www.addumacar.it\/EN\/index.html&amp;source=gmail&amp;ust=1527842333244000&amp;usg=AFQjCNGZBVW0AN8WWA61Hf-WbbN3G0tsFw\">Adduma Car<\/a><\/li>\n<\/ul>\n<p dir=\"ltr\">Accede a sus p\u00e1ginas web para encontrar las tarifas y m\u00e1s detalles.<\/p>\n<figure style=\"width: 376px\" class=\"wp-caption alignnone\"><img loading=\"lazy\" decoding=\"async\" class=\"size-medium\" src=\"https:\/\/ils.simonemontanari.com\/wp-content\/uploads\/2018\/05\/Enjoy-car-sharing-Firenze-376x250.jpg\" alt=\"Coche compartido Florencia\" width=\"376\" height=\"250\" \/><figcaption class=\"wp-caption-text\">Image taken from: http:\/\/www.controradio.it\/enjoy-firenze\/<\/figcaption><\/figure>\n<h2>Aparcar en Florencia<\/h2>\n<p>Encontrar aparcamiento es una de las cosas m\u00e1s dif\u00edciles en Florencia\u2026\u00a1Pero no pierdas la esperanza!<\/p>\n<p>Si solamente vas a pasar un d\u00eda es <strong>mejor que dejes el coche en uno de los aparcamientos <\/strong>ubicados alrededordel centro hist\u00f3rico.<\/p>\n<p>El aparcamiento m\u00e1s grande se encuentra debajo de la estaci\u00f3n de tren <strong>Santa Mar\u00eda Novella<\/strong>.<br \/>\nCerca de la estaci\u00f3n de tren (en la parte oeste de la ciudad) puedes aparcar debajo de la <strong>Fortezza da Basso<\/strong> y en Porta al Prato.<br \/>\nEn la zona este hay aparcamientos subterr\u00e1neos en Piazza Ghiberti (llamado\u00a0<strong>Sant\u2019Ambrogio<\/strong>) y en Piazza Beccaria.<br \/>\nEn la zona norte, en Piazza della Libert\u00e0 (<strong>Parterre<\/strong>) y en la zona sur en Porta Romana.<br \/>\nEstos son algunos de los m\u00e1s importantes.<\/p>\n<p>Puedes controlar <strong>en tiempo real<\/strong> cu\u00e1ntas plazas de aparcamiento hay disponibles en esta\u00a0<a href=\"http:\/\/www.firenzeparcheggi.it\" target=\"_blank\" rel=\"noopener noreferrer\">p\u00e1gina web<\/a> (desgraciadamente solo est\u00e1 disponible en italiano).<br \/>\nTambi\u00e9n puedes descargar la aplicaci\u00f3n ParkMe para <a href=\"https:\/\/itunes.apple.com\/us\/app\/parkme-parking\/id417605484?mt=8\" target=\"_blank\" rel=\"noopener noreferrer\">Iphone<\/a> y para <a href=\"https:\/\/play.google.com\/store\/apps\/details?id=com.parkme.consumer&amp;hl=es\" target=\"_blank\" rel=\"noopener noreferrer\">Android<\/a>.<\/p>\n<p><img loading=\"lazy\" decoding=\"async\" class=\"alignnone wp-image-1234 size-thumbnail\" src=\"https:\/\/ils.simonemontanari.com\/es\/wp-content\/uploads\/sites\/3\/2018\/05\/car-park-376x250.jpg\" alt=\"aparcamientos-florencia-art\u00ecculo-c\u00f2mo-moverse-por-florencia-sin-coche-europass-italian-language-school\" width=\"376\" height=\"250\" \/><\/p>\n<p>Si te hospedas en un hotel puedes solicitar la informaci\u00f3n directamente all\u00ed, ya que normalmente tienen <strong>convenios <\/strong>con aparcamientos privados.<\/p>\n<p>Normalmente tienen un coste de entre 1 y 3 \u20ac la hora. \u00a1Algunos cuestan hasta 8 \u20ac!<br \/>\nTambi\u00e9n hay <strong>aparcamientos privados<\/strong> <strong>en el centro hist\u00f3rico<\/strong> que cuestan aproximadamente 30 euros al d\u00eda.<br \/>\nSon \u00fatiles si quieres estar cerca de los principales destinos.<\/p>\n<p>Puedes <strong>aparcar en la calle<\/strong>, especialmente en las zonas residenciales.<br \/>\nEs dif\u00edcil encontrar aparcamiento, pero es m\u00e1s barato.<br \/>\nSolamente acu\u00e9rdate de aparcar en la <strong>zona azul<\/strong>, ya que la zona blanca est\u00e1 reservada solo a los residentes.<\/p>\n<p>Por \u00faltimo, si tienes pensado quedarte m\u00e1s tiempo en Florencia puedes aparcar fuera del centro hist\u00f3rico y <strong>usar el transporte p\u00fablico<\/strong> para acceder a \u00e9l.<br \/>\n\u00a1Sin duda, esta es la opci\u00f3n m\u00e1s econ\u00f3mica y seguramente la m\u00e1s recomendable!<\/p>\n","protected":false},"excerpt":{"rendered":"<p>Zona de tr\u00e1fico limitado (ZTL) Algunas partes del centro hist\u00f3rico son peatonales y otras son las denominadas \u201czonas de tr\u00e1fico limitado\u201d, reservadas a ciudadanos que tienen un permiso especial. Si la luz est\u00e1 roja significa que no se puede entrar en este \u00e1rea. Si por el contrario est\u00e1 verde se permite el acceso a todos [&hellip;]<\/p>\n","protected":false},"author":1788,"featured_media":2213,"parent":17,"menu_order":0,"comment_status":"closed","ping_status":"closed","template":"","meta":{"_acf_changed":false,"footnotes":""},"class_list":["post-1139","page","type-page","status-publish","has-post-thumbnail","hentry"],"acf":[],"_links":{"self":[{"href":"https:\/\/ils.simonemontanari.com\/es\/wp-json\/wp\/v2\/pages\/1139","targetHints":{"allow":["GET"]}}],"collection":[{"href":"https:\/\/ils.simonemontanari.com\/es\/wp-json\/wp\/v2\/pages"}],"about":[{"href":"https:\/\/ils.simonemontanari.com\/es\/wp-json\/wp\/v2\/types\/page"}],"author":[{"embeddable":true,"href":"https:\/\/ils.simonemontanari.com\/es\/wp-json\/wp\/v2\/users\/1788"}],"replies":[{"embeddable":true,"href":"https:\/\/ils.simonemontanari.com\/es\/wp-json\/wp\/v2\/comments?post=1139"}],"version-history":[{"count":0,"href":"https:\/\/ils.simonemontanari.com\/es\/wp-json\/wp\/v2\/pages\/1139\/revisions"}],"up":[{"embeddable":true,"href":"https:\/\/ils.simonemontanari.com\/es\/wp-json\/wp\/v2\/pages\/17"}],"wp:featuredmedia":[{"embeddable":true,"href":"https:\/\/ils.simonemontanari.com\/es\/wp-json\/wp\/v2\/media\/2213"}],"wp:attachment":[{"href":"https:\/\/ils.simonemontanari.com\/es\/wp-json\/wp\/v2\/media?parent=1139"}],"curies":[{"name":"wp","href":"https:\/\/api.w.org\/{rel}","templated":true}]}}