{"id":1399,"date":"2022-02-07T16:28:24","date_gmt":"2022-02-07T15:28:24","guid":{"rendered":"https:\/\/ils.simonemontanari.com\/es\/?page_id=1399"},"modified":"2024-09-20T09:37:54","modified_gmt":"2024-09-20T07:37:54","slug":"gramatica","status":"publish","type":"page","link":"https:\/\/ils.simonemontanari.com\/es\/aprender-italiano\/gramatica\/","title":{"rendered":"Gram\u00e1tica Italiana"},"content":{"rendered":"<p>Aprender un nuevo idioma incluye muchos aspectos diferentes:\u00a0<span lang=\"es\">uso com\u00fan, comprensi\u00f3n, conversaci\u00f3n, escritura y contexto.\u00a0<\/span><span lang=\"es\">Sin embargo, el elemento com\u00fan que une a todos estos componentes es la gram\u00e1tica.<\/span><\/p>\n<p>Nosotros, en <a href=\"https:\/\/ils.simonemontanari.com\/es\/\">Europass Italian Language School<\/a>, hemos recopilado <strong>las principales reglas gramaticales del italiano<\/strong>: g\u00e9nero, n\u00famero, art\u00edculos, pronombres, verbos, adjetivos y todo lo dem\u00e1s \u00a1para que ya no sean ning\u00fan secreto para ti!<\/p>\n<ul><li class=\"page_item page-item-1299\"><a href=\"https:\/\/ils.simonemontanari.com\/es\/aprender-italiano\/gramatica\/adjetivos-pronombres-adverbios\/\">Adjetivos, Pronombres y Adverbios<\/a><\/li>\n<li class=\"page_item page-item-1313\"><a href=\"https:\/\/ils.simonemontanari.com\/es\/aprender-italiano\/gramatica\/articulos-genero-numero\/\">Art\u00edculos, G\u00e9nero y N\u00famero en Italiano<\/a><\/li>\n<li class=\"page_item page-item-1317\"><a href=\"https:\/\/ils.simonemontanari.com\/es\/aprender-italiano\/gramatica\/comparativos-y-superlativos\/\">Comparativos y Superlativos en Italiano<\/a><\/li>\n<li class=\"page_item page-item-1874\"><a href=\"https:\/\/ils.simonemontanari.com\/es\/aprender-italiano\/gramatica\/ejercicios\/\">Ejercicios de Gram\u00e1tica Italiana<\/a><\/li>\n<li class=\"page_item page-item-1319\"><a href=\"https:\/\/ils.simonemontanari.com\/es\/aprender-italiano\/gramatica\/forma-impersonal-y-pasiva\/\">Forma Impersonal y Forma Pasiva en Italiano<\/a><\/li>\n<li class=\"page_item page-item-1474 page_item_has_children\"><a href=\"https:\/\/ils.simonemontanari.com\/es\/aprender-italiano\/gramatica\/modos-y-tiempos-verbales\/\">Modos y Tiempos Verbales en Italiano<\/a>\n<ul class='children'>\n\t<li class=\"page_item page-item-1485\"><a href=\"https:\/\/ils.simonemontanari.com\/es\/aprender-italiano\/gramatica\/modos-y-tiempos-verbales\/condicional\/\">El Condicional en Italiano &#8211; Il Modo Condizionale<\/a><\/li>\n\t<li class=\"page_item page-item-1492\"><a href=\"https:\/\/ils.simonemontanari.com\/es\/aprender-italiano\/gramatica\/modos-y-tiempos-verbales\/gerundio\/\">El Gerundio en Italiano &#8211; Il Modo Gerundio<\/a><\/li>\n\t<li class=\"page_item page-item-1476\"><a href=\"https:\/\/ils.simonemontanari.com\/es\/aprender-italiano\/gramatica\/modos-y-tiempos-verbales\/imperativo\/\">El Imperativo en Italiano &#8211; Il Modo Imperativo<\/a><\/li>\n\t<li class=\"page_item page-item-1443\"><a href=\"https:\/\/ils.simonemontanari.com\/es\/aprender-italiano\/gramatica\/modos-y-tiempos-verbales\/indicativo\/\">El Indicativo en Italiano &#8211; Il Modo Indicativo<\/a><\/li>\n\t<li class=\"page_item page-item-1489\"><a href=\"https:\/\/ils.simonemontanari.com\/es\/aprender-italiano\/gramatica\/modos-y-tiempos-verbales\/subjuntivo\/\">El Subjuntivo en Italiano &#8211; Il Modo Congiuntivo<\/a><\/li>\n<\/ul>\n<\/li>\n<li class=\"page_item page-item-1331\"><a href=\"https:\/\/ils.simonemontanari.com\/es\/aprender-italiano\/gramatica\/preposiciones-y-articulo-partitivo\/\">Preposiciones y Art\u00edculo Partitivo en Italiano<\/a><\/li>\n<li class=\"page_item page-item-1429\"><a href=\"https:\/\/ils.simonemontanari.com\/es\/aprender-italiano\/gramatica\/pronombres-y-particulas-pronominales\/\">Pronombres y Part\u00edculas Pronominales en Italiano<\/a><\/li>\n<\/ul>\n","protected":false},"excerpt":{"rendered":"<p>Aprender un nuevo idioma incluye muchos aspectos diferentes:\u00a0uso com\u00fan, comprensi\u00f3n, conversaci\u00f3n, escritura y contexto.\u00a0Sin embargo, el elemento com\u00fan que une a todos estos componentes es la gram\u00e1tica. Nosotros, en Europass Italian Language School, hemos recopilado las principales reglas gramaticales del italiano: g\u00e9nero, n\u00famero, art\u00edculos, pronombres, verbos, adjetivos y todo lo dem\u00e1s \u00a1para que ya no [&hellip;]<\/p>\n","protected":false},"author":1788,"featured_media":7970,"parent":29,"menu_order":0,"comment_status":"closed","ping_status":"closed","template":"","meta":{"_acf_changed":false,"footnotes":""},"class_list":["post-1399","page","type-page","status-publish","has-post-thumbnail","hentry"],"acf":[],"_links":{"self":[{"href":"https:\/\/ils.simonemontanari.com\/es\/wp-json\/wp\/v2\/pages\/1399","targetHints":{"allow":["GET"]}}],"collection":[{"href":"https:\/\/ils.simonemontanari.com\/es\/wp-json\/wp\/v2\/pages"}],"about":[{"href":"https:\/\/ils.simonemontanari.com\/es\/wp-json\/wp\/v2\/types\/page"}],"author":[{"embeddable":true,"href":"https:\/\/ils.simonemontanari.com\/es\/wp-json\/wp\/v2\/users\/1788"}],"replies":[{"embeddable":true,"href":"https:\/\/ils.simonemontanari.com\/es\/wp-json\/wp\/v2\/comments?post=1399"}],"version-history":[{"count":0,"href":"https:\/\/ils.simonemontanari.com\/es\/wp-json\/wp\/v2\/pages\/1399\/revisions"}],"up":[{"embeddable":true,"href":"https:\/\/ils.simonemontanari.com\/es\/wp-json\/wp\/v2\/pages\/29"}],"wp:featuredmedia":[{"embeddable":true,"href":"https:\/\/ils.simonemontanari.com\/es\/wp-json\/wp\/v2\/media\/7970"}],"wp:attachment":[{"href":"https:\/\/ils.simonemontanari.com\/es\/wp-json\/wp\/v2\/media?parent=1399"}],"curies":[{"name":"wp","href":"https:\/\/api.w.org\/{rel}","templated":true}]}}