{"id":1510,"date":"2018-08-29T12:21:09","date_gmt":"2018-08-29T11:21:09","guid":{"rendered":"https:\/\/ils.simonemontanari.com\/es\/?page_id=1510"},"modified":"2024-09-20T10:22:28","modified_gmt":"2024-09-20T08:22:28","slug":"newsletter","status":"publish","type":"page","link":"https:\/\/ils.simonemontanari.com\/es\/newsletter\/","title":{"rendered":"La newsletter de Europass Italian Language School"},"content":{"rendered":"<p>Aprende Italiano con nuestro bolet\u00edn y recibe recursos gratuitos, curiosidades y informaci\u00f3n sobre nuestros cursos.<\/p>\n<p>Nuestro m\u00e9todo de ense\u00f1anza se basa en la pr\u00e1ctica y por eso, nuestro bolet\u00edn es <strong>totalmente en Italiano<\/strong>.<\/p>\n<p>Pero, non tengas miedo! Esta peque\u00f1a norma la aplicamos en <a href=\"https:\/\/ils.simonemontanari.com\/es\/aprender-italiano-online\/\">nuestros cursos<\/a> desde hace 30 a\u00f1os y la experiencia demuestra que funciona, para los principiantes tambi\u00e9n.<\/p>\n<p>P.S. Recuerda que <strong>puedes borrarte en cualquier momento<\/strong>, simplemente haciendo clic sobre \u201cdarse de baja\u201d presente al final de cada bolet\u00edn.<\/p>\n","protected":false},"excerpt":{"rendered":"<p>Aprende Italiano con nuestro bolet\u00edn y recibe recursos gratuitos, curiosidades y informaci\u00f3n sobre nuestros cursos. Nuestro m\u00e9todo de ense\u00f1anza se basa en la pr\u00e1ctica y por eso, nuestro bolet\u00edn es totalmente en Italiano. Pero, non tengas miedo! Esta peque\u00f1a norma la aplicamos en nuestros cursos desde hace 30 a\u00f1os y la experiencia demuestra que funciona, [&hellip;]<\/p>\n","protected":false},"author":1788,"featured_media":7971,"parent":0,"menu_order":0,"comment_status":"closed","ping_status":"closed","template":"","meta":{"_acf_changed":false,"footnotes":""},"class_list":["post-1510","page","type-page","status-publish","has-post-thumbnail","hentry"],"acf":[],"_links":{"self":[{"href":"https:\/\/ils.simonemontanari.com\/es\/wp-json\/wp\/v2\/pages\/1510","targetHints":{"allow":["GET"]}}],"collection":[{"href":"https:\/\/ils.simonemontanari.com\/es\/wp-json\/wp\/v2\/pages"}],"about":[{"href":"https:\/\/ils.simonemontanari.com\/es\/wp-json\/wp\/v2\/types\/page"}],"author":[{"embeddable":true,"href":"https:\/\/ils.simonemontanari.com\/es\/wp-json\/wp\/v2\/users\/1788"}],"replies":[{"embeddable":true,"href":"https:\/\/ils.simonemontanari.com\/es\/wp-json\/wp\/v2\/comments?post=1510"}],"version-history":[{"count":0,"href":"https:\/\/ils.simonemontanari.com\/es\/wp-json\/wp\/v2\/pages\/1510\/revisions"}],"wp:featuredmedia":[{"embeddable":true,"href":"https:\/\/ils.simonemontanari.com\/es\/wp-json\/wp\/v2\/media\/7971"}],"wp:attachment":[{"href":"https:\/\/ils.simonemontanari.com\/es\/wp-json\/wp\/v2\/media?parent=1510"}],"curies":[{"name":"wp","href":"https:\/\/api.w.org\/{rel}","templated":true}]}}