{"id":17,"date":"2017-12-05T16:15:25","date_gmt":"2017-12-05T15:15:25","guid":{"rendered":"https:\/\/ils.simonemontanari.com\/es\/stay-in-florence\/"},"modified":"2024-08-23T12:37:40","modified_gmt":"2024-08-23T10:37:40","slug":"estancia","status":"publish","type":"page","link":"https:\/\/ils.simonemontanari.com\/es\/estancia\/","title":{"rendered":"Estancia en Florencia"},"content":{"rendered":"<div class=\"row has-columns three-columns \">\n<div class=\"column\">\n<p>No te preocupes de la organizaci\u00f3n de tu estancia en Florencia,<strong> \u00a1nos ocupamos nosotros!<\/strong><\/p>\n<p>Estamos aqu\u00ed para ayudarte y para hacer que te sientas relajado, para colaborar en el cumplimiento de tus expectativas y prevenir cualquier dificultad durante tu permanencia en el extranjero.<\/p>\n<p>Queremos que disfrutes de tu estancia en Italia!<\/p>\n<\/div>\n<div class=\"column\">\n        <div class=\"page-card alojamiento is-style-default\">\n                            <figure class=\"page-card_image\">\n                    <a href=\"https:\/\/ils.simonemontanari.com\/es\/estancia\/alojamiento\/\" title=\"Alojamiento\">\n                        <img loading=\"lazy\" decoding=\"async\" width=\"376\" height=\"250\" src=\"https:\/\/ils.simonemontanari.com\/es\/wp-content\/uploads\/sites\/3\/2024\/09\/Benvenuto-376x250.jpg\" class=\"attachment-thumbnail size-thumbnail wp-post-image\" alt=\"\" \/>                    <\/a>\n                <\/figure>\n            <h2 class=\"page-card_title\"><a href=\"https:\/\/ils.simonemontanari.com\/es\/estancia\/alojamiento\/\" title=\"Alojamiento\">Alojamiento<\/a><\/h2>            <p class=\"page-card_text\">Una cuidada selecci\u00f3n de alojamientos en Florencia, con opciones para todas las necesidades y preferencias.<\/p>\n                        <p class=\"page-card_cta\"><a href=\"https:\/\/ils.simonemontanari.com\/es\/estancia\/alojamiento\/\">Descubre m\u00e1s<span class=\"icon\"><svg xmlns=\"http:\/\/www.w3.org\/2000\/svg\" aria-hidden=\"true\" focusable=\"false\" role=\"img\" viewBox=\"0 0 448 512\"><path fill=\"currentColor\" d=\"M443.7 266.8l-165.9 176C274.5 446.3 269.1 448 265.5 448c-3.986 0-7.988-1.375-11.16-4.156c-6.773-5.938-7.275-16.06-1.118-22.59L393.9 272H16.59c-9.171 0-16.59-7.155-16.59-15.1S7.421 240 16.59 240h377.3l-140.7-149.3c-6.157-6.531-5.655-16.66 1.118-22.59c6.789-5.906 17.27-5.469 23.45 1.094l165.9 176C449.4 251.3 449.4 260.7 443.7 266.8z\"\/><\/svg><\/span><\/a><\/p>\n                    <\/div>\n        \n<\/div>\n<div class=\"column\">\n        <div class=\"page-card actividades is-style-default\">\n                            <figure class=\"page-card_image\">\n                    <a href=\"https:\/\/ils.simonemontanari.com\/es\/estancia\/actividades\/\" title=\"Actividades de Europass\">\n                        <img loading=\"lazy\" decoding=\"async\" width=\"376\" height=\"250\" src=\"https:\/\/ils.simonemontanari.com\/es\/wp-content\/uploads\/sites\/3\/2020\/03\/vista-de-florencia-376x250.jpg\" class=\"attachment-thumbnail size-thumbnail wp-post-image\" alt=\"chicos en el punto panoramico de florencia\" \/>                    <\/a>\n                <\/figure>\n            <h2 class=\"page-card_title\"><a href=\"https:\/\/ils.simonemontanari.com\/es\/estancia\/actividades\/\" title=\"Actividades de Europass\">Actividades de Europass<\/a><\/h2>            <p class=\"page-card_text\">Descubre todo lo que Florencia ofrece, gracias a nuestras excursiones, rutas y visitas guiadas para todos.<\/p>\n                        <p class=\"page-card_cta\"><a href=\"https:\/\/ils.simonemontanari.com\/es\/estancia\/actividades\/\">Descubre m\u00e1s<span class=\"icon\"><svg xmlns=\"http:\/\/www.w3.org\/2000\/svg\" aria-hidden=\"true\" focusable=\"false\" role=\"img\" viewBox=\"0 0 448 512\"><path fill=\"currentColor\" d=\"M443.7 266.8l-165.9 176C274.5 446.3 269.1 448 265.5 448c-3.986 0-7.988-1.375-11.16-4.156c-6.773-5.938-7.275-16.06-1.118-22.59L393.9 272H16.59c-9.171 0-16.59-7.155-16.59-15.1S7.421 240 16.59 240h377.3l-140.7-149.3c-6.157-6.531-5.655-16.66 1.118-22.59c6.789-5.906 17.27-5.469 23.45 1.094l165.9 176C449.4 251.3 449.4 260.7 443.7 266.8z\"\/><\/svg><\/span><\/a><\/p>\n                    <\/div>\n        \n<\/div>\n<div class=\"column\">\n        <div class=\"page-card llegar is-style-default\">\n                            <figure class=\"page-card_image\">\n                    <a href=\"https:\/\/ils.simonemontanari.com\/es\/estancia\/llegar\/\" title=\"Llegar a Florencia\">\n                        <img loading=\"lazy\" decoding=\"async\" width=\"376\" height=\"250\" src=\"https:\/\/ils.simonemontanari.com\/es\/wp-content\/uploads\/sites\/3\/2020\/03\/coche-italiano-376x250.jpg\" class=\"attachment-thumbnail size-thumbnail wp-post-image\" alt=\"coche llegando a florencia\" \/>                    <\/a>\n                <\/figure>\n            <h2 class=\"page-card_title\"><a href=\"https:\/\/ils.simonemontanari.com\/es\/estancia\/llegar\/\" title=\"Llegar a Florencia\">Llegar a Florencia<\/a><\/h2>            <p class=\"page-card_text\">Todo lo que necesitas saber para llegar a Florencia, desde cualquier parte del mundo.<\/p>\n                        <p class=\"page-card_cta\"><a href=\"https:\/\/ils.simonemontanari.com\/es\/estancia\/llegar\/\">Descubre m\u00e1s<span class=\"icon\"><svg xmlns=\"http:\/\/www.w3.org\/2000\/svg\" aria-hidden=\"true\" focusable=\"false\" role=\"img\" viewBox=\"0 0 448 512\"><path fill=\"currentColor\" d=\"M443.7 266.8l-165.9 176C274.5 446.3 269.1 448 265.5 448c-3.986 0-7.988-1.375-11.16-4.156c-6.773-5.938-7.275-16.06-1.118-22.59L393.9 272H16.59c-9.171 0-16.59-7.155-16.59-15.1S7.421 240 16.59 240h377.3l-140.7-149.3c-6.157-6.531-5.655-16.66 1.118-22.59c6.789-5.906 17.27-5.469 23.45 1.094l165.9 176C449.4 251.3 449.4 260.7 443.7 266.8z\"\/><\/svg><\/span><\/a><\/p>\n                    <\/div>\n        \n<\/div>\n<div class=\"column\">\n        <div class=\"page-card moverse-por-florencia-sin-coche is-style-default\">\n                            <figure class=\"page-card_image\">\n                    <a href=\"https:\/\/ils.simonemontanari.com\/es\/estancia\/moverse-por-florencia-sin-coche\/\" title=\"C\u00f3mo Moverse por Florencia Sin Coche\">\n                        <img loading=\"lazy\" decoding=\"async\" width=\"376\" height=\"250\" src=\"https:\/\/ils.simonemontanari.com\/es\/wp-content\/uploads\/sites\/3\/2020\/03\/chica-camina-a-florencia-376x250.jpg\" class=\"attachment-thumbnail size-thumbnail wp-post-image\" alt=\"\" srcset=\"https:\/\/ils.simonemontanari.com\/es\/wp-content\/uploads\/sites\/3\/2020\/03\/chica-camina-a-florencia-376x250.jpg 376w, https:\/\/ils.simonemontanari.com\/es\/wp-content\/uploads\/sites\/3\/2020\/03\/chica-camina-a-florencia-752x498.jpg 752w, https:\/\/ils.simonemontanari.com\/es\/wp-content\/uploads\/sites\/3\/2020\/03\/chica-camina-a-florencia-768x509.jpg 768w, https:\/\/ils.simonemontanari.com\/es\/wp-content\/uploads\/sites\/3\/2020\/03\/chica-camina-a-florencia.jpg 1055w\" sizes=\"auto, (max-width: 376px) 100vw, 376px\" \/>                    <\/a>\n                <\/figure>\n            <h2 class=\"page-card_title\"><a href=\"https:\/\/ils.simonemontanari.com\/es\/estancia\/moverse-por-florencia-sin-coche\/\" title=\"C\u00f3mo Moverse por Florencia Sin Coche\">C\u00f3mo Moverse por Florencia Sin Coche<\/a><\/h2>            <p class=\"page-card_text\">Explorar Florencia sin coche es la mejor opci\u00f3n para visitar la ciudad. Una \u00fatil gu\u00eda para moverse con el transporte p\u00fablico o en bici.<\/p>\n                        <p class=\"page-card_cta\"><a href=\"https:\/\/ils.simonemontanari.com\/es\/estancia\/moverse-por-florencia-sin-coche\/\">Descubre m\u00e1s<span class=\"icon\"><svg xmlns=\"http:\/\/www.w3.org\/2000\/svg\" aria-hidden=\"true\" focusable=\"false\" role=\"img\" viewBox=\"0 0 448 512\"><path fill=\"currentColor\" d=\"M443.7 266.8l-165.9 176C274.5 446.3 269.1 448 265.5 448c-3.986 0-7.988-1.375-11.16-4.156c-6.773-5.938-7.275-16.06-1.118-22.59L393.9 272H16.59c-9.171 0-16.59-7.155-16.59-15.1S7.421 240 16.59 240h377.3l-140.7-149.3c-6.157-6.531-5.655-16.66 1.118-22.59c6.789-5.906 17.27-5.469 23.45 1.094l165.9 176C449.4 251.3 449.4 260.7 443.7 266.8z\"\/><\/svg><\/span><\/a><\/p>\n                    <\/div>\n        \n<\/div>\n<div class=\"column\">\n        <div class=\"page-card preguntas-frecuentes is-style-default\">\n                            <figure class=\"page-card_image\">\n                    <a href=\"https:\/\/ils.simonemontanari.com\/es\/preguntas-frecuentes\/\" title=\"FAQ &#8211; Preguntas Frecuentes\">\n                        <img loading=\"lazy\" decoding=\"async\" width=\"376\" height=\"250\" src=\"https:\/\/ils.simonemontanari.com\/es\/wp-content\/uploads\/sites\/3\/2024\/10\/FAQs-376x250.jpg\" class=\"attachment-thumbnail size-thumbnail wp-post-image\" alt=\"\" \/>                    <\/a>\n                <\/figure>\n            <h2 class=\"page-card_title\"><a href=\"https:\/\/ils.simonemontanari.com\/es\/preguntas-frecuentes\/\" title=\"FAQ &#8211; Preguntas Frecuentes\">FAQ &#8211; Preguntas Frecuentes<\/a><\/h2>            <p class=\"page-card_text\">Aqu\u00ed puede encontrar las respuestas a las preguntas m\u00e1s frecuentes de nuestros estudiantes.<\/p>\n                        <p class=\"page-card_cta\"><a href=\"https:\/\/ils.simonemontanari.com\/es\/preguntas-frecuentes\/\">Descubre m\u00e1s<span class=\"icon\"><svg xmlns=\"http:\/\/www.w3.org\/2000\/svg\" aria-hidden=\"true\" focusable=\"false\" role=\"img\" viewBox=\"0 0 448 512\"><path fill=\"currentColor\" d=\"M443.7 266.8l-165.9 176C274.5 446.3 269.1 448 265.5 448c-3.986 0-7.988-1.375-11.16-4.156c-6.773-5.938-7.275-16.06-1.118-22.59L393.9 272H16.59c-9.171 0-16.59-7.155-16.59-15.1S7.421 240 16.59 240h377.3l-140.7-149.3c-6.157-6.531-5.655-16.66 1.118-22.59c6.789-5.906 17.27-5.469 23.45 1.094l165.9 176C449.4 251.3 449.4 260.7 443.7 266.8z\"\/><\/svg><\/span><\/a><\/p>\n                    <\/div>\n        \n<\/div>\n<div class=\"column\">\n        <div class=\"page-card consejos is-style-default\">\n                            <figure class=\"page-card_image\">\n                    <a href=\"https:\/\/ils.simonemontanari.com\/es\/estancia\/consejos\/\" title=\"Consejos de Europass sobre Florencia\">\n                        <img loading=\"lazy\" decoding=\"async\" width=\"376\" height=\"250\" src=\"https:\/\/ils.simonemontanari.com\/es\/wp-content\/uploads\/sites\/3\/2018\/10\/940044-376x250.jpg\" class=\"attachment-thumbnail size-thumbnail wp-post-image\" alt=\"\" \/>                    <\/a>\n                <\/figure>\n            <h2 class=\"page-card_title\"><a href=\"https:\/\/ils.simonemontanari.com\/es\/estancia\/consejos\/\" title=\"Consejos de Europass sobre Florencia\">Consejos de Europass sobre Florencia<\/a><\/h2>            <p class=\"page-card_text\">Una gu\u00eda pr\u00e1ctica, r\u00e1pida y atractiva para conocer y descubrir la fascinante ciudad de Florencia.<\/p>\n                        <p class=\"page-card_cta\"><a href=\"https:\/\/ils.simonemontanari.com\/es\/estancia\/consejos\/\">Descubre m\u00e1s<span class=\"icon\"><svg xmlns=\"http:\/\/www.w3.org\/2000\/svg\" aria-hidden=\"true\" focusable=\"false\" role=\"img\" viewBox=\"0 0 448 512\"><path fill=\"currentColor\" d=\"M443.7 266.8l-165.9 176C274.5 446.3 269.1 448 265.5 448c-3.986 0-7.988-1.375-11.16-4.156c-6.773-5.938-7.275-16.06-1.118-22.59L393.9 272H16.59c-9.171 0-16.59-7.155-16.59-15.1S7.421 240 16.59 240h377.3l-140.7-149.3c-6.157-6.531-5.655-16.66 1.118-22.59c6.789-5.906 17.27-5.469 23.45 1.094l165.9 176C449.4 251.3 449.4 260.7 443.7 266.8z\"\/><\/svg><\/span><\/a><\/p>\n                    <\/div>\n        \n<\/div>\n<div class=\"column\">\n<\/div>\n<div class=\"column\">\n<\/div>\n<\/div>\n","protected":false},"excerpt":{"rendered":"","protected":false},"author":1788,"featured_media":2203,"parent":0,"menu_order":50,"comment_status":"closed","ping_status":"closed","template":"full-width.php","meta":{"_acf_changed":false,"footnotes":""},"class_list":["post-17","page","type-page","status-publish","has-post-thumbnail","hentry"],"acf":[],"_links":{"self":[{"href":"https:\/\/ils.simonemontanari.com\/es\/wp-json\/wp\/v2\/pages\/17","targetHints":{"allow":["GET"]}}],"collection":[{"href":"https:\/\/ils.simonemontanari.com\/es\/wp-json\/wp\/v2\/pages"}],"about":[{"href":"https:\/\/ils.simonemontanari.com\/es\/wp-json\/wp\/v2\/types\/page"}],"author":[{"embeddable":true,"href":"https:\/\/ils.simonemontanari.com\/es\/wp-json\/wp\/v2\/users\/1788"}],"replies":[{"embeddable":true,"href":"https:\/\/ils.simonemontanari.com\/es\/wp-json\/wp\/v2\/comments?post=17"}],"version-history":[{"count":0,"href":"https:\/\/ils.simonemontanari.com\/es\/wp-json\/wp\/v2\/pages\/17\/revisions"}],"wp:featuredmedia":[{"embeddable":true,"href":"https:\/\/ils.simonemontanari.com\/es\/wp-json\/wp\/v2\/media\/2203"}],"wp:attachment":[{"href":"https:\/\/ils.simonemontanari.com\/es\/wp-json\/wp\/v2\/media?parent=17"}],"curies":[{"name":"wp","href":"https:\/\/api.w.org\/{rel}","templated":true}]}}