{"id":18,"date":"2017-12-06T15:22:40","date_gmt":"2017-12-06T14:22:40","guid":{"rendered":"https:\/\/ils.simonemontanari.com\/es\/stay-in-florence\/reaching-florence\/"},"modified":"2024-08-23T12:37:41","modified_gmt":"2024-08-23T10:37:41","slug":"llegar","status":"publish","type":"page","link":"https:\/\/ils.simonemontanari.com\/es\/estancia\/llegar\/","title":{"rendered":"Llegar a Florencia"},"content":{"rendered":"<h2>Llegar a Florencia en Tren<\/h2>\n<p><strong>Florencia se encuentra situada en el centro de la red nacional de ferrocarril<\/strong>, por lo que est\u00e1 muy bien comunicada y enlaza directamente con las principales ciudades italianas y europeas.<br \/>\nTodos los trenes que unen el norte y el sur de Italia hacen parada en Florencia normalmente, y los trenes de Alta Velocidad e Intercity entre Mil\u00e1n, Roma, Bolonia, Venecia, Verona y Pisa pasan con regularidad y eficiencia. Tambi\u00e9n <strong>existen varias conexiones con ciudades europeas gracias a los trenes Eurocity y Euronight<\/strong>.<\/p>\n<p>La estaci\u00f3n de tren principal de Florencia es <a href=\"https:\/\/www.instazione.shop\/firenze-smaria-novella\" target=\"_blank\" rel=\"noopener noreferrer\">Firenze Santa Maria Novella<\/a> (SMN), ubicada justamente en el centro de la ciudad, <strong>a 15 minutos a pie del Duomo y de Europass<\/strong>. Hay otras dos estaciones importantes en la ciudad: Firenze Rifredi (situada en el noreste) y Firenze Campo di Marte (en la parte sur).<br \/>\nPara cualquier otra informaci\u00f3n, consultar horarios o para reservar billetes, consulte la web de <a href=\"http:\/\/www.trenitalia.com\/\" target=\"_blank\" rel=\"noopener noreferrer\">Trenitalia<\/a>.<br \/>\nY para los trenes de Alta Velocidad, existe una compa\u00f1\u00eda independiente: <a href=\"https:\/\/www.italotreno.it\/en\" target=\"_blank\" rel=\"noopener noreferrer\">Italo<\/a>.<\/p>\n<h2>Llegar a Florencia en Avi\u00f3n<\/h2>\n<p>El Aeropuerto de Florencia se llama <a href=\"http:\/\/www.aeroporto.firenze.it\/en\/\" target=\"_blank\" rel=\"noopener noreferrer\">Amerigo Vespicci<\/a> (FLR) y se encuentra en <a href=\"https:\/\/www.google.it\/maps\/place\/Aeroporto+Amerigo+Vespucci\/@43.8086534,11.1837152,14z\/data=!4m5!3m4!1s0x132a5700d9c8c257:0xf212e4766dd926b2!8m2!3d43.8086534!4d11.2012247\" target=\"_blank\" rel=\"noopener noreferrer\">Peretola<\/a>, una zona situada a unos 7 kil\u00f3metros del centro.<\/p>\n<p>El aeropuerto de Florencia es relativamente peque\u00f1o y aloja unos cuantos vuelos internacionales e intercontinentales. Resulta \u00fatil para vuelos nacionales y algunas compa\u00f1\u00edas de bajo coste. <strong>Est\u00e1 bien conectado con el centro hist\u00f3rico de la ciudad de dos modos distintos: taxi, tramvia y autob\u00fas<\/strong> lanzadera, pero si ya eres un estudiante de Europass y necesitas que te lleven a tu alojamiento, tambi\u00e9n tienes a tu disposici\u00f3n nuestro <a href=\"https:\/\/ils.simonemontanari.com\/es\/estancia\/servicios\/\" target=\"_blank\" rel=\"noopener noreferrer\">Servicio de Transporte<\/a>.<\/p>\n<p>Las mejores opciones para llegar a Florencia en avi\u00f3n son las siguientes (por orden de proximidad):<\/p>\n<h3>Aeropuerto Pisa-San Giusto (PSA)<\/h3>\n<p><a href=\"https:\/\/www.pisa-airport.com\/it\/\" target=\"_blank\" rel=\"noopener noreferrer\">El principal aeropuerto<\/a> toscano que, a pesar de no ser mucho mayor que el de Florencia, capta una gran variedad de vuelos europeos y de bajo coste. <strong>Est\u00e1 bien conectado con Florencia por tren y autob\u00fas<\/strong>, aproximadamente a una hora de distancia.<\/p>\n<h3>Aeropuerto Bologna-Borgo Panigale (BLQ)<\/h3>\n<p>Uno de los aeropuertos m\u00e1s eficientes de Italia, pero tambi\u00e9n principalmente dedicado a <a href=\"http:\/\/www.bologna-airport.it\/en\/travellers.aspx?idC=61676&amp;LN=en-US\" target=\"_blank\" rel=\"noopener noreferrer\">vuelos europeos<\/a> y de bajo coste. <strong>Conecta con Florencia por medio de trenes de Alta Velocidad<\/strong> (situ\u00e1ndose a tan solo 37 minutos de distancia), con autobuses que te trasladan directamente al aeropuerto.<\/p>\n<h3>Aeropuertos de Mil\u00e1n<\/h3>\n<p>Hay tres aeropuertos distintos en el entorno de Mil\u00e1n, dos de los cuales albergan <strong>vuelos internacionales<\/strong>.<br \/>\n<a href=\"http:\/\/www.milanolinate-airport.com\/en\" target=\"_blank\" rel=\"noopener noreferrer\">Aeropuerto Milano-Linate<\/a> (LIN), a 7 km de Mil\u00e1n<br \/>\n<a href=\"http:\/\/www.milanomalpensa-airport.com\/en\" target=\"_blank\" rel=\"noopener noreferrer\">Aeropuerto Milano-Malpensa<\/a> (MXP), a 48 km de Mil\u00e1n<br \/>\n<a href=\"http:\/\/www.milanbergamoairport.it\/en\/\" target=\"_blank\" rel=\"noopener noreferrer\">Aeropuerto Bergamo-Orio al Serio<\/a> (BGY), est\u00e1 a 50 km de Mil\u00e1n pero se dedica a vuelos nacionales y de bajo coste.<br \/>\nMil\u00e1n est\u00e1 <strong> bien conectado con Florencia por medio de los trenes de Alta Velocidad<\/strong> (a 1 hora y 40 minutos de viaje).<\/p>\n<h3>Aeropuertos de Roma<\/h3>\n<p>Hay dos aeropuertos en Roma: el m\u00e1s importante es <a href=\"http:\/\/www.adr.it\/web\/aeroporti-di-roma-en-\" target=\"_blank\" rel=\"noopener noreferrer\">Roma Fiumicino<\/a> (FCO), que alberga vuelos de todo el mundo; el otro es <a href=\"http:\/\/www.adr.it\/web\/aeroporti-di-roma-en-\/pax-cia-ciampino\" target=\"_blank\" rel=\"noopener noreferrer\">Roma Ciampino<\/a> (CIA), que se dedica exclusivamente a <strong>vuelos internacionales de bajo coste<\/strong> y vuelos nacionales.<\/p>\n<p>Roma constituye una buena opci\u00f3n para llegar a Florencia, porque <strong>el tren de Alta Velocidad enlaza ambas ciudades en tan solo 1 hora y 22 minutos<\/strong>. Tambi\u00e9n existe un tren que conecta directamente Fiumicino con Florencia en solo 2 horas.<\/p>\n<h3>Recursos<\/h3>\n<p>Para encontrar el mejor modo de llegar a Florencia desde cualquier lugar, puedes usar <a href=\"http:\/\/www.rome2rio.com\/\" target=\"_blank\" rel=\"noopener noreferrer\">rome2rio<\/a>, una \u00fatil web que busca <strong>los mejores itinerarios de viaje entre distintas opciones de avi\u00f3n, tren, autob\u00fas y veh\u00edculos compartidos<\/strong>.<\/p>\n<h2>Llegar a Florencia en Coche<\/h2>\n<p>Florencia se encuentra en el centro-norte de Italia, por lo que est\u00e1 muy bien conectada con otras ciudades italianas.<br \/>\nExisten dos autopistas principales que cruzan Florencia: <a href=\"https:\/\/es.wikipedia.org\/wiki\/Autostrada_A1\" target=\"_blank\" rel=\"noopener noreferrer\">la autopista A1<\/a>, tambi\u00e9n conocida como la \u201cautostrada di sole\u201d, conecta Mil\u00e1n y N\u00e1poles y pasa por Bolonia, Florencia y Roma. <strong>Tambi\u00e9n existe la autopista A11 o \u201cFirenze Mare\u201d, que conecta Florencia con Pisa<\/strong> y el resto de localidades balnearias de Toscana. La <strong>FI-PI-LI (Firenze Pisa Livorno)<\/strong> es una alternativa a la A11 y sin peaje, conectando Florencia con la costa Toscana.<\/p>\n<p>Si vienes a Florencia en coche, debes tener en cuenta que existen varias salidas y debes prestar atenci\u00f3n a la que coges.<\/p>\n<ul>\n<li><strong>Si vienes desde Mil\u00e1n<\/strong> (o de cualquier otra zona del norte de Florencia a trav\u00e9s de la A1), deber\u00edas coger la salida \u201cFirenze Nord\u201d<\/li>\n<li><strong>Si vienes desde Roma<\/strong> (u otras ciudades al sur de Florencia), deber\u00edas coger la salida \u201cFirenze Sud\u201d<\/li>\n<\/ul>\n<p>Cuando se conduce por Italia tambi\u00e9n es importante recordar que los l\u00edmites de velocidad dependen del tipo de carretera:<\/p>\n<ul>\n<li><strong>En Autopista:<\/strong> m\u00e1ximo 130 Km\/h<\/li>\n<li><strong>En otras carreteras principales:<\/strong> m\u00e1ximo 70\/90 Km\/h<\/li>\n<li><strong>V\u00edas urbanas:<\/strong> m\u00e1ximo 50 Km\/h<\/li>\n<\/ul>\n<p>Se puede obtener m\u00e1s informaci\u00f3n en la p\u00e1gina de <a href=\"http:\/\/www.autostrade.it\/en\/home\" target=\"_blank\" rel=\"noopener noreferrer\">carreteras italianas<\/a>.<\/p>\n<h2>Servicio de Recogida y Transporte de Europass<\/h2>\n<p>En el momento en que llegues a la ciudad, si lo deseas o lo necesitas, <strong>un miembro del personal de Europass (o un miembro de la familia de acogida si fuese el caso), puede recogerte en cualquiera de las estaciones de Florencia o en el Aeropuerto<\/strong> y llevarte a tu alojamiento o tambi\u00e9n a la inversa cuando te marches.<\/p>\n<p>Puedes elegir directamente este servicio al registrarte.<\/p>\n<p>Los precios son los siguientes:<\/p>\n<table class=\"holiday-prices-table\">\n<tbody>\n<tr>\n<th><\/th>\n<th>Ida<\/th>\n<th>Ida y vuelta<\/th>\n<\/tr>\n<tr>\n<td>Estaciones de Tren de Florencia<\/td>\n<td>40\u20ac<\/td>\n<td>75\u20ac<\/td>\n<\/tr>\n<tr>\n<td>Aeropuerto de Florencia<\/td>\n<td>50\u20ac<\/td>\n<td>95\u20ac<\/td>\n<\/tr>\n<\/tbody>\n<\/table>\n<p>NOTA: El servicio est\u00e1 disponible con los precios indicados de 6am a 11pm, se requerir\u00e1n 10\u20ac adicionales por los traslados unidireccionales entre las 11pm y las 6am.<\/p>\n","protected":false},"excerpt":{"rendered":"<p>Llegar a Florencia en Tren Florencia se encuentra situada en el centro de la red nacional de ferrocarril, por lo que est\u00e1 muy bien comunicada y enlaza directamente con las principales ciudades italianas y europeas. Todos los trenes que unen el norte y el sur de Italia hacen parada en Florencia normalmente, y los trenes [&hellip;]<\/p>\n","protected":false},"author":1788,"featured_media":2210,"parent":17,"menu_order":0,"comment_status":"closed","ping_status":"closed","template":"","meta":{"_acf_changed":false,"footnotes":""},"class_list":["post-18","page","type-page","status-publish","has-post-thumbnail","hentry"],"acf":[],"_links":{"self":[{"href":"https:\/\/ils.simonemontanari.com\/es\/wp-json\/wp\/v2\/pages\/18","targetHints":{"allow":["GET"]}}],"collection":[{"href":"https:\/\/ils.simonemontanari.com\/es\/wp-json\/wp\/v2\/pages"}],"about":[{"href":"https:\/\/ils.simonemontanari.com\/es\/wp-json\/wp\/v2\/types\/page"}],"author":[{"embeddable":true,"href":"https:\/\/ils.simonemontanari.com\/es\/wp-json\/wp\/v2\/users\/1788"}],"replies":[{"embeddable":true,"href":"https:\/\/ils.simonemontanari.com\/es\/wp-json\/wp\/v2\/comments?post=18"}],"version-history":[{"count":0,"href":"https:\/\/ils.simonemontanari.com\/es\/wp-json\/wp\/v2\/pages\/18\/revisions"}],"up":[{"embeddable":true,"href":"https:\/\/ils.simonemontanari.com\/es\/wp-json\/wp\/v2\/pages\/17"}],"wp:featuredmedia":[{"embeddable":true,"href":"https:\/\/ils.simonemontanari.com\/es\/wp-json\/wp\/v2\/media\/2210"}],"wp:attachment":[{"href":"https:\/\/ils.simonemontanari.com\/es\/wp-json\/wp\/v2\/media?parent=18"}],"curies":[{"name":"wp","href":"https:\/\/api.w.org\/{rel}","templated":true}]}}