{"id":23,"date":"2017-12-06T15:22:14","date_gmt":"2017-12-06T14:22:14","guid":{"rendered":"https:\/\/ils.simonemontanari.com\/es\/stay-in-florence\/accommodations\/"},"modified":"2024-09-26T10:23:33","modified_gmt":"2024-09-26T08:23:33","slug":"alojamiento","status":"publish","type":"page","link":"https:\/\/ils.simonemontanari.com\/es\/estancia\/alojamiento\/","title":{"rendered":"Alojamiento"},"content":{"rendered":"<p>Por supuesto puedes elegir uno por ti mismo, pero si no deseas molestarte con la b\u00fasqueda, <strong>disponemos de un amplio abanico de alojamientos<\/strong> asociados con la escuela. Estos han sido cuidadosamente seleccionados y son de gran calidad.<\/p>\n<h2>Calidad garantizada<\/h2>\n<p>Todo el alojamiento que ofrecemos se comprueba y eval\u00faa regularmente seg\u00fan los siguientes criterios:<\/p>\n<ul>\n<li><strong>Condiciones generales<\/strong> del apartamento<\/li>\n<li><strong>Funcionalidad<\/strong> de los sistemas (agua caliente, calefacci\u00f3n, etc.)<\/li>\n<li><strong>Limpieza<\/strong><\/li>\n<\/ul>\n<p>En el caso del alojamiento con familias de acogida, tambi\u00e9n <strong>evaluamos la hospitalidad de las familias y la<\/strong> variedad, cantidad y <strong>calidad de las comidas<\/strong>.<\/p>\n<div id='gallery-1' class='gallery galleryid-23 gallery-columns-3 gallery-size-thumbnail'><figure class='gallery-item'>\n\t\t\t<div class='gallery-icon landscape'>\n\t\t\t\t<a href='https:\/\/ils.simonemontanari.com\/es\/wp-content\/uploads\/sites\/3\/2018\/02\/florence-city-center-accommodation-08.png'><img loading=\"lazy\" decoding=\"async\" width=\"376\" height=\"250\" src=\"https:\/\/ils.simonemontanari.com\/es\/wp-content\/uploads\/sites\/3\/2018\/02\/florence-city-center-accommodation-08-376x250.png\" class=\"attachment-thumbnail size-thumbnail\" alt=\"Piso\" srcset=\"https:\/\/ils.simonemontanari.com\/es\/wp-content\/uploads\/sites\/3\/2018\/02\/florence-city-center-accommodation-08-376x250.png 376w, https:\/\/ils.simonemontanari.com\/es\/wp-content\/uploads\/sites\/3\/2018\/02\/florence-city-center-accommodation-08-752x501.png 752w, https:\/\/ils.simonemontanari.com\/es\/wp-content\/uploads\/sites\/3\/2018\/02\/florence-city-center-accommodation-08-768x512.png 768w, https:\/\/ils.simonemontanari.com\/es\/wp-content\/uploads\/sites\/3\/2018\/02\/florence-city-center-accommodation-08.png 914w\" sizes=\"auto, (max-width: 376px) 100vw, 376px\" \/><\/a>\n\t\t\t<\/div><\/figure><figure class='gallery-item'>\n\t\t\t<div class='gallery-icon landscape'>\n\t\t\t\t<a href='https:\/\/ils.simonemontanari.com\/es\/wp-content\/uploads\/sites\/3\/2018\/02\/host-family-apartment-florence-europass-03.jpg'><img loading=\"lazy\" decoding=\"async\" width=\"376\" height=\"250\" src=\"https:\/\/ils.simonemontanari.com\/es\/wp-content\/uploads\/sites\/3\/2018\/02\/host-family-apartment-florence-europass-03-376x250.jpg\" class=\"attachment-thumbnail size-thumbnail\" alt=\"Piso\" \/><\/a>\n\t\t\t<\/div><\/figure><figure class='gallery-item'>\n\t\t\t<div class='gallery-icon landscape'>\n\t\t\t\t<a href='https:\/\/ils.simonemontanari.com\/es\/wp-content\/uploads\/sites\/3\/2018\/02\/apartment-florence-europass-04.jpg'><img loading=\"lazy\" decoding=\"async\" width=\"376\" height=\"250\" src=\"https:\/\/ils.simonemontanari.com\/es\/wp-content\/uploads\/sites\/3\/2018\/02\/apartment-florence-europass-04-376x250.jpg\" class=\"attachment-thumbnail size-thumbnail\" alt=\"Piso\" srcset=\"https:\/\/ils.simonemontanari.com\/es\/wp-content\/uploads\/sites\/3\/2018\/02\/apartment-florence-europass-04-376x250.jpg 376w, https:\/\/ils.simonemontanari.com\/es\/wp-content\/uploads\/sites\/3\/2018\/02\/apartment-florence-europass-04-752x501.jpg 752w, https:\/\/ils.simonemontanari.com\/es\/wp-content\/uploads\/sites\/3\/2018\/02\/apartment-florence-europass-04-768x512.jpg 768w, https:\/\/ils.simonemontanari.com\/es\/wp-content\/uploads\/sites\/3\/2018\/02\/apartment-florence-europass-04-1182x788.jpg 1182w, https:\/\/ils.simonemontanari.com\/es\/wp-content\/uploads\/sites\/3\/2018\/02\/apartment-florence-europass-04.jpg 1600w\" sizes=\"auto, (max-width: 376px) 100vw, 376px\" \/><\/a>\n\t\t\t<\/div><\/figure>\n\t\t<\/div>\n\n<p>Dos semanas antes del comienzo del curso <strong>el alumno recibir\u00e1 fotos de su alojamiento (si est\u00e1n disponibles) y una descripci\u00f3n escrita<\/strong>, as\u00ed como una lista con los recursos disponibles.<\/p>\n<p>A continuaci\u00f3n se encuentra el listado con nuestros alojamientos, donde podr\u00e1s elegir el que mejor se adapte a tus necesidades:<\/p>\n<h2>Familia de acogida<\/h2>\n<p>Este tipo de alojamiento se adapta muy bien a aquellos que quieran <strong>hacer amigos italianos y lograr una mayor inmersi\u00f3n en el modo de vida italiano<\/strong>.<\/p>\n<div id='gallery-2' class='gallery galleryid-23 gallery-columns-3 gallery-size-thumbnail'><figure class='gallery-item'>\n\t\t\t<div class='gallery-icon portrait'>\n\t\t\t\t<a href='https:\/\/ils.simonemontanari.com\/es\/wp-content\/uploads\/sites\/3\/2018\/02\/host-family-apartment-florence-europass-02.jpg'><img loading=\"lazy\" decoding=\"async\" width=\"376\" height=\"250\" src=\"https:\/\/ils.simonemontanari.com\/es\/wp-content\/uploads\/sites\/3\/2018\/02\/host-family-apartment-florence-europass-02-376x250.jpg\" class=\"attachment-thumbnail size-thumbnail\" alt=\"Familia de acogida\" \/><\/a>\n\t\t\t<\/div><\/figure><figure class='gallery-item'>\n\t\t\t<div class='gallery-icon landscape'>\n\t\t\t\t<a href='https:\/\/ils.simonemontanari.com\/es\/wp-content\/uploads\/sites\/3\/2018\/02\/host-family-apartment-florence-europass-01.jpg'><img loading=\"lazy\" decoding=\"async\" width=\"376\" height=\"250\" src=\"https:\/\/ils.simonemontanari.com\/es\/wp-content\/uploads\/sites\/3\/2018\/02\/host-family-apartment-florence-europass-01-376x250.jpg\" class=\"attachment-thumbnail size-thumbnail\" alt=\"Familia de acogida\" srcset=\"https:\/\/ils.simonemontanari.com\/es\/wp-content\/uploads\/sites\/3\/2018\/02\/host-family-apartment-florence-europass-01-376x250.jpg 376w, https:\/\/ils.simonemontanari.com\/es\/wp-content\/uploads\/sites\/3\/2018\/02\/host-family-apartment-florence-europass-01-752x501.jpg 752w, https:\/\/ils.simonemontanari.com\/es\/wp-content\/uploads\/sites\/3\/2018\/02\/host-family-apartment-florence-europass-01-768x512.jpg 768w, https:\/\/ils.simonemontanari.com\/es\/wp-content\/uploads\/sites\/3\/2018\/02\/host-family-apartment-florence-europass-01-1182x788.jpg 1182w, https:\/\/ils.simonemontanari.com\/es\/wp-content\/uploads\/sites\/3\/2018\/02\/host-family-apartment-florence-europass-01.jpg 1600w\" sizes=\"auto, (max-width: 376px) 100vw, 376px\" \/><\/a>\n\t\t\t<\/div><\/figure><figure class='gallery-item'>\n\t\t\t<div class='gallery-icon landscape'>\n\t\t\t\t<a href='https:\/\/ils.simonemontanari.com\/es\/wp-content\/uploads\/sites\/3\/2018\/02\/host-family-apartment-florence-europass-04.jpg'><img loading=\"lazy\" decoding=\"async\" width=\"376\" height=\"250\" src=\"https:\/\/ils.simonemontanari.com\/es\/wp-content\/uploads\/sites\/3\/2018\/02\/host-family-apartment-florence-europass-04-376x250.jpg\" class=\"attachment-thumbnail size-thumbnail\" alt=\"Familia de acogida\" \/><\/a>\n\t\t\t<\/div><\/figure>\n\t\t<\/div>\n\n<p>Entre las familias encontramos parejas de todas la edades; con o sin hijos, padres separados y personas solteras: en m\u00e1s de una ocasi\u00f3n sucede que se crean relaciones \u00edntimas y, por ejemplo, algunas de las mujeres m\u00e1s mayores que colaboran con nosotros, llegan a convertirse en \u201cverdaderas\u201d abuelas de nuestros estudiantes.<\/p>\n<p>Tendr\u00e1s ocasi\u00f3n de probar <strong>aut\u00e9ntica comida casera italiana en el seno de una familia<\/strong> y tambi\u00e9n notar\u00e1s como <strong>tu italiano mejora enormemente<\/strong>, gracias al ambiente acogedor y familiar.<\/p>\n<p>Las casas se encuentran <strong>en el centro de Florencia<\/strong> y son f\u00e1cilmente accesibles mediante el transporte p\u00fablico.<br \/>\n<div class=\"row has-columns two-columns \">\n<div class=\"column\">\n<h3><strong>Habitaci\u00f3n<\/strong> y desayuno<\/h3>\n<table class=\"holiday-prices-table\">\n<tbody>\n<tr>\n<th>Noches<\/th>\n<th>Individual<\/th>\n<th>Doble<\/th>\n<\/tr>\n<tr>\n<td style=\"text-align: center;\"><strong>6<\/strong><\/td>\n<td>240\u20ac-270\u20ac<\/td>\n<td>210\u20ac-240\u20ac<\/td>\n<\/tr>\n<tr>\n<td style=\"text-align: center;\"><strong>13<\/strong><\/td>\n<td>455\u20ac-520\u20ac<\/td>\n<td>390\u20ac-455\u20ac<\/td>\n<\/tr>\n<tr>\n<td style=\"text-align: center;\"><strong>semana adicional<br \/>\n(7 noches)<\/strong><\/td>\n<td>245\u20ac-280\u20ac<\/td>\n<td>210\u20ac-245\u20ac<\/td>\n<\/tr>\n<\/tbody>\n<\/table>\n<\/div>\n<div class=\"column\">\n<h3>Habitaci\u00f3n y media pensi\u00f3n<\/h3>\n<table class=\"holiday-prices-table\">\n<tbody>\n<tr>\n<th>Noches<\/th>\n<th>Individual<\/th>\n<th>Doble<\/th>\n<\/tr>\n<tr>\n<td style=\"text-align: center;\"><strong>6<\/strong><\/td>\n<td>300\u20ac-330\u20ac<\/td>\n<td>270\u20ac-300\u20ac<\/td>\n<\/tr>\n<tr>\n<td style=\"text-align: center;\"><strong>13<\/strong><\/td>\n<td>585\u20ac-650\u20ac<\/td>\n<td>520\u20ac-585\u20ac<\/td>\n<\/tr>\n<tr>\n<td style=\"text-align: center;\"><strong>semana adicional<br \/>\n(7 noches)<\/strong><\/td>\n<td>315\u20ac-350\u20ac<\/td>\n<td>280\u20ac-315\u20ac<\/td>\n<\/tr>\n<\/tbody>\n<\/table>\n<\/div>\n<\/div>\n<h3>Detalles<\/h3>\n<ul>\n<li>La <strong>habitaci\u00f3n doble solo<\/strong> est\u00e1 disponible para <strong>las personas que viajen juntos<\/strong>, los precios por la habitaci\u00f3n doble son por cada persona<\/li>\n<li>Llegada el domingo, salida el s\u00e1bado<\/li>\n<li>Si los estudiantes necesitaran llegar antes o partir m\u00e1s tarde deber\u00e1n informar a la escuela que fechas ser\u00edan, para que se <strong>pueda reservarse las noches adicionales<\/strong>.<\/li>\n<li>No se permite el uso de la cocina<\/li>\n<\/ul>\n<p><strong>El precio incluye<\/strong>: tarifa por servicios (electricidad, gas, agua) \u2022 Limpieza previa a la llegada y tras la marcha \u2022 Conjunto de ropa de cama y toallas \u2022 lavadora (una carga por semana) \u2022 Conexi\u00f3n wifi \u2022 Coste de la comida<\/p>\n<p>&nbsp;<\/p>\n<h2>Piso compartido<\/h2>\n<p>Si quieres alojarte con otros estudiantes, en un ambiente internacional, esta opci\u00f3n es perfecta, te permitir\u00e1 <strong>conocer a otras personas pero tambi\u00e9n te permitir\u00e1 tener tu espacio<\/strong>.<\/p>\n<div id='gallery-3' class='gallery galleryid-23 gallery-columns-3 gallery-size-thumbnail'><figure class='gallery-item'>\n\t\t\t<div class='gallery-icon portrait'>\n\t\t\t\t<a href='https:\/\/ils.simonemontanari.com\/es\/wp-content\/uploads\/sites\/3\/2018\/02\/standard-accommodation-florence-europass-02.jpg'><img loading=\"lazy\" decoding=\"async\" width=\"376\" height=\"250\" src=\"https:\/\/ils.simonemontanari.com\/es\/wp-content\/uploads\/sites\/3\/2018\/02\/standard-accommodation-florence-europass-02-376x250.jpg\" class=\"attachment-thumbnail size-thumbnail\" alt=\"Piso compartido\" \/><\/a>\n\t\t\t<\/div><\/figure><figure class='gallery-item'>\n\t\t\t<div class='gallery-icon landscape'>\n\t\t\t\t<a href='https:\/\/ils.simonemontanari.com\/es\/wp-content\/uploads\/sites\/3\/2018\/02\/florence-city-center-accommodation-07.jpg'><img loading=\"lazy\" decoding=\"async\" width=\"376\" height=\"250\" src=\"https:\/\/ils.simonemontanari.com\/es\/wp-content\/uploads\/sites\/3\/2018\/02\/florence-city-center-accommodation-07-376x250.jpg\" class=\"attachment-thumbnail size-thumbnail\" alt=\"Piso compartido\" \/><\/a>\n\t\t\t<\/div><\/figure><figure class='gallery-item'>\n\t\t\t<div class='gallery-icon landscape'>\n\t\t\t\t<a href='https:\/\/ils.simonemontanari.com\/es\/wp-content\/uploads\/sites\/3\/2018\/02\/florence-city-center-accommodation-05.png'><img loading=\"lazy\" decoding=\"async\" width=\"376\" height=\"250\" src=\"https:\/\/ils.simonemontanari.com\/es\/wp-content\/uploads\/sites\/3\/2018\/02\/florence-city-center-accommodation-05-376x250.png\" class=\"attachment-thumbnail size-thumbnail\" alt=\"Piso compartido\" srcset=\"https:\/\/ils.simonemontanari.com\/es\/wp-content\/uploads\/sites\/3\/2018\/02\/florence-city-center-accommodation-05-376x250.png 376w, https:\/\/ils.simonemontanari.com\/es\/wp-content\/uploads\/sites\/3\/2018\/02\/florence-city-center-accommodation-05-752x501.png 752w, https:\/\/ils.simonemontanari.com\/es\/wp-content\/uploads\/sites\/3\/2018\/02\/florence-city-center-accommodation-05-768x511.png 768w, https:\/\/ils.simonemontanari.com\/es\/wp-content\/uploads\/sites\/3\/2018\/02\/florence-city-center-accommodation-05.png 910w\" sizes=\"auto, (max-width: 376px) 100vw, 376px\" \/><\/a>\n\t\t\t<\/div><\/figure>\n\t\t<\/div>\n\n<p>El piso compartido normalmente <strong>tendr\u00e1 2 o 4 dormitorios<\/strong>, en algunos casos ser\u00e1 compartido con el propietario o propietaria (normalmente ser\u00e1 con estudiantes o trabajadores).<\/p>\n<p>Los estudiantes podr\u00e1n escoger entre las siguientes opciones:<\/p>\n<ul>\n<li><strong>Habitaci\u00f3n individual o doble<\/strong> (la habitaci\u00f3n doble solo se encuentra disponible para aquellos que viajen juntos)<\/li>\n<\/ul>\n<div class=\"row has-columns two-columns \">\n<div class=\"column\">\n<h3>Piso compartido<\/h3>\n<table class=\"holiday-prices-table\">\n<tbody>\n<tr>\n<th>Noches<\/th>\n<th>Individual<\/th>\n<th>Doble<\/th>\n<\/tr>\n<tr>\n<td style=\"text-align: center;\"><strong>6<\/strong><\/td>\n<td>250\u20ac-300\u20ac<\/td>\n<td>150\u20ac-200\u20ac<\/td>\n<\/tr>\n<tr>\n<td style=\"text-align: center;\"><strong>13<\/strong><\/td>\n<td>350\u20ac-450\u20ac<\/td>\n<td>250\u20ac-350\u20ac<\/td>\n<\/tr>\n<tr>\n<td style=\"text-align: center;\"><strong>semana adicional<br \/>\n(7 noches)<\/strong><\/td>\n<td>130\u20ac-175\u20ac<\/td>\n<td>100\u20ac-150\u20ac<\/td>\n<\/tr>\n<\/tbody>\n<\/table>\n<\/div>\n<\/div>\n<h3>Detalles<\/h3>\n<ul>\n<li>Los pisos\u00a0 se encuentran desde 10 <strong>a 40 minutos a pie de la escuela<\/strong><\/li>\n<li>La <strong>habitaci\u00f3n doble solo<\/strong> est\u00e1 disponible para aquellas <strong>personas que viajen juntas<\/strong>,\u00a0los precios por la habitaci\u00f3n doble son por cada persona<\/li>\n<li>Llegada el domingo, salida el s\u00e1bado<\/li>\n<li>Si los estudiantes necesitasen llegar antes o partir con posterioridad deber\u00e1n informar a la escuela de este hecho para que <strong>puedan reservarse las noches adicionales<\/strong><\/li>\n<li>En algunos casos se podr\u00e1 requerir a los estudiantes que abonen una cantidad a modo de dep\u00f3sito a su llegada. Si no se hubieran causado da\u00f1os, la cantidad al completo les ser\u00e1 devuelta a la partida<\/li>\n<li>Apartamentos mixtos<\/li>\n<\/ul>\n<p><strong>El precio incluye:<\/strong> tarifa por servicios (electricidad, gas, agua) \u2022 Limpieza previa a la llegada y tras la marcha \u2022 Conjunto de ropa de cama y toallas \u2022 lavadora \u2022 Conexi\u00f3n wifi \u2022 Uso de la cocina<\/p>\n<h2>Apartamento independiente<\/h2>\n<p>Si te encanta <strong>vivir de manera independiente y c\u00f3modamente<\/strong>, esta es la opci\u00f3n perfecta para ti.<\/p>\n<div id='gallery-4' class='gallery galleryid-23 gallery-columns-3 gallery-size-thumbnail'><figure class='gallery-item'>\n\t\t\t<div class='gallery-icon landscape'>\n\t\t\t\t<a href='https:\/\/ils.simonemontanari.com\/es\/wp-content\/uploads\/sites\/3\/2018\/02\/apartment-florence-europass-03.png'><img loading=\"lazy\" decoding=\"async\" width=\"376\" height=\"250\" src=\"https:\/\/ils.simonemontanari.com\/es\/wp-content\/uploads\/sites\/3\/2018\/02\/apartment-florence-europass-03-376x250.png\" class=\"attachment-thumbnail size-thumbnail\" alt=\"Apartamento Independiente\" \/><\/a>\n\t\t\t<\/div><\/figure><figure class='gallery-item'>\n\t\t\t<div class='gallery-icon landscape'>\n\t\t\t\t<a href='https:\/\/ils.simonemontanari.com\/es\/wp-content\/uploads\/sites\/3\/2018\/02\/apartment-florence-europass-06.jpg'><img loading=\"lazy\" decoding=\"async\" width=\"376\" height=\"250\" src=\"https:\/\/ils.simonemontanari.com\/es\/wp-content\/uploads\/sites\/3\/2018\/02\/apartment-florence-europass-06-376x250.jpg\" class=\"attachment-thumbnail size-thumbnail\" alt=\"Apartamento Independiente\" srcset=\"https:\/\/ils.simonemontanari.com\/es\/wp-content\/uploads\/sites\/3\/2018\/02\/apartment-florence-europass-06-376x250.jpg 376w, https:\/\/ils.simonemontanari.com\/es\/wp-content\/uploads\/sites\/3\/2018\/02\/apartment-florence-europass-06-752x501.jpg 752w, https:\/\/ils.simonemontanari.com\/es\/wp-content\/uploads\/sites\/3\/2018\/02\/apartment-florence-europass-06-768x512.jpg 768w, https:\/\/ils.simonemontanari.com\/es\/wp-content\/uploads\/sites\/3\/2018\/02\/apartment-florence-europass-06-1182x788.jpg 1182w, https:\/\/ils.simonemontanari.com\/es\/wp-content\/uploads\/sites\/3\/2018\/02\/apartment-florence-europass-06.jpg 1600w\" sizes=\"auto, (max-width: 376px) 100vw, 376px\" \/><\/a>\n\t\t\t<\/div><\/figure><figure class='gallery-item'>\n\t\t\t<div class='gallery-icon landscape'>\n\t\t\t\t<a href='https:\/\/ils.simonemontanari.com\/es\/wp-content\/uploads\/sites\/3\/2018\/02\/apartment-florence-europass-02.png'><img loading=\"lazy\" decoding=\"async\" width=\"376\" height=\"250\" src=\"https:\/\/ils.simonemontanari.com\/es\/wp-content\/uploads\/sites\/3\/2018\/02\/apartment-florence-europass-02-376x250.png\" class=\"attachment-thumbnail size-thumbnail\" alt=\"Apartamento Independiente\" \/><\/a>\n\t\t\t<\/div><\/figure>\n\t\t<\/div>\n\n<p>Tenemos <strong>apartamentos de dos habitaciones<\/strong> a tu disposici\u00f3n (consistentes en un dormitorio, normalmente con una cama grande o dos camas, un sal\u00f3n y una cocina peque\u00f1a), se encuentran <strong>normalmente cerca del centro de Florencia<\/strong> e incluyen todas las caracter\u00edsticas necesarias para una estancia confortable.<\/p>\n<table class=\"holiday-prices-table\">\n<tbody>\n<tr>\n<td>Apartamento Independiente en el Centro<\/td>\n<td>80\u20ac por noche<\/td>\n<\/tr>\n<\/tbody>\n<\/table>\n<h3>Detalles<\/h3>\n<ul>\n<li>Llegada el domingo, salida el s\u00e1bado<\/li>\n<li>Si los estudiantes necesitaran llegar antes o partir m\u00e1s tarde deber\u00e1n informar a la escuela acerca de este hecho, para que <strong>puedan reservarse las noches adicionales<\/strong>.<\/li>\n<li>En algunos casos se podr\u00e1 requerir que los estudiantes abonen una cantidad a modo de dep\u00f3sito a su llegada, que les ser\u00e1 devuelta a la partida.<\/li>\n<\/ul>\n<p><strong>El precio incluye<\/strong>: tarifa por servicios (electricidad, gas, agua) \u2022 Limpieza previa a la llegada y tras la marcha \u2022 Conjunto de ropa de cama y toallas \u2022 Uso de la cocina \u2022 Lavadora \u2022 Conexi\u00f3n Wifi<\/p>\n","protected":false},"excerpt":{"rendered":"<p>Por supuesto puedes elegir uno por ti mismo, pero si no deseas molestarte con la b\u00fasqueda, disponemos de un amplio abanico de alojamientos asociados con la escuela. Estos han sido cuidadosamente seleccionados y son de gran calidad. Calidad garantizada Todo el alojamiento que ofrecemos se comprueba y eval\u00faa regularmente seg\u00fan los siguientes criterios: Condiciones generales [&hellip;]<\/p>\n","protected":false},"author":1788,"featured_media":8024,"parent":17,"menu_order":0,"comment_status":"closed","ping_status":"closed","template":"","meta":{"_acf_changed":false,"footnotes":""},"class_list":["post-23","page","type-page","status-publish","has-post-thumbnail","hentry"],"acf":[],"_links":{"self":[{"href":"https:\/\/ils.simonemontanari.com\/es\/wp-json\/wp\/v2\/pages\/23","targetHints":{"allow":["GET"]}}],"collection":[{"href":"https:\/\/ils.simonemontanari.com\/es\/wp-json\/wp\/v2\/pages"}],"about":[{"href":"https:\/\/ils.simonemontanari.com\/es\/wp-json\/wp\/v2\/types\/page"}],"author":[{"embeddable":true,"href":"https:\/\/ils.simonemontanari.com\/es\/wp-json\/wp\/v2\/users\/1788"}],"replies":[{"embeddable":true,"href":"https:\/\/ils.simonemontanari.com\/es\/wp-json\/wp\/v2\/comments?post=23"}],"version-history":[{"count":0,"href":"https:\/\/ils.simonemontanari.com\/es\/wp-json\/wp\/v2\/pages\/23\/revisions"}],"up":[{"embeddable":true,"href":"https:\/\/ils.simonemontanari.com\/es\/wp-json\/wp\/v2\/pages\/17"}],"wp:featuredmedia":[{"embeddable":true,"href":"https:\/\/ils.simonemontanari.com\/es\/wp-json\/wp\/v2\/media\/8024"}],"wp:attachment":[{"href":"https:\/\/ils.simonemontanari.com\/es\/wp-json\/wp\/v2\/media?parent=23"}],"curies":[{"name":"wp","href":"https:\/\/api.w.org\/{rel}","templated":true}]}}