{"id":2321,"date":"2020-03-19T15:51:40","date_gmt":"2020-03-19T14:51:40","guid":{"rendered":"https:\/\/ils.simonemontanari.com\/es\/?page_id=2321"},"modified":"2024-09-20T15:36:22","modified_gmt":"2024-09-20T13:36:22","slug":"aprender-italiano-online","status":"publish","type":"page","link":"https:\/\/ils.simonemontanari.com\/es\/aprender-italiano-online\/","title":{"rendered":"Aprender Italiano Online"},"content":{"rendered":"<p>\u00a1Descubre lo<strong>\u00a0flexibles e interactivos<\/strong> que son nuestros cursos de italiano!<\/p>\n<article class=\"course-preview\"><h2><a href=\"https:\/\/ils.simonemontanari.com\/es\/producto\/grupales-online\/\">Cursos de Italiano en L\u00ednea<\/a><\/h2><p class=\"course-meta\"><span><span class=\"icon\"><svg xmlns=\"http:\/\/www.w3.org\/2000\/svg\" aria-hidden=\"true\" focusable=\"false\" role=\"img\" viewBox=\"0 0 448 512\"><path fill=\"currentColor\" d=\"M0 80L0 229.5c0 17 6.7 33.3 18.7 45.3l176 176c25 25 65.5 25 90.5 0L418.7 317.3c25-25 25-65.5 0-90.5l-176-176c-12-12-28.3-18.7-45.3-18.7L48 32C21.5 32 0 53.5 0 80zm112 32a32 32 0 1 1 0 64 32 32 0 1 1 0-64z\"\/><\/svg><\/span>5-10\u20ac \/ hora<\/span><span><span class=\"icon\"><svg xmlns=\"http:\/\/www.w3.org\/2000\/svg\" aria-hidden=\"true\" focusable=\"false\" role=\"img\" viewBox=\"0 0 448 512\"><path fill=\"currentColor\" d=\"M160 80c0-26.5 21.5-48 48-48l32 0c26.5 0 48 21.5 48 48l0 352c0 26.5-21.5 48-48 48l-32 0c-26.5 0-48-21.5-48-48l0-352zM0 272c0-26.5 21.5-48 48-48l32 0c26.5 0 48 21.5 48 48l0 160c0 26.5-21.5 48-48 48l-32 0c-26.5 0-48-21.5-48-48L0 272zM368 96l32 0c26.5 0 48 21.5 48 48l0 288c0 26.5-21.5 48-48 48l-32 0c-26.5 0-48-21.5-48-48l0-288c0-26.5 21.5-48 48-48z\"\/><\/svg><\/span>Todos los niveles<\/span><\/p><figure><a href=\"https:\/\/ils.simonemontanari.com\/es\/producto\/grupales-online\/\"><img loading=\"lazy\" decoding=\"async\" width=\"630\" height=\"445\" src=\"https:\/\/ils.simonemontanari.com\/es\/wp-content\/uploads\/sites\/3\/2021\/04\/cursos_de_italiano_en_linea_en_vivo.png\" class=\"attachment-medium size-medium wp-post-image\" alt=\"\" \/><\/a><\/figure><p class=\"course-intro\">Aprende italiano en l\u00ednea con un grupo peque\u00f1o de compa\u00f1eros, \u00a1y comprueba todo lo que puedes aprender en pocas semanas!<\/p><ul class=\"course-highlights\"><li>Prueba de nivel inicial de idioma<\/li><li>Clases peque\u00f1as: m\u00e1x. 12 estudiantes<\/li><li>M\u00edn. 2 semanas, m\u00e1x. 1 a\u00f1o<\/li><li>M\u00e1s de 400 ejercicios disponibles<\/li><li>Curso activo, \u00fanete en cualquier momento<\/li><li>Dos lecciones de 100 minutos por semana<\/li><\/ul><p class=\"course-cta\"><a class=\"button\" href=\"https:\/\/ils.simonemontanari.com\/es\/producto\/grupales-online\/\">Discover more<span class=\"icon\"><svg xmlns=\"http:\/\/www.w3.org\/2000\/svg\" aria-hidden=\"true\" focusable=\"false\" role=\"img\" viewBox=\"0 0 448 512\"><path fill=\"currentColor\" d=\"M443.7 266.8l-165.9 176C274.5 446.3 269.1 448 265.5 448c-3.986 0-7.988-1.375-11.16-4.156c-6.773-5.938-7.275-16.06-1.118-22.59L393.9 272H16.59c-9.171 0-16.59-7.155-16.59-15.1S7.421 240 16.59 240h377.3l-140.7-149.3c-6.157-6.531-5.655-16.66 1.118-22.59c6.789-5.906 17.27-5.469 23.45 1.094l165.9 176C449.4 251.3 449.4 260.7 443.7 266.8z\"\/><\/svg><\/span><\/a><\/p><\/article>\n<article class=\"course-preview\"><h2><a href=\"https:\/\/ils.simonemontanari.com\/es\/producto\/particulares-online\/\">Clases Particulares de Italiano Online<\/a><\/h2><p class=\"course-meta\"><span><span class=\"icon\"><svg xmlns=\"http:\/\/www.w3.org\/2000\/svg\" aria-hidden=\"true\" focusable=\"false\" role=\"img\" viewBox=\"0 0 448 512\"><path fill=\"currentColor\" d=\"M0 80L0 229.5c0 17 6.7 33.3 18.7 45.3l176 176c25 25 65.5 25 90.5 0L418.7 317.3c25-25 25-65.5 0-90.5l-176-176c-12-12-28.3-18.7-45.3-18.7L48 32C21.5 32 0 53.5 0 80zm112 32a32 32 0 1 1 0 64 32 32 0 1 1 0-64z\"\/><\/svg><\/span>27-35\u20ac \/lecci\u00f3n<\/span><span><span class=\"icon\"><svg xmlns=\"http:\/\/www.w3.org\/2000\/svg\" aria-hidden=\"true\" focusable=\"false\" role=\"img\" viewBox=\"0 0 448 512\"><path fill=\"currentColor\" d=\"M160 80c0-26.5 21.5-48 48-48l32 0c26.5 0 48 21.5 48 48l0 352c0 26.5-21.5 48-48 48l-32 0c-26.5 0-48-21.5-48-48l0-352zM0 272c0-26.5 21.5-48 48-48l32 0c26.5 0 48 21.5 48 48l0 160c0 26.5-21.5 48-48 48l-32 0c-26.5 0-48-21.5-48-48L0 272zM368 96l32 0c26.5 0 48 21.5 48 48l0 288c0 26.5-21.5 48-48 48l-32 0c-26.5 0-48-21.5-48-48l0-288c0-26.5 21.5-48 48-48z\"\/><\/svg><\/span>Todos los niveles<\/span><\/p><figure><a href=\"https:\/\/ils.simonemontanari.com\/es\/producto\/particulares-online\/\"><img loading=\"lazy\" decoding=\"async\" width=\"650\" height=\"460\" src=\"https:\/\/ils.simonemontanari.com\/es\/wp-content\/uploads\/sites\/3\/2021\/04\/lecciones_privadas_de_italiano_en_linea.png\" class=\"attachment-medium size-medium wp-post-image\" alt=\"\" \/><\/a><\/figure><p class=\"course-intro\">Mejora tu italiano r\u00e1pidamente con lecciones en l\u00ednea personalizadas, dise\u00f1adas espec\u00edficamente para ti.<\/p><ul class=\"course-highlights\"><li>Plan de estudio y ritmo totalmente personalizados<\/li><li>Lun-Vie, 8:30am - 6:00pm CET<\/li><li>M\u00e1s de 400 ejercicios disponibles<\/li><li>M\u00e1s de 20 profesores de italiano calificados disponibles<\/li><\/ul><p class=\"course-cta\"><a class=\"button\" href=\"https:\/\/ils.simonemontanari.com\/es\/producto\/particulares-online\/\">Discover more<span class=\"icon\"><svg xmlns=\"http:\/\/www.w3.org\/2000\/svg\" aria-hidden=\"true\" focusable=\"false\" role=\"img\" viewBox=\"0 0 448 512\"><path fill=\"currentColor\" d=\"M443.7 266.8l-165.9 176C274.5 446.3 269.1 448 265.5 448c-3.986 0-7.988-1.375-11.16-4.156c-6.773-5.938-7.275-16.06-1.118-22.59L393.9 272H16.59c-9.171 0-16.59-7.155-16.59-15.1S7.421 240 16.59 240h377.3l-140.7-149.3c-6.157-6.531-5.655-16.66 1.118-22.59c6.789-5.906 17.27-5.469 23.45 1.094l165.9 176C449.4 251.3 449.4 260.7 443.7 266.8z\"\/><\/svg><\/span><\/a><\/p><\/article>\n<article class=\"course-preview\"><h2><a href=\"https:\/\/ils.simonemontanari.com\/es\/producto\/preparacion-online-cils\/\">Preparaci\u00f3n CILS B1 Ciudadan\u00eda (Curso en Grupo)<\/a><\/h2><p class=\"course-meta\"><span><span class=\"icon\"><svg xmlns=\"http:\/\/www.w3.org\/2000\/svg\" aria-hidden=\"true\" focusable=\"false\" role=\"img\" viewBox=\"0 0 448 512\"><path fill=\"currentColor\" d=\"M0 80L0 229.5c0 17 6.7 33.3 18.7 45.3l176 176c25 25 65.5 25 90.5 0L418.7 317.3c25-25 25-65.5 0-90.5l-176-176c-12-12-28.3-18.7-45.3-18.7L48 32C21.5 32 0 53.5 0 80zm112 32a32 32 0 1 1 0 64 32 32 0 1 1 0-64z\"\/><\/svg><\/span>500\u20ac \/curso<\/span><span><span class=\"icon\"><svg xmlns=\"http:\/\/www.w3.org\/2000\/svg\" aria-hidden=\"true\" focusable=\"false\" role=\"img\" viewBox=\"0 0 448 512\"><path fill=\"currentColor\" d=\"M160 80c0-26.5 21.5-48 48-48l32 0c26.5 0 48 21.5 48 48l0 352c0 26.5-21.5 48-48 48l-32 0c-26.5 0-48-21.5-48-48l0-352zM0 272c0-26.5 21.5-48 48-48l32 0c26.5 0 48 21.5 48 48l0 160c0 26.5-21.5 48-48 48l-32 0c-26.5 0-48-21.5-48-48L0 272zM368 96l32 0c26.5 0 48 21.5 48 48l0 288c0 26.5-21.5 48-48 48l-32 0c-26.5 0-48-21.5-48-48l0-288c0-26.5 21.5-48 48-48z\"\/><\/svg><\/span>M\u00edn. A2<\/span><\/p><figure><a href=\"https:\/\/ils.simonemontanari.com\/es\/producto\/preparacion-online-cils\/\"><img loading=\"lazy\" decoding=\"async\" width=\"752\" height=\"532\" src=\"https:\/\/ils.simonemontanari.com\/es\/wp-content\/uploads\/sites\/3\/2024\/08\/Online-CILS-B1-Group-Course-ES-752x532.png\" class=\"attachment-medium size-medium wp-post-image\" alt=\"\" srcset=\"https:\/\/ils.simonemontanari.com\/es\/wp-content\/uploads\/sites\/3\/2024\/08\/Online-CILS-B1-Group-Course-ES-752x532.png 752w, https:\/\/ils.simonemontanari.com\/es\/wp-content\/uploads\/sites\/3\/2024\/08\/Online-CILS-B1-Group-Course-ES-768x543.png 768w, https:\/\/ils.simonemontanari.com\/es\/wp-content\/uploads\/sites\/3\/2024\/08\/Online-CILS-B1-Group-Course-ES.png 1000w\" sizes=\"auto, (max-width: 752px) 100vw, 752px\" \/><\/a><\/figure><p class=\"course-intro\">Prep\u00e1rate para el examen de ciudadan\u00eda italiana practicando con ex\u00e1menes anteriores y un grupo de estudiantes de tu nivel.<\/p><ul class=\"course-highlights\"><li>Dos lecciones de 100 minutos por semana<\/li><li>Dos veces al a\u00f1o, septiembre y marzo<\/li><li>Lun\/Mi\u00e9 a las 17:00 CET<\/li><li>Material de aprendizaje y pruebas de examen incluidas<\/li><li>Clases peque\u00f1as: m\u00e1x. 12 estudiantes<\/li><li>Nivel m\u00ednimo de entrada: A2<\/li><\/ul><p class=\"course-cta\"><a class=\"button\" href=\"https:\/\/ils.simonemontanari.com\/es\/producto\/preparacion-online-cils\/\">Discover more<span class=\"icon\"><svg xmlns=\"http:\/\/www.w3.org\/2000\/svg\" aria-hidden=\"true\" focusable=\"false\" role=\"img\" viewBox=\"0 0 448 512\"><path fill=\"currentColor\" d=\"M443.7 266.8l-165.9 176C274.5 446.3 269.1 448 265.5 448c-3.986 0-7.988-1.375-11.16-4.156c-6.773-5.938-7.275-16.06-1.118-22.59L393.9 272H16.59c-9.171 0-16.59-7.155-16.59-15.1S7.421 240 16.59 240h377.3l-140.7-149.3c-6.157-6.531-5.655-16.66 1.118-22.59c6.789-5.906 17.27-5.469 23.45 1.094l165.9 176C449.4 251.3 449.4 260.7 443.7 266.8z\"\/><\/svg><\/span><\/a><\/p><\/article>\n<article class=\"course-preview\"><h2><a href=\"https:\/\/ils.simonemontanari.com\/es\/producto\/republicas-maritimas\/\">Las Ciudades de los Navegantes: un Viaje a las Rep\u00fablicas Mar\u00edtimas<\/a><\/h2><p class=\"course-meta\"><span><span class=\"icon\"><svg xmlns=\"http:\/\/www.w3.org\/2000\/svg\" aria-hidden=\"true\" focusable=\"false\" role=\"img\" viewBox=\"0 0 448 512\"><path fill=\"currentColor\" d=\"M0 80L0 229.5c0 17 6.7 33.3 18.7 45.3l176 176c25 25 65.5 25 90.5 0L418.7 317.3c25-25 25-65.5 0-90.5l-176-176c-12-12-28.3-18.7-45.3-18.7L48 32C21.5 32 0 53.5 0 80zm112 32a32 32 0 1 1 0 64 32 32 0 1 1 0-64z\"\/><\/svg><\/span>90\u20ac \/curso<\/span><span><span class=\"icon\"><svg xmlns=\"http:\/\/www.w3.org\/2000\/svg\" aria-hidden=\"true\" focusable=\"false\" role=\"img\" viewBox=\"0 0 448 512\"><path fill=\"currentColor\" d=\"M160 80c0-26.5 21.5-48 48-48l32 0c26.5 0 48 21.5 48 48l0 352c0 26.5-21.5 48-48 48l-32 0c-26.5 0-48-21.5-48-48l0-352zM0 272c0-26.5 21.5-48 48-48l32 0c26.5 0 48 21.5 48 48l0 160c0 26.5-21.5 48-48 48l-32 0c-26.5 0-48-21.5-48-48L0 272zM368 96l32 0c26.5 0 48 21.5 48 48l0 288c0 26.5-21.5 48-48 48l-32 0c-26.5 0-48-21.5-48-48l0-288c0-26.5 21.5-48 48-48z\"\/><\/svg><\/span>M\u00edn. B1<\/span><\/p><figure><a href=\"https:\/\/ils.simonemontanari.com\/es\/producto\/republicas-maritimas\/\"><img loading=\"lazy\" decoding=\"async\" width=\"752\" height=\"531\" src=\"https:\/\/ils.simonemontanari.com\/es\/wp-content\/uploads\/sites\/3\/2024\/06\/Las-ciudades-de-los-navegantes-752x531.png\" class=\"attachment-medium size-medium wp-post-image\" alt=\"\" srcset=\"https:\/\/ils.simonemontanari.com\/es\/wp-content\/uploads\/sites\/3\/2024\/06\/Las-ciudades-de-los-navegantes-752x531.png 752w, https:\/\/ils.simonemontanari.com\/es\/wp-content\/uploads\/sites\/3\/2024\/06\/Las-ciudades-de-los-navegantes-768x543.png 768w, https:\/\/ils.simonemontanari.com\/es\/wp-content\/uploads\/sites\/3\/2024\/06\/Las-ciudades-de-los-navegantes-1040x735.png 1040w, https:\/\/ils.simonemontanari.com\/es\/wp-content\/uploads\/sites\/3\/2024\/06\/Las-ciudades-de-los-navegantes.png 1060w\" sizes=\"auto, (max-width: 752px) 100vw, 752px\" \/><\/a><\/figure><p class=\"course-intro\">Mejora tu italiano mientras exploras la historia de las ciudades clave que dieron forma al patrimonio mar\u00edtimo de Italia<\/p><ul class=\"course-highlights\"><li>Todos los lunes a las 18:00 CET<\/li><li>12 ciudades, 12 lecciones<\/li><li>Desde el 25 de noviembre de 2024<\/li><li>Nivel de entrada sugerido: B1<\/li><\/ul><p class=\"course-cta\"><a class=\"button\" href=\"https:\/\/ils.simonemontanari.com\/es\/producto\/republicas-maritimas\/\">Discover more<span class=\"icon\"><svg xmlns=\"http:\/\/www.w3.org\/2000\/svg\" aria-hidden=\"true\" focusable=\"false\" role=\"img\" viewBox=\"0 0 448 512\"><path fill=\"currentColor\" d=\"M443.7 266.8l-165.9 176C274.5 446.3 269.1 448 265.5 448c-3.986 0-7.988-1.375-11.16-4.156c-6.773-5.938-7.275-16.06-1.118-22.59L393.9 272H16.59c-9.171 0-16.59-7.155-16.59-15.1S7.421 240 16.59 240h377.3l-140.7-149.3c-6.157-6.531-5.655-16.66 1.118-22.59c6.789-5.906 17.27-5.469 23.45 1.094l165.9 176C449.4 251.3 449.4 260.7 443.7 266.8z\"\/><\/svg><\/span><\/a><\/p><\/article>\n<h2 style=\"text-align: center;\"><span style=\"color: #808080;\">Descubre tambi\u00e9n<\/span><\/h2>\n<div class=\"row has-columns three-columns \">\n<div class=\"column\">\n        <div class=\"page-card cursos-de-italiano is-style-excerpt\">\n            <h3 class=\"page-card_title\"><a href=\"https:\/\/ils.simonemontanari.com\/es\/cursos-de-italiano\/\" title=\"Cursos de Italiano en Florencia\">Italiano en Florencia<\/a><\/h3>            <p class=\"page-card_text\">Descubre nuestra variedad de ofertas de cursos de lengua italiana en Florencia, Italia. Organizamos cursos de diferentes niveles para todas las edades, durante todo el a\u00f1o.<\/p>\n                        <p class=\"page-card_cta\"><a href=\"https:\/\/ils.simonemontanari.com\/es\/cursos-de-italiano\/\">Descubre m\u00e1s<span class=\"icon\"><svg xmlns=\"http:\/\/www.w3.org\/2000\/svg\" aria-hidden=\"true\" focusable=\"false\" role=\"img\" viewBox=\"0 0 448 512\"><path fill=\"currentColor\" d=\"M443.7 266.8l-165.9 176C274.5 446.3 269.1 448 265.5 448c-3.986 0-7.988-1.375-11.16-4.156c-6.773-5.938-7.275-16.06-1.118-22.59L393.9 272H16.59c-9.171 0-16.59-7.155-16.59-15.1S7.421 240 16.59 240h377.3l-140.7-149.3c-6.157-6.531-5.655-16.66 1.118-22.59c6.789-5.906 17.27-5.469 23.45 1.094l165.9 176C449.4 251.3 449.4 260.7 443.7 266.8z\"\/><\/svg><\/span><\/a><\/p>\n                    <\/div>\n        \n<\/div>\n<div class=\"column\">\n        <div class=\"page-card vacaciones is-style-excerpt\">\n            <h3 class=\"page-card_title\"><a href=\"https:\/\/ils.simonemontanari.com\/es\/vacaciones\/\" title=\"Vacaciones de Estudios a Italia\">Vacaciones de Estudios a Italia<\/a><\/h3>            <p class=\"page-card_text\">Clases de italiano por la ma\u00f1ana, visitas guiadas por la ciudad y otras actividades por la tarde. Qu\u00e9date m\u00e1s tiempo y podr\u00e1s experimentar el estilo de vida florentino y la m\u00e1gica atm\u00f3sfera de la ciudad.<\/p>\n                        <p class=\"page-card_cta\"><a href=\"https:\/\/ils.simonemontanari.com\/es\/vacaciones\/\">Descubre m\u00e1s<span class=\"icon\"><svg xmlns=\"http:\/\/www.w3.org\/2000\/svg\" aria-hidden=\"true\" focusable=\"false\" role=\"img\" viewBox=\"0 0 448 512\"><path fill=\"currentColor\" d=\"M443.7 266.8l-165.9 176C274.5 446.3 269.1 448 265.5 448c-3.986 0-7.988-1.375-11.16-4.156c-6.773-5.938-7.275-16.06-1.118-22.59L393.9 272H16.59c-9.171 0-16.59-7.155-16.59-15.1S7.421 240 16.59 240h377.3l-140.7-149.3c-6.157-6.531-5.655-16.66 1.118-22.59c6.789-5.906 17.27-5.469 23.45 1.094l165.9 176C449.4 251.3 449.4 260.7 443.7 266.8z\"\/><\/svg><\/span><\/a><\/p>\n                    <\/div>\n        \n<\/div>\n<div class=\"column\">\n        <div class=\"page-card examenes-de-italiano is-style-excerpt\">\n            <h3 class=\"page-card_title\"><a href=\"https:\/\/ils.simonemontanari.com\/es\/examenes-de-italiano\/\" title=\"Centro de Ex\u00e1menes &#8211; Idioma Italiano\">Preparaci\u00f3n de Ex\u00e1menes<\/a><\/h3>            <p class=\"page-card_text\">Prep\u00e1rate para los ex\u00e1menes de idioma italiano m\u00e1s populares, como CELI y CILS, incluyendo los niveles de ciudadan\u00eda y admisi\u00f3n universitaria.<\/p>\n                        <p class=\"page-card_cta\"><a href=\"https:\/\/ils.simonemontanari.com\/es\/examenes-de-italiano\/\">Descubre m\u00e1s<span class=\"icon\"><svg xmlns=\"http:\/\/www.w3.org\/2000\/svg\" aria-hidden=\"true\" focusable=\"false\" role=\"img\" viewBox=\"0 0 448 512\"><path fill=\"currentColor\" d=\"M443.7 266.8l-165.9 176C274.5 446.3 269.1 448 265.5 448c-3.986 0-7.988-1.375-11.16-4.156c-6.773-5.938-7.275-16.06-1.118-22.59L393.9 272H16.59c-9.171 0-16.59-7.155-16.59-15.1S7.421 240 16.59 240h377.3l-140.7-149.3c-6.157-6.531-5.655-16.66 1.118-22.59c6.789-5.906 17.27-5.469 23.45 1.094l165.9 176C449.4 251.3 449.4 260.7 443.7 266.8z\"\/><\/svg><\/span><\/a><\/p>\n                    <\/div>\n        \n<\/div>\n<\/div>\n<div class=\"row single-column has-background has-light-background-color\">\n<div class=\"column max-width_720\">\n<h2 class=\"widget-title txt-center\">Opciones de Pago Seguras y Flexibles<\/h2>\t\t\t<div class=\"textwidget\"><ul class=\"is-style-accent\">\n<li><strong>Sin tarifas ocultas<\/strong>: precios transparentes sin costos adicionales<\/li>\n<li><strong>Cancelaciones f\u00e1ciles<\/strong>: cancelaciones sin complicaciones si necesitas cambiar tus planes.<\/li>\n<li><strong>Flexibilidad de moneda<\/strong>: paga en tu moneda preferida para mayor comodidad.<\/li>\n<li><strong>M\u00faltiples m\u00e9todos de pago<\/strong>: elige entre una variedad de opciones de pago confiables.<\/li>\n<\/ul>\n<\/div>\n\t\t<div class=\"textwidget custom-html-widget\"><p class=\"payment-methods\" style=\"justify-content:center\"><img decoding=\"async\" loading=\"lazy\" src=\"https:\/\/ils.simonemontanari.com\/wp-content\/plugins\/europass-woo-currency-converter\/\/icons\/cc-amex.svg\" alt=\"American Express\" title=\"American Express\" width=\"36\"><img decoding=\"async\" loading=\"lazy\" src=\"https:\/\/ils.simonemontanari.com\/wp-content\/plugins\/europass-woo-currency-converter\/\/icons\/cc-mastercard.svg\" alt=\"Mastercard\" title=\"Mastercard\" width=\"36\"><img decoding=\"async\" loading=\"lazy\" src=\"https:\/\/ils.simonemontanari.com\/wp-content\/plugins\/europass-woo-currency-converter\/\/icons\/cc-visa.svg\" alt=\"Visa\" title=\"Visa\" width=\"36\"><img decoding=\"async\" loading=\"lazy\" src=\"https:\/\/ils.simonemontanari.com\/wp-content\/plugins\/europass-woo-currency-converter\/\/icons\/cc-paypal.svg\" alt=\"PayPal\" title=\"PayPal\" width=\"36\"><img decoding=\"async\" loading=\"lazy\" src=\"https:\/\/ils.simonemontanari.com\/wp-content\/plugins\/europass-woo-currency-converter\/\/icons\/apple-pay.svg\" alt=\"Apple Pay\" title=\"Apple Pay\" width=\"36\"><img decoding=\"async\" loading=\"lazy\" src=\"https:\/\/ils.simonemontanari.com\/wp-content\/plugins\/europass-woo-currency-converter\/\/icons\/google-pay.svg\" alt=\"Google Pay\" title=\"Google Pay\" width=\"36\"><img decoding=\"async\" loading=\"lazy\" src=\"https:\/\/ils.simonemontanari.com\/wp-content\/plugins\/europass-woo-currency-converter\/\/icons\/check.svg\" alt=\"Wire Transfer\" title=\"Wire Transfer\" width=\"36\"><\/p><\/div>\n<\/div>\n<\/div>\n","protected":false},"excerpt":{"rendered":"<p>\u00a1Descubre lo\u00a0flexibles e interactivos que son nuestros cursos de italiano! Descubre tambi\u00e9n<\/p>\n","protected":false},"author":1788,"featured_media":7981,"parent":0,"menu_order":20,"comment_status":"closed","ping_status":"closed","template":"full-width.php","meta":{"_acf_changed":false,"footnotes":""},"class_list":["post-2321","page","type-page","status-publish","has-post-thumbnail","hentry"],"acf":[],"_links":{"self":[{"href":"https:\/\/ils.simonemontanari.com\/es\/wp-json\/wp\/v2\/pages\/2321","targetHints":{"allow":["GET"]}}],"collection":[{"href":"https:\/\/ils.simonemontanari.com\/es\/wp-json\/wp\/v2\/pages"}],"about":[{"href":"https:\/\/ils.simonemontanari.com\/es\/wp-json\/wp\/v2\/types\/page"}],"author":[{"embeddable":true,"href":"https:\/\/ils.simonemontanari.com\/es\/wp-json\/wp\/v2\/users\/1788"}],"replies":[{"embeddable":true,"href":"https:\/\/ils.simonemontanari.com\/es\/wp-json\/wp\/v2\/comments?post=2321"}],"version-history":[{"count":0,"href":"https:\/\/ils.simonemontanari.com\/es\/wp-json\/wp\/v2\/pages\/2321\/revisions"}],"wp:featuredmedia":[{"embeddable":true,"href":"https:\/\/ils.simonemontanari.com\/es\/wp-json\/wp\/v2\/media\/7981"}],"wp:attachment":[{"href":"https:\/\/ils.simonemontanari.com\/es\/wp-json\/wp\/v2\/media?parent=2321"}],"curies":[{"name":"wp","href":"https:\/\/api.w.org\/{rel}","templated":true}]}}