{"id":27,"date":"2017-12-06T15:21:45","date_gmt":"2017-12-06T14:21:45","guid":{"rendered":"https:\/\/ils.simonemontanari.com\/es\/stay-in-florence\/europass-activities\/"},"modified":"2024-11-27T10:51:43","modified_gmt":"2024-11-27T09:51:43","slug":"actividades","status":"publish","type":"page","link":"https:\/\/ils.simonemontanari.com\/es\/estancia\/actividades\/","title":{"rendered":"Actividades de Europass"},"content":{"rendered":"<p>Los Tours se pueden incluir dentro de los programas de <a href=\"https:\/\/ils.simonemontanari.com\/es\/vacaciones\/\">Vacaciones de Aprendizaje<\/a> o tambi\u00e9n pueden adquirirse por separado. Igualmente, los estudiantes pueden unirse a estas actividades as\u00ed como invitar a otros amigos si lo desean, tanto de dentro como de fuera de la escuela.<\/p>\n<p>Durante los tours, principalmente se habla en italiano, pero por supuesto tambi\u00e9n existe la posibilidad de realizarlos en ingl\u00e9s, por lo que los estudiantes (de todos los niveles, desde principiante a avanzado) podr\u00e1n participar y disfrutar de la experiencia.<\/p>\n<h2>Actividades culturales: 10<span id=\"tour-didattici-10\">\u20ac<\/span><\/h2>\n<p>Nuestros Tours de Aprendizaje semanales est\u00e1n destinados, principalmente, a descubrir la ciudad de Florencia, sus barrios, sus monumentos y <strong>los puntos m\u00e1s din\u00e1micos de la ciudad<\/strong>, a trav\u00e9s de distintas \u00f3pticas y perspectivas.<\/p>\n<p>Somos afortunados de contar en nuestro equipo con Maurizio, uno de nuestros profesores, que posee adem\u00e1s amplios conocimientos de todas las peculiaridades y las historias m\u00e1s enigm\u00e1ticas de Florencia. Del mismo modo, todos nuestros otros gu\u00edas te transportar\u00e1n tambi\u00e9n a trav\u00e9s de asombrosas facetas de esta incre\u00edble ciudad.<\/p>\n<p>Aqu\u00ed tienes nuestros tours, en orden, desde el m\u00e1s com\u00fan hasta el menos frecuente:<\/p>\n<h4>Paseo no tur\u00edstico por el centro<\/h4>\n<p>Deja atr\u00e1s las calles pobladas y sum\u00e9rgete en la aut\u00e9ntica atm\u00f3sfera de la ciudad. Explora callejones pintorescos y descubre los rincones desconocidos de Florencia.<\/p>\n<h4>Oltrarno<\/h4>\n<p>Con bares y tiendas de antig\u00fcedades, estudios de artistas y tabernas, este es el barrio m\u00e1s aut\u00e9ntico de Florencia, justo al otro lado del r\u00edo Arno.<\/p>\n<h4>Palazzo Vecchio<\/h4>\n<p>Un viaje al coraz\u00f3n de la historia florentina a trav\u00e9s de las salas de este majestuoso palacio que ha sido testigo de los destinos de la ciudad y sus habitantes.<\/p>\n<h4>El barrio de Santa Maria Novella<\/h4>\n<p>Una inmersi\u00f3n en la Florencia aut\u00e9ntica, a trav\u00e9s de las calles y callejones de este atractivo barrio, entre historia y cultura.<\/p>\n<h4>Los lugares de los M\u00e9dici<\/h4>\n<p>Descubre los lugares que marcaron la poderosa dinast\u00eda de los M\u00e9dici, sus residencias, las fascinantes an\u00e9cdotas y su impacto en la ciudad.<\/p>\n<h4>Salones de Florencia<\/h4>\n<p>Explora los elegantes salones hist\u00f3ricos de Florencia, donde el arte, la cultura y la sociedad se entrelazaron a lo largo de los siglos.<\/p>\n<h4>Piazza del Duomo<\/h4>\n<p>Una experiencia emocionante en el coraz\u00f3n de Florencia: admira la grandiosidad del Duomo, el Baptisterio y el Campanile, verdaderos s\u00edmbolos de la ciudad.<\/p>\n<h4>Casas torre &#8211; descubriendo la Florencia medieval<\/h4>\n<p>Con este tour puedes descubrir y explorar las huellas de la Edad Media, a\u00fan claramente visibles, as\u00ed como de la \u00e9poca romana y del Renacimiento, la \u00e9poca de m\u00e1ximo esplendor de la ciudad.<\/p>\n<h4>Florencia desconocida<\/h4>\n<p>Descubre las historias olvidadas, las antiguas leyendas y los tesoros ocultos de Florencia, lejos de los destinos tur\u00edsticos tradicionales.<\/p>\n<h4>Fiesole<\/h4>\n<p>Entre bosques y olivares, y un teatro romano a\u00fan activo, testigo de la historia de la ciudad, Fiesole se alza sobre las colinas detr\u00e1s de Florencia.<\/p>\n<h4>Florencia en tiempos de Dante<\/h4>\n<p>Viaja atr\u00e1s en el tiempo y sum\u00e9rgete en la Florencia del Sumo Poeta. Explora las calles, los mercados y todos los lugares que inspiraron su obra inmortal.<\/p>\n<h4>Jardines de Florencia<\/h4>\n<p>Sum\u00e9rgete en el lado verde de Florencia y descubre jardines en flor, con \u00e1rboles centenarios, fuentes y una vista panor\u00e1mica impresionante.<\/p>\n<h4>Tiendas artesanales<\/h4>\n<p>Un recorrido por los talleres y tiendas m\u00e1s importantes del centro, que a\u00fan mantienen viva la tradici\u00f3n de los principales patrimonios de la ciudad: la artesan\u00eda y las artes figurativas.<\/p>\n<h4>Paseo por el Lungarno<\/h4>\n<p>Un paseo a lo largo del r\u00edo que divide la ciudad en dos, a trav\u00e9s de los principales barrios que dan a sus orillas, las plazas y las iglesias que cuentan su historia.<\/p>\n<h4>Piazzale Michelangelo<\/h4>\n<p>Lejos del ruido de la ciudad, desde el Piazzale Michelangelo podr\u00e1s disfrutar de una vista impresionante y admirar desde lejos los monumentos m\u00e1s ic\u00f3nicos de Florencia.<\/p>\n<h2>Visitas guiadas (entrada incluida): 20<span id=\"musei-e-mostre-20\">\u20ac<\/span><\/h2>\n<div id='gallery-1' class='gallery galleryid-27 gallery-columns-3 gallery-size-thumbnail'><figure class='gallery-item'>\n\t\t\t<div class='gallery-icon landscape'>\n\t\t\t\t<img loading=\"lazy\" decoding=\"async\" width=\"376\" height=\"250\" src=\"https:\/\/ils.simonemontanari.com\/es\/wp-content\/uploads\/sites\/3\/2023\/07\/santissima-annunziata-square-florence-3-752x499-1-376x250-1.jpg\" class=\"attachment-thumbnail size-thumbnail\" alt=\"\" \/>\n\t\t\t<\/div><\/figure><figure class='gallery-item'>\n\t\t\t<div class='gallery-icon landscape'>\n\t\t\t\t<img loading=\"lazy\" decoding=\"async\" width=\"376\" height=\"250\" src=\"https:\/\/ils.simonemontanari.com\/es\/wp-content\/uploads\/sites\/3\/2023\/07\/historical-fest-florence-752x499-1-376x250-1.jpg\" class=\"attachment-thumbnail size-thumbnail\" alt=\"\" \/>\n\t\t\t<\/div><\/figure><figure class='gallery-item'>\n\t\t\t<div class='gallery-icon landscape'>\n\t\t\t\t<img loading=\"lazy\" decoding=\"async\" width=\"376\" height=\"250\" src=\"https:\/\/ils.simonemontanari.com\/es\/wp-content\/uploads\/sites\/3\/2023\/07\/historic-houses-florence-6-752x499-1-376x250-1.jpg\" class=\"attachment-thumbnail size-thumbnail\" alt=\"\" \/>\n\t\t\t<\/div><\/figure>\n\t\t<\/div>\n\n<p>Cada semana organizamos al menos <strong>una actividad para la cual se requiere la entrada<\/strong>. Incluido en el precio de 20\u20ac tendr\u00e1s tanto la entrada como la posibilidad de seguir a uno de nuestros profesores que actuar\u00e1 como gu\u00eda.<\/p>\n<p>A una tarifa fija te ofrecemos una soluci\u00f3n que incluye todas las diferentes opciones, para brindarte todo lo que necesitas sin ning\u00fan esfuerzo organizativo por tu parte.<\/p>\n<p>Estas son nuestras visitas a museos, iglesias y exposiciones, en orden, desde las m\u00e1s comunes hasta las menos frecuentes:<\/p>\n<h4>Iglesia de Santa Maria Novella<\/h4>\n<p>Descubre la primera gran bas\u00edlica de Florencia y su convento; un museo de obras g\u00f3ticas de grandes artistas florentinos y la farmacia m\u00e1s antigua de toda Europa.<\/p>\n<h4>Iglesia de Santa Croce<\/h4>\n<p>Una de las iglesias m\u00e1s hermosas y ricas de Italia, el mejor ejemplo de estilo arquitect\u00f3nico g\u00f3tico florentino, as\u00ed como lugar de sepultura de personalidades ilustres de la historia italiana.<\/p>\n<h4>Bas\u00edlica de San Lorenzo<\/h4>\n<p>Dise\u00f1ada por maestros como Brunelleschi, encierra siglos de historia y arte. Explora las capillas decoradas y descubre las tumbas de familias nobles que dejaron su huella en la historia florentina.<\/p>\n<h4>Capillas Mediceas<\/h4>\n<p>Un lugar de valor extraordinario, escondido en el centro de Florencia, y construido por la familia Medici detr\u00e1s de la iglesia de San Lorenzo, para mostrar su poder.<\/p>\n<h4>Museo de los Inocentes<\/h4>\n<p>Con\u00e9ctate con las emociones profundas detr\u00e1s de la historia del Museo de los Inocentes, un lugar lleno de significado que cuenta la historia de los ni\u00f1os abandonados y sus madres.<\/p>\n<h4>Bargello<\/h4>\n<p>Descubre el antiguo Palazzo del Bargello, ahora museo, que alberga una colecci\u00f3n excepcional de esculturas, obras de arte y artefactos medievales y renacentistas.<\/p>\n<h4>Palazzo Davanzati<\/h4>\n<p>Una residencia renacentista en el coraz\u00f3n de Florencia, que te transportar\u00e1 en el tiempo, mostr\u00e1ndote c\u00f3mo viv\u00edan las familias florentinas ricas en el siglo XV.<\/p>\n<h4>Museo de la \u00d3pera del Duomo<\/h4>\n<p>Un museo \u00fanico para descubrir la atemporal magnificencia de los monumentos m\u00e1s famosos de Florencia: el baptisterio, la catedral, el campanario y las obras maestras conservadas por la di\u00f3cesis florentina.<\/p>\n<h4>Paseo en barco por el Arno con los Renaioli<\/h4>\n<p>Disfruta de una perspectiva diferente de la ciudad mientras cruzas puentes hist\u00f3ricos y admiras los edificios a lo largo de las orillas. Los Renaioli compartir\u00e1n historias y an\u00e9cdotas sobre la historia de Florencia, ofreci\u00e9ndote una experiencia aut\u00e9ntica e inolvidable.<\/p>\n<h4>Uffizi y Galer\u00eda de la Academia<\/h4>\n<p>En estos museos, te esperan excepcionales colecciones de pinturas y esculturas de artistas como Giotto, Piero della Francesca, Botticelli, Leonardo da Vinci, Rafael, Miguel \u00c1ngel, Caravaggio, que datan del siglo XIV y el Renacimiento.<\/p>\n<h4>Villas Mediceas<\/h4>\n<p>Palacios de campo utilizados para mostrar el poder y la riqueza de la familia Medici, as\u00ed como lugar de recreo para los propietarios, mientras las actividades agr\u00edcolas se desarrollaban en los alrededores. Este tour espec\u00edfico se enfoca en las villas cercanas a Florencia.<\/p>\n<h4>Certosa del Galluzzo<\/h4>\n<p>Un monasterio cartujo renacentista, justo fuera de la ciudad, en la completa tranquilidad de los olivares; un lugar para meditar. Un destino ligeramente m\u00e1s original, lejos de las t\u00edpicas atracciones tur\u00edsticas.<\/p>\n<h4>Forte Belvedere<\/h4>\n<p>Esta fortaleza hist\u00f3rica ofrece una experiencia \u00fanica que combina la historia militar con una vista impresionante. Explora las imponentes murallas, sum\u00e9rgete en la atm\u00f3sfera medieval y disfruta de una vista panor\u00e1mica de la ciudad.<\/p>\n<h4>Capilla Brancacci<\/h4>\n<p>Una visita a la Capilla Brancacci es un viaje en el tiempo y el arte. Aqu\u00ed se encuentran algunos de los frescos m\u00e1s famosos del mundo, realizados por artistas como Masaccio y Masolino, que representan escenas b\u00edblicas importantes.<\/p>\n<h2>Experiencias fuera de Florencia -20%<\/h2>\n<p>Gracias a nuestra colaboraci\u00f3n con un operador tur\u00edstico confiable, tendr\u00e1s la oportunidad de elegir entre <strong>m\u00e1s de 100 excursiones<\/strong> <strong>para hacer los fines de semana!<\/strong><\/p>\n<p>Podr\u00e1s descubrir lugares hermosos, conversar y hacer amistades, todo esto entre una copa de vino y vistas impresionantes.<\/p>\n<p>Estas excursiones pueden ser tanto de medio d\u00eda como de d\u00eda completo, y a menudo est\u00e1n disponibles en varios idiomas, no solo italiano e ingl\u00e9s.<\/p>\n<p>Aqu\u00ed tienes algunos ejemplos de las excursiones m\u00e1s populares:<\/p>\n<ul>\n<li>Excursi\u00f3n a Pisa (medio d\u00eda)<\/li>\n<li>Tour por el Chianti (medio d\u00eda)<\/li>\n<li>Visita a Pisa y Lucca<\/li>\n<li>Visita a Venecia<\/li>\n<li>Visita a Siena y San Gimignano<\/li>\n<li>Visita a Montepulciano, Montalcino y Pienza<\/li>\n<li>Visita a las Cinque Terre<\/li>\n<\/ul>\n<h2>Cursos \u00abTodo Incluido\u00bb<\/h2>\n        <div class=\"page-card lengua-italiana is-style-default\">\n                            <figure class=\"page-card_image\">\n                    <a href=\"https:\/\/ils.simonemontanari.com\/es\/vacaciones\/lengua-italiana\/\" title=\"Vacaciones de Lengua Italiana\">\n                        <img loading=\"lazy\" decoding=\"async\" width=\"679\" height=\"480\" src=\"https:\/\/ils.simonemontanari.com\/es\/wp-content\/uploads\/sites\/3\/2023\/07\/vacaciones_de_lengua_italiana.png\" class=\"attachment-full size-full wp-post-image\" alt=\"\" \/>                    <\/a>\n                <\/figure>\n            <h3 class=\"page-card_title\"><a href=\"https:\/\/ils.simonemontanari.com\/es\/vacaciones\/lengua-italiana\/\" title=\"Vacaciones de Lengua Italiana\">Vacaciones de Lengua Italiana<\/a><\/h3>            <p class=\"page-card_text\">Clases de italiano por la ma\u00f1ana, visitas guiadas por la ciudad y sus alrededores por la tarde. Qu\u00e9date m\u00e1s tiempo y podr\u00e1s experimentar el estilo de vida florentino y la m\u00e1gica atm\u00f3sfera de la ciudad.<\/p>\n                        <p class=\"page-card_cta\"><a href=\"https:\/\/ils.simonemontanari.com\/es\/vacaciones\/lengua-italiana\/\">Descubre m\u00e1s<span class=\"icon\"><svg xmlns=\"http:\/\/www.w3.org\/2000\/svg\" aria-hidden=\"true\" focusable=\"false\" role=\"img\" viewBox=\"0 0 448 512\"><path fill=\"currentColor\" d=\"M443.7 266.8l-165.9 176C274.5 446.3 269.1 448 265.5 448c-3.986 0-7.988-1.375-11.16-4.156c-6.773-5.938-7.275-16.06-1.118-22.59L393.9 272H16.59c-9.171 0-16.59-7.155-16.59-15.1S7.421 240 16.59 240h377.3l-140.7-149.3c-6.157-6.531-5.655-16.66 1.118-22.59c6.789-5.906 17.27-5.469 23.45 1.094l165.9 176C449.4 251.3 449.4 260.7 443.7 266.8z\"\/><\/svg><\/span><\/a><\/p>\n                    <\/div>\n        \n        <div class=\"page-card cocinar is-style-default\">\n                            <figure class=\"page-card_image\">\n                    <a href=\"https:\/\/ils.simonemontanari.com\/es\/vacaciones\/cocinar\/\" title=\"Vacaciones para aprender el idioma y a cocinar en Italia\">\n                        <img loading=\"lazy\" decoding=\"async\" width=\"720\" height=\"480\" src=\"https:\/\/ils.simonemontanari.com\/es\/wp-content\/uploads\/sites\/3\/2023\/07\/cocina_italiana_en_florencia.png\" class=\"attachment-full size-full wp-post-image\" alt=\"\" srcset=\"https:\/\/ils.simonemontanari.com\/es\/wp-content\/uploads\/sites\/3\/2023\/07\/cocina_italiana_en_florencia.png 720w, https:\/\/ils.simonemontanari.com\/es\/wp-content\/uploads\/sites\/3\/2023\/07\/cocina_italiana_en_florencia-376x250.png 376w\" sizes=\"auto, (max-width: 720px) 100vw, 720px\" \/>                    <\/a>\n                <\/figure>\n            <h3 class=\"page-card_title\"><a href=\"https:\/\/ils.simonemontanari.com\/es\/vacaciones\/cocinar\/\" title=\"Vacaciones para aprender el idioma y a cocinar en Italia\">Vacaciones para aprender el idioma y a cocinar en Italia<\/a><\/h3>            <p class=\"page-card_text\">Aprende a cocinar seg\u00fan las tradiciones y creatividad italianas: opciones para todos los niveles, desde clases informales hasta cursos profesionales.<\/p>\n                        <p class=\"page-card_cta\"><a href=\"https:\/\/ils.simonemontanari.com\/es\/vacaciones\/cocinar\/\">Descubre m\u00e1s<span class=\"icon\"><svg xmlns=\"http:\/\/www.w3.org\/2000\/svg\" aria-hidden=\"true\" focusable=\"false\" role=\"img\" viewBox=\"0 0 448 512\"><path fill=\"currentColor\" d=\"M443.7 266.8l-165.9 176C274.5 446.3 269.1 448 265.5 448c-3.986 0-7.988-1.375-11.16-4.156c-6.773-5.938-7.275-16.06-1.118-22.59L393.9 272H16.59c-9.171 0-16.59-7.155-16.59-15.1S7.421 240 16.59 240h377.3l-140.7-149.3c-6.157-6.531-5.655-16.66 1.118-22.59c6.789-5.906 17.27-5.469 23.45 1.094l165.9 176C449.4 251.3 449.4 260.7 443.7 266.8z\"\/><\/svg><\/span><\/a><\/p>\n                    <\/div>\n        \n        <div class=\"page-card pintura is-style-default\">\n                            <figure class=\"page-card_image\">\n                    <a href=\"https:\/\/ils.simonemontanari.com\/es\/vacaciones\/pintura\/\" title=\"Vacaciones de Lengua Italiana y Pintura\">\n                        <img loading=\"lazy\" decoding=\"async\" width=\"729\" height=\"480\" src=\"https:\/\/ils.simonemontanari.com\/es\/wp-content\/uploads\/sites\/3\/2023\/07\/pintura_italiana_en_florencia.png\" class=\"attachment-full size-full wp-post-image\" alt=\"\" \/>                    <\/a>\n                <\/figure>\n            <h3 class=\"page-card_title\"><a href=\"https:\/\/ils.simonemontanari.com\/es\/vacaciones\/pintura\/\" title=\"Vacaciones de Lengua Italiana y Pintura\">Vacaciones de Lengua Italiana y Pintura<\/a><\/h3>            <p class=\"page-card_text\">Aprende el idioma italiano, las t\u00e9cnicas y estilos art\u00edsticos del lugar donde se celebra la belleza m\u00e1s que en cualquier otro sitio. Florencia es todav\u00eda cuna de las bellas artes, de la pintura y escultura.<\/p>\n                        <p class=\"page-card_cta\"><a href=\"https:\/\/ils.simonemontanari.com\/es\/vacaciones\/pintura\/\">Descubre m\u00e1s<span class=\"icon\"><svg xmlns=\"http:\/\/www.w3.org\/2000\/svg\" aria-hidden=\"true\" focusable=\"false\" role=\"img\" viewBox=\"0 0 448 512\"><path fill=\"currentColor\" d=\"M443.7 266.8l-165.9 176C274.5 446.3 269.1 448 265.5 448c-3.986 0-7.988-1.375-11.16-4.156c-6.773-5.938-7.275-16.06-1.118-22.59L393.9 272H16.59c-9.171 0-16.59-7.155-16.59-15.1S7.421 240 16.59 240h377.3l-140.7-149.3c-6.157-6.531-5.655-16.66 1.118-22.59c6.789-5.906 17.27-5.469 23.45 1.094l165.9 176C449.4 251.3 449.4 260.7 443.7 266.8z\"\/><\/svg><\/span><\/a><\/p>\n                    <\/div>\n        \n        <div class=\"page-card campamento-juvenil is-style-default\">\n                            <figure class=\"page-card_image\">\n                    <a href=\"https:\/\/ils.simonemontanari.com\/es\/vacaciones\/campamento-juvenil\/\" title=\"Campamento de Verano Juvenil &#8211; Clases de Italiano para Estudiantes de Secundaria\">\n                        <img loading=\"lazy\" decoding=\"async\" width=\"640\" height=\"480\" src=\"https:\/\/ils.simonemontanari.com\/es\/wp-content\/uploads\/sites\/3\/2023\/07\/cursos_de_verano_de_italiano_junior.png\" class=\"attachment-full size-full wp-post-image\" alt=\"\" \/>                    <\/a>\n                <\/figure>\n            <h3 class=\"page-card_title\"><a href=\"https:\/\/ils.simonemontanari.com\/es\/vacaciones\/campamento-juvenil\/\" title=\"Campamento de Verano Juvenil &#8211; Clases de Italiano para Estudiantes de Secundaria\">Campamento de Verano Juvenil &#8211; Clases de Italiano para Estudiantes de Secundaria<\/a><\/h3>            <p class=\"page-card_text\">\u00a1La primera experiencia en el extranjero para tus hijos! Diversi\u00f3n y amigos en un ambiente seguro en la espl\u00e9ndida Florencia.<\/p>\n                        <p class=\"page-card_cta\"><a href=\"https:\/\/ils.simonemontanari.com\/es\/vacaciones\/campamento-juvenil\/\">Descubre m\u00e1s<span class=\"icon\"><svg xmlns=\"http:\/\/www.w3.org\/2000\/svg\" aria-hidden=\"true\" focusable=\"false\" role=\"img\" viewBox=\"0 0 448 512\"><path fill=\"currentColor\" d=\"M443.7 266.8l-165.9 176C274.5 446.3 269.1 448 265.5 448c-3.986 0-7.988-1.375-11.16-4.156c-6.773-5.938-7.275-16.06-1.118-22.59L393.9 272H16.59c-9.171 0-16.59-7.155-16.59-15.1S7.421 240 16.59 240h377.3l-140.7-149.3c-6.157-6.531-5.655-16.66 1.118-22.59c6.789-5.906 17.27-5.469 23.45 1.094l165.9 176C449.4 251.3 449.4 260.7 443.7 266.8z\"\/><\/svg><\/span><\/a><\/p>\n                    <\/div>\n        \n","protected":false},"excerpt":{"rendered":"<p>Los Tours se pueden incluir dentro de los programas de Vacaciones de Aprendizaje o tambi\u00e9n pueden adquirirse por separado. Igualmente, los estudiantes pueden unirse a estas actividades as\u00ed como invitar a otros amigos si lo desean, tanto de dentro como de fuera de la escuela. Durante los tours, principalmente se habla en italiano, pero por [&hellip;]<\/p>\n","protected":false},"author":1788,"featured_media":2206,"parent":17,"menu_order":0,"comment_status":"closed","ping_status":"closed","template":"","meta":{"_acf_changed":false,"footnotes":""},"class_list":["post-27","page","type-page","status-publish","has-post-thumbnail","hentry"],"acf":[],"_links":{"self":[{"href":"https:\/\/ils.simonemontanari.com\/es\/wp-json\/wp\/v2\/pages\/27","targetHints":{"allow":["GET"]}}],"collection":[{"href":"https:\/\/ils.simonemontanari.com\/es\/wp-json\/wp\/v2\/pages"}],"about":[{"href":"https:\/\/ils.simonemontanari.com\/es\/wp-json\/wp\/v2\/types\/page"}],"author":[{"embeddable":true,"href":"https:\/\/ils.simonemontanari.com\/es\/wp-json\/wp\/v2\/users\/1788"}],"replies":[{"embeddable":true,"href":"https:\/\/ils.simonemontanari.com\/es\/wp-json\/wp\/v2\/comments?post=27"}],"version-history":[{"count":0,"href":"https:\/\/ils.simonemontanari.com\/es\/wp-json\/wp\/v2\/pages\/27\/revisions"}],"up":[{"embeddable":true,"href":"https:\/\/ils.simonemontanari.com\/es\/wp-json\/wp\/v2\/pages\/17"}],"wp:featuredmedia":[{"embeddable":true,"href":"https:\/\/ils.simonemontanari.com\/es\/wp-json\/wp\/v2\/media\/2206"}],"wp:attachment":[{"href":"https:\/\/ils.simonemontanari.com\/es\/wp-json\/wp\/v2\/media?parent=27"}],"curies":[{"name":"wp","href":"https:\/\/api.w.org\/{rel}","templated":true}]}}