{"id":2995,"date":"2020-10-27T15:52:19","date_gmt":"2020-10-27T14:52:19","guid":{"rendered":"https:\/\/ils.simonemontanari.com\/es\/?page_id=2995"},"modified":"2024-10-18T10:07:31","modified_gmt":"2024-10-18T08:07:31","slug":"celi","status":"publish","type":"page","link":"https:\/\/ils.simonemontanari.com\/es\/examenes-de-italiano\/celi\/","title":{"rendered":"CELI Examen (Universidad de Perugia)"},"content":{"rendered":"<h2>El resumen de la certificaci\u00f3n CELI<\/h2>\n<p>CELI es un t\u00edtulo oficial que declara el grado de competencia comunicativa en italiano como lengua extranjera.<\/p>\n<p><a href=\"https:\/\/ils.simonemontanari.com\/es\/examenes-de-italiano\/b1-ciudadania\/\">Para obtener un permiso de residencia<\/a>, es necesario tomar el examen CELI 1.<\/p>\n<p><strong>CELI nivel 2<\/strong> se requiere para obtener <strong>Universidad de la ciudadan\u00eda italiana<\/strong> en Italia.<\/p>\n<p>El Ministerio de Educaci\u00f3n, Universidad e Investigaci\u00f3n (MIUR) reconoce <strong>CELI 3<\/strong> como prueba de competencia en el idioma italiano y tiene validez <a href=\"https:\/\/ils.simonemontanari.com\/es\/examenes-de-italiano\/b2-admision-universidad\/\">para la inscripci\u00f3n en una universidad italiana en Italia.<\/a><\/p>\n<p><strong>CELI 4<\/strong> <strong>y<\/strong> <strong>CELI 5<\/strong> son t\u00edtulos v\u00e1lidos para certificar el dominio de la lengua italiana en igualdad de condiciones que los italianos nativos.<\/p>\n<h2>\u00bfCu\u00e1les son los niveles CELI?<\/h2>\n<p>CELI se divide en 6 niveles de competencia basados en el modelo del <a href=\"https:\/\/ils.simonemontanari.com\/es\/blog\/niveles-mcer\/\">Marco Com\u00fan Europeo de Referencia para las Lenguas (MCER).<\/a> Son reconocidos por el Ministerio de Relaciones Exteriores. Cada nivel atestigua una capacidad comunicativa espec\u00edfica que puede aplicarse a diferentes situaciones y contextos.<\/p>\n<p>La certificaci\u00f3n CELI es para aquellos que estudian italiano y simplemente quieren medir su competencia, para aquellos que quieren entrar en el mundo del trabajo, para los estudiantes no europeos que quieren inscribirse en un curso universitario en Italia, y para los migrantes que desean solicitar un permiso de residencia de larga duraci\u00f3n.<\/p>\n<h4>CELI Impatto<\/h4>\n<p><strong>CELI Impatto<\/strong>\u00a0(CELI Impacto) es el nivel m\u00e1s bajo entre los seis certificados CELI. Es comparable al nivel A1 del MCER.<\/p>\n<p>El examen se divide en tres partes:<\/p>\n<ul>\n<li>Comprensi\u00f3n lectora 25%;<\/li>\n<li>Producci\u00f3n escrita e interacci\u00f3n 25%;<\/li>\n<li>Comprensi\u00f3n auditiva y producci\u00f3n; Interacci\u00f3n oral 50%.<\/li>\n<\/ul>\n<p>La duraci\u00f3n del examen CELI Impatto es de 1 hora y 15 minutos para la parte de lectura y escritura y de 5 a 6 minutos para la parte oral.<\/p>\n<p><strong>\u00bb<\/strong>\u00a0Compruebe su nivel de italiano, tome nuestro <a href=\"https:\/\/ils.simonemontanari.com\/es\/test-de-italiano\/nivel-a1\/\">test de italiano A1<\/a>.<\/p>\n<h4>CELI 1<\/h4>\n<p><strong>CELI 1<\/strong>\u00a0(Nivel A2 del MCER) da testimonio de un nivel elemental de comprensi\u00f3n de la lengua italiana y la posibilidad de elaborar oraciones simples, pero no un discurso completo.<\/p>\n<p>El examen consta de cuatro partes:<\/p>\n<ul>\n<li>Comprensi\u00f3n de textos escritos 25%;<\/li>\n<li>Producci\u00f3n de textos escritos 15%;<\/li>\n<li>Comprensi\u00f3n de textos orales 30%;<\/li>\n<li>Producci\u00f3n oral 15%.<\/li>\n<\/ul>\n<p>La duraci\u00f3n del examen CELI 1 es: 2 horas para la parte escrita, 20 minutos para la comprensi\u00f3n de textos orales y 10 minutos para la producci\u00f3n oral.<\/p>\n<p><strong>\u00bb<\/strong>\u00a0 Compruebe su nivel de italiano, tome nuestro <a href=\"https:\/\/ils.simonemontanari.com\/es\/test-de-italiano\/nivel-a2\/\">test de italiano A2<\/a>.<\/p>\n<h4>CELI 2<\/h4>\n<p><strong>CELI 2<\/strong>\u00a0(Nivel B1 del MCER) se refiere a un nivel intermedio que es v\u00e1lido para la ciudadan\u00eda.<\/p>\n<p>El examen se divide de la siguiente manera:<\/p>\n<ul>\n<li>Comprensi\u00f3n de textos escritos 25%;<\/li>\n<li>Producci\u00f3n de textos escritos 25%;<\/li>\n<li>Comprensi\u00f3n de textos orales 25%;<\/li>\n<li>Producci\u00f3n oral 25%.<\/li>\n<\/ul>\n<p>El examen CELI 2 dura 2 horas para la parte escrita, 20 minutos para la comprensi\u00f3n de textos orales y 15 minutos para la producci\u00f3n oral.<\/p>\n<p><strong>\u00bb<\/strong>\u00a0Compruebe su nivel de italiano, tome nuestro <a href=\"https:\/\/ils.simonemontanari.com\/es\/test-de-italiano\/nivel-b1\/\">test de italiano B1<\/a>.<\/p>\n<h4>CELI 3<\/h4>\n<p><strong>CELI 3<\/strong>\u00a0(Nivel B2 del MCER) tambi\u00e9n se llama un nivel intermedio superior y es v\u00e1lido para la admisi\u00f3n a la universidad italiana en Italia.<\/p>\n<p>En este caso, el examen se divide en cinco partes:<\/p>\n<ul>\n<li>Comprensi\u00f3n de textos escritos 20%;<\/li>\n<li>Producci\u00f3n de textos escritos 20%;<\/li>\n<li>Competencia ling\u00fc\u00edstica 10%;<\/li>\n<li>Comprensi\u00f3n de textos orales 20%;<\/li>\n<li>Producci\u00f3n oral 30%.<\/li>\n<\/ul>\n<p><strong>CELI 3<\/strong>\u00a0examen dura m\u00e1s de 3 horas, con 2 horas y 15 minutos para la parte escrita, 1 hora y 10 minutos para la competencia ling\u00fc\u00edstica y la comprensi\u00f3n de los textos orales, luego, finalmente, 15 minutos para la producci\u00f3n oral.<\/p>\n<p><strong>\u00bb<\/strong>\u00a0Compruebe su nivel de italiano, tome nuestro <a href=\"https:\/\/ils.simonemontanari.com\/es\/test-de-italiano\/nivel-b2\/\">test de italiano B2<\/a>.<\/p>\n<h4>CELI 4<\/h4>\n<p><strong>CELI 4<\/strong>\u00a0(Nivel C1 del MCER) es el primero de los dos niveles avanzados e indica la capacidad de entender y producir oraciones largas y complejas.<\/p>\n<p>De nuevo, el examen se divide en cinco partes:<\/p>\n<ul>\n<li>Comprensi\u00f3n de textos escritos 20%;<\/li>\n<li>Producci\u00f3n de textos escritos 30%;<\/li>\n<li>Competencia ling\u00fc\u00edstica 10%;<\/li>\n<li>Comprensi\u00f3n de textos orales 15%;<\/li>\n<li>Producci\u00f3n oral 25%.<\/li>\n<\/ul>\n<p>La duraci\u00f3n del examen <strong>CELI 4<\/strong> es de 2 horas y 45 minutos para la parte escrita, 1 hora y 40 minutos para la competencia ling\u00fc\u00edstica y la comprensi\u00f3n de los textos orales, y 20 minutos para la producci\u00f3n oral.<\/p>\n<p><strong>\u00bb<\/strong>\u00a0Compruebe su nivel de italiano, tome nuestro\u00a0<a href=\"https:\/\/ils.simonemontanari.com\/es\/test-de-italiano\/nivel-c1\/\">test de italiano C1<\/a>.<\/p>\n<h4>CELI 5<\/h4>\n<p><strong>CELI 5<\/strong>\u00a0(Nivel C2 del MCER) es el nivel m\u00e1s alto alcanzable e indica habilidades ling\u00fc\u00edsticas comparables, o casi, a las de un hablante nativo.<\/p>\n<p>El examen se divide en estas partes:<\/p>\n<ul>\n<li>Comprensi\u00f3n de textos escritos 20%;<\/li>\n<li>Producci\u00f3n de textos escritos 30%;<\/li>\n<li>Competencia ling\u00fc\u00edstica 10%;<\/li>\n<li>Comprensi\u00f3n de textos orales 15%;<\/li>\n<li>Producci\u00f3n oral 25%.<\/li>\n<\/ul>\n<p>La duraci\u00f3n del examen <strong>CELI 5<\/strong> es de casi cinco horas: 2 horas y 45 minutos para la parte escrita, 1 hora y 40 minutos para la competencia ling\u00fc\u00edstica y la comprensi\u00f3n de los textos orales, y 20 minutos para la producci\u00f3n oral.<\/p>\n<h3>Los resultados<\/h3>\n<p>Para realizar el examen CELI, deben cumplirse plazos estrictos y largos tiempos de espera. La correcci\u00f3n de los ex\u00e1menes tarda hasta 3 meses y el env\u00edo del certificado puede tardar hasta 4 meses.<\/p>\n<p>Los ex\u00e1menes CELI se consideran \u00abaprobados\u00bb solo si se ha alcanzado la puntuaci\u00f3n m\u00ednima requerida en ambas partes (oral y escrita).<\/p>\n<p>Cuando una de las dos partes es insuficiente, el resultado parcial obtenido puede aplicarse durante un a\u00f1o (el 70% de la cuota total debe pagarse en la segunda sesi\u00f3n de examen).<\/p>\n<p><strong>Para CELI Impatto y CELI 1<\/strong>\u00a0niveles, hay dos resultados posibles (positivos o negativos).<\/p>\n<p><strong>Para cada otro nivel <\/strong>hay cualificaciones:<\/p>\n<p><strong>Positivas:<\/strong><\/p>\n<p>A: excelente<br \/>\nB: bien;<br \/>\nC: suficente.<\/p>\n<p><strong>Negatives<\/strong>:<\/p>\n<p>D: insuficiente;<br \/>\nE: claramente insuficiente.<\/p>\n<p><strong>NOTE<\/strong>: CELI certificados no caducan.<\/p>\n<h2>Los costos, fechas y centros CELI<\/h2>\n<p>Las inscripciones deben realizarse al menos un mes antes del inicio del examen. Las sesiones de examen CELI para italiano general, programadas a lo largo del a\u00f1o, son las siguientes:<\/p>\n<ul>\n<li>sesi\u00f3n de primavera en marzo para los primeros 4 niveles (A1-B2)<\/li>\n<li>sesi\u00f3n de verano en junio para los 6 niveles (A1-C2)<\/li>\n<li>sesi\u00f3n de oto\u00f1o en noviembre para los 6 niveles (A1-C2)<\/li>\n<\/ul>\n<p>Las fechas exactas de las sesiones de examen son establecidas y publicadas por el CVCL en el sitio web de la Universidad\u00a0<a href=\"https:\/\/www.unistrapg.it\/it\/certificati-di-conoscenza-della-lingua-italiana\/calendario-esami-celi-e-dils-pg\">unistrapg.it<\/a><\/p>\n<p>El examen CELI puede realizarse en <a href=\"https:\/\/www.unistrapg.it\/it\/certificati-di-conoscenza-della-lingua-italiana\/centri-d-esame-celi\">el centro de examinaci\u00f3n m\u00e1s cercano a usted<\/a>, o en Florencia, en <a href=\"https:\/\/ils.simonemontanari.com\/es\/cursos\/cils-celi-en-florencia\/\">nuestra escuela<\/a>.<\/p>\n<p>Aqu\u00ed, en Europass, cuesta 120\u20ac.<\/p>\n<h2>La preparaci\u00f3n para el examen CELI<\/h2>\n<p>Para aprobar los ex\u00e1menes CELI no es necesario haber seguido un curso espec\u00edfico, con contenido espec\u00edfico o un m\u00e9todo espec\u00edfico, pero es importante estar bien preparado con respecto al nivel que quieres alcanzar tanto por escrito como hablando.<\/p>\n<p>Dado que es necesario hacer bien en ambas partes para pasar el examen, formaci\u00f3n (o simplemente una revisi\u00f3n) puede ser necesario, centr\u00e1ndose m\u00e1s en algunos aspectos que otros.<\/p>\n<p>Por esta raz\u00f3n, ofrecemos una <a href=\"https:\/\/ils.simonemontanari.com\/es\/encuentro-gratuito\/\">consulta gratuita en l\u00ednea de 15 minutos<\/a> donde uno de nuestros instructores puede ayudarle a elegir el camino de aprendizaje que mejor se adapte a sus necesidades en la preparaci\u00f3n para el examen CELI.<\/p>\n<ul>\n<li><a href=\"https:\/\/ils.simonemontanari.com\/es\/cursos\/grupales-online\/\">Cursos de italiano en l\u00ednea para grupos<\/a><br \/>\n\u00danete a 2 clases en vivo de 100 minutos cada semana con estudiantes de tu nivel.<\/li>\n<li><a href=\"https:\/\/ils.simonemontanari.com\/es\/cursos\/particulares-online\/\">Clases individuales de italiano en l\u00ednea<\/a><br \/>\nDeje que nuestros entrenadores experimentados le gu\u00eden en la preparaci\u00f3n de su examen CELI.<\/li>\n<li><a href=\"https:\/\/ils.simonemontanari.com\/es\/cursos\/estandar-florencia\/\">Cursos de italiano est\u00e1ndar en Florencia<\/a><br \/>\nAsiste a 4 clases de italiano cada d\u00eda con un peque\u00f1o grupo de compa\u00f1eros de clase.<\/li>\n<li><a href=\"https:\/\/ils.simonemontanari.com\/es\/cursos\/particulares-florencia\/\">Cursos privados de italiano en Florencia<\/a><br \/>\nPrepara tu examen CELI con el apoyo de entrenadores experimentados.<\/li>\n<\/ul>\n<p>Durante la preparaci\u00f3n para el examen CELI, las sesiones de examen tambi\u00e9n se pueden simular, utilizando <a href=\"https:\/\/www.unistrapg.it\/node\/3278\">ex\u00e1menes anteriores del CELI.<\/a><\/p>\n<p>Esto le ayudar\u00e1 a acostumbrarse a lo que puede esperar en el examen, la secuencia y el tiempo necesario para tener \u00e9xito. Adem\u00e1s, puede comprobar f\u00e1cilmente su puntuaci\u00f3n obtenida.<\/p>\n","protected":false},"excerpt":{"rendered":"<p>El resumen de la certificaci\u00f3n CELI CELI es un t\u00edtulo oficial que declara el grado de competencia comunicativa en italiano como lengua extranjera. Para obtener un permiso de residencia, es necesario tomar el examen CELI 1. CELI nivel 2 se requiere para obtener Universidad de la ciudadan\u00eda italiana en Italia. El Ministerio de Educaci\u00f3n, Universidad [&hellip;]<\/p>\n","protected":false},"author":1788,"featured_media":8156,"parent":3005,"menu_order":0,"comment_status":"closed","ping_status":"closed","template":"course.php","meta":{"_acf_changed":false,"footnotes":""},"class_list":["post-2995","page","type-page","status-publish","has-post-thumbnail","hentry"],"acf":[],"_links":{"self":[{"href":"https:\/\/ils.simonemontanari.com\/es\/wp-json\/wp\/v2\/pages\/2995","targetHints":{"allow":["GET"]}}],"collection":[{"href":"https:\/\/ils.simonemontanari.com\/es\/wp-json\/wp\/v2\/pages"}],"about":[{"href":"https:\/\/ils.simonemontanari.com\/es\/wp-json\/wp\/v2\/types\/page"}],"author":[{"embeddable":true,"href":"https:\/\/ils.simonemontanari.com\/es\/wp-json\/wp\/v2\/users\/1788"}],"replies":[{"embeddable":true,"href":"https:\/\/ils.simonemontanari.com\/es\/wp-json\/wp\/v2\/comments?post=2995"}],"version-history":[{"count":0,"href":"https:\/\/ils.simonemontanari.com\/es\/wp-json\/wp\/v2\/pages\/2995\/revisions"}],"up":[{"embeddable":true,"href":"https:\/\/ils.simonemontanari.com\/es\/wp-json\/wp\/v2\/pages\/3005"}],"wp:featuredmedia":[{"embeddable":true,"href":"https:\/\/ils.simonemontanari.com\/es\/wp-json\/wp\/v2\/media\/8156"}],"wp:attachment":[{"href":"https:\/\/ils.simonemontanari.com\/es\/wp-json\/wp\/v2\/media?parent=2995"}],"curies":[{"name":"wp","href":"https:\/\/api.w.org\/{rel}","templated":true}]}}