{"id":30,"date":"2017-12-05T16:22:16","date_gmt":"2017-12-05T16:22:16","guid":{"rendered":"https:\/\/ils.simonemontanari.com\/es\/learn-italian\/video-to-learn-italian\/"},"modified":"2024-08-23T12:37:40","modified_gmt":"2024-08-23T10:37:40","slug":"videos","status":"publish","type":"page","link":"https:\/\/ils.simonemontanari.com\/es\/aprender-italiano\/videos\/","title":{"rendered":"Los Mejores V\u00eddeos para Aprender Italiano"},"content":{"rendered":"<p>Hemos recogido una gran variedad de v\u00eddeos: algunos sobre la <strong>gram\u00e1tica italiana b\u00e1sica<\/strong>, otros centrados en el <strong>vocabulario y en las expresiones idiom\u00e1ticas italianas<\/strong> importantes y otros sobre la <strong>cultura o las ciudades italianas. <\/strong>Todos ellos cuentan con un hablante nativo italiano.<\/p>\n<p>En Europass, hemos realizado una b\u00fasqueda en Internet y hemos encontrado algunos de <strong>los mejores v\u00eddeos para aprender italiano<\/strong>. \u00a1Esperamos que te ayuden a mejorar tu italiano!<\/p>\n<h2>A1\/A2 \u2013 Principiantes<\/h2>\n<h3>Las 25 frases italianas imprescindibles<\/h3>\n<p><iframe loading=\"lazy\" src=\"https:\/\/www.youtube.com\/embed\/Cd2Qvxl5U8M\" width=\"420\" height=\"315\"><br \/>\n<\/iframe><\/p>\n<p>Este v\u00eddeo es muy \u00fatil para principiantes que quieren adquirir una m\u00ednima base del idioma o para aquellos que simplemente viajan por Italia y <strong>desean comunicarse m\u00ednimamente con las personas locales<\/strong>. Ense\u00f1a 25 frases importantes entre las que se incluyen c\u00f3mo presentarse, c\u00f3mo <strong>preguntar direcciones<\/strong> o c\u00f3mo pedir la cuenta en un restaurantes. El v\u00eddeo est\u00e1 presentado por un locutor nativo que <strong>habla muy despacio y que repite varias veces las frases<\/strong>. De esta manera, es mucho m\u00e1s sencillo aprender vocabulario y su correcta pronunciaci\u00f3n. Aunque no se ense\u00f1a nada relacionado con la gram\u00e1tica, puede ser un buen m\u00e9todo para comenzar.<\/p>\n<h3>125 palabras italianas para principiantes<\/h3>\n<p><iframe loading=\"lazy\" src=\"https:\/\/www.youtube.com\/embed\/PKN9XPGWlPM\" width=\"420\" height=\"315\"><br \/>\n<\/iframe><\/p>\n<p>Este es otro video para principiantes, en el que se tratan diferentes temas y sus respectivas palabras: 125 palabras para ser exacto, sobre <strong>frutas, profesiones o ropa<\/strong>. En este v\u00eddeo, se habla muy lentamente y <strong>cada palabra es introducida por una oraci\u00f3n, para que sea m\u00e1s f\u00e1cil de entender y memorizar<\/strong>. La mayor parte del v\u00eddeo est\u00e1 en ingl\u00e9s, lo que lo hace perfecto para los principiantes. Por otro lado, no es recomendable para aquellos que tienen un nivel m\u00e1s avanzado, ya que la lentitud y la simplicidad del vocabulario pueden resultar aburridas.<\/p>\n<h3>El presente de los verbos regulares<\/h3>\n<p><iframe loading=\"lazy\" src=\"https:\/\/www.youtube.com\/embed\/ftLHI66sey8\" width=\"420\" height=\"315\"><br \/>\n<\/iframe><br \/>\nEste v\u00eddeo es muy adecuado para principiantes que desean empezar con la <strong>gram\u00e1tica italiana,<\/strong> ya que ense\u00f1a la <strong>conjugaci\u00f3n del presente de indicativo de los verbos regulares<\/strong>. En el v\u00eddeo se habla lentamente y, adem\u00e1s, es muy f\u00e1cil de entender. Es por esto \u00faltimo, que puede resultar aburrido para aquellos estudiantes que ya se hayan formado previamente.<\/p>\n<h3>La pronunciaci\u00f3n del Italiano<\/h3>\n<p><iframe loading=\"lazy\" title=\"YouTube video player\" src=\"https:\/\/www.youtube.com\/embed\/Ig4tBGwKy8M\" width=\"420\" height=\"315\" frameborder=\"0\" allowfullscreen=\"allowfullscreen\"><span data-mce-type=\"bookmark\" style=\"display: inline-block; width: 0px; overflow: hidden; line-height: 0;\" class=\"mce_SELRES_start\">\ufeff<\/span><\/iframe><\/p>\n<p>La pronunciaci\u00f3n del italiano es, sin duda, una de las partes m\u00e1s dif\u00edciles y m\u00e1s importantes. El v\u00eddeo est\u00e1 presentado por un <strong>locutor nativo<\/strong> que explica c\u00f3mo se debe pronunciar la <strong>combinaci\u00f3n de sonidos y letras<\/strong>. Su duraci\u00f3n es un poco extensa porque explica claramente los diferentes sonidos a trav\u00e9s de <strong>muchos ejemplos<\/strong>.<\/p>\n<p>Es un gran medio para cualquiera que desee entender la pronunciaci\u00f3n italiana.<\/p>\n<h2>B1\/B2 \u2013 Intermedio<\/h2>\n<h3>125 palabras \u2013 Nivel intermedio<\/h3>\n<p><iframe loading=\"lazy\" src=\"https:\/\/www.youtube.com\/embed\/gUL64kXjS4s\" width=\"420\" height=\"315\"><br \/>\n<\/iframe><br \/>\nEste v\u00eddeo ofrece algunas lecciones breves e interesantes sobre vocabulario italiano de <strong>tem\u00e1tica espec\u00edfica<\/strong>. Es un v\u00eddeo que puede resultar muy \u00fatil, ya que las palabras no solo aparecen de manera independiente sino que tambi\u00e9n aparecen en una oraci\u00f3n, cosa que permite <strong>aprender a usarlas en un contexto espec\u00edfico.\u00a0<\/strong><\/p>\n<h3>La comprenci\u00f3n auditiva<\/h3>\n<p><iframe loading=\"lazy\" src=\"https:\/\/www.youtube.com\/embed\/YNTXQcaOqYI\" width=\"420\" height=\"315\"><br \/>\n<\/iframe><br \/>\nEste v\u00eddeo es una <strong>v\u00eddeo-lecci\u00f3n que se divide en cuatro fases<\/strong> y que permite evaluar el nivel de comprensi\u00f3n oral. La primera fase incluye la <strong>observaci\u00f3n de algunas\u00a0<\/strong><b>im\u00e1genes,<\/b>\u00a0durante la segunda fase <strong>se escuchan preguntas,<\/strong>\u00a0en la tercera, <strong>se escuchan algunos di\u00e1logos<\/strong> y, en la cuarta y \u00faltima fase <strong>se contesta a las preguntas<\/strong> para comprobar el nivel de comprensi\u00f3n auditiva. Todas las soluciones se pueden encontrar en el v\u00eddeo, pero recomendamos verlas una vez que se hayan completado todos los ejercicios.<\/p>\n<h3>Dictado en italiano<\/h3>\n<p><iframe loading=\"lazy\" src=\"https:\/\/www.youtube.com\/embed\/xz13QP1X1Oc\" width=\"420\" height=\"315\"><br \/>\n<\/iframe><\/p>\n<p>Este v\u00eddeo es muy \u00fatil para <strong>practicar la escritura<\/strong>. El v\u00eddeo se compone de un ejercicio de dictado: el profesor empieza leyendo a una velocidad normal y luego repite las oraciones dictando m\u00e1s lentamente. De esta manera, la comprensi\u00f3n resulta m\u00e1s sencilla. Al final del ejercicio, aparece un gui\u00f3n redactado que permite <strong>comprobar y corregir el dictado<\/strong>.<\/p>\n<h3>Presente perfecto<\/h3>\n<p><iframe loading=\"lazy\" src=\"https:\/\/www.youtube.com\/embed\/4bIDlu8vHwE\" width=\"420\" height=\"315\"><br \/>\n<\/iframe><\/p>\n<p>Este v\u00eddeo ofrece una lecci\u00f3n clara sobre <strong>todo lo que necesitas saber sobre el Presente Perfecto<\/strong>. Despu\u00e9s de una peque\u00f1a introducci\u00f3n del tiempo pasado, se dan algunas explicaciones b\u00e1sicas sobre la formaci\u00f3n del participio pasado regular y sobre la <strong>conjugaci\u00f3n<\/strong> de los verbos en tiempo pasado. Para comprobar la comprensi\u00f3n, <strong>hay una serie de ejercicios<\/strong>.<\/p>\n<h2>C1\/C2 \u2013 Avanzado<\/h2>\n<h3>Subjuntivo presente<\/h3>\n<p><iframe loading=\"lazy\" src=\"https:\/\/www.youtube.com\/embed\/tCJFh2h7ikI\" width=\"420\" height=\"315\"><br \/>\n<\/iframe><br \/>\nEste v\u00eddeo de 9 minutos sobre el uso del subjuntivo italiano es muy \u00fatil para comprender c\u00f3mo y cu\u00e1ndo usar esta forma verbal. El v\u00eddeo se ayuda de <strong>la comparaci\u00f3n con el ingl\u00e9s.\u00a0<\/strong><\/p>\n<h3>Las diez palabras m\u00e1s dif\u00edciles de pronunciar<\/h3>\n<p><iframe loading=\"lazy\" src=\"https:\/\/www.youtube.com\/embed\/3XR2iYBiDsc\" width=\"420\" height=\"315\"><br \/>\n<\/iframe><br \/>\n\u00bfHay alguna palabra italiana que te gustar\u00eda usar pero te resulta casi impronunciable? Este v\u00eddeo presenta las <strong>diez palabras m\u00e1s dif\u00edciles de pronunciar<\/strong>, pero que al mismo tiempo son muy utilizadas en el lenguaje cotidiano.<\/p>\n<h3>El per\u00edodo hipot\u00e9tico en italiano<\/h3>\n<p><iframe loading=\"lazy\" title=\"YouTube video player\" src=\"https:\/\/www.youtube.com\/embed\/pqeqCpYaw4U\" width=\"420\" height=\"315\" frameborder=\"0\" allowfullscreen=\"allowfullscreen\"><span data-mce-type=\"bookmark\" style=\"display: inline-block; width: 0px; overflow: hidden; line-height: 0;\" class=\"mce_SELRES_start\">\ufeff<\/span><\/iframe><br \/>\nEl per\u00edodo hipot\u00e9tico (\u00abif clauses\u00bb en ingl\u00e9s) es probablemente <strong>uno de los aspectos m\u00e1s importantes del italiano<\/strong>, pero al mismo tiempo tambi\u00e9n es uno de los m\u00e1s dif\u00edciles. \u00a1Incluso algunos italianos lo usan de manera incorrecta! Este v\u00eddeo corto explica c\u00f3mo <strong>se forman los distintos per\u00edodos hipot\u00e9ticos<\/strong>: de realidad, posibilidad e imposibilidad.<\/p>\n<h3>Diez expresiones italianas divertidas<\/h3>\n<p><iframe loading=\"lazy\" src=\"https:\/\/www.youtube.com\/embed\/rjeqeQQGkac\" width=\"420\" height=\"315\"><br \/>\n<\/iframe><br \/>\n\u00a1Aprender las expresiones idiom\u00e1ticas del italiano puede resultar muy divertido y \u00fatil para sorprender a tus amigos italianos! En este v\u00eddeo, podr\u00e1s aprender los diez modismos m\u00e1s utilizados, la <strong>traducci\u00f3n literal de su significado<\/strong> y su equivalente en ingl\u00e9s.<\/p>\n<h2>Canal de YouTube Europass<\/h2>\n<p><a href=\"https:\/\/www.youtube.com\/@EuropassItalian\" target=\"_blank\" rel=\"noopener noreferrer\">Nuestro canal<\/a> nace con la motivaci\u00f3n de ayudar a descubrir la cultura y la lengua italianas. Aqu\u00ed encontrar\u00e1s tanto <a href=\"https:\/\/youtube.com\/playlist?list=PLZcONnHnf_Iik_53Sswifdl8e1Cm6TtvU&amp;feature=shared\" target=\"_blank\" rel=\"noopener\">breves explicaciones de gram\u00e1tica<\/a>, <a href=\"https:\/\/youtube.com\/playlist?list=PLZcONnHnf_Ij9DDwUCTPwrW5vS4Pfv7mj&amp;feature=shared\" target=\"_blank\" rel=\"noopener\">pronunciaci\u00f3n y vocabulario<\/a> como <strong>clases gratuitas de gram\u00e1tica italiana<\/strong>.<\/p>\n<p><iframe loading=\"lazy\" title=\"YouTube video player\" src=\"https:\/\/www.youtube.com\/embed\/videoseries?si=tSCWrB2VV-1waoz_&amp;list=PLZcONnHnf_Ii-TpMNf7d1UP6wF5N_os7n\" width=\"560\" height=\"315\" frameborder=\"0\" allowfullscreen=\"allowfullscreen\"><\/iframe><\/p>\n","protected":false},"excerpt":{"rendered":"<p>Hemos recogido una gran variedad de v\u00eddeos: algunos sobre la gram\u00e1tica italiana b\u00e1sica, otros centrados en el vocabulario y en las expresiones idiom\u00e1ticas italianas importantes y otros sobre la cultura o las ciudades italianas. Todos ellos cuentan con un hablante nativo italiano. En Europass, hemos realizado una b\u00fasqueda en Internet y hemos encontrado algunos de [&hellip;]<\/p>\n","protected":false},"author":1788,"featured_media":31,"parent":29,"menu_order":0,"comment_status":"closed","ping_status":"closed","template":"","meta":{"_acf_changed":false,"footnotes":""},"class_list":["post-30","page","type-page","status-publish","has-post-thumbnail","hentry"],"acf":[],"_links":{"self":[{"href":"https:\/\/ils.simonemontanari.com\/es\/wp-json\/wp\/v2\/pages\/30","targetHints":{"allow":["GET"]}}],"collection":[{"href":"https:\/\/ils.simonemontanari.com\/es\/wp-json\/wp\/v2\/pages"}],"about":[{"href":"https:\/\/ils.simonemontanari.com\/es\/wp-json\/wp\/v2\/types\/page"}],"author":[{"embeddable":true,"href":"https:\/\/ils.simonemontanari.com\/es\/wp-json\/wp\/v2\/users\/1788"}],"replies":[{"embeddable":true,"href":"https:\/\/ils.simonemontanari.com\/es\/wp-json\/wp\/v2\/comments?post=30"}],"version-history":[{"count":0,"href":"https:\/\/ils.simonemontanari.com\/es\/wp-json\/wp\/v2\/pages\/30\/revisions"}],"up":[{"embeddable":true,"href":"https:\/\/ils.simonemontanari.com\/es\/wp-json\/wp\/v2\/pages\/29"}],"wp:featuredmedia":[{"embeddable":true,"href":"https:\/\/ils.simonemontanari.com\/es\/wp-json\/wp\/v2\/media\/31"}],"wp:attachment":[{"href":"https:\/\/ils.simonemontanari.com\/es\/wp-json\/wp\/v2\/media?parent=30"}],"curies":[{"name":"wp","href":"https:\/\/api.w.org\/{rel}","templated":true}]}}