{"id":3005,"date":"2020-10-27T15:25:53","date_gmt":"2020-10-27T14:25:53","guid":{"rendered":"https:\/\/ils.simonemontanari.com\/es\/?page_id=3005"},"modified":"2024-10-01T08:39:24","modified_gmt":"2024-10-01T06:39:24","slug":"examenes-de-italiano","status":"publish","type":"page","link":"https:\/\/ils.simonemontanari.com\/es\/examenes-de-italiano\/","title":{"rendered":"Centro de Ex\u00e1menes &#8211; Idioma Italiano"},"content":{"rendered":"<div class=\"row has-columns three-columns \">\n<div class=\"column\">\n<p>Descubre los <strong>ex\u00e1menes de italiano para extranjeros<\/strong> m\u00e1s populares y las certificaciones oficiales: <a href=\"https:\/\/ils.simonemontanari.com\/es\/examenes-de-italiano\/curso-preparacion-cils\/\">CILS<\/a> (elegido por 8 de cada 10 estudiantes), <a href=\"https:\/\/ils.simonemontanari.com\/es\/examenes-de-italiano\/curso-preparacion-celi\/\">CELI<\/a> y <a href=\"https:\/\/ils.simonemontanari.com\/es\/aprender-italiano\/certificados-oficiales\/\">otros<\/a>.<\/p>\n<p>Para m\u00e1s informaci\u00f3n sobre los niveles m\u00e1s populares: <a href=\"https:\/\/ils.simonemontanari.com\/es\/examenes-de-italiano\/b1-ciudadania\/\">Examen B1 de Italiano para la Ciudadan\u00eda<\/a> y <a href=\"https:\/\/ils.simonemontanari.com\/es\/examenes-de-italiano\/b2-admision-universidad\/\">Examen de Lengua Italiana B2 para la Admisi\u00f3n Universitaria<\/a>.<\/p>\n<\/div>\n<div class=\"column\">\n        <div class=\"page-card b1-ciudadania is-style-default\">\n                            <figure class=\"page-card_image\">\n                    <a href=\"https:\/\/ils.simonemontanari.com\/es\/examenes-de-italiano\/b1-ciudadania\/\" title=\"Examen B1 de Italiano para Obtener la Ciudadan\u00eda Italiana\">\n                        <img loading=\"lazy\" decoding=\"async\" width=\"1000\" height=\"707\" src=\"https:\/\/ils.simonemontanari.com\/es\/wp-content\/uploads\/sites\/3\/2024\/10\/B1-ES.png\" class=\"attachment-full size-full wp-post-image\" alt=\"\" srcset=\"https:\/\/ils.simonemontanari.com\/es\/wp-content\/uploads\/sites\/3\/2024\/10\/B1-ES.png 1000w, https:\/\/ils.simonemontanari.com\/es\/wp-content\/uploads\/sites\/3\/2024\/10\/B1-ES-752x532.png 752w, https:\/\/ils.simonemontanari.com\/es\/wp-content\/uploads\/sites\/3\/2024\/10\/B1-ES-768x543.png 768w\" sizes=\"auto, (max-width: 1000px) 100vw, 1000px\" \/>                    <\/a>\n                <\/figure>\n            <h3 class=\"page-card_title\"><a href=\"https:\/\/ils.simonemontanari.com\/es\/examenes-de-italiano\/b1-ciudadania\/\" title=\"Examen B1 de Italiano para Obtener la Ciudadan\u00eda Italiana\">Gu\u00eda de Examen B1 para la Ciudadan\u00eda Italiana<\/a><\/h3>            <p class=\"page-card_text\">Los niveles CELI 2 y CILS B1 Ciudadan\u00eda son requeridos para obtener la ciudadan\u00eda italiana.<\/p>\n                        <p class=\"page-card_cta\"><a href=\"https:\/\/ils.simonemontanari.com\/es\/examenes-de-italiano\/b1-ciudadania\/\">Descubre m\u00e1s<span class=\"icon\"><svg xmlns=\"http:\/\/www.w3.org\/2000\/svg\" aria-hidden=\"true\" focusable=\"false\" role=\"img\" viewBox=\"0 0 448 512\"><path fill=\"currentColor\" d=\"M443.7 266.8l-165.9 176C274.5 446.3 269.1 448 265.5 448c-3.986 0-7.988-1.375-11.16-4.156c-6.773-5.938-7.275-16.06-1.118-22.59L393.9 272H16.59c-9.171 0-16.59-7.155-16.59-15.1S7.421 240 16.59 240h377.3l-140.7-149.3c-6.157-6.531-5.655-16.66 1.118-22.59c6.789-5.906 17.27-5.469 23.45 1.094l165.9 176C449.4 251.3 449.4 260.7 443.7 266.8z\"\/><\/svg><\/span><\/a><\/p>\n                    <\/div>\n        \n<\/div>\n<div class=\"column\">\n        <div class=\"page-card b2-admision-universidad is-style-default\">\n                            <figure class=\"page-card_image\">\n                    <a href=\"https:\/\/ils.simonemontanari.com\/es\/examenes-de-italiano\/b2-admision-universidad\/\" title=\"B2 de Italiano para la Admisi\u00f3n a la Universidad\">\n                        <img loading=\"lazy\" decoding=\"async\" width=\"1000\" height=\"707\" src=\"https:\/\/ils.simonemontanari.com\/es\/wp-content\/uploads\/sites\/3\/2024\/10\/B2-ES.png\" class=\"attachment-full size-full wp-post-image\" alt=\"\" srcset=\"https:\/\/ils.simonemontanari.com\/es\/wp-content\/uploads\/sites\/3\/2024\/10\/B2-ES.png 1000w, https:\/\/ils.simonemontanari.com\/es\/wp-content\/uploads\/sites\/3\/2024\/10\/B2-ES-752x532.png 752w, https:\/\/ils.simonemontanari.com\/es\/wp-content\/uploads\/sites\/3\/2024\/10\/B2-ES-768x543.png 768w\" sizes=\"auto, (max-width: 1000px) 100vw, 1000px\" \/>                    <\/a>\n                <\/figure>\n            <h3 class=\"page-card_title\"><a href=\"https:\/\/ils.simonemontanari.com\/es\/examenes-de-italiano\/b2-admision-universidad\/\" title=\"B2 de Italiano para la Admisi\u00f3n a la Universidad\">Gu\u00eda de Examen B2 para la Admisi\u00f3n Universitaria<\/a><\/h3>            <p class=\"page-card_text\">Los niveles CELI 3 y CILS B2 son requeridos para ser admitido en una universidad italiana.<\/p>\n                        <p class=\"page-card_cta\"><a href=\"https:\/\/ils.simonemontanari.com\/es\/examenes-de-italiano\/b2-admision-universidad\/\">Descubre m\u00e1s<span class=\"icon\"><svg xmlns=\"http:\/\/www.w3.org\/2000\/svg\" aria-hidden=\"true\" focusable=\"false\" role=\"img\" viewBox=\"0 0 448 512\"><path fill=\"currentColor\" d=\"M443.7 266.8l-165.9 176C274.5 446.3 269.1 448 265.5 448c-3.986 0-7.988-1.375-11.16-4.156c-6.773-5.938-7.275-16.06-1.118-22.59L393.9 272H16.59c-9.171 0-16.59-7.155-16.59-15.1S7.421 240 16.59 240h377.3l-140.7-149.3c-6.157-6.531-5.655-16.66 1.118-22.59c6.789-5.906 17.27-5.469 23.45 1.094l165.9 176C449.4 251.3 449.4 260.7 443.7 266.8z\"\/><\/svg><\/span><\/a><\/p>\n                    <\/div>\n        \n<\/div>\n<div class=\"column\">\n        <div class=\"page-card cils is-style-default\">\n                            <figure class=\"page-card_image\">\n                    <a href=\"https:\/\/ils.simonemontanari.com\/es\/examenes-de-italiano\/cils\/\" title=\"CILS Examen (Universidad de Siena)\">\n                        <img loading=\"lazy\" decoding=\"async\" width=\"1000\" height=\"707\" src=\"https:\/\/ils.simonemontanari.com\/es\/wp-content\/uploads\/sites\/3\/2024\/10\/CILS-ES.png\" class=\"attachment-full size-full wp-post-image\" alt=\"\" srcset=\"https:\/\/ils.simonemontanari.com\/es\/wp-content\/uploads\/sites\/3\/2024\/10\/CILS-ES.png 1000w, https:\/\/ils.simonemontanari.com\/es\/wp-content\/uploads\/sites\/3\/2024\/10\/CILS-ES-752x532.png 752w, https:\/\/ils.simonemontanari.com\/es\/wp-content\/uploads\/sites\/3\/2024\/10\/CILS-ES-768x543.png 768w\" sizes=\"auto, (max-width: 1000px) 100vw, 1000px\" \/>                    <\/a>\n                <\/figure>\n            <h3 class=\"page-card_title\"><a href=\"https:\/\/ils.simonemontanari.com\/es\/examenes-de-italiano\/cils\/\" title=\"CILS Examen (Universidad de Siena)\">Gu\u00eda de Examen CILS<\/a><\/h3>            <p class=\"page-card_text\">La certificaci\u00f3n CILS de la Universidad de Extranjeros de Siena es una de las certificaciones m\u00e1s solicitadas del idioma italiano.<\/p>\n                        <p class=\"page-card_cta\"><a href=\"https:\/\/ils.simonemontanari.com\/es\/examenes-de-italiano\/cils\/\">Descubre m\u00e1s<span class=\"icon\"><svg xmlns=\"http:\/\/www.w3.org\/2000\/svg\" aria-hidden=\"true\" focusable=\"false\" role=\"img\" viewBox=\"0 0 448 512\"><path fill=\"currentColor\" d=\"M443.7 266.8l-165.9 176C274.5 446.3 269.1 448 265.5 448c-3.986 0-7.988-1.375-11.16-4.156c-6.773-5.938-7.275-16.06-1.118-22.59L393.9 272H16.59c-9.171 0-16.59-7.155-16.59-15.1S7.421 240 16.59 240h377.3l-140.7-149.3c-6.157-6.531-5.655-16.66 1.118-22.59c6.789-5.906 17.27-5.469 23.45 1.094l165.9 176C449.4 251.3 449.4 260.7 443.7 266.8z\"\/><\/svg><\/span><\/a><\/p>\n                    <\/div>\n        \n<\/div>\n<div class=\"column\">\n        <div class=\"page-card celi is-style-default\">\n                            <figure class=\"page-card_image\">\n                    <a href=\"https:\/\/ils.simonemontanari.com\/es\/examenes-de-italiano\/celi\/\" title=\"CELI Examen (Universidad de Perugia)\">\n                        <img loading=\"lazy\" decoding=\"async\" width=\"1000\" height=\"707\" src=\"https:\/\/ils.simonemontanari.com\/es\/wp-content\/uploads\/sites\/3\/2024\/10\/CELI-ES.png\" class=\"attachment-full size-full wp-post-image\" alt=\"\" srcset=\"https:\/\/ils.simonemontanari.com\/es\/wp-content\/uploads\/sites\/3\/2024\/10\/CELI-ES.png 1000w, https:\/\/ils.simonemontanari.com\/es\/wp-content\/uploads\/sites\/3\/2024\/10\/CELI-ES-752x532.png 752w, https:\/\/ils.simonemontanari.com\/es\/wp-content\/uploads\/sites\/3\/2024\/10\/CELI-ES-768x543.png 768w\" sizes=\"auto, (max-width: 1000px) 100vw, 1000px\" \/>                    <\/a>\n                <\/figure>\n            <h3 class=\"page-card_title\"><a href=\"https:\/\/ils.simonemontanari.com\/es\/examenes-de-italiano\/celi\/\" title=\"CELI Examen (Universidad de Perugia)\">Gu\u00eda de Examen CELI<\/a><\/h3>            <p class=\"page-card_text\">Los certificados de conocimiento CELI del idioma italiano corren a cargo de la Universidad de Extranjeros de Perugia y se enfocan en adultos.<\/p>\n                        <p class=\"page-card_cta\"><a href=\"https:\/\/ils.simonemontanari.com\/es\/examenes-de-italiano\/celi\/\">Descubre m\u00e1s<span class=\"icon\"><svg xmlns=\"http:\/\/www.w3.org\/2000\/svg\" aria-hidden=\"true\" focusable=\"false\" role=\"img\" viewBox=\"0 0 448 512\"><path fill=\"currentColor\" d=\"M443.7 266.8l-165.9 176C274.5 446.3 269.1 448 265.5 448c-3.986 0-7.988-1.375-11.16-4.156c-6.773-5.938-7.275-16.06-1.118-22.59L393.9 272H16.59c-9.171 0-16.59-7.155-16.59-15.1S7.421 240 16.59 240h377.3l-140.7-149.3c-6.157-6.531-5.655-16.66 1.118-22.59c6.789-5.906 17.27-5.469 23.45 1.094l165.9 176C449.4 251.3 449.4 260.7 443.7 266.8z\"\/><\/svg><\/span><\/a><\/p>\n                    <\/div>\n        \n<\/div>\n<div class=\"column\">\n        <div class=\"page-card certificados-oficiales is-style-default\">\n                            <figure class=\"page-card_image\">\n                    <a href=\"https:\/\/ils.simonemontanari.com\/es\/aprender-italiano\/certificados-oficiales\/\" title=\"Certificados Oficiales de Italiano\">\n                        <img loading=\"lazy\" decoding=\"async\" width=\"1000\" height=\"707\" src=\"https:\/\/ils.simonemontanari.com\/es\/wp-content\/uploads\/sites\/3\/2024\/10\/Certifications.png\" class=\"attachment-full size-full wp-post-image\" alt=\"\" srcset=\"https:\/\/ils.simonemontanari.com\/es\/wp-content\/uploads\/sites\/3\/2024\/10\/Certifications.png 1000w, https:\/\/ils.simonemontanari.com\/es\/wp-content\/uploads\/sites\/3\/2024\/10\/Certifications-752x532.png 752w, https:\/\/ils.simonemontanari.com\/es\/wp-content\/uploads\/sites\/3\/2024\/10\/Certifications-768x543.png 768w\" sizes=\"auto, (max-width: 1000px) 100vw, 1000px\" \/>                    <\/a>\n                <\/figure>\n            <h3 class=\"page-card_title\"><a href=\"https:\/\/ils.simonemontanari.com\/es\/aprender-italiano\/certificados-oficiales\/\" title=\"Certificados Oficiales de Italiano\">Certificaciones de Italiano: Gu\u00eda Completa<\/a><\/h3>            <p class=\"page-card_text\">La lista de las principales certificaciones de italiano, realizadas por las universidades e institutos oficiales culturales italianos.<\/p>\n                        <p class=\"page-card_cta\"><a href=\"https:\/\/ils.simonemontanari.com\/es\/aprender-italiano\/certificados-oficiales\/\">Descubre m\u00e1s<span class=\"icon\"><svg xmlns=\"http:\/\/www.w3.org\/2000\/svg\" aria-hidden=\"true\" focusable=\"false\" role=\"img\" viewBox=\"0 0 448 512\"><path fill=\"currentColor\" d=\"M443.7 266.8l-165.9 176C274.5 446.3 269.1 448 265.5 448c-3.986 0-7.988-1.375-11.16-4.156c-6.773-5.938-7.275-16.06-1.118-22.59L393.9 272H16.59c-9.171 0-16.59-7.155-16.59-15.1S7.421 240 16.59 240h377.3l-140.7-149.3c-6.157-6.531-5.655-16.66 1.118-22.59c6.789-5.906 17.27-5.469 23.45 1.094l165.9 176C449.4 251.3 449.4 260.7 443.7 266.8z\"\/><\/svg><\/span><\/a><\/p>\n                    <\/div>\n        \n<\/div>\n<div class=\"column\">\n        <div class=\"page-card preparacion-online-cils is-style-default\">\n                            <figure class=\"page-card_image\">\n                    <a href=\"https:\/\/ils.simonemontanari.com\/es\/producto\/preparacion-online-cils\/\" title=\"Preparaci\u00f3n Examen de Ciudadan\u00eda CILS B1 En L\u00ednea (Curso Grupal)\">\n                        <img loading=\"lazy\" decoding=\"async\" width=\"1000\" height=\"707\" src=\"https:\/\/ils.simonemontanari.com\/es\/wp-content\/uploads\/sites\/3\/2024\/08\/Online-CILS-B1-Group-Course-ES.png\" class=\"attachment-full size-full wp-post-image\" alt=\"\" srcset=\"https:\/\/ils.simonemontanari.com\/es\/wp-content\/uploads\/sites\/3\/2024\/08\/Online-CILS-B1-Group-Course-ES.png 1000w, https:\/\/ils.simonemontanari.com\/es\/wp-content\/uploads\/sites\/3\/2024\/08\/Online-CILS-B1-Group-Course-ES-752x532.png 752w, https:\/\/ils.simonemontanari.com\/es\/wp-content\/uploads\/sites\/3\/2024\/08\/Online-CILS-B1-Group-Course-ES-768x543.png 768w\" sizes=\"auto, (max-width: 1000px) 100vw, 1000px\" \/>                    <\/a>\n                <\/figure>\n            <h3 class=\"page-card_title\"><a href=\"https:\/\/ils.simonemontanari.com\/es\/producto\/preparacion-online-cils\/\" title=\"Preparaci\u00f3n Examen de Ciudadan\u00eda CILS B1 En L\u00ednea (Curso Grupal)\">CILS B1 (Curso en L\u00ednea de Grupo)<\/a><\/h3>            <p class=\"page-card_text\">Descubre nuestro curso grupal en l\u00ednea, que est\u00e1 espec\u00edficamente dise\u00f1ado para prepararte para el examen de ciudadan\u00eda italiana.<\/p>\n                        <p class=\"page-card_cta\"><a href=\"https:\/\/ils.simonemontanari.com\/es\/producto\/preparacion-online-cils\/\">Descubre m\u00e1s<span class=\"icon\"><svg xmlns=\"http:\/\/www.w3.org\/2000\/svg\" aria-hidden=\"true\" focusable=\"false\" role=\"img\" viewBox=\"0 0 448 512\"><path fill=\"currentColor\" d=\"M443.7 266.8l-165.9 176C274.5 446.3 269.1 448 265.5 448c-3.986 0-7.988-1.375-11.16-4.156c-6.773-5.938-7.275-16.06-1.118-22.59L393.9 272H16.59c-9.171 0-16.59-7.155-16.59-15.1S7.421 240 16.59 240h377.3l-140.7-149.3c-6.157-6.531-5.655-16.66 1.118-22.59c6.789-5.906 17.27-5.469 23.45 1.094l165.9 176C449.4 251.3 449.4 260.7 443.7 266.8z\"\/><\/svg><\/span><\/a><\/p>\n                    <\/div>\n        \n<\/div>\n<div class=\"column\">\n        <div class=\"page-card cils-celi-en-florencia is-style-default\">\n                            <figure class=\"page-card_image\">\n                    <a href=\"https:\/\/ils.simonemontanari.com\/es\/producto\/cils-celi-en-florencia\/\" title=\"CILS y CELI Ex\u00e1menes en Florencia\">\n                        <img loading=\"lazy\" decoding=\"async\" width=\"1000\" height=\"707\" src=\"https:\/\/ils.simonemontanari.com\/es\/wp-content\/uploads\/sites\/3\/2024\/08\/CILS-CELI-Exams-Florence-ES.png\" class=\"attachment-full size-full wp-post-image\" alt=\"\" srcset=\"https:\/\/ils.simonemontanari.com\/es\/wp-content\/uploads\/sites\/3\/2024\/08\/CILS-CELI-Exams-Florence-ES.png 1000w, https:\/\/ils.simonemontanari.com\/es\/wp-content\/uploads\/sites\/3\/2024\/08\/CILS-CELI-Exams-Florence-ES-752x532.png 752w, https:\/\/ils.simonemontanari.com\/es\/wp-content\/uploads\/sites\/3\/2024\/08\/CILS-CELI-Exams-Florence-ES-768x543.png 768w\" sizes=\"auto, (max-width: 1000px) 100vw, 1000px\" \/>                    <\/a>\n                <\/figure>\n            <h3 class=\"page-card_title\"><a href=\"https:\/\/ils.simonemontanari.com\/es\/producto\/cils-celi-en-florencia\/\" title=\"CILS y CELI Ex\u00e1menes en Florencia\">Ex\u00e1menes CILS y CELI en Florencia<\/a><\/h3>            <p class=\"page-card_text\">Reserva un examen en nuestra escuela, centro oficialmente reconocido para las dos certificaciones m\u00e1s solicitadas.<\/p>\n                        <p class=\"page-card_cta\"><a href=\"https:\/\/ils.simonemontanari.com\/es\/producto\/cils-celi-en-florencia\/\">Descubre m\u00e1s<span class=\"icon\"><svg xmlns=\"http:\/\/www.w3.org\/2000\/svg\" aria-hidden=\"true\" focusable=\"false\" role=\"img\" viewBox=\"0 0 448 512\"><path fill=\"currentColor\" d=\"M443.7 266.8l-165.9 176C274.5 446.3 269.1 448 265.5 448c-3.986 0-7.988-1.375-11.16-4.156c-6.773-5.938-7.275-16.06-1.118-22.59L393.9 272H16.59c-9.171 0-16.59-7.155-16.59-15.1S7.421 240 16.59 240h377.3l-140.7-149.3c-6.157-6.531-5.655-16.66 1.118-22.59c6.789-5.906 17.27-5.469 23.45 1.094l165.9 176C449.4 251.3 449.4 260.7 443.7 266.8z\"\/><\/svg><\/span><\/a><\/p>\n                    <\/div>\n        \n<\/div>\n<\/div>\n<div class=\"row has-columns three-columns blue home-reviews\">\n<div class=\"column\">\n<div class=\"review-box\"><span class=\"icon\"><svg xmlns=\"http:\/\/www.w3.org\/2000\/svg\" aria-hidden=\"true\" focusable=\"false\" role=\"img\" viewBox=\"0 0 512 512\"><path fill=\"currentColor\" d=\"M448 224h-64v-24c0-30.9 25.1-56 56-56h16c22.1 0 40-17.9 40-40V72c0-22.1-17.9-40-40-40h-16c-92.6 0-168 75.4-168 168v216c0 35.3 28.7 64 64 64h112c35.3 0 64-28.7 64-64V288c0-35.3-28.7-64-64-64zm32 192c0 17.7-14.3 32-32 32H336c-17.7 0-32-14.3-32-32V200c0-75.1 60.9-136 136-136h16c4.4 0 8 3.6 8 8v32c0 4.4-3.6 8-8 8h-16c-48.6 0-88 39.4-88 88v56h96c17.7 0 32 14.3 32 32v128zM176 224h-64v-24c0-30.9 25.1-56 56-56h16c22.1 0 40-17.9 40-40V72c0-22.1-17.9-40-40-40h-16C75.4 32 0 107.4 0 200v216c0 35.3 28.7 64 64 64h112c35.3 0 64-28.7 64-64V288c0-35.3-28.7-64-64-64zm32 192c0 17.7-14.3 32-32 32H64c-17.7 0-32-14.3-32-32V200c0-75.1 60.9-136 136-136h16c4.4 0 8 3.6 8 8v32c0 4.4-3.6 8-8 8h-16c-48.6 0-88 39.4-88 88v56h96c17.7 0 32 14.3 32 32v128z\"\/><\/svg><\/span><span class=\"review-text\">Hoy lleg\u00f3 el resultado del CILS test y pas\u00e9 el examen. Nunca estuviera posible sin Enzo: hizo lo imposible, me ayud\u00f3 a ganar m\u00e1s confiancia y me prepar\u00f3 perfectamente para el examen.<\/span><span class=\"review-author\">\u2014 Karine<\/span><\/div>\n<\/div>\n<div class=\"column\">\n<div class=\"review-box\"><span class=\"icon\"><svg xmlns=\"http:\/\/www.w3.org\/2000\/svg\" aria-hidden=\"true\" focusable=\"false\" role=\"img\" viewBox=\"0 0 512 512\"><path fill=\"currentColor\" d=\"M448 224h-64v-24c0-30.9 25.1-56 56-56h16c22.1 0 40-17.9 40-40V72c0-22.1-17.9-40-40-40h-16c-92.6 0-168 75.4-168 168v216c0 35.3 28.7 64 64 64h112c35.3 0 64-28.7 64-64V288c0-35.3-28.7-64-64-64zm32 192c0 17.7-14.3 32-32 32H336c-17.7 0-32-14.3-32-32V200c0-75.1 60.9-136 136-136h16c4.4 0 8 3.6 8 8v32c0 4.4-3.6 8-8 8h-16c-48.6 0-88 39.4-88 88v56h96c17.7 0 32 14.3 32 32v128zM176 224h-64v-24c0-30.9 25.1-56 56-56h16c22.1 0 40-17.9 40-40V72c0-22.1-17.9-40-40-40h-16C75.4 32 0 107.4 0 200v216c0 35.3 28.7 64 64 64h112c35.3 0 64-28.7 64-64V288c0-35.3-28.7-64-64-64zm32 192c0 17.7-14.3 32-32 32H64c-17.7 0-32-14.3-32-32V200c0-75.1 60.9-136 136-136h16c4.4 0 8 3.6 8 8v32c0 4.4-3.6 8-8 8h-16c-48.6 0-88 39.4-88 88v56h96c17.7 0 32 14.3 32 32v128z\"\/><\/svg><\/span><span class=\"review-text\">\u00a1Mi experiencia en Europass fue maravillosa, mi consejo! El ambiente es muy relajante y hace que el aprendizaje sea muy f\u00e1cil, son todos tan amables y serviciales. Mi italiano ha mejorado y me siento mucho m\u00e1s segura para usarlo en situaciones de todos los d\u00edas- \u00a1un gran gracias de mi parte!<\/span><span class=\"review-author\">\u2014 Katie, Inglaterra<\/span><\/div>\n<\/div>\n<div class=\"column\">\n<div class=\"review-box\"><span class=\"icon\"><svg xmlns=\"http:\/\/www.w3.org\/2000\/svg\" aria-hidden=\"true\" focusable=\"false\" role=\"img\" viewBox=\"0 0 512 512\"><path fill=\"currentColor\" d=\"M448 224h-64v-24c0-30.9 25.1-56 56-56h16c22.1 0 40-17.9 40-40V72c0-22.1-17.9-40-40-40h-16c-92.6 0-168 75.4-168 168v216c0 35.3 28.7 64 64 64h112c35.3 0 64-28.7 64-64V288c0-35.3-28.7-64-64-64zm32 192c0 17.7-14.3 32-32 32H336c-17.7 0-32-14.3-32-32V200c0-75.1 60.9-136 136-136h16c4.4 0 8 3.6 8 8v32c0 4.4-3.6 8-8 8h-16c-48.6 0-88 39.4-88 88v56h96c17.7 0 32 14.3 32 32v128zM176 224h-64v-24c0-30.9 25.1-56 56-56h16c22.1 0 40-17.9 40-40V72c0-22.1-17.9-40-40-40h-16C75.4 32 0 107.4 0 200v216c0 35.3 28.7 64 64 64h112c35.3 0 64-28.7 64-64V288c0-35.3-28.7-64-64-64zm32 192c0 17.7-14.3 32-32 32H64c-17.7 0-32-14.3-32-32V200c0-75.1 60.9-136 136-136h16c4.4 0 8 3.6 8 8v32c0 4.4-3.6 8-8 8h-16c-48.6 0-88 39.4-88 88v56h96c17.7 0 32 14.3 32 32v128z\"\/><\/svg><\/span><span class=\"review-text\">Me he divertido mucho estudiando en Europass. Los profesores son excelentes, y durante mi estancia all\u00ed, mi italiano ha mejorado mucho. Las clases est\u00e1n completamente en italiano, por lo que es intenso, pero realmente te lleva a aprender y los profesores est\u00e1n incre\u00edblemente disponibles.<\/span><span class=\"review-author\">\u2014 Emma, Inglaterra<\/span><\/div>\n<\/div>\n<\/div>\n","protected":false},"excerpt":{"rendered":"","protected":false},"author":1788,"featured_media":7983,"parent":0,"menu_order":20,"comment_status":"closed","ping_status":"closed","template":"full-width.php","meta":{"_acf_changed":false,"footnotes":""},"class_list":["post-3005","page","type-page","status-publish","has-post-thumbnail","hentry"],"acf":[],"_links":{"self":[{"href":"https:\/\/ils.simonemontanari.com\/es\/wp-json\/wp\/v2\/pages\/3005","targetHints":{"allow":["GET"]}}],"collection":[{"href":"https:\/\/ils.simonemontanari.com\/es\/wp-json\/wp\/v2\/pages"}],"about":[{"href":"https:\/\/ils.simonemontanari.com\/es\/wp-json\/wp\/v2\/types\/page"}],"author":[{"embeddable":true,"href":"https:\/\/ils.simonemontanari.com\/es\/wp-json\/wp\/v2\/users\/1788"}],"replies":[{"embeddable":true,"href":"https:\/\/ils.simonemontanari.com\/es\/wp-json\/wp\/v2\/comments?post=3005"}],"version-history":[{"count":0,"href":"https:\/\/ils.simonemontanari.com\/es\/wp-json\/wp\/v2\/pages\/3005\/revisions"}],"wp:featuredmedia":[{"embeddable":true,"href":"https:\/\/ils.simonemontanari.com\/es\/wp-json\/wp\/v2\/media\/7983"}],"wp:attachment":[{"href":"https:\/\/ils.simonemontanari.com\/es\/wp-json\/wp\/v2\/media?parent=3005"}],"curies":[{"name":"wp","href":"https:\/\/api.w.org\/{rel}","templated":true}]}}