{"id":3011,"date":"2020-10-27T20:27:58","date_gmt":"2020-10-27T19:27:58","guid":{"rendered":"https:\/\/ils.simonemontanari.com\/es\/?page_id=3011"},"modified":"2024-10-18T10:07:27","modified_gmt":"2024-10-18T08:07:27","slug":"b2-admision-universidad","status":"publish","type":"page","link":"https:\/\/ils.simonemontanari.com\/es\/examenes-de-italiano\/b2-admision-universidad\/","title":{"rendered":"B2 de Italiano para la Admisi\u00f3n a la Universidad"},"content":{"rendered":"<h2>\u00bfCu\u00e1les ex\u00e1menes son v\u00e1lidos para ser admitido en una universidad italiana?<\/h2>\n<p>Para ser admitido en una universidad italiana es necesario obtener una certificaci\u00f3n oficial que demuestre la aprobaci\u00f3n del nivel B2 de acuerdo al Marco Com\u00fan Europeo de Referencia para las Lenguas (CEFR por sus siglas en ingl\u00e9s).<\/p>\n<p>CELI y CILS, ofrecidos por la <a href=\"https:\/\/www.unistrapg.it\/en\">Universidad para Extranjeros de Perugia<\/a> y por la <a href=\"https:\/\/www.unistrasi.it\/2\/527\/home_altre_lingue.htm\">Universidad para Extranjeros de Siena,<\/a> son certificaciones oficiales reconocidas por el Ministerio de Relaciones Exteriores.<\/p>\n<p>El Nivel B2 \u2013 <em>Intermedio<\/em> \u2013 del <a href=\"https:\/\/ils.simonemontanari.com\/es\/blog\/niveles-mcer\/\">Marco Com\u00fan Europeo de Referencia para las Lenguas<\/a> es equivalente al nivel CELI 3 y CILS B2.<\/p>\n<p><strong>Equivalencia de las Certificaciones CELI y CILS con el Marco Com\u00fan Europeo de Referencia para las Lenguas (CEFR):<\/strong><\/p>\n<table class=\"grammar-table\">\n<tbody>\n<tr>\n<td><strong>NIVEL<\/strong><\/td>\n<td><strong>CELI<\/strong><\/td>\n<td><strong>CILS<\/strong><\/td>\n<td><strong>Prueba tu Italiano<\/strong><\/td>\n<\/tr>\n<tr>\n<td>A1 &#8211; B\u00e1sico<\/td>\n<td>CELI IMPATTO<\/td>\n<td>CILS A1<\/td>\n<td><a href=\"https:\/\/ils.simonemontanari.com\/es\/test-de-italiano\/nivel-a1\/\">Test de Italiano A1<\/a><\/td>\n<\/tr>\n<tr>\n<td>A2 &#8211; Elemental<\/td>\n<td>CELI 1<\/td>\n<td>CILS A2<\/td>\n<td><a href=\"https:\/\/ils.simonemontanari.com\/es\/test-de-italiano\/nivel-a2\/\">Test de Italiano A2<\/a><\/td>\n<\/tr>\n<tr>\n<td>B1 &#8211; Intermedio<\/td>\n<td>CELI 2<\/td>\n<td>CILS B1 \/ CILS B1 cittadinanza<\/td>\n<td><a href=\"https:\/\/ils.simonemontanari.com\/es\/test-de-italiano\/nivel-b1\/\">Test de Italiano B1<\/a><\/td>\n<\/tr>\n<tr>\n<td><span style=\"color: #ff0000;\">B2 &#8211; Intermedio Avanzado<\/span><\/td>\n<td><span style=\"color: #ff0000;\">CELI 3<\/span><\/td>\n<td><span style=\"color: #ff0000;\">CILS B2<\/span><\/td>\n<td><a href=\"https:\/\/ils.simonemontanari.com\/es\/test-de-italiano\/nivel-b2\/\">Test de Italiano B2<\/a><\/td>\n<\/tr>\n<tr>\n<td>C1 &#8211; Avanzado<\/td>\n<td>CELI 4<\/td>\n<td>CILS C1<\/td>\n<td><a href=\"https:\/\/ils.simonemontanari.com\/es\/test-de-italiano\/nivel-c1\/\">Test de Italiano C1<\/a><\/td>\n<\/tr>\n<tr>\n<td>C2 &#8211; Maestria<\/td>\n<td>CELI 5<\/td>\n<td>CILS C2<\/td>\n<td><a href=\"https:\/\/ils.simonemontanari.com\/es\/test-de-italiano\/completo\/\">Test de Italiano Completo<\/a><\/td>\n<\/tr>\n<\/tbody>\n<\/table>\n<h2>Ex\u00e1menes del CELI 3 y CILS B2<\/h2>\n<h3>CELI 3<\/h3>\n<p><strong>Estructura:<\/strong><\/p>\n<ul>\n<li>Comprensi\u00f3n de textos escritos 20%<\/li>\n<li>Producci\u00f3n de textos escritos 20%<\/li>\n<li>Competencia ling\u00fc\u00edstica 10%<\/li>\n<li>Comprensi\u00f3n de textos orales 20%<\/li>\n<li>Producci\u00f3n Oral 30%<\/li>\n<\/ul>\n<p><strong>Duraci\u00f3n<\/strong>: 3 horas y 40 minutos<\/p>\n<p><strong>Advertencia<\/strong>: Si una de las dos partes, ya sea escrita u oral, no se aprueba, puedes volver a tomar esa parte dentro de un a\u00f1o despu\u00e9s del examen, pagando solo el 70% del precio inicial.<\/p>\n<h3>CILS B2<\/h3>\n<p><strong>Estructura:<\/strong><\/p>\n<ul>\n<li>Comprensi\u00f3n Oral 25%<\/li>\n<li>Comprensi\u00f3n escrita y entendimiento gramatical 25%<\/li>\n<li>Producci\u00f3n escrita 25%<\/li>\n<li>Producci\u00f3n Oral 25%<\/li>\n<\/ul>\n<p><strong>Duraci\u00f3n:<\/strong> 3 horas y 40 minutos<\/p>\n<p><strong>Advertencia:<\/strong> Para obtener la certificaci\u00f3n CILS, el candidato debe obtener una puntuaci\u00f3n de aprobaci\u00f3n en todas las partes.<\/p>\n<p>El candidato tiene derecho a retomar una o m\u00e1s partes del examen dentro de los 18 meses de la sesi\u00f3n del examen original, pagando solo por la parte(s) que se volver\u00e1 a tomar.<\/p>\n<h2><span class=\"lwptoc_item_label\">Los costos, fechas y centros CELI\/CILS<\/span><\/h2>\n<h3>CELI<\/h3>\n<p>Tres sesiones son planeadas al a\u00f1o: marzo, junio y noviembre. Puedes tomar el examen CELI en el <a href=\"https:\/\/www.unistrapg.it\/centri-esame-celi.pdf?v=1596630188\">centro m\u00e1s cercano<\/a>, o en Florencia, en <a href=\"https:\/\/ils.simonemontanari.com\/es\/cursos\/cils-celi-en-florencia\/\">nuestra escuela<\/a>!<\/p>\n<p><strong>Atenci\u00f3n:<\/strong> Para tomar el examen CELI es necesario respetar plazos estrictos y largos tiempos de espera. La evaluaci\u00f3n de los ex\u00e1menes puede tardar hasta tres meses y el envi\u00f3 de certificados hasta cuatro meses.<\/p>\n<p>Aqu\u00ed, en Europass, cuesta 120 \u20ac.<\/p>\n<h3>CILS<\/h3>\n<p>Los ex\u00e1menes CILS se llevan a cabo varias veces al a\u00f1o, simult\u00e1neamente en todo el mundo.<\/p>\n<ul>\n<li>En Italia, se llevan a cabo en la Universidad de Siena y <a href=\"https:\/\/cils.unistrasi.it\/84\/68\/Italia.htm\">otras locaciones afiliadas<\/a>, o en Florencia, en <a href=\"https:\/\/ils.simonemontanari.com\/es\/cursos\/cils-celi-en-florencia\/\">nuestra escuela<\/a>!<\/li>\n<li>En el extranjero, los ex\u00e1menes se llevan a cabo en centros afiliados e Institutos Culturales Italianos. Descubre <a href=\"https:\/\/cils.unistrasi.it\/1\/93\/Come_diventare_sede_di_esame.htm\">la oficina m\u00e1s cercana a ti<\/a>.<\/li>\n<\/ul>\n<p><strong>Atenci\u00f3n<\/strong>: Para hacer el examen CILS es necesario respetar plazos estrictos. Por ejemplo, la inscripci\u00f3n debe llevarse a cabo al menos 45 d\u00edas antes de la fecha del examen.<\/p>\n<p>El examen CILS cuesta 105 \u20ac, en Italia y en el extranjero.<\/p>\n<p><strong>Tener cuenta<\/strong>: los ex\u00e1menes CELI y CILS no se pueden realizar en l\u00ednea.<\/p>\n<h2><span class=\"lwptoc_item_label\">La preparaci\u00f3n para el examen <\/span>CELI\/CILS<\/h2>\n<p>Para aprobar los ex\u00e1menes de lengua para acceder a la universidad, no es necesario seguir un curso espec\u00edfico, con un contenido impuesto o un m\u00e9todo determinado. Lo importante es estar bien preparado tanto en la parte escrita como en la oral.<\/p>\n<p>Dado que todas las partes deben completarse con \u00e9xito para aprobar el examen, puede ser necesario un entrenamiento (o simplemente un repaso), centr\u00e1ndose en ciertos aspectos m\u00e1s que en otros.<\/p>\n<p>Por esta raz\u00f3n, ofrecemos una\u00a0<a href=\"https:\/\/ils.simonemontanari.com\/es\/encuentro-gratuito\/\">consulta gratuita en l\u00ednea de 15 minutos<\/a> donde uno de nuestros instructores puede ayudarle a elegir el camino de aprendizaje que mejor se adapte a sus necesidades en la preparaci\u00f3n para el examen.<\/p>\n<ul>\n<li><a href=\"https:\/\/ils.simonemontanari.com\/es\/cursos\/grupales-online\/\">Cursos de italiano en l\u00ednea para grupos<\/a><br \/>\n\u00danete a 2 clases en vivo de 100 minutos cada semana con estudiantes de tu nivel.<\/li>\n<li><a href=\"https:\/\/ils.simonemontanari.com\/es\/cursos\/particulares-online\/\">Clases individuales de italiano en l\u00ednea<\/a><br \/>\nDeje que nuestros entrenadores experimentados le gu\u00eden en la preparaci\u00f3n de su examen.<\/li>\n<li><a href=\"https:\/\/ils.simonemontanari.com\/es\/cursos\/estandar-florencia\/\">Cursos de italiano est\u00e1ndar en Florencia<\/a><br \/>\nAsiste a 4 clases de italiano cada d\u00eda con un peque\u00f1o grupo de compa\u00f1eros de clase.<\/li>\n<li><a href=\"https:\/\/ils.simonemontanari.com\/es\/cursos\/particulares-florencia\/\">Cursos privados de italiano en Florencia<\/a><br \/>\nPrepara tu examen con el apoyo de entrenadores experimentados.<\/li>\n<\/ul>\n<p>Durante la preparaci\u00f3n de los ex\u00e1menes, tambi\u00e9n se simular\u00e1n sesiones de examen, utilizando antiguas hojas de examen.<\/p>\n<p>Al realizar ex\u00e1menes de pr\u00e1ctica, se acostumbrar\u00e1 a la estructura del examen y al tiempo previsto para completarlo. Adem\u00e1s, practicando podr\u00e1 comprobar f\u00e1cilmente su puntuaci\u00f3n prevista.<\/p>\n[sp_testimonial id=\u00bb6531&#8243;]\n","protected":false},"excerpt":{"rendered":"<p>\u00bfCu\u00e1les ex\u00e1menes son v\u00e1lidos para ser admitido en una universidad italiana? Para ser admitido en una universidad italiana es necesario obtener una certificaci\u00f3n oficial que demuestre la aprobaci\u00f3n del nivel B2 de acuerdo al Marco Com\u00fan Europeo de Referencia para las Lenguas (CEFR por sus siglas en ingl\u00e9s). CELI y CILS, ofrecidos por la Universidad [&hellip;]<\/p>\n","protected":false},"author":1788,"featured_media":8154,"parent":3005,"menu_order":0,"comment_status":"closed","ping_status":"closed","template":"course.php","meta":{"_acf_changed":false,"footnotes":""},"class_list":["post-3011","page","type-page","status-publish","has-post-thumbnail","hentry"],"acf":[],"_links":{"self":[{"href":"https:\/\/ils.simonemontanari.com\/es\/wp-json\/wp\/v2\/pages\/3011","targetHints":{"allow":["GET"]}}],"collection":[{"href":"https:\/\/ils.simonemontanari.com\/es\/wp-json\/wp\/v2\/pages"}],"about":[{"href":"https:\/\/ils.simonemontanari.com\/es\/wp-json\/wp\/v2\/types\/page"}],"author":[{"embeddable":true,"href":"https:\/\/ils.simonemontanari.com\/es\/wp-json\/wp\/v2\/users\/1788"}],"replies":[{"embeddable":true,"href":"https:\/\/ils.simonemontanari.com\/es\/wp-json\/wp\/v2\/comments?post=3011"}],"version-history":[{"count":0,"href":"https:\/\/ils.simonemontanari.com\/es\/wp-json\/wp\/v2\/pages\/3011\/revisions"}],"up":[{"embeddable":true,"href":"https:\/\/ils.simonemontanari.com\/es\/wp-json\/wp\/v2\/pages\/3005"}],"wp:featuredmedia":[{"embeddable":true,"href":"https:\/\/ils.simonemontanari.com\/es\/wp-json\/wp\/v2\/media\/8154"}],"wp:attachment":[{"href":"https:\/\/ils.simonemontanari.com\/es\/wp-json\/wp\/v2\/media?parent=3011"}],"curies":[{"name":"wp","href":"https:\/\/api.w.org\/{rel}","templated":true}]}}