{"id":4130,"date":"2021-06-18T14:47:48","date_gmt":"2021-06-18T13:47:48","guid":{"rendered":"https:\/\/ils.simonemontanari.com\/es\/?page_id=4130"},"modified":"2024-08-23T12:37:10","modified_gmt":"2024-08-23T10:37:10","slug":"politica-de-privacidad","status":"publish","type":"page","link":"https:\/\/ils.simonemontanari.com\/es\/politica-de-privacidad\/","title":{"rendered":"Pol\u00edtica de privacidad"},"content":{"rendered":"<p><strong>La pol\u00edtica de privacidad de EUROPASS SRL se ha actualizado debido a la plena aplicaci\u00f3n del Reglamento de la UE 2016\/679.<\/strong><\/p>\n<p>Tu privacidad es importante para EUROPASS SRL. Por lo tanto, hemos desarrollado una Pol\u00edtica de privacidad que regula la forma en que recopilamos, utilizamos, transferimos y almacenamos tus datos personales.<\/p>\n<h2>Recopilaci\u00f3n y uso de informaci\u00f3n personal<\/h2>\n<p>La informaci\u00f3n personal es datos que se pueden utilizar para identificar o contactar a una persona espec\u00edfica.<\/p>\n<p>Es posible que se te solicite proporcionar tu informaci\u00f3n personal siempre que entres en contacto con EUROPASS SRL. EUROPASS SRL puede compartir estos datos y utilizarlos de acuerdo con esta Pol\u00edtica de privacidad. Tambi\u00e9n pueden combinar esta informaci\u00f3n con otros datos para proporcionar y mejorar productos, servicios, contenido y materiales publicitarios. No est\u00e1s obligado\/a a proporcionar los datos personales solicitados por nosotros; sin embargo, si decides no hacerlo, en muchos casos no podremos ofrecerte nuestros productos o servicios ni responder tus preguntas.<\/p>\n<p>Aqu\u00ed tienes algunos tipos de datos personales que EUROPASS SRL puede recopilar y utilizar.<\/p>\n<h3>Qu\u00e9 datos personales recopilamos<\/h3>\n<ul>\n<li>Cuando navegas por el sitio <a href=\"https:\/\/ils.simonemontanari.com\/es\/\">www.europassitalian.com<\/a>, es posible que recopilemos una serie de datos, incluidos nombre, direcci\u00f3n, n\u00famero de tel\u00e9fono, direcci\u00f3n de correo electr\u00f3nico, preferencias de contacto, c\u00f3digos de identificaci\u00f3n de dispositivos, direcci\u00f3n IP, informaci\u00f3n de ubicaci\u00f3n e informaci\u00f3n de tarjetas de cr\u00e9dito.<\/li>\n<li>EUROPASS SRL utilizar\u00e1 esta informaci\u00f3n para satisfacer tus solicitudes y proporcionarte el producto o servicio que se ajuste a tus necesidades.<\/li>\n<li>En ciertas circunstancias, es posible que se te solicite un documento de identificaci\u00f3n v\u00e1lido para gestionar reservas o en cumplimiento de obligaciones legales.<\/li>\n<\/ul>\n<h3>C\u00f3mo utilizamos tus datos personales<\/h3>\n<p>Podemos procesar tus datos personales para los fines descritos en esta Pol\u00edtica de privacidad con tu consentimiento, para el cumplimiento de obligaciones legales a las que est\u00e1 sujeta EUROPASS SRL, o si consideramos que es necesario por intereses leg\u00edtimos perseguidos por EUROPASS SRL o por terceros a quienes sea necesario proporcionar datos.<\/p>\n<ul>\n<li>Los datos personales recopilados nos permiten mantenerte informado\/a sobre los anuncios de los \u00faltimos productos de EUROPASS SRL y los eventos pr\u00f3ximos. Si no deseas recibir nuestras comunicaciones por correo electr\u00f3nico, puedes cancelar la suscripci\u00f3n en la secci\u00f3n correspondiente.<\/li>\n<li>Tambi\u00e9n utilizamos los datos personales para desarrollar, proporcionar y mejorar nuestros productos, servicios, contenido y materiales publicitarios, as\u00ed como para prevenir p\u00e9rdidas y fraudes. Adem\u00e1s, podemos utilizarlos para garantizar la seguridad de la red y las cuentas, y proteger nuestros servicios en beneficio de todos nuestros usuarios. Tus datos se utilizar\u00e1n con fines antifraude en caso de ser requeridos para llevar a cabo una transacci\u00f3n en l\u00ednea con nosotros. Limitamos nuestro uso de los datos con fines antifraude a lo estrictamente necesario y dentro de los l\u00edmites reconocidos de nuestros intereses leg\u00edtimos para proteger a nuestros clientes y servicios. Para algunas transacciones en l\u00ednea, tambi\u00e9n podemos verificar la informaci\u00f3n que nos proporcionas consultando fuentes de acceso p\u00fablico.<\/li>\n<li>Los datos personales, incluida la fecha de nacimiento, pueden utilizarse para verificar la identidad, facilitar la identificaci\u00f3n del usuario y determinar qu\u00e9 servicios son adecuados.<\/li>\n<li>Podemos utilizar peri\u00f3dicamente tu informaci\u00f3n personal para enviar avisos importantes, como comunicaciones relacionadas con los servicios ofrecidos, as\u00ed como nuestras condiciones y pol\u00edticas. Dado que estos datos son importantes para tu interacci\u00f3n con EUROPASS SRL, no puedes solicitar dejar de recibir dichas comunicaciones.<\/li>\n<li>Tambi\u00e9n podemos utilizar los datos personales para fines internos, como verificaci\u00f3n, an\u00e1lisis de datos e investigaci\u00f3n para mejorar productos, servicios y comunicaciones con los clientes de EUROPASS SRL.<\/li>\n<\/ul>\n<h3>Origen de tus datos personales recopilados de otras fuentes<\/h3>\n<p>EUROPASS SRL puede haber recibido tus datos personales de otras personas que han compartido su contenido contigo utilizando productos de EUROPASS SRL. Con fines de investigaci\u00f3n y desarrollo, podemos utilizar conjuntos de datos que contienen im\u00e1genes u otros datos que podr\u00edan asociarse con una persona para identificarla. Al adquirir estos conjuntos de datos, lo hacemos de acuerdo con las leyes aplicables en la jurisdicci\u00f3n en la que se encuentra alojado el conjunto de datos. Durante el uso de dichos conjuntos de datos para investigaci\u00f3n y desarrollo, no se realiza ning\u00fan intento de identificar a la persona a la que pertenecen los datos.<\/p>\n<h2>Recopilaci\u00f3n y uso de datos no personales<\/h2>\n<p>Tambi\u00e9n recopilamos datos que se presentan en una forma que no permite la asociaci\u00f3n directa con una persona espec\u00edfica. Podemos recopilar, utilizar, transferir y divulgar informaci\u00f3n no personal para cualquier fin. A continuaci\u00f3n se presentan algunos ejemplos de datos no personales recopilados por nosotros y su uso:<\/p>\n<ul>\n<li>Por ejemplo, podemos recopilar datos sobre profesi\u00f3n, idioma, c\u00f3digo postal, prefijo telef\u00f3nico, c\u00f3digo de identificaci\u00f3n \u00fanico de dispositivo, URL de referencia, para comprender mejor el comportamiento de los clientes y mejorar nuestros productos, servicios y materiales publicitarios.<\/li>\n<li>Podemos recopilar datos sobre las actividades de los clientes en nuestro sitio web y en nuestros otros productos y servicios. Estos datos se agregan y se utilizan para ayudarnos a proporcionar informaci\u00f3n m\u00e1s \u00fatil a nuestros clientes y comprender qu\u00e9 partes de nuestro sitio web y nuestros productos y servicios despiertan mayor inter\u00e9s. Seg\u00fan esta Pol\u00edtica de privacidad, los datos agregados se consideran informaci\u00f3n no personal.<\/li>\n<li>Podemos recopilar y almacenar detalles sobre el uso que los usuarios hacen de nuestros servicios, incluyendo b\u00fasquedas. Esta informaci\u00f3n se puede utilizar para mejorar la relevancia de los resultados proporcionados por nuestros servicios.<\/li>\n<\/ul>\n<h2>Divulgaci\u00f3n a terceros<\/h2>\n<p>EUROPASS SRL puede poner peri\u00f3dicamente ciertos datos personales a disposici\u00f3n de socios estrat\u00e9gicos que colaboran con EUROPASS SRL para la provisi\u00f3n de productos y servicios o que ayudan a EUROPASS SRL en la venta a los clientes. Los datos personales se compartir\u00e1n por parte de EUROPASS SRL \u00fanicamente para proporcionar o mejorar sus productos, servicios y materiales publicitarios; no se compartir\u00e1n con terceros con fines comerciales de estos \u00faltimos.<\/p>\n<h3>Otros<\/h3>\n<p>Puede ser necesario que EUROPASS SRL (por ley, procesos judiciales, litigios y\/o solicitudes de autoridades p\u00fablicas y gubernamentales dentro o fuera de tu pa\u00eds de residencia) divulgue tus datos personales. Tambi\u00e9n podemos divulgar tu informaci\u00f3n si creemos que, para fines de seguridad nacional, cumplimiento de la ley u otros asuntos de importancia p\u00fablica, es necesario o apropiado hacerlo. Podemos divulgar tu informaci\u00f3n si consideramos que la divulgaci\u00f3n es razonablemente necesaria para aplicar nuestros t\u00e9rminos y condiciones o para proteger nuestras actividades o usuarios. Adem\u00e1s, en caso de reorganizaci\u00f3n, fusi\u00f3n o venta, podemos transferir todos los datos personales recopilados por nosotros a terceros afectados por dichas transacciones.<\/p>\n<h2>Protecci\u00f3n de los datos personales<\/h2>\n<p>EUROPASS SRL se preocupa por la seguridad de tu informaci\u00f3n personal. Para el almacenamiento de los datos personales por parte de EUROPASS SRL, se utilizan sistemas de informaci\u00f3n con acceso limitado, ubicados en instalaciones que toman medidas de seguridad f\u00edsica. Los datos se almacenan de forma encriptada, incluso en casos en los que utilizamos soluciones de almacenamiento de terceros.<\/p>\n<h2>Existencia de procedimientos de toma de decisiones automatizadas, incluida la elaboraci\u00f3n de perfiles<\/h2>\n<p>EUROPASS SRL no toma decisiones respecto al uso de algoritmos o perfiles que te afecten de manera significativa.<\/p>\n<h2>Integridad y conservaci\u00f3n de los datos personales<\/h2>\n<p>EUROPASS SRL se compromete a mantener tus datos personales de manera precisa, completa y actualizada. Conservaremos tu informaci\u00f3n personal durante el tiempo necesario para los fines descritos en esta Pol\u00edtica de privacidad. Al decidir estos per\u00edodos, evaluamos cuidadosamente nuestra necesidad real de recopilar datos personales y, si consideramos que existe una necesidad decisiva, los conservamos solo durante el per\u00edodo m\u00e1s corto posible necesario para lograr el prop\u00f3sito de la recopilaci\u00f3n, a menos que la ley requiera un per\u00edodo de conservaci\u00f3n m\u00e1s largo.<\/p>\n<h2>Acceso a los datos personales<\/h2>\n<p>Puedes ayudar a garantizar que tus preferencias y datos de contacto sean precisos, completos y actualizados accediendo al sitio www.europassitalian.com. Te proporcionaremos acceso a los dem\u00e1s datos personales almacenados por nosotros y te entregaremos una copia para que puedas realizar cualquier operaci\u00f3n que necesites, como solicitar la correcci\u00f3n de los datos si son inexactos o solicitar su eliminaci\u00f3n si EUROPASS SRL no est\u00e1 obligada a conservarlos seg\u00fan lo requerido por la ley o por motivos comerciales leg\u00edtimos. Podemos negarnos a responder a solicitudes que sean in\u00fatiles\/molestas, da\u00f1inas para la privacidad de otros, extremadamente dif\u00edciles de cumplir o cuando el acceso a los datos no est\u00e9 cubierto por la legislaci\u00f3n local. EUROPASS SRL tambi\u00e9n puede negarse a cumplir con solicitudes de eliminaci\u00f3n o acceso a los datos si considera que el cumplimiento de esta solicitud va en contra del uso leg\u00edtimo de los datos con fines de prevenci\u00f3n de fraudes y para garantizar la seguridad, como se describe anteriormente.<\/p>\n<h2>Sitios web y servicios de terceros<\/h2>\n<p>Los sitios web, productos, aplicaciones y servicios de EUROPASS SRL pueden contener enlaces a sitios web, productos y servicios de terceros.<\/p>\n<p>Los datos recopilados por terceros, que pueden incluir informaci\u00f3n geogr\u00e1fica o de contacto, se rigen por sus respectivas pol\u00edticas de privacidad. Te recomendamos que revises las pol\u00edticas de privacidad de esos terceros.<\/p>\n<h2>Nuestro compromiso corporativo con tu privacidad<\/h2>\n<p>Para asegurarnos de que tu informaci\u00f3n personal est\u00e9 segura, comunicamos nuestras pautas de privacidad y seguridad a los empleados de EUROPASS SRL y aplicamos estrictamente medidas de protecci\u00f3n de la privacidad dentro de la empresa.<\/p>\n<h2>Preguntas sobre privacidad<\/h2>\n<p>Si tienes alguna pregunta o inquietud sobre la Pol\u00edtica de privacidad de EUROPASS SRL o sobre el procesamiento de datos, o si deseas contactar al Oficial de Protecci\u00f3n de Datos de EUROPASS SRL o presentar una queja sobre una posible violaci\u00f3n de las leyes locales de protecci\u00f3n de la privacidad, puedes hacerlo.<\/p>\n<p>EUROPASS SRL puede actualizar peri\u00f3dicamente la Pol\u00edtica de privacidad. En caso de cambios sustanciales, se publicar\u00e1 un aviso en nuestro sitio web, junto con la Pol\u00edtica de privacidad actualizada.<\/p>\n<h2>INFORMACI\u00d3N EX 13 Reg. UE n. 2016\/679 Y CONSENTIMIENTO EX 7 Reg. UE n. 2016\/679<br \/>\nSobre el tratamiento de datos personales<\/h2>\n<p>EUROPASS SRL, P. Iva 04393630480, con sede en Via S. Egidio, 12, 50122 Florencia (en adelante \u00abResponsable\u00bb), en calidad de responsable del tratamiento, te informa de conformidad con el art. 13 del Reglamento de la UE n. 2016\/679 (en adelante, \u00abRGPD\u00bb) de que tus datos se tratar\u00e1n de cierta manera y para los siguientes fines:<\/p>\n<h3>1. Objeto del tratamiento<\/h3>\n<p>El responsable trata datos de identificaci\u00f3n personal (en particular, tu nombre, n\u00famero de seguridad social, nombre, P. Iva, correo electr\u00f3nico, PEC, n\u00famero de tel\u00e9fono, IBAN y cualquier informaci\u00f3n capaz de identificar a la persona interesada, denominada en lo sucesivo \u00abDatos personales\u00bb o \u00abdatos\u00bb) comunicados a trav\u00e9s del primer tratamiento.<\/p>\n<h3>2. Finalidad del tratamiento<\/h3>\n<p>Los datos personales se tratar\u00e1n para los siguientes fines:<\/p>\n<ol>\n<li>Cumplir con las obligaciones precontractuales, contractuales y fiscales derivadas de las relaciones existentes con el responsable;<\/li>\n<li>Cumplir con las obligaciones establecidas por la ley, un reglamento, la legislaci\u00f3n comunitaria o una orden de la Autoridad;<\/li>\n<li>Enviar datos a encargados externos designados por el responsable, correspondientes a las categor\u00edas de personas (f\u00edsicas o jur\u00eddicas) enumeradas en el registro de tratamientos;<\/li>\n<li>Permitir cualquier registro en el sitio web y en el bolet\u00edn informativo, si corresponde;<\/li>\n<li>Prevenir o descubrir actividades fraudulentas o abusos perjudiciales cometidos por terceros;<\/li>\n<li>Ejercer los derechos del responsable, por ejemplo, el derecho a defenderse en juicio;<\/li>\n<li>Enviar comunicaciones comerciales relacionadas con los servicios y productos del responsable similares a los que ya se utilizan, a menos que expresamente lo desees.<\/li>\n<\/ol>\n<h3>3. M\u00e9todos de tratamiento<\/h3>\n<p>El tratamiento de datos personales se realiza mediante operaciones indicadas en el art. 4 n. 2 del RGPD y m\u00e1s precisamente: recopilaci\u00f3n, registro, organizaci\u00f3n, almacenamiento, consulta, procesamiento, modificaci\u00f3n, selecci\u00f3n, extracci\u00f3n, comparaci\u00f3n, uso, interconexi\u00f3n, bloqueo, comunicaci\u00f3n, cancelaci\u00f3n y destrucci\u00f3n de datos. Los datos personales de la persona de inter\u00e9s se procesar\u00e1n tanto en papel como en formato electr\u00f3nico y\/o automatizado.<\/p>\n<h3>4. Duraci\u00f3n del tratamiento<\/h3>\n<p>El responsable tratar\u00e1 tus datos personales durante el tiempo necesario para cumplir con los fines del Art\u00edculo 2.1 de esta informaci\u00f3n y, a m\u00e1s tardar, 10 a\u00f1os despu\u00e9s de la terminaci\u00f3n de la relaci\u00f3n y no m\u00e1s de 2 a\u00f1os desde la recopilaci\u00f3n de los datos personales para cualquier fin de marketing seg\u00fan el art\u00edculo 2, punto 7 de esta declaraci\u00f3n.<\/p>\n<h3>5. Acceso a los datos<\/h3>\n<p>Tus datos pueden estar disponibles para los fines mencionados en el Art\u00edculo 2:<\/p>\n<ul>\n<li>A los empleados y colaboradores del Responsable como Encargados del Tratamiento y\/o Encargados del Tratamiento, as\u00ed como al DPO (Oficial de Protecci\u00f3n de Datos), en caso de haber sido designado;<\/li>\n<li>A terceros (por ejemplo: servidores, proveedores para la gesti\u00f3n y mantenimiento del sitio web, proveedores, prestamistas, oficinas profesionales, cooperativas de servicios, etc.) que realizan actividades de externalizaci\u00f3n en nombre del Responsable, en calidad de encargados externos designados por el responsable.<\/li>\n<\/ul>\n<h3>6. Almacenamiento y transferencia de datos<\/h3>\n<p>La gesti\u00f3n y el almacenamiento de datos personales se llevar\u00e1n a cabo en servidores ubicados dentro de la Uni\u00f3n Europea del Responsable y\/o empresas de terceros designadas y debidamente designadas como Encargados del Tratamiento. Actualmente, los servidores se encuentran en Italia. Los datos no se transferir\u00e1n fuera de la Uni\u00f3n Europea. En cualquier caso, se entiende que el Responsable, cuando sea necesario, tendr\u00e1 derecho a cambiar la ubicaci\u00f3n del servidor a Italia y\/o a la Uni\u00f3n Europea y\/o a pa\u00edses no pertenecientes a la UE. En tal caso, el Responsable asegura que la transferencia de datos no pertenecientes a la UE se llevar\u00e1 a cabo de acuerdo con las disposiciones legales aplicables, estableciendo, si es necesario, acuerdos que garanticen un nivel adecuado de protecci\u00f3n y\/o adoptando las cl\u00e1usulas contractuales est\u00e1ndar previstas por la Comisi\u00f3n Europea.<\/p>\n<h3>7. Comunicaci\u00f3n de datos<\/h3>\n<p>Sin tu consentimiento expreso (art. 7 del RGPD), el responsable puede comunicar tus datos para los fines del art\u00edculo 2 a organismos de control, autoridades judiciales y a todos los dem\u00e1s sujetos a quienes la comunicaci\u00f3n sea obligatoria por ley para el cumplimiento de dichos fines. Tus datos no se divulgar\u00e1n.<\/p>\n<h3>8. Derechos del interesado<\/h3>\n<p>En tu calidad de interesado, tienes los derechos establecidos en el art. 15 del RGPD y concretamente los derechos de:<\/p>\n<p>i. Obtener la confirmaci\u00f3n de si se est\u00e1n tratando o no datos personales que le conciernen, incluso si a\u00fan no han sido registrados, y a que se le comuniquen esos datos de forma inteligible.<\/p>\n<p>ii. Obtener informaci\u00f3n sobre: a) el origen de los datos personales; b) las finalidades y modalidades del tratamiento; c) la l\u00f3gica aplicada en caso de tratamiento automatizado; d) la identidad del responsable del tratamiento, los encargados del tratamiento y, en su caso, el representante designado dentro de la Uni\u00f3n Europea; e) los destinatarios o categor\u00edas de destinatarios a quienes se puedan comunicar los datos personales, incluidos aquellos que puedan ser designados como encargados o responsables del tratamiento.<\/p>\n<p>iii. Derecho a: a) tener sus datos actualizados, rectificados o completados cuando sea necesario; b) solicitar la supresi\u00f3n, la transformaci\u00f3n en forma an\u00f3nima o el bloqueo de los datos tratados de manera il\u00edcita, incluidos los datos que no necesiten ser conservados para los fines para los que fueron recopilados o tratados posteriormente; c) obtener una confirmaci\u00f3n de que las operaciones mencionadas en los apartados (a) y (b) se han comunicado a aquellos a quienes se hayan comunicado los datos, salvo que resulte imposible o suponga un esfuerzo desproporcionado.<\/p>\n<p>iv. Oponerse, total o parcialmente: a) por motivos leg\u00edtimos, al tratamiento de los datos personales que le conciernan, incluso cuando sean pertinentes para la finalidad de la recopilaci\u00f3n; b) al tratamiento de los datos personales que le conciernan con fines de env\u00edo de material publicitario o de venta directa, o de realizaci\u00f3n de estudios de mercado o de comunicaci\u00f3n comercial, mediante el uso de sistemas automatizados de llamadas sin intervenci\u00f3n de un operador, mediante correo electr\u00f3nico y\/o mediante modalidades de marketing tradicionales mediante tel\u00e9fono y\/o correo postal. Tenga en cuenta que el derecho de oposici\u00f3n del interesado, mencionado en el punto anterior (b), para fines de marketing directo mediante m\u00e9todos automatizados se extiende tambi\u00e9n a los m\u00e9todos tradicionales, y que, de todos modos, se mantiene la posibilidad de que el interesado ejerza el derecho de oposici\u00f3n incluso solo en parte.<\/p>\n<h3>9. C\u00f3mo ejercer los derechos<\/h3>\n<p>Puedes ejercer en cualquier momento los derechos establecidos en los art\u00edculos 16 a 21 del RGPD enviando:<\/p>\n<ul>\n<li>Una carta certificada al EUROPASS SRL, P. Iva 04393630480, con sede en Via S. Egidio, 12, 50122 Florencia, a la atenci\u00f3n de Ambra Falabella.<\/li>\n<li>Un correo electr\u00f3nico certificado a europassfirenze@legamail.it<\/li>\n<\/ul>\n<h3>10. Responsable, encargado y persona encargada, Delegado de Protecci\u00f3n de Datos<\/h3>\n<p>El responsable del tratamiento es EUROPASS SRL, P. Iva 04393630480, con sede en Via S. Egidio, 12, 50122 Florencia, en persona del representante legal, pt Ambra Falabella.<br \/>\nLa lista actualizada de encargados y personas encargadas del tratamiento se encuentra en posesi\u00f3n del responsable y se puede consultar mediante solicitud por escrito.<\/p>\n<p>El DPD es el abogado Luca Spaziani, con despacho en Via di Novoli, 33\/15, 50127 Florencia. Correo electr\u00f3nico: <a href=\"mailto:lucaspazianiavvocato@gmail.com\">lucaspazianiavvocato@gmail.com<\/a><\/p>\n<h3>11. Cambios en esta informaci\u00f3n<\/h3>\n<p>Este Aviso de Informaci\u00f3n, que consta de cuatro p\u00e1ginas, puede variar.<\/p>\n<h3>12. Derecho a revocar el consentimiento<\/h3>\n<p>El responsable te informa de que, de conformidad con el art. 7, p\u00e1rrafo 3, del RGPD, tienes derecho a revocar tu consentimiento en cualquier momento.<\/p>\n","protected":false},"excerpt":{"rendered":"<p>La pol\u00edtica de privacidad de EUROPASS SRL se ha actualizado debido a la plena aplicaci\u00f3n del Reglamento de la UE 2016\/679. Tu privacidad es importante para EUROPASS SRL. Por lo tanto, hemos desarrollado una Pol\u00edtica de privacidad que regula la forma en que recopilamos, utilizamos, transferimos y almacenamos tus datos personales. Recopilaci\u00f3n y uso de [&hellip;]<\/p>\n","protected":false},"author":1788,"featured_media":0,"parent":0,"menu_order":0,"comment_status":"closed","ping_status":"closed","template":"","meta":{"_acf_changed":false,"footnotes":""},"class_list":["post-4130","page","type-page","status-publish","hentry"],"acf":[],"_links":{"self":[{"href":"https:\/\/ils.simonemontanari.com\/es\/wp-json\/wp\/v2\/pages\/4130","targetHints":{"allow":["GET"]}}],"collection":[{"href":"https:\/\/ils.simonemontanari.com\/es\/wp-json\/wp\/v2\/pages"}],"about":[{"href":"https:\/\/ils.simonemontanari.com\/es\/wp-json\/wp\/v2\/types\/page"}],"author":[{"embeddable":true,"href":"https:\/\/ils.simonemontanari.com\/es\/wp-json\/wp\/v2\/users\/1788"}],"replies":[{"embeddable":true,"href":"https:\/\/ils.simonemontanari.com\/es\/wp-json\/wp\/v2\/comments?post=4130"}],"version-history":[{"count":0,"href":"https:\/\/ils.simonemontanari.com\/es\/wp-json\/wp\/v2\/pages\/4130\/revisions"}],"wp:attachment":[{"href":"https:\/\/ils.simonemontanari.com\/es\/wp-json\/wp\/v2\/media?parent=4130"}],"curies":[{"name":"wp","href":"https:\/\/api.w.org\/{rel}","templated":true}]}}