{"id":43,"date":"2017-12-05T16:19:49","date_gmt":"2017-12-05T15:19:49","guid":{"rendered":"https:\/\/ils.simonemontanari.com\/es\/learning-holidays\/italian-language-painting-holidays\/"},"modified":"2024-08-23T12:37:34","modified_gmt":"2024-08-23T10:37:34","slug":"pintura","status":"publish","type":"page","link":"https:\/\/ils.simonemontanari.com\/es\/vacaciones\/pintura\/","title":{"rendered":"Vacaciones de Lengua Italiana y Pintura"},"content":{"rendered":"<p>En Europass podr\u00e1s sumergirte en el ambiente florentino, empezando por el aprendizaje del idioma (el \u00fanico modo para entrar verdaderamente en contacto con el alma art\u00edstica de la ciudad) y recibir clases de los mejores profesores de bellas artes.<\/p>\n<p>Estas vacaciones abarcan dibujo y pintura y puedes elegir qu\u00e9 estilos y t\u00e9cnicas quieres aprender (incluyendo acuarela). Pero estamos tambi\u00e9n en condiciones de ofrecerte una gran variedad de <a href=\"https:\/\/ils.simonemontanari.com\/es\/vacaciones\/personaliza\/\" target=\"_blank\" rel=\"noopener noreferrer\">cursos adicionales sobre escultura, mosaicos, frescos, etc<\/a>. gracias a <strong>nuestras enorme red de profesionales altamente cualificados<\/strong>.<\/p>\n<p>Venir a Italia para realizar este curso en particular constituye una <strong>oportunidad excelente, tanto para aprender en la cuna del arte<\/strong> como para conocer a otras personas con tus mismas inquietudes; una ocasi\u00f3n incre\u00edble para disfrutar de unas vacaciones diferentes y en compa\u00f1\u00eda.<\/p>\n<p>A continuaci\u00f3n se muestran los paquetes disponibles:<\/p>\n<h2>Est\u00e1ndar<\/h2>\n    <div class=\"introbox clear\">\n        <div class=\"introbox-info\">\n            <p>La opci\u00f3n m\u00e1s \u201cligera\u201d que te permite asistir a clases de italiano por las ma\u00f1anas, y a clases de dibujo o pintura durante solo 3 tardes a la semana.<br><a href=\"#page-cta\" class=\"button\">Cont\u00e1ctenos <span class=\"icon\"><svg xmlns=\"http:\/\/www.w3.org\/2000\/svg\" aria-hidden=\"true\" focusable=\"false\" role=\"img\" viewBox=\"0 0 448 512\"><path fill=\"currentColor\" d=\"M443.7 266.8l-165.9 176C274.5 446.3 269.1 448 265.5 448c-3.986 0-7.988-1.375-11.16-4.156c-6.773-5.938-7.275-16.06-1.118-22.59L393.9 272H16.59c-9.171 0-16.59-7.155-16.59-15.1S7.421 240 16.59 240h377.3l-140.7-149.3c-6.157-6.531-5.655-16.66 1.118-22.59c6.789-5.906 17.27-5.469 23.45 1.094l165.9 176C449.4 251.3 449.4 260.7 443.7 266.8z\"\/><\/svg><\/span><\/a><\/p>\n        <\/div>\n        <div class=\"introbox-img\">\n            <figure class=\"crop\"><img loading=\"lazy\" decoding=\"async\" width=\"1443\" height=\"950\" src=\"https:\/\/ils.simonemontanari.com\/es\/wp-content\/uploads\/sites\/3\/2020\/03\/clase-de-pintura.jpg\" class=\"attachment-full size-full\" alt=\"chicas pintando en florencia\" srcset=\"https:\/\/ils.simonemontanari.com\/es\/wp-content\/uploads\/sites\/3\/2020\/03\/clase-de-pintura.jpg 1443w, https:\/\/ils.simonemontanari.com\/es\/wp-content\/uploads\/sites\/3\/2020\/03\/clase-de-pintura-752x495.jpg 752w, https:\/\/ils.simonemontanari.com\/es\/wp-content\/uploads\/sites\/3\/2020\/03\/clase-de-pintura-1182x778.jpg 1182w, https:\/\/ils.simonemontanari.com\/es\/wp-content\/uploads\/sites\/3\/2020\/03\/clase-de-pintura-768x506.jpg 768w\" sizes=\"auto, (max-width: 1443px) 100vw, 1443px\" \/><\/figure>\n        <\/div>\n    <\/div>\n    \n<h3>Programa y horario<\/h3>\n<h4>Curso Grupal Est\u00e1ndar de Italiano<\/h4>\n<div class=\"icon-box\"><i class=\"fal fa-pencil-alt fa-lg fa-fw\"><\/i><span class=\"icon-box-text\">Clases de italiano <strong>todas las ma\u00f1anas<\/strong>.<\/span><\/div>\n<div class=\"icon-box\"><i class=\"fal fa-calendar-alt fa-lg fa-fw\"><\/i><span class=\"icon-box-text\"><strong>De lunes a viernes<\/strong>, de 9.00 a 12.40.<\/span><\/div>\n<div class=\"icon-box\"><i class=\"fal fa-alarm-clock fa-lg fa-fw\"><\/i><span class=\"icon-box-text\">Cada clase dura 50 minutos y tendr\u00e1s <strong>4 clases al d\u00eda<\/strong>, es decir, 20 clases por semana.<\/span><\/div>\n<h4>Clases de dibujo o pintura<\/h4>\n<div class=\"icon-box\"><i class=\"fal fa-paint-brush fa-lg fa-fw\"><\/i><span class=\"icon-box-text\"><strong>3 veces<\/strong> por semana, con horario flexible. Cada clase dura 2 horas y tendr\u00e1s <strong>6 horas a la semana<\/strong>.<\/span><\/div>\n<h3 class=\"h2\">Precio<\/h3>\n<p>Todos los paquetes incluyen: Curso Grupal Est\u00e1ndar de Italiano y Curso est\u00e1ndar de Pintura.<\/p>\n<table class=\"holiday-prices-table\">\n<tbody>\n<tr>\n<th style=\"text-align: left\">Semanas<\/th>\n<th style=\"text-align: left\">Clases de pintura y Italiano<\/th>\n<\/tr>\n<tr>\n<td style=\"text-align: left\">2<\/td>\n<td style=\"text-align: left\">930 \u20ac<\/td>\n<\/tr>\n<tr>\n<td style=\"text-align: left\">3<\/td>\n<td>1220 \u20ac<\/td>\n<\/tr>\n<tr>\n<td style=\"text-align: left\">4<\/td>\n<td style=\"text-align: left\">1470 \u20ac<\/td>\n<\/tr>\n<\/tbody>\n<\/table>\n<h2>Intensivo<\/h2>\n    <div class=\"introbox clear\">\n        <div class=\"introbox-info\">\n            <p>Se trata de un curso a jornada completa, con clases de italiano por la ma\u00f1ana y clases de pintura todas las tardes.<br><a href=\"#page-cta\" class=\"button\">Cont\u00e1ctenos <span class=\"icon\"><svg xmlns=\"http:\/\/www.w3.org\/2000\/svg\" aria-hidden=\"true\" focusable=\"false\" role=\"img\" viewBox=\"0 0 448 512\"><path fill=\"currentColor\" d=\"M443.7 266.8l-165.9 176C274.5 446.3 269.1 448 265.5 448c-3.986 0-7.988-1.375-11.16-4.156c-6.773-5.938-7.275-16.06-1.118-22.59L393.9 272H16.59c-9.171 0-16.59-7.155-16.59-15.1S7.421 240 16.59 240h377.3l-140.7-149.3c-6.157-6.531-5.655-16.66 1.118-22.59c6.789-5.906 17.27-5.469 23.45 1.094l165.9 176C449.4 251.3 449.4 260.7 443.7 266.8z\"\/><\/svg><\/span><\/a><\/p>\n        <\/div>\n        <div class=\"introbox-img\">\n            <figure class=\"crop\"><img loading=\"lazy\" decoding=\"async\" width=\"1280\" height=\"853\" src=\"https:\/\/ils.simonemontanari.com\/es\/wp-content\/uploads\/sites\/3\/2020\/03\/pintura-del-hombre.jpg\" class=\"attachment-full size-full\" alt=\"\" srcset=\"https:\/\/ils.simonemontanari.com\/es\/wp-content\/uploads\/sites\/3\/2020\/03\/pintura-del-hombre.jpg 1280w, https:\/\/ils.simonemontanari.com\/es\/wp-content\/uploads\/sites\/3\/2020\/03\/pintura-del-hombre-752x501.jpg 752w, https:\/\/ils.simonemontanari.com\/es\/wp-content\/uploads\/sites\/3\/2020\/03\/pintura-del-hombre-1182x788.jpg 1182w, https:\/\/ils.simonemontanari.com\/es\/wp-content\/uploads\/sites\/3\/2020\/03\/pintura-del-hombre-376x250.jpg 376w, https:\/\/ils.simonemontanari.com\/es\/wp-content\/uploads\/sites\/3\/2020\/03\/pintura-del-hombre-768x512.jpg 768w\" sizes=\"auto, (max-width: 1280px) 100vw, 1280px\" \/><\/figure>\n        <\/div>\n    <\/div>\n    \n<h3>Programa y horario<\/h3>\n<h4>Curso Grupal Est\u00e1ndar de Italiano<\/h4>\n<div class=\"icon-box\"><i class=\"fal fa-pencil-alt fa-lg fa-fw\"><\/i><span class=\"icon-box-text\">Clases de italiano <strong>todas las ma\u00f1anas<\/strong>.<\/span><\/div>\n<div class=\"icon-box\"><i class=\"fal fa-calendar-alt fa-lg fa-fw\"><\/i><span class=\"icon-box-text\"><strong>De lunes a viernes<\/strong>, de 9.00 a 12.40.<\/span><\/div>\n<div class=\"icon-box\"><i class=\"fal fa-alarm-clock fa-lg fa-fw\"><\/i><span class=\"icon-box-text\">Cada clase dura 50 minutos y tendr\u00e1s <strong>4 clases al d\u00eda<\/strong>, es decir, 20 clases por semana.<\/span><\/div>\n<h4>Clases de Dibujo o Pintura<\/h4>\n<div class=\"icon-box\"><i class=\"fal fa-paint-brush fa-lg fa-fw\"><\/i><span class=\"icon-box-text\"><strong>5 veces<\/strong> a la semana, con horario flexible. Cada clase dura 2 horas y tendr\u00e1s un total de <strong>10 horas por semana<\/strong>.<\/span><\/div>\n<h3 class=\"h2\">Precio<\/h3>\n<p>Todos los paquetes incluyen: Curso Grupal Est\u00e1ndar de Italiano y Curso intensivo de Pintura.<\/p>\n<table class=\"holiday-prices-table\">\n<tbody>\n<tr>\n<th style=\"text-align: left\">Semanas<\/th>\n<th style=\"text-align: left\">Clases de pintura y Italiano<\/th>\n<\/tr>\n<tr>\n<td style=\"text-align: left\">2<\/td>\n<td style=\"text-align: left\">1080 \u20ac<\/td>\n<\/tr>\n<tr>\n<td style=\"text-align: left\">3<\/td>\n<td>1415 \u20ac<\/td>\n<\/tr>\n<tr>\n<td style=\"text-align: left\">4<\/td>\n<td style=\"text-align: left\">1715 \u20ac<\/td>\n<\/tr>\n<\/tbody>\n<\/table>\n    <section class=\"conditions-box\">\n        <div class=\"conditions-text\">\n        \n<h2>Detalles<\/h2>\n<div class=\"column\">\n<div class=\"icon-box\"><i class=\"fal fa-coins fa-fw fa-2x\"><\/i><span class=\"icon-box-text\">Sin cuota de inscripci\u00f3n<\/span><\/div>\n<div class=\"icon-box\"><i class=\"fal fa-undo fa-fw fa-2x\"><\/i><span class=\"icon-box-text\">Cancelaci\u00f3n gratuita (con cuatro semanas de antelaci\u00f3n)<\/span><\/div>\n<div class=\"icon-box\"><i class=\"fal fa-book fa-fw fa-2x\"><\/i><span class=\"icon-box-text\">Material de aprendizaje incluido<\/span><\/div>\n<div class=\"icon-box\"><i class=\"fal fa-mug-hot fa-fw fa-2x\"><\/i><span class=\"icon-box-text\">Caf\u00e9, t\u00e9 y snack incluidos<\/span><\/div>\n<div class=\"icon-box\"><i class=\"fal fa-users fa-fw fa-2x\"><\/i><span class=\"icon-box-text\">Clases peque\u00f1as: m\u00edn. 4, m\u00e1x. 12<\/span><\/div>\n<div class=\"icon-box\"><i class=\"fal fa-house fa-fw fa-2x\"><\/i><span class=\"icon-box-text\">B\u00fasqueda gratuita de familias de acogida (si se requiere)<\/span><\/div>\n<\/div>\n<div class=\"column\">\n<h4>Fechas de comienzo 2023<\/h4>\n<details class=\"accordion light\"><summary>No Principiantes<span class=\"icon\"><svg xmlns=\"http:\/\/www.w3.org\/2000\/svg\" aria-hidden=\"true\" role=\"img\" viewBox=\"0 0 448 512\"><path fill=\"currentColor\" d=\"M421.1 244.2L224 426.2l-197.1-181.1C23.78 241.4 19.89 239.1 16 239.1c-4.312 0-8.609 1.719-11.75 5.156c-6 6.5-5.594 16.59 .8906 22.59l208 192c6.156 5.688 15.56 5.688 21.72 0l208-192c6.484-6 6.891-16.09 .8906-22.59C437.8 238.6 427.6 238.2 421.1 244.2zM213.1 267.8c6.156 5.688 15.56 5.688 21.72 0l208-192c6.484-6 6.891-16.09 .8906-22.59c-5.969-6.531-16.11-6.906-22.61-.9062L224 234.2L26.86 52.26C23.78 49.41 19.89 48.01 16 48.01c-4.312 0-8.609 1.719-11.75 5.156c-6 6.5-5.594 16.59 .8906 22.59L213.1 267.8z\"\/><\/svg><\/span><\/summary>\n<p>Cada lunes<\/p>\n<p>Para un n\u00famero de semanas distinto a los indicados, o para a\u00f1adir semanas adicionales, puedes <a href=\"#page-cta\">contactarnos<\/a>.<\/p>\n<\/details>\n<details class=\"accordion light\"><summary>Principiantes<span class=\"icon\"><svg xmlns=\"http:\/\/www.w3.org\/2000\/svg\" aria-hidden=\"true\" role=\"img\" viewBox=\"0 0 448 512\"><path fill=\"currentColor\" d=\"M421.1 244.2L224 426.2l-197.1-181.1C23.78 241.4 19.89 239.1 16 239.1c-4.312 0-8.609 1.719-11.75 5.156c-6 6.5-5.594 16.59 .8906 22.59l208 192c6.156 5.688 15.56 5.688 21.72 0l208-192c6.484-6 6.891-16.09 .8906-22.59C437.8 238.6 427.6 238.2 421.1 244.2zM213.1 267.8c6.156 5.688 15.56 5.688 21.72 0l208-192c6.484-6 6.891-16.09 .8906-22.59c-5.969-6.531-16.11-6.906-22.61-.9062L224 234.2L26.86 52.26C23.78 49.41 19.89 48.01 16 48.01c-4.312 0-8.609 1.719-11.75 5.156c-6 6.5-5.594 16.59 .8906 22.59L213.1 267.8z\"\/><\/svg><\/span><\/summary>\n<p>9\/01, 23\/01, 6\/02, 20\/02, 6\/03, 20\/03, 3\/04, 17\/04, 2\/05, 15\/05, 5\/06, 19\/06, 3\/07, 17\/07, 31\/07, 14\/08, 4\/09, 18\/09, 2\/10, 16\/10, 6\/11, 20\/11, 4\/12.<\/p>\n<p>Para un n\u00famero de semanas distinto a los indicados, o para a\u00f1adir semanas adicionales, puedes <a href=\"#page-cta\">contactarnos<\/a>.<\/p>\n<\/details>\n<\/div>\n<details class=\"accordion standard\"><summary>M\u00e1s informaci\u00f3n<span class=\"icon\"><svg xmlns=\"http:\/\/www.w3.org\/2000\/svg\" aria-hidden=\"true\" role=\"img\" viewBox=\"0 0 448 512\"><path fill=\"currentColor\" d=\"M421.1 244.2L224 426.2l-197.1-181.1C23.78 241.4 19.89 239.1 16 239.1c-4.312 0-8.609 1.719-11.75 5.156c-6 6.5-5.594 16.59 .8906 22.59l208 192c6.156 5.688 15.56 5.688 21.72 0l208-192c6.484-6 6.891-16.09 .8906-22.59C437.8 238.6 427.6 238.2 421.1 244.2zM213.1 267.8c6.156 5.688 15.56 5.688 21.72 0l208-192c6.484-6 6.891-16.09 .8906-22.59c-5.969-6.531-16.11-6.906-22.61-.9062L224 234.2L26.86 52.26C23.78 49.41 19.89 48.01 16 48.01c-4.312 0-8.609 1.719-11.75 5.156c-6 6.5-5.594 16.59 .8906 22.59L213.1 267.8z\"\/><\/svg><\/span><\/summary>\n<h4>Detalles del curso de lengua italiana<\/h4>\n<p><strong>Cada curso incluye<\/strong>: evaluaci\u00f3n del nivel de conocimientos de italiano, material de aprendizaje, certificado de asistencia, apoyo durante la estancia, conexi\u00f3n wifi.<\/p>\n<p>*Si no se alcanza el n\u00famero m\u00ednimo de participantes, nos reservamos el derecho de convertir el curso grupal en un n\u00famero reducido de clases individuales \/ semi individuales (<a href=\"https:\/\/ils.simonemontanari.com\/es\/reglamento\/#reducciones-y-aplazamientos\">m\u00e1s informaci\u00f3n<\/a>).<\/p>\n<h4>Detalles del tour y actividades de aprendizaje<\/h4>\n<p>Paseos guiados por los principales barrios de Florencia (tours guiados en los que descubrir la herencia hist\u00f3rica y cultural de la ciudad), paseos por Fiesole y otras localidades cercanas.<\/p>\n<h4>Detalles de las clases de Pintura<\/h4>\n<ul>\n<li>Las clases duran <strong>2 horas<\/strong><\/li>\n<li>Disponibles para todos los niveles, todo el a\u00f1o<\/li>\n<li>M\u00ednimo dos semanas de clases<\/li>\n<li><strong>Certificado de asistencia<\/strong> al finalizar el curso<\/li>\n<\/ul>\n<p><strong>El precio del curso no incluye<\/strong>: Materiales de dibujo y pintura.<\/p>\n<\/details>\n        <\/div>\n        <div class=\"conditions-cta\">\n            <i class=\"fal fa-rocket\"><\/i>            <span class=\"cta-text\">Alguna pregunta?<br>Estamos aqu\u00ed para ayudarte.<\/span><a class=\"button\" href=\"#page-cta\">Cont\u00e1ctenos  <span class=\"icon\"><svg xmlns=\"http:\/\/www.w3.org\/2000\/svg\" aria-hidden=\"true\" focusable=\"false\" role=\"img\" viewBox=\"0 0 448 512\"><path fill=\"currentColor\" d=\"M443.7 266.8l-165.9 176C274.5 446.3 269.1 448 265.5 448c-3.986 0-7.988-1.375-11.16-4.156c-6.773-5.938-7.275-16.06-1.118-22.59L393.9 272H16.59c-9.171 0-16.59-7.155-16.59-15.1S7.421 240 16.59 240h377.3l-140.7-149.3c-6.157-6.531-5.655-16.66 1.118-22.59c6.789-5.906 17.27-5.469 23.45 1.094l165.9 176C449.4 251.3 449.4 260.7 443.7 266.8z\"\/><\/svg><\/span><\/a>\n        <\/div>\n    <\/section>\n    \n[sp_testimonial id=\u00bb6514&#8243;]\n","protected":false},"excerpt":{"rendered":"<p>En Europass podr\u00e1s sumergirte en el ambiente florentino, empezando por el aprendizaje del idioma (el \u00fanico modo para entrar verdaderamente en contacto con el alma art\u00edstica de la ciudad) y recibir clases de los mejores profesores de bellas artes. Estas vacaciones abarcan dibujo y pintura y puedes elegir qu\u00e9 estilos y t\u00e9cnicas quieres aprender (incluyendo [&hellip;]<\/p>\n","protected":false},"author":1788,"featured_media":6421,"parent":11,"menu_order":0,"comment_status":"closed","ping_status":"closed","template":"course.php","meta":{"_acf_changed":false,"footnotes":""},"class_list":["post-43","page","type-page","status-publish","has-post-thumbnail","hentry"],"acf":[],"_links":{"self":[{"href":"https:\/\/ils.simonemontanari.com\/es\/wp-json\/wp\/v2\/pages\/43","targetHints":{"allow":["GET"]}}],"collection":[{"href":"https:\/\/ils.simonemontanari.com\/es\/wp-json\/wp\/v2\/pages"}],"about":[{"href":"https:\/\/ils.simonemontanari.com\/es\/wp-json\/wp\/v2\/types\/page"}],"author":[{"embeddable":true,"href":"https:\/\/ils.simonemontanari.com\/es\/wp-json\/wp\/v2\/users\/1788"}],"replies":[{"embeddable":true,"href":"https:\/\/ils.simonemontanari.com\/es\/wp-json\/wp\/v2\/comments?post=43"}],"version-history":[{"count":0,"href":"https:\/\/ils.simonemontanari.com\/es\/wp-json\/wp\/v2\/pages\/43\/revisions"}],"up":[{"embeddable":true,"href":"https:\/\/ils.simonemontanari.com\/es\/wp-json\/wp\/v2\/pages\/11"}],"wp:featuredmedia":[{"embeddable":true,"href":"https:\/\/ils.simonemontanari.com\/es\/wp-json\/wp\/v2\/media\/6421"}],"wp:attachment":[{"href":"https:\/\/ils.simonemontanari.com\/es\/wp-json\/wp\/v2\/media?parent=43"}],"curies":[{"name":"wp","href":"https:\/\/api.w.org\/{rel}","templated":true}]}}