{"id":47,"date":"2017-12-05T16:19:23","date_gmt":"2017-12-05T15:19:23","guid":{"rendered":"https:\/\/ils.simonemontanari.com\/es\/learning-holidays\/language-cooking-holidays-in-italy\/"},"modified":"2024-08-23T12:37:34","modified_gmt":"2024-08-23T10:37:34","slug":"cocinar","status":"publish","type":"page","link":"https:\/\/ils.simonemontanari.com\/es\/vacaciones\/cocinar\/","title":{"rendered":"Vacaciones para aprender el idioma y a cocinar en Italia"},"content":{"rendered":"<p>Esta es la raz\u00f3n por la que el mundo nos envidia: <strong>cuando nos sentamos a la mesa la vida se vuelve menos fren\u00e9tica<\/strong>, las personas se re\u00fanen y se dejan llevar.<\/p>\n<div class=\"review-box\"><span class=\"icon\"><svg xmlns=\"http:\/\/www.w3.org\/2000\/svg\" aria-hidden=\"true\" focusable=\"false\" role=\"img\" viewBox=\"0 0 512 512\"><path fill=\"currentColor\" d=\"M448 224h-64v-24c0-30.9 25.1-56 56-56h16c22.1 0 40-17.9 40-40V72c0-22.1-17.9-40-40-40h-16c-92.6 0-168 75.4-168 168v216c0 35.3 28.7 64 64 64h112c35.3 0 64-28.7 64-64V288c0-35.3-28.7-64-64-64zm32 192c0 17.7-14.3 32-32 32H336c-17.7 0-32-14.3-32-32V200c0-75.1 60.9-136 136-136h16c4.4 0 8 3.6 8 8v32c0 4.4-3.6 8-8 8h-16c-48.6 0-88 39.4-88 88v56h96c17.7 0 32 14.3 32 32v128zM176 224h-64v-24c0-30.9 25.1-56 56-56h16c22.1 0 40-17.9 40-40V72c0-22.1-17.9-40-40-40h-16C75.4 32 0 107.4 0 200v216c0 35.3 28.7 64 64 64h112c35.3 0 64-28.7 64-64V288c0-35.3-28.7-64-64-64zm32 192c0 17.7-14.3 32-32 32H64c-17.7 0-32-14.3-32-32V200c0-75.1 60.9-136 136-136h16c4.4 0 8 3.6 8 8v32c0 4.4-3.6 8-8 8h-16c-48.6 0-88 39.4-88 88v56h96c17.7 0 32 14.3 32 32v128z\"\/><\/svg><\/span><span class=\"review-text\">\u00a1La escuela es fant\u00e1stica! Estoy muy contenta de haber estudiado all\u00ed. Enzo es un profesor estupendo, me divert\u00ed mucho en su clase y conoc\u00ed a gente estupenda<\/span><span class=\"review-author\">\u2014 Alexandra, Bulgaria<\/span><\/div>\n<p>Hemos desarrollado <strong>este programa que combina clases de italiano y clases de cocina para cualquiera que desee experimentar este sentimiento<\/strong>: ven y qu\u00e9date en Florencia unas cuantas semanas realizando nuestro <a href=\"https:\/\/ils.simonemontanari.com\/es\/cursos-de-italiano\/\" target=\"_blank\" rel=\"noopener noreferrer\">Curso de Italiano<\/a> junto con los talleres de cocina para todos, desde principiantes hasta profesionales, de modo que puedas entablar amistad con la gente del lugar y dejarlos sorprendidos al verte cocinar al modo italiano.<\/p>\n<p>En tan solo unas pocas semanas tendr\u00e1s un progreso visible, preparar\u00e1s tu primer helado casero y empezar\u00e1s a vislumbrar los primeros resultados de tu dominio del idioma.<\/p>\n<p>Adem\u00e1s de esto, <strong>la escuela tambi\u00e9n ofrece<\/strong> <a href=\"https:\/\/ils.simonemontanari.com\/es\/estancia\/actividades\/\" target=\"_blank\" rel=\"noopener noreferrer\">diferentes actividades<\/a>, <strong>como los tour de aprendizaje y los viajes de fin de semana<\/strong>, que puedes incorporar en cualquier momento para hacer tu experiencia m\u00e1s intensa y gratificante.<\/p>\n<p>Existen los siguientes paquetes:<\/p>\n<h2>Lengua y Cocina Italiana con amigos<\/h2>\n    <div class=\"introbox clear\">\n        <div class=\"introbox-info\">\n            <p>La opci\u00f3n preferida para aquellos que quieren divertirse en la cocina, preparando en compa\u00f1\u00eda los principales platos de la tradici\u00f3n culinaria italiana.<br><a href=\"#page-cta\" class=\"button\">Cont\u00e1ctenos <span class=\"icon\"><svg xmlns=\"http:\/\/www.w3.org\/2000\/svg\" aria-hidden=\"true\" focusable=\"false\" role=\"img\" viewBox=\"0 0 448 512\"><path fill=\"currentColor\" d=\"M443.7 266.8l-165.9 176C274.5 446.3 269.1 448 265.5 448c-3.986 0-7.988-1.375-11.16-4.156c-6.773-5.938-7.275-16.06-1.118-22.59L393.9 272H16.59c-9.171 0-16.59-7.155-16.59-15.1S7.421 240 16.59 240h377.3l-140.7-149.3c-6.157-6.531-5.655-16.66 1.118-22.59c6.789-5.906 17.27-5.469 23.45 1.094l165.9 176C449.4 251.3 449.4 260.7 443.7 266.8z\"\/><\/svg><\/span><\/a><\/p>\n        <\/div>\n        <div class=\"introbox-img\">\n            <figure class=\"crop\"><img loading=\"lazy\" decoding=\"async\" width=\"1600\" height=\"900\" src=\"https:\/\/ils.simonemontanari.com\/es\/wp-content\/uploads\/sites\/3\/2019\/01\/cooking-1600x900.jpg\" class=\"attachment-full size-full\" alt=\"mercado de alimentos en florencia\" srcset=\"https:\/\/ils.simonemontanari.com\/es\/wp-content\/uploads\/sites\/3\/2019\/01\/cooking-1600x900.jpg 1600w, https:\/\/ils.simonemontanari.com\/es\/wp-content\/uploads\/sites\/3\/2019\/01\/cooking-1600x900-752x423.jpg 752w, https:\/\/ils.simonemontanari.com\/es\/wp-content\/uploads\/sites\/3\/2019\/01\/cooking-1600x900-768x432.jpg 768w, https:\/\/ils.simonemontanari.com\/es\/wp-content\/uploads\/sites\/3\/2019\/01\/cooking-1600x900-1182x665.jpg 1182w\" sizes=\"auto, (max-width: 1600px) 100vw, 1600px\" \/><\/figure>\n        <\/div>\n    <\/div>\n    \n<h3>Programa y horario<\/h3>\n<h4>Curso Grupal Est\u00e1ndar de Italiano<\/h4>\n<div class=\"icon-box\"><i class=\"fal fa-pencil-alt fa-lg fa-fw\"><\/i><span class=\"icon-box-text\">Clases de italiano <strong>todas las ma\u00f1anas<\/strong>.<\/span><\/div>\n<div class=\"icon-box\"><i class=\"fal fa-calendar-alt fa-lg fa-fw\"><\/i><span class=\"icon-box-text\">De <strong>lunes a viernes<\/strong>, de 9.00 a 12.40.<\/span><\/div>\n<div class=\"icon-box\"><i class=\"fal fa-alarm-clock fa-lg fa-fw\"><\/i><span class=\"icon-box-text\">Cada clase dura 50 minutos y tendr\u00e1s <strong>4 clases al d\u00eda<\/strong>, es decir, 20 clases por semana.<\/span><\/div>\n<h4>Clases de \u201ccocina con amigos\u201d<\/h4>\n<div class=\"icon-box\"><i class=\"fal fa-calendar-alt fa-lg fa-fw\"><\/i><span class=\"icon-box-text\"><strong>2 clases de cocina<\/strong> por semana.<\/span><\/div>\n<div class=\"icon-box\"><i class=\"fal fa-hourglass-start fa-lg fa-fw\"><\/i><span class=\"icon-box-text\">Las clases de cocina tienen una <strong>duraci\u00f3n de entre 3 y 5 horas<\/strong> (dependiendo del tipo de clase), con <strong>un m\u00e1ximo de 12 participantes<\/strong>.<\/span><\/div>\n<div class=\"icon-box\"><i class=\"fal fa-utensils fa-lg fa-fw\"><\/i><span class=\"icon-box-text\">Por turnos rotativos, tienen lugar los siguientes: Curso de Menu Completo \/ Cocina Italiana F\u00e1cil \/ Pasta Casera \/ Pizza y Helado<br \/>\n<\/span><\/div>\n<h4>Tours y Actividades de Aprendizaje<\/h4>\n<div class=\"icon-box\"><i class=\"fal fa-camera-retro fa-lg fa-fw\"><\/i><span class=\"icon-box-text\"><strong>1 tour guiado<\/strong> y otras actividades de ocio a elegir por semana.<\/span><\/div>\n<h3 class=\"h2\">Precio<\/h3>\n<p>Todos nuestros packs incluyen: Curso Grupal Est\u00e1ndar de Italiano, clases de Cocina con Amigos y tours guiados y otras actividades.<\/p>\n<table class=\"holiday-prices-table\">\n<tbody>\n<tr>\n<th>Semanas<\/th>\n<th style=\"text-align: left\">Italiano + Cocina con amigos<\/th>\n<\/tr>\n<tr>\n<td style=\"text-align: center\">1<\/td>\n<td>450 \u20ac<\/td>\n<\/tr>\n<tr>\n<td style=\"text-align: center\">2<\/td>\n<td>860 \u20ac<\/td>\n<\/tr>\n<tr>\n<td style=\"text-align: center\">semana ad.<\/td>\n<td>370 \u20ac<\/td>\n<\/tr>\n<\/tbody>\n<\/table>\n<h2>Clase de Idioma y Clase Magistral de Cocina italiana<\/h2>\n    <div class=\"introbox clear\">\n        <div class=\"introbox-info\">\n            <p>El curso para aquellos que quieran profundizar en las t\u00e9cnicas de los principales platos italianos, en un contexto m\u00e1s \u00edntimo y con el asesoramiento directo de un cocinero profesional.<br><a href=\"#page-cta\" class=\"button\">Cont\u00e1ctenos <span class=\"icon\"><svg xmlns=\"http:\/\/www.w3.org\/2000\/svg\" aria-hidden=\"true\" focusable=\"false\" role=\"img\" viewBox=\"0 0 448 512\"><path fill=\"currentColor\" d=\"M443.7 266.8l-165.9 176C274.5 446.3 269.1 448 265.5 448c-3.986 0-7.988-1.375-11.16-4.156c-6.773-5.938-7.275-16.06-1.118-22.59L393.9 272H16.59c-9.171 0-16.59-7.155-16.59-15.1S7.421 240 16.59 240h377.3l-140.7-149.3c-6.157-6.531-5.655-16.66 1.118-22.59c6.789-5.906 17.27-5.469 23.45 1.094l165.9 176C449.4 251.3 449.4 260.7 443.7 266.8z\"\/><\/svg><\/span><\/a><\/p>\n        <\/div>\n        <div class=\"introbox-img\">\n            <figure class=\"crop\"><img loading=\"lazy\" decoding=\"async\" width=\"2200\" height=\"1461\" src=\"https:\/\/ils.simonemontanari.com\/es\/wp-content\/uploads\/sites\/3\/2017\/12\/fresh-vegetables-italian-market-4.jpg\" class=\"attachment-full size-full\" alt=\"Zucchini flower fresh from the market\" srcset=\"https:\/\/ils.simonemontanari.com\/es\/wp-content\/uploads\/sites\/3\/2017\/12\/fresh-vegetables-italian-market-4.jpg 2200w, https:\/\/ils.simonemontanari.com\/es\/wp-content\/uploads\/sites\/3\/2017\/12\/fresh-vegetables-italian-market-4-376x250.jpg 376w, https:\/\/ils.simonemontanari.com\/es\/wp-content\/uploads\/sites\/3\/2017\/12\/fresh-vegetables-italian-market-4-752x499.jpg 752w, https:\/\/ils.simonemontanari.com\/es\/wp-content\/uploads\/sites\/3\/2017\/12\/fresh-vegetables-italian-market-4-768x510.jpg 768w, https:\/\/ils.simonemontanari.com\/es\/wp-content\/uploads\/sites\/3\/2017\/12\/fresh-vegetables-italian-market-4-1182x785.jpg 1182w, https:\/\/ils.simonemontanari.com\/es\/wp-content\/uploads\/sites\/3\/2017\/12\/fresh-vegetables-italian-market-4-300x199.jpg 300w, https:\/\/ils.simonemontanari.com\/es\/wp-content\/uploads\/sites\/3\/2017\/12\/fresh-vegetables-italian-market-4-1024x680.jpg 1024w\" sizes=\"auto, (max-width: 2200px) 100vw, 2200px\" \/><\/figure>\n        <\/div>\n    <\/div>\n    \n<h3>Programa y horario<\/h3>\n<h4>Curso Grupal Est\u00e1ndar de Italiano<\/h4>\n<div class=\"icon-box\"><i class=\"fal fa-pencil-alt fa-lg fa-fw\"><\/i><span class=\"icon-box-text\">Clases de italiano <strong>todas las ma\u00f1anas<\/strong>.<\/span><\/div>\n<div class=\"icon-box\"><i class=\"fal fa-calendar-alt fa-lg fa-fw\"><\/i><span class=\"icon-box-text\">De <strong>lunes a viernes<\/strong>, de 9.00 a 12.40.<\/span><\/div>\n<div class=\"icon-box\"><i class=\"fal fa-alarm-clock fa-lg fa-fw\"><\/i><span class=\"icon-box-text\">Cada clase dura 50 minutos y tendr\u00e1s <strong>4 clases al d\u00eda<\/strong>, es decir, 20 clases por semana.<\/span><\/div>\n<h4>\u201cClases Magistrales de Cocina\u201d<\/h4>\n<div class=\"icon-box\"><i class=\"fal fa-calendar-alt fa-lg fa-fw\"><\/i><span class=\"icon-box-text\"><strong>2 clases magistrales<\/strong> a la semana.<\/span><\/div>\n<div class=\"icon-box\"><i class=\"fal fa-hourglass-start fa-lg fa-fw\"><\/i><span class=\"icon-box-text\">Las clase de cocina tienen una <strong>duraci\u00f3n de 2,5 horas<\/strong> y un <strong>m\u00e1ximo de 5 participantes<\/strong>.<\/span><\/div>\n<div class=\"icon-box\"><i class=\"fal fa-utensils fa-lg fa-fw\"><\/i><span class=\"icon-box-text\">Se realizar\u00e1n las siguientes clases: Cocina Toscana \/ Pasta Fresca \/ Carne \/ Pescado \/ Resposter\u00eda \/ Helado \/ Pan, Pizza y Focaccia<\/span><\/div>\n<div class=\"icon-box\"><i class=\"fal fa-book fa-lg fa-fw\"><\/i><span class=\"icon-box-text\"><strong>Manual de recetas gratuito<\/strong><\/span><\/div>\n<h4>Tours de Aprendizaje y Actividades Culturales<\/h4>\n<div class=\"icon-box\"><i class=\"fal fa-camera-retro fa-lg fa-fw\"><\/i><span class=\"icon-box-text\"><strong>1 tour guiado<\/strong>, visitas a museos u otras actividades de ocio a elegir <strong>por semana<\/strong>.<\/span><\/div>\n<h3 class=\"h2\">Precio<\/h3>\n<p>Todos nuestros packs incluyen: Curso Grupal Est\u00e1ndar de Italiano, Clase Magistral de Cocina y tours guiados y otras actividades.<\/p>\n<table class=\"holiday-prices-table\">\n<tbody>\n<tr>\n<th>Semanas<\/th>\n<th style=\"text-align: left\">Italiano + Clase Magistral de Cocina<\/th>\n<\/tr>\n<tr>\n<td style=\"text-align: center\">1<\/td>\n<td>570 \u20ac<\/td>\n<\/tr>\n<tr>\n<td style=\"text-align: center\">2<\/td>\n<td>1100 \u20ac<\/td>\n<\/tr>\n<tr>\n<td style=\"text-align: center\">semana ad.<\/td>\n<td>490 \u20ac<\/td>\n<\/tr>\n<\/tbody>\n<\/table>\n    <section class=\"conditions-box\">\n        <div class=\"conditions-text\">\n        \n<h2>Detalles<\/h2>\n<div class=\"column\">\n<div class=\"icon-box\"><i class=\"fal fa-coins fa-fw fa-2x\"><\/i><span class=\"icon-box-text\">Sin cuota de inscripci\u00f3n<\/span><\/div>\n<div class=\"icon-box\"><i class=\"fal fa-undo fa-fw fa-2x\"><\/i><span class=\"icon-box-text\">Cancelaci\u00f3n gratuita (con cuatro semanas de antelaci\u00f3n)<\/span><\/div>\n<div class=\"icon-box\"><i class=\"fal fa-book fa-fw fa-2x\"><\/i><span class=\"icon-box-text\">Material de aprendizaje incluido<\/span><\/div>\n<div class=\"icon-box\"><i class=\"fal fa-mug-hot fa-fw fa-2x\"><\/i><span class=\"icon-box-text\">Caf\u00e9, t\u00e9 y snack incluidos<\/span><\/div>\n<div class=\"icon-box\"><i class=\"fal fa-users fa-fw fa-2x\"><\/i><span class=\"icon-box-text\">Clases peque\u00f1as: m\u00edn. 4, m\u00e1x. 12<\/span><\/div>\n<div class=\"icon-box\"><i class=\"fal fa-house fa-fw fa-2x\"><\/i><span class=\"icon-box-text\">B\u00fasqueda gratuita de familias de acogida (si se requiere)<\/span><\/div>\n<\/div>\n<div class=\"column\">\n<h4>Fechas de comienzo 2023<\/h4>\n<details class=\"accordion light\"><summary>No Principiantes<span class=\"icon\"><svg xmlns=\"http:\/\/www.w3.org\/2000\/svg\" aria-hidden=\"true\" role=\"img\" viewBox=\"0 0 448 512\"><path fill=\"currentColor\" d=\"M421.1 244.2L224 426.2l-197.1-181.1C23.78 241.4 19.89 239.1 16 239.1c-4.312 0-8.609 1.719-11.75 5.156c-6 6.5-5.594 16.59 .8906 22.59l208 192c6.156 5.688 15.56 5.688 21.72 0l208-192c6.484-6 6.891-16.09 .8906-22.59C437.8 238.6 427.6 238.2 421.1 244.2zM213.1 267.8c6.156 5.688 15.56 5.688 21.72 0l208-192c6.484-6 6.891-16.09 .8906-22.59c-5.969-6.531-16.11-6.906-22.61-.9062L224 234.2L26.86 52.26C23.78 49.41 19.89 48.01 16 48.01c-4.312 0-8.609 1.719-11.75 5.156c-6 6.5-5.594 16.59 .8906 22.59L213.1 267.8z\"\/><\/svg><\/span><\/summary>\n<p>Cada lunes<\/p>\n<p>Para un n\u00famero de semanas distinto a los indicados, o para a\u00f1adir semanas adicionales, puedes <a href=\"#page-cta\">contactarnos<\/a>.<\/p>\n<\/details>\n<details class=\"accordion light\"><summary>Principiantes<span class=\"icon\"><svg xmlns=\"http:\/\/www.w3.org\/2000\/svg\" aria-hidden=\"true\" role=\"img\" viewBox=\"0 0 448 512\"><path fill=\"currentColor\" d=\"M421.1 244.2L224 426.2l-197.1-181.1C23.78 241.4 19.89 239.1 16 239.1c-4.312 0-8.609 1.719-11.75 5.156c-6 6.5-5.594 16.59 .8906 22.59l208 192c6.156 5.688 15.56 5.688 21.72 0l208-192c6.484-6 6.891-16.09 .8906-22.59C437.8 238.6 427.6 238.2 421.1 244.2zM213.1 267.8c6.156 5.688 15.56 5.688 21.72 0l208-192c6.484-6 6.891-16.09 .8906-22.59c-5.969-6.531-16.11-6.906-22.61-.9062L224 234.2L26.86 52.26C23.78 49.41 19.89 48.01 16 48.01c-4.312 0-8.609 1.719-11.75 5.156c-6 6.5-5.594 16.59 .8906 22.59L213.1 267.8z\"\/><\/svg><\/span><\/summary>\n<p>9\/01, 23\/01, 6\/02, 20\/02, 6\/03, 20\/03, 3\/04, 17\/04, 2\/05, 15\/05, 5\/06, 19\/06, 3\/07, 17\/07, 31\/07, 14\/08, 4\/09, 18\/09, 2\/10, 16\/10, 6\/11, 20\/11, 4\/12.<\/p>\n<p>Para un n\u00famero de semanas distinto a los indicados, o para a\u00f1adir semanas adicionales, puedes <a href=\"#page-cta\">contactarnos<\/a>.<\/p>\n<\/details>\n<\/div>\n<details class=\"accordion standard\"><summary>M\u00e1s informaci\u00f3n<span class=\"icon\"><svg xmlns=\"http:\/\/www.w3.org\/2000\/svg\" aria-hidden=\"true\" role=\"img\" viewBox=\"0 0 448 512\"><path fill=\"currentColor\" d=\"M421.1 244.2L224 426.2l-197.1-181.1C23.78 241.4 19.89 239.1 16 239.1c-4.312 0-8.609 1.719-11.75 5.156c-6 6.5-5.594 16.59 .8906 22.59l208 192c6.156 5.688 15.56 5.688 21.72 0l208-192c6.484-6 6.891-16.09 .8906-22.59C437.8 238.6 427.6 238.2 421.1 244.2zM213.1 267.8c6.156 5.688 15.56 5.688 21.72 0l208-192c6.484-6 6.891-16.09 .8906-22.59c-5.969-6.531-16.11-6.906-22.61-.9062L224 234.2L26.86 52.26C23.78 49.41 19.89 48.01 16 48.01c-4.312 0-8.609 1.719-11.75 5.156c-6 6.5-5.594 16.59 .8906 22.59L213.1 267.8z\"\/><\/svg><\/span><\/summary>\n<h4>Curso de lengua italiana<\/h4>\n<p><strong>Cada curso incluye<\/strong>: evaluaci\u00f3n del nivel de conocimientos de italiano, material de aprendizaje, certificado de asistencia, apoyo durante la estancia, conexi\u00f3n wifi.<\/p>\n<p>*Si no se alcanza el n\u00famero m\u00ednimo de participantes, nos reservamos el derecho de convertir el curso grupal en un n\u00famero reducido de clases individuales \/ semi individuales (<a href=\"https:\/\/ils.simonemontanari.com\/es\/reglamento\/#reducciones-y-aplazamientos\">m\u00e1s informaci\u00f3n<\/a>).<\/p>\n<h4>Detalles del Tour de Aprendizaje<\/h4>\n<p>Paseos guiados por los principales barrios de Florencia (tours guiados en los que descubrir la herencia hist\u00f3rica y cultural de la ciudad), paseos por Fiesole y otras localidades cercanas.<\/p>\n<h4>Talleres de \u201cCocina con amigos\u201d<\/h4>\n<ul>\n<li>Duraci\u00f3n de la clase: de 3 a 5 horas<\/li>\n<li>Horario flexible<\/li>\n<li>Tama\u00f1o del grupo: m\u00e1x. 8 participantes<\/li>\n<li>Alojamiento no incluido: depender\u00e1 de en cuantas semanas distribuya el estudiante su Curso de Cocina.<\/li>\n<\/ul>\n<h4>\u201cClase Magistral de Cocina\u201d<\/h4>\n<ul>\n<li>Duraci\u00f3n de la clase: 2,5 horas<\/li>\n<li>Horario flexible<\/li>\n<li>Tama\u00f1o del grupo: m\u00e1x. 5 participantes<\/li>\n<li>Alojamiento no incluido: depender\u00e1 de en cuantas semanas distribuya el estudiante su Curso de Cocina.<\/li>\n<\/ul>\n<\/details>\n        <\/div>\n        <div class=\"conditions-cta\">\n            <i class=\"fal fa-rocket\"><\/i>            <span class=\"cta-text\">Alguna pregunta?<br>Estamos aqu\u00ed para ayudarte.<\/span><a class=\"button\" href=\"#page-cta\">Cont\u00e1ctenos  <span class=\"icon\"><svg xmlns=\"http:\/\/www.w3.org\/2000\/svg\" aria-hidden=\"true\" focusable=\"false\" role=\"img\" viewBox=\"0 0 448 512\"><path fill=\"currentColor\" d=\"M443.7 266.8l-165.9 176C274.5 446.3 269.1 448 265.5 448c-3.986 0-7.988-1.375-11.16-4.156c-6.773-5.938-7.275-16.06-1.118-22.59L393.9 272H16.59c-9.171 0-16.59-7.155-16.59-15.1S7.421 240 16.59 240h377.3l-140.7-149.3c-6.157-6.531-5.655-16.66 1.118-22.59c6.789-5.906 17.27-5.469 23.45 1.094l165.9 176C449.4 251.3 449.4 260.7 443.7 266.8z\"\/><\/svg><\/span><\/a>\n        <\/div>\n    <\/section>\n    \n[sp_testimonial id=\u00bb6512&#8243;]\n","protected":false},"excerpt":{"rendered":"<p>Esta es la raz\u00f3n por la que el mundo nos envidia: cuando nos sentamos a la mesa la vida se vuelve menos fren\u00e9tica, las personas se re\u00fanen y se dejan llevar. Hemos desarrollado este programa que combina clases de italiano y clases de cocina para cualquiera que desee experimentar este sentimiento: ven y qu\u00e9date en [&hellip;]<\/p>\n","protected":false},"author":1788,"featured_media":6422,"parent":11,"menu_order":0,"comment_status":"closed","ping_status":"closed","template":"course.php","meta":{"_acf_changed":false,"footnotes":""},"class_list":["post-47","page","type-page","status-publish","has-post-thumbnail","hentry"],"acf":[],"_links":{"self":[{"href":"https:\/\/ils.simonemontanari.com\/es\/wp-json\/wp\/v2\/pages\/47","targetHints":{"allow":["GET"]}}],"collection":[{"href":"https:\/\/ils.simonemontanari.com\/es\/wp-json\/wp\/v2\/pages"}],"about":[{"href":"https:\/\/ils.simonemontanari.com\/es\/wp-json\/wp\/v2\/types\/page"}],"author":[{"embeddable":true,"href":"https:\/\/ils.simonemontanari.com\/es\/wp-json\/wp\/v2\/users\/1788"}],"replies":[{"embeddable":true,"href":"https:\/\/ils.simonemontanari.com\/es\/wp-json\/wp\/v2\/comments?post=47"}],"version-history":[{"count":0,"href":"https:\/\/ils.simonemontanari.com\/es\/wp-json\/wp\/v2\/pages\/47\/revisions"}],"up":[{"embeddable":true,"href":"https:\/\/ils.simonemontanari.com\/es\/wp-json\/wp\/v2\/pages\/11"}],"wp:featuredmedia":[{"embeddable":true,"href":"https:\/\/ils.simonemontanari.com\/es\/wp-json\/wp\/v2\/media\/6422"}],"wp:attachment":[{"href":"https:\/\/ils.simonemontanari.com\/es\/wp-json\/wp\/v2\/media?parent=47"}],"curies":[{"name":"wp","href":"https:\/\/api.w.org\/{rel}","templated":true}]}}