{"id":49,"date":"2017-12-05T16:19:13","date_gmt":"2017-12-05T15:19:13","guid":{"rendered":"https:\/\/ils.simonemontanari.com\/es\/learning-holidays\/italian-language-holidays\/"},"modified":"2024-08-23T12:37:16","modified_gmt":"2024-08-23T10:37:16","slug":"lengua-italiana","status":"publish","type":"page","link":"https:\/\/ils.simonemontanari.com\/es\/vacaciones\/lengua-italiana\/","title":{"rendered":"Vacaciones de Lengua Italiana"},"content":{"rendered":"<p><strong>Esa es la raz\u00f3n por la que hemos dise\u00f1ado estas Vacaciones de Aprendizaje<\/strong>: Florencia es la ciudad perfecta para relajarse y disfrutar de un poco de tiempo libre, y <strong>el idioma italiano se convierte en la herramienta que necesitas para explorarla y socializar<\/strong>, ya que te permitir\u00e1 entender de verdad la cultura italiana y su modo de vida.<\/p>\n<p>A trav\u00e9s de nuestros <strong>Tours de Aprendizaje<\/strong>, te ayudaremos a que descubras los tesoros escondidos de Florencia y las espl\u00e9ndidas aldeas de los alrededores, <strong>los museos m\u00e1s incre\u00edbles de la ciudad y los barrios m\u00e1s interesantes<\/strong>.<\/p>\n<p>Y adem\u00e1s disponemos de <a href=\"https:\/\/ils.simonemontanari.com\/es\/estancia\/actividades\/\">actividades adicionales<\/a> adecuadas para todos los gustos: puedes dejarte llevar por la corriente a bordo de una barca por el R\u00edo Arno o unirte a nuestro grupo de la clase de cocina, participar en un viaje de fin de semana o en una visita guiada por los lugares m\u00e1s hist\u00f3ricos de Italia; si lo deseas puedes incluso contarnos cu\u00e1les son tus pasiones y podemos dise\u00f1ar algunas <a href=\"https:\/\/ils.simonemontanari.com\/es\/vacaciones\/personaliza\/\">actividades especialmente para ti<\/a>, aqu\u00ed en Florencia&#8230;<\/p>\n<p><strong>Deja a un lado las preocupaciones y disfruta de Florencia<\/strong>, \u00a1nos ocuparemos de todo!<\/p>\n<h2>Vacaciones de Lengua Italiana &#8211; Est\u00e1ndar<\/h2>\n    <div class=\"introbox clear\">\n        <div class=\"introbox-info\">\n            <p>Es la elecci\u00f3n para aquellos que desean una combinaci\u00f3n de clases de italiano por la ma\u00f1ana y un poco de tiempo libre por la tarde, adem\u00e1s estar\u00e1s acompa\u00f1ado por otros estudiantes en 3 Tours de Aprendizaje distintos cada semana.<br><a href=\"#page-cta\" class=\"button\">Cont\u00e1ctenos <span class=\"icon\"><svg xmlns=\"http:\/\/www.w3.org\/2000\/svg\" aria-hidden=\"true\" focusable=\"false\" role=\"img\" viewBox=\"0 0 448 512\"><path fill=\"currentColor\" d=\"M443.7 266.8l-165.9 176C274.5 446.3 269.1 448 265.5 448c-3.986 0-7.988-1.375-11.16-4.156c-6.773-5.938-7.275-16.06-1.118-22.59L393.9 272H16.59c-9.171 0-16.59-7.155-16.59-15.1S7.421 240 16.59 240h377.3l-140.7-149.3c-6.157-6.531-5.655-16.66 1.118-22.59c6.789-5.906 17.27-5.469 23.45 1.094l165.9 176C449.4 251.3 449.4 260.7 443.7 266.8z\"\/><\/svg><\/span><\/a><\/p>\n        <\/div>\n        <div class=\"introbox-img\">\n            <figure class=\"crop\"><img loading=\"lazy\" decoding=\"async\" width=\"2200\" height=\"1650\" src=\"https:\/\/ils.simonemontanari.com\/es\/wp-content\/uploads\/sites\/3\/2017\/12\/young-language-students-florence-4.jpg\" class=\"attachment-full size-full\" alt=\"Young people in Florence for a learning holiday\" srcset=\"https:\/\/ils.simonemontanari.com\/es\/wp-content\/uploads\/sites\/3\/2017\/12\/young-language-students-florence-4.jpg 2200w, https:\/\/ils.simonemontanari.com\/es\/wp-content\/uploads\/sites\/3\/2017\/12\/young-language-students-florence-4-752x564.jpg 752w, https:\/\/ils.simonemontanari.com\/es\/wp-content\/uploads\/sites\/3\/2017\/12\/young-language-students-florence-4-768x576.jpg 768w, https:\/\/ils.simonemontanari.com\/es\/wp-content\/uploads\/sites\/3\/2017\/12\/young-language-students-florence-4-1182x887.jpg 1182w, https:\/\/ils.simonemontanari.com\/es\/wp-content\/uploads\/sites\/3\/2017\/12\/young-language-students-florence-4-300x225.jpg 300w, https:\/\/ils.simonemontanari.com\/es\/wp-content\/uploads\/sites\/3\/2017\/12\/young-language-students-florence-4-1024x768.jpg 1024w\" sizes=\"auto, (max-width: 2200px) 100vw, 2200px\" \/><\/figure>\n        <\/div>\n    <\/div>\n    \n<h3>Programa y horario<\/h3>\n<h4>Curso Grupal Est\u00e1ndar de Italiano<\/h4>\n<div class=\"icon-box\"><i class=\"fal fa-pencil-alt fa-lg fa-fw\"><\/i><span class=\"icon-box-text\">Clases de italiano <strong>cada ma\u00f1ana<\/strong>.<\/span><\/div>\n<div class=\"icon-box\"><i class=\"fal fa-calendar-alt fa-lg fa-fw\"><\/i><span class=\"icon-box-text\"><strong>De lunes a viernes<\/strong>, de 9.00 a 12.40.<\/span><\/div>\n<div class=\"icon-box\"><i class=\"fal fa-alarm-clock fa-lg fa-fw\"><\/i><span class=\"icon-box-text\">Cada clase dura 50 minutos y tendr\u00e1s <strong>4 clases al d\u00eda<\/strong>, es decir 20 clases a la semana.<\/span><\/div>\n<h4>Tours y Actividades de Aprendizaje<\/h4>\n<div class=\"icon-box\"><i class=\"fal fa-camera-retro fa-lg fa-fw\"><\/i><span class=\"icon-box-text\"><strong>3 tours guiados<\/strong>, visitas a museos y otras actividades de ocio a elegir cada semana.<\/span><\/div>\n<h3>Precio<\/h3>\n<p>Todos nuestros paquetes incluyen: Curso est\u00e1ndar de italiano y tours guiados y otras actividades.<\/p>\n<table class=\"holiday-prices-table\">\n<tbody>\n<tr>\n<th style=\"text-align: left\">Semanas<\/th>\n<th style=\"text-align: left\">Curso<\/th>\n<\/tr>\n<tr>\n<td style=\"text-align: left\">1<\/td>\n<td style=\"text-align: left\">320 \u20ac<\/td>\n<\/tr>\n<tr>\n<td style=\"text-align: left\">2<\/td>\n<td style=\"text-align: left\">600 \u20ac<\/td>\n<\/tr>\n<tr>\n<td style=\"text-align: left\">semana ad.<\/td>\n<td style=\"text-align: left\">240 \u20ac<\/td>\n<\/tr>\n<\/tbody>\n<\/table>\n<h2>Vacaciones de Lengua Italiana &#8211; Intensivo<\/h2>\n    <div class=\"introbox clear\">\n        <div class=\"introbox-info\">\n            <p>El paquete perfecto para aquellos que buscan una inmersi\u00f3n plena en la lengua italiana, con clases por la ma\u00f1ana y durante la primera mitad de la tarde, con dos Tours de Aprendizaje a elegir cada semana (por las tardes).<br><a href=\"#page-cta\" class=\"button\">Cont\u00e1ctenos <span class=\"icon\"><svg xmlns=\"http:\/\/www.w3.org\/2000\/svg\" aria-hidden=\"true\" focusable=\"false\" role=\"img\" viewBox=\"0 0 448 512\"><path fill=\"currentColor\" d=\"M443.7 266.8l-165.9 176C274.5 446.3 269.1 448 265.5 448c-3.986 0-7.988-1.375-11.16-4.156c-6.773-5.938-7.275-16.06-1.118-22.59L393.9 272H16.59c-9.171 0-16.59-7.155-16.59-15.1S7.421 240 16.59 240h377.3l-140.7-149.3c-6.157-6.531-5.655-16.66 1.118-22.59c6.789-5.906 17.27-5.469 23.45 1.094l165.9 176C449.4 251.3 449.4 260.7 443.7 266.8z\"\/><\/svg><\/span><\/a><\/p>\n        <\/div>\n        <div class=\"introbox-img\">\n            <figure class=\"crop\"><img loading=\"lazy\" decoding=\"async\" width=\"2200\" height=\"1467\" src=\"https:\/\/ils.simonemontanari.com\/es\/wp-content\/uploads\/sites\/3\/2017\/12\/tour-florence.jpg\" class=\"attachment-full size-full\" alt=\"ni\u00f1o en un museo\" srcset=\"https:\/\/ils.simonemontanari.com\/es\/wp-content\/uploads\/sites\/3\/2017\/12\/tour-florence.jpg 2200w, https:\/\/ils.simonemontanari.com\/es\/wp-content\/uploads\/sites\/3\/2017\/12\/tour-florence-376x250.jpg 376w, https:\/\/ils.simonemontanari.com\/es\/wp-content\/uploads\/sites\/3\/2017\/12\/tour-florence-752x501.jpg 752w, https:\/\/ils.simonemontanari.com\/es\/wp-content\/uploads\/sites\/3\/2017\/12\/tour-florence-768x512.jpg 768w, https:\/\/ils.simonemontanari.com\/es\/wp-content\/uploads\/sites\/3\/2017\/12\/tour-florence-1182x788.jpg 1182w, https:\/\/ils.simonemontanari.com\/es\/wp-content\/uploads\/sites\/3\/2017\/12\/tour-florence-300x200.jpg 300w, https:\/\/ils.simonemontanari.com\/es\/wp-content\/uploads\/sites\/3\/2017\/12\/tour-florence-1024x683.jpg 1024w\" sizes=\"auto, (max-width: 2200px) 100vw, 2200px\" \/><\/figure>\n        <\/div>\n    <\/div>\n    \n<h3>Programa y horario<\/h3>\n<h4>Curso Grupal Intensivo de italiano<\/h4>\n<div class=\"icon-box\"><i class=\"fal fa-pencil-alt fa-lg fa-fw\"><\/i><span class=\"icon-box-text\">Clases cada ma\u00f1ana y durante la primera mitad de la tarde.<\/span><\/div>\n<div class=\"icon-box\"><i class=\"fal fa-calendar-alt fa-lg fa-fw\"><\/i><span class=\"icon-box-text\"><strong>De lunes a viernes<\/strong>, con clases de 9.00 a 12.40 y 13.10 a 14.50.<\/span><\/div>\n<div class=\"icon-box\"><i class=\"fal fa-alarm-clock fa-lg fa-fw\"><\/i><span class=\"icon-box-text\">Cada clase dura 50 minutos y tendr\u00e1s <strong>6 clases al d\u00eda<\/strong>, es decir, 30 clases a la semana.<\/span><\/div>\n<h4>Tours y Actividades de Aprendizaje<\/h4>\n<div class=\"icon-box\"><i class=\"fal fa-camera-retro fa-lg fa-fw\"><\/i><span class=\"icon-box-text\"><strong>2 tours guiados<\/strong>, visitas a museos u otras actividades de ocio a elegir cada semana.<\/span><\/div>\n<h4>Alojamiento<\/h4>\n<div class=\"icon-box\"><i class=\"fal fa-calendar-alt fa-lg fa-fw\"><\/i><span class=\"icon-box-text\">Llegada los domingos, salida los s\u00e1bados.<\/span><\/div>\n<div class=\"icon-box\"><i class=\"fal fa-bed fa-lg fa-fw\"><\/i><span class=\"icon-box-text\">Existen <strong>principalmente 2 opciones<\/strong> para el alojamiento: una habitaci\u00f3n Individual en un piso compartido  y una habitaci\u00f3n individual a media pensi\u00f3n con una familia de acogida.<\/span><\/div>\n<h3 class=\"h2\">Precio<\/h3>\n<p>Todos nuestros paquetes incluyen: Curso Grupal Intensivo de italiano y tours guiados y otras actividades.<\/p>\n<table class=\"holiday-prices-table\">\n<tbody>\n<tr>\n<th style=\"text-align: left\">Semanas<\/th>\n<th style=\"text-align: left\">Curso<\/th>\n<\/tr>\n<tr>\n<td style=\"text-align: left\">1<\/td>\n<td>430 \u20ac<\/td>\n<\/tr>\n<tr>\n<td style=\"text-align: left\">2<\/td>\n<td style=\"text-align: left\">820 \u20ac<\/td>\n<\/tr>\n<tr>\n<td style=\"text-align: left\">semana ad.<\/td>\n<td>330 \u20ac<\/td>\n<\/tr>\n<\/tbody>\n<\/table>\n    <section class=\"conditions-box\">\n        <div class=\"conditions-text\">\n        \n<h2>Detalles<\/h2>\n<div class=\"column\">\n<div class=\"icon-box\"><i class=\"fal fa-coins fa-fw fa-2x\"><\/i><span class=\"icon-box-text\">Sin cuota de inscripci\u00f3n<\/span><\/div>\n<div class=\"icon-box\"><i class=\"fal fa-undo fa-fw fa-2x\"><\/i><span class=\"icon-box-text\">Cancelaci\u00f3n gratuita (con cuatro semanas de antelaci\u00f3n)<\/span><\/div>\n<div class=\"icon-box\"><i class=\"fal fa-book fa-fw fa-2x\"><\/i><span class=\"icon-box-text\">Material de aprendizaje incluido<\/span><\/div>\n<div class=\"icon-box\"><i class=\"fal fa-mug-hot fa-fw fa-2x\"><\/i><span class=\"icon-box-text\">Caf\u00e9, t\u00e9 y snack incluidos<\/span><\/div>\n<div class=\"icon-box\"><i class=\"fal fa-users fa-fw fa-2x\"><\/i><span class=\"icon-box-text\">Clases peque\u00f1as: m\u00edn. 4, m\u00e1x. 12<\/span><\/div>\n<div class=\"icon-box\"><i class=\"fal fa-house fa-fw fa-2x\"><\/i><span class=\"icon-box-text\">B\u00fasqueda gratuita de familias de acogida (si se requiere)<\/span><\/div>\n<\/div>\n<div class=\"column\">\n<h4>Fechas de comienzo 2023<\/h4>\n<details class=\"accordion light\"><summary>No Principiantes<span class=\"icon\"><svg xmlns=\"http:\/\/www.w3.org\/2000\/svg\" aria-hidden=\"true\" role=\"img\" viewBox=\"0 0 448 512\"><path fill=\"currentColor\" d=\"M421.1 244.2L224 426.2l-197.1-181.1C23.78 241.4 19.89 239.1 16 239.1c-4.312 0-8.609 1.719-11.75 5.156c-6 6.5-5.594 16.59 .8906 22.59l208 192c6.156 5.688 15.56 5.688 21.72 0l208-192c6.484-6 6.891-16.09 .8906-22.59C437.8 238.6 427.6 238.2 421.1 244.2zM213.1 267.8c6.156 5.688 15.56 5.688 21.72 0l208-192c6.484-6 6.891-16.09 .8906-22.59c-5.969-6.531-16.11-6.906-22.61-.9062L224 234.2L26.86 52.26C23.78 49.41 19.89 48.01 16 48.01c-4.312 0-8.609 1.719-11.75 5.156c-6 6.5-5.594 16.59 .8906 22.59L213.1 267.8z\"\/><\/svg><\/span><\/summary>\n<p>Cada lunes<\/p>\n<p>Para un n\u00famero de semanas distinto a los indicados, o para a\u00f1adir semanas adicionales, puedes <a href=\"#page-cta\">contactarnos<\/a>.<\/p>\n<\/details>\n<details class=\"accordion light\"><summary>Principiantes<span class=\"icon\"><svg xmlns=\"http:\/\/www.w3.org\/2000\/svg\" aria-hidden=\"true\" role=\"img\" viewBox=\"0 0 448 512\"><path fill=\"currentColor\" d=\"M421.1 244.2L224 426.2l-197.1-181.1C23.78 241.4 19.89 239.1 16 239.1c-4.312 0-8.609 1.719-11.75 5.156c-6 6.5-5.594 16.59 .8906 22.59l208 192c6.156 5.688 15.56 5.688 21.72 0l208-192c6.484-6 6.891-16.09 .8906-22.59C437.8 238.6 427.6 238.2 421.1 244.2zM213.1 267.8c6.156 5.688 15.56 5.688 21.72 0l208-192c6.484-6 6.891-16.09 .8906-22.59c-5.969-6.531-16.11-6.906-22.61-.9062L224 234.2L26.86 52.26C23.78 49.41 19.89 48.01 16 48.01c-4.312 0-8.609 1.719-11.75 5.156c-6 6.5-5.594 16.59 .8906 22.59L213.1 267.8z\"\/><\/svg><\/span><\/summary>\n<p>9\/01, 23\/01, 6\/02, 20\/02, 6\/03, 20\/03, 3\/04, 17\/04, 2\/05, 15\/05, 5\/06, 19\/06, 3\/07, 17\/07, 31\/07, 14\/08, 4\/09, 18\/09, 2\/10, 16\/10, 6\/11, 20\/11, 4\/12.<\/p>\n<p>Para un n\u00famero de semanas distinto a los indicados, o para a\u00f1adir semanas adicionales, puedes <a href=\"#page-cta\">contactarnos<\/a>.<\/p>\n<\/details>\n<\/div>\n<details class=\"accordion standard\"><summary>M\u00e1s informaci\u00f3n<span class=\"icon\"><svg xmlns=\"http:\/\/www.w3.org\/2000\/svg\" aria-hidden=\"true\" role=\"img\" viewBox=\"0 0 448 512\"><path fill=\"currentColor\" d=\"M421.1 244.2L224 426.2l-197.1-181.1C23.78 241.4 19.89 239.1 16 239.1c-4.312 0-8.609 1.719-11.75 5.156c-6 6.5-5.594 16.59 .8906 22.59l208 192c6.156 5.688 15.56 5.688 21.72 0l208-192c6.484-6 6.891-16.09 .8906-22.59C437.8 238.6 427.6 238.2 421.1 244.2zM213.1 267.8c6.156 5.688 15.56 5.688 21.72 0l208-192c6.484-6 6.891-16.09 .8906-22.59c-5.969-6.531-16.11-6.906-22.61-.9062L224 234.2L26.86 52.26C23.78 49.41 19.89 48.01 16 48.01c-4.312 0-8.609 1.719-11.75 5.156c-6 6.5-5.594 16.59 .8906 22.59L213.1 267.8z\"\/><\/svg><\/span><\/summary>\n<h4 class=\"h4\">Detalles del curso de lengua italiana<\/h4>\n<p><strong>Cada curso incluye<\/strong>: evaluaci\u00f3n del nivel de italiano, materiales de aprendizaje, certificado de asistencia, apoyo durante toda la estancia, conexi\u00f3n wifi.<\/p>\n<p>*Si no se alcanza el n\u00famero m\u00ednimo de participantes, nos reservamos el derecho de convertir el curso grupal en un n\u00famero reducido de clases individuales \/ semi individuales (<a href=\"https:\/\/ils.simonemontanari.com\/es\/reglamento\/#reducciones-y-aplazamientos\">m\u00e1s informaci\u00f3n<\/a>).<\/p>\n<h4 class=\"h4\">Detalles del Tour de Aprendizaje<\/h4>\n<p>Paseos guiados por los principales barrios de Florencia (tours guiados en los que descubrir la herencia hist\u00f3rica y cultural de la ciudad), paseos por Fiesole y otras localidades cercanas.<\/p>\n<\/details>\n        <\/div>\n        <div class=\"conditions-cta\">\n            <i class=\"fal fa-rocket\"><\/i>            <span class=\"cta-text\">Alguna pregunta?<br>Estamos aqu\u00ed para ayudarte.<\/span><a class=\"button\" href=\"#page-cta\">Cont\u00e1ctenos  <span class=\"icon\"><svg xmlns=\"http:\/\/www.w3.org\/2000\/svg\" aria-hidden=\"true\" focusable=\"false\" role=\"img\" viewBox=\"0 0 448 512\"><path fill=\"currentColor\" d=\"M443.7 266.8l-165.9 176C274.5 446.3 269.1 448 265.5 448c-3.986 0-7.988-1.375-11.16-4.156c-6.773-5.938-7.275-16.06-1.118-22.59L393.9 272H16.59c-9.171 0-16.59-7.155-16.59-15.1S7.421 240 16.59 240h377.3l-140.7-149.3c-6.157-6.531-5.655-16.66 1.118-22.59c6.789-5.906 17.27-5.469 23.45 1.094l165.9 176C449.4 251.3 449.4 260.7 443.7 266.8z\"\/><\/svg><\/span><\/a>\n        <\/div>\n    <\/section>\n    \n[sp_testimonial id=\u00bb6529&#8243;]\n","protected":false},"excerpt":{"rendered":"<p>Esa es la raz\u00f3n por la que hemos dise\u00f1ado estas Vacaciones de Aprendizaje: Florencia es la ciudad perfecta para relajarse y disfrutar de un poco de tiempo libre, y el idioma italiano se convierte en la herramienta que necesitas para explorarla y socializar, ya que te permitir\u00e1 entender de verdad la cultura italiana y su [&hellip;]<\/p>\n","protected":false},"author":1788,"featured_media":6420,"parent":11,"menu_order":0,"comment_status":"closed","ping_status":"closed","template":"course.php","meta":{"_acf_changed":false,"footnotes":""},"class_list":["post-49","page","type-page","status-publish","has-post-thumbnail","hentry"],"acf":[],"_links":{"self":[{"href":"https:\/\/ils.simonemontanari.com\/es\/wp-json\/wp\/v2\/pages\/49","targetHints":{"allow":["GET"]}}],"collection":[{"href":"https:\/\/ils.simonemontanari.com\/es\/wp-json\/wp\/v2\/pages"}],"about":[{"href":"https:\/\/ils.simonemontanari.com\/es\/wp-json\/wp\/v2\/types\/page"}],"author":[{"embeddable":true,"href":"https:\/\/ils.simonemontanari.com\/es\/wp-json\/wp\/v2\/users\/1788"}],"replies":[{"embeddable":true,"href":"https:\/\/ils.simonemontanari.com\/es\/wp-json\/wp\/v2\/comments?post=49"}],"version-history":[{"count":0,"href":"https:\/\/ils.simonemontanari.com\/es\/wp-json\/wp\/v2\/pages\/49\/revisions"}],"up":[{"embeddable":true,"href":"https:\/\/ils.simonemontanari.com\/es\/wp-json\/wp\/v2\/pages\/11"}],"wp:featuredmedia":[{"embeddable":true,"href":"https:\/\/ils.simonemontanari.com\/es\/wp-json\/wp\/v2\/media\/6420"}],"wp:attachment":[{"href":"https:\/\/ils.simonemontanari.com\/es\/wp-json\/wp\/v2\/media?parent=49"}],"curies":[{"name":"wp","href":"https:\/\/api.w.org\/{rel}","templated":true}]}}