{"id":5291,"date":"2022-10-10T08:51:43","date_gmt":"2022-10-10T06:51:43","guid":{"rendered":"https:\/\/ils.simonemontanari.com\/es\/?page_id=5291"},"modified":"2024-08-23T12:37:06","modified_gmt":"2024-08-23T10:37:06","slug":"curso-de-italiano-larga-duracion","status":"publish","type":"page","link":"https:\/\/ils.simonemontanari.com\/es\/curso-de-italiano-larga-duracion\/","title":{"rendered":"Curso de Italiano de Larga Duraci\u00f3n"},"content":{"rendered":"<h2>Descripci\u00f3n del curso<\/h2>\n<p>Un a\u00f1o sab\u00e1tico en Italia es una aventura \u00fanica en la vida. Aprende un nuevo idioma, experimenta el estilo de vida italiano y mira la vida como nunca antes la hab\u00edas visto.<\/p>\n<p>Ya sea que desees estudiar durante <strong>unos meses<\/strong> o que quieras tomarte un <strong>a\u00f1o sab\u00e1tico completo en Italia<\/strong>, al inscribirte en el programa tendr\u00e1s a tu disposici\u00f3n una organizaci\u00f3n de confianza con un historial de \u00e9xito en la acogida de estudiantes internacionales, brind\u00e1ndoles todo el apoyo necesario y introduci\u00e9ndolos a la cultura italiana!<\/p>\n<p>Tendr\u00e1s un contacto confiable para dar tus primeros pasos hacia tu <strong>experiencia de estudio en el extranjero<\/strong>.<\/p>\n<p>Adem\u00e1s, el programa te brindar\u00e1 la oportunidad de obtener una <strong>visa de estudios para Italia<\/strong> y la Uni\u00f3n Europea, y tambi\u00e9n te brindar\u00e1 la posibilidad de continuar tu educaci\u00f3n en Europa o solicitar una <strong>visa de trabajo para Italia<\/strong> y\/o la Uni\u00f3n Europea.<\/p>\n<p>*<strong>Nota bien:<\/strong> para estancias de 3 meses, <a href=\"https:\/\/ils.simonemontanari.com\/es\/blog\/como-conseguir-visa-de-estudiante-para-italia\/\">no es necesario el visado<\/a>.<\/p>\n<h2><span id=\"que-esta-incluydo\">Que est\u00e1 incluydo<\/span><\/h2>\n<div class=\"icon-box\"><i class=\"fal fa-certificate fa-fw fa-2x\"><\/i><span class=\"icon-box-text\">Preparaci\u00f3n para obtener el <a href=\"https:\/\/ils.simonemontanari.com\/es\/examenes-de-italiano\/curso-preparacion-celi\/\">Certificado de idioma CELI<\/a>*<\/span><\/div>\n<div class=\"icon-box\"><i class=\"fal fa-chalkboard-user fa-fw fa-2x\"><\/i><span class=\"icon-box-text\">Educaci\u00f3n de alta calidad<\/span><\/div>\n<div class=\"icon-box\"><i class=\"fal fa-circle-info fa-fw fa-2x\"><\/i><span class=\"icon-box-text\">Apoyo administrativo<\/span><\/div>\n<div class=\"icon-box\"><i class=\"fal fa-book fa-fw fa-2x\"><\/i><span class=\"icon-box-text\">Material de aprendizaje<\/span><\/div>\n<div class=\"icon-box\"><i class=\"fal fa-mug-hot fa-fw fa-2x\"><\/i><span class=\"icon-box-text\">Caf\u00e9, t\u00e9 y snack<\/span><\/div>\n<p>*Para matricularse en universidades italianas, necesitas el <a href=\"https:\/\/www.unistrapg.it\/it\/certificati-di-conoscenza-della-lingua-italiana\/calendario-esami-celi-e-dils-pg\" target=\"_blank\" rel=\"noopener\">Nivel CELI B2<\/a>.<\/p>\n<h2>Qu\u00e9 se puede incluir<\/h2>\n<div class=\"icon-box\"><i class=\"fal fa-camera-retro fa-fw fa-2x\"><\/i><span class=\"icon-box-text\">Tours y Actividades Extra<\/span><\/div>\n<div class=\"icon-box\"><i class=\"fal fa-building-columns fa-fw fa-2x\"><\/i><span class=\"icon-box-text\">Orientaci\u00f3n acad\u00e9mica sobre las universidades italianas<\/span><\/div>\n<div class=\"icon-box\"><i class=\"fal fa-house fa-fw fa-2x\"><\/i><span class=\"icon-box-text\">B\u00fasqueda gratuita de alojamiento<\/span><\/div>\n<h2>Precio<\/h2>\n<table class=\"holiday-prices-table\" style=\"max-width: 376px;\">\n<tbody>\n<tr>\n<th style=\"text-align: left;\">Meses<\/th>\n<th style=\"text-align: left;\">Precio<\/th>\n<\/tr>\n<tr>\n<td style=\"text-align: left;\">3<\/td>\n<td style=\"text-align: left;\">1800 \u20ac<\/td>\n<\/tr>\n<tr>\n<td style=\"text-align: left;\">6<\/td>\n<td>3200 \u20ac<\/td>\n<\/tr>\n<tr>\n<td style=\"text-align: left;\">12<\/td>\n<td style=\"text-align: left;\">6200 \u20ac<\/td>\n<\/tr>\n<\/tbody>\n<\/table>\n<p><strong>*<\/strong>El costo del examen CELI (\u20ac 120) no est\u00e0 incluydo.<\/p>\n<p><strong>Alojamiento en Florencia (opcional):<\/strong><\/p>\n<ul>\n<li><strong>Apartamento compartido:<\/strong>\u00a0A partir de \u20ac 1.650 (12 semanas)<\/li>\n<li><strong>Familia anfitriona:<\/strong>\u00a0A partir de \u20ac 3.320 (12 semanas)<\/li>\n<\/ul>\n[ep_conditions_box\u00bb]\n<h2>Detalles del curso<\/h2>\n<div class=\"column\">\n<div class=\"icon-box\"><i class=\"fal fa-coins fa-fw fa-2x\"><\/i><span class=\"icon-box-text\">Sin cuota de inscripci\u00f3n<\/span><\/div>\n<div class=\"icon-box\"><i class=\"fal fa-undo fa-fw fa-2x\"><\/i><span class=\"icon-box-text\">Cancelaci\u00f3n gratuita<\/span><\/div>\n<div class=\"icon-box\"><i class=\"fal fa-calendar-alt fa-fw fa-2x\"><\/i><span class=\"icon-box-text\">Fechas: Cada primero y tercero lunes del mes.<\/span><\/div>\n<div class=\"icon-box\"><i class=\"fal fa-alarm-clock fa-fw fa-2x\"><\/i><span class=\"icon-box-text\">Desde Lunes a Viernes, normalmente de 9:00 a 12:40.<\/span><\/div>\n<div class=\"icon-box\"><i class=\"fal fa-sliders-h fa-fw fa-2x\"><\/i><span class=\"icon-box-text\">Cursos disponibles para todos los niveles<\/span><\/div>\n<div class=\"icon-box\"><i class=\"fal fa-users fa-fw fa-2x\"><\/i><span class=\"icon-box-text\">Clases peque\u00f1as: m\u00edn. 4, m\u00e1x. 12 estudiantes<\/span><\/div>\n<\/div>\n<div class=\"column\"><\/div>\n[\/ep_conditions_box]\n","protected":false},"excerpt":{"rendered":"<p>Descripci\u00f3n del curso Un a\u00f1o sab\u00e1tico en Italia es una aventura \u00fanica en la vida. Aprende un nuevo idioma, experimenta el estilo de vida italiano y mira la vida como nunca antes la hab\u00edas visto. Ya sea que desees estudiar durante unos meses o que quieras tomarte un a\u00f1o sab\u00e1tico completo en Italia, al inscribirte [&hellip;]<\/p>\n","protected":false},"author":1788,"featured_media":7158,"parent":0,"menu_order":0,"comment_status":"closed","ping_status":"closed","template":"course.php","meta":{"_acf_changed":false,"footnotes":""},"class_list":["post-5291","page","type-page","status-publish","has-post-thumbnail","hentry"],"acf":[],"_links":{"self":[{"href":"https:\/\/ils.simonemontanari.com\/es\/wp-json\/wp\/v2\/pages\/5291","targetHints":{"allow":["GET"]}}],"collection":[{"href":"https:\/\/ils.simonemontanari.com\/es\/wp-json\/wp\/v2\/pages"}],"about":[{"href":"https:\/\/ils.simonemontanari.com\/es\/wp-json\/wp\/v2\/types\/page"}],"author":[{"embeddable":true,"href":"https:\/\/ils.simonemontanari.com\/es\/wp-json\/wp\/v2\/users\/1788"}],"replies":[{"embeddable":true,"href":"https:\/\/ils.simonemontanari.com\/es\/wp-json\/wp\/v2\/comments?post=5291"}],"version-history":[{"count":0,"href":"https:\/\/ils.simonemontanari.com\/es\/wp-json\/wp\/v2\/pages\/5291\/revisions"}],"wp:featuredmedia":[{"embeddable":true,"href":"https:\/\/ils.simonemontanari.com\/es\/wp-json\/wp\/v2\/media\/7158"}],"wp:attachment":[{"href":"https:\/\/ils.simonemontanari.com\/es\/wp-json\/wp\/v2\/media?parent=5291"}],"curies":[{"name":"wp","href":"https:\/\/api.w.org\/{rel}","templated":true}]}}