{"id":6275,"date":"2023-06-06T17:33:50","date_gmt":"2023-06-06T15:33:50","guid":{"rendered":"https:\/\/ils.simonemontanari.com\/es\/?page_id=6275"},"modified":"2024-08-23T12:37:10","modified_gmt":"2024-08-23T10:37:10","slug":"politica-de-cookies","status":"publish","type":"page","link":"https:\/\/ils.simonemontanari.com\/es\/politica-de-cookies\/","title":{"rendered":"Pol\u00edtica de cookies"},"content":{"rendered":"<p>Para garantizar el correcto funcionamiento de los procedimientos y mejorar la experiencia del usuario, este sitio web utiliza cookies t\u00e9cnicas y de \u00abterceros\u00bb.<\/p>\n<h2>Definici\u00f3n y duraci\u00f3n de las cookies<\/h2>\n<p>Las cookies son peque\u00f1as cantidades de informaci\u00f3n almacenadas en un archivo de texto que los sitios web visitados por el usuario env\u00edan a sus dispositivos, generalmente al navegador, para ser transmitidas durante la siguiente sesi\u00f3n de navegaci\u00f3n realizada por el mismo usuario en el mismo sitio. Las cookies solo pueden ser le\u00eddas por el sitio web que las cre\u00f3. Su prop\u00f3sito es realizar un seguimiento de las preferencias del usuario y proporcionar una mejor experiencia de navegaci\u00f3n.<\/p>\n<p>La funci\u00f3n de una cookie es ayudar al sitio web a identificar a un usuario durante la sesi\u00f3n de navegaci\u00f3n. Por lo tanto, existen <strong>cookies temporales<\/strong> relacionadas con la sesi\u00f3n de navegaci\u00f3n actual, que permanecen activas solo hasta que se cierre el navegador o se ejecute el comando de cierre de sesi\u00f3n, y existen <strong>cookies permanentes<\/strong> que permanecen disponibles incluso durante las sesiones de navegaci\u00f3n posteriores. La duraci\u00f3n de estas cookies es determinada por el servidor en el momento de su creaci\u00f3n: en algunos casos, hay una fecha de vencimiento, mientras que, en otros, la duraci\u00f3n es ilimitada.<\/p>\n<h2>Expresi\u00f3n de consentimiento<\/h2>\n<p>Este sitio utiliza un banner de cookies, que es un aviso emergente que se muestra a cada usuario al acceder por primera vez desde cualquier dispositivo. El banner indica expl\u00edcitamente el uso de cookies por parte del sitio y solicita el consentimiento para su instalaci\u00f3n. Tambi\u00e9n proporciona enlaces a la <a href=\"https:\/\/ils.simonemontanari.com\/es\/politica-de-privacidad\/\">Pol\u00edtica de Privacidad<\/a> completa.<\/p>\n<p>De acuerdo con el RGPD, el consentimiento recopilado se documenta \u00edntegramente. Esto incluye, adem\u00e1s de los servicios y grupos de servicios a los que el visitante ha consentido, todas las configuraciones del banner de cookies en el momento del consentimiento, as\u00ed como las circunstancias t\u00e9cnicas (por ejemplo, el tama\u00f1o del \u00e1rea mostrada en el momento del consentimiento) y las interacciones del usuario (por ejemplo, clics en botones) que llevaron al consentimiento. El consentimiento se recopila una vez por idioma.<\/p>\n<p>El usuario tiene la capacidad de expresar su consentimiento o disentimiento en cualquier momento.<\/p>\n<h2>Tipos de cookies<\/h2>\n<p>Seg\u00fan las caracter\u00edsticas y el uso de las cookies, se pueden distinguir diferentes tipos:<\/p>\n<p><strong>Cookies t\u00e9cnicas<\/strong>: necesarias para el funcionamiento normal del sitio, se utilizan \u00fanicamente con el fin de \u00abrealizar la transmisi\u00f3n de una comunicaci\u00f3n a trav\u00e9s de una red de comunicaciones electr\u00f3nicas, o en la medida estrictamente necesaria para que el proveedor de un servicio de la sociedad de la informaci\u00f3n preste ese servicio solicitado expl\u00edcitamente por el suscriptor o usuario\u00bb. No se utilizan para otros fines y generalmente se instalan directamente por parte del propietario o administrador del sitio web.<\/p>\n<p>Se pueden dividir en: <strong>cookies de navegaci\u00f3n o de sesi\u00f3n<\/strong>, que garantizan la navegaci\u00f3n y el uso normal del sitio web; <strong>cookies anal\u00edticas<\/strong>, consideradas cookies t\u00e9cnicas cuando son utilizadas directamente por el administrador del sitio para recopilar informaci\u00f3n, de forma agregada, sobre el n\u00famero de usuarios y c\u00f3mo visitan el sitio; <strong>cookies de funcionalidad<\/strong>: permiten al usuario navegar en funci\u00f3n de una serie de criterios seleccionados con el fin de mejorar el servicio proporcionado.<\/p>\n<p>Para la instalaci\u00f3n de dichas cookies no se requiere el consentimiento previo de los usuarios, pero sigue siendo obligatorio proporcionar la informaci\u00f3n de acuerdo con el Art\u00edculo 13 del Reglamento de la UE 2016\/679, que el administrador del sitio, si solo utiliza estos dispositivos, puede proporcionar de la manera que considere m\u00e1s adecuada.<\/p>\n<p><strong>Cookies de perfilado<\/strong>: tienen como objetivo crear perfiles relacionados con el usuario y se utilizan para enviar mensajes publicitarios acordes a las preferencias expresadas por el usuario durante la navegaci\u00f3n en l\u00ednea. Debido a la particular invasividad que estos dispositivos pueden tener en la esfera privada de los usuarios, la normativa europea e italiana requiere que el usuario sea adecuadamente informado sobre su uso y exprese su consentimiento v\u00e1lido.<\/p>\n<p>Se establece que \u00abel almacenamiento de informaci\u00f3n en el equipo terminal de un contratante o usuario o el acceso a informaci\u00f3n ya almacenada solo se permite con la condici\u00f3n de que el contratante o usuario haya dado su consentimiento despu\u00e9s de haber sido informado de manera simplificada de conformidad con el Art\u00edculo 13 del Reglamento de la UE 2016\/679.<\/p>\n<p>Este sitio web no utiliza cookies de perfilado.<\/p>\n<h2>Cookies de terceros<\/h2>\n<p>Al visitar este sitio web, es posible que reciba cookies de sitios web gestionados por otras organizaciones (\u00abterceros\u00bb). Un ejemplo de esto es la presencia de \u00abplugins sociales\u00bb de Facebook, Twitter, Google+ o LinkedIn, as\u00ed como sistemas integrados para mostrar contenido multimedia como YouTube.<\/p>\n<p>Estas son partes generadas directamente por los sitios mencionados e integradas en la p\u00e1gina web del sitio que se visita. La presencia de estos plugins implica la transmisi\u00f3n de cookies desde y hacia todos los sitios gestionados por terceros. La gesti\u00f3n de la informaci\u00f3n recopilada por los \u00abterceros\u00bb est\u00e1 sujeta a sus respectivas pol\u00edticas de privacidad.<\/p>\n<p>La desactivaci\u00f3n de las cookies de terceros no afecta de ninguna manera la navegabilidad.<\/p>\n<p>Se pueden definir configuraciones espec\u00edficas para diferentes sitios web y aplicaciones web. Adem\u00e1s, los navegadores permiten configuraciones diferentes para las cookies \u00abpropias\u00bb y las de \u00abterceros\u00bb. La documentaci\u00f3n sobre c\u00f3mo configurar las reglas de gesti\u00f3n de cookies para su navegador est\u00e1 f\u00e1cilmente disponible en Internet.<\/p>\n<h2>Cookie utilizados por el sitio<\/h2>\n<p>Para garantizar una mayor transparencia, a continuaci\u00f3n se detallan las tecnolog\u00edas de seguimiento que utilizamos y los enlaces web a las diversas pol\u00edticas y m\u00e9todos de gesti\u00f3n de cookies:<\/p>\n<p><strong>Cookies t\u00e9cnicas (o necesarias)<\/strong> son herramientas de seguimiento estrictamente necesarias para garantizar el funcionamiento y la prestaci\u00f3n del servicio solicitado, por lo tanto, no requieren ning\u00fan consentimiento.<\/p>\n<ul>\n<li><strong>Google reCAPTCHA<\/strong>: una soluci\u00f3n para detectar bots y prevenir el spam al ingresar datos en los formularios del sitio. Las cookies se utilizan para identificar al usuario como un usuario dentro de los datos conocidos por Google y para estimar la malintenci\u00f3n del usuario. Estos datos recopilados pueden estar vinculados a datos de usuarios que hayan iniciado sesi\u00f3n en sus cuentas de Google en google.com o en una versi\u00f3n localizada de Google.<\/li>\n<\/ul>\n<p>Para obtener m\u00e1s informaci\u00f3n, consulte: <a href=\"https:\/\/policies.google.com\/privacy\">https:\/\/policies.google.com\/privacy<\/a><\/p>\n<ul>\n<li><strong>WordPress<\/strong>: un sistema de gesti\u00f3n de contenido que permite escribir comentarios en los art\u00edculos del blog y otros contenidos. La cookie almacena el nombre, la direcci\u00f3n de correo electr\u00f3nico y el sitio web de un comentarista para mostrarlos nuevamente si el comentarista desea escribir otro comentario en este sitio web.<\/li>\n<\/ul>\n<p>Para obtener m\u00e1s informaci\u00f3n, consulte: <a href=\"https:\/\/ils.simonemontanari.com\/privacy-policy\/\">https:\/\/ils.simonemontanari.com\/privacy-policy\/<\/a><\/p>\n<ul>\n<li><strong>WooCommerce<\/strong>: un software de comercio electr\u00f3nico que le permite comprar cursos y otros servicios en este sitio web. Las cookies se utilizan para recopilar elementos en un carrito de compras, para almacenar el carrito del usuario en la base de datos del sitio web, para almacenar los productos vistos recientemente y mostrarlos nuevamente, y para permitir que los usuarios ignoren los avisos en la tienda en l\u00ednea.<\/li>\n<\/ul>\n<p>Para obtener m\u00e1s informaci\u00f3n, consulte: <a href=\"https:\/\/ils.simonemontanari.com\/privacy-policy\/\">https:\/\/ils.simonemontanari.com\/privacy-policy\/<\/a><\/p>\n<p><strong>Las cookies funcionales<\/strong> son herramientas de seguimiento que permiten ofrecer una experiencia de usuario personalizada al mejorar la gesti\u00f3n de configuraciones y permitir la interacci\u00f3n con redes y plataformas externas.<\/p>\n<ul>\n<li><strong>Instagram<\/strong>: Permite incrustar contenido publicado en instagram.com directamente en sitios web. Las cookies se utilizan para recopilar informaci\u00f3n sobre los sitios web visitados y estad\u00edsticas detalladas sobre el comportamiento del usuario. Estos datos pueden estar vinculados a los datos de usuarios registrados en youtube.com y google.com o en versiones localizadas de estos servicios.<\/li>\n<\/ul>\n<p>Para obtener m\u00e1s informaci\u00f3n, consulta: <a href=\"https:\/\/help.instagram.com\/519522125107875\">https:\/\/help.instagram.com\/519522125107875<\/a><\/p>\n<ul>\n<li><strong>YouTube<\/strong>: Permite incrustar contenido publicado en youtube.com directamente en sitios web. Las cookies se utilizan para recopilar informaci\u00f3n sobre los sitios web visitados y estad\u00edsticas detalladas sobre el comportamiento del usuario. Estos datos pueden estar vinculados a los datos de usuarios registrados en youtube.com y google.com o en versiones localizadas de estos servicios.<\/li>\n<\/ul>\n<p>Para obtener m\u00e1s informaci\u00f3n, consulta: <a href=\"https:\/\/policies.google.com\/privacy\">https:\/\/policies.google.com\/privacy<\/a><\/p>\n<ul>\n<li><strong>Google Maps<\/strong>: Muestra mapas en el sitio web a trav\u00e9s de iframes o mediante JavaScript incrustado directamente como parte del sitio web. No se establecen cookies t\u00e9cnicamente necesarias en el cliente del usuario, pero se transmitir\u00e1n datos t\u00e9cnicos y personales, como la direcci\u00f3n IP, desde el cliente al servidor del proveedor de servicios para permitir el uso del servicio.<\/li>\n<\/ul>\n<p>Para obtener m\u00e1s informaci\u00f3n, consulta: <a href=\"https:\/\/policies.google.com\/privacy\">https:\/\/policies.google.com\/privacy<\/a><\/p>\n<p><strong>Las cookies estad\u00edsticas<\/strong> son herramientas de seguimiento que permiten medir el tr\u00e1fico y analizar el comportamiento del usuario con el objetivo de mejorar el servicio.<\/p>\n<ul>\n<li><strong>Google Analytics (GA4)<\/strong> es un servicio para crear estad\u00edsticas detalladas sobre el comportamiento de los usuarios en el sitio web. Las cookies se utilizan para diferenciar a los usuarios, almacenar informaci\u00f3n relacionada con la campa\u00f1a para y desde el usuario, y vincular los datos de m\u00faltiples vistas de p\u00e1gina.<\/li>\n<\/ul>\n<p>Para obtener m\u00e1s informaci\u00f3n, consulta: <a href=\"https:\/\/policies.google.com\/privacy\">https:\/\/policies.google.com\/privacy<\/a><\/p>\n<ul>\n<li><strong>Google Analytics<\/strong> es un servicio para crear estad\u00edsticas detalladas sobre el comportamiento de los usuarios en el sitio web. Las cookies se utilizan para diferenciar a los usuarios, limitar la frecuencia de las solicitudes, vincular el ID de cliente con el ID de cliente AMP del usuario, almacenar informaci\u00f3n relacionada con la campa\u00f1a para y desde el usuario, y vincular los datos de m\u00faltiples vistas de p\u00e1gina.<\/li>\n<\/ul>\n<p>Para obtener m\u00e1s informaci\u00f3n, consulta: <a href=\"https:\/\/policies.google.com\/privacy\">https:\/\/policies.google.com\/privacy<\/a><\/p>\n<p><strong>Las cookies de marketing<\/strong> son herramientas de seguimiento que permiten la visualizaci\u00f3n de contenido publicitario personalizado basado en el comportamiento del usuario espec\u00edfico, as\u00ed como gestionar, proporcionar y rastrear anuncios publicitarios.<\/p>\n<ul>\n<li><strong>Facebook Page Plugin<\/strong> muestra informaci\u00f3n sobre nuestra p\u00e1gina de fans de Facebook. Se utilizan cookies para recopilar Me gusta y tambi\u00e9n para rastrear los sitios web visitados. Estos datos pueden estar vinculados a los datos de usuarios registrados en facebook.com con sus cuentas de Facebook.<\/li>\n<\/ul>\n<p>Para obtener m\u00e1s informaci\u00f3n, consulta: <a href=\"https:\/\/www.facebook.com\/about\/privacy\">https:\/\/www.facebook.com\/about\/privacy<\/a><\/p>\n<ul>\n<li><strong>Facebook Pixel<\/strong> ayuda a determinar el p\u00fablico objetivo para la presentaci\u00f3n de anuncios dentro de la red publicitaria de Facebook. El p\u00edxel de Facebook tambi\u00e9n permite realizar un seguimiento de la efectividad de los anuncios de Facebook. Con la funci\u00f3n adicional de \u00abcoincidencia ampliada\u00bb, se utiliza informaci\u00f3n almacenada en la cuenta personal de Facebook del usuario, como direcciones de correo electr\u00f3nico o identificadores de Facebook, de forma cifrada para llegar al p\u00fablico objetivo. Se utilizan cookies para diferenciar a los usuarios y registrar detalladamente su comportamiento en el sitio web, y para vincular estos datos con datos publicitarios de la red publicitaria de Facebook. Estos datos pueden estar vinculados a los datos de usuarios registrados en facebook.com con sus cuentas de Facebook.<\/li>\n<\/ul>\n<p>Para obtener m\u00e1s informaci\u00f3n, consulta: <a href=\"https:\/\/www.facebook.com\/about\/privacy\">https:\/\/www.facebook.com\/about\/privacy<\/a><\/p>\n<ul>\n<li><strong>Hotjar<\/strong> es un servicio de an\u00e1lisis de comportamiento y recopilaci\u00f3n de comentarios de los usuarios. Crea mapas de calor y grabaciones de sesi\u00f3n del usuario en el sitio web, y realiza encuestas. Se utilizan cookies para identificar al usuario en m\u00faltiples subp\u00e1ginas, almacenar el estado de las encuestas, controlar la reproducci\u00f3n de las visualizaciones y vincular los datos recopilados durante las grabaciones de sesi\u00f3n.<\/li>\n<\/ul>\n<p>Para obtener m\u00e1s informaci\u00f3n, consulta: <a href=\"https:\/\/www.hotjar.com\/legal\/policies\/privacy\">https:\/\/www.hotjar.com\/legal\/policies\/privacy<\/a><\/p>\n<h2>La gesti\u00f3n de cookies<\/h2>\n<p>La gesti\u00f3n de cookies se puede realizar a trav\u00e9s de la configuraci\u00f3n del navegador del usuario. El usuario puede decidir si acepta o rechaza las cookies utilizando las opciones de su navegador.<\/p>\n<p>Es importante tener en cuenta que la desactivaci\u00f3n total o parcial de las cookies t\u00e9cnicas puede afectar al funcionamiento \u00f3ptimo del sitio web. Sin embargo, la desactivaci\u00f3n de las cookies de terceros no afecta a la navegabilidad de ninguna manera.<\/p>\n<p>Cada sitio web y aplicaci\u00f3n web puede tener una configuraci\u00f3n espec\u00edfica para la gesti\u00f3n de cookies. Adem\u00e1s, los navegadores permiten establecer configuraciones diferentes para las cookies \u00abpropias\u00bb y las cookies de \u00abterceros\u00bb.<\/p>\n<p>A continuaci\u00f3n, se proporcionan enlaces a los navegadores m\u00e1s utilizados, donde se pueden encontrar instrucciones sobre c\u00f3mo configurar las reglas de gesti\u00f3n de cookies a gusto del usuario:<\/p>\n<ul>\n<li><a href=\"https:\/\/support.google.com\/chrome\/answer\/95647?hl=it\" target=\"_blank\" rel=\"noopener\">Chrome<\/a><\/li>\n<li><a href=\"https:\/\/support.mozilla.org\/it\/kb\/Gestione%20dei%20cookie\" target=\"_blank\" rel=\"noopener\">FireFox<\/a><\/li>\n<li><a href=\"http:\/\/help.opera.com\/Windows\/10.00\/it\/cookies.html\" target=\"_blank\" rel=\"noopener\">Opera<\/a><\/li>\n<li><a href=\"http:\/\/support.apple.com\/kb\/HT1677?viewlocale=it_IT\" target=\"_blank\" rel=\"noopener\">Safari<\/a><\/li>\n<li><a href=\"https:\/\/support.microsoft.com\/it-it\/microsoft-edge\/eliminare-i-cookie-in-microsoft-edge-63947406-40ac-c3b8-57b9-2a946a29ae09#:~:text=Apri%20Microsoft%20Edge%20and%20seleziona,del%20sito%2C%20quindi%20Cancella%20ora.\" target=\"_blank\" rel=\"noopener\">Edge<\/a><\/li>\n<\/ul>\n","protected":false},"excerpt":{"rendered":"<p>Para garantizar el correcto funcionamiento de los procedimientos y mejorar la experiencia del usuario, este sitio web utiliza cookies t\u00e9cnicas y de \u00abterceros\u00bb. Definici\u00f3n y duraci\u00f3n de las cookies Las cookies son peque\u00f1as cantidades de informaci\u00f3n almacenadas en un archivo de texto que los sitios web visitados por el usuario env\u00edan a sus dispositivos, generalmente [&hellip;]<\/p>\n","protected":false},"author":1788,"featured_media":0,"parent":0,"menu_order":0,"comment_status":"closed","ping_status":"closed","template":"","meta":{"_acf_changed":false,"footnotes":""},"class_list":["post-6275","page","type-page","status-publish","hentry"],"acf":[],"_links":{"self":[{"href":"https:\/\/ils.simonemontanari.com\/es\/wp-json\/wp\/v2\/pages\/6275","targetHints":{"allow":["GET"]}}],"collection":[{"href":"https:\/\/ils.simonemontanari.com\/es\/wp-json\/wp\/v2\/pages"}],"about":[{"href":"https:\/\/ils.simonemontanari.com\/es\/wp-json\/wp\/v2\/types\/page"}],"author":[{"embeddable":true,"href":"https:\/\/ils.simonemontanari.com\/es\/wp-json\/wp\/v2\/users\/1788"}],"replies":[{"embeddable":true,"href":"https:\/\/ils.simonemontanari.com\/es\/wp-json\/wp\/v2\/comments?post=6275"}],"version-history":[{"count":0,"href":"https:\/\/ils.simonemontanari.com\/es\/wp-json\/wp\/v2\/pages\/6275\/revisions"}],"wp:attachment":[{"href":"https:\/\/ils.simonemontanari.com\/es\/wp-json\/wp\/v2\/media?parent=6275"}],"curies":[{"name":"wp","href":"https:\/\/api.w.org\/{rel}","templated":true}]}}